{"id":23033,"date":"2025-11-18T03:22:44","date_gmt":"2025-11-18T03:22:44","guid":{"rendered":"https:\/\/www.gastac.com\/?post_type=product&#038;p=23033"},"modified":"2025-11-18T03:22:45","modified_gmt":"2025-11-18T03:22:45","slug":"mola-a-gas-porta-malas","status":"publish","type":"product","link":"https:\/\/www.gastac.com\/pt-br\/produto\/mola-a-gas-porta-malas\/","title":{"rendered":"Mola a gas porta malas"},"content":{"rendered":"<p><strong>Mola a gas porta malas<\/strong><\/p>\n<p>&nbsp;<\/p>\n<p>MOLA A G\u00c1S PORTA MALAS VW GOL G3 1.0 \/ 1.6 \/ 8V \/ 16V (1994-1999)<\/p>\n<p>&nbsp;<\/p>\n<ul>\n<li>Aplica\u00e7\u00e3o da Volkswagen:<\/li>\n<\/ul>\n<p><img decoding=\"async\" class=\"lazyload aligncenter\" src=\"data:image\/gif;base64,R0lGODlhAQABAAAAACH5BAEKAAEALAAAAAABAAEAAAICTAEAOw==\" data-orig-src=\"https:\/\/www.gastac.com\/wp-content\/uploads\/2023\/08\/mola-a-gas-porta-malas-5-600x565.png\" alt=\"Mola a gas porta malas \" \/><br \/>\n&gt; Gol 1.0 i 2P \u2013 Bola 1995, 1996, 1997<\/p>\n<p>&gt; Gol 1.0 Mi 2P \u2013 Bola 1996, 1997, 1998, 1999<\/p>\n<p>&gt; Gol 1.6 i Frotista 2P \u2013 Bola 1996<\/p>\n<p>&gt; Gol 1.6 Mi Frotista 2P \u2013 Bola 1996, 1997, 1998<\/p>\n<p>&gt; Gol 16V 1.0 Mi 2P \u2013 Bola 1997, 1998, 1999<\/p>\n<p>&gt; Gol Atlanta 1.6 i 2P \u2013 Bola 1996<\/p>\n<p>&gt; Gol Atlanta 1.8 i 2P \u2013 Bola 1996<\/p>\n<p>&gt; Gol CL 1.6 Mi 2P \u2013 Bola 1996, 1997, 1998, 1999<\/p>\n<p>&gt; Gol CL 1.8 Mi 2P \u2013 Bola 1996, 1997, 1998<\/p>\n<p>&gt; Gol Furg\u00e3o 1.0 Mi 2P \u2013 Bola 1998<\/p>\n<p>&gt; Gol Furg\u00e3o 1.6 Mi 2P \u2013 Bola 1997, 1998<\/p>\n<p>&gt; Gol GL 1.6 Mi 2P \u2013 Bola 1997<\/p>\n<p>&gt; Gol GL 1.8 Mi 2P \u2013 Bola 1996, 1997, 1998<\/p>\n<p>&gt; Gol Plus 1.0 Mi 2P \u2013 Bola 1996, 1997, 1998<\/p>\n<p>&gt; Gol Plus 16V 1.0 Mi 2P \u2013 Bola 1997, 1998<\/p>\n<p>&gt; Gol Rolling Stones 1.6 i 2P \u2013 Bola 1995<\/p>\n<p>&gt; Gol Special 1.0 Mi 2P \u2013 Bola 1998, 1999, 2000, 2001, 2002, 2003, 2004, 2005<\/p>\n<p>&gt; Gol Star 1.6 Mi 2P \u2013 Bola 1997, 1998<\/p>\n<p>&gt; Gol TSi 1.8 2P \u2013 Bola 1995, 1996<\/p>\n<p>&gt; Gol TSi 1.8 Mi 2P \u2013 Bola 1996, 1997<\/p>\n<p>&gt; Gol TSi 2.0 Mi 2P \u2013 Bola 1997, 1998<\/p>\n<ul>\n<li>Comprimento aberto: 54 cm<\/li>\n<li>Comprimento fechado: 33 cm<\/li>\n<li>For\u00e7a de expans\u00e3o: 30 Kg<\/li>\n<li>Marca: Tiger<\/li>\n<li>C\u00f3digo Original: TG1201.016<\/li>\n<\/ul>\n<p><strong>Aplica\u00e7\u00e3o de mola a g\u00e1s<\/strong><br \/>\n<img decoding=\"async\" class=\"lazyload \" src=\"data:image\/svg+xml,%3Csvg%20xmlns%3D%27http%3A%2F%2Fwww.w3.org%2F2000%2Fsvg%27%20width%3D%27366%27%20height%3D%27366%27%20viewBox%3D%270%200%20366%20366%27%3E%3Crect%20width%3D%27366%27%20height%3D%27366%27%20fill-opacity%3D%220%22%2F%3E%3C%2Fsvg%3E\" data-orig-src=\"https:\/\/www.gastac.com\/wp-content\/uploads\/2023\/08\/mola-a-gas-porta-malas-3.png\" alt=\"Mola a gas porta malas \" width=\"366\" height=\"366\" \/><img decoding=\"async\" class=\"lazyload \" src=\"data:image\/svg+xml,%3Csvg%20xmlns%3D%27http%3A%2F%2Fwww.w3.org%2F2000%2Fsvg%27%20width%3D%27363%27%20height%3D%27363%27%20viewBox%3D%270%200%20363%20363%27%3E%3Crect%20width%3D%27363%27%20height%3D%27363%27%20fill-opacity%3D%220%22%2F%3E%3C%2Fsvg%3E\" data-orig-src=\"https:\/\/www.gastac.com\/wp-content\/uploads\/2023\/08\/mola-a-gas-porta-malas-4.png\" alt=\"Mola a gas porta malas \" width=\"363\" height=\"363\" \/><\/p>\n","protected":false},"excerpt":{"rendered":"<p>Mola a gas porta malas &nbsp; MOLA A G\u00c1S PORTA MALAS VW GOL G3 1.0 \/ 1.6 \/ 8V \/  [&#8230;]<\/p>\n","protected":false},"featured_media":23040,"comment_status":"open","ping_status":"closed","template":"","meta":[],"product_brand":[],"product_cat":[112],"product_tag":[],"class_list":{"0":"post-23033","1":"product","2":"type-product","3":"status-publish","4":"has-post-thumbnail","6":"product_cat-sem-categoria","8":"first","9":"instock","10":"shipping-taxable","11":"product-type-simple"},"yoast_head":"<!-- This site is optimized with the Yoast SEO Premium plugin v26.2 (Yoast SEO v27.4) - https:\/\/yoast.com\/product\/yoast-seo-premium-wordpress\/ -->\n<title>Mola a gas porta malas | Gastac Gas Spring<\/title>\n<meta name=\"robots\" content=\"index, follow, max-snippet:-1, max-image-preview:large, max-video-preview:-1\" \/>\n<link rel=\"canonical\" href=\"https:\/\/www.gastac.com\/pt-br\/produto\/mola-a-gas-porta-malas\/\" \/>\n<meta property=\"og:locale\" content=\"pt_BR\" \/>\n<meta property=\"og:type\" content=\"article\" \/>\n<meta property=\"og:title\" content=\"Mola a gas porta malas\" \/>\n<meta property=\"og:description\" content=\"Mola a gas porta malas &nbsp; MOLA A G\u00c1S PORTA MALAS VW GOL G3 1.0 \/ 1.6 \/ 8V \/ [...]\" \/>\n<meta property=\"og:url\" content=\"https:\/\/www.gastac.com\/pt-br\/produto\/mola-a-gas-porta-malas\/\" \/>\n<meta property=\"og:site_name\" content=\"Gastac Gas Spring\" \/>\n<meta property=\"article:publisher\" content=\"https:\/\/www.facebook.com\/profile.php?id=100092358464608\" \/>\n<meta property=\"article:modified_time\" content=\"2025-11-18T03:22:45+00:00\" \/>\n<meta property=\"og:image\" content=\"https:\/\/www.gastac.com\/wp-content\/uploads\/2025\/11\/mola-a-gas-porta-malas-3.webp\" \/>\n\t<meta property=\"og:image:width\" content=\"600\" \/>\n\t<meta property=\"og:image:height\" content=\"600\" \/>\n\t<meta property=\"og:image:type\" content=\"image\/webp\" \/>\n<meta name=\"twitter:card\" content=\"summary_large_image\" \/>\n<meta name=\"twitter:label1\" content=\"Est. tempo de leitura\" \/>\n\t<meta name=\"twitter:data1\" content=\"1 minuto\" \/>\n<script type=\"application\/ld+json\" class=\"yoast-schema-graph\">{\"@context\":\"https:\\\/\\\/schema.org\",\"@graph\":[{\"@type\":\"WebPage\",\"@id\":\"https:\\\/\\\/www.gastac.com\\\/pt-br\\\/produto\\\/mola-a-gas-porta-malas\\\/\",\"url\":\"https:\\\/\\\/www.gastac.com\\\/pt-br\\\/produto\\\/mola-a-gas-porta-malas\\\/\",\"name\":\"Mola a gas porta malas | Gastac Gas Spring\",\"isPartOf\":{\"@id\":\"https:\\\/\\\/www.gastac.com\\\/pt-br\\\/#website\"},\"primaryImageOfPage\":{\"@id\":\"https:\\\/\\\/www.gastac.com\\\/pt-br\\\/produto\\\/mola-a-gas-porta-malas\\\/#primaryimage\"},\"image\":{\"@id\":\"https:\\\/\\\/www.gastac.com\\\/pt-br\\\/produto\\\/mola-a-gas-porta-malas\\\/#primaryimage\"},\"thumbnailUrl\":\"https:\\\/\\\/www.gastac.com\\\/wp-content\\\/uploads\\\/2025\\\/11\\\/mola-a-gas-porta-malas-3.webp\",\"datePublished\":\"2025-11-18T03:22:44+00:00\",\"dateModified\":\"2025-11-18T03:22:45+00:00\",\"breadcrumb\":{\"@id\":\"https:\\\/\\\/www.gastac.com\\\/pt-br\\\/produto\\\/mola-a-gas-porta-malas\\\/#breadcrumb\"},\"inLanguage\":\"pt-BR\",\"potentialAction\":[{\"@type\":\"ReadAction\",\"target\":[\"https:\\\/\\\/www.gastac.com\\\/pt-br\\\/produto\\\/mola-a-gas-porta-malas\\\/\"]}]},{\"@type\":\"ImageObject\",\"inLanguage\":\"pt-BR\",\"@id\":\"https:\\\/\\\/www.gastac.com\\\/pt-br\\\/produto\\\/mola-a-gas-porta-malas\\\/#primaryimage\",\"url\":\"https:\\\/\\\/www.gastac.com\\\/wp-content\\\/uploads\\\/2025\\\/11\\\/mola-a-gas-porta-malas-3.webp\",\"contentUrl\":\"https:\\\/\\\/www.gastac.com\\\/wp-content\\\/uploads\\\/2025\\\/11\\\/mola-a-gas-porta-malas-3.webp\",\"width\":600,\"height\":600,\"caption\":\"mola a gas porta malas 3\"},{\"@type\":\"BreadcrumbList\",\"@id\":\"https:\\\/\\\/www.gastac.com\\\/pt-br\\\/produto\\\/mola-a-gas-porta-malas\\\/#breadcrumb\",\"itemListElement\":[{\"@type\":\"ListItem\",\"position\":1,\"name\":\"Home\",\"item\":\"https:\\\/\\\/www.gastac.com\\\/pt-br\\\/\"},{\"@type\":\"ListItem\",\"position\":2,\"name\":\"products\",\"item\":\"https:\\\/\\\/www.gastac.com\\\/pt-br\\\/products\\\/\"},{\"@type\":\"ListItem\",\"position\":3,\"name\":\"Sem categoria\",\"item\":\"https:\\\/\\\/www.gastac.com\\\/pt-br\\\/product-category\\\/sem-categoria\\\/\"},{\"@type\":\"ListItem\",\"position\":4,\"name\":\"Mola a gas porta malas\"}]},{\"@type\":\"WebSite\",\"@id\":\"https:\\\/\\\/www.gastac.com\\\/pt-br\\\/#website\",\"url\":\"https:\\\/\\\/www.gastac.com\\\/pt-br\\\/\",\"name\":\"Gastac Gas Spring\",\"description\":\"China\u2019s Leading Gas Springs &amp; Struts Manufacturer\",\"publisher\":{\"@id\":\"https:\\\/\\\/www.gastac.com\\\/pt-br\\\/#organization\"},\"potentialAction\":[{\"@type\":\"SearchAction\",\"target\":{\"@type\":\"EntryPoint\",\"urlTemplate\":\"https:\\\/\\\/www.gastac.com\\\/pt-br\\\/?s={search_term_string}\"},\"query-input\":{\"@type\":\"PropertyValueSpecification\",\"valueRequired\":true,\"valueName\":\"search_term_string\"}}],\"inLanguage\":\"pt-BR\"},{\"@type\":\"Organization\",\"@id\":\"https:\\\/\\\/www.gastac.com\\\/pt-br\\\/#organization\",\"name\":\"Ningbo Gastac Gas Spring Co.,Ltd\",\"url\":\"https:\\\/\\\/www.gastac.com\\\/pt-br\\\/\",\"logo\":{\"@type\":\"ImageObject\",\"inLanguage\":\"pt-BR\",\"@id\":\"https:\\\/\\\/www.gastac.com\\\/pt-br\\\/#\\\/schema\\\/logo\\\/image\\\/\",\"url\":\"https:\\\/\\\/www.gastac.com\\\/wp-content\\\/uploads\\\/2025\\\/09\\\/LOGO\u672c\u8272-\u9ed1.webp\",\"contentUrl\":\"https:\\\/\\\/www.gastac.com\\\/wp-content\\\/uploads\\\/2025\\\/09\\\/LOGO\u672c\u8272-\u9ed1.webp\",\"width\":1920,\"height\":1080,\"caption\":\"Ningbo Gastac Gas Spring Co.,Ltd\"},\"image\":{\"@id\":\"https:\\\/\\\/www.gastac.com\\\/pt-br\\\/#\\\/schema\\\/logo\\\/image\\\/\"},\"sameAs\":[\"https:\\\/\\\/www.facebook.com\\\/profile.php?id=100092358464608\",\"https:\\\/\\\/www.youtube.com\\\/@Gastac-Gas-Spring\",\"https:\\\/\\\/www.linkedin.com\\\/in\\\/gastac-gas-spring\\\/\",\"https:\\\/\\\/www.instagram.com\\\/gastacgasspring\\\/\"]}]}<\/script>\n<!-- \/ Yoast SEO Premium plugin. -->","yoast_head_json":{"title":"Mola a gas porta malas | Gastac Gas Spring","robots":{"index":"index","follow":"follow","max-snippet":"max-snippet:-1","max-image-preview":"max-image-preview:large","max-video-preview":"max-video-preview:-1"},"canonical":"https:\/\/www.gastac.com\/pt-br\/produto\/mola-a-gas-porta-malas\/","og_locale":"pt_BR","og_type":"article","og_title":"Mola a gas porta malas","og_description":"Mola a gas porta malas &nbsp; MOLA A G\u00c1S PORTA MALAS VW GOL G3 1.0 \/ 1.6 \/ 8V \/ [...]","og_url":"https:\/\/www.gastac.com\/pt-br\/produto\/mola-a-gas-porta-malas\/","og_site_name":"Gastac Gas Spring","article_publisher":"https:\/\/www.facebook.com\/profile.php?id=100092358464608","article_modified_time":"2025-11-18T03:22:45+00:00","og_image":[{"width":600,"height":600,"url":"https:\/\/www.gastac.com\/wp-content\/uploads\/2025\/11\/mola-a-gas-porta-malas-3.webp","type":"image\/webp"}],"twitter_card":"summary_large_image","twitter_misc":{"Est. tempo de leitura":"1 minuto"},"schema":{"@context":"https:\/\/schema.org","@graph":[{"@type":"WebPage","@id":"https:\/\/www.gastac.com\/pt-br\/produto\/mola-a-gas-porta-malas\/","url":"https:\/\/www.gastac.com\/pt-br\/produto\/mola-a-gas-porta-malas\/","name":"Mola a gas porta malas | Gastac Gas Spring","isPartOf":{"@id":"https:\/\/www.gastac.com\/pt-br\/#website"},"primaryImageOfPage":{"@id":"https:\/\/www.gastac.com\/pt-br\/produto\/mola-a-gas-porta-malas\/#primaryimage"},"image":{"@id":"https:\/\/www.gastac.com\/pt-br\/produto\/mola-a-gas-porta-malas\/#primaryimage"},"thumbnailUrl":"https:\/\/www.gastac.com\/wp-content\/uploads\/2025\/11\/mola-a-gas-porta-malas-3.webp","datePublished":"2025-11-18T03:22:44+00:00","dateModified":"2025-11-18T03:22:45+00:00","breadcrumb":{"@id":"https:\/\/www.gastac.com\/pt-br\/produto\/mola-a-gas-porta-malas\/#breadcrumb"},"inLanguage":"pt-BR","potentialAction":[{"@type":"ReadAction","target":["https:\/\/www.gastac.com\/pt-br\/produto\/mola-a-gas-porta-malas\/"]}]},{"@type":"ImageObject","inLanguage":"pt-BR","@id":"https:\/\/www.gastac.com\/pt-br\/produto\/mola-a-gas-porta-malas\/#primaryimage","url":"https:\/\/www.gastac.com\/wp-content\/uploads\/2025\/11\/mola-a-gas-porta-malas-3.webp","contentUrl":"https:\/\/www.gastac.com\/wp-content\/uploads\/2025\/11\/mola-a-gas-porta-malas-3.webp","width":600,"height":600,"caption":"mola a gas porta malas 3"},{"@type":"BreadcrumbList","@id":"https:\/\/www.gastac.com\/pt-br\/produto\/mola-a-gas-porta-malas\/#breadcrumb","itemListElement":[{"@type":"ListItem","position":1,"name":"Home","item":"https:\/\/www.gastac.com\/pt-br\/"},{"@type":"ListItem","position":2,"name":"products","item":"https:\/\/www.gastac.com\/pt-br\/products\/"},{"@type":"ListItem","position":3,"name":"Sem categoria","item":"https:\/\/www.gastac.com\/pt-br\/product-category\/sem-categoria\/"},{"@type":"ListItem","position":4,"name":"Mola a gas porta malas"}]},{"@type":"WebSite","@id":"https:\/\/www.gastac.com\/pt-br\/#website","url":"https:\/\/www.gastac.com\/pt-br\/","name":"Gastac Gas Spring","description":"China\u2019s Leading Gas Springs &amp; Struts Manufacturer","publisher":{"@id":"https:\/\/www.gastac.com\/pt-br\/#organization"},"potentialAction":[{"@type":"SearchAction","target":{"@type":"EntryPoint","urlTemplate":"https:\/\/www.gastac.com\/pt-br\/?s={search_term_string}"},"query-input":{"@type":"PropertyValueSpecification","valueRequired":true,"valueName":"search_term_string"}}],"inLanguage":"pt-BR"},{"@type":"Organization","@id":"https:\/\/www.gastac.com\/pt-br\/#organization","name":"Ningbo Gastac Gas Spring Co.,Ltd","url":"https:\/\/www.gastac.com\/pt-br\/","logo":{"@type":"ImageObject","inLanguage":"pt-BR","@id":"https:\/\/www.gastac.com\/pt-br\/#\/schema\/logo\/image\/","url":"https:\/\/www.gastac.com\/wp-content\/uploads\/2025\/09\/LOGO\u672c\u8272-\u9ed1.webp","contentUrl":"https:\/\/www.gastac.com\/wp-content\/uploads\/2025\/09\/LOGO\u672c\u8272-\u9ed1.webp","width":1920,"height":1080,"caption":"Ningbo Gastac Gas Spring Co.,Ltd"},"image":{"@id":"https:\/\/www.gastac.com\/pt-br\/#\/schema\/logo\/image\/"},"sameAs":["https:\/\/www.facebook.com\/profile.php?id=100092358464608","https:\/\/www.youtube.com\/@Gastac-Gas-Spring","https:\/\/www.linkedin.com\/in\/gastac-gas-spring\/","https:\/\/www.instagram.com\/gastacgasspring\/"]}]}},"_links":{"self":[{"href":"https:\/\/www.gastac.com\/pt-br\/wp-json\/wp\/v2\/product\/23033","targetHints":{"allow":["GET"]}}],"collection":[{"href":"https:\/\/www.gastac.com\/pt-br\/wp-json\/wp\/v2\/product"}],"about":[{"href":"https:\/\/www.gastac.com\/pt-br\/wp-json\/wp\/v2\/types\/product"}],"replies":[{"embeddable":true,"href":"https:\/\/www.gastac.com\/pt-br\/wp-json\/wp\/v2\/comments?post=23033"}],"wp:featuredmedia":[{"embeddable":true,"href":"https:\/\/www.gastac.com\/pt-br\/wp-json\/wp\/v2\/media\/23040"}],"wp:attachment":[{"href":"https:\/\/www.gastac.com\/pt-br\/wp-json\/wp\/v2\/media?parent=23033"}],"wp:term":[{"taxonomy":"product_brand","embeddable":true,"href":"https:\/\/www.gastac.com\/pt-br\/wp-json\/wp\/v2\/product_brand?post=23033"},{"taxonomy":"product_cat","embeddable":true,"href":"https:\/\/www.gastac.com\/pt-br\/wp-json\/wp\/v2\/product_cat?post=23033"},{"taxonomy":"product_tag","embeddable":true,"href":"https:\/\/www.gastac.com\/pt-br\/wp-json\/wp\/v2\/product_tag?post=23033"}],"curies":[{"name":"wp","href":"https:\/\/api.w.org\/{rel}","templated":true}]}}