{"id":23025,"date":"2025-11-18T03:15:49","date_gmt":"2025-11-18T03:15:49","guid":{"rendered":"https:\/\/www.gastac.com\/?post_type=product&#038;p=23025"},"modified":"2025-11-18T03:15:50","modified_gmt":"2025-11-18T03:15:50","slug":"amortecedor-a-gas-porta-malas","status":"publish","type":"product","link":"https:\/\/www.gastac.com\/pt-br\/produto\/amortecedor-a-gas-porta-malas\/","title":{"rendered":"Amortecedor A Gas Porta Malas"},"content":{"rendered":"<p><strong>Amortecedor a gas porta malas<\/strong><\/p>\n<p>AMORTECEDOR DA TAMPA TRASEIRA PORTA MALAS A G\u00c1S LAND ROVER RANGE ROVER L322 3.6\/4.2\/4.4\/5.0 32V V8\/TDV8 GASOLINA\/DIESEL 2002 A 2012<\/p>\n<p>DESCRI\u00c7\u00c3O GERAL<\/p>\n<p>COMPAT\u00cdVEL COM OS MODELOS:<\/p>\n<p>LAND ROVER:<\/p>\n<p>RANGE ROVER L322 4.2 32V V8 GASOLINA 2002 A 2012<\/p>\n<p>RANGE ROVER L322 4.4 32V V8 GASOLINA 2002 A 2012<\/p>\n<p>RANGE ROVER L322 5.0 32V V8 GASOLINA 2002 A 2012<\/p>\n<p>RANGE ROVER L322 3.6 32V TDV8 DIESEL 2006 A 2010<\/p>\n<p>RANGE ROVER L322 4.4 32V TDV8 DIESEL 2010 A 2012<\/p>\n<p>&nbsp;<\/p>\n<p>COMPAT\u00cdVEL COM OS MOTORES: ***4.4 32V V8 GASOLINA***<\/p>\n<p>DESCRI\u00c7\u00c3O DO PRODUTO:<\/p>\n<p>AMORTECEDOR DA TAMPA TRASEIRA PORTA MALAS A G\u00c1S<\/p>\n<p>Marca\uff1aGASTAC<\/p>\n<p>Di\u00e2metro do Pist\u00e3o: 8 mm<\/p>\n<p>Di\u00e2metro do Tupo: 18 mm<\/p>\n<p>Comprimento: 514 mm<\/p>\n<p>Curso: 220 mm<\/p>\n<p>C\u00d3DIGO LAND ROVER: BHE760020<\/p>\n<p><strong>Aplica\u00e7\u00e3o de mola a g\u00e1s:<\/strong><br \/>\n<img decoding=\"async\" class=\"lazyload \" src=\"data:image\/svg+xml,%3Csvg%20xmlns%3D%27http%3A%2F%2Fwww.w3.org%2F2000%2Fsvg%27%20width%3D%27325%27%20height%3D%27325%27%20viewBox%3D%270%200%20325%20325%27%3E%3Crect%20width%3D%27325%27%20height%3D%27325%27%20fill-opacity%3D%220%22%2F%3E%3C%2Fsvg%3E\" data-orig-src=\"https:\/\/www.gastac.com\/wp-content\/uploads\/2023\/08\/amortecedor-a-gas-porta-malas.jpg\" alt=\"Amortecedor a gas porta malas \" width=\"325\" height=\"325\" \/><img decoding=\"async\" class=\"lazyload \" src=\"data:image\/svg+xml,%3Csvg%20xmlns%3D%27http%3A%2F%2Fwww.w3.org%2F2000%2Fsvg%27%20width%3D%27323%27%20height%3D%27323%27%20viewBox%3D%270%200%20323%20323%27%3E%3Crect%20width%3D%27323%27%20height%3D%27323%27%20fill-opacity%3D%220%22%2F%3E%3C%2Fsvg%3E\" data-orig-src=\"https:\/\/www.gastac.com\/wp-content\/uploads\/2023\/08\/amortecedor-a-gas-porta-malas-2.jpg\" alt=\"Amortecedor a gas porta malas \" width=\"323\" height=\"323\" \/><\/p>\n","protected":false},"excerpt":{"rendered":"<p>Amortecedor a gas porta malas AMORTECEDOR DA TAMPA TRASEIRA PORTA MALAS A G\u00c1S LAND ROVER RANGE ROVER L322 3.6\/4.2\/4.4\/5.0 32V  [&#8230;]<\/p>\n","protected":false},"featured_media":23026,"comment_status":"open","ping_status":"closed","template":"","meta":[],"product_brand":[],"product_cat":[112],"product_tag":[],"class_list":{"0":"post-23025","1":"product","2":"type-product","3":"status-publish","4":"has-post-thumbnail","6":"product_cat-sem-categoria","8":"first","9":"instock","10":"shipping-taxable","11":"product-type-simple"},"yoast_head":"<!-- This site is optimized with the Yoast SEO Premium plugin v26.2 (Yoast SEO v27.4) - https:\/\/yoast.com\/product\/yoast-seo-premium-wordpress\/ -->\n<title>Amortecedor A Gas Porta Malas | Gastac Gas Spring<\/title>\n<meta name=\"robots\" content=\"index, follow, max-snippet:-1, max-image-preview:large, max-video-preview:-1\" \/>\n<link rel=\"canonical\" href=\"https:\/\/www.gastac.com\/pt-br\/produto\/amortecedor-a-gas-porta-malas\/\" \/>\n<meta property=\"og:locale\" content=\"pt_BR\" \/>\n<meta property=\"og:type\" content=\"article\" \/>\n<meta property=\"og:title\" content=\"Amortecedor A Gas Porta Malas\" \/>\n<meta property=\"og:description\" content=\"Amortecedor a gas porta malas AMORTECEDOR DA TAMPA TRASEIRA PORTA MALAS A G\u00c1S LAND ROVER RANGE ROVER L322 3.6\/4.2\/4.4\/5.0 32V [...]\" \/>\n<meta property=\"og:url\" content=\"https:\/\/www.gastac.com\/pt-br\/produto\/amortecedor-a-gas-porta-malas\/\" \/>\n<meta property=\"og:site_name\" content=\"Gastac Gas Spring\" \/>\n<meta property=\"article:publisher\" content=\"https:\/\/www.facebook.com\/profile.php?id=100092358464608\" \/>\n<meta property=\"article:modified_time\" content=\"2025-11-18T03:15:50+00:00\" \/>\n<meta property=\"og:image\" content=\"https:\/\/www.gastac.com\/wp-content\/uploads\/2025\/11\/amortecedor-a-gas-porta-malas-2.webp\" \/>\n\t<meta property=\"og:image:width\" content=\"600\" \/>\n\t<meta property=\"og:image:height\" content=\"600\" \/>\n\t<meta property=\"og:image:type\" content=\"image\/webp\" \/>\n<meta name=\"twitter:card\" content=\"summary_large_image\" \/>\n<meta name=\"twitter:label1\" content=\"Est. tempo de leitura\" \/>\n\t<meta name=\"twitter:data1\" content=\"1 minuto\" \/>\n<script type=\"application\/ld+json\" class=\"yoast-schema-graph\">{\"@context\":\"https:\\\/\\\/schema.org\",\"@graph\":[{\"@type\":\"WebPage\",\"@id\":\"https:\\\/\\\/www.gastac.com\\\/pt-br\\\/produto\\\/amortecedor-a-gas-porta-malas\\\/\",\"url\":\"https:\\\/\\\/www.gastac.com\\\/pt-br\\\/produto\\\/amortecedor-a-gas-porta-malas\\\/\",\"name\":\"Amortecedor A Gas Porta Malas | Gastac Gas Spring\",\"isPartOf\":{\"@id\":\"https:\\\/\\\/www.gastac.com\\\/pt-br\\\/#website\"},\"primaryImageOfPage\":{\"@id\":\"https:\\\/\\\/www.gastac.com\\\/pt-br\\\/produto\\\/amortecedor-a-gas-porta-malas\\\/#primaryimage\"},\"image\":{\"@id\":\"https:\\\/\\\/www.gastac.com\\\/pt-br\\\/produto\\\/amortecedor-a-gas-porta-malas\\\/#primaryimage\"},\"thumbnailUrl\":\"https:\\\/\\\/www.gastac.com\\\/wp-content\\\/uploads\\\/2025\\\/11\\\/amortecedor-a-gas-porta-malas-2.webp\",\"datePublished\":\"2025-11-18T03:15:49+00:00\",\"dateModified\":\"2025-11-18T03:15:50+00:00\",\"breadcrumb\":{\"@id\":\"https:\\\/\\\/www.gastac.com\\\/pt-br\\\/produto\\\/amortecedor-a-gas-porta-malas\\\/#breadcrumb\"},\"inLanguage\":\"pt-BR\",\"potentialAction\":[{\"@type\":\"ReadAction\",\"target\":[\"https:\\\/\\\/www.gastac.com\\\/pt-br\\\/produto\\\/amortecedor-a-gas-porta-malas\\\/\"]}]},{\"@type\":\"ImageObject\",\"inLanguage\":\"pt-BR\",\"@id\":\"https:\\\/\\\/www.gastac.com\\\/pt-br\\\/produto\\\/amortecedor-a-gas-porta-malas\\\/#primaryimage\",\"url\":\"https:\\\/\\\/www.gastac.com\\\/wp-content\\\/uploads\\\/2025\\\/11\\\/amortecedor-a-gas-porta-malas-2.webp\",\"contentUrl\":\"https:\\\/\\\/www.gastac.com\\\/wp-content\\\/uploads\\\/2025\\\/11\\\/amortecedor-a-gas-porta-malas-2.webp\",\"width\":600,\"height\":600,\"caption\":\"amortecedor a gas porta malas 2\"},{\"@type\":\"BreadcrumbList\",\"@id\":\"https:\\\/\\\/www.gastac.com\\\/pt-br\\\/produto\\\/amortecedor-a-gas-porta-malas\\\/#breadcrumb\",\"itemListElement\":[{\"@type\":\"ListItem\",\"position\":1,\"name\":\"Home\",\"item\":\"https:\\\/\\\/www.gastac.com\\\/pt-br\\\/\"},{\"@type\":\"ListItem\",\"position\":2,\"name\":\"products\",\"item\":\"https:\\\/\\\/www.gastac.com\\\/pt-br\\\/products\\\/\"},{\"@type\":\"ListItem\",\"position\":3,\"name\":\"Sem categoria\",\"item\":\"https:\\\/\\\/www.gastac.com\\\/pt-br\\\/product-category\\\/sem-categoria\\\/\"},{\"@type\":\"ListItem\",\"position\":4,\"name\":\"Amortecedor A Gas Porta Malas\"}]},{\"@type\":\"WebSite\",\"@id\":\"https:\\\/\\\/www.gastac.com\\\/pt-br\\\/#website\",\"url\":\"https:\\\/\\\/www.gastac.com\\\/pt-br\\\/\",\"name\":\"Gastac Gas Spring\",\"description\":\"China\u2019s Leading Gas Springs &amp; Struts Manufacturer\",\"publisher\":{\"@id\":\"https:\\\/\\\/www.gastac.com\\\/pt-br\\\/#organization\"},\"potentialAction\":[{\"@type\":\"SearchAction\",\"target\":{\"@type\":\"EntryPoint\",\"urlTemplate\":\"https:\\\/\\\/www.gastac.com\\\/pt-br\\\/?s={search_term_string}\"},\"query-input\":{\"@type\":\"PropertyValueSpecification\",\"valueRequired\":true,\"valueName\":\"search_term_string\"}}],\"inLanguage\":\"pt-BR\"},{\"@type\":\"Organization\",\"@id\":\"https:\\\/\\\/www.gastac.com\\\/pt-br\\\/#organization\",\"name\":\"Ningbo Gastac Gas Spring Co.,Ltd\",\"url\":\"https:\\\/\\\/www.gastac.com\\\/pt-br\\\/\",\"logo\":{\"@type\":\"ImageObject\",\"inLanguage\":\"pt-BR\",\"@id\":\"https:\\\/\\\/www.gastac.com\\\/pt-br\\\/#\\\/schema\\\/logo\\\/image\\\/\",\"url\":\"https:\\\/\\\/www.gastac.com\\\/wp-content\\\/uploads\\\/2025\\\/09\\\/LOGO\u672c\u8272-\u9ed1.webp\",\"contentUrl\":\"https:\\\/\\\/www.gastac.com\\\/wp-content\\\/uploads\\\/2025\\\/09\\\/LOGO\u672c\u8272-\u9ed1.webp\",\"width\":1920,\"height\":1080,\"caption\":\"Ningbo Gastac Gas Spring Co.,Ltd\"},\"image\":{\"@id\":\"https:\\\/\\\/www.gastac.com\\\/pt-br\\\/#\\\/schema\\\/logo\\\/image\\\/\"},\"sameAs\":[\"https:\\\/\\\/www.facebook.com\\\/profile.php?id=100092358464608\",\"https:\\\/\\\/www.youtube.com\\\/@Gastac-Gas-Spring\",\"https:\\\/\\\/www.linkedin.com\\\/in\\\/gastac-gas-spring\\\/\",\"https:\\\/\\\/www.instagram.com\\\/gastacgasspring\\\/\"]}]}<\/script>\n<!-- \/ Yoast SEO Premium plugin. -->","yoast_head_json":{"title":"Amortecedor A Gas Porta Malas | Gastac Gas Spring","robots":{"index":"index","follow":"follow","max-snippet":"max-snippet:-1","max-image-preview":"max-image-preview:large","max-video-preview":"max-video-preview:-1"},"canonical":"https:\/\/www.gastac.com\/pt-br\/produto\/amortecedor-a-gas-porta-malas\/","og_locale":"pt_BR","og_type":"article","og_title":"Amortecedor A Gas Porta Malas","og_description":"Amortecedor a gas porta malas AMORTECEDOR DA TAMPA TRASEIRA PORTA MALAS A G\u00c1S LAND ROVER RANGE ROVER L322 3.6\/4.2\/4.4\/5.0 32V [...]","og_url":"https:\/\/www.gastac.com\/pt-br\/produto\/amortecedor-a-gas-porta-malas\/","og_site_name":"Gastac Gas Spring","article_publisher":"https:\/\/www.facebook.com\/profile.php?id=100092358464608","article_modified_time":"2025-11-18T03:15:50+00:00","og_image":[{"width":600,"height":600,"url":"https:\/\/www.gastac.com\/wp-content\/uploads\/2025\/11\/amortecedor-a-gas-porta-malas-2.webp","type":"image\/webp"}],"twitter_card":"summary_large_image","twitter_misc":{"Est. tempo de leitura":"1 minuto"},"schema":{"@context":"https:\/\/schema.org","@graph":[{"@type":"WebPage","@id":"https:\/\/www.gastac.com\/pt-br\/produto\/amortecedor-a-gas-porta-malas\/","url":"https:\/\/www.gastac.com\/pt-br\/produto\/amortecedor-a-gas-porta-malas\/","name":"Amortecedor A Gas Porta Malas | Gastac Gas Spring","isPartOf":{"@id":"https:\/\/www.gastac.com\/pt-br\/#website"},"primaryImageOfPage":{"@id":"https:\/\/www.gastac.com\/pt-br\/produto\/amortecedor-a-gas-porta-malas\/#primaryimage"},"image":{"@id":"https:\/\/www.gastac.com\/pt-br\/produto\/amortecedor-a-gas-porta-malas\/#primaryimage"},"thumbnailUrl":"https:\/\/www.gastac.com\/wp-content\/uploads\/2025\/11\/amortecedor-a-gas-porta-malas-2.webp","datePublished":"2025-11-18T03:15:49+00:00","dateModified":"2025-11-18T03:15:50+00:00","breadcrumb":{"@id":"https:\/\/www.gastac.com\/pt-br\/produto\/amortecedor-a-gas-porta-malas\/#breadcrumb"},"inLanguage":"pt-BR","potentialAction":[{"@type":"ReadAction","target":["https:\/\/www.gastac.com\/pt-br\/produto\/amortecedor-a-gas-porta-malas\/"]}]},{"@type":"ImageObject","inLanguage":"pt-BR","@id":"https:\/\/www.gastac.com\/pt-br\/produto\/amortecedor-a-gas-porta-malas\/#primaryimage","url":"https:\/\/www.gastac.com\/wp-content\/uploads\/2025\/11\/amortecedor-a-gas-porta-malas-2.webp","contentUrl":"https:\/\/www.gastac.com\/wp-content\/uploads\/2025\/11\/amortecedor-a-gas-porta-malas-2.webp","width":600,"height":600,"caption":"amortecedor a gas porta malas 2"},{"@type":"BreadcrumbList","@id":"https:\/\/www.gastac.com\/pt-br\/produto\/amortecedor-a-gas-porta-malas\/#breadcrumb","itemListElement":[{"@type":"ListItem","position":1,"name":"Home","item":"https:\/\/www.gastac.com\/pt-br\/"},{"@type":"ListItem","position":2,"name":"products","item":"https:\/\/www.gastac.com\/pt-br\/products\/"},{"@type":"ListItem","position":3,"name":"Sem categoria","item":"https:\/\/www.gastac.com\/pt-br\/product-category\/sem-categoria\/"},{"@type":"ListItem","position":4,"name":"Amortecedor A Gas Porta Malas"}]},{"@type":"WebSite","@id":"https:\/\/www.gastac.com\/pt-br\/#website","url":"https:\/\/www.gastac.com\/pt-br\/","name":"Gastac Gas Spring","description":"China\u2019s Leading Gas Springs &amp; Struts Manufacturer","publisher":{"@id":"https:\/\/www.gastac.com\/pt-br\/#organization"},"potentialAction":[{"@type":"SearchAction","target":{"@type":"EntryPoint","urlTemplate":"https:\/\/www.gastac.com\/pt-br\/?s={search_term_string}"},"query-input":{"@type":"PropertyValueSpecification","valueRequired":true,"valueName":"search_term_string"}}],"inLanguage":"pt-BR"},{"@type":"Organization","@id":"https:\/\/www.gastac.com\/pt-br\/#organization","name":"Ningbo Gastac Gas Spring Co.,Ltd","url":"https:\/\/www.gastac.com\/pt-br\/","logo":{"@type":"ImageObject","inLanguage":"pt-BR","@id":"https:\/\/www.gastac.com\/pt-br\/#\/schema\/logo\/image\/","url":"https:\/\/www.gastac.com\/wp-content\/uploads\/2025\/09\/LOGO\u672c\u8272-\u9ed1.webp","contentUrl":"https:\/\/www.gastac.com\/wp-content\/uploads\/2025\/09\/LOGO\u672c\u8272-\u9ed1.webp","width":1920,"height":1080,"caption":"Ningbo Gastac Gas Spring Co.,Ltd"},"image":{"@id":"https:\/\/www.gastac.com\/pt-br\/#\/schema\/logo\/image\/"},"sameAs":["https:\/\/www.facebook.com\/profile.php?id=100092358464608","https:\/\/www.youtube.com\/@Gastac-Gas-Spring","https:\/\/www.linkedin.com\/in\/gastac-gas-spring\/","https:\/\/www.instagram.com\/gastacgasspring\/"]}]}},"_links":{"self":[{"href":"https:\/\/www.gastac.com\/pt-br\/wp-json\/wp\/v2\/product\/23025","targetHints":{"allow":["GET"]}}],"collection":[{"href":"https:\/\/www.gastac.com\/pt-br\/wp-json\/wp\/v2\/product"}],"about":[{"href":"https:\/\/www.gastac.com\/pt-br\/wp-json\/wp\/v2\/types\/product"}],"replies":[{"embeddable":true,"href":"https:\/\/www.gastac.com\/pt-br\/wp-json\/wp\/v2\/comments?post=23025"}],"wp:featuredmedia":[{"embeddable":true,"href":"https:\/\/www.gastac.com\/pt-br\/wp-json\/wp\/v2\/media\/23026"}],"wp:attachment":[{"href":"https:\/\/www.gastac.com\/pt-br\/wp-json\/wp\/v2\/media?parent=23025"}],"wp:term":[{"taxonomy":"product_brand","embeddable":true,"href":"https:\/\/www.gastac.com\/pt-br\/wp-json\/wp\/v2\/product_brand?post=23025"},{"taxonomy":"product_cat","embeddable":true,"href":"https:\/\/www.gastac.com\/pt-br\/wp-json\/wp\/v2\/product_cat?post=23025"},{"taxonomy":"product_tag","embeddable":true,"href":"https:\/\/www.gastac.com\/pt-br\/wp-json\/wp\/v2\/product_tag?post=23025"}],"curies":[{"name":"wp","href":"https:\/\/api.w.org\/{rel}","templated":true}]}}