{"id":22993,"date":"2025-11-18T02:50:58","date_gmt":"2025-11-18T02:50:58","guid":{"rendered":"https:\/\/www.gastac.com\/?post_type=product&#038;p=22993"},"modified":"2025-11-18T02:50:58","modified_gmt":"2025-11-18T02:50:58","slug":"atuadores-lineares-eletricos-2","status":"publish","type":"product","link":"https:\/\/www.gastac.com\/pt-br\/produto\/atuadores-lineares-eletricos-2\/","title":{"rendered":"Atuadores Lineares Eletricos"},"content":{"rendered":"<p><strong>atuadores lineares eletricos<\/strong><\/p>\n<p>O atuador linear 24v \u00e9 normalmente utilizado em camas ajust\u00e1veis para elevar e baixar as sec\u00e7\u00f5es da cabe\u00e7a e dos p\u00e9s da cama. Um elevador de cama com atuador linear pode proporcionar uma posi\u00e7\u00e3o de dormir mais confort\u00e1vel e ajudar a aliviar a press\u00e3o em determinadas partes do corpo.<\/p>\n<p>H\u00e1 v\u00e1rios factores a considerar ao escolher um elevador de cama com atuador linear, incluindo o comprimento do curso, a capacidade de carga, a velocidade e as op\u00e7\u00f5es de controlo. Aqui est\u00e3o alguns factores a ter em conta:<\/p>\n<p>Comprimento do curso: O comprimento do curso \u00e9 a dist\u00e2ncia que o atuador linear barato pode estender e retrair. \u00c9 necess\u00e1rio escolher um atuador linear el\u00e9trico com um comprimento de curso que corresponda \u00e0 gama de ajuste da altura da cama.<br \/>\n<img class=\"lazyload\" decoding=\"async\" src=\"data:image\/gif;base64,R0lGODlhAQABAAAAACH5BAEKAAEALAAAAAABAAEAAAICTAEAOw==\" data-orig-src=\"https:\/\/www.gastac.com\/wp-content\/uploads\/2023\/08\/atuador-linear-24v-400x400.png\" alt=\"atuadores lineares eletricos \" \/><img class=\"lazyload\" decoding=\"async\" src=\"data:image\/gif;base64,R0lGODlhAQABAAAAACH5BAEKAAEALAAAAAABAAEAAAICTAEAOw==\" data-orig-src=\"https:\/\/www.gastac.com\/wp-content\/uploads\/2023\/08\/atuador-linear-24v-0-400x400.png\" alt=\"atuadores lineares eletricos \" \/><br \/>\nCapacidade de carga: A capacidade de carga \u00e9 o peso m\u00e1ximo que o atuador linear em miniatura pode levantar. \u00c9 necess\u00e1rio escolher um atuador com uma capacidade de carga que possa suportar o peso do colch\u00e3o e qualquer peso adicional, como o peso do utilizador ou da roupa de cama.<\/p>\n<p>Velocidade: A velocidade de um atuador linear hidr\u00e1ulico afecta a suavidade da opera\u00e7\u00e3o de eleva\u00e7\u00e3o da cama. \u00c9 necess\u00e1rio selecionar um atuador com uma velocidade que proporcione uma eleva\u00e7\u00e3o confort\u00e1vel.<\/p>\n<p>Op\u00e7\u00f5es de controlo: Os elevadores de cama com atuador linear s\u00e3o normalmente fornecidos com um painel de controlo remoto ou com fios. \u00c9 necess\u00e1rio escolher uma op\u00e7\u00e3o de controlo que seja f\u00e1cil de utilizar e que permita ajustes precisos.<\/p>\n<p>Ao instalar um elevador de cama com atuador linear, \u00e9 importante seguir cuidadosamente as instru\u00e7\u00f5es do fabricante e garantir que o atuador est\u00e1 corretamente fixado \u00e0 estrutura da cama. \u00c9 tamb\u00e9m uma boa ideia testar o funcionamento da cama elevat\u00f3ria antes de a utilizar regularmente, para garantir que est\u00e1 a funcionar corretamente.<\/p>\n<p>Aplica\u00e7\u00f5es:<\/p>\n<p>Camas de enfermagem el\u00e9ctricas, camas cir\u00fargicas, camas de tra\u00e7\u00e3o, cadeiras de massagem, cadeiras de dentista, cadeiras de rodas el\u00e9ctricas, sof\u00e1s el\u00e9ctricos, expositores el\u00e9ctricos, clarab\u00f3ias el\u00e9ctricas, mobili\u00e1rio ergon\u00f3mico e outras ocasi\u00f5es em que s\u00e3o necess\u00e1rios actuadores de movimento linear, muito f\u00e1ceis de instalar, e s\u00e3o amplamente utilizados nos dom\u00ednios dos cuidados m\u00e9dicos, combate a inc\u00eandios, casa, maquinaria el\u00e9ctrica, ind\u00fastria qu\u00edmica, artigos sanit\u00e1rios, lazer, etc.<br \/>\n<img decoding=\"async\" class=\"lazyload \" src=\"data:image\/svg+xml,%3Csvg%20xmlns%3D%27http%3A%2F%2Fwww.w3.org%2F2000%2Fsvg%27%20width%3D%27361%27%20height%3D%27361%27%20viewBox%3D%270%200%20361%20361%27%3E%3Crect%20width%3D%27361%27%20height%3D%27361%27%20fill-opacity%3D%220%22%2F%3E%3C%2Fsvg%3E\" data-orig-src=\"https:\/\/www.gastac.com\/wp-content\/uploads\/2023\/08\/atuador-linear-200mm-347.jpg\" alt=\"atuadores lineares eletricos \" width=\"361\" height=\"361\" \/><img decoding=\"async\" class=\"lazyload \" src=\"data:image\/svg+xml,%3Csvg%20xmlns%3D%27http%3A%2F%2Fwww.w3.org%2F2000%2Fsvg%27%20width%3D%27356%27%20height%3D%27356%27%20viewBox%3D%270%200%20356%20356%27%3E%3Crect%20width%3D%27356%27%20height%3D%27356%27%20fill-opacity%3D%220%22%2F%3E%3C%2Fsvg%3E\" data-orig-src=\"https:\/\/www.gastac.com\/wp-content\/uploads\/2023\/08\/atuador-linear-200mm-654.jpg\" alt=\"atuadores lineares eletricos \" width=\"356\" height=\"356\" \/><\/p>\n","protected":false},"excerpt":{"rendered":"<p>atuadores lineares eletricos O atuador linear 24v \u00e9 normalmente utilizado em camas ajust\u00e1veis para elevar e baixar as sec\u00e7\u00f5es da  [&#8230;]<\/p>\n","protected":false},"featured_media":22994,"comment_status":"open","ping_status":"closed","template":"","meta":[],"product_brand":[],"product_cat":[112],"product_tag":[],"class_list":{"0":"post-22993","1":"product","2":"type-product","3":"status-publish","4":"has-post-thumbnail","6":"product_cat-sem-categoria","8":"first","9":"instock","10":"shipping-taxable","11":"product-type-simple"},"yoast_head":"<!-- This site is optimized with the Yoast SEO Premium plugin v26.2 (Yoast SEO v27.4) - https:\/\/yoast.com\/product\/yoast-seo-premium-wordpress\/ -->\n<title>Atuadores Lineares Eletricos | Gastac Gas Spring<\/title>\n<meta name=\"robots\" content=\"index, follow, max-snippet:-1, max-image-preview:large, max-video-preview:-1\" \/>\n<link rel=\"canonical\" href=\"https:\/\/www.gastac.com\/pt-br\/produto\/atuadores-lineares-eletricos-2\/\" \/>\n<meta property=\"og:locale\" content=\"pt_BR\" \/>\n<meta property=\"og:type\" content=\"article\" \/>\n<meta property=\"og:title\" content=\"Atuadores Lineares Eletricos\" \/>\n<meta property=\"og:description\" content=\"atuadores lineares eletricos O atuador linear 24v \u00e9 normalmente utilizado em camas ajust\u00e1veis para elevar e baixar as sec\u00e7\u00f5es da [...]\" \/>\n<meta property=\"og:url\" content=\"https:\/\/www.gastac.com\/pt-br\/produto\/atuadores-lineares-eletricos-2\/\" \/>\n<meta property=\"og:site_name\" content=\"Gastac Gas Spring\" \/>\n<meta property=\"article:publisher\" content=\"https:\/\/www.facebook.com\/profile.php?id=100092358464608\" \/>\n<meta property=\"og:image\" content=\"https:\/\/www.gastac.com\/wp-content\/uploads\/2025\/11\/atuador-linear-200mm-98.webp\" \/>\n\t<meta property=\"og:image:width\" content=\"600\" \/>\n\t<meta property=\"og:image:height\" content=\"600\" \/>\n\t<meta property=\"og:image:type\" content=\"image\/webp\" \/>\n<meta name=\"twitter:card\" content=\"summary_large_image\" \/>\n<meta name=\"twitter:label1\" content=\"Est. tempo de leitura\" \/>\n\t<meta name=\"twitter:data1\" content=\"1 minuto\" \/>\n<script type=\"application\/ld+json\" class=\"yoast-schema-graph\">{\"@context\":\"https:\\\/\\\/schema.org\",\"@graph\":[{\"@type\":\"WebPage\",\"@id\":\"https:\\\/\\\/www.gastac.com\\\/pt-br\\\/produto\\\/atuadores-lineares-eletricos-2\\\/\",\"url\":\"https:\\\/\\\/www.gastac.com\\\/pt-br\\\/produto\\\/atuadores-lineares-eletricos-2\\\/\",\"name\":\"Atuadores Lineares Eletricos | Gastac Gas Spring\",\"isPartOf\":{\"@id\":\"https:\\\/\\\/www.gastac.com\\\/pt-br\\\/#website\"},\"primaryImageOfPage\":{\"@id\":\"https:\\\/\\\/www.gastac.com\\\/pt-br\\\/produto\\\/atuadores-lineares-eletricos-2\\\/#primaryimage\"},\"image\":{\"@id\":\"https:\\\/\\\/www.gastac.com\\\/pt-br\\\/produto\\\/atuadores-lineares-eletricos-2\\\/#primaryimage\"},\"thumbnailUrl\":\"https:\\\/\\\/www.gastac.com\\\/wp-content\\\/uploads\\\/2025\\\/11\\\/atuador-linear-200mm-98.webp\",\"datePublished\":\"2025-11-18T02:50:58+00:00\",\"breadcrumb\":{\"@id\":\"https:\\\/\\\/www.gastac.com\\\/pt-br\\\/produto\\\/atuadores-lineares-eletricos-2\\\/#breadcrumb\"},\"inLanguage\":\"pt-BR\",\"potentialAction\":[{\"@type\":\"ReadAction\",\"target\":[\"https:\\\/\\\/www.gastac.com\\\/pt-br\\\/produto\\\/atuadores-lineares-eletricos-2\\\/\"]}]},{\"@type\":\"ImageObject\",\"inLanguage\":\"pt-BR\",\"@id\":\"https:\\\/\\\/www.gastac.com\\\/pt-br\\\/produto\\\/atuadores-lineares-eletricos-2\\\/#primaryimage\",\"url\":\"https:\\\/\\\/www.gastac.com\\\/wp-content\\\/uploads\\\/2025\\\/11\\\/atuador-linear-200mm-98.webp\",\"contentUrl\":\"https:\\\/\\\/www.gastac.com\\\/wp-content\\\/uploads\\\/2025\\\/11\\\/atuador-linear-200mm-98.webp\",\"width\":600,\"height\":600,\"caption\":\"atuador linear 200mm 98\"},{\"@type\":\"BreadcrumbList\",\"@id\":\"https:\\\/\\\/www.gastac.com\\\/pt-br\\\/produto\\\/atuadores-lineares-eletricos-2\\\/#breadcrumb\",\"itemListElement\":[{\"@type\":\"ListItem\",\"position\":1,\"name\":\"Home\",\"item\":\"https:\\\/\\\/www.gastac.com\\\/pt-br\\\/\"},{\"@type\":\"ListItem\",\"position\":2,\"name\":\"products\",\"item\":\"https:\\\/\\\/www.gastac.com\\\/pt-br\\\/products\\\/\"},{\"@type\":\"ListItem\",\"position\":3,\"name\":\"Sem categoria\",\"item\":\"https:\\\/\\\/www.gastac.com\\\/pt-br\\\/product-category\\\/sem-categoria\\\/\"},{\"@type\":\"ListItem\",\"position\":4,\"name\":\"Atuadores Lineares Eletricos\"}]},{\"@type\":\"WebSite\",\"@id\":\"https:\\\/\\\/www.gastac.com\\\/pt-br\\\/#website\",\"url\":\"https:\\\/\\\/www.gastac.com\\\/pt-br\\\/\",\"name\":\"Gastac Gas Spring\",\"description\":\"China\u2019s Leading Gas Springs &amp; Struts Manufacturer\",\"publisher\":{\"@id\":\"https:\\\/\\\/www.gastac.com\\\/pt-br\\\/#organization\"},\"potentialAction\":[{\"@type\":\"SearchAction\",\"target\":{\"@type\":\"EntryPoint\",\"urlTemplate\":\"https:\\\/\\\/www.gastac.com\\\/pt-br\\\/?s={search_term_string}\"},\"query-input\":{\"@type\":\"PropertyValueSpecification\",\"valueRequired\":true,\"valueName\":\"search_term_string\"}}],\"inLanguage\":\"pt-BR\"},{\"@type\":\"Organization\",\"@id\":\"https:\\\/\\\/www.gastac.com\\\/pt-br\\\/#organization\",\"name\":\"Ningbo Gastac Gas Spring Co.,Ltd\",\"url\":\"https:\\\/\\\/www.gastac.com\\\/pt-br\\\/\",\"logo\":{\"@type\":\"ImageObject\",\"inLanguage\":\"pt-BR\",\"@id\":\"https:\\\/\\\/www.gastac.com\\\/pt-br\\\/#\\\/schema\\\/logo\\\/image\\\/\",\"url\":\"https:\\\/\\\/www.gastac.com\\\/wp-content\\\/uploads\\\/2025\\\/09\\\/LOGO\u672c\u8272-\u9ed1.webp\",\"contentUrl\":\"https:\\\/\\\/www.gastac.com\\\/wp-content\\\/uploads\\\/2025\\\/09\\\/LOGO\u672c\u8272-\u9ed1.webp\",\"width\":1920,\"height\":1080,\"caption\":\"Ningbo Gastac Gas Spring Co.,Ltd\"},\"image\":{\"@id\":\"https:\\\/\\\/www.gastac.com\\\/pt-br\\\/#\\\/schema\\\/logo\\\/image\\\/\"},\"sameAs\":[\"https:\\\/\\\/www.facebook.com\\\/profile.php?id=100092358464608\",\"https:\\\/\\\/www.youtube.com\\\/@Gastac-Gas-Spring\",\"https:\\\/\\\/www.linkedin.com\\\/in\\\/gastac-gas-spring\\\/\",\"https:\\\/\\\/www.instagram.com\\\/gastacgasspring\\\/\"]}]}<\/script>\n<!-- \/ Yoast SEO Premium plugin. -->","yoast_head_json":{"title":"Atuadores Lineares Eletricos | Gastac Gas Spring","robots":{"index":"index","follow":"follow","max-snippet":"max-snippet:-1","max-image-preview":"max-image-preview:large","max-video-preview":"max-video-preview:-1"},"canonical":"https:\/\/www.gastac.com\/pt-br\/produto\/atuadores-lineares-eletricos-2\/","og_locale":"pt_BR","og_type":"article","og_title":"Atuadores Lineares Eletricos","og_description":"atuadores lineares eletricos O atuador linear 24v \u00e9 normalmente utilizado em camas ajust\u00e1veis para elevar e baixar as sec\u00e7\u00f5es da [...]","og_url":"https:\/\/www.gastac.com\/pt-br\/produto\/atuadores-lineares-eletricos-2\/","og_site_name":"Gastac Gas Spring","article_publisher":"https:\/\/www.facebook.com\/profile.php?id=100092358464608","og_image":[{"width":600,"height":600,"url":"https:\/\/www.gastac.com\/wp-content\/uploads\/2025\/11\/atuador-linear-200mm-98.webp","type":"image\/webp"}],"twitter_card":"summary_large_image","twitter_misc":{"Est. tempo de leitura":"1 minuto"},"schema":{"@context":"https:\/\/schema.org","@graph":[{"@type":"WebPage","@id":"https:\/\/www.gastac.com\/pt-br\/produto\/atuadores-lineares-eletricos-2\/","url":"https:\/\/www.gastac.com\/pt-br\/produto\/atuadores-lineares-eletricos-2\/","name":"Atuadores Lineares Eletricos | Gastac Gas Spring","isPartOf":{"@id":"https:\/\/www.gastac.com\/pt-br\/#website"},"primaryImageOfPage":{"@id":"https:\/\/www.gastac.com\/pt-br\/produto\/atuadores-lineares-eletricos-2\/#primaryimage"},"image":{"@id":"https:\/\/www.gastac.com\/pt-br\/produto\/atuadores-lineares-eletricos-2\/#primaryimage"},"thumbnailUrl":"https:\/\/www.gastac.com\/wp-content\/uploads\/2025\/11\/atuador-linear-200mm-98.webp","datePublished":"2025-11-18T02:50:58+00:00","breadcrumb":{"@id":"https:\/\/www.gastac.com\/pt-br\/produto\/atuadores-lineares-eletricos-2\/#breadcrumb"},"inLanguage":"pt-BR","potentialAction":[{"@type":"ReadAction","target":["https:\/\/www.gastac.com\/pt-br\/produto\/atuadores-lineares-eletricos-2\/"]}]},{"@type":"ImageObject","inLanguage":"pt-BR","@id":"https:\/\/www.gastac.com\/pt-br\/produto\/atuadores-lineares-eletricos-2\/#primaryimage","url":"https:\/\/www.gastac.com\/wp-content\/uploads\/2025\/11\/atuador-linear-200mm-98.webp","contentUrl":"https:\/\/www.gastac.com\/wp-content\/uploads\/2025\/11\/atuador-linear-200mm-98.webp","width":600,"height":600,"caption":"atuador linear 200mm 98"},{"@type":"BreadcrumbList","@id":"https:\/\/www.gastac.com\/pt-br\/produto\/atuadores-lineares-eletricos-2\/#breadcrumb","itemListElement":[{"@type":"ListItem","position":1,"name":"Home","item":"https:\/\/www.gastac.com\/pt-br\/"},{"@type":"ListItem","position":2,"name":"products","item":"https:\/\/www.gastac.com\/pt-br\/products\/"},{"@type":"ListItem","position":3,"name":"Sem categoria","item":"https:\/\/www.gastac.com\/pt-br\/product-category\/sem-categoria\/"},{"@type":"ListItem","position":4,"name":"Atuadores Lineares Eletricos"}]},{"@type":"WebSite","@id":"https:\/\/www.gastac.com\/pt-br\/#website","url":"https:\/\/www.gastac.com\/pt-br\/","name":"Gastac Gas Spring","description":"China\u2019s Leading Gas Springs &amp; Struts Manufacturer","publisher":{"@id":"https:\/\/www.gastac.com\/pt-br\/#organization"},"potentialAction":[{"@type":"SearchAction","target":{"@type":"EntryPoint","urlTemplate":"https:\/\/www.gastac.com\/pt-br\/?s={search_term_string}"},"query-input":{"@type":"PropertyValueSpecification","valueRequired":true,"valueName":"search_term_string"}}],"inLanguage":"pt-BR"},{"@type":"Organization","@id":"https:\/\/www.gastac.com\/pt-br\/#organization","name":"Ningbo Gastac Gas Spring Co.,Ltd","url":"https:\/\/www.gastac.com\/pt-br\/","logo":{"@type":"ImageObject","inLanguage":"pt-BR","@id":"https:\/\/www.gastac.com\/pt-br\/#\/schema\/logo\/image\/","url":"https:\/\/www.gastac.com\/wp-content\/uploads\/2025\/09\/LOGO\u672c\u8272-\u9ed1.webp","contentUrl":"https:\/\/www.gastac.com\/wp-content\/uploads\/2025\/09\/LOGO\u672c\u8272-\u9ed1.webp","width":1920,"height":1080,"caption":"Ningbo Gastac Gas Spring Co.,Ltd"},"image":{"@id":"https:\/\/www.gastac.com\/pt-br\/#\/schema\/logo\/image\/"},"sameAs":["https:\/\/www.facebook.com\/profile.php?id=100092358464608","https:\/\/www.youtube.com\/@Gastac-Gas-Spring","https:\/\/www.linkedin.com\/in\/gastac-gas-spring\/","https:\/\/www.instagram.com\/gastacgasspring\/"]}]}},"_links":{"self":[{"href":"https:\/\/www.gastac.com\/pt-br\/wp-json\/wp\/v2\/product\/22993","targetHints":{"allow":["GET"]}}],"collection":[{"href":"https:\/\/www.gastac.com\/pt-br\/wp-json\/wp\/v2\/product"}],"about":[{"href":"https:\/\/www.gastac.com\/pt-br\/wp-json\/wp\/v2\/types\/product"}],"replies":[{"embeddable":true,"href":"https:\/\/www.gastac.com\/pt-br\/wp-json\/wp\/v2\/comments?post=22993"}],"wp:featuredmedia":[{"embeddable":true,"href":"https:\/\/www.gastac.com\/pt-br\/wp-json\/wp\/v2\/media\/22994"}],"wp:attachment":[{"href":"https:\/\/www.gastac.com\/pt-br\/wp-json\/wp\/v2\/media?parent=22993"}],"wp:term":[{"taxonomy":"product_brand","embeddable":true,"href":"https:\/\/www.gastac.com\/pt-br\/wp-json\/wp\/v2\/product_brand?post=22993"},{"taxonomy":"product_cat","embeddable":true,"href":"https:\/\/www.gastac.com\/pt-br\/wp-json\/wp\/v2\/product_cat?post=22993"},{"taxonomy":"product_tag","embeddable":true,"href":"https:\/\/www.gastac.com\/pt-br\/wp-json\/wp\/v2\/product_tag?post=22993"}],"curies":[{"name":"wp","href":"https:\/\/api.w.org\/{rel}","templated":true}]}}