{"id":22969,"date":"2025-11-18T02:31:11","date_gmt":"2025-11-18T02:31:11","guid":{"rendered":"https:\/\/www.gastac.com\/?post_type=product&#038;p=22969"},"modified":"2025-11-18T02:31:11","modified_gmt":"2025-11-18T02:31:11","slug":"mini-atuador-linear","status":"publish","type":"product","link":"https:\/\/www.gastac.com\/pt-br\/produto\/mini-atuador-linear\/","title":{"rendered":"Mini Atuador Linear"},"content":{"rendered":"<p><strong>mini atuador linear<\/strong><\/p>\n<p>O mini atuador linear \u00e9 um pequeno atuador concebido para aplica\u00e7\u00f5es que requerem um controlo preciso e compacto do movimento linear. S\u00e3o normalmente utilizados em robots, dispositivos m\u00e9dicos e equipamento de automa\u00e7\u00e3o onde o espa\u00e7o \u00e9 limitado. Eis alguns factores-chave a considerar ao escolher um atuador linear miniatura:<\/p>\n<p>&nbsp;<\/p>\n<p>Tamanho: mini atuador linear 12v\u00a0de tamanho mais pequeno, t\u00eam normalmente um comprimento de curso e uma capacidade de carga menores em compara\u00e7\u00e3o com atuadores maiores. \u00c9 necess\u00e1rio escolher um atuador cujo tamanho corresponda ao espa\u00e7o dispon\u00edvel na sua aplica\u00e7\u00e3o.<\/p>\n<p>&nbsp;<\/p>\n<p>Capacidade de carga: A capacidade de carga \u00e9 o peso m\u00e1ximo que um atuador pode levantar ou empurrar. \u00c9 necess\u00e1rio selecionar um atuador com uma capacidade de carga que corresponda ao peso da sua aplica\u00e7\u00e3o.<\/p>\n<p>&nbsp;<\/p>\n<p>Velocidade: A velocidade do mini atuador el\u00e9trico\u00a0afeta o desempenho geral da aplica\u00e7\u00e3o. \u00c9 necess\u00e1rio escolher um atuador com uma velocidade que satisfa\u00e7a os seus requisitos de precis\u00e3o e efici\u00eancia.<\/p>\n<p>&nbsp;<\/p>\n<p>Op\u00e7\u00f5es de Controlo: O\u00a0mini atuador el\u00e9trico pode ser controlado atrav\u00e9s de uma variedade de op\u00e7\u00f5es, tais como controlo remoto, painel de controlo com fios ou controlo de software. \u00c9 necess\u00e1rio escolher uma op\u00e7\u00e3o de controlo que seja f\u00e1cil de utilizar e que possa ser ajustada com precis\u00e3o.<\/p>\n<p>&nbsp;<\/p>\n<p>Durabilidade: o\u00a0mini atuador el\u00e9trico 12v\u00a0\u00e9 geralmente feito de materiais de alta qualidade que garantem durabilidade a longo prazo. \u00c9 necess\u00e1rio escolher um atuador com uma constru\u00e7\u00e3o robusta para satisfazer as necessidades da aplica\u00e7\u00e3o.<\/p>\n<p>&nbsp;<\/p>\n<p>Ao instalar o\u00a0mini atuador linear,\u00a0certifique-se de que segue cuidadosamente as instru\u00e7\u00f5es do fabricante para garantir que o atuador est\u00e1 devidamente fixado \u00e0 superf\u00edcie de montagem. \u00c9 tamb\u00e9m uma boa ideia testar operacionalmente o atuador antes da sua utiliza\u00e7\u00e3o regular para garantir um funcionamento adequado.<\/p>\n<p>&nbsp;<\/p>\n<p>Aplica\u00e7\u00f5es:<\/p>\n<p>Camas de enfermagem el\u00e9ctricas, camas cir\u00fargicas, camas de tra\u00e7\u00e3o, cadeiras de massagem, cadeiras de dentista, cadeiras de rodas el\u00e9ctricas, sof\u00e1s el\u00e9ctricos, expositores el\u00e9ctricos, clarab\u00f3ias el\u00e9ctricas, mobili\u00e1rio ergon\u00f3mico e outras ocasi\u00f5es em que s\u00e3o necess\u00e1rios actuadores de movimento linear, a instala\u00e7\u00e3o \u00e9 muito conveniente e \u00e9 amplamente utilizado nos dom\u00ednios dos cuidados m\u00e9dicos, prote\u00e7\u00e3o contra inc\u00eandios, casa, maquinaria el\u00e9ctrica, ind\u00fastria qu\u00edmica, artigos sanit\u00e1rios, lazer, etc.<\/p>\n","protected":false},"excerpt":{"rendered":"<p>mini atuador linear O mini atuador linear \u00e9 um pequeno atuador concebido para aplica\u00e7\u00f5es que requerem um controlo preciso e  [&#8230;]<\/p>\n","protected":false},"featured_media":22967,"comment_status":"open","ping_status":"closed","template":"","meta":[],"product_brand":[],"product_cat":[112],"product_tag":[],"class_list":{"0":"post-22969","1":"product","2":"type-product","3":"status-publish","4":"has-post-thumbnail","6":"product_cat-sem-categoria","8":"first","9":"instock","10":"shipping-taxable","11":"product-type-simple"},"yoast_head":"<!-- This site is optimized with the Yoast SEO Premium plugin v26.2 (Yoast SEO v27.4) - https:\/\/yoast.com\/product\/yoast-seo-premium-wordpress\/ -->\n<title>Mini Atuador Linear | Gastac Gas Spring<\/title>\n<meta name=\"robots\" content=\"index, follow, max-snippet:-1, max-image-preview:large, max-video-preview:-1\" \/>\n<link rel=\"canonical\" href=\"https:\/\/www.gastac.com\/pt-br\/produto\/mini-atuador-linear\/\" \/>\n<meta property=\"og:locale\" content=\"pt_BR\" \/>\n<meta property=\"og:type\" content=\"article\" \/>\n<meta property=\"og:title\" content=\"Mini Atuador Linear\" \/>\n<meta property=\"og:description\" content=\"mini atuador linear O mini atuador linear \u00e9 um pequeno atuador concebido para aplica\u00e7\u00f5es que requerem um controlo preciso e [...]\" \/>\n<meta property=\"og:url\" content=\"https:\/\/www.gastac.com\/pt-br\/produto\/mini-atuador-linear\/\" \/>\n<meta property=\"og:site_name\" content=\"Gastac Gas Spring\" \/>\n<meta property=\"article:publisher\" content=\"https:\/\/www.facebook.com\/profile.php?id=100092358464608\" \/>\n<meta property=\"og:image\" content=\"https:\/\/www.gastac.com\/wp-content\/uploads\/2025\/11\/Mini-Linear-Actuator-2-300x300-1-2.webp\" \/>\n\t<meta property=\"og:image:width\" content=\"300\" \/>\n\t<meta property=\"og:image:height\" content=\"300\" \/>\n\t<meta property=\"og:image:type\" content=\"image\/webp\" \/>\n<meta name=\"twitter:card\" content=\"summary_large_image\" \/>\n<meta name=\"twitter:label1\" content=\"Est. tempo de leitura\" \/>\n\t<meta name=\"twitter:data1\" content=\"1 minuto\" \/>\n<script type=\"application\/ld+json\" class=\"yoast-schema-graph\">{\"@context\":\"https:\\\/\\\/schema.org\",\"@graph\":[{\"@type\":\"WebPage\",\"@id\":\"https:\\\/\\\/www.gastac.com\\\/pt-br\\\/produto\\\/mini-atuador-linear\\\/\",\"url\":\"https:\\\/\\\/www.gastac.com\\\/pt-br\\\/produto\\\/mini-atuador-linear\\\/\",\"name\":\"Mini Atuador Linear | Gastac Gas Spring\",\"isPartOf\":{\"@id\":\"https:\\\/\\\/www.gastac.com\\\/pt-br\\\/#website\"},\"primaryImageOfPage\":{\"@id\":\"https:\\\/\\\/www.gastac.com\\\/pt-br\\\/produto\\\/mini-atuador-linear\\\/#primaryimage\"},\"image\":{\"@id\":\"https:\\\/\\\/www.gastac.com\\\/pt-br\\\/produto\\\/mini-atuador-linear\\\/#primaryimage\"},\"thumbnailUrl\":\"https:\\\/\\\/www.gastac.com\\\/wp-content\\\/uploads\\\/2025\\\/11\\\/Mini-Linear-Actuator-2-300x300-1-2.webp\",\"datePublished\":\"2025-11-18T02:31:11+00:00\",\"breadcrumb\":{\"@id\":\"https:\\\/\\\/www.gastac.com\\\/pt-br\\\/produto\\\/mini-atuador-linear\\\/#breadcrumb\"},\"inLanguage\":\"pt-BR\",\"potentialAction\":[{\"@type\":\"ReadAction\",\"target\":[\"https:\\\/\\\/www.gastac.com\\\/pt-br\\\/produto\\\/mini-atuador-linear\\\/\"]}]},{\"@type\":\"ImageObject\",\"inLanguage\":\"pt-BR\",\"@id\":\"https:\\\/\\\/www.gastac.com\\\/pt-br\\\/produto\\\/mini-atuador-linear\\\/#primaryimage\",\"url\":\"https:\\\/\\\/www.gastac.com\\\/wp-content\\\/uploads\\\/2025\\\/11\\\/Mini-Linear-Actuator-2-300x300-1-2.webp\",\"contentUrl\":\"https:\\\/\\\/www.gastac.com\\\/wp-content\\\/uploads\\\/2025\\\/11\\\/Mini-Linear-Actuator-2-300x300-1-2.webp\",\"width\":300,\"height\":300,\"caption\":\"Mini Linear Actuator 2 300x300 1\"},{\"@type\":\"BreadcrumbList\",\"@id\":\"https:\\\/\\\/www.gastac.com\\\/pt-br\\\/produto\\\/mini-atuador-linear\\\/#breadcrumb\",\"itemListElement\":[{\"@type\":\"ListItem\",\"position\":1,\"name\":\"Home\",\"item\":\"https:\\\/\\\/www.gastac.com\\\/pt-br\\\/\"},{\"@type\":\"ListItem\",\"position\":2,\"name\":\"products\",\"item\":\"https:\\\/\\\/www.gastac.com\\\/pt-br\\\/products\\\/\"},{\"@type\":\"ListItem\",\"position\":3,\"name\":\"Sem categoria\",\"item\":\"https:\\\/\\\/www.gastac.com\\\/pt-br\\\/product-category\\\/sem-categoria\\\/\"},{\"@type\":\"ListItem\",\"position\":4,\"name\":\"Mini Atuador Linear\"}]},{\"@type\":\"WebSite\",\"@id\":\"https:\\\/\\\/www.gastac.com\\\/pt-br\\\/#website\",\"url\":\"https:\\\/\\\/www.gastac.com\\\/pt-br\\\/\",\"name\":\"Gastac Gas Spring\",\"description\":\"China\u2019s Leading Gas Springs &amp; Struts Manufacturer\",\"publisher\":{\"@id\":\"https:\\\/\\\/www.gastac.com\\\/pt-br\\\/#organization\"},\"potentialAction\":[{\"@type\":\"SearchAction\",\"target\":{\"@type\":\"EntryPoint\",\"urlTemplate\":\"https:\\\/\\\/www.gastac.com\\\/pt-br\\\/?s={search_term_string}\"},\"query-input\":{\"@type\":\"PropertyValueSpecification\",\"valueRequired\":true,\"valueName\":\"search_term_string\"}}],\"inLanguage\":\"pt-BR\"},{\"@type\":\"Organization\",\"@id\":\"https:\\\/\\\/www.gastac.com\\\/pt-br\\\/#organization\",\"name\":\"Ningbo Gastac Gas Spring Co.,Ltd\",\"url\":\"https:\\\/\\\/www.gastac.com\\\/pt-br\\\/\",\"logo\":{\"@type\":\"ImageObject\",\"inLanguage\":\"pt-BR\",\"@id\":\"https:\\\/\\\/www.gastac.com\\\/pt-br\\\/#\\\/schema\\\/logo\\\/image\\\/\",\"url\":\"https:\\\/\\\/www.gastac.com\\\/wp-content\\\/uploads\\\/2025\\\/09\\\/LOGO\u672c\u8272-\u9ed1.webp\",\"contentUrl\":\"https:\\\/\\\/www.gastac.com\\\/wp-content\\\/uploads\\\/2025\\\/09\\\/LOGO\u672c\u8272-\u9ed1.webp\",\"width\":1920,\"height\":1080,\"caption\":\"Ningbo Gastac Gas Spring Co.,Ltd\"},\"image\":{\"@id\":\"https:\\\/\\\/www.gastac.com\\\/pt-br\\\/#\\\/schema\\\/logo\\\/image\\\/\"},\"sameAs\":[\"https:\\\/\\\/www.facebook.com\\\/profile.php?id=100092358464608\",\"https:\\\/\\\/www.youtube.com\\\/@Gastac-Gas-Spring\",\"https:\\\/\\\/www.linkedin.com\\\/in\\\/gastac-gas-spring\\\/\",\"https:\\\/\\\/www.instagram.com\\\/gastacgasspring\\\/\"]}]}<\/script>\n<!-- \/ Yoast SEO Premium plugin. -->","yoast_head_json":{"title":"Mini Atuador Linear | Gastac Gas Spring","robots":{"index":"index","follow":"follow","max-snippet":"max-snippet:-1","max-image-preview":"max-image-preview:large","max-video-preview":"max-video-preview:-1"},"canonical":"https:\/\/www.gastac.com\/pt-br\/produto\/mini-atuador-linear\/","og_locale":"pt_BR","og_type":"article","og_title":"Mini Atuador Linear","og_description":"mini atuador linear O mini atuador linear \u00e9 um pequeno atuador concebido para aplica\u00e7\u00f5es que requerem um controlo preciso e [...]","og_url":"https:\/\/www.gastac.com\/pt-br\/produto\/mini-atuador-linear\/","og_site_name":"Gastac Gas Spring","article_publisher":"https:\/\/www.facebook.com\/profile.php?id=100092358464608","og_image":[{"width":300,"height":300,"url":"https:\/\/www.gastac.com\/wp-content\/uploads\/2025\/11\/Mini-Linear-Actuator-2-300x300-1-2.webp","type":"image\/webp"}],"twitter_card":"summary_large_image","twitter_misc":{"Est. tempo de leitura":"1 minuto"},"schema":{"@context":"https:\/\/schema.org","@graph":[{"@type":"WebPage","@id":"https:\/\/www.gastac.com\/pt-br\/produto\/mini-atuador-linear\/","url":"https:\/\/www.gastac.com\/pt-br\/produto\/mini-atuador-linear\/","name":"Mini Atuador Linear | Gastac Gas Spring","isPartOf":{"@id":"https:\/\/www.gastac.com\/pt-br\/#website"},"primaryImageOfPage":{"@id":"https:\/\/www.gastac.com\/pt-br\/produto\/mini-atuador-linear\/#primaryimage"},"image":{"@id":"https:\/\/www.gastac.com\/pt-br\/produto\/mini-atuador-linear\/#primaryimage"},"thumbnailUrl":"https:\/\/www.gastac.com\/wp-content\/uploads\/2025\/11\/Mini-Linear-Actuator-2-300x300-1-2.webp","datePublished":"2025-11-18T02:31:11+00:00","breadcrumb":{"@id":"https:\/\/www.gastac.com\/pt-br\/produto\/mini-atuador-linear\/#breadcrumb"},"inLanguage":"pt-BR","potentialAction":[{"@type":"ReadAction","target":["https:\/\/www.gastac.com\/pt-br\/produto\/mini-atuador-linear\/"]}]},{"@type":"ImageObject","inLanguage":"pt-BR","@id":"https:\/\/www.gastac.com\/pt-br\/produto\/mini-atuador-linear\/#primaryimage","url":"https:\/\/www.gastac.com\/wp-content\/uploads\/2025\/11\/Mini-Linear-Actuator-2-300x300-1-2.webp","contentUrl":"https:\/\/www.gastac.com\/wp-content\/uploads\/2025\/11\/Mini-Linear-Actuator-2-300x300-1-2.webp","width":300,"height":300,"caption":"Mini Linear Actuator 2 300x300 1"},{"@type":"BreadcrumbList","@id":"https:\/\/www.gastac.com\/pt-br\/produto\/mini-atuador-linear\/#breadcrumb","itemListElement":[{"@type":"ListItem","position":1,"name":"Home","item":"https:\/\/www.gastac.com\/pt-br\/"},{"@type":"ListItem","position":2,"name":"products","item":"https:\/\/www.gastac.com\/pt-br\/products\/"},{"@type":"ListItem","position":3,"name":"Sem categoria","item":"https:\/\/www.gastac.com\/pt-br\/product-category\/sem-categoria\/"},{"@type":"ListItem","position":4,"name":"Mini Atuador Linear"}]},{"@type":"WebSite","@id":"https:\/\/www.gastac.com\/pt-br\/#website","url":"https:\/\/www.gastac.com\/pt-br\/","name":"Gastac Gas Spring","description":"China\u2019s Leading Gas Springs &amp; Struts Manufacturer","publisher":{"@id":"https:\/\/www.gastac.com\/pt-br\/#organization"},"potentialAction":[{"@type":"SearchAction","target":{"@type":"EntryPoint","urlTemplate":"https:\/\/www.gastac.com\/pt-br\/?s={search_term_string}"},"query-input":{"@type":"PropertyValueSpecification","valueRequired":true,"valueName":"search_term_string"}}],"inLanguage":"pt-BR"},{"@type":"Organization","@id":"https:\/\/www.gastac.com\/pt-br\/#organization","name":"Ningbo Gastac Gas Spring Co.,Ltd","url":"https:\/\/www.gastac.com\/pt-br\/","logo":{"@type":"ImageObject","inLanguage":"pt-BR","@id":"https:\/\/www.gastac.com\/pt-br\/#\/schema\/logo\/image\/","url":"https:\/\/www.gastac.com\/wp-content\/uploads\/2025\/09\/LOGO\u672c\u8272-\u9ed1.webp","contentUrl":"https:\/\/www.gastac.com\/wp-content\/uploads\/2025\/09\/LOGO\u672c\u8272-\u9ed1.webp","width":1920,"height":1080,"caption":"Ningbo Gastac Gas Spring Co.,Ltd"},"image":{"@id":"https:\/\/www.gastac.com\/pt-br\/#\/schema\/logo\/image\/"},"sameAs":["https:\/\/www.facebook.com\/profile.php?id=100092358464608","https:\/\/www.youtube.com\/@Gastac-Gas-Spring","https:\/\/www.linkedin.com\/in\/gastac-gas-spring\/","https:\/\/www.instagram.com\/gastacgasspring\/"]}]}},"_links":{"self":[{"href":"https:\/\/www.gastac.com\/pt-br\/wp-json\/wp\/v2\/product\/22969","targetHints":{"allow":["GET"]}}],"collection":[{"href":"https:\/\/www.gastac.com\/pt-br\/wp-json\/wp\/v2\/product"}],"about":[{"href":"https:\/\/www.gastac.com\/pt-br\/wp-json\/wp\/v2\/types\/product"}],"replies":[{"embeddable":true,"href":"https:\/\/www.gastac.com\/pt-br\/wp-json\/wp\/v2\/comments?post=22969"}],"wp:featuredmedia":[{"embeddable":true,"href":"https:\/\/www.gastac.com\/pt-br\/wp-json\/wp\/v2\/media\/22967"}],"wp:attachment":[{"href":"https:\/\/www.gastac.com\/pt-br\/wp-json\/wp\/v2\/media?parent=22969"}],"wp:term":[{"taxonomy":"product_brand","embeddable":true,"href":"https:\/\/www.gastac.com\/pt-br\/wp-json\/wp\/v2\/product_brand?post=22969"},{"taxonomy":"product_cat","embeddable":true,"href":"https:\/\/www.gastac.com\/pt-br\/wp-json\/wp\/v2\/product_cat?post=22969"},{"taxonomy":"product_tag","embeddable":true,"href":"https:\/\/www.gastac.com\/pt-br\/wp-json\/wp\/v2\/product_tag?post=22969"}],"curies":[{"name":"wp","href":"https:\/\/api.w.org\/{rel}","templated":true}]}}