{"id":22965,"date":"2025-11-18T02:29:29","date_gmt":"2025-11-18T02:29:29","guid":{"rendered":"https:\/\/www.gastac.com\/?post_type=product&#038;p=22965"},"modified":"2025-11-18T02:29:30","modified_gmt":"2025-11-18T02:29:30","slug":"mini-atuador","status":"publish","type":"product","link":"https:\/\/www.gastac.com\/pt-br\/produto\/mini-atuador\/","title":{"rendered":"mini atuador"},"content":{"rendered":"<p><strong>mini atuador<\/strong><\/p>\n<p>O mini atuador\u00a0\u00e9 pequeno, leve, silencioso e muito dur\u00e1vel. O atuador linear de 100 mm\u00a0\u00e9 semelhante ao atuador universal original, com uma veda\u00e7\u00e3o estanque e um design fino e leve com engrenagens totalmente met\u00e1licas.<\/p>\n<p>A montagem no corpo do micro atuador linear \u00e9 tamb\u00e9m uma op\u00e7\u00e3o, permitindo-lhe montar num corpo de motor de pl\u00e1stico dur\u00e1vel ou num veio de alum\u00ednio, conforme necess\u00e1rio. A vantagem de utilizar os 2 orif\u00edcios de pin\u00e7a redondos no atuador \u00e9 que o atuador pode rodar e oscilar \u00e0 medida que se move, o que \u00e9 bastante poss\u00edvel em muitas aplica\u00e7\u00f5es.<\/p>\n<p>Estes mini actuadores lineares el\u00e9tricos t\u00eam uma configura\u00e7\u00e3o simples de dois fios, o que significa que apenas \u00e9 necess\u00e1ria uma alimenta\u00e7\u00e3o de 12 volts DC para mover o atuador e a invers\u00e3o da polaridade muda a sua dire\u00e7\u00e3o.<\/p>\n","protected":false},"excerpt":{"rendered":"<p>mini atuador O mini atuador\u00a0\u00e9 pequeno, leve, silencioso e muito dur\u00e1vel. O atuador linear de 100 mm\u00a0\u00e9 semelhante ao atuador  [&#8230;]<\/p>\n","protected":false},"featured_media":22966,"comment_status":"open","ping_status":"closed","template":"","meta":[],"product_brand":[],"product_cat":[112],"product_tag":[],"class_list":{"0":"post-22965","1":"product","2":"type-product","3":"status-publish","4":"has-post-thumbnail","6":"product_cat-sem-categoria","8":"first","9":"instock","10":"shipping-taxable","11":"product-type-simple"},"yoast_head":"<!-- This site is optimized with the Yoast SEO Premium plugin v26.2 (Yoast SEO v27.4) - https:\/\/yoast.com\/product\/yoast-seo-premium-wordpress\/ -->\n<title>mini atuador | Gastac Gas Spring<\/title>\n<meta name=\"robots\" content=\"index, follow, max-snippet:-1, max-image-preview:large, max-video-preview:-1\" \/>\n<link rel=\"canonical\" href=\"https:\/\/www.gastac.com\/pt-br\/produto\/mini-atuador\/\" \/>\n<meta property=\"og:locale\" content=\"pt_BR\" \/>\n<meta property=\"og:type\" content=\"article\" \/>\n<meta property=\"og:title\" content=\"mini atuador\" \/>\n<meta property=\"og:description\" content=\"mini atuador O mini atuador\u00a0\u00e9 pequeno, leve, silencioso e muito dur\u00e1vel. O atuador linear de 100 mm\u00a0\u00e9 semelhante ao atuador [...]\" \/>\n<meta property=\"og:url\" content=\"https:\/\/www.gastac.com\/pt-br\/produto\/mini-atuador\/\" \/>\n<meta property=\"og:site_name\" content=\"Gastac Gas Spring\" \/>\n<meta property=\"article:publisher\" content=\"https:\/\/www.facebook.com\/profile.php?id=100092358464608\" \/>\n<meta property=\"article:modified_time\" content=\"2025-11-18T02:29:30+00:00\" \/>\n<meta property=\"og:image\" content=\"https:\/\/www.gastac.com\/wp-content\/uploads\/2025\/11\/mini-linear-actuator-1-300x300-1-2.webp\" \/>\n\t<meta property=\"og:image:width\" content=\"300\" \/>\n\t<meta property=\"og:image:height\" content=\"300\" \/>\n\t<meta property=\"og:image:type\" content=\"image\/webp\" \/>\n<meta name=\"twitter:card\" content=\"summary_large_image\" \/>\n<meta name=\"twitter:label1\" content=\"Est. tempo de leitura\" \/>\n\t<meta name=\"twitter:data1\" content=\"1 minuto\" \/>\n<script type=\"application\/ld+json\" class=\"yoast-schema-graph\">{\"@context\":\"https:\\\/\\\/schema.org\",\"@graph\":[{\"@type\":\"WebPage\",\"@id\":\"https:\\\/\\\/www.gastac.com\\\/pt-br\\\/produto\\\/mini-atuador\\\/\",\"url\":\"https:\\\/\\\/www.gastac.com\\\/pt-br\\\/produto\\\/mini-atuador\\\/\",\"name\":\"mini atuador | Gastac Gas Spring\",\"isPartOf\":{\"@id\":\"https:\\\/\\\/www.gastac.com\\\/pt-br\\\/#website\"},\"primaryImageOfPage\":{\"@id\":\"https:\\\/\\\/www.gastac.com\\\/pt-br\\\/produto\\\/mini-atuador\\\/#primaryimage\"},\"image\":{\"@id\":\"https:\\\/\\\/www.gastac.com\\\/pt-br\\\/produto\\\/mini-atuador\\\/#primaryimage\"},\"thumbnailUrl\":\"https:\\\/\\\/www.gastac.com\\\/wp-content\\\/uploads\\\/2025\\\/11\\\/mini-linear-actuator-1-300x300-1-2.webp\",\"datePublished\":\"2025-11-18T02:29:29+00:00\",\"dateModified\":\"2025-11-18T02:29:30+00:00\",\"breadcrumb\":{\"@id\":\"https:\\\/\\\/www.gastac.com\\\/pt-br\\\/produto\\\/mini-atuador\\\/#breadcrumb\"},\"inLanguage\":\"pt-BR\",\"potentialAction\":[{\"@type\":\"ReadAction\",\"target\":[\"https:\\\/\\\/www.gastac.com\\\/pt-br\\\/produto\\\/mini-atuador\\\/\"]}]},{\"@type\":\"ImageObject\",\"inLanguage\":\"pt-BR\",\"@id\":\"https:\\\/\\\/www.gastac.com\\\/pt-br\\\/produto\\\/mini-atuador\\\/#primaryimage\",\"url\":\"https:\\\/\\\/www.gastac.com\\\/wp-content\\\/uploads\\\/2025\\\/11\\\/mini-linear-actuator-1-300x300-1-2.webp\",\"contentUrl\":\"https:\\\/\\\/www.gastac.com\\\/wp-content\\\/uploads\\\/2025\\\/11\\\/mini-linear-actuator-1-300x300-1-2.webp\",\"width\":300,\"height\":300,\"caption\":\"mini linear actuator 1 300x300 1\"},{\"@type\":\"BreadcrumbList\",\"@id\":\"https:\\\/\\\/www.gastac.com\\\/pt-br\\\/produto\\\/mini-atuador\\\/#breadcrumb\",\"itemListElement\":[{\"@type\":\"ListItem\",\"position\":1,\"name\":\"Home\",\"item\":\"https:\\\/\\\/www.gastac.com\\\/pt-br\\\/\"},{\"@type\":\"ListItem\",\"position\":2,\"name\":\"products\",\"item\":\"https:\\\/\\\/www.gastac.com\\\/pt-br\\\/products\\\/\"},{\"@type\":\"ListItem\",\"position\":3,\"name\":\"Sem categoria\",\"item\":\"https:\\\/\\\/www.gastac.com\\\/pt-br\\\/product-category\\\/sem-categoria\\\/\"},{\"@type\":\"ListItem\",\"position\":4,\"name\":\"mini atuador\"}]},{\"@type\":\"WebSite\",\"@id\":\"https:\\\/\\\/www.gastac.com\\\/pt-br\\\/#website\",\"url\":\"https:\\\/\\\/www.gastac.com\\\/pt-br\\\/\",\"name\":\"Gastac Gas Spring\",\"description\":\"China\u2019s Leading Gas Springs &amp; Struts Manufacturer\",\"publisher\":{\"@id\":\"https:\\\/\\\/www.gastac.com\\\/pt-br\\\/#organization\"},\"potentialAction\":[{\"@type\":\"SearchAction\",\"target\":{\"@type\":\"EntryPoint\",\"urlTemplate\":\"https:\\\/\\\/www.gastac.com\\\/pt-br\\\/?s={search_term_string}\"},\"query-input\":{\"@type\":\"PropertyValueSpecification\",\"valueRequired\":true,\"valueName\":\"search_term_string\"}}],\"inLanguage\":\"pt-BR\"},{\"@type\":\"Organization\",\"@id\":\"https:\\\/\\\/www.gastac.com\\\/pt-br\\\/#organization\",\"name\":\"Ningbo Gastac Gas Spring Co.,Ltd\",\"url\":\"https:\\\/\\\/www.gastac.com\\\/pt-br\\\/\",\"logo\":{\"@type\":\"ImageObject\",\"inLanguage\":\"pt-BR\",\"@id\":\"https:\\\/\\\/www.gastac.com\\\/pt-br\\\/#\\\/schema\\\/logo\\\/image\\\/\",\"url\":\"https:\\\/\\\/www.gastac.com\\\/wp-content\\\/uploads\\\/2025\\\/09\\\/LOGO\u672c\u8272-\u9ed1.webp\",\"contentUrl\":\"https:\\\/\\\/www.gastac.com\\\/wp-content\\\/uploads\\\/2025\\\/09\\\/LOGO\u672c\u8272-\u9ed1.webp\",\"width\":1920,\"height\":1080,\"caption\":\"Ningbo Gastac Gas Spring Co.,Ltd\"},\"image\":{\"@id\":\"https:\\\/\\\/www.gastac.com\\\/pt-br\\\/#\\\/schema\\\/logo\\\/image\\\/\"},\"sameAs\":[\"https:\\\/\\\/www.facebook.com\\\/profile.php?id=100092358464608\",\"https:\\\/\\\/www.youtube.com\\\/@Gastac-Gas-Spring\",\"https:\\\/\\\/www.linkedin.com\\\/in\\\/gastac-gas-spring\\\/\",\"https:\\\/\\\/www.instagram.com\\\/gastacgasspring\\\/\"]}]}<\/script>\n<!-- \/ Yoast SEO Premium plugin. -->","yoast_head_json":{"title":"mini atuador | Gastac Gas Spring","robots":{"index":"index","follow":"follow","max-snippet":"max-snippet:-1","max-image-preview":"max-image-preview:large","max-video-preview":"max-video-preview:-1"},"canonical":"https:\/\/www.gastac.com\/pt-br\/produto\/mini-atuador\/","og_locale":"pt_BR","og_type":"article","og_title":"mini atuador","og_description":"mini atuador O mini atuador\u00a0\u00e9 pequeno, leve, silencioso e muito dur\u00e1vel. O atuador linear de 100 mm\u00a0\u00e9 semelhante ao atuador [...]","og_url":"https:\/\/www.gastac.com\/pt-br\/produto\/mini-atuador\/","og_site_name":"Gastac Gas Spring","article_publisher":"https:\/\/www.facebook.com\/profile.php?id=100092358464608","article_modified_time":"2025-11-18T02:29:30+00:00","og_image":[{"width":300,"height":300,"url":"https:\/\/www.gastac.com\/wp-content\/uploads\/2025\/11\/mini-linear-actuator-1-300x300-1-2.webp","type":"image\/webp"}],"twitter_card":"summary_large_image","twitter_misc":{"Est. tempo de leitura":"1 minuto"},"schema":{"@context":"https:\/\/schema.org","@graph":[{"@type":"WebPage","@id":"https:\/\/www.gastac.com\/pt-br\/produto\/mini-atuador\/","url":"https:\/\/www.gastac.com\/pt-br\/produto\/mini-atuador\/","name":"mini atuador | Gastac Gas Spring","isPartOf":{"@id":"https:\/\/www.gastac.com\/pt-br\/#website"},"primaryImageOfPage":{"@id":"https:\/\/www.gastac.com\/pt-br\/produto\/mini-atuador\/#primaryimage"},"image":{"@id":"https:\/\/www.gastac.com\/pt-br\/produto\/mini-atuador\/#primaryimage"},"thumbnailUrl":"https:\/\/www.gastac.com\/wp-content\/uploads\/2025\/11\/mini-linear-actuator-1-300x300-1-2.webp","datePublished":"2025-11-18T02:29:29+00:00","dateModified":"2025-11-18T02:29:30+00:00","breadcrumb":{"@id":"https:\/\/www.gastac.com\/pt-br\/produto\/mini-atuador\/#breadcrumb"},"inLanguage":"pt-BR","potentialAction":[{"@type":"ReadAction","target":["https:\/\/www.gastac.com\/pt-br\/produto\/mini-atuador\/"]}]},{"@type":"ImageObject","inLanguage":"pt-BR","@id":"https:\/\/www.gastac.com\/pt-br\/produto\/mini-atuador\/#primaryimage","url":"https:\/\/www.gastac.com\/wp-content\/uploads\/2025\/11\/mini-linear-actuator-1-300x300-1-2.webp","contentUrl":"https:\/\/www.gastac.com\/wp-content\/uploads\/2025\/11\/mini-linear-actuator-1-300x300-1-2.webp","width":300,"height":300,"caption":"mini linear actuator 1 300x300 1"},{"@type":"BreadcrumbList","@id":"https:\/\/www.gastac.com\/pt-br\/produto\/mini-atuador\/#breadcrumb","itemListElement":[{"@type":"ListItem","position":1,"name":"Home","item":"https:\/\/www.gastac.com\/pt-br\/"},{"@type":"ListItem","position":2,"name":"products","item":"https:\/\/www.gastac.com\/pt-br\/products\/"},{"@type":"ListItem","position":3,"name":"Sem categoria","item":"https:\/\/www.gastac.com\/pt-br\/product-category\/sem-categoria\/"},{"@type":"ListItem","position":4,"name":"mini atuador"}]},{"@type":"WebSite","@id":"https:\/\/www.gastac.com\/pt-br\/#website","url":"https:\/\/www.gastac.com\/pt-br\/","name":"Gastac Gas Spring","description":"China\u2019s Leading Gas Springs &amp; Struts Manufacturer","publisher":{"@id":"https:\/\/www.gastac.com\/pt-br\/#organization"},"potentialAction":[{"@type":"SearchAction","target":{"@type":"EntryPoint","urlTemplate":"https:\/\/www.gastac.com\/pt-br\/?s={search_term_string}"},"query-input":{"@type":"PropertyValueSpecification","valueRequired":true,"valueName":"search_term_string"}}],"inLanguage":"pt-BR"},{"@type":"Organization","@id":"https:\/\/www.gastac.com\/pt-br\/#organization","name":"Ningbo Gastac Gas Spring Co.,Ltd","url":"https:\/\/www.gastac.com\/pt-br\/","logo":{"@type":"ImageObject","inLanguage":"pt-BR","@id":"https:\/\/www.gastac.com\/pt-br\/#\/schema\/logo\/image\/","url":"https:\/\/www.gastac.com\/wp-content\/uploads\/2025\/09\/LOGO\u672c\u8272-\u9ed1.webp","contentUrl":"https:\/\/www.gastac.com\/wp-content\/uploads\/2025\/09\/LOGO\u672c\u8272-\u9ed1.webp","width":1920,"height":1080,"caption":"Ningbo Gastac Gas Spring Co.,Ltd"},"image":{"@id":"https:\/\/www.gastac.com\/pt-br\/#\/schema\/logo\/image\/"},"sameAs":["https:\/\/www.facebook.com\/profile.php?id=100092358464608","https:\/\/www.youtube.com\/@Gastac-Gas-Spring","https:\/\/www.linkedin.com\/in\/gastac-gas-spring\/","https:\/\/www.instagram.com\/gastacgasspring\/"]}]}},"_links":{"self":[{"href":"https:\/\/www.gastac.com\/pt-br\/wp-json\/wp\/v2\/product\/22965","targetHints":{"allow":["GET"]}}],"collection":[{"href":"https:\/\/www.gastac.com\/pt-br\/wp-json\/wp\/v2\/product"}],"about":[{"href":"https:\/\/www.gastac.com\/pt-br\/wp-json\/wp\/v2\/types\/product"}],"replies":[{"embeddable":true,"href":"https:\/\/www.gastac.com\/pt-br\/wp-json\/wp\/v2\/comments?post=22965"}],"wp:featuredmedia":[{"embeddable":true,"href":"https:\/\/www.gastac.com\/pt-br\/wp-json\/wp\/v2\/media\/22966"}],"wp:attachment":[{"href":"https:\/\/www.gastac.com\/pt-br\/wp-json\/wp\/v2\/media?parent=22965"}],"wp:term":[{"taxonomy":"product_brand","embeddable":true,"href":"https:\/\/www.gastac.com\/pt-br\/wp-json\/wp\/v2\/product_brand?post=22965"},{"taxonomy":"product_cat","embeddable":true,"href":"https:\/\/www.gastac.com\/pt-br\/wp-json\/wp\/v2\/product_cat?post=22965"},{"taxonomy":"product_tag","embeddable":true,"href":"https:\/\/www.gastac.com\/pt-br\/wp-json\/wp\/v2\/product_tag?post=22965"}],"curies":[{"name":"wp","href":"https:\/\/api.w.org\/{rel}","templated":true}]}}