{"id":22877,"date":"2025-11-18T01:30:32","date_gmt":"2025-11-18T01:30:32","guid":{"rendered":"https:\/\/www.gastac.com\/?post_type=product&#038;p=22877"},"modified":"2025-11-18T01:30:33","modified_gmt":"2025-11-18T01:30:33","slug":"amortecedores-de-gas-bloqueaveis","status":"publish","type":"product","link":"https:\/\/www.gastac.com\/pt-br\/produto\/amortecedores-de-gas-bloqueaveis\/","title":{"rendered":"Amortecedores de g\u00e1s bloque\u00e1veis"},"content":{"rendered":"<p><strong>amortecedores de g\u00e1s bloque\u00e1veis<\/strong><\/p>\n<p>Se tiver requisitos diferentes para o seu produto, contacte-nos. Precisamos de saber o peso, o comprimento do curso e o comprimento total para podermos conceber amortecedores de g\u00e1s bloque\u00e1veis de acordo com os requisitos do seu produto.<br \/>\n<img class=\"lazyload\" decoding=\"async\" src=\"data:image\/gif;base64,R0lGODlhAQABAAAAACH5BAEKAAEALAAAAAABAAEAAAICTAEAOw==\" data-orig-src=\"https:\/\/www.gastac.com\/wp-content\/uploads\/2023\/08\/amortecedores-de-gas-bloqueaveis-0-400x400.jpg\" alt=\"amortecedores de g\u00e1s bloque\u00e1veis \" \/><img class=\"lazyload\" decoding=\"async\" src=\"data:image\/gif;base64,R0lGODlhAQABAAAAACH5BAEKAAEALAAAAAABAAEAAAICTAEAOw==\" data-orig-src=\"https:\/\/www.gastac.com\/wp-content\/uploads\/2023\/08\/amortecedores-de-gas-bloqueaveis-37-400x400.png\" alt=\"amortecedores de g\u00e1s bloque\u00e1veis \" \/><br \/>\nOs\u00a0amortecedores de g\u00e1s bloque\u00e1veis\u00a0t\u00eam tr\u00eas fun\u00e7\u00f5es: molas a g\u00e1s de bloqueio el\u00e1stico, molas a g\u00e1s de bloqueio de extens\u00e3o r\u00edgida e molas a g\u00e1s de bloqueio de compress\u00e3o r\u00edgida.<\/p>\n<p>Embora os nomes sejam diferentes, as fun\u00e7\u00f5es dos amortecedores de g\u00e1s bloque\u00e1veis\u00a0s\u00e3o as mesmas.<\/p>\n<p>A Gastac pode fornecer mecanismos de v\u00e1lvulas de alta precis\u00e3o com caracter\u00edsticas inteligentes que acrescentam valor ao produto final, enquanto a mola de g\u00e1s incorporada melhora a qualidade da aplica\u00e7\u00e3o e torna o produto final mais competitivo.<br \/>\n<img class=\"lazyload\" decoding=\"async\" src=\"data:image\/gif;base64,R0lGODlhAQABAAAAACH5BAEKAAEALAAAAAABAAEAAAICTAEAOw==\" data-orig-src=\"https:\/\/www.gastac.com\/wp-content\/uploads\/2023\/08\/mola-a-gas-bloqueavel-8-400x400.jpg\" alt=\"amortecedores de g\u00e1s bloque\u00e1veis \" \/><img decoding=\"async\" class=\"lazyload \" src=\"data:image\/svg+xml,%3Csvg%20xmlns%3D%27http%3A%2F%2Fwww.w3.org%2F2000%2Fsvg%27%20width%3D%27399%27%20height%3D%27399%27%20viewBox%3D%270%200%20399%20399%27%3E%3Crect%20width%3D%27399%27%20height%3D%27399%27%20fill-opacity%3D%220%22%2F%3E%3C%2Fsvg%3E\" data-orig-src=\"https:\/\/www.gastac.com\/wp-content\/uploads\/2023\/08\/amortecedores-de-gas-bloqueaveis-856.jpg\" alt=\"amortecedores de g\u00e1s bloque\u00e1veis \" width=\"399\" height=\"399\" \/><\/p>\n","protected":false},"excerpt":{"rendered":"<p>amortecedores de g\u00e1s bloque\u00e1veis Se tiver requisitos diferentes para o seu produto, contacte-nos. Precisamos de saber o peso, o comprimento  [&#8230;]<\/p>\n","protected":false},"featured_media":22885,"comment_status":"open","ping_status":"closed","template":"","meta":[],"product_brand":[],"product_cat":[112],"product_tag":[],"class_list":{"0":"post-22877","1":"product","2":"type-product","3":"status-publish","4":"has-post-thumbnail","6":"product_cat-sem-categoria","8":"first","9":"instock","10":"shipping-taxable","11":"product-type-simple"},"yoast_head":"<!-- This site is optimized with the Yoast SEO Premium plugin v26.2 (Yoast SEO v27.4) - https:\/\/yoast.com\/product\/yoast-seo-premium-wordpress\/ -->\n<title>Amortecedores de g\u00e1s bloque\u00e1veis | Gastac Gas Spring<\/title>\n<meta name=\"robots\" content=\"index, follow, max-snippet:-1, max-image-preview:large, max-video-preview:-1\" \/>\n<link rel=\"canonical\" href=\"https:\/\/www.gastac.com\/pt-br\/produto\/amortecedores-de-gas-bloqueaveis\/\" \/>\n<meta property=\"og:locale\" content=\"pt_BR\" \/>\n<meta property=\"og:type\" content=\"article\" \/>\n<meta property=\"og:title\" content=\"Amortecedores de g\u00e1s bloque\u00e1veis\" \/>\n<meta property=\"og:description\" content=\"amortecedores de g\u00e1s bloque\u00e1veis Se tiver requisitos diferentes para o seu produto, contacte-nos. Precisamos de saber o peso, o comprimento [...]\" \/>\n<meta property=\"og:url\" content=\"https:\/\/www.gastac.com\/pt-br\/produto\/amortecedores-de-gas-bloqueaveis\/\" \/>\n<meta property=\"og:site_name\" content=\"Gastac Gas Spring\" \/>\n<meta property=\"article:publisher\" content=\"https:\/\/www.facebook.com\/profile.php?id=100092358464608\" \/>\n<meta property=\"article:modified_time\" content=\"2025-11-18T01:30:33+00:00\" \/>\n<meta property=\"og:image\" content=\"https:\/\/www.gastac.com\/wp-content\/uploads\/2025\/11\/amortecedores-de-gas-bloqueaveis-8797.webp\" \/>\n\t<meta property=\"og:image:width\" content=\"600\" \/>\n\t<meta property=\"og:image:height\" content=\"600\" \/>\n\t<meta property=\"og:image:type\" content=\"image\/webp\" \/>\n<meta name=\"twitter:card\" content=\"summary_large_image\" \/>\n<meta name=\"twitter:label1\" content=\"Est. tempo de leitura\" \/>\n\t<meta name=\"twitter:data1\" content=\"1 minuto\" \/>\n<script type=\"application\/ld+json\" class=\"yoast-schema-graph\">{\"@context\":\"https:\\\/\\\/schema.org\",\"@graph\":[{\"@type\":\"WebPage\",\"@id\":\"https:\\\/\\\/www.gastac.com\\\/pt-br\\\/produto\\\/amortecedores-de-gas-bloqueaveis\\\/\",\"url\":\"https:\\\/\\\/www.gastac.com\\\/pt-br\\\/produto\\\/amortecedores-de-gas-bloqueaveis\\\/\",\"name\":\"Amortecedores de g\u00e1s bloque\u00e1veis | Gastac Gas Spring\",\"isPartOf\":{\"@id\":\"https:\\\/\\\/www.gastac.com\\\/pt-br\\\/#website\"},\"primaryImageOfPage\":{\"@id\":\"https:\\\/\\\/www.gastac.com\\\/pt-br\\\/produto\\\/amortecedores-de-gas-bloqueaveis\\\/#primaryimage\"},\"image\":{\"@id\":\"https:\\\/\\\/www.gastac.com\\\/pt-br\\\/produto\\\/amortecedores-de-gas-bloqueaveis\\\/#primaryimage\"},\"thumbnailUrl\":\"https:\\\/\\\/www.gastac.com\\\/wp-content\\\/uploads\\\/2025\\\/11\\\/amortecedores-de-gas-bloqueaveis-8797.webp\",\"datePublished\":\"2025-11-18T01:30:32+00:00\",\"dateModified\":\"2025-11-18T01:30:33+00:00\",\"breadcrumb\":{\"@id\":\"https:\\\/\\\/www.gastac.com\\\/pt-br\\\/produto\\\/amortecedores-de-gas-bloqueaveis\\\/#breadcrumb\"},\"inLanguage\":\"pt-BR\",\"potentialAction\":[{\"@type\":\"ReadAction\",\"target\":[\"https:\\\/\\\/www.gastac.com\\\/pt-br\\\/produto\\\/amortecedores-de-gas-bloqueaveis\\\/\"]}]},{\"@type\":\"ImageObject\",\"inLanguage\":\"pt-BR\",\"@id\":\"https:\\\/\\\/www.gastac.com\\\/pt-br\\\/produto\\\/amortecedores-de-gas-bloqueaveis\\\/#primaryimage\",\"url\":\"https:\\\/\\\/www.gastac.com\\\/wp-content\\\/uploads\\\/2025\\\/11\\\/amortecedores-de-gas-bloqueaveis-8797.webp\",\"contentUrl\":\"https:\\\/\\\/www.gastac.com\\\/wp-content\\\/uploads\\\/2025\\\/11\\\/amortecedores-de-gas-bloqueaveis-8797.webp\",\"width\":600,\"height\":600,\"caption\":\"amortecedores de gas bloqueaveis 8797\"},{\"@type\":\"BreadcrumbList\",\"@id\":\"https:\\\/\\\/www.gastac.com\\\/pt-br\\\/produto\\\/amortecedores-de-gas-bloqueaveis\\\/#breadcrumb\",\"itemListElement\":[{\"@type\":\"ListItem\",\"position\":1,\"name\":\"Home\",\"item\":\"https:\\\/\\\/www.gastac.com\\\/pt-br\\\/\"},{\"@type\":\"ListItem\",\"position\":2,\"name\":\"products\",\"item\":\"https:\\\/\\\/www.gastac.com\\\/pt-br\\\/products\\\/\"},{\"@type\":\"ListItem\",\"position\":3,\"name\":\"Sem categoria\",\"item\":\"https:\\\/\\\/www.gastac.com\\\/pt-br\\\/product-category\\\/sem-categoria\\\/\"},{\"@type\":\"ListItem\",\"position\":4,\"name\":\"Amortecedores de g\u00e1s bloque\u00e1veis\"}]},{\"@type\":\"WebSite\",\"@id\":\"https:\\\/\\\/www.gastac.com\\\/pt-br\\\/#website\",\"url\":\"https:\\\/\\\/www.gastac.com\\\/pt-br\\\/\",\"name\":\"Gastac Gas Spring\",\"description\":\"China\u2019s Leading Gas Springs &amp; Struts Manufacturer\",\"publisher\":{\"@id\":\"https:\\\/\\\/www.gastac.com\\\/pt-br\\\/#organization\"},\"potentialAction\":[{\"@type\":\"SearchAction\",\"target\":{\"@type\":\"EntryPoint\",\"urlTemplate\":\"https:\\\/\\\/www.gastac.com\\\/pt-br\\\/?s={search_term_string}\"},\"query-input\":{\"@type\":\"PropertyValueSpecification\",\"valueRequired\":true,\"valueName\":\"search_term_string\"}}],\"inLanguage\":\"pt-BR\"},{\"@type\":\"Organization\",\"@id\":\"https:\\\/\\\/www.gastac.com\\\/pt-br\\\/#organization\",\"name\":\"Ningbo Gastac Gas Spring Co.,Ltd\",\"url\":\"https:\\\/\\\/www.gastac.com\\\/pt-br\\\/\",\"logo\":{\"@type\":\"ImageObject\",\"inLanguage\":\"pt-BR\",\"@id\":\"https:\\\/\\\/www.gastac.com\\\/pt-br\\\/#\\\/schema\\\/logo\\\/image\\\/\",\"url\":\"https:\\\/\\\/www.gastac.com\\\/wp-content\\\/uploads\\\/2025\\\/09\\\/LOGO\u672c\u8272-\u9ed1.webp\",\"contentUrl\":\"https:\\\/\\\/www.gastac.com\\\/wp-content\\\/uploads\\\/2025\\\/09\\\/LOGO\u672c\u8272-\u9ed1.webp\",\"width\":1920,\"height\":1080,\"caption\":\"Ningbo Gastac Gas Spring Co.,Ltd\"},\"image\":{\"@id\":\"https:\\\/\\\/www.gastac.com\\\/pt-br\\\/#\\\/schema\\\/logo\\\/image\\\/\"},\"sameAs\":[\"https:\\\/\\\/www.facebook.com\\\/profile.php?id=100092358464608\",\"https:\\\/\\\/www.youtube.com\\\/@Gastac-Gas-Spring\",\"https:\\\/\\\/www.linkedin.com\\\/in\\\/gastac-gas-spring\\\/\",\"https:\\\/\\\/www.instagram.com\\\/gastacgasspring\\\/\"]}]}<\/script>\n<!-- \/ Yoast SEO Premium plugin. -->","yoast_head_json":{"title":"Amortecedores de g\u00e1s bloque\u00e1veis | Gastac Gas Spring","robots":{"index":"index","follow":"follow","max-snippet":"max-snippet:-1","max-image-preview":"max-image-preview:large","max-video-preview":"max-video-preview:-1"},"canonical":"https:\/\/www.gastac.com\/pt-br\/produto\/amortecedores-de-gas-bloqueaveis\/","og_locale":"pt_BR","og_type":"article","og_title":"Amortecedores de g\u00e1s bloque\u00e1veis","og_description":"amortecedores de g\u00e1s bloque\u00e1veis Se tiver requisitos diferentes para o seu produto, contacte-nos. Precisamos de saber o peso, o comprimento [...]","og_url":"https:\/\/www.gastac.com\/pt-br\/produto\/amortecedores-de-gas-bloqueaveis\/","og_site_name":"Gastac Gas Spring","article_publisher":"https:\/\/www.facebook.com\/profile.php?id=100092358464608","article_modified_time":"2025-11-18T01:30:33+00:00","og_image":[{"width":600,"height":600,"url":"https:\/\/www.gastac.com\/wp-content\/uploads\/2025\/11\/amortecedores-de-gas-bloqueaveis-8797.webp","type":"image\/webp"}],"twitter_card":"summary_large_image","twitter_misc":{"Est. tempo de leitura":"1 minuto"},"schema":{"@context":"https:\/\/schema.org","@graph":[{"@type":"WebPage","@id":"https:\/\/www.gastac.com\/pt-br\/produto\/amortecedores-de-gas-bloqueaveis\/","url":"https:\/\/www.gastac.com\/pt-br\/produto\/amortecedores-de-gas-bloqueaveis\/","name":"Amortecedores de g\u00e1s bloque\u00e1veis | Gastac Gas Spring","isPartOf":{"@id":"https:\/\/www.gastac.com\/pt-br\/#website"},"primaryImageOfPage":{"@id":"https:\/\/www.gastac.com\/pt-br\/produto\/amortecedores-de-gas-bloqueaveis\/#primaryimage"},"image":{"@id":"https:\/\/www.gastac.com\/pt-br\/produto\/amortecedores-de-gas-bloqueaveis\/#primaryimage"},"thumbnailUrl":"https:\/\/www.gastac.com\/wp-content\/uploads\/2025\/11\/amortecedores-de-gas-bloqueaveis-8797.webp","datePublished":"2025-11-18T01:30:32+00:00","dateModified":"2025-11-18T01:30:33+00:00","breadcrumb":{"@id":"https:\/\/www.gastac.com\/pt-br\/produto\/amortecedores-de-gas-bloqueaveis\/#breadcrumb"},"inLanguage":"pt-BR","potentialAction":[{"@type":"ReadAction","target":["https:\/\/www.gastac.com\/pt-br\/produto\/amortecedores-de-gas-bloqueaveis\/"]}]},{"@type":"ImageObject","inLanguage":"pt-BR","@id":"https:\/\/www.gastac.com\/pt-br\/produto\/amortecedores-de-gas-bloqueaveis\/#primaryimage","url":"https:\/\/www.gastac.com\/wp-content\/uploads\/2025\/11\/amortecedores-de-gas-bloqueaveis-8797.webp","contentUrl":"https:\/\/www.gastac.com\/wp-content\/uploads\/2025\/11\/amortecedores-de-gas-bloqueaveis-8797.webp","width":600,"height":600,"caption":"amortecedores de gas bloqueaveis 8797"},{"@type":"BreadcrumbList","@id":"https:\/\/www.gastac.com\/pt-br\/produto\/amortecedores-de-gas-bloqueaveis\/#breadcrumb","itemListElement":[{"@type":"ListItem","position":1,"name":"Home","item":"https:\/\/www.gastac.com\/pt-br\/"},{"@type":"ListItem","position":2,"name":"products","item":"https:\/\/www.gastac.com\/pt-br\/products\/"},{"@type":"ListItem","position":3,"name":"Sem categoria","item":"https:\/\/www.gastac.com\/pt-br\/product-category\/sem-categoria\/"},{"@type":"ListItem","position":4,"name":"Amortecedores de g\u00e1s bloque\u00e1veis"}]},{"@type":"WebSite","@id":"https:\/\/www.gastac.com\/pt-br\/#website","url":"https:\/\/www.gastac.com\/pt-br\/","name":"Gastac Gas Spring","description":"China\u2019s Leading Gas Springs &amp; Struts Manufacturer","publisher":{"@id":"https:\/\/www.gastac.com\/pt-br\/#organization"},"potentialAction":[{"@type":"SearchAction","target":{"@type":"EntryPoint","urlTemplate":"https:\/\/www.gastac.com\/pt-br\/?s={search_term_string}"},"query-input":{"@type":"PropertyValueSpecification","valueRequired":true,"valueName":"search_term_string"}}],"inLanguage":"pt-BR"},{"@type":"Organization","@id":"https:\/\/www.gastac.com\/pt-br\/#organization","name":"Ningbo Gastac Gas Spring Co.,Ltd","url":"https:\/\/www.gastac.com\/pt-br\/","logo":{"@type":"ImageObject","inLanguage":"pt-BR","@id":"https:\/\/www.gastac.com\/pt-br\/#\/schema\/logo\/image\/","url":"https:\/\/www.gastac.com\/wp-content\/uploads\/2025\/09\/LOGO\u672c\u8272-\u9ed1.webp","contentUrl":"https:\/\/www.gastac.com\/wp-content\/uploads\/2025\/09\/LOGO\u672c\u8272-\u9ed1.webp","width":1920,"height":1080,"caption":"Ningbo Gastac Gas Spring Co.,Ltd"},"image":{"@id":"https:\/\/www.gastac.com\/pt-br\/#\/schema\/logo\/image\/"},"sameAs":["https:\/\/www.facebook.com\/profile.php?id=100092358464608","https:\/\/www.youtube.com\/@Gastac-Gas-Spring","https:\/\/www.linkedin.com\/in\/gastac-gas-spring\/","https:\/\/www.instagram.com\/gastacgasspring\/"]}]}},"_links":{"self":[{"href":"https:\/\/www.gastac.com\/pt-br\/wp-json\/wp\/v2\/product\/22877","targetHints":{"allow":["GET"]}}],"collection":[{"href":"https:\/\/www.gastac.com\/pt-br\/wp-json\/wp\/v2\/product"}],"about":[{"href":"https:\/\/www.gastac.com\/pt-br\/wp-json\/wp\/v2\/types\/product"}],"replies":[{"embeddable":true,"href":"https:\/\/www.gastac.com\/pt-br\/wp-json\/wp\/v2\/comments?post=22877"}],"wp:featuredmedia":[{"embeddable":true,"href":"https:\/\/www.gastac.com\/pt-br\/wp-json\/wp\/v2\/media\/22885"}],"wp:attachment":[{"href":"https:\/\/www.gastac.com\/pt-br\/wp-json\/wp\/v2\/media?parent=22877"}],"wp:term":[{"taxonomy":"product_brand","embeddable":true,"href":"https:\/\/www.gastac.com\/pt-br\/wp-json\/wp\/v2\/product_brand?post=22877"},{"taxonomy":"product_cat","embeddable":true,"href":"https:\/\/www.gastac.com\/pt-br\/wp-json\/wp\/v2\/product_cat?post=22877"},{"taxonomy":"product_tag","embeddable":true,"href":"https:\/\/www.gastac.com\/pt-br\/wp-json\/wp\/v2\/product_tag?post=22877"}],"curies":[{"name":"wp","href":"https:\/\/api.w.org\/{rel}","templated":true}]}}