{"id":22837,"date":"2025-11-18T00:42:29","date_gmt":"2025-11-18T00:42:29","guid":{"rendered":"https:\/\/www.gastac.com\/?post_type=product&#038;p=22837"},"modified":"2025-11-18T00:42:30","modified_gmt":"2025-11-18T00:42:30","slug":"amortecedor-a-gas-inox","status":"publish","type":"product","link":"https:\/\/www.gastac.com\/pt-br\/produto\/amortecedor-a-gas-inox\/","title":{"rendered":"Amortecedor a gas inox"},"content":{"rendered":"<p><strong>Amortecedor a gas inox<\/strong><\/p>\n<p>As molas a g\u00e1s de a\u00e7o inoxid\u00e1vel tamb\u00e9m s\u00e3o conhecidas como molas a g\u00e1s marinhas \u2013 molas a g\u00e1s marinhas de a\u00e7o inoxid\u00e1vel, molas a g\u00e1s de a\u00e7o inoxid\u00e1vel \u2013 molas a g\u00e1s de a\u00e7o inoxid\u00e1vel marinhas \u2013 molas a g\u00e1s, s\u00e3o ideais para uso em ambientes adversos, como portas de acesso para turbinas e\u00f3licas offshore, tampas de motores, portas, tampas de escotilhas e aplica\u00e7\u00f5es que exigem alto grau de limpeza, como ind\u00fastrias aliment\u00edcias, farmac\u00eauticas e m\u00e9dicas.<\/p>\n<p>Como as molas a g\u00e1s de a\u00e7o inoxid\u00e1vel s\u00e3o resistentes \u00e0 ferrugem, a esteriliza\u00e7\u00e3o geralmente \u00e9 essencial. Portanto, o maquin\u00e1rio e os materiais utilizados n\u00e3o devem reagir ao meio ambiente e podem ser esterilizados, se necess\u00e1rio, especialmente para seguran\u00e7a alimentar e garantia de qualidade.<br \/>\n<img decoding=\"async\" class=\"lazyload \" src=\"data:image\/svg+xml,%3Csvg%20xmlns%3D%27http%3A%2F%2Fwww.w3.org%2F2000%2Fsvg%27%20width%3D%27346%27%20height%3D%27346%27%20viewBox%3D%270%200%20346%20346%27%3E%3Crect%20width%3D%27346%27%20height%3D%27346%27%20fill-opacity%3D%220%22%2F%3E%3C%2Fsvg%3E\" data-orig-src=\"https:\/\/www.gastac.com\/wp-content\/uploads\/2023\/08\/amortecedor-a-gas-inox-2.png\" alt=\"Amortecedor a gas inox\" width=\"346\" height=\"346\" \/><img decoding=\"async\" class=\"lazyload \" src=\"data:image\/svg+xml,%3Csvg%20xmlns%3D%27http%3A%2F%2Fwww.w3.org%2F2000%2Fsvg%27%20width%3D%27344%27%20height%3D%27344%27%20viewBox%3D%270%200%20344%20344%27%3E%3Crect%20width%3D%27344%27%20height%3D%27344%27%20fill-opacity%3D%220%22%2F%3E%3C%2Fsvg%3E\" data-orig-src=\"https:\/\/www.gastac.com\/wp-content\/uploads\/2023\/08\/amortecedor-a-gas-inox.png\" alt=\"Amortecedor a gas inox\" width=\"344\" height=\"344\" \/><br \/>\nOferecemos uma ampla gama de molas a g\u00e1s de a\u00e7o inoxid\u00e1vel, Gastac tem molas a g\u00e1s em miniatura, molas a g\u00e1s de compress\u00e3o, molas a g\u00e1s de bloqueio e molas a g\u00e1s de tens\u00e3o em a\u00e7o inoxid\u00e1vel 316L. Tamb\u00e9m temos em estoque nossos tamanhos de mola a g\u00e1s de compress\u00e3o de a\u00e7o inoxid\u00e1vel 316L mais populares. Todos os outros produtos s\u00e3o feitos sob encomenda.<\/p>\n<p>O amortecedor a g\u00e1s de a\u00e7o inoxid\u00e1vel tamb\u00e9m \u00e9 chamado de elevador a g\u00e1s marinho, amortecedor a g\u00e1s marinho, amortecedor a g\u00e1s marinho, amortecedor a g\u00e1s marinho. A extremidade da haste do amortecedor pneum\u00e1tico mar\u00edtimo deve ser instalada abaixo do corpo principal. Isso ajuda a reter o \u00f3leo na veda\u00e7\u00e3o para fins de lubrifica\u00e7\u00e3o.<\/p>\n<p>As molas a g\u00e1s de a\u00e7o inoxid\u00e1vel de alta qualidade 50-3500N podem ser usadas nas ind\u00fastrias industrial, automotiva e mar\u00edtima. As molas a g\u00e1s Gastac n\u00e3o est\u00e3o dispon\u00edveis apenas nas classes 316 e 316L, tamb\u00e9m oferecemos a\u00e7o inoxid\u00e1vel 304.<\/p>\n<p>Se voc\u00ea precisar solicitar amortecedor a gas inox de a\u00e7o inoxid\u00e1vel para aplica\u00e7\u00f5es de reposi\u00e7\u00e3o, entre em contato conosco e nossos engenheiros desenvolver\u00e3o uma solu\u00e7\u00e3o personalizada para voc\u00ea, incluindo projeto, fabrica\u00e7\u00e3o e estoque.<\/p>\n<p><strong>Aplica\u00e7\u00e3o de Mola a G\u00e1s\uff1a<\/strong><br \/>\n<img decoding=\"async\" class=\"lazyload \" src=\"data:image\/svg+xml,%3Csvg%20xmlns%3D%27http%3A%2F%2Fwww.w3.org%2F2000%2Fsvg%27%20width%3D%27276%27%20height%3D%27370%27%20viewBox%3D%270%200%20276%20370%27%3E%3Crect%20width%3D%27276%27%20height%3D%27370%27%20fill-opacity%3D%220%22%2F%3E%3C%2Fsvg%3E\" data-orig-src=\"https:\/\/gastac.com\/wp-content\/uploads\/2023\/08\/mola-a-gas-inox-3.jpg\" alt=\"Amortecedor a gas inox\" width=\"276\" height=\"370\" \/><img decoding=\"async\" class=\"lazyload \" src=\"data:image\/svg+xml,%3Csvg%20xmlns%3D%27http%3A%2F%2Fwww.w3.org%2F2000%2Fsvg%27%20width%3D%27343%27%20height%3D%27371%27%20viewBox%3D%270%200%20343%20371%27%3E%3Crect%20width%3D%27343%27%20height%3D%27371%27%20fill-opacity%3D%220%22%2F%3E%3C%2Fsvg%3E\" data-orig-src=\"https:\/\/gastac.com\/wp-content\/uploads\/2023\/08\/mola-a-gas-inox-5.jpg\" alt=\"Amortecedor a gas inox\" width=\"343\" height=\"371\" \/><img decoding=\"async\" class=\"lazyload \" src=\"data:image\/svg+xml,%3Csvg%20xmlns%3D%27http%3A%2F%2Fwww.w3.org%2F2000%2Fsvg%27%20width%3D%27248%27%20height%3D%27372%27%20viewBox%3D%270%200%20248%20372%27%3E%3Crect%20width%3D%27248%27%20height%3D%27372%27%20fill-opacity%3D%220%22%2F%3E%3C%2Fsvg%3E\" data-orig-src=\"https:\/\/gastac.com\/wp-content\/uploads\/2023\/08\/mola-a-gas-inox-6.jpg\" alt=\"Amortecedor a gas inox\" width=\"248\" height=\"372\" \/><\/p>\n","protected":false},"excerpt":{"rendered":"<p>Amortecedor a gas inox As molas a g\u00e1s de a\u00e7o inoxid\u00e1vel tamb\u00e9m s\u00e3o conhecidas como molas a g\u00e1s marinhas \u2013  [&#8230;]<\/p>\n","protected":false},"featured_media":22838,"comment_status":"open","ping_status":"closed","template":"","meta":[],"product_brand":[],"product_cat":[112],"product_tag":[],"class_list":{"0":"post-22837","1":"product","2":"type-product","3":"status-publish","4":"has-post-thumbnail","6":"product_cat-sem-categoria","8":"first","9":"instock","10":"shipping-taxable","11":"product-type-simple"},"yoast_head":"<!-- This site is optimized with the Yoast SEO Premium plugin v26.2 (Yoast SEO v27.4) - https:\/\/yoast.com\/product\/yoast-seo-premium-wordpress\/ -->\n<title>Amortecedor a gas inox | Gastac Gas Spring<\/title>\n<meta name=\"robots\" content=\"index, follow, max-snippet:-1, max-image-preview:large, max-video-preview:-1\" \/>\n<link rel=\"canonical\" href=\"https:\/\/www.gastac.com\/pt-br\/produto\/amortecedor-a-gas-inox\/\" \/>\n<meta property=\"og:locale\" content=\"pt_BR\" \/>\n<meta property=\"og:type\" content=\"article\" \/>\n<meta property=\"og:title\" content=\"Amortecedor a gas inox\" \/>\n<meta property=\"og:description\" content=\"Amortecedor a gas inox As molas a g\u00e1s de a\u00e7o inoxid\u00e1vel tamb\u00e9m s\u00e3o conhecidas como molas a g\u00e1s marinhas \u2013 [...]\" \/>\n<meta property=\"og:url\" content=\"https:\/\/www.gastac.com\/pt-br\/produto\/amortecedor-a-gas-inox\/\" \/>\n<meta property=\"og:site_name\" content=\"Gastac Gas Spring\" \/>\n<meta property=\"article:publisher\" content=\"https:\/\/www.facebook.com\/profile.php?id=100092358464608\" \/>\n<meta property=\"article:modified_time\" content=\"2025-11-18T00:42:30+00:00\" \/>\n<meta property=\"og:image\" content=\"https:\/\/www.gastac.com\/wp-content\/uploads\/2025\/11\/amortecedor-a-gas-inox.webp\" \/>\n\t<meta property=\"og:image:width\" content=\"600\" \/>\n\t<meta property=\"og:image:height\" content=\"600\" \/>\n\t<meta property=\"og:image:type\" content=\"image\/webp\" \/>\n<meta name=\"twitter:card\" content=\"summary_large_image\" \/>\n<meta name=\"twitter:label1\" content=\"Est. tempo de leitura\" \/>\n\t<meta name=\"twitter:data1\" content=\"1 minuto\" \/>\n<script type=\"application\/ld+json\" class=\"yoast-schema-graph\">{\"@context\":\"https:\\\/\\\/schema.org\",\"@graph\":[{\"@type\":\"WebPage\",\"@id\":\"https:\\\/\\\/www.gastac.com\\\/pt-br\\\/produto\\\/amortecedor-a-gas-inox\\\/\",\"url\":\"https:\\\/\\\/www.gastac.com\\\/pt-br\\\/produto\\\/amortecedor-a-gas-inox\\\/\",\"name\":\"Amortecedor a gas inox | Gastac Gas Spring\",\"isPartOf\":{\"@id\":\"https:\\\/\\\/www.gastac.com\\\/pt-br\\\/#website\"},\"primaryImageOfPage\":{\"@id\":\"https:\\\/\\\/www.gastac.com\\\/pt-br\\\/produto\\\/amortecedor-a-gas-inox\\\/#primaryimage\"},\"image\":{\"@id\":\"https:\\\/\\\/www.gastac.com\\\/pt-br\\\/produto\\\/amortecedor-a-gas-inox\\\/#primaryimage\"},\"thumbnailUrl\":\"https:\\\/\\\/www.gastac.com\\\/wp-content\\\/uploads\\\/2025\\\/11\\\/amortecedor-a-gas-inox.webp\",\"datePublished\":\"2025-11-18T00:42:29+00:00\",\"dateModified\":\"2025-11-18T00:42:30+00:00\",\"breadcrumb\":{\"@id\":\"https:\\\/\\\/www.gastac.com\\\/pt-br\\\/produto\\\/amortecedor-a-gas-inox\\\/#breadcrumb\"},\"inLanguage\":\"pt-BR\",\"potentialAction\":[{\"@type\":\"ReadAction\",\"target\":[\"https:\\\/\\\/www.gastac.com\\\/pt-br\\\/produto\\\/amortecedor-a-gas-inox\\\/\"]}]},{\"@type\":\"ImageObject\",\"inLanguage\":\"pt-BR\",\"@id\":\"https:\\\/\\\/www.gastac.com\\\/pt-br\\\/produto\\\/amortecedor-a-gas-inox\\\/#primaryimage\",\"url\":\"https:\\\/\\\/www.gastac.com\\\/wp-content\\\/uploads\\\/2025\\\/11\\\/amortecedor-a-gas-inox.webp\",\"contentUrl\":\"https:\\\/\\\/www.gastac.com\\\/wp-content\\\/uploads\\\/2025\\\/11\\\/amortecedor-a-gas-inox.webp\",\"width\":600,\"height\":600,\"caption\":\"amortecedor a gas inox\"},{\"@type\":\"BreadcrumbList\",\"@id\":\"https:\\\/\\\/www.gastac.com\\\/pt-br\\\/produto\\\/amortecedor-a-gas-inox\\\/#breadcrumb\",\"itemListElement\":[{\"@type\":\"ListItem\",\"position\":1,\"name\":\"Home\",\"item\":\"https:\\\/\\\/www.gastac.com\\\/pt-br\\\/\"},{\"@type\":\"ListItem\",\"position\":2,\"name\":\"products\",\"item\":\"https:\\\/\\\/www.gastac.com\\\/pt-br\\\/products\\\/\"},{\"@type\":\"ListItem\",\"position\":3,\"name\":\"Sem categoria\",\"item\":\"https:\\\/\\\/www.gastac.com\\\/pt-br\\\/product-category\\\/sem-categoria\\\/\"},{\"@type\":\"ListItem\",\"position\":4,\"name\":\"Amortecedor a gas inox\"}]},{\"@type\":\"WebSite\",\"@id\":\"https:\\\/\\\/www.gastac.com\\\/pt-br\\\/#website\",\"url\":\"https:\\\/\\\/www.gastac.com\\\/pt-br\\\/\",\"name\":\"Gastac Gas Spring\",\"description\":\"China\u2019s Leading Gas Springs &amp; Struts Manufacturer\",\"publisher\":{\"@id\":\"https:\\\/\\\/www.gastac.com\\\/pt-br\\\/#organization\"},\"potentialAction\":[{\"@type\":\"SearchAction\",\"target\":{\"@type\":\"EntryPoint\",\"urlTemplate\":\"https:\\\/\\\/www.gastac.com\\\/pt-br\\\/?s={search_term_string}\"},\"query-input\":{\"@type\":\"PropertyValueSpecification\",\"valueRequired\":true,\"valueName\":\"search_term_string\"}}],\"inLanguage\":\"pt-BR\"},{\"@type\":\"Organization\",\"@id\":\"https:\\\/\\\/www.gastac.com\\\/pt-br\\\/#organization\",\"name\":\"Ningbo Gastac Gas Spring Co.,Ltd\",\"url\":\"https:\\\/\\\/www.gastac.com\\\/pt-br\\\/\",\"logo\":{\"@type\":\"ImageObject\",\"inLanguage\":\"pt-BR\",\"@id\":\"https:\\\/\\\/www.gastac.com\\\/pt-br\\\/#\\\/schema\\\/logo\\\/image\\\/\",\"url\":\"https:\\\/\\\/www.gastac.com\\\/wp-content\\\/uploads\\\/2025\\\/09\\\/LOGO\u672c\u8272-\u9ed1.webp\",\"contentUrl\":\"https:\\\/\\\/www.gastac.com\\\/wp-content\\\/uploads\\\/2025\\\/09\\\/LOGO\u672c\u8272-\u9ed1.webp\",\"width\":1920,\"height\":1080,\"caption\":\"Ningbo Gastac Gas Spring Co.,Ltd\"},\"image\":{\"@id\":\"https:\\\/\\\/www.gastac.com\\\/pt-br\\\/#\\\/schema\\\/logo\\\/image\\\/\"},\"sameAs\":[\"https:\\\/\\\/www.facebook.com\\\/profile.php?id=100092358464608\",\"https:\\\/\\\/www.youtube.com\\\/@Gastac-Gas-Spring\",\"https:\\\/\\\/www.linkedin.com\\\/in\\\/gastac-gas-spring\\\/\",\"https:\\\/\\\/www.instagram.com\\\/gastacgasspring\\\/\"]}]}<\/script>\n<!-- \/ Yoast SEO Premium plugin. -->","yoast_head_json":{"title":"Amortecedor a gas inox | Gastac Gas Spring","robots":{"index":"index","follow":"follow","max-snippet":"max-snippet:-1","max-image-preview":"max-image-preview:large","max-video-preview":"max-video-preview:-1"},"canonical":"https:\/\/www.gastac.com\/pt-br\/produto\/amortecedor-a-gas-inox\/","og_locale":"pt_BR","og_type":"article","og_title":"Amortecedor a gas inox","og_description":"Amortecedor a gas inox As molas a g\u00e1s de a\u00e7o inoxid\u00e1vel tamb\u00e9m s\u00e3o conhecidas como molas a g\u00e1s marinhas \u2013 [...]","og_url":"https:\/\/www.gastac.com\/pt-br\/produto\/amortecedor-a-gas-inox\/","og_site_name":"Gastac Gas Spring","article_publisher":"https:\/\/www.facebook.com\/profile.php?id=100092358464608","article_modified_time":"2025-11-18T00:42:30+00:00","og_image":[{"width":600,"height":600,"url":"https:\/\/www.gastac.com\/wp-content\/uploads\/2025\/11\/amortecedor-a-gas-inox.webp","type":"image\/webp"}],"twitter_card":"summary_large_image","twitter_misc":{"Est. tempo de leitura":"1 minuto"},"schema":{"@context":"https:\/\/schema.org","@graph":[{"@type":"WebPage","@id":"https:\/\/www.gastac.com\/pt-br\/produto\/amortecedor-a-gas-inox\/","url":"https:\/\/www.gastac.com\/pt-br\/produto\/amortecedor-a-gas-inox\/","name":"Amortecedor a gas inox | Gastac Gas Spring","isPartOf":{"@id":"https:\/\/www.gastac.com\/pt-br\/#website"},"primaryImageOfPage":{"@id":"https:\/\/www.gastac.com\/pt-br\/produto\/amortecedor-a-gas-inox\/#primaryimage"},"image":{"@id":"https:\/\/www.gastac.com\/pt-br\/produto\/amortecedor-a-gas-inox\/#primaryimage"},"thumbnailUrl":"https:\/\/www.gastac.com\/wp-content\/uploads\/2025\/11\/amortecedor-a-gas-inox.webp","datePublished":"2025-11-18T00:42:29+00:00","dateModified":"2025-11-18T00:42:30+00:00","breadcrumb":{"@id":"https:\/\/www.gastac.com\/pt-br\/produto\/amortecedor-a-gas-inox\/#breadcrumb"},"inLanguage":"pt-BR","potentialAction":[{"@type":"ReadAction","target":["https:\/\/www.gastac.com\/pt-br\/produto\/amortecedor-a-gas-inox\/"]}]},{"@type":"ImageObject","inLanguage":"pt-BR","@id":"https:\/\/www.gastac.com\/pt-br\/produto\/amortecedor-a-gas-inox\/#primaryimage","url":"https:\/\/www.gastac.com\/wp-content\/uploads\/2025\/11\/amortecedor-a-gas-inox.webp","contentUrl":"https:\/\/www.gastac.com\/wp-content\/uploads\/2025\/11\/amortecedor-a-gas-inox.webp","width":600,"height":600,"caption":"amortecedor a gas inox"},{"@type":"BreadcrumbList","@id":"https:\/\/www.gastac.com\/pt-br\/produto\/amortecedor-a-gas-inox\/#breadcrumb","itemListElement":[{"@type":"ListItem","position":1,"name":"Home","item":"https:\/\/www.gastac.com\/pt-br\/"},{"@type":"ListItem","position":2,"name":"products","item":"https:\/\/www.gastac.com\/pt-br\/products\/"},{"@type":"ListItem","position":3,"name":"Sem categoria","item":"https:\/\/www.gastac.com\/pt-br\/product-category\/sem-categoria\/"},{"@type":"ListItem","position":4,"name":"Amortecedor a gas inox"}]},{"@type":"WebSite","@id":"https:\/\/www.gastac.com\/pt-br\/#website","url":"https:\/\/www.gastac.com\/pt-br\/","name":"Gastac Gas Spring","description":"China\u2019s Leading Gas Springs &amp; Struts Manufacturer","publisher":{"@id":"https:\/\/www.gastac.com\/pt-br\/#organization"},"potentialAction":[{"@type":"SearchAction","target":{"@type":"EntryPoint","urlTemplate":"https:\/\/www.gastac.com\/pt-br\/?s={search_term_string}"},"query-input":{"@type":"PropertyValueSpecification","valueRequired":true,"valueName":"search_term_string"}}],"inLanguage":"pt-BR"},{"@type":"Organization","@id":"https:\/\/www.gastac.com\/pt-br\/#organization","name":"Ningbo Gastac Gas Spring Co.,Ltd","url":"https:\/\/www.gastac.com\/pt-br\/","logo":{"@type":"ImageObject","inLanguage":"pt-BR","@id":"https:\/\/www.gastac.com\/pt-br\/#\/schema\/logo\/image\/","url":"https:\/\/www.gastac.com\/wp-content\/uploads\/2025\/09\/LOGO\u672c\u8272-\u9ed1.webp","contentUrl":"https:\/\/www.gastac.com\/wp-content\/uploads\/2025\/09\/LOGO\u672c\u8272-\u9ed1.webp","width":1920,"height":1080,"caption":"Ningbo Gastac Gas Spring Co.,Ltd"},"image":{"@id":"https:\/\/www.gastac.com\/pt-br\/#\/schema\/logo\/image\/"},"sameAs":["https:\/\/www.facebook.com\/profile.php?id=100092358464608","https:\/\/www.youtube.com\/@Gastac-Gas-Spring","https:\/\/www.linkedin.com\/in\/gastac-gas-spring\/","https:\/\/www.instagram.com\/gastacgasspring\/"]}]}},"_links":{"self":[{"href":"https:\/\/www.gastac.com\/pt-br\/wp-json\/wp\/v2\/product\/22837","targetHints":{"allow":["GET"]}}],"collection":[{"href":"https:\/\/www.gastac.com\/pt-br\/wp-json\/wp\/v2\/product"}],"about":[{"href":"https:\/\/www.gastac.com\/pt-br\/wp-json\/wp\/v2\/types\/product"}],"replies":[{"embeddable":true,"href":"https:\/\/www.gastac.com\/pt-br\/wp-json\/wp\/v2\/comments?post=22837"}],"wp:featuredmedia":[{"embeddable":true,"href":"https:\/\/www.gastac.com\/pt-br\/wp-json\/wp\/v2\/media\/22838"}],"wp:attachment":[{"href":"https:\/\/www.gastac.com\/pt-br\/wp-json\/wp\/v2\/media?parent=22837"}],"wp:term":[{"taxonomy":"product_brand","embeddable":true,"href":"https:\/\/www.gastac.com\/pt-br\/wp-json\/wp\/v2\/product_brand?post=22837"},{"taxonomy":"product_cat","embeddable":true,"href":"https:\/\/www.gastac.com\/pt-br\/wp-json\/wp\/v2\/product_cat?post=22837"},{"taxonomy":"product_tag","embeddable":true,"href":"https:\/\/www.gastac.com\/pt-br\/wp-json\/wp\/v2\/product_tag?post=22837"}],"curies":[{"name":"wp","href":"https:\/\/api.w.org\/{rel}","templated":true}]}}