{"id":15553,"date":"2025-11-08T04:03:29","date_gmt":"2025-11-08T04:03:29","guid":{"rendered":"https:\/\/www.gastac.com\/?post_type=product&#038;p=15553"},"modified":"2025-11-08T04:12:14","modified_gmt":"2025-11-08T04:12:14","slug":"atuador-linear-manual","status":"publish","type":"product","link":"https:\/\/www.gastac.com\/pt-br\/produto\/atuador-linear-manual\/","title":{"rendered":"atuador linear manual"},"content":{"rendered":"<p>atuador linear manual<\/p>\n<p>Funcionando com uma fonte de alimenta\u00e7\u00e3o de 12 volts DC, o atuador el\u00e9trico linear de 12v \u00e9 um tipo comum de atuador utilizado em muitas aplica\u00e7\u00f5es, tais como autom\u00f3vel, mar\u00edtima, rob\u00f3tica e dom\u00f3tica. Aqui est\u00e3o alguns factores chave a considerar ao escolher um atuador linear el\u00e9trico:<\/p>\n<p>Capacidade de carga: A capacidade de carga \u00e9 o peso m\u00e1ximo que o atuador pode levantar ou empurrar. \u00c9 necess\u00e1rio selecionar um atuador com uma capacidade de carga que possa suportar o peso da sua aplica\u00e7\u00e3o.<\/p>\n<p>Comprimento do Curso: O comprimento do curso \u00e9 a dist\u00e2ncia que o atuador pode estender e retrair. \u00c9 necess\u00e1rio selecionar um atuador com um comprimento de curso que satisfa\u00e7a as necessidades da sua aplica\u00e7\u00e3o.<br \/>\n<img class=\"lazyload\" decoding=\"async\" src=\"data:image\/gif;base64,R0lGODlhAQABAAAAACH5BAEKAAEALAAAAAABAAEAAAICTAEAOw==\" data-orig-src=\"https:\/\/www.gastac.com\/\/wp-content\/uploads\/2023\/08\/atuador-eletrico-12v-400x400.png\" alt=\"atuador linear manual\" \/><img class=\"lazyload\" decoding=\"async\" src=\"data:image\/gif;base64,R0lGODlhAQABAAAAACH5BAEKAAEALAAAAAABAAEAAAICTAEAOw==\" data-orig-src=\"https:\/\/www.gastac.com\/\/wp-content\/uploads\/2023\/08\/atuador-eletrico-12v-00-400x400.png\" alt=\"atuador linear manual\" \/><\/p>\n<p>Velocidade: A velocidade do atuador el\u00e9trico linear 12v afetar\u00e1 o desempenho geral da aplica\u00e7\u00e3o. \u00c9 necess\u00e1rio selecionar um atuador com a velocidade que satisfa\u00e7a os seus requisitos de precis\u00e3o e efici\u00eancia.<\/p>\n<p>Op\u00e7\u00f5es de Controlo: O atuador el\u00e9trico linear 12v pode ser controlado atrav\u00e9s de uma variedade de op\u00e7\u00f5es, tais como controlo remoto, painel de controlo com fios ou controlo por software. \u00c9 necess\u00e1rio escolher uma op\u00e7\u00e3o de controlo que seja f\u00e1cil de utilizar e que permita ajustes precisos.<\/p>\n<p>Op\u00e7\u00f5es de montagem: O atuador el\u00e9trico linear 12v pode ser montado de v\u00e1rias formas, como na horizontal, na vertical ou inclinado. Ter\u00e1 de selecionar um atuador com uma op\u00e7\u00e3o de montagem que corresponda \u00e0 sua aplica\u00e7\u00e3o.<\/p>\n<p>Ao montar o atuador el\u00e9trico 12v, certifique-se de que segue cuidadosamente as instru\u00e7\u00f5es do fabricante para garantir que o atuador est\u00e1 devidamente fixo \u00e0 superf\u00edcie de montagem. \u00c9 tamb\u00e9m uma boa ideia testar o funcionamento do atuador antes da utiliza\u00e7\u00e3o regular para garantir que est\u00e1 a funcionar corretamente.<\/p>\n<p>Aplica\u00e7\u00f5es:<\/p>\n<p>Camas de enfermagem el\u00e9ctricas, camas cir\u00fargicas, camas de tra\u00e7\u00e3o, cadeiras de massagem, cadeiras de dentista, cadeiras de rodas el\u00e9ctricas, sof\u00e1s el\u00e9ctricos, expositores el\u00e9ctricos, clarab\u00f3ias el\u00e9ctricas, mobili\u00e1rio ergon\u00f3mico e outras ocasi\u00f5es em que s\u00e3o necess\u00e1rios actuadores de movimento linear, muito f\u00e1ceis de instalar, e s\u00e3o amplamente utilizados nos dom\u00ednios dos cuidados m\u00e9dicos, prote\u00e7\u00e3o contra inc\u00eandios, casa, maquinaria el\u00e9ctrica, ind\u00fastria qu\u00edmica, artigos sanit\u00e1rios e lazer.<br \/>\n<img class=\"lazyload\" decoding=\"async\" src=\"data:image\/gif;base64,R0lGODlhAQABAAAAACH5BAEKAAEALAAAAAABAAEAAAICTAEAOw==\" data-orig-src=\"https:\/\/www.gastac.com\/\/wp-content\/uploads\/2023\/08\/atuador-eletrico-12v-87-400x400.jpg\" alt=\"atuador linear manual\" \/><img class=\"lazyload\" decoding=\"async\" src=\"data:image\/gif;base64,R0lGODlhAQABAAAAACH5BAEKAAEALAAAAAABAAEAAAICTAEAOw==\" data-orig-src=\"https:\/\/www.gastac.com\/\/wp-content\/uploads\/2023\/08\/atuador-eletrico-12v-5476-400x400.jpg\" alt=\"atuador linear manual\" \/><\/p>\n","protected":false},"excerpt":{"rendered":"<p>atuador linear manual Funcionando com uma fonte de alimenta\u00e7\u00e3o de 12 volts DC, o atuador el\u00e9trico linear de 12v \u00e9  [&#8230;]<\/p>\n","protected":false},"featured_media":15554,"comment_status":"open","ping_status":"closed","template":"","meta":[],"product_brand":[],"product_cat":[],"product_tag":[],"class_list":{"0":"post-15553","1":"product","2":"type-product","3":"status-publish","4":"has-post-thumbnail","7":"first","8":"instock","9":"shipping-taxable","10":"product-type-simple"},"yoast_head":"<!-- This site is optimized with the Yoast SEO Premium plugin v26.2 (Yoast SEO v27.4) - https:\/\/yoast.com\/product\/yoast-seo-premium-wordpress\/ -->\n<title>atuador linear manual | Gastac Gas Spring<\/title>\n<meta name=\"robots\" content=\"index, follow, max-snippet:-1, max-image-preview:large, max-video-preview:-1\" \/>\n<link rel=\"canonical\" href=\"https:\/\/www.gastac.com\/pt-br\/produto\/atuador-linear-manual\/\" \/>\n<meta property=\"og:locale\" content=\"pt_BR\" \/>\n<meta property=\"og:type\" content=\"article\" \/>\n<meta property=\"og:title\" content=\"atuador linear manual\" \/>\n<meta property=\"og:description\" content=\"atuador linear manual Funcionando com uma fonte de alimenta\u00e7\u00e3o de 12 volts DC, o atuador el\u00e9trico linear de 12v \u00e9 [...]\" \/>\n<meta property=\"og:url\" content=\"https:\/\/www.gastac.com\/pt-br\/produto\/atuador-linear-manual\/\" \/>\n<meta property=\"og:site_name\" content=\"Gastac Gas Spring\" \/>\n<meta property=\"article:publisher\" content=\"https:\/\/www.facebook.com\/profile.php?id=100092358464608\" \/>\n<meta property=\"article:modified_time\" content=\"2025-11-08T04:12:14+00:00\" \/>\n<meta property=\"og:image\" content=\"https:\/\/www.gastac.com\/wp-content\/uploads\/2025\/11\/atuador-linear-12v-0-1-400x400-1.webp\" \/>\n\t<meta property=\"og:image:width\" content=\"400\" \/>\n\t<meta property=\"og:image:height\" content=\"400\" \/>\n\t<meta property=\"og:image:type\" content=\"image\/webp\" \/>\n<meta name=\"twitter:card\" content=\"summary_large_image\" \/>\n<meta name=\"twitter:label1\" content=\"Est. tempo de leitura\" \/>\n\t<meta name=\"twitter:data1\" content=\"3 minutos\" \/>\n<script type=\"application\/ld+json\" class=\"yoast-schema-graph\">{\"@context\":\"https:\\\/\\\/schema.org\",\"@graph\":[{\"@type\":\"WebPage\",\"@id\":\"https:\\\/\\\/www.gastac.com\\\/pt-br\\\/produto\\\/atuador-linear-manual\\\/\",\"url\":\"https:\\\/\\\/www.gastac.com\\\/pt-br\\\/produto\\\/atuador-linear-manual\\\/\",\"name\":\"atuador linear manual | Gastac Gas Spring\",\"isPartOf\":{\"@id\":\"https:\\\/\\\/www.gastac.com\\\/pt-br\\\/#website\"},\"primaryImageOfPage\":{\"@id\":\"https:\\\/\\\/www.gastac.com\\\/pt-br\\\/produto\\\/atuador-linear-manual\\\/#primaryimage\"},\"image\":{\"@id\":\"https:\\\/\\\/www.gastac.com\\\/pt-br\\\/produto\\\/atuador-linear-manual\\\/#primaryimage\"},\"thumbnailUrl\":\"https:\\\/\\\/www.gastac.com\\\/wp-content\\\/uploads\\\/2025\\\/11\\\/atuador-linear-12v-0-1-400x400-1.webp\",\"datePublished\":\"2025-11-08T04:03:29+00:00\",\"dateModified\":\"2025-11-08T04:12:14+00:00\",\"breadcrumb\":{\"@id\":\"https:\\\/\\\/www.gastac.com\\\/pt-br\\\/produto\\\/atuador-linear-manual\\\/#breadcrumb\"},\"inLanguage\":\"pt-BR\",\"potentialAction\":[{\"@type\":\"ReadAction\",\"target\":[\"https:\\\/\\\/www.gastac.com\\\/pt-br\\\/produto\\\/atuador-linear-manual\\\/\"]}]},{\"@type\":\"ImageObject\",\"inLanguage\":\"pt-BR\",\"@id\":\"https:\\\/\\\/www.gastac.com\\\/pt-br\\\/produto\\\/atuador-linear-manual\\\/#primaryimage\",\"url\":\"https:\\\/\\\/www.gastac.com\\\/wp-content\\\/uploads\\\/2025\\\/11\\\/atuador-linear-12v-0-1-400x400-1.webp\",\"contentUrl\":\"https:\\\/\\\/www.gastac.com\\\/wp-content\\\/uploads\\\/2025\\\/11\\\/atuador-linear-12v-0-1-400x400-1.webp\",\"width\":400,\"height\":400,\"caption\":\"atuador linear 12v 0 1 400x400\"},{\"@type\":\"BreadcrumbList\",\"@id\":\"https:\\\/\\\/www.gastac.com\\\/pt-br\\\/produto\\\/atuador-linear-manual\\\/#breadcrumb\",\"itemListElement\":[{\"@type\":\"ListItem\",\"position\":1,\"name\":\"Home\",\"item\":\"https:\\\/\\\/www.gastac.com\\\/pt-br\\\/\"},{\"@type\":\"ListItem\",\"position\":2,\"name\":\"products\",\"item\":\"https:\\\/\\\/www.gastac.com\\\/pt-br\\\/products\\\/\"},{\"@type\":\"ListItem\",\"position\":3,\"name\":\"atuador linear manual\"}]},{\"@type\":\"WebSite\",\"@id\":\"https:\\\/\\\/www.gastac.com\\\/pt-br\\\/#website\",\"url\":\"https:\\\/\\\/www.gastac.com\\\/pt-br\\\/\",\"name\":\"Gastac Gas Spring\",\"description\":\"China\u2019s Leading Gas Springs &amp; Struts Manufacturer\",\"publisher\":{\"@id\":\"https:\\\/\\\/www.gastac.com\\\/pt-br\\\/#organization\"},\"potentialAction\":[{\"@type\":\"SearchAction\",\"target\":{\"@type\":\"EntryPoint\",\"urlTemplate\":\"https:\\\/\\\/www.gastac.com\\\/pt-br\\\/?s={search_term_string}\"},\"query-input\":{\"@type\":\"PropertyValueSpecification\",\"valueRequired\":true,\"valueName\":\"search_term_string\"}}],\"inLanguage\":\"pt-BR\"},{\"@type\":\"Organization\",\"@id\":\"https:\\\/\\\/www.gastac.com\\\/pt-br\\\/#organization\",\"name\":\"Ningbo Gastac Gas Spring Co.,Ltd\",\"url\":\"https:\\\/\\\/www.gastac.com\\\/pt-br\\\/\",\"logo\":{\"@type\":\"ImageObject\",\"inLanguage\":\"pt-BR\",\"@id\":\"https:\\\/\\\/www.gastac.com\\\/pt-br\\\/#\\\/schema\\\/logo\\\/image\\\/\",\"url\":\"https:\\\/\\\/www.gastac.com\\\/wp-content\\\/uploads\\\/2025\\\/09\\\/LOGO\u672c\u8272-\u9ed1.webp\",\"contentUrl\":\"https:\\\/\\\/www.gastac.com\\\/wp-content\\\/uploads\\\/2025\\\/09\\\/LOGO\u672c\u8272-\u9ed1.webp\",\"width\":1920,\"height\":1080,\"caption\":\"Ningbo Gastac Gas Spring Co.,Ltd\"},\"image\":{\"@id\":\"https:\\\/\\\/www.gastac.com\\\/pt-br\\\/#\\\/schema\\\/logo\\\/image\\\/\"},\"sameAs\":[\"https:\\\/\\\/www.facebook.com\\\/profile.php?id=100092358464608\",\"https:\\\/\\\/www.youtube.com\\\/@Gastac-Gas-Spring\",\"https:\\\/\\\/www.linkedin.com\\\/in\\\/gastac-gas-spring\\\/\",\"https:\\\/\\\/www.instagram.com\\\/gastacgasspring\\\/\"]}]}<\/script>\n<!-- \/ Yoast SEO Premium plugin. -->","yoast_head_json":{"title":"atuador linear manual | Gastac Gas Spring","robots":{"index":"index","follow":"follow","max-snippet":"max-snippet:-1","max-image-preview":"max-image-preview:large","max-video-preview":"max-video-preview:-1"},"canonical":"https:\/\/www.gastac.com\/pt-br\/produto\/atuador-linear-manual\/","og_locale":"pt_BR","og_type":"article","og_title":"atuador linear manual","og_description":"atuador linear manual Funcionando com uma fonte de alimenta\u00e7\u00e3o de 12 volts DC, o atuador el\u00e9trico linear de 12v \u00e9 [...]","og_url":"https:\/\/www.gastac.com\/pt-br\/produto\/atuador-linear-manual\/","og_site_name":"Gastac Gas Spring","article_publisher":"https:\/\/www.facebook.com\/profile.php?id=100092358464608","article_modified_time":"2025-11-08T04:12:14+00:00","og_image":[{"width":400,"height":400,"url":"https:\/\/www.gastac.com\/wp-content\/uploads\/2025\/11\/atuador-linear-12v-0-1-400x400-1.webp","type":"image\/webp"}],"twitter_card":"summary_large_image","twitter_misc":{"Est. tempo de leitura":"3 minutos"},"schema":{"@context":"https:\/\/schema.org","@graph":[{"@type":"WebPage","@id":"https:\/\/www.gastac.com\/pt-br\/produto\/atuador-linear-manual\/","url":"https:\/\/www.gastac.com\/pt-br\/produto\/atuador-linear-manual\/","name":"atuador linear manual | Gastac Gas Spring","isPartOf":{"@id":"https:\/\/www.gastac.com\/pt-br\/#website"},"primaryImageOfPage":{"@id":"https:\/\/www.gastac.com\/pt-br\/produto\/atuador-linear-manual\/#primaryimage"},"image":{"@id":"https:\/\/www.gastac.com\/pt-br\/produto\/atuador-linear-manual\/#primaryimage"},"thumbnailUrl":"https:\/\/www.gastac.com\/wp-content\/uploads\/2025\/11\/atuador-linear-12v-0-1-400x400-1.webp","datePublished":"2025-11-08T04:03:29+00:00","dateModified":"2025-11-08T04:12:14+00:00","breadcrumb":{"@id":"https:\/\/www.gastac.com\/pt-br\/produto\/atuador-linear-manual\/#breadcrumb"},"inLanguage":"pt-BR","potentialAction":[{"@type":"ReadAction","target":["https:\/\/www.gastac.com\/pt-br\/produto\/atuador-linear-manual\/"]}]},{"@type":"ImageObject","inLanguage":"pt-BR","@id":"https:\/\/www.gastac.com\/pt-br\/produto\/atuador-linear-manual\/#primaryimage","url":"https:\/\/www.gastac.com\/wp-content\/uploads\/2025\/11\/atuador-linear-12v-0-1-400x400-1.webp","contentUrl":"https:\/\/www.gastac.com\/wp-content\/uploads\/2025\/11\/atuador-linear-12v-0-1-400x400-1.webp","width":400,"height":400,"caption":"atuador linear 12v 0 1 400x400"},{"@type":"BreadcrumbList","@id":"https:\/\/www.gastac.com\/pt-br\/produto\/atuador-linear-manual\/#breadcrumb","itemListElement":[{"@type":"ListItem","position":1,"name":"Home","item":"https:\/\/www.gastac.com\/pt-br\/"},{"@type":"ListItem","position":2,"name":"products","item":"https:\/\/www.gastac.com\/pt-br\/products\/"},{"@type":"ListItem","position":3,"name":"atuador linear manual"}]},{"@type":"WebSite","@id":"https:\/\/www.gastac.com\/pt-br\/#website","url":"https:\/\/www.gastac.com\/pt-br\/","name":"Gastac Gas Spring","description":"China\u2019s Leading Gas Springs &amp; Struts Manufacturer","publisher":{"@id":"https:\/\/www.gastac.com\/pt-br\/#organization"},"potentialAction":[{"@type":"SearchAction","target":{"@type":"EntryPoint","urlTemplate":"https:\/\/www.gastac.com\/pt-br\/?s={search_term_string}"},"query-input":{"@type":"PropertyValueSpecification","valueRequired":true,"valueName":"search_term_string"}}],"inLanguage":"pt-BR"},{"@type":"Organization","@id":"https:\/\/www.gastac.com\/pt-br\/#organization","name":"Ningbo Gastac Gas Spring Co.,Ltd","url":"https:\/\/www.gastac.com\/pt-br\/","logo":{"@type":"ImageObject","inLanguage":"pt-BR","@id":"https:\/\/www.gastac.com\/pt-br\/#\/schema\/logo\/image\/","url":"https:\/\/www.gastac.com\/wp-content\/uploads\/2025\/09\/LOGO\u672c\u8272-\u9ed1.webp","contentUrl":"https:\/\/www.gastac.com\/wp-content\/uploads\/2025\/09\/LOGO\u672c\u8272-\u9ed1.webp","width":1920,"height":1080,"caption":"Ningbo Gastac Gas Spring Co.,Ltd"},"image":{"@id":"https:\/\/www.gastac.com\/pt-br\/#\/schema\/logo\/image\/"},"sameAs":["https:\/\/www.facebook.com\/profile.php?id=100092358464608","https:\/\/www.youtube.com\/@Gastac-Gas-Spring","https:\/\/www.linkedin.com\/in\/gastac-gas-spring\/","https:\/\/www.instagram.com\/gastacgasspring\/"]}]}},"_links":{"self":[{"href":"https:\/\/www.gastac.com\/pt-br\/wp-json\/wp\/v2\/product\/15553","targetHints":{"allow":["GET"]}}],"collection":[{"href":"https:\/\/www.gastac.com\/pt-br\/wp-json\/wp\/v2\/product"}],"about":[{"href":"https:\/\/www.gastac.com\/pt-br\/wp-json\/wp\/v2\/types\/product"}],"replies":[{"embeddable":true,"href":"https:\/\/www.gastac.com\/pt-br\/wp-json\/wp\/v2\/comments?post=15553"}],"wp:featuredmedia":[{"embeddable":true,"href":"https:\/\/www.gastac.com\/pt-br\/wp-json\/wp\/v2\/media\/15554"}],"wp:attachment":[{"href":"https:\/\/www.gastac.com\/pt-br\/wp-json\/wp\/v2\/media?parent=15553"}],"wp:term":[{"taxonomy":"product_brand","embeddable":true,"href":"https:\/\/www.gastac.com\/pt-br\/wp-json\/wp\/v2\/product_brand?post=15553"},{"taxonomy":"product_cat","embeddable":true,"href":"https:\/\/www.gastac.com\/pt-br\/wp-json\/wp\/v2\/product_cat?post=15553"},{"taxonomy":"product_tag","embeddable":true,"href":"https:\/\/www.gastac.com\/pt-br\/wp-json\/wp\/v2\/product_tag?post=15553"}],"curies":[{"name":"wp","href":"https:\/\/api.w.org\/{rel}","templated":true}]}}