{"id":23715,"date":"2025-11-19T05:43:33","date_gmt":"2025-11-19T05:43:33","guid":{"rendered":"https:\/\/www.gastac.com\/?post_type=product&#038;p=23715"},"modified":"2025-11-19T05:43:34","modified_gmt":"2025-11-19T05:43:34","slug":"attuatore-lineare-24v","status":"publish","type":"product","link":"https:\/\/www.gastac.com\/nl\/product\/attuatore-lineare-24v\/","title":{"rendered":"Attuatore Lineare 24V"},"content":{"rendered":"<p><strong>Attuatore lineare 24v<\/strong><\/p>\n<p>La nostra gamma di attuatori lineari 24v comprende una vasta gamma di dispositivi silenziosi ma potenti per soddisfare numerose applicazioni che richiedono un movimento preciso con movimento lineare. Sono ideali per applicazioni in cui lo spazio di installazione \u00e8 limitato, come apribagagli o azionamenti per auto regolabili. A differenza dei motori elettrici tradizionali, che si muovono con un movimento circolare, gli attuatori lineari si muovono in linea retta. La capacit\u00e0 degli attuatori lineari 24v di spingere e tirare oltre che di scorrere, inclinare, alzare e abbassare li rende quindi un dispositivo versatile e affidabile.<\/p>\n<p>attuatore lineare 24vdc ha una variet\u00e0 di capacit\u00e0 di carico, lunghezza della corsa e velocit\u00e0. Gli attuatori lineari elettrici 24v sono inoltre dotati di interruttori di fine corsa che impediscono la bruciatura del gruppo o lo stallo del motore quando viene raggiunta la corsa massima, garantendo una lunga durata con una manutenzione minima.<\/p>\n<p>Caratterizzato da una gamma di attuatore lineare elettrico 24v silenziosi ma potenti per una variet\u00e0 di applicazioni.<br \/>\n<img decoding=\"async\" class=\"lazyload \" src=\"data:image\/svg+xml,%3Csvg%20xmlns%3D%27http%3A%2F%2Fwww.w3.org%2F2000%2Fsvg%27%20width%3D%27376%27%20height%3D%27282%27%20viewBox%3D%270%200%20376%20282%27%3E%3Crect%20width%3D%27376%27%20height%3D%27282%27%20fill-opacity%3D%220%22%2F%3E%3C%2Fsvg%3E\" data-orig-src=\"https:\/\/www.gastac.com\/wp-content\/uploads\/2023\/06\/attuatori-lineari-24v-1-533x400.jpg\" alt=\"Attuatore Lineare 24V \" width=\"376\" height=\"282\" \/><img decoding=\"async\" class=\"lazyload \" src=\"data:image\/svg+xml,%3Csvg%20xmlns%3D%27http%3A%2F%2Fwww.w3.org%2F2000%2Fsvg%27%20width%3D%27458%27%20height%3D%27288%27%20viewBox%3D%270%200%20458%20288%27%3E%3Crect%20width%3D%27458%27%20height%3D%27288%27%20fill-opacity%3D%220%22%2F%3E%3C%2Fsvg%3E\" data-orig-src=\"https:\/\/www.gastac.com\/wp-content\/uploads\/2023\/06\/attuatore-lineare-24v-600x377.jpg\" alt=\"Attuatore Lineare 24V \" width=\"458\" height=\"288\" \/><\/p>\n","protected":false},"excerpt":{"rendered":"<p>Attuatore lineare 24v La nostra gamma di attuatori lineari 24v comprende una vasta gamma di dispositivi silenziosi ma potenti per  [&#8230;]<\/p>\n","protected":false},"featured_media":23716,"comment_status":"open","ping_status":"closed","template":"","meta":[],"product_brand":[],"product_cat":[106],"product_tag":[],"class_list":{"0":"post-23715","1":"product","2":"type-product","3":"status-publish","4":"has-post-thumbnail","6":"product_cat-ongecategoriseerd","8":"first","9":"instock","10":"shipping-taxable","11":"product-type-simple"},"yoast_head":"<!-- This site is optimized with the Yoast SEO Premium plugin v26.2 (Yoast SEO v27.4) - https:\/\/yoast.com\/product\/yoast-seo-premium-wordpress\/ -->\n<title>Attuatore Lineare 24V | Gastac Gas Spring<\/title>\n<meta name=\"robots\" content=\"index, follow, max-snippet:-1, max-image-preview:large, max-video-preview:-1\" \/>\n<link rel=\"canonical\" href=\"https:\/\/www.gastac.com\/nl\/product\/attuatore-lineare-24v\/\" \/>\n<meta property=\"og:locale\" content=\"nl_NL\" \/>\n<meta property=\"og:type\" content=\"article\" \/>\n<meta property=\"og:title\" content=\"Attuatore Lineare 24V\" \/>\n<meta property=\"og:description\" content=\"Attuatore lineare 24v La nostra gamma di attuatori lineari 24v comprende una vasta gamma di dispositivi silenziosi ma potenti per [...]\" \/>\n<meta property=\"og:url\" content=\"https:\/\/www.gastac.com\/nl\/product\/attuatore-lineare-24v\/\" \/>\n<meta property=\"og:site_name\" content=\"Gastac Gas Spring\" \/>\n<meta property=\"article:publisher\" content=\"https:\/\/www.facebook.com\/profile.php?id=100092358464608\" \/>\n<meta property=\"article:modified_time\" content=\"2025-11-19T05:43:34+00:00\" \/>\n<meta property=\"og:image\" content=\"https:\/\/www.gastac.com\/wp-content\/uploads\/2025\/11\/attuatore-lineare-24vdc-600x600-1.webp\" \/>\n\t<meta property=\"og:image:width\" content=\"600\" \/>\n\t<meta property=\"og:image:height\" content=\"600\" \/>\n\t<meta property=\"og:image:type\" content=\"image\/webp\" \/>\n<meta name=\"twitter:card\" content=\"summary_large_image\" \/>\n<meta name=\"twitter:label1\" content=\"Geschatte leestijd\" \/>\n\t<meta name=\"twitter:data1\" content=\"1 minuut\" \/>\n<script type=\"application\/ld+json\" class=\"yoast-schema-graph\">{\"@context\":\"https:\\\/\\\/schema.org\",\"@graph\":[{\"@type\":\"WebPage\",\"@id\":\"https:\\\/\\\/www.gastac.com\\\/nl\\\/product\\\/attuatore-lineare-24v\\\/\",\"url\":\"https:\\\/\\\/www.gastac.com\\\/nl\\\/product\\\/attuatore-lineare-24v\\\/\",\"name\":\"Attuatore Lineare 24V | Gastac Gas Spring\",\"isPartOf\":{\"@id\":\"https:\\\/\\\/www.gastac.com\\\/nl\\\/#website\"},\"primaryImageOfPage\":{\"@id\":\"https:\\\/\\\/www.gastac.com\\\/nl\\\/product\\\/attuatore-lineare-24v\\\/#primaryimage\"},\"image\":{\"@id\":\"https:\\\/\\\/www.gastac.com\\\/nl\\\/product\\\/attuatore-lineare-24v\\\/#primaryimage\"},\"thumbnailUrl\":\"https:\\\/\\\/www.gastac.com\\\/wp-content\\\/uploads\\\/2025\\\/11\\\/attuatore-lineare-24vdc-600x600-1.webp\",\"datePublished\":\"2025-11-19T05:43:33+00:00\",\"dateModified\":\"2025-11-19T05:43:34+00:00\",\"breadcrumb\":{\"@id\":\"https:\\\/\\\/www.gastac.com\\\/nl\\\/product\\\/attuatore-lineare-24v\\\/#breadcrumb\"},\"inLanguage\":\"nl-NL\",\"potentialAction\":[{\"@type\":\"ReadAction\",\"target\":[\"https:\\\/\\\/www.gastac.com\\\/nl\\\/product\\\/attuatore-lineare-24v\\\/\"]}]},{\"@type\":\"ImageObject\",\"inLanguage\":\"nl-NL\",\"@id\":\"https:\\\/\\\/www.gastac.com\\\/nl\\\/product\\\/attuatore-lineare-24v\\\/#primaryimage\",\"url\":\"https:\\\/\\\/www.gastac.com\\\/wp-content\\\/uploads\\\/2025\\\/11\\\/attuatore-lineare-24vdc-600x600-1.webp\",\"contentUrl\":\"https:\\\/\\\/www.gastac.com\\\/wp-content\\\/uploads\\\/2025\\\/11\\\/attuatore-lineare-24vdc-600x600-1.webp\",\"width\":600,\"height\":600,\"caption\":\"attuatore lineare 24vdc 600x600\"},{\"@type\":\"BreadcrumbList\",\"@id\":\"https:\\\/\\\/www.gastac.com\\\/nl\\\/product\\\/attuatore-lineare-24v\\\/#breadcrumb\",\"itemListElement\":[{\"@type\":\"ListItem\",\"position\":1,\"name\":\"Home\",\"item\":\"https:\\\/\\\/www.gastac.com\\\/nl\\\/\"},{\"@type\":\"ListItem\",\"position\":2,\"name\":\"products\",\"item\":\"https:\\\/\\\/www.gastac.com\\\/nl\\\/products\\\/\"},{\"@type\":\"ListItem\",\"position\":3,\"name\":\"Ongecategoriseerd\",\"item\":\"https:\\\/\\\/www.gastac.com\\\/nl\\\/product-category\\\/ongecategoriseerd\\\/\"},{\"@type\":\"ListItem\",\"position\":4,\"name\":\"Attuatore Lineare 24V\"}]},{\"@type\":\"WebSite\",\"@id\":\"https:\\\/\\\/www.gastac.com\\\/nl\\\/#website\",\"url\":\"https:\\\/\\\/www.gastac.com\\\/nl\\\/\",\"name\":\"Gastac Gas Spring\",\"description\":\"China\u2019s Leading Gas Springs &amp; Struts Manufacturer\",\"publisher\":{\"@id\":\"https:\\\/\\\/www.gastac.com\\\/nl\\\/#organization\"},\"potentialAction\":[{\"@type\":\"SearchAction\",\"target\":{\"@type\":\"EntryPoint\",\"urlTemplate\":\"https:\\\/\\\/www.gastac.com\\\/nl\\\/?s={search_term_string}\"},\"query-input\":{\"@type\":\"PropertyValueSpecification\",\"valueRequired\":true,\"valueName\":\"search_term_string\"}}],\"inLanguage\":\"nl-NL\"},{\"@type\":\"Organization\",\"@id\":\"https:\\\/\\\/www.gastac.com\\\/nl\\\/#organization\",\"name\":\"Ningbo Gastac Gas Spring Co.,Ltd\",\"url\":\"https:\\\/\\\/www.gastac.com\\\/nl\\\/\",\"logo\":{\"@type\":\"ImageObject\",\"inLanguage\":\"nl-NL\",\"@id\":\"https:\\\/\\\/www.gastac.com\\\/nl\\\/#\\\/schema\\\/logo\\\/image\\\/\",\"url\":\"https:\\\/\\\/www.gastac.com\\\/wp-content\\\/uploads\\\/2025\\\/09\\\/LOGO\u672c\u8272-\u9ed1.webp\",\"contentUrl\":\"https:\\\/\\\/www.gastac.com\\\/wp-content\\\/uploads\\\/2025\\\/09\\\/LOGO\u672c\u8272-\u9ed1.webp\",\"width\":1920,\"height\":1080,\"caption\":\"Ningbo Gastac Gas Spring Co.,Ltd\"},\"image\":{\"@id\":\"https:\\\/\\\/www.gastac.com\\\/nl\\\/#\\\/schema\\\/logo\\\/image\\\/\"},\"sameAs\":[\"https:\\\/\\\/www.facebook.com\\\/profile.php?id=100092358464608\",\"https:\\\/\\\/www.youtube.com\\\/@Gastac-Gas-Spring\",\"https:\\\/\\\/www.linkedin.com\\\/in\\\/gastac-gas-spring\\\/\",\"https:\\\/\\\/www.instagram.com\\\/gastacgasspring\\\/\"]}]}<\/script>\n<!-- \/ Yoast SEO Premium plugin. -->","yoast_head_json":{"title":"Attuatore Lineare 24V | Gastac Gas Spring","robots":{"index":"index","follow":"follow","max-snippet":"max-snippet:-1","max-image-preview":"max-image-preview:large","max-video-preview":"max-video-preview:-1"},"canonical":"https:\/\/www.gastac.com\/nl\/product\/attuatore-lineare-24v\/","og_locale":"nl_NL","og_type":"article","og_title":"Attuatore Lineare 24V","og_description":"Attuatore lineare 24v La nostra gamma di attuatori lineari 24v comprende una vasta gamma di dispositivi silenziosi ma potenti per [...]","og_url":"https:\/\/www.gastac.com\/nl\/product\/attuatore-lineare-24v\/","og_site_name":"Gastac Gas Spring","article_publisher":"https:\/\/www.facebook.com\/profile.php?id=100092358464608","article_modified_time":"2025-11-19T05:43:34+00:00","og_image":[{"width":600,"height":600,"url":"https:\/\/www.gastac.com\/wp-content\/uploads\/2025\/11\/attuatore-lineare-24vdc-600x600-1.webp","type":"image\/webp"}],"twitter_card":"summary_large_image","twitter_misc":{"Geschatte leestijd":"1 minuut"},"schema":{"@context":"https:\/\/schema.org","@graph":[{"@type":"WebPage","@id":"https:\/\/www.gastac.com\/nl\/product\/attuatore-lineare-24v\/","url":"https:\/\/www.gastac.com\/nl\/product\/attuatore-lineare-24v\/","name":"Attuatore Lineare 24V | Gastac Gas Spring","isPartOf":{"@id":"https:\/\/www.gastac.com\/nl\/#website"},"primaryImageOfPage":{"@id":"https:\/\/www.gastac.com\/nl\/product\/attuatore-lineare-24v\/#primaryimage"},"image":{"@id":"https:\/\/www.gastac.com\/nl\/product\/attuatore-lineare-24v\/#primaryimage"},"thumbnailUrl":"https:\/\/www.gastac.com\/wp-content\/uploads\/2025\/11\/attuatore-lineare-24vdc-600x600-1.webp","datePublished":"2025-11-19T05:43:33+00:00","dateModified":"2025-11-19T05:43:34+00:00","breadcrumb":{"@id":"https:\/\/www.gastac.com\/nl\/product\/attuatore-lineare-24v\/#breadcrumb"},"inLanguage":"nl-NL","potentialAction":[{"@type":"ReadAction","target":["https:\/\/www.gastac.com\/nl\/product\/attuatore-lineare-24v\/"]}]},{"@type":"ImageObject","inLanguage":"nl-NL","@id":"https:\/\/www.gastac.com\/nl\/product\/attuatore-lineare-24v\/#primaryimage","url":"https:\/\/www.gastac.com\/wp-content\/uploads\/2025\/11\/attuatore-lineare-24vdc-600x600-1.webp","contentUrl":"https:\/\/www.gastac.com\/wp-content\/uploads\/2025\/11\/attuatore-lineare-24vdc-600x600-1.webp","width":600,"height":600,"caption":"attuatore lineare 24vdc 600x600"},{"@type":"BreadcrumbList","@id":"https:\/\/www.gastac.com\/nl\/product\/attuatore-lineare-24v\/#breadcrumb","itemListElement":[{"@type":"ListItem","position":1,"name":"Home","item":"https:\/\/www.gastac.com\/nl\/"},{"@type":"ListItem","position":2,"name":"products","item":"https:\/\/www.gastac.com\/nl\/products\/"},{"@type":"ListItem","position":3,"name":"Ongecategoriseerd","item":"https:\/\/www.gastac.com\/nl\/product-category\/ongecategoriseerd\/"},{"@type":"ListItem","position":4,"name":"Attuatore Lineare 24V"}]},{"@type":"WebSite","@id":"https:\/\/www.gastac.com\/nl\/#website","url":"https:\/\/www.gastac.com\/nl\/","name":"Gastac Gas Spring","description":"China\u2019s Leading Gas Springs &amp; Struts Manufacturer","publisher":{"@id":"https:\/\/www.gastac.com\/nl\/#organization"},"potentialAction":[{"@type":"SearchAction","target":{"@type":"EntryPoint","urlTemplate":"https:\/\/www.gastac.com\/nl\/?s={search_term_string}"},"query-input":{"@type":"PropertyValueSpecification","valueRequired":true,"valueName":"search_term_string"}}],"inLanguage":"nl-NL"},{"@type":"Organization","@id":"https:\/\/www.gastac.com\/nl\/#organization","name":"Ningbo Gastac Gas Spring Co.,Ltd","url":"https:\/\/www.gastac.com\/nl\/","logo":{"@type":"ImageObject","inLanguage":"nl-NL","@id":"https:\/\/www.gastac.com\/nl\/#\/schema\/logo\/image\/","url":"https:\/\/www.gastac.com\/wp-content\/uploads\/2025\/09\/LOGO\u672c\u8272-\u9ed1.webp","contentUrl":"https:\/\/www.gastac.com\/wp-content\/uploads\/2025\/09\/LOGO\u672c\u8272-\u9ed1.webp","width":1920,"height":1080,"caption":"Ningbo Gastac Gas Spring Co.,Ltd"},"image":{"@id":"https:\/\/www.gastac.com\/nl\/#\/schema\/logo\/image\/"},"sameAs":["https:\/\/www.facebook.com\/profile.php?id=100092358464608","https:\/\/www.youtube.com\/@Gastac-Gas-Spring","https:\/\/www.linkedin.com\/in\/gastac-gas-spring\/","https:\/\/www.instagram.com\/gastacgasspring\/"]}]}},"_links":{"self":[{"href":"https:\/\/www.gastac.com\/nl\/wp-json\/wp\/v2\/product\/23715","targetHints":{"allow":["GET"]}}],"collection":[{"href":"https:\/\/www.gastac.com\/nl\/wp-json\/wp\/v2\/product"}],"about":[{"href":"https:\/\/www.gastac.com\/nl\/wp-json\/wp\/v2\/types\/product"}],"replies":[{"embeddable":true,"href":"https:\/\/www.gastac.com\/nl\/wp-json\/wp\/v2\/comments?post=23715"}],"wp:featuredmedia":[{"embeddable":true,"href":"https:\/\/www.gastac.com\/nl\/wp-json\/wp\/v2\/media\/23716"}],"wp:attachment":[{"href":"https:\/\/www.gastac.com\/nl\/wp-json\/wp\/v2\/media?parent=23715"}],"wp:term":[{"taxonomy":"product_brand","embeddable":true,"href":"https:\/\/www.gastac.com\/nl\/wp-json\/wp\/v2\/product_brand?post=23715"},{"taxonomy":"product_cat","embeddable":true,"href":"https:\/\/www.gastac.com\/nl\/wp-json\/wp\/v2\/product_cat?post=23715"},{"taxonomy":"product_tag","embeddable":true,"href":"https:\/\/www.gastac.com\/nl\/wp-json\/wp\/v2\/product_tag?post=23715"}],"curies":[{"name":"wp","href":"https:\/\/api.w.org\/{rel}","templated":true}]}}