{"id":23644,"date":"2025-11-19T05:10:58","date_gmt":"2025-11-19T05:10:58","guid":{"rendered":"https:\/\/www.gastac.com\/?post_type=product&#038;p=23644"},"modified":"2025-11-19T05:10:59","modified_gmt":"2025-11-19T05:10:59","slug":"pistoncini-portellone-alfa-156-sw","status":"publish","type":"product","link":"https:\/\/www.gastac.com\/nl\/product\/pistoncini-portellone-alfa-156-sw\/","title":{"rendered":"Pistoncini Portellone Alfa 156 SW"},"content":{"rendered":"<p><strong>Pistoncini portellone alfa 156 sw<\/strong><\/p>\n<p>&nbsp;<\/p>\n<p>I pistoncini portellone alfa 156 sw (noti anche come pistoncini portellone alfa 156 sw) vengono utilizzati per sostenere il portellone, mentre le molle a gas per portellone auto come elemento della carrozzeria consentono al vano bagagli dell\u2019Alfa 156 SW di aprirsi e chiudersi dolcemente e senza intoppi.<\/p>\n<p>&nbsp;<\/p>\n<p>Pistoncini portellone alfa 156 sw non sdoppiabile e nemmeno pistoncini portellone posteriore. Se le parti vengono manomesse, il fluido operativo potrebbe fuoriuscire. Questo problema pu\u00f2 essere rilevato immediatamente anche con una semplice ispezione visiva. Esiste anche il rischio di lesioni dovute all\u2019elevata pressione del gas all\u2019interno del meccanismo.<\/p>\n<p><img class=\"lazyload\" decoding=\"async\" src=\"data:image\/gif;base64,R0lGODlhAQABAAAAACH5BAEKAAEALAAAAAABAAEAAAICTAEAOw==\" data-orig-src=\"https:\/\/gastac.com\/wp-content\/uploads\/2023\/06\/pistone-cofano-anteriore-golf-5-1-280x280.jpg\" alt=\"Pistoncini portellone alfa 156 sw \" \/><img class=\"lazyload\" decoding=\"async\" src=\"data:image\/gif;base64,R0lGODlhAQABAAAAACH5BAEKAAEALAAAAAABAAEAAAICTAEAOw==\" data-orig-src=\"https:\/\/gastac.com\/wp-content\/uploads\/2023\/06\/pistone-cofano-anteriore-golf-5-2-280x280.jpg\" alt=\"Pistoncini portellone alfa 156 sw \" \/><\/p>\n<p>Quando il portellone scricchiola quando viene aperto, o il bagagliaio non pu\u00f2 essere aperto facilmente e il bagagliaio non pu\u00f2 essere aperto nella posizione pi\u00f9 alta, significa che il portellone a gas molle \u00e8 guasto e la molla a gas deve essere sostituita in tempo per fare i pistoncini portellone alfa 156 sw ripartono Funzionamento normale, il portellone si apre e si richiude tornando normale.<\/p>\n<p>&nbsp;<\/p>\n<p>Se desideri acquistare pizzancini baule alfa 156 sw a un prezzo inferiore, effettua un ordine nel nostro negozio online. Non solo economico ma anche veloce. L\u2019acquisto online richiede pochi minuti, il nostro team elaborer\u00e0 rapidamente il tuo ordine e spedir\u00e0 il tuo molle a gas per portellone auto.<\/p>\n<p>&nbsp;<\/p>\n<p><strong><b>Pistoncini Portellone Alfa 156 SW<\/b><\/strong><strong><b>\u00a0Modelli Applicabili<\/b><\/strong><\/p>\n<p>&nbsp;<\/p>\n<p>Pistoni bagagliaio per 932 1.6<\/p>\n<p>Pistoncini portellone per ALFA ROMEO 156 Sportwagon (932) 1.6 16V T.SPARK 112 CV 2000 \u2013 2005<\/p>\n<p>Ammortizzatore portellone posteriore per Alfa Romeo 156 Sportwagon 1.6 16V T.SPARK. 120 CV 2000 \u2013 2006<\/p>\n<p>&nbsp;<\/p>\n<p>ALFA ROMEO 156 932 2.0<\/p>\n<p>Pistoncini portellone per ALFA ROMEO 156 Sportwagon (932) 2.0 16V T.SPARK 155 CV 2000 \u2013 2002<\/p>\n<p>Ammortizzatore portellone posteriore per Alfa Romeo 156 Sportwagon 2.0 16V T.SPARK 150 CV 2000 \u2013 2002<\/p>\n<p>2.0 JTS 162 CV 2002 \u2013 2006<\/p>\n<p>2.0 JTS 166 CV 2002 \u2013 2006<\/p>\n<p>&nbsp;<\/p>\n<p>Pistoni bagagliaio per 932 3.2<\/p>\n<p>Pistoncini portellone per ALFA ROMEO 156 Sportwagon (932) 3.2 GTA 250 CV 2002 \u2013 2006<\/p>\n<p>&nbsp;<\/p>\n<p>ALFA ROMEO 156 932 1.8<\/p>\n<p>Pistoncini portellone per ALFA ROMEO 156 Sportwagon (932) 1.8 16V T.SPARK 144 CV 2000 \u2013 2000<\/p>\n<p>Ammortizzatore portellone posteriore per Alfa Romeo 156 Sportwagon 1.8 16V T.SPARK 140 CV 2000 \u2013 2006<\/p>\n<p>bagagliaio per 932 2.4<\/p>\n<p>Pistoncini portellone per ALFA ROMEO 156 Sportwagon (932) 2.4 JTD 175 CV 2003 \u2013 2006<\/p>\n<p>Ammortizzatore portellone posteriore per Alfa Romeo 156 Sportwagon 2.4 JTD 163 CV 2003 \u2013 2006<\/p>\n<p>2.4 JTD 140 CV 2000 \u2013 2006<\/p>\n<p>2.4 JTD 150 CV 2002 \u2013 2006<\/p>\n<p>2.4 JTD 136 CV 2000 \u2013 2003<\/p>\n<p>&nbsp;<\/p>\n<p>Pistoni bagagliaio per 932 1.9<\/p>\n<p>Pistoncini portellone per ALFA ROMEO 156 Sportwagon (932) 1.9 JTD 150 CV 2005 \u2013 2006<\/p>\n<p>Ammortizzatore portellone posteriore per Alfa Romeo 156 Sportwagon 1.9 JTD 126 CV 2003 \u2013 2006<\/p>\n<p>1.9 JTD 136 CV 2002 \u2013 2004<\/p>\n<p>1.9 JTD 110 CV 2000 \u2013 2001<\/p>\n<p>1.9 JTD 105 CV 2000 \u2013 2000<\/p>\n<p>1.9 JTD 115 CV 2001 \u2013 2006<\/p>\n<p>1.9 JTD 16V 140 CV 2002 \u2013 2006<\/p>\n<p>1.9 JTD 16V Q4 150 CV 2004 \u2013 2006<\/p>\n<p>&nbsp;<\/p>\n<p>ALFA ROMEO 156 932 2.5<\/p>\n<p>Pistoncini portellone per ALFA ROMEO 156 Sportwagon (932) 2.5 V6 24V 190 CV 2000 \u2013 2003<\/p>\n<p>Ammortizzatore portellone posteriore per Alfa Romeo 156 Sportwagon 2.5 V6 24V 192 CV 2000 \u2013 2006<\/p>\n<p><img decoding=\"async\" class=\"lazyload aligncenter\" src=\"data:image\/svg+xml,%3Csvg%20xmlns%3D%27http%3A%2F%2Fwww.w3.org%2F2000%2Fsvg%27%20width%3D%27838%27%20height%3D%27306%27%20viewBox%3D%270%200%20838%20306%27%3E%3Crect%20width%3D%27838%27%20height%3D%27306%27%20fill-opacity%3D%220%22%2F%3E%3C%2Fsvg%3E\" data-orig-src=\"https:\/\/www.gastac.com\/wp-content\/uploads\/2023\/06\/Pistoncini-portellone-alfa-156-sw.png\" alt=\"Pistoncini portellone alfa 156 sw \" width=\"838\" height=\"306\" \/><\/p>\n","protected":false},"excerpt":{"rendered":"<p>Pistoncini portellone alfa 156 sw &nbsp; I pistoncini portellone alfa 156 sw (noti anche come pistoncini portellone alfa 156 sw)  [&#8230;]<\/p>\n","protected":false},"featured_media":23648,"comment_status":"open","ping_status":"closed","template":"","meta":[],"product_brand":[],"product_cat":[106],"product_tag":[],"class_list":{"0":"post-23644","1":"product","2":"type-product","3":"status-publish","4":"has-post-thumbnail","6":"product_cat-ongecategoriseerd","8":"first","9":"instock","10":"shipping-taxable","11":"product-type-simple"},"yoast_head":"<!-- This site is optimized with the Yoast SEO Premium plugin v26.2 (Yoast SEO v27.4) - https:\/\/yoast.com\/product\/yoast-seo-premium-wordpress\/ -->\n<title>Pistoncini Portellone Alfa 156 SW | Gastac Gas Spring<\/title>\n<meta name=\"robots\" content=\"index, follow, max-snippet:-1, max-image-preview:large, max-video-preview:-1\" \/>\n<link rel=\"canonical\" href=\"https:\/\/www.gastac.com\/nl\/product\/pistoncini-portellone-alfa-156-sw\/\" \/>\n<meta property=\"og:locale\" content=\"nl_NL\" \/>\n<meta property=\"og:type\" content=\"article\" \/>\n<meta property=\"og:title\" content=\"Pistoncini Portellone Alfa 156 SW\" \/>\n<meta property=\"og:description\" content=\"Pistoncini portellone alfa 156 sw &nbsp; I pistoncini portellone alfa 156 sw (noti anche come pistoncini portellone alfa 156 sw) [...]\" \/>\n<meta property=\"og:url\" content=\"https:\/\/www.gastac.com\/nl\/product\/pistoncini-portellone-alfa-156-sw\/\" \/>\n<meta property=\"og:site_name\" content=\"Gastac Gas Spring\" \/>\n<meta property=\"article:publisher\" content=\"https:\/\/www.facebook.com\/profile.php?id=100092358464608\" \/>\n<meta property=\"article:modified_time\" content=\"2025-11-19T05:10:59+00:00\" \/>\n<meta property=\"og:image\" content=\"https:\/\/www.gastac.com\/wp-content\/uploads\/2025\/11\/pistone-cofano-anteriore-golf-5-1-600x600-2.webp\" \/>\n\t<meta property=\"og:image:width\" content=\"600\" \/>\n\t<meta property=\"og:image:height\" content=\"600\" \/>\n\t<meta property=\"og:image:type\" content=\"image\/webp\" \/>\n<meta name=\"twitter:card\" content=\"summary_large_image\" \/>\n<meta name=\"twitter:label1\" content=\"Geschatte leestijd\" \/>\n\t<meta name=\"twitter:data1\" content=\"1 minuut\" \/>\n<script type=\"application\/ld+json\" class=\"yoast-schema-graph\">{\"@context\":\"https:\\\/\\\/schema.org\",\"@graph\":[{\"@type\":\"WebPage\",\"@id\":\"https:\\\/\\\/www.gastac.com\\\/nl\\\/product\\\/pistoncini-portellone-alfa-156-sw\\\/\",\"url\":\"https:\\\/\\\/www.gastac.com\\\/nl\\\/product\\\/pistoncini-portellone-alfa-156-sw\\\/\",\"name\":\"Pistoncini Portellone Alfa 156 SW | Gastac Gas Spring\",\"isPartOf\":{\"@id\":\"https:\\\/\\\/www.gastac.com\\\/nl\\\/#website\"},\"primaryImageOfPage\":{\"@id\":\"https:\\\/\\\/www.gastac.com\\\/nl\\\/product\\\/pistoncini-portellone-alfa-156-sw\\\/#primaryimage\"},\"image\":{\"@id\":\"https:\\\/\\\/www.gastac.com\\\/nl\\\/product\\\/pistoncini-portellone-alfa-156-sw\\\/#primaryimage\"},\"thumbnailUrl\":\"https:\\\/\\\/www.gastac.com\\\/wp-content\\\/uploads\\\/2025\\\/11\\\/pistone-cofano-anteriore-golf-5-1-600x600-2.webp\",\"datePublished\":\"2025-11-19T05:10:58+00:00\",\"dateModified\":\"2025-11-19T05:10:59+00:00\",\"breadcrumb\":{\"@id\":\"https:\\\/\\\/www.gastac.com\\\/nl\\\/product\\\/pistoncini-portellone-alfa-156-sw\\\/#breadcrumb\"},\"inLanguage\":\"nl-NL\",\"potentialAction\":[{\"@type\":\"ReadAction\",\"target\":[\"https:\\\/\\\/www.gastac.com\\\/nl\\\/product\\\/pistoncini-portellone-alfa-156-sw\\\/\"]}]},{\"@type\":\"ImageObject\",\"inLanguage\":\"nl-NL\",\"@id\":\"https:\\\/\\\/www.gastac.com\\\/nl\\\/product\\\/pistoncini-portellone-alfa-156-sw\\\/#primaryimage\",\"url\":\"https:\\\/\\\/www.gastac.com\\\/wp-content\\\/uploads\\\/2025\\\/11\\\/pistone-cofano-anteriore-golf-5-1-600x600-2.webp\",\"contentUrl\":\"https:\\\/\\\/www.gastac.com\\\/wp-content\\\/uploads\\\/2025\\\/11\\\/pistone-cofano-anteriore-golf-5-1-600x600-2.webp\",\"width\":600,\"height\":600,\"caption\":\"pistone cofano anteriore golf 5 1 600x600\"},{\"@type\":\"BreadcrumbList\",\"@id\":\"https:\\\/\\\/www.gastac.com\\\/nl\\\/product\\\/pistoncini-portellone-alfa-156-sw\\\/#breadcrumb\",\"itemListElement\":[{\"@type\":\"ListItem\",\"position\":1,\"name\":\"Home\",\"item\":\"https:\\\/\\\/www.gastac.com\\\/nl\\\/\"},{\"@type\":\"ListItem\",\"position\":2,\"name\":\"products\",\"item\":\"https:\\\/\\\/www.gastac.com\\\/nl\\\/products\\\/\"},{\"@type\":\"ListItem\",\"position\":3,\"name\":\"Ongecategoriseerd\",\"item\":\"https:\\\/\\\/www.gastac.com\\\/nl\\\/product-category\\\/ongecategoriseerd\\\/\"},{\"@type\":\"ListItem\",\"position\":4,\"name\":\"Pistoncini Portellone Alfa 156 SW\"}]},{\"@type\":\"WebSite\",\"@id\":\"https:\\\/\\\/www.gastac.com\\\/nl\\\/#website\",\"url\":\"https:\\\/\\\/www.gastac.com\\\/nl\\\/\",\"name\":\"Gastac Gas Spring\",\"description\":\"China\u2019s Leading Gas Springs &amp; Struts Manufacturer\",\"publisher\":{\"@id\":\"https:\\\/\\\/www.gastac.com\\\/nl\\\/#organization\"},\"potentialAction\":[{\"@type\":\"SearchAction\",\"target\":{\"@type\":\"EntryPoint\",\"urlTemplate\":\"https:\\\/\\\/www.gastac.com\\\/nl\\\/?s={search_term_string}\"},\"query-input\":{\"@type\":\"PropertyValueSpecification\",\"valueRequired\":true,\"valueName\":\"search_term_string\"}}],\"inLanguage\":\"nl-NL\"},{\"@type\":\"Organization\",\"@id\":\"https:\\\/\\\/www.gastac.com\\\/nl\\\/#organization\",\"name\":\"Ningbo Gastac Gas Spring Co.,Ltd\",\"url\":\"https:\\\/\\\/www.gastac.com\\\/nl\\\/\",\"logo\":{\"@type\":\"ImageObject\",\"inLanguage\":\"nl-NL\",\"@id\":\"https:\\\/\\\/www.gastac.com\\\/nl\\\/#\\\/schema\\\/logo\\\/image\\\/\",\"url\":\"https:\\\/\\\/www.gastac.com\\\/wp-content\\\/uploads\\\/2025\\\/09\\\/LOGO\u672c\u8272-\u9ed1.webp\",\"contentUrl\":\"https:\\\/\\\/www.gastac.com\\\/wp-content\\\/uploads\\\/2025\\\/09\\\/LOGO\u672c\u8272-\u9ed1.webp\",\"width\":1920,\"height\":1080,\"caption\":\"Ningbo Gastac Gas Spring Co.,Ltd\"},\"image\":{\"@id\":\"https:\\\/\\\/www.gastac.com\\\/nl\\\/#\\\/schema\\\/logo\\\/image\\\/\"},\"sameAs\":[\"https:\\\/\\\/www.facebook.com\\\/profile.php?id=100092358464608\",\"https:\\\/\\\/www.youtube.com\\\/@Gastac-Gas-Spring\",\"https:\\\/\\\/www.linkedin.com\\\/in\\\/gastac-gas-spring\\\/\",\"https:\\\/\\\/www.instagram.com\\\/gastacgasspring\\\/\"]}]}<\/script>\n<!-- \/ Yoast SEO Premium plugin. -->","yoast_head_json":{"title":"Pistoncini Portellone Alfa 156 SW | Gastac Gas Spring","robots":{"index":"index","follow":"follow","max-snippet":"max-snippet:-1","max-image-preview":"max-image-preview:large","max-video-preview":"max-video-preview:-1"},"canonical":"https:\/\/www.gastac.com\/nl\/product\/pistoncini-portellone-alfa-156-sw\/","og_locale":"nl_NL","og_type":"article","og_title":"Pistoncini Portellone Alfa 156 SW","og_description":"Pistoncini portellone alfa 156 sw &nbsp; I pistoncini portellone alfa 156 sw (noti anche come pistoncini portellone alfa 156 sw) [...]","og_url":"https:\/\/www.gastac.com\/nl\/product\/pistoncini-portellone-alfa-156-sw\/","og_site_name":"Gastac Gas Spring","article_publisher":"https:\/\/www.facebook.com\/profile.php?id=100092358464608","article_modified_time":"2025-11-19T05:10:59+00:00","og_image":[{"width":600,"height":600,"url":"https:\/\/www.gastac.com\/wp-content\/uploads\/2025\/11\/pistone-cofano-anteriore-golf-5-1-600x600-2.webp","type":"image\/webp"}],"twitter_card":"summary_large_image","twitter_misc":{"Geschatte leestijd":"1 minuut"},"schema":{"@context":"https:\/\/schema.org","@graph":[{"@type":"WebPage","@id":"https:\/\/www.gastac.com\/nl\/product\/pistoncini-portellone-alfa-156-sw\/","url":"https:\/\/www.gastac.com\/nl\/product\/pistoncini-portellone-alfa-156-sw\/","name":"Pistoncini Portellone Alfa 156 SW | Gastac Gas Spring","isPartOf":{"@id":"https:\/\/www.gastac.com\/nl\/#website"},"primaryImageOfPage":{"@id":"https:\/\/www.gastac.com\/nl\/product\/pistoncini-portellone-alfa-156-sw\/#primaryimage"},"image":{"@id":"https:\/\/www.gastac.com\/nl\/product\/pistoncini-portellone-alfa-156-sw\/#primaryimage"},"thumbnailUrl":"https:\/\/www.gastac.com\/wp-content\/uploads\/2025\/11\/pistone-cofano-anteriore-golf-5-1-600x600-2.webp","datePublished":"2025-11-19T05:10:58+00:00","dateModified":"2025-11-19T05:10:59+00:00","breadcrumb":{"@id":"https:\/\/www.gastac.com\/nl\/product\/pistoncini-portellone-alfa-156-sw\/#breadcrumb"},"inLanguage":"nl-NL","potentialAction":[{"@type":"ReadAction","target":["https:\/\/www.gastac.com\/nl\/product\/pistoncini-portellone-alfa-156-sw\/"]}]},{"@type":"ImageObject","inLanguage":"nl-NL","@id":"https:\/\/www.gastac.com\/nl\/product\/pistoncini-portellone-alfa-156-sw\/#primaryimage","url":"https:\/\/www.gastac.com\/wp-content\/uploads\/2025\/11\/pistone-cofano-anteriore-golf-5-1-600x600-2.webp","contentUrl":"https:\/\/www.gastac.com\/wp-content\/uploads\/2025\/11\/pistone-cofano-anteriore-golf-5-1-600x600-2.webp","width":600,"height":600,"caption":"pistone cofano anteriore golf 5 1 600x600"},{"@type":"BreadcrumbList","@id":"https:\/\/www.gastac.com\/nl\/product\/pistoncini-portellone-alfa-156-sw\/#breadcrumb","itemListElement":[{"@type":"ListItem","position":1,"name":"Home","item":"https:\/\/www.gastac.com\/nl\/"},{"@type":"ListItem","position":2,"name":"products","item":"https:\/\/www.gastac.com\/nl\/products\/"},{"@type":"ListItem","position":3,"name":"Ongecategoriseerd","item":"https:\/\/www.gastac.com\/nl\/product-category\/ongecategoriseerd\/"},{"@type":"ListItem","position":4,"name":"Pistoncini Portellone Alfa 156 SW"}]},{"@type":"WebSite","@id":"https:\/\/www.gastac.com\/nl\/#website","url":"https:\/\/www.gastac.com\/nl\/","name":"Gastac Gas Spring","description":"China\u2019s Leading Gas Springs &amp; Struts Manufacturer","publisher":{"@id":"https:\/\/www.gastac.com\/nl\/#organization"},"potentialAction":[{"@type":"SearchAction","target":{"@type":"EntryPoint","urlTemplate":"https:\/\/www.gastac.com\/nl\/?s={search_term_string}"},"query-input":{"@type":"PropertyValueSpecification","valueRequired":true,"valueName":"search_term_string"}}],"inLanguage":"nl-NL"},{"@type":"Organization","@id":"https:\/\/www.gastac.com\/nl\/#organization","name":"Ningbo Gastac Gas Spring Co.,Ltd","url":"https:\/\/www.gastac.com\/nl\/","logo":{"@type":"ImageObject","inLanguage":"nl-NL","@id":"https:\/\/www.gastac.com\/nl\/#\/schema\/logo\/image\/","url":"https:\/\/www.gastac.com\/wp-content\/uploads\/2025\/09\/LOGO\u672c\u8272-\u9ed1.webp","contentUrl":"https:\/\/www.gastac.com\/wp-content\/uploads\/2025\/09\/LOGO\u672c\u8272-\u9ed1.webp","width":1920,"height":1080,"caption":"Ningbo Gastac Gas Spring Co.,Ltd"},"image":{"@id":"https:\/\/www.gastac.com\/nl\/#\/schema\/logo\/image\/"},"sameAs":["https:\/\/www.facebook.com\/profile.php?id=100092358464608","https:\/\/www.youtube.com\/@Gastac-Gas-Spring","https:\/\/www.linkedin.com\/in\/gastac-gas-spring\/","https:\/\/www.instagram.com\/gastacgasspring\/"]}]}},"_links":{"self":[{"href":"https:\/\/www.gastac.com\/nl\/wp-json\/wp\/v2\/product\/23644","targetHints":{"allow":["GET"]}}],"collection":[{"href":"https:\/\/www.gastac.com\/nl\/wp-json\/wp\/v2\/product"}],"about":[{"href":"https:\/\/www.gastac.com\/nl\/wp-json\/wp\/v2\/types\/product"}],"replies":[{"embeddable":true,"href":"https:\/\/www.gastac.com\/nl\/wp-json\/wp\/v2\/comments?post=23644"}],"wp:featuredmedia":[{"embeddable":true,"href":"https:\/\/www.gastac.com\/nl\/wp-json\/wp\/v2\/media\/23648"}],"wp:attachment":[{"href":"https:\/\/www.gastac.com\/nl\/wp-json\/wp\/v2\/media?parent=23644"}],"wp:term":[{"taxonomy":"product_brand","embeddable":true,"href":"https:\/\/www.gastac.com\/nl\/wp-json\/wp\/v2\/product_brand?post=23644"},{"taxonomy":"product_cat","embeddable":true,"href":"https:\/\/www.gastac.com\/nl\/wp-json\/wp\/v2\/product_cat?post=23644"},{"taxonomy":"product_tag","embeddable":true,"href":"https:\/\/www.gastac.com\/nl\/wp-json\/wp\/v2\/product_tag?post=23644"}],"curies":[{"name":"wp","href":"https:\/\/api.w.org\/{rel}","templated":true}]}}