{"id":23619,"date":"2025-11-19T02:56:07","date_gmt":"2025-11-19T02:56:07","guid":{"rendered":"https:\/\/www.gastac.com\/?post_type=product&#038;p=23619"},"modified":"2025-11-19T02:56:08","modified_gmt":"2025-11-19T02:56:08","slug":"pistoncini-portellone-posteriore-toyota-yaris","status":"publish","type":"product","link":"https:\/\/www.gastac.com\/nl\/product\/pistoncini-portellone-posteriore-toyota-yaris\/","title":{"rendered":"Pistoncini Portellone Posteriore Toyota Yaris"},"content":{"rendered":"<p><strong>Pistoncini portellone posteriore toyota yaris<\/strong><\/p>\n<p>Pistoncini portellone posteriore toyota yaris (noto anche come pistone baule) viene utilizzato per sostenere il portellone, e pistoncini portellone yaris 2004 viene utilizzato come elemento della carrozzeria per consentire al bagagliaio della toyota yaris 2004 di aprirsi e chiudersi dolcemente e senza intoppi.<\/p>\n<p>portellone posteriore toyota yaris non possono essere sdoppiati e nemmeno pistoncini portellone ford focus. Se le parti vengono manomesse, il fluido operativo potrebbe fuoriuscire. Questo problema pu\u00f2 essere rilevato immediatamente anche con una semplice ispezione visiva. Esiste anche il rischio di lesioni dovute all\u2019elevata pressione del gas all\u2019interno del meccanismo.<br \/>\n<img class=\"lazyload\" decoding=\"async\" src=\"data:image\/gif;base64,R0lGODlhAQABAAAAACH5BAEKAAEALAAAAAABAAEAAAICTAEAOw==\" data-orig-src=\"https:\/\/gastac.com\/wp-content\/uploads\/2023\/06\/pistoncini-cofano-punto-188-5-280x280.jpg\" alt=\"Pistoncini portellone posteriore toyota yaris\" \/><img class=\"lazyload\" decoding=\"async\" src=\"data:image\/gif;base64,R0lGODlhAQABAAAAACH5BAEKAAEALAAAAAABAAEAAAICTAEAOw==\" data-orig-src=\"https:\/\/gastac.com\/wp-content\/uploads\/2023\/06\/pistoni-cofano-nissan-qashqai-2-1-280x280.jpg\" alt=\"Pistoncini portellone posteriore toyota yaris\" \/><br \/>\nQuando il portellone scricchiola quando viene aperto, o il bagagliaio non pu\u00f2 essere aperto facilmente e il bagagliaio non pu\u00f2 essere aperto nella posizione pi\u00f9 alta, significa che i pistoncini portellone posteriore toyota yaris sono difettosi e la molla a gas deve essere sostituita in tempo per fare le molle a gas per Il bagagliaio funziona di nuovo normalmente e il portellone si apre e si richiude normalmente.<\/p>\n<p><strong><b>Pistoncini portellone per 2004 Yaris I<\/b><\/strong><\/p>\n<p>TOYOTA Yaris I Hatchback (P1) 2004<\/p>\n<p>TOYOTA Yaris I Hatchback (P1) 1.0 (SCP10_) 68 CV 2004<\/p>\n<p>TOYOTA Yaris I Hatchback (P1) 1.0 (SCP10_) 65 CV 2004<\/p>\n<p>TOYOTA Yaris I Hatchback (P1) 1.3 (NCP10_, SCP12_) 86 CV 2004<\/p>\n<p>TOYOTA Yaris I Hatchback (P1) 1.3 (SCP12_) 76 CV 2004<\/p>\n<p>TOYOTA Yaris I Hatchback (P1) 1.3 (SCP12_) 87 CV 2004<\/p>\n<p>TOYOTA Yaris I Hatchback (P1) 1.3 4WD (NCP15) 88 CV 2004<\/p>\n<p>TOYOTA Yaris I Hatchback (P1) 1.4 D-4D (NLP10_) 75 CV 2004<\/p>\n<p>TOYOTA Yaris I Hatchback (P1) 1.5 (NCP13_) 106 CV 2004<\/p>\n<p>TOYOTA Yaris I Hatchback (P1) 1.5 (NCP13_) 105 CV 2004<\/p>\n<p>TOYOTA Yaris I Hatchback (P1) 1.5 (NCP13_) 150 CV 2004<\/p>\n<p>TOYOTA Yaris I Hatchback (P1) 1.5 (NCP13_, NCP12_) 110 CV 2004<br \/>\n<img decoding=\"async\" class=\"lazyload aligncenter\" src=\"data:image\/svg+xml,%3Csvg%20xmlns%3D%27http%3A%2F%2Fwww.w3.org%2F2000%2Fsvg%27%20width%3D%27720%27%20height%3D%27263%27%20viewBox%3D%270%200%20720%20263%27%3E%3Crect%20width%3D%27720%27%20height%3D%27263%27%20fill-opacity%3D%220%22%2F%3E%3C%2Fsvg%3E\" data-orig-src=\"https:\/\/www.gastac.com\/wp-content\/uploads\/2023\/06\/Pistoncini-portellone-posteriore-toyota-yaris.png\" alt=\"Pistoncini portellone posteriore toyota yaris\" width=\"720\" height=\"263\" \/><\/p>\n","protected":false},"excerpt":{"rendered":"<p>Pistoncini portellone posteriore toyota yaris Pistoncini portellone posteriore toyota yaris (noto anche come pistone baule) viene utilizzato per sostenere il  [&#8230;]<\/p>\n","protected":false},"featured_media":23620,"comment_status":"open","ping_status":"closed","template":"","meta":[],"product_brand":[],"product_cat":[106],"product_tag":[],"class_list":{"0":"post-23619","1":"product","2":"type-product","3":"status-publish","4":"has-post-thumbnail","6":"product_cat-ongecategoriseerd","8":"first","9":"instock","10":"shipping-taxable","11":"product-type-simple"},"yoast_head":"<!-- This site is optimized with the Yoast SEO Premium plugin v26.2 (Yoast SEO v27.4) - https:\/\/yoast.com\/product\/yoast-seo-premium-wordpress\/ -->\n<title>Pistoncini Portellone Posteriore Toyota Yaris | Gastac Gas Spring<\/title>\n<meta name=\"robots\" content=\"index, follow, max-snippet:-1, max-image-preview:large, max-video-preview:-1\" \/>\n<link rel=\"canonical\" href=\"https:\/\/www.gastac.com\/nl\/product\/pistoncini-portellone-posteriore-toyota-yaris\/\" \/>\n<meta property=\"og:locale\" content=\"nl_NL\" \/>\n<meta property=\"og:type\" content=\"article\" \/>\n<meta property=\"og:title\" content=\"Pistoncini Portellone Posteriore Toyota Yaris\" \/>\n<meta property=\"og:description\" content=\"Pistoncini portellone posteriore toyota yaris Pistoncini portellone posteriore toyota yaris (noto anche come pistone baule) viene utilizzato per sostenere il [...]\" \/>\n<meta property=\"og:url\" content=\"https:\/\/www.gastac.com\/nl\/product\/pistoncini-portellone-posteriore-toyota-yaris\/\" \/>\n<meta property=\"og:site_name\" content=\"Gastac Gas Spring\" \/>\n<meta property=\"article:publisher\" content=\"https:\/\/www.facebook.com\/profile.php?id=100092358464608\" \/>\n<meta property=\"article:modified_time\" content=\"2025-11-19T02:56:08+00:00\" \/>\n<meta property=\"og:image\" content=\"https:\/\/www.gastac.com\/wp-content\/uploads\/2025\/11\/molle-a-gas-per-portelloni-camper-2-600x600-2.webp\" \/>\n\t<meta property=\"og:image:width\" content=\"600\" \/>\n\t<meta property=\"og:image:height\" content=\"600\" \/>\n\t<meta property=\"og:image:type\" content=\"image\/webp\" \/>\n<meta name=\"twitter:card\" content=\"summary_large_image\" \/>\n<meta name=\"twitter:label1\" content=\"Geschatte leestijd\" \/>\n\t<meta name=\"twitter:data1\" content=\"1 minuut\" \/>\n<script type=\"application\/ld+json\" class=\"yoast-schema-graph\">{\"@context\":\"https:\\\/\\\/schema.org\",\"@graph\":[{\"@type\":\"WebPage\",\"@id\":\"https:\\\/\\\/www.gastac.com\\\/nl\\\/product\\\/pistoncini-portellone-posteriore-toyota-yaris\\\/\",\"url\":\"https:\\\/\\\/www.gastac.com\\\/nl\\\/product\\\/pistoncini-portellone-posteriore-toyota-yaris\\\/\",\"name\":\"Pistoncini Portellone Posteriore Toyota Yaris | Gastac Gas Spring\",\"isPartOf\":{\"@id\":\"https:\\\/\\\/www.gastac.com\\\/nl\\\/#website\"},\"primaryImageOfPage\":{\"@id\":\"https:\\\/\\\/www.gastac.com\\\/nl\\\/product\\\/pistoncini-portellone-posteriore-toyota-yaris\\\/#primaryimage\"},\"image\":{\"@id\":\"https:\\\/\\\/www.gastac.com\\\/nl\\\/product\\\/pistoncini-portellone-posteriore-toyota-yaris\\\/#primaryimage\"},\"thumbnailUrl\":\"https:\\\/\\\/www.gastac.com\\\/wp-content\\\/uploads\\\/2025\\\/11\\\/molle-a-gas-per-portelloni-camper-2-600x600-2.webp\",\"datePublished\":\"2025-11-19T02:56:07+00:00\",\"dateModified\":\"2025-11-19T02:56:08+00:00\",\"breadcrumb\":{\"@id\":\"https:\\\/\\\/www.gastac.com\\\/nl\\\/product\\\/pistoncini-portellone-posteriore-toyota-yaris\\\/#breadcrumb\"},\"inLanguage\":\"nl-NL\",\"potentialAction\":[{\"@type\":\"ReadAction\",\"target\":[\"https:\\\/\\\/www.gastac.com\\\/nl\\\/product\\\/pistoncini-portellone-posteriore-toyota-yaris\\\/\"]}]},{\"@type\":\"ImageObject\",\"inLanguage\":\"nl-NL\",\"@id\":\"https:\\\/\\\/www.gastac.com\\\/nl\\\/product\\\/pistoncini-portellone-posteriore-toyota-yaris\\\/#primaryimage\",\"url\":\"https:\\\/\\\/www.gastac.com\\\/wp-content\\\/uploads\\\/2025\\\/11\\\/molle-a-gas-per-portelloni-camper-2-600x600-2.webp\",\"contentUrl\":\"https:\\\/\\\/www.gastac.com\\\/wp-content\\\/uploads\\\/2025\\\/11\\\/molle-a-gas-per-portelloni-camper-2-600x600-2.webp\",\"width\":600,\"height\":600,\"caption\":\"molle a gas per portelloni camper 2 600x600\"},{\"@type\":\"BreadcrumbList\",\"@id\":\"https:\\\/\\\/www.gastac.com\\\/nl\\\/product\\\/pistoncini-portellone-posteriore-toyota-yaris\\\/#breadcrumb\",\"itemListElement\":[{\"@type\":\"ListItem\",\"position\":1,\"name\":\"Home\",\"item\":\"https:\\\/\\\/www.gastac.com\\\/nl\\\/\"},{\"@type\":\"ListItem\",\"position\":2,\"name\":\"products\",\"item\":\"https:\\\/\\\/www.gastac.com\\\/nl\\\/products\\\/\"},{\"@type\":\"ListItem\",\"position\":3,\"name\":\"Ongecategoriseerd\",\"item\":\"https:\\\/\\\/www.gastac.com\\\/nl\\\/product-category\\\/ongecategoriseerd\\\/\"},{\"@type\":\"ListItem\",\"position\":4,\"name\":\"Pistoncini Portellone Posteriore Toyota Yaris\"}]},{\"@type\":\"WebSite\",\"@id\":\"https:\\\/\\\/www.gastac.com\\\/nl\\\/#website\",\"url\":\"https:\\\/\\\/www.gastac.com\\\/nl\\\/\",\"name\":\"Gastac Gas Spring\",\"description\":\"China\u2019s Leading Gas Springs &amp; Struts Manufacturer\",\"publisher\":{\"@id\":\"https:\\\/\\\/www.gastac.com\\\/nl\\\/#organization\"},\"potentialAction\":[{\"@type\":\"SearchAction\",\"target\":{\"@type\":\"EntryPoint\",\"urlTemplate\":\"https:\\\/\\\/www.gastac.com\\\/nl\\\/?s={search_term_string}\"},\"query-input\":{\"@type\":\"PropertyValueSpecification\",\"valueRequired\":true,\"valueName\":\"search_term_string\"}}],\"inLanguage\":\"nl-NL\"},{\"@type\":\"Organization\",\"@id\":\"https:\\\/\\\/www.gastac.com\\\/nl\\\/#organization\",\"name\":\"Ningbo Gastac Gas Spring Co.,Ltd\",\"url\":\"https:\\\/\\\/www.gastac.com\\\/nl\\\/\",\"logo\":{\"@type\":\"ImageObject\",\"inLanguage\":\"nl-NL\",\"@id\":\"https:\\\/\\\/www.gastac.com\\\/nl\\\/#\\\/schema\\\/logo\\\/image\\\/\",\"url\":\"https:\\\/\\\/www.gastac.com\\\/wp-content\\\/uploads\\\/2025\\\/09\\\/LOGO\u672c\u8272-\u9ed1.webp\",\"contentUrl\":\"https:\\\/\\\/www.gastac.com\\\/wp-content\\\/uploads\\\/2025\\\/09\\\/LOGO\u672c\u8272-\u9ed1.webp\",\"width\":1920,\"height\":1080,\"caption\":\"Ningbo Gastac Gas Spring Co.,Ltd\"},\"image\":{\"@id\":\"https:\\\/\\\/www.gastac.com\\\/nl\\\/#\\\/schema\\\/logo\\\/image\\\/\"},\"sameAs\":[\"https:\\\/\\\/www.facebook.com\\\/profile.php?id=100092358464608\",\"https:\\\/\\\/www.youtube.com\\\/@Gastac-Gas-Spring\",\"https:\\\/\\\/www.linkedin.com\\\/in\\\/gastac-gas-spring\\\/\",\"https:\\\/\\\/www.instagram.com\\\/gastacgasspring\\\/\"]}]}<\/script>\n<!-- \/ Yoast SEO Premium plugin. -->","yoast_head_json":{"title":"Pistoncini Portellone Posteriore Toyota Yaris | Gastac Gas Spring","robots":{"index":"index","follow":"follow","max-snippet":"max-snippet:-1","max-image-preview":"max-image-preview:large","max-video-preview":"max-video-preview:-1"},"canonical":"https:\/\/www.gastac.com\/nl\/product\/pistoncini-portellone-posteriore-toyota-yaris\/","og_locale":"nl_NL","og_type":"article","og_title":"Pistoncini Portellone Posteriore Toyota Yaris","og_description":"Pistoncini portellone posteriore toyota yaris Pistoncini portellone posteriore toyota yaris (noto anche come pistone baule) viene utilizzato per sostenere il [...]","og_url":"https:\/\/www.gastac.com\/nl\/product\/pistoncini-portellone-posteriore-toyota-yaris\/","og_site_name":"Gastac Gas Spring","article_publisher":"https:\/\/www.facebook.com\/profile.php?id=100092358464608","article_modified_time":"2025-11-19T02:56:08+00:00","og_image":[{"width":600,"height":600,"url":"https:\/\/www.gastac.com\/wp-content\/uploads\/2025\/11\/molle-a-gas-per-portelloni-camper-2-600x600-2.webp","type":"image\/webp"}],"twitter_card":"summary_large_image","twitter_misc":{"Geschatte leestijd":"1 minuut"},"schema":{"@context":"https:\/\/schema.org","@graph":[{"@type":"WebPage","@id":"https:\/\/www.gastac.com\/nl\/product\/pistoncini-portellone-posteriore-toyota-yaris\/","url":"https:\/\/www.gastac.com\/nl\/product\/pistoncini-portellone-posteriore-toyota-yaris\/","name":"Pistoncini Portellone Posteriore Toyota Yaris | Gastac Gas Spring","isPartOf":{"@id":"https:\/\/www.gastac.com\/nl\/#website"},"primaryImageOfPage":{"@id":"https:\/\/www.gastac.com\/nl\/product\/pistoncini-portellone-posteriore-toyota-yaris\/#primaryimage"},"image":{"@id":"https:\/\/www.gastac.com\/nl\/product\/pistoncini-portellone-posteriore-toyota-yaris\/#primaryimage"},"thumbnailUrl":"https:\/\/www.gastac.com\/wp-content\/uploads\/2025\/11\/molle-a-gas-per-portelloni-camper-2-600x600-2.webp","datePublished":"2025-11-19T02:56:07+00:00","dateModified":"2025-11-19T02:56:08+00:00","breadcrumb":{"@id":"https:\/\/www.gastac.com\/nl\/product\/pistoncini-portellone-posteriore-toyota-yaris\/#breadcrumb"},"inLanguage":"nl-NL","potentialAction":[{"@type":"ReadAction","target":["https:\/\/www.gastac.com\/nl\/product\/pistoncini-portellone-posteriore-toyota-yaris\/"]}]},{"@type":"ImageObject","inLanguage":"nl-NL","@id":"https:\/\/www.gastac.com\/nl\/product\/pistoncini-portellone-posteriore-toyota-yaris\/#primaryimage","url":"https:\/\/www.gastac.com\/wp-content\/uploads\/2025\/11\/molle-a-gas-per-portelloni-camper-2-600x600-2.webp","contentUrl":"https:\/\/www.gastac.com\/wp-content\/uploads\/2025\/11\/molle-a-gas-per-portelloni-camper-2-600x600-2.webp","width":600,"height":600,"caption":"molle a gas per portelloni camper 2 600x600"},{"@type":"BreadcrumbList","@id":"https:\/\/www.gastac.com\/nl\/product\/pistoncini-portellone-posteriore-toyota-yaris\/#breadcrumb","itemListElement":[{"@type":"ListItem","position":1,"name":"Home","item":"https:\/\/www.gastac.com\/nl\/"},{"@type":"ListItem","position":2,"name":"products","item":"https:\/\/www.gastac.com\/nl\/products\/"},{"@type":"ListItem","position":3,"name":"Ongecategoriseerd","item":"https:\/\/www.gastac.com\/nl\/product-category\/ongecategoriseerd\/"},{"@type":"ListItem","position":4,"name":"Pistoncini Portellone Posteriore Toyota Yaris"}]},{"@type":"WebSite","@id":"https:\/\/www.gastac.com\/nl\/#website","url":"https:\/\/www.gastac.com\/nl\/","name":"Gastac Gas Spring","description":"China\u2019s Leading Gas Springs &amp; Struts Manufacturer","publisher":{"@id":"https:\/\/www.gastac.com\/nl\/#organization"},"potentialAction":[{"@type":"SearchAction","target":{"@type":"EntryPoint","urlTemplate":"https:\/\/www.gastac.com\/nl\/?s={search_term_string}"},"query-input":{"@type":"PropertyValueSpecification","valueRequired":true,"valueName":"search_term_string"}}],"inLanguage":"nl-NL"},{"@type":"Organization","@id":"https:\/\/www.gastac.com\/nl\/#organization","name":"Ningbo Gastac Gas Spring Co.,Ltd","url":"https:\/\/www.gastac.com\/nl\/","logo":{"@type":"ImageObject","inLanguage":"nl-NL","@id":"https:\/\/www.gastac.com\/nl\/#\/schema\/logo\/image\/","url":"https:\/\/www.gastac.com\/wp-content\/uploads\/2025\/09\/LOGO\u672c\u8272-\u9ed1.webp","contentUrl":"https:\/\/www.gastac.com\/wp-content\/uploads\/2025\/09\/LOGO\u672c\u8272-\u9ed1.webp","width":1920,"height":1080,"caption":"Ningbo Gastac Gas Spring Co.,Ltd"},"image":{"@id":"https:\/\/www.gastac.com\/nl\/#\/schema\/logo\/image\/"},"sameAs":["https:\/\/www.facebook.com\/profile.php?id=100092358464608","https:\/\/www.youtube.com\/@Gastac-Gas-Spring","https:\/\/www.linkedin.com\/in\/gastac-gas-spring\/","https:\/\/www.instagram.com\/gastacgasspring\/"]}]}},"_links":{"self":[{"href":"https:\/\/www.gastac.com\/nl\/wp-json\/wp\/v2\/product\/23619","targetHints":{"allow":["GET"]}}],"collection":[{"href":"https:\/\/www.gastac.com\/nl\/wp-json\/wp\/v2\/product"}],"about":[{"href":"https:\/\/www.gastac.com\/nl\/wp-json\/wp\/v2\/types\/product"}],"replies":[{"embeddable":true,"href":"https:\/\/www.gastac.com\/nl\/wp-json\/wp\/v2\/comments?post=23619"}],"wp:featuredmedia":[{"embeddable":true,"href":"https:\/\/www.gastac.com\/nl\/wp-json\/wp\/v2\/media\/23620"}],"wp:attachment":[{"href":"https:\/\/www.gastac.com\/nl\/wp-json\/wp\/v2\/media?parent=23619"}],"wp:term":[{"taxonomy":"product_brand","embeddable":true,"href":"https:\/\/www.gastac.com\/nl\/wp-json\/wp\/v2\/product_brand?post=23619"},{"taxonomy":"product_cat","embeddable":true,"href":"https:\/\/www.gastac.com\/nl\/wp-json\/wp\/v2\/product_cat?post=23619"},{"taxonomy":"product_tag","embeddable":true,"href":"https:\/\/www.gastac.com\/nl\/wp-json\/wp\/v2\/product_tag?post=23619"}],"curies":[{"name":"wp","href":"https:\/\/api.w.org\/{rel}","templated":true}]}}