{"id":23609,"date":"2025-11-19T02:51:18","date_gmt":"2025-11-19T02:51:18","guid":{"rendered":"https:\/\/www.gastac.com\/?post_type=product&#038;p=23609"},"modified":"2025-11-19T02:51:19","modified_gmt":"2025-11-19T02:51:19","slug":"pistoncini-portellone-renault-scenic","status":"publish","type":"product","link":"https:\/\/www.gastac.com\/nl\/product\/pistoncini-portellone-renault-scenic\/","title":{"rendered":"Pistoncini Portellone Renault Scenic"},"content":{"rendered":"<p><strong>Pistoncini portellone renault scenic<\/strong><\/p>\n<p>Pistoncini portellone renault scenic (pistone bagagliaio in breve) viene utilizzato per sostenere il portellone, e pistoni per portellone auto viene utilizzato come elemento della carrozzeria per consentire al bagagliaio di aprirsi e chiudersi dolcemente e senza intoppi.<\/p>\n<p>&nbsp;<\/p>\n<p>Pistoncini portellone renault scenic non sdoppiabile, molle per pistoni baule<\/p>\n<p>Non \u00e8 possibile risolvere. Se le parti vengono manomesse, il fluido operativo potrebbe fuoriuscire. Questo problema pu\u00f2 essere rilevato immediatamente anche con una semplice ispezione visiva. Esiste anche il rischio di lesioni dovute all\u2019elevata pressione del gas all\u2019interno del meccanismo.<\/p>\n<p>Quando il portellone scricchiola quando viene aperto, o il bagagliaio non pu\u00f2 essere aperto facilmente e il bagagliaio non pu\u00f2 essere aperto nella posizione pi\u00f9 alta, significa che il pistone del bagagliaio \u00e8 guasto e la molla a gas deve essere sostituita in tempo per rendere il i pistoni per portellone auto funzionano di nuovo normalmente, il portellone si apre e si richiude normalmente.<\/p>\n<p><strong><b>Modelli applicabili per Pistoncini Portellone Renault Scenic<\/b><\/strong><\/p>\n<p>&nbsp;<\/p>\n<p>Renault Sc\u00e9nic II<\/p>\n<p>Pistoncini portellone per RENAULT Sc\u00e9nic II (JM)<\/p>\n<p>&nbsp;<\/p>\n<p>Pistoni bagagliaio per JM0\/1_ 1.4<\/p>\n<p>Pistoncini portellone per RENAULT Sc\u00e9nic II (JM) 1.4 98 CV 2003 \u2013 2008<\/p>\n<p>&nbsp;<\/p>\n<p>RENAULT SC\u00c9NIC JM0\/1_ 1.5<\/p>\n<p>Pistoncini portellone per RENAULT Sc\u00e9nic II (JM) 1.5 dCi 101 CV 2003 \u2013 2005<\/p>\n<p>Ammortizzatore portellone posteriore per Renault Scenic 2 1.5 dCi 82 CV 2003 \u2013 2006<\/p>\n<p>1.5 dCi 103 CV 2007 \u2013 2008<\/p>\n<p>1.5 dCi 106 CV 2005 \u2013 2008<\/p>\n<p>1.5 dCi 86 CV 2005 \u2013 2008<\/p>\n<p>&nbsp;<\/p>\n<p>Pistoni bagagliaio per JM0\/1_ 1.6<\/p>\n<p>Pistoncini portellone per RENAULT Sc\u00e9nic II (JM) 1.6 105 CV 2006 \u2013 2008<\/p>\n<p>Ammortizzatore portellone posteriore per Renault Scenic 2 1.6 113 CV 2003 \u2013 2006<\/p>\n<p>1.6 16V 112 CV 2005 \u2013 2008<\/p>\n<p>1.6 BiFuel 113 CV 2003 \u2013 2006<\/p>\n<p>1.6 Hi-Flex 110 CV 2005 \u2013 2010<\/p>\n<p>&nbsp;<\/p>\n<p>RENAULT SC\u00c9NIC JM0\/1_ 1.9<\/p>\n<p>Pistoncini portellone per RENAULT Sc\u00e9nic II (JM) 1.9 D 116 CV 2006 \u2013 2008<\/p>\n<p>Ammortizzatore portellone posteriore per Renault Scenic 2 1.9 dCi 125 CV 2003 \u2013 2008<\/p>\n<p>1.9 dCi 98 CV 2004 \u2013 2008<\/p>\n<p>1.9 dCi 120 CV 2003 \u2013 2006<\/p>\n<p>1.9 dCi 131 CV 2005 \u2013 2008<\/p>\n<p>1.9 dCi 110 CV 2005 \u2013 2008<\/p>\n<p>1.9 dCi 130 132 CV 2005 \u2013 2009<\/p>\n<p>&nbsp;<\/p>\n<p>Pistoni bagagliaio per JM0\/1_ 2.0<\/p>\n<p>Pistoncini portellone per RENAULT Sc\u00e9nic II (JM) 2.0 140 CV 2003 \u2013 2010<\/p>\n<p>Ammortizzatore portellone posteriore per Renault Scenic 2 2.0 138 CV 2008 \u2013 2009<\/p>\n<p>2.0 135 CV 2003 \u2013 2009<\/p>\n<p>2.0 16V Turbo 163 CV 2004 \u2013 2008<\/p>\n<p>2.0 dCi 150 CV 2005 \u2013 2008<br \/>\n<img decoding=\"async\" class=\"lazyload aligncenter\" src=\"data:image\/svg+xml,%3Csvg%20xmlns%3D%27http%3A%2F%2Fwww.w3.org%2F2000%2Fsvg%27%20width%3D%27783%27%20height%3D%27286%27%20viewBox%3D%270%200%20783%20286%27%3E%3Crect%20width%3D%27783%27%20height%3D%27286%27%20fill-opacity%3D%220%22%2F%3E%3C%2Fsvg%3E\" data-orig-src=\"https:\/\/www.gastac.com\/wp-content\/uploads\/2023\/06\/Pistoncini-portellone-renault-scenic.png\" alt=\"Pistoncini portellone renault scenic\" width=\"783\" height=\"286\" \/><\/p>\n","protected":false},"excerpt":{"rendered":"<p>Pistoncini portellone renault scenic Pistoncini portellone renault scenic (pistone bagagliaio in breve) viene utilizzato per sostenere il portellone, e pistoni  [&#8230;]<\/p>\n","protected":false},"featured_media":23616,"comment_status":"open","ping_status":"closed","template":"","meta":[],"product_brand":[],"product_cat":[106],"product_tag":[],"class_list":{"0":"post-23609","1":"product","2":"type-product","3":"status-publish","4":"has-post-thumbnail","6":"product_cat-ongecategoriseerd","8":"first","9":"instock","10":"shipping-taxable","11":"product-type-simple"},"yoast_head":"<!-- This site is optimized with the Yoast SEO Premium plugin v26.2 (Yoast SEO v27.4) - https:\/\/yoast.com\/product\/yoast-seo-premium-wordpress\/ -->\n<title>Pistoncini Portellone Renault Scenic | Gastac Gas Spring<\/title>\n<meta name=\"robots\" content=\"index, follow, max-snippet:-1, max-image-preview:large, max-video-preview:-1\" \/>\n<link rel=\"canonical\" href=\"https:\/\/www.gastac.com\/nl\/product\/pistoncini-portellone-renault-scenic\/\" \/>\n<meta property=\"og:locale\" content=\"nl_NL\" \/>\n<meta property=\"og:type\" content=\"article\" \/>\n<meta property=\"og:title\" content=\"Pistoncini Portellone Renault Scenic\" \/>\n<meta property=\"og:description\" content=\"Pistoncini portellone renault scenic Pistoncini portellone renault scenic (pistone bagagliaio in breve) viene utilizzato per sostenere il portellone, e pistoni [...]\" \/>\n<meta property=\"og:url\" content=\"https:\/\/www.gastac.com\/nl\/product\/pistoncini-portellone-renault-scenic\/\" \/>\n<meta property=\"og:site_name\" content=\"Gastac Gas Spring\" \/>\n<meta property=\"article:publisher\" content=\"https:\/\/www.facebook.com\/profile.php?id=100092358464608\" \/>\n<meta property=\"article:modified_time\" content=\"2025-11-19T02:51:19+00:00\" \/>\n<meta property=\"og:image\" content=\"https:\/\/www.gastac.com\/wp-content\/uploads\/2025\/11\/pistoncini-a-gas-2-600x600-1.webp\" \/>\n\t<meta property=\"og:image:width\" content=\"600\" \/>\n\t<meta property=\"og:image:height\" content=\"600\" \/>\n\t<meta property=\"og:image:type\" content=\"image\/webp\" \/>\n<meta name=\"twitter:card\" content=\"summary_large_image\" \/>\n<meta name=\"twitter:label1\" content=\"Geschatte leestijd\" \/>\n\t<meta name=\"twitter:data1\" content=\"1 minuut\" \/>\n<script type=\"application\/ld+json\" class=\"yoast-schema-graph\">{\"@context\":\"https:\\\/\\\/schema.org\",\"@graph\":[{\"@type\":\"WebPage\",\"@id\":\"https:\\\/\\\/www.gastac.com\\\/nl\\\/product\\\/pistoncini-portellone-renault-scenic\\\/\",\"url\":\"https:\\\/\\\/www.gastac.com\\\/nl\\\/product\\\/pistoncini-portellone-renault-scenic\\\/\",\"name\":\"Pistoncini Portellone Renault Scenic | Gastac Gas Spring\",\"isPartOf\":{\"@id\":\"https:\\\/\\\/www.gastac.com\\\/nl\\\/#website\"},\"primaryImageOfPage\":{\"@id\":\"https:\\\/\\\/www.gastac.com\\\/nl\\\/product\\\/pistoncini-portellone-renault-scenic\\\/#primaryimage\"},\"image\":{\"@id\":\"https:\\\/\\\/www.gastac.com\\\/nl\\\/product\\\/pistoncini-portellone-renault-scenic\\\/#primaryimage\"},\"thumbnailUrl\":\"https:\\\/\\\/www.gastac.com\\\/wp-content\\\/uploads\\\/2025\\\/11\\\/pistoncini-a-gas-2-600x600-1.webp\",\"datePublished\":\"2025-11-19T02:51:18+00:00\",\"dateModified\":\"2025-11-19T02:51:19+00:00\",\"breadcrumb\":{\"@id\":\"https:\\\/\\\/www.gastac.com\\\/nl\\\/product\\\/pistoncini-portellone-renault-scenic\\\/#breadcrumb\"},\"inLanguage\":\"nl-NL\",\"potentialAction\":[{\"@type\":\"ReadAction\",\"target\":[\"https:\\\/\\\/www.gastac.com\\\/nl\\\/product\\\/pistoncini-portellone-renault-scenic\\\/\"]}]},{\"@type\":\"ImageObject\",\"inLanguage\":\"nl-NL\",\"@id\":\"https:\\\/\\\/www.gastac.com\\\/nl\\\/product\\\/pistoncini-portellone-renault-scenic\\\/#primaryimage\",\"url\":\"https:\\\/\\\/www.gastac.com\\\/wp-content\\\/uploads\\\/2025\\\/11\\\/pistoncini-a-gas-2-600x600-1.webp\",\"contentUrl\":\"https:\\\/\\\/www.gastac.com\\\/wp-content\\\/uploads\\\/2025\\\/11\\\/pistoncini-a-gas-2-600x600-1.webp\",\"width\":600,\"height\":600,\"caption\":\"pistoncini a gas 2 600x600\"},{\"@type\":\"BreadcrumbList\",\"@id\":\"https:\\\/\\\/www.gastac.com\\\/nl\\\/product\\\/pistoncini-portellone-renault-scenic\\\/#breadcrumb\",\"itemListElement\":[{\"@type\":\"ListItem\",\"position\":1,\"name\":\"Home\",\"item\":\"https:\\\/\\\/www.gastac.com\\\/nl\\\/\"},{\"@type\":\"ListItem\",\"position\":2,\"name\":\"products\",\"item\":\"https:\\\/\\\/www.gastac.com\\\/nl\\\/products\\\/\"},{\"@type\":\"ListItem\",\"position\":3,\"name\":\"Ongecategoriseerd\",\"item\":\"https:\\\/\\\/www.gastac.com\\\/nl\\\/product-category\\\/ongecategoriseerd\\\/\"},{\"@type\":\"ListItem\",\"position\":4,\"name\":\"Pistoncini Portellone Renault Scenic\"}]},{\"@type\":\"WebSite\",\"@id\":\"https:\\\/\\\/www.gastac.com\\\/nl\\\/#website\",\"url\":\"https:\\\/\\\/www.gastac.com\\\/nl\\\/\",\"name\":\"Gastac Gas Spring\",\"description\":\"China\u2019s Leading Gas Springs &amp; Struts Manufacturer\",\"publisher\":{\"@id\":\"https:\\\/\\\/www.gastac.com\\\/nl\\\/#organization\"},\"potentialAction\":[{\"@type\":\"SearchAction\",\"target\":{\"@type\":\"EntryPoint\",\"urlTemplate\":\"https:\\\/\\\/www.gastac.com\\\/nl\\\/?s={search_term_string}\"},\"query-input\":{\"@type\":\"PropertyValueSpecification\",\"valueRequired\":true,\"valueName\":\"search_term_string\"}}],\"inLanguage\":\"nl-NL\"},{\"@type\":\"Organization\",\"@id\":\"https:\\\/\\\/www.gastac.com\\\/nl\\\/#organization\",\"name\":\"Ningbo Gastac Gas Spring Co.,Ltd\",\"url\":\"https:\\\/\\\/www.gastac.com\\\/nl\\\/\",\"logo\":{\"@type\":\"ImageObject\",\"inLanguage\":\"nl-NL\",\"@id\":\"https:\\\/\\\/www.gastac.com\\\/nl\\\/#\\\/schema\\\/logo\\\/image\\\/\",\"url\":\"https:\\\/\\\/www.gastac.com\\\/wp-content\\\/uploads\\\/2025\\\/09\\\/LOGO\u672c\u8272-\u9ed1.webp\",\"contentUrl\":\"https:\\\/\\\/www.gastac.com\\\/wp-content\\\/uploads\\\/2025\\\/09\\\/LOGO\u672c\u8272-\u9ed1.webp\",\"width\":1920,\"height\":1080,\"caption\":\"Ningbo Gastac Gas Spring Co.,Ltd\"},\"image\":{\"@id\":\"https:\\\/\\\/www.gastac.com\\\/nl\\\/#\\\/schema\\\/logo\\\/image\\\/\"},\"sameAs\":[\"https:\\\/\\\/www.facebook.com\\\/profile.php?id=100092358464608\",\"https:\\\/\\\/www.youtube.com\\\/@Gastac-Gas-Spring\",\"https:\\\/\\\/www.linkedin.com\\\/in\\\/gastac-gas-spring\\\/\",\"https:\\\/\\\/www.instagram.com\\\/gastacgasspring\\\/\"]}]}<\/script>\n<!-- \/ Yoast SEO Premium plugin. -->","yoast_head_json":{"title":"Pistoncini Portellone Renault Scenic | Gastac Gas Spring","robots":{"index":"index","follow":"follow","max-snippet":"max-snippet:-1","max-image-preview":"max-image-preview:large","max-video-preview":"max-video-preview:-1"},"canonical":"https:\/\/www.gastac.com\/nl\/product\/pistoncini-portellone-renault-scenic\/","og_locale":"nl_NL","og_type":"article","og_title":"Pistoncini Portellone Renault Scenic","og_description":"Pistoncini portellone renault scenic Pistoncini portellone renault scenic (pistone bagagliaio in breve) viene utilizzato per sostenere il portellone, e pistoni [...]","og_url":"https:\/\/www.gastac.com\/nl\/product\/pistoncini-portellone-renault-scenic\/","og_site_name":"Gastac Gas Spring","article_publisher":"https:\/\/www.facebook.com\/profile.php?id=100092358464608","article_modified_time":"2025-11-19T02:51:19+00:00","og_image":[{"width":600,"height":600,"url":"https:\/\/www.gastac.com\/wp-content\/uploads\/2025\/11\/pistoncini-a-gas-2-600x600-1.webp","type":"image\/webp"}],"twitter_card":"summary_large_image","twitter_misc":{"Geschatte leestijd":"1 minuut"},"schema":{"@context":"https:\/\/schema.org","@graph":[{"@type":"WebPage","@id":"https:\/\/www.gastac.com\/nl\/product\/pistoncini-portellone-renault-scenic\/","url":"https:\/\/www.gastac.com\/nl\/product\/pistoncini-portellone-renault-scenic\/","name":"Pistoncini Portellone Renault Scenic | Gastac Gas Spring","isPartOf":{"@id":"https:\/\/www.gastac.com\/nl\/#website"},"primaryImageOfPage":{"@id":"https:\/\/www.gastac.com\/nl\/product\/pistoncini-portellone-renault-scenic\/#primaryimage"},"image":{"@id":"https:\/\/www.gastac.com\/nl\/product\/pistoncini-portellone-renault-scenic\/#primaryimage"},"thumbnailUrl":"https:\/\/www.gastac.com\/wp-content\/uploads\/2025\/11\/pistoncini-a-gas-2-600x600-1.webp","datePublished":"2025-11-19T02:51:18+00:00","dateModified":"2025-11-19T02:51:19+00:00","breadcrumb":{"@id":"https:\/\/www.gastac.com\/nl\/product\/pistoncini-portellone-renault-scenic\/#breadcrumb"},"inLanguage":"nl-NL","potentialAction":[{"@type":"ReadAction","target":["https:\/\/www.gastac.com\/nl\/product\/pistoncini-portellone-renault-scenic\/"]}]},{"@type":"ImageObject","inLanguage":"nl-NL","@id":"https:\/\/www.gastac.com\/nl\/product\/pistoncini-portellone-renault-scenic\/#primaryimage","url":"https:\/\/www.gastac.com\/wp-content\/uploads\/2025\/11\/pistoncini-a-gas-2-600x600-1.webp","contentUrl":"https:\/\/www.gastac.com\/wp-content\/uploads\/2025\/11\/pistoncini-a-gas-2-600x600-1.webp","width":600,"height":600,"caption":"pistoncini a gas 2 600x600"},{"@type":"BreadcrumbList","@id":"https:\/\/www.gastac.com\/nl\/product\/pistoncini-portellone-renault-scenic\/#breadcrumb","itemListElement":[{"@type":"ListItem","position":1,"name":"Home","item":"https:\/\/www.gastac.com\/nl\/"},{"@type":"ListItem","position":2,"name":"products","item":"https:\/\/www.gastac.com\/nl\/products\/"},{"@type":"ListItem","position":3,"name":"Ongecategoriseerd","item":"https:\/\/www.gastac.com\/nl\/product-category\/ongecategoriseerd\/"},{"@type":"ListItem","position":4,"name":"Pistoncini Portellone Renault Scenic"}]},{"@type":"WebSite","@id":"https:\/\/www.gastac.com\/nl\/#website","url":"https:\/\/www.gastac.com\/nl\/","name":"Gastac Gas Spring","description":"China\u2019s Leading Gas Springs &amp; Struts Manufacturer","publisher":{"@id":"https:\/\/www.gastac.com\/nl\/#organization"},"potentialAction":[{"@type":"SearchAction","target":{"@type":"EntryPoint","urlTemplate":"https:\/\/www.gastac.com\/nl\/?s={search_term_string}"},"query-input":{"@type":"PropertyValueSpecification","valueRequired":true,"valueName":"search_term_string"}}],"inLanguage":"nl-NL"},{"@type":"Organization","@id":"https:\/\/www.gastac.com\/nl\/#organization","name":"Ningbo Gastac Gas Spring Co.,Ltd","url":"https:\/\/www.gastac.com\/nl\/","logo":{"@type":"ImageObject","inLanguage":"nl-NL","@id":"https:\/\/www.gastac.com\/nl\/#\/schema\/logo\/image\/","url":"https:\/\/www.gastac.com\/wp-content\/uploads\/2025\/09\/LOGO\u672c\u8272-\u9ed1.webp","contentUrl":"https:\/\/www.gastac.com\/wp-content\/uploads\/2025\/09\/LOGO\u672c\u8272-\u9ed1.webp","width":1920,"height":1080,"caption":"Ningbo Gastac Gas Spring Co.,Ltd"},"image":{"@id":"https:\/\/www.gastac.com\/nl\/#\/schema\/logo\/image\/"},"sameAs":["https:\/\/www.facebook.com\/profile.php?id=100092358464608","https:\/\/www.youtube.com\/@Gastac-Gas-Spring","https:\/\/www.linkedin.com\/in\/gastac-gas-spring\/","https:\/\/www.instagram.com\/gastacgasspring\/"]}]}},"_links":{"self":[{"href":"https:\/\/www.gastac.com\/nl\/wp-json\/wp\/v2\/product\/23609","targetHints":{"allow":["GET"]}}],"collection":[{"href":"https:\/\/www.gastac.com\/nl\/wp-json\/wp\/v2\/product"}],"about":[{"href":"https:\/\/www.gastac.com\/nl\/wp-json\/wp\/v2\/types\/product"}],"replies":[{"embeddable":true,"href":"https:\/\/www.gastac.com\/nl\/wp-json\/wp\/v2\/comments?post=23609"}],"wp:featuredmedia":[{"embeddable":true,"href":"https:\/\/www.gastac.com\/nl\/wp-json\/wp\/v2\/media\/23616"}],"wp:attachment":[{"href":"https:\/\/www.gastac.com\/nl\/wp-json\/wp\/v2\/media?parent=23609"}],"wp:term":[{"taxonomy":"product_brand","embeddable":true,"href":"https:\/\/www.gastac.com\/nl\/wp-json\/wp\/v2\/product_brand?post=23609"},{"taxonomy":"product_cat","embeddable":true,"href":"https:\/\/www.gastac.com\/nl\/wp-json\/wp\/v2\/product_cat?post=23609"},{"taxonomy":"product_tag","embeddable":true,"href":"https:\/\/www.gastac.com\/nl\/wp-json\/wp\/v2\/product_tag?post=23609"}],"curies":[{"name":"wp","href":"https:\/\/api.w.org\/{rel}","templated":true}]}}