{"id":23596,"date":"2025-11-19T02:47:09","date_gmt":"2025-11-19T02:47:09","guid":{"rendered":"https:\/\/www.gastac.com\/?post_type=product&#038;p=23596"},"modified":"2025-11-19T02:47:10","modified_gmt":"2025-11-19T02:47:10","slug":"pistoni-bagagliaio-ford-fiesta","status":"publish","type":"product","link":"https:\/\/www.gastac.com\/nl\/product\/pistoni-bagagliaio-ford-fiesta\/","title":{"rendered":"Pistoni Bagagliaio Ford Fiesta"},"content":{"rendered":"<p><strong>Pistoni bagagliaio ford fiesta<\/strong><\/p>\n<p>Pistoni bagagliaio ford fiesta (noto anche come ammortizzatori portellone ford fiesta) viene utilizzato per sostenere il portellone, e pistoni bagagliaio ford fiesta 2010 viene utilizzato come elemento della carrozzeria per consentire al bagagliaio della Ford Fiesta 2010 di aprirsi e chiudersi dolcemente e senza intoppi.<\/p>\n<p>I pistoni bagagliaio ford fiesta non possono essere smontati e nemmeno i pistoni bagagliaio ford fiesta 2010 possono essere riparati. Se le parti vengono manomesse, il fluido operativo potrebbe fuoriuscire. Questo problema pu\u00f2 essere rilevato immediatamente anche con una semplice ispezione visiva. Esiste anche il rischio di lesioni dovute all\u2019elevata pressione del gas all\u2019interno del meccanismo.<\/p>\n<p>&nbsp;<\/p>\n<p>Quando il portellone scricchiola quando viene aperto, o il bagagliaio non pu\u00f2 essere aperto facilmente e il bagagliaio non pu\u00f2 essere aperto nella posizione pi\u00f9 alta, significa che il pistoni bagagliaio ford fiesta 2010 \u00e8 difettoso e la molla a gas deve essere sostituita in tempo per rendere gli ammortizzatori portellone ford fiesta funziona di nuovo normalmente e il portellone si apre e si chiude tornando normale.<\/p>\n<p>&nbsp;<\/p>\n<p>Se desideri acquistare pizzani bagagliaio ford fiesta pi\u00f9 economico, effettua un ordine nel nostro negozio online. Non solo economico ma anche veloce. L\u2019acquisto online richiede pochi minuti, il nostro team elaborer\u00e0 rapidamente il tuo ordine e spedir\u00e0 il tuo pistoncini portellone posteriore ford fiesta 2010.<\/p>\n<p><strong><b>\u00a0<\/b><\/strong><\/p>\n<p><strong><b>Pistoni Bagagliaio Ford Fiesta Modelli Applicabili<\/b><\/strong><\/p>\n<p>&nbsp;<\/p>\n<p>Pistoncini portellone per 2010 Fiesta Mk5<\/p>\n<p>FORD Fiesta Mk5 Hatchback (JH1, JD1, JH3, JD3) 2010<\/p>\n<p>FORD Fiesta Mk5 Hatchback (JH1, JD1, JH3, JD3) 1.0 Flex 73 CV 2010<\/p>\n<p>FORD Fiesta Mk5 Hatchback (JH1, JD1, JH3, JD3) 1.6 98 CV 2010<\/p>\n<p>FORD Fiesta Mk5 Hatchback (JH1, JD1, JH3, JD3) 1.6 Flex 112 CV 2010<\/p>\n<p>FORD Fiesta Mk5 Hatchback (JH1, JD1, JH3, JD3) 1.6 Flex 107 CV 2010<\/p>\n<p>FORD Fiesta Mk5 Van 2010<\/p>\n<p>FORD Fiesta Mk5 Van 1.4 TDCi 68 CV 2010<\/p>\n<p>FORD Fiesta Mk5 Sedan (JAS, JBS) 2010<\/p>\n<p>FORD Fiesta Mk5 Sedan (JAS, JBS) 1.0 Flex 73 CV 2010<\/p>\n<p>FORD Fiesta Mk5 Sedan (JAS, JBS) 1.4 TDCi 68 CV 2010<\/p>\n<p>FORD Fiesta Mk5 Sedan (JAS, JBS) 1.6 98 CV 2010<\/p>\n<p>FORD Fiesta Mk5 Sedan (JAS, JBS) 1.6 99 CV 2010<\/p>\n<p>FORD Fiesta Mk5 Sedan (JAS, JBS) 1.6 Flex 111 CV 2010<\/p>\n<p>FORD Fiesta Mk5 Sedan (JAS, JBS) 1.6 Flex 107 CV 2010<\/p>\n<p>&nbsp;<\/p>\n<p>Ammortizzatori portellone per 2010 Fiesta Mk6<\/p>\n<p>FORD Fiesta Mk6 Hatchback (JA8, JR8) 2010<\/p>\n<p>FORD Fiesta Mk6 Hatchback (JA8, JR8) 1.25 60 CV 2010<\/p>\n<p>FORD Fiesta Mk6 Hatchback (JA8, JR8) 1.25 82 CV 2010<\/p>\n<p>FORD Fiesta Mk6 Hatchback (JA8, JR8) 1.4 97 CV 2010<\/p>\n<p>FORD Fiesta Mk6 Hatchback (JA8, JR8) 1.4 LPG 92 CV 2010<\/p>\n<p>FORD Fiesta Mk6 Hatchback (JA8, JR8) 1.4 LPG 97 CV 2010<\/p>\n<p>FORD Fiesta Mk6 Hatchback (JA8, JR8) 1.4 TDCi 70 CV 2010<\/p>\n<p>FORD Fiesta Mk6 Hatchback (JA8, JR8) 1.4 TDCi 68 CV 2010<\/p>\n<p>FORD Fiesta Mk6 Hatchback (JA8, JR8) 1.6 121 CV 2010<\/p>\n<p>FORD Fiesta Mk6 Hatchback (JA8, JR8) 1.6 95 CV 2010<\/p>\n<p>FORD Fiesta Mk6 Hatchback (JA8, JR8) 1.6 98 CV 2010<\/p>\n<p>FORD Fiesta Mk6 Hatchback (JA8, JR8) 1.6 110 CV 2010<\/p>\n<p>FORD Fiesta Mk6 Hatchback (JA8, JR8) 1.6 Flex 116 CV 2010<\/p>\n<p>FORD Fiesta Mk6 Hatchback (JA8, JR8) 1.6 TDCi 90 CV 2010<\/p>\n<p>FORD Fiesta Mk6 Hatchback (JA8, JR8) 1.6 TDCi 75 CV 2010<\/p>\n<p>FORD Fiesta Mk6 Hatchback (JA8, JR8) 1.6 TDCi 95 CV 2010<\/p>\n<p>FORD Fiesta Mk6 Hatchback (JA8, JR8) 1.6 Ti 134 CV 2010<\/p>\n<p>FORD Fiesta Mk6 Hatchback (JA8, JR8) 1.6 Ti 120 CV 2010<\/p>\n<p>FORD Fiesta Mk6 Van 2010<\/p>\n<p>FORD Fiesta Mk6 Van 1.25 60 CV 2010<\/p>\n<p>FORD Fiesta Mk6 Van 1.25 82 CV 2010<\/p>\n<p>FORD Fiesta Mk6 Van 1.4 97 CV 2010<\/p>\n<p>FORD Fiesta Mk6 Van 1.4 TDCi 70 CV 2010<\/p>\n<p>FORD Fiesta Mk6 Van 1.4 TDCi 68 CV 2010<\/p>\n<p>FORD Fiesta Mk6 Van 1.6 TDCi 95 CV 2010<\/p>\n<p>FORD Fiesta Mk6 Van 1.6 TDCi 90 CV 2010<\/p>\n<p>FORD Fiesta Mk6 Van 1.6 Ti-VCT 120 CV 2010<\/p>\n<p>&nbsp;<\/p>\n<p>Pistoncini portellone per 2010 Fiesta Mk4<\/p>\n<p>FORD Fiesta Mk4 (J3S, J5S) 2010<\/p>\n<p>FORD Fiesta Mk4 (J3S, J5S) 1.6 Flexfuel (J3, J5) 109 CV 2010<br \/>\n<img decoding=\"async\" class=\"lazyload aligncenter\" src=\"data:image\/svg+xml,%3Csvg%20xmlns%3D%27http%3A%2F%2Fwww.w3.org%2F2000%2Fsvg%27%20width%3D%27786%27%20height%3D%27287%27%20viewBox%3D%270%200%20786%20287%27%3E%3Crect%20width%3D%27786%27%20height%3D%27287%27%20fill-opacity%3D%220%22%2F%3E%3C%2Fsvg%3E\" data-orig-src=\"https:\/\/www.gastac.com\/wp-content\/uploads\/2023\/06\/Pistoni-bagagliaio-ford-fiesta.png\" alt=\"Pistoni bagagliaio ford fiesta \" width=\"786\" height=\"287\" \/><\/p>\n","protected":false},"excerpt":{"rendered":"<p>Pistoni bagagliaio ford fiesta Pistoni bagagliaio ford fiesta (noto anche come ammortizzatori portellone ford fiesta) viene utilizzato per sostenere il  [&#8230;]<\/p>\n","protected":false},"featured_media":23605,"comment_status":"open","ping_status":"closed","template":"","meta":[],"product_brand":[],"product_cat":[106],"product_tag":[],"class_list":{"0":"post-23596","1":"product","2":"type-product","3":"status-publish","4":"has-post-thumbnail","6":"product_cat-ongecategoriseerd","8":"first","9":"instock","10":"shipping-taxable","11":"product-type-simple"},"yoast_head":"<!-- This site is optimized with the Yoast SEO Premium plugin v26.2 (Yoast SEO v27.4) - https:\/\/yoast.com\/product\/yoast-seo-premium-wordpress\/ -->\n<title>Pistoni Bagagliaio Ford Fiesta | Gastac Gas Spring<\/title>\n<meta name=\"robots\" content=\"index, follow, max-snippet:-1, max-image-preview:large, max-video-preview:-1\" \/>\n<link rel=\"canonical\" href=\"https:\/\/www.gastac.com\/nl\/product\/pistoni-bagagliaio-ford-fiesta\/\" \/>\n<meta property=\"og:locale\" content=\"nl_NL\" \/>\n<meta property=\"og:type\" content=\"article\" \/>\n<meta property=\"og:title\" content=\"Pistoni Bagagliaio Ford Fiesta\" \/>\n<meta property=\"og:description\" content=\"Pistoni bagagliaio ford fiesta Pistoni bagagliaio ford fiesta (noto anche come ammortizzatori portellone ford fiesta) viene utilizzato per sostenere il [...]\" \/>\n<meta property=\"og:url\" content=\"https:\/\/www.gastac.com\/nl\/product\/pistoni-bagagliaio-ford-fiesta\/\" \/>\n<meta property=\"og:site_name\" content=\"Gastac Gas Spring\" \/>\n<meta property=\"article:publisher\" content=\"https:\/\/www.facebook.com\/profile.php?id=100092358464608\" \/>\n<meta property=\"article:modified_time\" content=\"2025-11-19T02:47:10+00:00\" \/>\n<meta property=\"og:image\" content=\"https:\/\/www.gastac.com\/wp-content\/uploads\/2025\/11\/molle-a-gas-smart-451-2.webp\" \/>\n\t<meta property=\"og:image:width\" content=\"718\" \/>\n\t<meta property=\"og:image:height\" content=\"723\" \/>\n\t<meta property=\"og:image:type\" content=\"image\/webp\" \/>\n<meta name=\"twitter:card\" content=\"summary_large_image\" \/>\n<meta name=\"twitter:label1\" content=\"Geschatte leestijd\" \/>\n\t<meta name=\"twitter:data1\" content=\"1 minuut\" \/>\n<script type=\"application\/ld+json\" class=\"yoast-schema-graph\">{\"@context\":\"https:\\\/\\\/schema.org\",\"@graph\":[{\"@type\":\"WebPage\",\"@id\":\"https:\\\/\\\/www.gastac.com\\\/nl\\\/product\\\/pistoni-bagagliaio-ford-fiesta\\\/\",\"url\":\"https:\\\/\\\/www.gastac.com\\\/nl\\\/product\\\/pistoni-bagagliaio-ford-fiesta\\\/\",\"name\":\"Pistoni Bagagliaio Ford Fiesta | Gastac Gas Spring\",\"isPartOf\":{\"@id\":\"https:\\\/\\\/www.gastac.com\\\/nl\\\/#website\"},\"primaryImageOfPage\":{\"@id\":\"https:\\\/\\\/www.gastac.com\\\/nl\\\/product\\\/pistoni-bagagliaio-ford-fiesta\\\/#primaryimage\"},\"image\":{\"@id\":\"https:\\\/\\\/www.gastac.com\\\/nl\\\/product\\\/pistoni-bagagliaio-ford-fiesta\\\/#primaryimage\"},\"thumbnailUrl\":\"https:\\\/\\\/www.gastac.com\\\/wp-content\\\/uploads\\\/2025\\\/11\\\/molle-a-gas-smart-451-2.webp\",\"datePublished\":\"2025-11-19T02:47:09+00:00\",\"dateModified\":\"2025-11-19T02:47:10+00:00\",\"breadcrumb\":{\"@id\":\"https:\\\/\\\/www.gastac.com\\\/nl\\\/product\\\/pistoni-bagagliaio-ford-fiesta\\\/#breadcrumb\"},\"inLanguage\":\"nl-NL\",\"potentialAction\":[{\"@type\":\"ReadAction\",\"target\":[\"https:\\\/\\\/www.gastac.com\\\/nl\\\/product\\\/pistoni-bagagliaio-ford-fiesta\\\/\"]}]},{\"@type\":\"ImageObject\",\"inLanguage\":\"nl-NL\",\"@id\":\"https:\\\/\\\/www.gastac.com\\\/nl\\\/product\\\/pistoni-bagagliaio-ford-fiesta\\\/#primaryimage\",\"url\":\"https:\\\/\\\/www.gastac.com\\\/wp-content\\\/uploads\\\/2025\\\/11\\\/molle-a-gas-smart-451-2.webp\",\"contentUrl\":\"https:\\\/\\\/www.gastac.com\\\/wp-content\\\/uploads\\\/2025\\\/11\\\/molle-a-gas-smart-451-2.webp\",\"width\":718,\"height\":723,\"caption\":\"molle a gas smart 451 2\"},{\"@type\":\"BreadcrumbList\",\"@id\":\"https:\\\/\\\/www.gastac.com\\\/nl\\\/product\\\/pistoni-bagagliaio-ford-fiesta\\\/#breadcrumb\",\"itemListElement\":[{\"@type\":\"ListItem\",\"position\":1,\"name\":\"Home\",\"item\":\"https:\\\/\\\/www.gastac.com\\\/nl\\\/\"},{\"@type\":\"ListItem\",\"position\":2,\"name\":\"products\",\"item\":\"https:\\\/\\\/www.gastac.com\\\/nl\\\/products\\\/\"},{\"@type\":\"ListItem\",\"position\":3,\"name\":\"Ongecategoriseerd\",\"item\":\"https:\\\/\\\/www.gastac.com\\\/nl\\\/product-category\\\/ongecategoriseerd\\\/\"},{\"@type\":\"ListItem\",\"position\":4,\"name\":\"Pistoni Bagagliaio Ford Fiesta\"}]},{\"@type\":\"WebSite\",\"@id\":\"https:\\\/\\\/www.gastac.com\\\/nl\\\/#website\",\"url\":\"https:\\\/\\\/www.gastac.com\\\/nl\\\/\",\"name\":\"Gastac Gas Spring\",\"description\":\"China\u2019s Leading Gas Springs &amp; Struts Manufacturer\",\"publisher\":{\"@id\":\"https:\\\/\\\/www.gastac.com\\\/nl\\\/#organization\"},\"potentialAction\":[{\"@type\":\"SearchAction\",\"target\":{\"@type\":\"EntryPoint\",\"urlTemplate\":\"https:\\\/\\\/www.gastac.com\\\/nl\\\/?s={search_term_string}\"},\"query-input\":{\"@type\":\"PropertyValueSpecification\",\"valueRequired\":true,\"valueName\":\"search_term_string\"}}],\"inLanguage\":\"nl-NL\"},{\"@type\":\"Organization\",\"@id\":\"https:\\\/\\\/www.gastac.com\\\/nl\\\/#organization\",\"name\":\"Ningbo Gastac Gas Spring Co.,Ltd\",\"url\":\"https:\\\/\\\/www.gastac.com\\\/nl\\\/\",\"logo\":{\"@type\":\"ImageObject\",\"inLanguage\":\"nl-NL\",\"@id\":\"https:\\\/\\\/www.gastac.com\\\/nl\\\/#\\\/schema\\\/logo\\\/image\\\/\",\"url\":\"https:\\\/\\\/www.gastac.com\\\/wp-content\\\/uploads\\\/2025\\\/09\\\/LOGO\u672c\u8272-\u9ed1.webp\",\"contentUrl\":\"https:\\\/\\\/www.gastac.com\\\/wp-content\\\/uploads\\\/2025\\\/09\\\/LOGO\u672c\u8272-\u9ed1.webp\",\"width\":1920,\"height\":1080,\"caption\":\"Ningbo Gastac Gas Spring Co.,Ltd\"},\"image\":{\"@id\":\"https:\\\/\\\/www.gastac.com\\\/nl\\\/#\\\/schema\\\/logo\\\/image\\\/\"},\"sameAs\":[\"https:\\\/\\\/www.facebook.com\\\/profile.php?id=100092358464608\",\"https:\\\/\\\/www.youtube.com\\\/@Gastac-Gas-Spring\",\"https:\\\/\\\/www.linkedin.com\\\/in\\\/gastac-gas-spring\\\/\",\"https:\\\/\\\/www.instagram.com\\\/gastacgasspring\\\/\"]}]}<\/script>\n<!-- \/ Yoast SEO Premium plugin. -->","yoast_head_json":{"title":"Pistoni Bagagliaio Ford Fiesta | Gastac Gas Spring","robots":{"index":"index","follow":"follow","max-snippet":"max-snippet:-1","max-image-preview":"max-image-preview:large","max-video-preview":"max-video-preview:-1"},"canonical":"https:\/\/www.gastac.com\/nl\/product\/pistoni-bagagliaio-ford-fiesta\/","og_locale":"nl_NL","og_type":"article","og_title":"Pistoni Bagagliaio Ford Fiesta","og_description":"Pistoni bagagliaio ford fiesta Pistoni bagagliaio ford fiesta (noto anche come ammortizzatori portellone ford fiesta) viene utilizzato per sostenere il [...]","og_url":"https:\/\/www.gastac.com\/nl\/product\/pistoni-bagagliaio-ford-fiesta\/","og_site_name":"Gastac Gas Spring","article_publisher":"https:\/\/www.facebook.com\/profile.php?id=100092358464608","article_modified_time":"2025-11-19T02:47:10+00:00","og_image":[{"width":718,"height":723,"url":"https:\/\/www.gastac.com\/wp-content\/uploads\/2025\/11\/molle-a-gas-smart-451-2.webp","type":"image\/webp"}],"twitter_card":"summary_large_image","twitter_misc":{"Geschatte leestijd":"1 minuut"},"schema":{"@context":"https:\/\/schema.org","@graph":[{"@type":"WebPage","@id":"https:\/\/www.gastac.com\/nl\/product\/pistoni-bagagliaio-ford-fiesta\/","url":"https:\/\/www.gastac.com\/nl\/product\/pistoni-bagagliaio-ford-fiesta\/","name":"Pistoni Bagagliaio Ford Fiesta | Gastac Gas Spring","isPartOf":{"@id":"https:\/\/www.gastac.com\/nl\/#website"},"primaryImageOfPage":{"@id":"https:\/\/www.gastac.com\/nl\/product\/pistoni-bagagliaio-ford-fiesta\/#primaryimage"},"image":{"@id":"https:\/\/www.gastac.com\/nl\/product\/pistoni-bagagliaio-ford-fiesta\/#primaryimage"},"thumbnailUrl":"https:\/\/www.gastac.com\/wp-content\/uploads\/2025\/11\/molle-a-gas-smart-451-2.webp","datePublished":"2025-11-19T02:47:09+00:00","dateModified":"2025-11-19T02:47:10+00:00","breadcrumb":{"@id":"https:\/\/www.gastac.com\/nl\/product\/pistoni-bagagliaio-ford-fiesta\/#breadcrumb"},"inLanguage":"nl-NL","potentialAction":[{"@type":"ReadAction","target":["https:\/\/www.gastac.com\/nl\/product\/pistoni-bagagliaio-ford-fiesta\/"]}]},{"@type":"ImageObject","inLanguage":"nl-NL","@id":"https:\/\/www.gastac.com\/nl\/product\/pistoni-bagagliaio-ford-fiesta\/#primaryimage","url":"https:\/\/www.gastac.com\/wp-content\/uploads\/2025\/11\/molle-a-gas-smart-451-2.webp","contentUrl":"https:\/\/www.gastac.com\/wp-content\/uploads\/2025\/11\/molle-a-gas-smart-451-2.webp","width":718,"height":723,"caption":"molle a gas smart 451 2"},{"@type":"BreadcrumbList","@id":"https:\/\/www.gastac.com\/nl\/product\/pistoni-bagagliaio-ford-fiesta\/#breadcrumb","itemListElement":[{"@type":"ListItem","position":1,"name":"Home","item":"https:\/\/www.gastac.com\/nl\/"},{"@type":"ListItem","position":2,"name":"products","item":"https:\/\/www.gastac.com\/nl\/products\/"},{"@type":"ListItem","position":3,"name":"Ongecategoriseerd","item":"https:\/\/www.gastac.com\/nl\/product-category\/ongecategoriseerd\/"},{"@type":"ListItem","position":4,"name":"Pistoni Bagagliaio Ford Fiesta"}]},{"@type":"WebSite","@id":"https:\/\/www.gastac.com\/nl\/#website","url":"https:\/\/www.gastac.com\/nl\/","name":"Gastac Gas Spring","description":"China\u2019s Leading Gas Springs &amp; Struts Manufacturer","publisher":{"@id":"https:\/\/www.gastac.com\/nl\/#organization"},"potentialAction":[{"@type":"SearchAction","target":{"@type":"EntryPoint","urlTemplate":"https:\/\/www.gastac.com\/nl\/?s={search_term_string}"},"query-input":{"@type":"PropertyValueSpecification","valueRequired":true,"valueName":"search_term_string"}}],"inLanguage":"nl-NL"},{"@type":"Organization","@id":"https:\/\/www.gastac.com\/nl\/#organization","name":"Ningbo Gastac Gas Spring Co.,Ltd","url":"https:\/\/www.gastac.com\/nl\/","logo":{"@type":"ImageObject","inLanguage":"nl-NL","@id":"https:\/\/www.gastac.com\/nl\/#\/schema\/logo\/image\/","url":"https:\/\/www.gastac.com\/wp-content\/uploads\/2025\/09\/LOGO\u672c\u8272-\u9ed1.webp","contentUrl":"https:\/\/www.gastac.com\/wp-content\/uploads\/2025\/09\/LOGO\u672c\u8272-\u9ed1.webp","width":1920,"height":1080,"caption":"Ningbo Gastac Gas Spring Co.,Ltd"},"image":{"@id":"https:\/\/www.gastac.com\/nl\/#\/schema\/logo\/image\/"},"sameAs":["https:\/\/www.facebook.com\/profile.php?id=100092358464608","https:\/\/www.youtube.com\/@Gastac-Gas-Spring","https:\/\/www.linkedin.com\/in\/gastac-gas-spring\/","https:\/\/www.instagram.com\/gastacgasspring\/"]}]}},"_links":{"self":[{"href":"https:\/\/www.gastac.com\/nl\/wp-json\/wp\/v2\/product\/23596","targetHints":{"allow":["GET"]}}],"collection":[{"href":"https:\/\/www.gastac.com\/nl\/wp-json\/wp\/v2\/product"}],"about":[{"href":"https:\/\/www.gastac.com\/nl\/wp-json\/wp\/v2\/types\/product"}],"replies":[{"embeddable":true,"href":"https:\/\/www.gastac.com\/nl\/wp-json\/wp\/v2\/comments?post=23596"}],"wp:featuredmedia":[{"embeddable":true,"href":"https:\/\/www.gastac.com\/nl\/wp-json\/wp\/v2\/media\/23605"}],"wp:attachment":[{"href":"https:\/\/www.gastac.com\/nl\/wp-json\/wp\/v2\/media?parent=23596"}],"wp:term":[{"taxonomy":"product_brand","embeddable":true,"href":"https:\/\/www.gastac.com\/nl\/wp-json\/wp\/v2\/product_brand?post=23596"},{"taxonomy":"product_cat","embeddable":true,"href":"https:\/\/www.gastac.com\/nl\/wp-json\/wp\/v2\/product_cat?post=23596"},{"taxonomy":"product_tag","embeddable":true,"href":"https:\/\/www.gastac.com\/nl\/wp-json\/wp\/v2\/product_tag?post=23596"}],"curies":[{"name":"wp","href":"https:\/\/api.w.org\/{rel}","templated":true}]}}