{"id":23591,"date":"2025-11-19T02:40:02","date_gmt":"2025-11-19T02:40:02","guid":{"rendered":"https:\/\/www.gastac.com\/?post_type=product&#038;p=23591"},"modified":"2025-11-19T02:40:04","modified_gmt":"2025-11-19T02:40:04","slug":"pistoni-bagagliaio-yaris","status":"publish","type":"product","link":"https:\/\/www.gastac.com\/nl\/product\/pistoni-bagagliaio-yaris\/","title":{"rendered":"Pistoni Bagagliaio Yaris"},"content":{"rendered":"<p><strong>Pistoni bagagliaio yaris<\/strong><\/p>\n<p>I pistoni bagagliaio yaris (noti anche come pistoncini baule yaris) sono utilizzati per sostenere il portellone posteriore.I pistoncini baule yaris sono utilizzati come elementi della carrozzeria per consentire alla Toyota Yaris del 2005 di aprirsi e chiudersi dolcemente e senza intoppi.<\/p>\n<p>I pistoni bagagliaio yaris non possono essere sdoppiati, n\u00e9 le molle a gas portellone yaris possono essere riparate. Se le parti vengono manomesse, il fluido operativo potrebbe fuoriuscire. Questo problema pu\u00f2 essere rilevato immediatamente anche con una semplice ispezione visiva. Esiste anche il rischio di lesioni dovute all\u2019elevata pressione del gas all\u2019interno del meccanismo.<\/p>\n<p>Quando il portellone scricchiola quando viene aperto, o il bagagliaio non pu\u00f2 essere aperto facilmente e il bagagliaio non pu\u00f2 essere aperto nella posizione pi\u00f9 alta, significa che i pistoncini portellone posteriore toyota yaris sono difettosi e la molla a gas deve essere sostituita in tempo per fare le molle a gas per Il bagagliaio funziona di nuovo normalmente e il portellone si apre e si richiude normalmente.<\/p>\n<p>Se desideri acquistare pizzani portellone yaris 2005 a un prezzo inferiore, effettua un ordine nel nostro negozio online. Non solo economico ma anche veloce. L\u2019acquisto online richiede pochi minuti, il nostro team evader\u00e0 rapidamente il tuo ordine e spedir\u00e0 il tuo Ammortizzatori portellone toyota yaris.<\/p>\n<p><strong><b>P<\/b><\/strong><strong><b>istoni\u00a0<\/b><\/strong><strong><b>B<\/b><\/strong><strong><b>agagliaio\u00a0<\/b><\/strong><strong><b>Y<\/b><\/strong><strong><b>aris<\/b><\/strong><strong><b>\u00a0<\/b><\/strong><strong><b>Modelli applicabili<\/b><\/strong><\/p>\n<p>Pistoncini portellone per 2005 Yaris I<\/p>\n<p>TOYOTA Yaris I Hatchback (P1) 2005<\/p>\n<p>TOYOTA Yaris I Hatchback (P1) 1.0 (SCP10_) 68 CV 2005<\/p>\n<p>TOYOTA Yaris I Hatchback (P1) 1.0 (SCP10_) 65 CV 2005<\/p>\n<p>TOYOTA Yaris I Hatchback (P1) 1.3 (NCP10_, SCP12_) 86 CV 2005<\/p>\n<p>TOYOTA Yaris I Hatchback (P1) 1.3 (SCP12_) 87 CV 2005<\/p>\n<p>TOYOTA Yaris I Hatchback (P1) 1.3 4WD (NCP15) 88 CV 2005<\/p>\n<p>TOYOTA Yaris I Hatchback (P1) 1.4 D-4D (NLP10_) 75 CV 2005<\/p>\n<p>TOYOTA Yaris I Hatchback (P1) 1.5 (NCP13_) 106 CV 2005<\/p>\n<p>TOYOTA Yaris I Hatchback (P1) 1.5 (NCP13_) 105 CV 2005<\/p>\n<p>TOYOTA Yaris I Hatchback (P1) 1.5 (NCP13_) 150 CV 2005<\/p>\n<p>TOYOTA Yaris I Hatchback (P1) 1.5 (NCP13_, NCP12_) 110 CV 2005<\/p>\n<p>&nbsp;<\/p>\n<p>Ammortizzatori portellone per 2005 Yaris II<\/p>\n<p>TOYOTA Yaris II Hatchback (XP9) 2005<\/p>\n<p>TOYOTA Yaris II Hatchback (XP9) 1.0 VVT-i (KSP90) 71 CV 2005<\/p>\n<p>TOYOTA Yaris II Hatchback (XP9) 1.0 VVT-i (KSP90_) 69 CV 2005<\/p>\n<p>TOYOTA Yaris II Hatchback (XP9) 1.3 VVT-i (NCP90_, SCP90_) 86 CV 2005<\/p>\n<p>TOYOTA Yaris II Hatchback (XP9) 1.3 VVT-i (SCP90_) 87 CV 2005<\/p>\n<p>TOYOTA Yaris II Hatchback (XP9) 1.4 D-4D (NLP90_) 90 CV 2005<\/p>\n<p>TOYOTA Yaris II Hatchback (XP9) 1.5 (NCP91_) 110 CV 2005<\/p>\n<p>TOYOTA Yaris II Hatchback (XP9) 1.5 (NCP91_) 109 CV 2005<\/p>\n<p>TOYOTA Yaris II Hatchback (XP9) 1.5 (NCP91_) 107 CV 2005<\/p>\n<p>TOYOTA Yaris II Hatchback (XP9) 1.8 VVTi 132 CV 2005<\/p>\n<p>&nbsp;<\/p>\n<p>Pistoncini portellone per 2005 Vios<\/p>\n<p>TOYOTA Vios \/ Yaris II Sedan (XP9) 2005<\/p>\n<p>TOYOTA Vios \/ Yaris II Sedan (XP9) 1.0 (KSP90_) 71 CV 2005<\/p>\n<p>TOYOTA Vios \/ Yaris II Sedan (XP9) 1.3 (NCP92_) 87 CV 2005<\/p>\n<p>TOYOTA Vios \/ Yaris II Sedan (XP9) 1.3 4WD (NCP92_) 87 CV 2005<\/p>\n","protected":false},"excerpt":{"rendered":"<p>Pistoni bagagliaio yaris I pistoni bagagliaio yaris (noti anche come pistoncini baule yaris) sono utilizzati per sostenere il portellone posteriore.I  [&#8230;]<\/p>\n","protected":false},"featured_media":23592,"comment_status":"open","ping_status":"closed","template":"","meta":[],"product_brand":[],"product_cat":[106],"product_tag":[],"class_list":{"0":"post-23591","1":"product","2":"type-product","3":"status-publish","4":"has-post-thumbnail","6":"product_cat-ongecategoriseerd","8":"first","9":"instock","10":"shipping-taxable","11":"product-type-simple"},"yoast_head":"<!-- This site is optimized with the Yoast SEO Premium plugin v26.2 (Yoast SEO v27.4) - https:\/\/yoast.com\/product\/yoast-seo-premium-wordpress\/ -->\n<title>Pistoni Bagagliaio Yaris | Gastac Gas Spring<\/title>\n<meta name=\"robots\" content=\"index, follow, max-snippet:-1, max-image-preview:large, max-video-preview:-1\" \/>\n<link rel=\"canonical\" href=\"https:\/\/www.gastac.com\/nl\/product\/pistoni-bagagliaio-yaris\/\" \/>\n<meta property=\"og:locale\" content=\"nl_NL\" \/>\n<meta property=\"og:type\" content=\"article\" \/>\n<meta property=\"og:title\" content=\"Pistoni Bagagliaio Yaris\" \/>\n<meta property=\"og:description\" content=\"Pistoni bagagliaio yaris I pistoni bagagliaio yaris (noti anche come pistoncini baule yaris) sono utilizzati per sostenere il portellone posteriore.I [...]\" \/>\n<meta property=\"og:url\" content=\"https:\/\/www.gastac.com\/nl\/product\/pistoni-bagagliaio-yaris\/\" \/>\n<meta property=\"og:site_name\" content=\"Gastac Gas Spring\" \/>\n<meta property=\"article:publisher\" content=\"https:\/\/www.facebook.com\/profile.php?id=100092358464608\" \/>\n<meta property=\"article:modified_time\" content=\"2025-11-19T02:40:04+00:00\" \/>\n<meta property=\"og:image\" content=\"https:\/\/www.gastac.com\/wp-content\/uploads\/2025\/11\/heckklappendampfer-smart-451-2.webp\" \/>\n\t<meta property=\"og:image:width\" content=\"352\" \/>\n\t<meta property=\"og:image:height\" content=\"355\" \/>\n\t<meta property=\"og:image:type\" content=\"image\/webp\" \/>\n<meta name=\"twitter:card\" content=\"summary_large_image\" \/>\n<meta name=\"twitter:label1\" content=\"Geschatte leestijd\" \/>\n\t<meta name=\"twitter:data1\" content=\"1 minuut\" \/>\n<script type=\"application\/ld+json\" class=\"yoast-schema-graph\">{\"@context\":\"https:\\\/\\\/schema.org\",\"@graph\":[{\"@type\":\"WebPage\",\"@id\":\"https:\\\/\\\/www.gastac.com\\\/nl\\\/product\\\/pistoni-bagagliaio-yaris\\\/\",\"url\":\"https:\\\/\\\/www.gastac.com\\\/nl\\\/product\\\/pistoni-bagagliaio-yaris\\\/\",\"name\":\"Pistoni Bagagliaio Yaris | Gastac Gas Spring\",\"isPartOf\":{\"@id\":\"https:\\\/\\\/www.gastac.com\\\/nl\\\/#website\"},\"primaryImageOfPage\":{\"@id\":\"https:\\\/\\\/www.gastac.com\\\/nl\\\/product\\\/pistoni-bagagliaio-yaris\\\/#primaryimage\"},\"image\":{\"@id\":\"https:\\\/\\\/www.gastac.com\\\/nl\\\/product\\\/pistoni-bagagliaio-yaris\\\/#primaryimage\"},\"thumbnailUrl\":\"https:\\\/\\\/www.gastac.com\\\/wp-content\\\/uploads\\\/2025\\\/11\\\/heckklappendampfer-smart-451-2.webp\",\"datePublished\":\"2025-11-19T02:40:02+00:00\",\"dateModified\":\"2025-11-19T02:40:04+00:00\",\"breadcrumb\":{\"@id\":\"https:\\\/\\\/www.gastac.com\\\/nl\\\/product\\\/pistoni-bagagliaio-yaris\\\/#breadcrumb\"},\"inLanguage\":\"nl-NL\",\"potentialAction\":[{\"@type\":\"ReadAction\",\"target\":[\"https:\\\/\\\/www.gastac.com\\\/nl\\\/product\\\/pistoni-bagagliaio-yaris\\\/\"]}]},{\"@type\":\"ImageObject\",\"inLanguage\":\"nl-NL\",\"@id\":\"https:\\\/\\\/www.gastac.com\\\/nl\\\/product\\\/pistoni-bagagliaio-yaris\\\/#primaryimage\",\"url\":\"https:\\\/\\\/www.gastac.com\\\/wp-content\\\/uploads\\\/2025\\\/11\\\/heckklappendampfer-smart-451-2.webp\",\"contentUrl\":\"https:\\\/\\\/www.gastac.com\\\/wp-content\\\/uploads\\\/2025\\\/11\\\/heckklappendampfer-smart-451-2.webp\",\"width\":352,\"height\":355,\"caption\":\"heckklappendampfer smart 451\"},{\"@type\":\"BreadcrumbList\",\"@id\":\"https:\\\/\\\/www.gastac.com\\\/nl\\\/product\\\/pistoni-bagagliaio-yaris\\\/#breadcrumb\",\"itemListElement\":[{\"@type\":\"ListItem\",\"position\":1,\"name\":\"Home\",\"item\":\"https:\\\/\\\/www.gastac.com\\\/nl\\\/\"},{\"@type\":\"ListItem\",\"position\":2,\"name\":\"products\",\"item\":\"https:\\\/\\\/www.gastac.com\\\/nl\\\/products\\\/\"},{\"@type\":\"ListItem\",\"position\":3,\"name\":\"Ongecategoriseerd\",\"item\":\"https:\\\/\\\/www.gastac.com\\\/nl\\\/product-category\\\/ongecategoriseerd\\\/\"},{\"@type\":\"ListItem\",\"position\":4,\"name\":\"Pistoni Bagagliaio Yaris\"}]},{\"@type\":\"WebSite\",\"@id\":\"https:\\\/\\\/www.gastac.com\\\/nl\\\/#website\",\"url\":\"https:\\\/\\\/www.gastac.com\\\/nl\\\/\",\"name\":\"Gastac Gas Spring\",\"description\":\"China\u2019s Leading Gas Springs &amp; Struts Manufacturer\",\"publisher\":{\"@id\":\"https:\\\/\\\/www.gastac.com\\\/nl\\\/#organization\"},\"potentialAction\":[{\"@type\":\"SearchAction\",\"target\":{\"@type\":\"EntryPoint\",\"urlTemplate\":\"https:\\\/\\\/www.gastac.com\\\/nl\\\/?s={search_term_string}\"},\"query-input\":{\"@type\":\"PropertyValueSpecification\",\"valueRequired\":true,\"valueName\":\"search_term_string\"}}],\"inLanguage\":\"nl-NL\"},{\"@type\":\"Organization\",\"@id\":\"https:\\\/\\\/www.gastac.com\\\/nl\\\/#organization\",\"name\":\"Ningbo Gastac Gas Spring Co.,Ltd\",\"url\":\"https:\\\/\\\/www.gastac.com\\\/nl\\\/\",\"logo\":{\"@type\":\"ImageObject\",\"inLanguage\":\"nl-NL\",\"@id\":\"https:\\\/\\\/www.gastac.com\\\/nl\\\/#\\\/schema\\\/logo\\\/image\\\/\",\"url\":\"https:\\\/\\\/www.gastac.com\\\/wp-content\\\/uploads\\\/2025\\\/09\\\/LOGO\u672c\u8272-\u9ed1.webp\",\"contentUrl\":\"https:\\\/\\\/www.gastac.com\\\/wp-content\\\/uploads\\\/2025\\\/09\\\/LOGO\u672c\u8272-\u9ed1.webp\",\"width\":1920,\"height\":1080,\"caption\":\"Ningbo Gastac Gas Spring Co.,Ltd\"},\"image\":{\"@id\":\"https:\\\/\\\/www.gastac.com\\\/nl\\\/#\\\/schema\\\/logo\\\/image\\\/\"},\"sameAs\":[\"https:\\\/\\\/www.facebook.com\\\/profile.php?id=100092358464608\",\"https:\\\/\\\/www.youtube.com\\\/@Gastac-Gas-Spring\",\"https:\\\/\\\/www.linkedin.com\\\/in\\\/gastac-gas-spring\\\/\",\"https:\\\/\\\/www.instagram.com\\\/gastacgasspring\\\/\"]}]}<\/script>\n<!-- \/ Yoast SEO Premium plugin. -->","yoast_head_json":{"title":"Pistoni Bagagliaio Yaris | Gastac Gas Spring","robots":{"index":"index","follow":"follow","max-snippet":"max-snippet:-1","max-image-preview":"max-image-preview:large","max-video-preview":"max-video-preview:-1"},"canonical":"https:\/\/www.gastac.com\/nl\/product\/pistoni-bagagliaio-yaris\/","og_locale":"nl_NL","og_type":"article","og_title":"Pistoni Bagagliaio Yaris","og_description":"Pistoni bagagliaio yaris I pistoni bagagliaio yaris (noti anche come pistoncini baule yaris) sono utilizzati per sostenere il portellone posteriore.I [...]","og_url":"https:\/\/www.gastac.com\/nl\/product\/pistoni-bagagliaio-yaris\/","og_site_name":"Gastac Gas Spring","article_publisher":"https:\/\/www.facebook.com\/profile.php?id=100092358464608","article_modified_time":"2025-11-19T02:40:04+00:00","og_image":[{"width":352,"height":355,"url":"https:\/\/www.gastac.com\/wp-content\/uploads\/2025\/11\/heckklappendampfer-smart-451-2.webp","type":"image\/webp"}],"twitter_card":"summary_large_image","twitter_misc":{"Geschatte leestijd":"1 minuut"},"schema":{"@context":"https:\/\/schema.org","@graph":[{"@type":"WebPage","@id":"https:\/\/www.gastac.com\/nl\/product\/pistoni-bagagliaio-yaris\/","url":"https:\/\/www.gastac.com\/nl\/product\/pistoni-bagagliaio-yaris\/","name":"Pistoni Bagagliaio Yaris | Gastac Gas Spring","isPartOf":{"@id":"https:\/\/www.gastac.com\/nl\/#website"},"primaryImageOfPage":{"@id":"https:\/\/www.gastac.com\/nl\/product\/pistoni-bagagliaio-yaris\/#primaryimage"},"image":{"@id":"https:\/\/www.gastac.com\/nl\/product\/pistoni-bagagliaio-yaris\/#primaryimage"},"thumbnailUrl":"https:\/\/www.gastac.com\/wp-content\/uploads\/2025\/11\/heckklappendampfer-smart-451-2.webp","datePublished":"2025-11-19T02:40:02+00:00","dateModified":"2025-11-19T02:40:04+00:00","breadcrumb":{"@id":"https:\/\/www.gastac.com\/nl\/product\/pistoni-bagagliaio-yaris\/#breadcrumb"},"inLanguage":"nl-NL","potentialAction":[{"@type":"ReadAction","target":["https:\/\/www.gastac.com\/nl\/product\/pistoni-bagagliaio-yaris\/"]}]},{"@type":"ImageObject","inLanguage":"nl-NL","@id":"https:\/\/www.gastac.com\/nl\/product\/pistoni-bagagliaio-yaris\/#primaryimage","url":"https:\/\/www.gastac.com\/wp-content\/uploads\/2025\/11\/heckklappendampfer-smart-451-2.webp","contentUrl":"https:\/\/www.gastac.com\/wp-content\/uploads\/2025\/11\/heckklappendampfer-smart-451-2.webp","width":352,"height":355,"caption":"heckklappendampfer smart 451"},{"@type":"BreadcrumbList","@id":"https:\/\/www.gastac.com\/nl\/product\/pistoni-bagagliaio-yaris\/#breadcrumb","itemListElement":[{"@type":"ListItem","position":1,"name":"Home","item":"https:\/\/www.gastac.com\/nl\/"},{"@type":"ListItem","position":2,"name":"products","item":"https:\/\/www.gastac.com\/nl\/products\/"},{"@type":"ListItem","position":3,"name":"Ongecategoriseerd","item":"https:\/\/www.gastac.com\/nl\/product-category\/ongecategoriseerd\/"},{"@type":"ListItem","position":4,"name":"Pistoni Bagagliaio Yaris"}]},{"@type":"WebSite","@id":"https:\/\/www.gastac.com\/nl\/#website","url":"https:\/\/www.gastac.com\/nl\/","name":"Gastac Gas Spring","description":"China\u2019s Leading Gas Springs &amp; Struts Manufacturer","publisher":{"@id":"https:\/\/www.gastac.com\/nl\/#organization"},"potentialAction":[{"@type":"SearchAction","target":{"@type":"EntryPoint","urlTemplate":"https:\/\/www.gastac.com\/nl\/?s={search_term_string}"},"query-input":{"@type":"PropertyValueSpecification","valueRequired":true,"valueName":"search_term_string"}}],"inLanguage":"nl-NL"},{"@type":"Organization","@id":"https:\/\/www.gastac.com\/nl\/#organization","name":"Ningbo Gastac Gas Spring Co.,Ltd","url":"https:\/\/www.gastac.com\/nl\/","logo":{"@type":"ImageObject","inLanguage":"nl-NL","@id":"https:\/\/www.gastac.com\/nl\/#\/schema\/logo\/image\/","url":"https:\/\/www.gastac.com\/wp-content\/uploads\/2025\/09\/LOGO\u672c\u8272-\u9ed1.webp","contentUrl":"https:\/\/www.gastac.com\/wp-content\/uploads\/2025\/09\/LOGO\u672c\u8272-\u9ed1.webp","width":1920,"height":1080,"caption":"Ningbo Gastac Gas Spring Co.,Ltd"},"image":{"@id":"https:\/\/www.gastac.com\/nl\/#\/schema\/logo\/image\/"},"sameAs":["https:\/\/www.facebook.com\/profile.php?id=100092358464608","https:\/\/www.youtube.com\/@Gastac-Gas-Spring","https:\/\/www.linkedin.com\/in\/gastac-gas-spring\/","https:\/\/www.instagram.com\/gastacgasspring\/"]}]}},"_links":{"self":[{"href":"https:\/\/www.gastac.com\/nl\/wp-json\/wp\/v2\/product\/23591","targetHints":{"allow":["GET"]}}],"collection":[{"href":"https:\/\/www.gastac.com\/nl\/wp-json\/wp\/v2\/product"}],"about":[{"href":"https:\/\/www.gastac.com\/nl\/wp-json\/wp\/v2\/types\/product"}],"replies":[{"embeddable":true,"href":"https:\/\/www.gastac.com\/nl\/wp-json\/wp\/v2\/comments?post=23591"}],"wp:featuredmedia":[{"embeddable":true,"href":"https:\/\/www.gastac.com\/nl\/wp-json\/wp\/v2\/media\/23592"}],"wp:attachment":[{"href":"https:\/\/www.gastac.com\/nl\/wp-json\/wp\/v2\/media?parent=23591"}],"wp:term":[{"taxonomy":"product_brand","embeddable":true,"href":"https:\/\/www.gastac.com\/nl\/wp-json\/wp\/v2\/product_brand?post=23591"},{"taxonomy":"product_cat","embeddable":true,"href":"https:\/\/www.gastac.com\/nl\/wp-json\/wp\/v2\/product_cat?post=23591"},{"taxonomy":"product_tag","embeddable":true,"href":"https:\/\/www.gastac.com\/nl\/wp-json\/wp\/v2\/product_tag?post=23591"}],"curies":[{"name":"wp","href":"https:\/\/api.w.org\/{rel}","templated":true}]}}