{"id":23420,"date":"2025-11-19T00:56:42","date_gmt":"2025-11-19T00:56:42","guid":{"rendered":"https:\/\/www.gastac.com\/?post_type=product&#038;p=23420"},"modified":"2025-11-19T00:56:43","modified_gmt":"2025-11-19T00:56:43","slug":"molle-a-gas-lift-o-mat","status":"publish","type":"product","link":"https:\/\/www.gastac.com\/nl\/product\/molle-a-gas-lift-o-mat\/","title":{"rendered":"Molle A Gas lift O Mat"},"content":{"rendered":"<p><strong>Molle a gas lift o mat<\/strong><\/p>\n<p>La molle a gas lift o mat\u00a0\u00e8 un elemento di regolazione idropneumatico costituito da un tubo di pressione, uno stelo con pistone e un raccordo; \u00e8 riempito di azoto gassoso, che agisce a pressione costante sulle superfici dei pistoni di diverse dimensioni. Ci\u00f2 si traduce in una forza nella direzione del getto. Questa forza pu\u00f2 essere determinata con precisione tramite la pressione di riempimento.<\/p>\n<p>I vantaggi di questo ammortizzatore rispetto alle molle a gas meccaniche includono una curva di velocit\u00e0 chiaramente definita e eccellenti caratteristiche di smorzamento, che rendono molto confortevole l\u2019apertura di sponde e porte pesanti con questi pistoni. Tutti i Pistone a Gas 150n\u00a0si ottengono grazie alla facilit\u00e0 di montaggio, alle dimensioni compatte, alla natura piatta dell\u2019ammortizzatore e all\u2019ampia gamma di forze e attacchi disponibili.<br \/>\n<img decoding=\"async\" class=\"lazyload \" src=\"data:image\/svg+xml,%3Csvg%20xmlns%3D%27http%3A%2F%2Fwww.w3.org%2F2000%2Fsvg%27%20width%3D%27362%27%20height%3D%27362%27%20viewBox%3D%270%200%20362%20362%27%3E%3Crect%20width%3D%27362%27%20height%3D%27362%27%20fill-opacity%3D%220%22%2F%3E%3C%2Fsvg%3E\" data-orig-src=\"https:\/\/www.gastac.com\/wp-content\/uploads\/2023\/06\/gasdruckfeder-5.jpg\" alt=\"Molle a gas lift o mat \" width=\"362\" height=\"362\" \/><img decoding=\"async\" class=\"lazyload \" src=\"data:image\/svg+xml,%3Csvg%20xmlns%3D%27http%3A%2F%2Fwww.w3.org%2F2000%2Fsvg%27%20width%3D%27358%27%20height%3D%27358%27%20viewBox%3D%270%200%20358%20358%27%3E%3Crect%20width%3D%27358%27%20height%3D%27358%27%20fill-opacity%3D%220%22%2F%3E%3C%2Fsvg%3E\" data-orig-src=\"https:\/\/www.gastac.com\/wp-content\/uploads\/2023\/06\/heckklappendampfer-1.jpg\" alt=\"Molle a gas lift o mat \" width=\"358\" height=\"358\" \/><br \/>\nSono disponibili ammortizzatori e un\u2019ampia gamma di forze e accessori.<\/p>\n<p>Vantaggi della molla a gas lift o mat<\/p>\n<p>Vasta scelta di dimensioni, potenza e attacco<\/p>\n<p>Struttura compatta, ingombro ridotto<\/p>\n<p>molla a gas 150n\u00a0montaggio semplice e veloce<\/p>\n<p>Caratteristica dell\u2019ammortizzatore piatto, ovvero aumento della forza ridotto anche con forze e corse elevate<\/p>\n<p>Caratteristiche lineari, crescenti o decrescenti dell\u2019ammortizzatore<\/p>\n<p>Arresto continuo (a seconda del prodotto)<\/p>\n<p>finecorsa (posizione di espulsione o inserimento)<\/p>\n<p>\u00c8 possibile integrare funzioni aggiuntive, come interruttori motorizzati, funzioni di arresto, ecc.<\/p>\n<p><strong>Applicazioni della molla a gas<\/strong><br \/>\n<img decoding=\"async\" class=\"lazyload \" src=\"data:image\/svg+xml,%3Csvg%20xmlns%3D%27http%3A%2F%2Fwww.w3.org%2F2000%2Fsvg%27%20width%3D%27382%27%20height%3D%27382%27%20viewBox%3D%270%200%20382%20382%27%3E%3Crect%20width%3D%27382%27%20height%3D%27382%27%20fill-opacity%3D%220%22%2F%3E%3C%2Fsvg%3E\" data-orig-src=\"https:\/\/www.gastac.com\/wp-content\/uploads\/2023\/06\/molla-a-gas-150n-600x600.jpg\" alt=\"Molle a gas lift o mat \" width=\"382\" height=\"382\" \/><img decoding=\"async\" class=\"lazyload \" src=\"data:image\/svg+xml,%3Csvg%20xmlns%3D%27http%3A%2F%2Fwww.w3.org%2F2000%2Fsvg%27%20width%3D%27382%27%20height%3D%27382%27%20viewBox%3D%270%200%20382%20382%27%3E%3Crect%20width%3D%27382%27%20height%3D%27382%27%20fill-opacity%3D%220%22%2F%3E%3C%2Fsvg%3E\" data-orig-src=\"https:\/\/www.gastac.com\/wp-content\/uploads\/2023\/06\/molle-a-gas-lift-o-mat-1-600x600.jpg\" alt=\"Molle a gas lift o mat \" width=\"382\" height=\"382\" \/><\/p>\n","protected":false},"excerpt":{"rendered":"<p>Molle a gas lift o mat La molle a gas lift o mat\u00a0\u00e8 un elemento di regolazione idropneumatico costituito da  [&#8230;]<\/p>\n","protected":false},"featured_media":23438,"comment_status":"open","ping_status":"closed","template":"","meta":[],"product_brand":[],"product_cat":[106],"product_tag":[],"class_list":{"0":"post-23420","1":"product","2":"type-product","3":"status-publish","4":"has-post-thumbnail","6":"product_cat-ongecategoriseerd","8":"first","9":"instock","10":"shipping-taxable","11":"product-type-simple"},"yoast_head":"<!-- This site is optimized with the Yoast SEO Premium plugin v26.2 (Yoast SEO v27.4) - https:\/\/yoast.com\/product\/yoast-seo-premium-wordpress\/ -->\n<title>Molle A Gas lift O Mat | Gastac Gas Spring<\/title>\n<meta name=\"robots\" content=\"index, follow, max-snippet:-1, max-image-preview:large, max-video-preview:-1\" \/>\n<link rel=\"canonical\" href=\"https:\/\/www.gastac.com\/nl\/product\/molle-a-gas-lift-o-mat\/\" \/>\n<meta property=\"og:locale\" content=\"nl_NL\" \/>\n<meta property=\"og:type\" content=\"article\" \/>\n<meta property=\"og:title\" content=\"Molle A Gas lift O Mat\" \/>\n<meta property=\"og:description\" content=\"Molle a gas lift o mat La molle a gas lift o mat\u00a0\u00e8 un elemento di regolazione idropneumatico costituito da [...]\" \/>\n<meta property=\"og:url\" content=\"https:\/\/www.gastac.com\/nl\/product\/molle-a-gas-lift-o-mat\/\" \/>\n<meta property=\"og:site_name\" content=\"Gastac Gas Spring\" \/>\n<meta property=\"article:publisher\" content=\"https:\/\/www.facebook.com\/profile.php?id=100092358464608\" \/>\n<meta property=\"article:modified_time\" content=\"2025-11-19T00:56:43+00:00\" \/>\n<meta property=\"og:image\" content=\"https:\/\/www.gastac.com\/wp-content\/uploads\/2025\/11\/pistone-a-gas-150n-2.webp\" \/>\n\t<meta property=\"og:image:width\" content=\"370\" \/>\n\t<meta property=\"og:image:height\" content=\"386\" \/>\n\t<meta property=\"og:image:type\" content=\"image\/webp\" \/>\n<meta name=\"twitter:card\" content=\"summary_large_image\" \/>\n<meta name=\"twitter:label1\" content=\"Geschatte leestijd\" \/>\n\t<meta name=\"twitter:data1\" content=\"1 minuut\" \/>\n<script type=\"application\/ld+json\" class=\"yoast-schema-graph\">{\"@context\":\"https:\\\/\\\/schema.org\",\"@graph\":[{\"@type\":\"WebPage\",\"@id\":\"https:\\\/\\\/www.gastac.com\\\/nl\\\/product\\\/molle-a-gas-lift-o-mat\\\/\",\"url\":\"https:\\\/\\\/www.gastac.com\\\/nl\\\/product\\\/molle-a-gas-lift-o-mat\\\/\",\"name\":\"Molle A Gas lift O Mat | Gastac Gas Spring\",\"isPartOf\":{\"@id\":\"https:\\\/\\\/www.gastac.com\\\/nl\\\/#website\"},\"primaryImageOfPage\":{\"@id\":\"https:\\\/\\\/www.gastac.com\\\/nl\\\/product\\\/molle-a-gas-lift-o-mat\\\/#primaryimage\"},\"image\":{\"@id\":\"https:\\\/\\\/www.gastac.com\\\/nl\\\/product\\\/molle-a-gas-lift-o-mat\\\/#primaryimage\"},\"thumbnailUrl\":\"https:\\\/\\\/www.gastac.com\\\/wp-content\\\/uploads\\\/2025\\\/11\\\/pistone-a-gas-150n-2.webp\",\"datePublished\":\"2025-11-19T00:56:42+00:00\",\"dateModified\":\"2025-11-19T00:56:43+00:00\",\"breadcrumb\":{\"@id\":\"https:\\\/\\\/www.gastac.com\\\/nl\\\/product\\\/molle-a-gas-lift-o-mat\\\/#breadcrumb\"},\"inLanguage\":\"nl-NL\",\"potentialAction\":[{\"@type\":\"ReadAction\",\"target\":[\"https:\\\/\\\/www.gastac.com\\\/nl\\\/product\\\/molle-a-gas-lift-o-mat\\\/\"]}]},{\"@type\":\"ImageObject\",\"inLanguage\":\"nl-NL\",\"@id\":\"https:\\\/\\\/www.gastac.com\\\/nl\\\/product\\\/molle-a-gas-lift-o-mat\\\/#primaryimage\",\"url\":\"https:\\\/\\\/www.gastac.com\\\/wp-content\\\/uploads\\\/2025\\\/11\\\/pistone-a-gas-150n-2.webp\",\"contentUrl\":\"https:\\\/\\\/www.gastac.com\\\/wp-content\\\/uploads\\\/2025\\\/11\\\/pistone-a-gas-150n-2.webp\",\"width\":370,\"height\":386,\"caption\":\"pistone a gas 150n 2\"},{\"@type\":\"BreadcrumbList\",\"@id\":\"https:\\\/\\\/www.gastac.com\\\/nl\\\/product\\\/molle-a-gas-lift-o-mat\\\/#breadcrumb\",\"itemListElement\":[{\"@type\":\"ListItem\",\"position\":1,\"name\":\"Home\",\"item\":\"https:\\\/\\\/www.gastac.com\\\/nl\\\/\"},{\"@type\":\"ListItem\",\"position\":2,\"name\":\"products\",\"item\":\"https:\\\/\\\/www.gastac.com\\\/nl\\\/products\\\/\"},{\"@type\":\"ListItem\",\"position\":3,\"name\":\"Ongecategoriseerd\",\"item\":\"https:\\\/\\\/www.gastac.com\\\/nl\\\/product-category\\\/ongecategoriseerd\\\/\"},{\"@type\":\"ListItem\",\"position\":4,\"name\":\"Molle A Gas lift O Mat\"}]},{\"@type\":\"WebSite\",\"@id\":\"https:\\\/\\\/www.gastac.com\\\/nl\\\/#website\",\"url\":\"https:\\\/\\\/www.gastac.com\\\/nl\\\/\",\"name\":\"Gastac Gas Spring\",\"description\":\"China\u2019s Leading Gas Springs &amp; Struts Manufacturer\",\"publisher\":{\"@id\":\"https:\\\/\\\/www.gastac.com\\\/nl\\\/#organization\"},\"potentialAction\":[{\"@type\":\"SearchAction\",\"target\":{\"@type\":\"EntryPoint\",\"urlTemplate\":\"https:\\\/\\\/www.gastac.com\\\/nl\\\/?s={search_term_string}\"},\"query-input\":{\"@type\":\"PropertyValueSpecification\",\"valueRequired\":true,\"valueName\":\"search_term_string\"}}],\"inLanguage\":\"nl-NL\"},{\"@type\":\"Organization\",\"@id\":\"https:\\\/\\\/www.gastac.com\\\/nl\\\/#organization\",\"name\":\"Ningbo Gastac Gas Spring Co.,Ltd\",\"url\":\"https:\\\/\\\/www.gastac.com\\\/nl\\\/\",\"logo\":{\"@type\":\"ImageObject\",\"inLanguage\":\"nl-NL\",\"@id\":\"https:\\\/\\\/www.gastac.com\\\/nl\\\/#\\\/schema\\\/logo\\\/image\\\/\",\"url\":\"https:\\\/\\\/www.gastac.com\\\/wp-content\\\/uploads\\\/2025\\\/09\\\/LOGO\u672c\u8272-\u9ed1.webp\",\"contentUrl\":\"https:\\\/\\\/www.gastac.com\\\/wp-content\\\/uploads\\\/2025\\\/09\\\/LOGO\u672c\u8272-\u9ed1.webp\",\"width\":1920,\"height\":1080,\"caption\":\"Ningbo Gastac Gas Spring Co.,Ltd\"},\"image\":{\"@id\":\"https:\\\/\\\/www.gastac.com\\\/nl\\\/#\\\/schema\\\/logo\\\/image\\\/\"},\"sameAs\":[\"https:\\\/\\\/www.facebook.com\\\/profile.php?id=100092358464608\",\"https:\\\/\\\/www.youtube.com\\\/@Gastac-Gas-Spring\",\"https:\\\/\\\/www.linkedin.com\\\/in\\\/gastac-gas-spring\\\/\",\"https:\\\/\\\/www.instagram.com\\\/gastacgasspring\\\/\"]}]}<\/script>\n<!-- \/ Yoast SEO Premium plugin. -->","yoast_head_json":{"title":"Molle A Gas lift O Mat | Gastac Gas Spring","robots":{"index":"index","follow":"follow","max-snippet":"max-snippet:-1","max-image-preview":"max-image-preview:large","max-video-preview":"max-video-preview:-1"},"canonical":"https:\/\/www.gastac.com\/nl\/product\/molle-a-gas-lift-o-mat\/","og_locale":"nl_NL","og_type":"article","og_title":"Molle A Gas lift O Mat","og_description":"Molle a gas lift o mat La molle a gas lift o mat\u00a0\u00e8 un elemento di regolazione idropneumatico costituito da [...]","og_url":"https:\/\/www.gastac.com\/nl\/product\/molle-a-gas-lift-o-mat\/","og_site_name":"Gastac Gas Spring","article_publisher":"https:\/\/www.facebook.com\/profile.php?id=100092358464608","article_modified_time":"2025-11-19T00:56:43+00:00","og_image":[{"width":370,"height":386,"url":"https:\/\/www.gastac.com\/wp-content\/uploads\/2025\/11\/pistone-a-gas-150n-2.webp","type":"image\/webp"}],"twitter_card":"summary_large_image","twitter_misc":{"Geschatte leestijd":"1 minuut"},"schema":{"@context":"https:\/\/schema.org","@graph":[{"@type":"WebPage","@id":"https:\/\/www.gastac.com\/nl\/product\/molle-a-gas-lift-o-mat\/","url":"https:\/\/www.gastac.com\/nl\/product\/molle-a-gas-lift-o-mat\/","name":"Molle A Gas lift O Mat | Gastac Gas Spring","isPartOf":{"@id":"https:\/\/www.gastac.com\/nl\/#website"},"primaryImageOfPage":{"@id":"https:\/\/www.gastac.com\/nl\/product\/molle-a-gas-lift-o-mat\/#primaryimage"},"image":{"@id":"https:\/\/www.gastac.com\/nl\/product\/molle-a-gas-lift-o-mat\/#primaryimage"},"thumbnailUrl":"https:\/\/www.gastac.com\/wp-content\/uploads\/2025\/11\/pistone-a-gas-150n-2.webp","datePublished":"2025-11-19T00:56:42+00:00","dateModified":"2025-11-19T00:56:43+00:00","breadcrumb":{"@id":"https:\/\/www.gastac.com\/nl\/product\/molle-a-gas-lift-o-mat\/#breadcrumb"},"inLanguage":"nl-NL","potentialAction":[{"@type":"ReadAction","target":["https:\/\/www.gastac.com\/nl\/product\/molle-a-gas-lift-o-mat\/"]}]},{"@type":"ImageObject","inLanguage":"nl-NL","@id":"https:\/\/www.gastac.com\/nl\/product\/molle-a-gas-lift-o-mat\/#primaryimage","url":"https:\/\/www.gastac.com\/wp-content\/uploads\/2025\/11\/pistone-a-gas-150n-2.webp","contentUrl":"https:\/\/www.gastac.com\/wp-content\/uploads\/2025\/11\/pistone-a-gas-150n-2.webp","width":370,"height":386,"caption":"pistone a gas 150n 2"},{"@type":"BreadcrumbList","@id":"https:\/\/www.gastac.com\/nl\/product\/molle-a-gas-lift-o-mat\/#breadcrumb","itemListElement":[{"@type":"ListItem","position":1,"name":"Home","item":"https:\/\/www.gastac.com\/nl\/"},{"@type":"ListItem","position":2,"name":"products","item":"https:\/\/www.gastac.com\/nl\/products\/"},{"@type":"ListItem","position":3,"name":"Ongecategoriseerd","item":"https:\/\/www.gastac.com\/nl\/product-category\/ongecategoriseerd\/"},{"@type":"ListItem","position":4,"name":"Molle A Gas lift O Mat"}]},{"@type":"WebSite","@id":"https:\/\/www.gastac.com\/nl\/#website","url":"https:\/\/www.gastac.com\/nl\/","name":"Gastac Gas Spring","description":"China\u2019s Leading Gas Springs &amp; Struts Manufacturer","publisher":{"@id":"https:\/\/www.gastac.com\/nl\/#organization"},"potentialAction":[{"@type":"SearchAction","target":{"@type":"EntryPoint","urlTemplate":"https:\/\/www.gastac.com\/nl\/?s={search_term_string}"},"query-input":{"@type":"PropertyValueSpecification","valueRequired":true,"valueName":"search_term_string"}}],"inLanguage":"nl-NL"},{"@type":"Organization","@id":"https:\/\/www.gastac.com\/nl\/#organization","name":"Ningbo Gastac Gas Spring Co.,Ltd","url":"https:\/\/www.gastac.com\/nl\/","logo":{"@type":"ImageObject","inLanguage":"nl-NL","@id":"https:\/\/www.gastac.com\/nl\/#\/schema\/logo\/image\/","url":"https:\/\/www.gastac.com\/wp-content\/uploads\/2025\/09\/LOGO\u672c\u8272-\u9ed1.webp","contentUrl":"https:\/\/www.gastac.com\/wp-content\/uploads\/2025\/09\/LOGO\u672c\u8272-\u9ed1.webp","width":1920,"height":1080,"caption":"Ningbo Gastac Gas Spring Co.,Ltd"},"image":{"@id":"https:\/\/www.gastac.com\/nl\/#\/schema\/logo\/image\/"},"sameAs":["https:\/\/www.facebook.com\/profile.php?id=100092358464608","https:\/\/www.youtube.com\/@Gastac-Gas-Spring","https:\/\/www.linkedin.com\/in\/gastac-gas-spring\/","https:\/\/www.instagram.com\/gastacgasspring\/"]}]}},"_links":{"self":[{"href":"https:\/\/www.gastac.com\/nl\/wp-json\/wp\/v2\/product\/23420","targetHints":{"allow":["GET"]}}],"collection":[{"href":"https:\/\/www.gastac.com\/nl\/wp-json\/wp\/v2\/product"}],"about":[{"href":"https:\/\/www.gastac.com\/nl\/wp-json\/wp\/v2\/types\/product"}],"replies":[{"embeddable":true,"href":"https:\/\/www.gastac.com\/nl\/wp-json\/wp\/v2\/comments?post=23420"}],"wp:featuredmedia":[{"embeddable":true,"href":"https:\/\/www.gastac.com\/nl\/wp-json\/wp\/v2\/media\/23438"}],"wp:attachment":[{"href":"https:\/\/www.gastac.com\/nl\/wp-json\/wp\/v2\/media?parent=23420"}],"wp:term":[{"taxonomy":"product_brand","embeddable":true,"href":"https:\/\/www.gastac.com\/nl\/wp-json\/wp\/v2\/product_brand?post=23420"},{"taxonomy":"product_cat","embeddable":true,"href":"https:\/\/www.gastac.com\/nl\/wp-json\/wp\/v2\/product_cat?post=23420"},{"taxonomy":"product_tag","embeddable":true,"href":"https:\/\/www.gastac.com\/nl\/wp-json\/wp\/v2\/product_tag?post=23420"}],"curies":[{"name":"wp","href":"https:\/\/api.w.org\/{rel}","templated":true}]}}