{"id":25210,"date":"2025-12-02T09:22:23","date_gmt":"2025-12-02T09:22:23","guid":{"rendered":"https:\/\/www.gastac.com\/?post_type=product&#038;p=25210"},"modified":"2025-12-02T09:22:23","modified_gmt":"2025-12-02T09:22:23","slug":"ammortizzatori-portellone-toyota-yaris","status":"publish","type":"product","link":"https:\/\/www.gastac.com\/it\/prodotto\/ammortizzatori-portellone-toyota-yaris\/","title":{"rendered":"Ammortizzatori Portellone Toyota Yaris"},"content":{"rendered":"<p><strong>Ammortizzatori portellone toyota yaris<\/strong><\/p>\n<p>&nbsp;<\/p>\n<p>Ammortizzatori portellone toyota yaris (noto anche come pistoncini portellone toyota yaris) viene utilizzato per sostenere il portellone, e pistoncini portellone yaris 2003 viene utilizzato come elemento della carrozzeria per consentire al bagagliaio della Toyota Yaris 2003 di aprirsi e chiudersi dolcemente e senza intoppi.<\/p>\n<p>&nbsp;<\/p>\n<p>Ammortizzatori portellone toyota yaris non si possono sdoppiare e molle a gas portellone yaris non si possono riparare. Se le parti vengono manomesse, il fluido operativo potrebbe fuoriuscire. Questo problema pu\u00f2 essere rilevato immediatamente anche con una semplice ispezione visiva. Esiste anche il rischio di lesioni dovute all\u2019elevata pressione del gas all\u2019interno del meccanismo.<\/p>\n<p>&nbsp;<\/p>\n<p>Quando il portellone scricchiola quando viene aperto, o il bagagliaio non pu\u00f2 essere aperto facilmente e il bagagliaio non pu\u00f2 essere aperto nella posizione pi\u00f9 alta, significa che i pistoncini portellone posteriore toyota yaris sono difettosi e la molla a gas deve essere sostituita in tempo per fare le molle a gas per Il bagagliaio funziona di nuovo normalmente e il portellone si apre e si richiude normalmente.<\/p>\n<p>&nbsp;<\/p>\n<p>Se desideri acquistare pistoncini portellone yaris 2003 a un prezzo inferiore, effettua un ordine nel nostro negozio online. Non solo economico ma anche veloce. L\u2019acquisto online richiede pochi minuti, il nostro team evader\u00e0 rapidamente il tuo ordine e spedir\u00e0 il tuo Ammortizzatori portellone toyota yaris.<\/p>\n<p>&nbsp;<\/p>\n<p><strong><b>A<\/b><\/strong><strong><b>mmortizzatori\u00a0<\/b><\/strong><strong><b>P<\/b><\/strong><strong><b>ortellone\u00a0<\/b><\/strong><strong><b>T<\/b><\/strong><strong><b>oyota\u00a0<\/b><\/strong><strong><b>Y<\/b><\/strong><strong><b>aris<\/b><\/strong><strong><b>\u00a0<\/b><\/strong><strong><b>Modelli\u00a0<\/b><\/strong><strong><b>A<\/b><\/strong><strong><b>pplicabili<\/b><\/strong><\/p>\n<p><strong><b>\u00a0<\/b><\/strong><\/p>\n<p>Pistoncini portellone per 2003 Yaris I<\/p>\n<p>TOYOTA Yaris I Hatchback (P1) 2003<\/p>\n<p>TOYOTA Yaris I Hatchback (P1) 1.0 (SCP10_) 68 CV 2003<\/p>\n<p>TOYOTA Yaris I Hatchback (P1) 1.0 (SCP10_) 65 CV 2003<\/p>\n<p>TOYOTA Yaris I Hatchback (P1) 1.3 (NCP10_, SCP12_) 86 CV 2003<\/p>\n<p>TOYOTA Yaris I Hatchback (P1) 1.3 (SCP12_) 76 CV 2003<\/p>\n<p>TOYOTA Yaris I Hatchback (P1) 1.3 (SCP12_) 87 CV 2003<\/p>\n<p>TOYOTA Yaris I Hatchback (P1) 1.3 4WD (NCP15) 88 CV 2003<\/p>\n<p>TOYOTA Yaris I Hatchback (P1) 1.4 D-4D (NLP10_) 75 CV 2003<\/p>\n<p>TOYOTA Yaris I Hatchback (P1) 1.5 (NCP13_) 106 CV 2003<\/p>\n<p>TOYOTA Yaris I Hatchback (P1) 1.5 (NCP13_) 105 CV 2003<\/p>\n<p>TOYOTA Yaris I Hatchback (P1) 1.5 (NCP13_) 150 CV 2003<\/p>\n<p>TOYOTA Yaris I Hatchback (P1) 1.5 (NCP13_, NCP12_) 110 CV 2003<\/p>\n","protected":false},"excerpt":{"rendered":"<p>Ammortizzatori portellone toyota yaris &nbsp; Ammortizzatori portellone toyota yaris (noto anche come pistoncini portellone toyota yaris) viene utilizzato per sostenere  [&#8230;]<\/p>\n","protected":false},"featured_media":25211,"comment_status":"open","ping_status":"closed","template":"","meta":[],"product_brand":[],"product_cat":[],"product_tag":[],"class_list":{"0":"post-25210","1":"product","2":"type-product","3":"status-publish","4":"has-post-thumbnail","7":"first","8":"instock","9":"shipping-taxable","10":"product-type-simple"},"yoast_head":"<!-- This site is optimized with the Yoast SEO Premium plugin v26.2 (Yoast SEO v27.4) - https:\/\/yoast.com\/product\/yoast-seo-premium-wordpress\/ -->\n<title>Ammortizzatori Portellone Toyota Yaris | Gastac Gas Spring<\/title>\n<meta name=\"robots\" content=\"index, follow, max-snippet:-1, max-image-preview:large, max-video-preview:-1\" \/>\n<link rel=\"canonical\" href=\"https:\/\/www.gastac.com\/it\/prodotto\/ammortizzatori-portellone-toyota-yaris\/\" \/>\n<meta property=\"og:locale\" content=\"it_IT\" \/>\n<meta property=\"og:type\" content=\"article\" \/>\n<meta property=\"og:title\" content=\"Ammortizzatori Portellone Toyota Yaris\" \/>\n<meta property=\"og:description\" content=\"Ammortizzatori portellone toyota yaris &nbsp; Ammortizzatori portellone toyota yaris (noto anche come pistoncini portellone toyota yaris) viene utilizzato per sostenere [...]\" \/>\n<meta property=\"og:url\" content=\"https:\/\/www.gastac.com\/it\/prodotto\/ammortizzatori-portellone-toyota-yaris\/\" \/>\n<meta property=\"og:site_name\" content=\"Gastac Gas Spring\" \/>\n<meta property=\"article:publisher\" content=\"https:\/\/www.facebook.com\/profile.php?id=100092358464608\" \/>\n<meta property=\"og:image\" content=\"https:\/\/www.gastac.com\/wp-content\/uploads\/2025\/12\/ammortizzatori-portellone-toyota-yaris-600x600-2.webp\" \/>\n\t<meta property=\"og:image:width\" content=\"600\" \/>\n\t<meta property=\"og:image:height\" content=\"600\" \/>\n\t<meta property=\"og:image:type\" content=\"image\/webp\" \/>\n<meta name=\"twitter:card\" content=\"summary_large_image\" \/>\n<meta name=\"twitter:label1\" content=\"Tempo di lettura stimato\" \/>\n\t<meta name=\"twitter:data1\" content=\"1 minuto\" \/>\n<script type=\"application\/ld+json\" class=\"yoast-schema-graph\">{\"@context\":\"https:\\\/\\\/schema.org\",\"@graph\":[{\"@type\":\"WebPage\",\"@id\":\"https:\\\/\\\/www.gastac.com\\\/it\\\/prodotto\\\/ammortizzatori-portellone-toyota-yaris\\\/\",\"url\":\"https:\\\/\\\/www.gastac.com\\\/it\\\/prodotto\\\/ammortizzatori-portellone-toyota-yaris\\\/\",\"name\":\"Ammortizzatori Portellone Toyota Yaris | Gastac Gas Spring\",\"isPartOf\":{\"@id\":\"https:\\\/\\\/www.gastac.com\\\/it\\\/#website\"},\"primaryImageOfPage\":{\"@id\":\"https:\\\/\\\/www.gastac.com\\\/it\\\/prodotto\\\/ammortizzatori-portellone-toyota-yaris\\\/#primaryimage\"},\"image\":{\"@id\":\"https:\\\/\\\/www.gastac.com\\\/it\\\/prodotto\\\/ammortizzatori-portellone-toyota-yaris\\\/#primaryimage\"},\"thumbnailUrl\":\"https:\\\/\\\/www.gastac.com\\\/wp-content\\\/uploads\\\/2025\\\/12\\\/ammortizzatori-portellone-toyota-yaris-600x600-2.webp\",\"datePublished\":\"2025-12-02T09:22:23+00:00\",\"breadcrumb\":{\"@id\":\"https:\\\/\\\/www.gastac.com\\\/it\\\/prodotto\\\/ammortizzatori-portellone-toyota-yaris\\\/#breadcrumb\"},\"inLanguage\":\"it-IT\",\"potentialAction\":[{\"@type\":\"ReadAction\",\"target\":[\"https:\\\/\\\/www.gastac.com\\\/it\\\/prodotto\\\/ammortizzatori-portellone-toyota-yaris\\\/\"]}]},{\"@type\":\"ImageObject\",\"inLanguage\":\"it-IT\",\"@id\":\"https:\\\/\\\/www.gastac.com\\\/it\\\/prodotto\\\/ammortizzatori-portellone-toyota-yaris\\\/#primaryimage\",\"url\":\"https:\\\/\\\/www.gastac.com\\\/wp-content\\\/uploads\\\/2025\\\/12\\\/ammortizzatori-portellone-toyota-yaris-600x600-2.webp\",\"contentUrl\":\"https:\\\/\\\/www.gastac.com\\\/wp-content\\\/uploads\\\/2025\\\/12\\\/ammortizzatori-portellone-toyota-yaris-600x600-2.webp\",\"width\":600,\"height\":600,\"caption\":\"ammortizzatori portellone toyota yaris 600x600 2\"},{\"@type\":\"BreadcrumbList\",\"@id\":\"https:\\\/\\\/www.gastac.com\\\/it\\\/prodotto\\\/ammortizzatori-portellone-toyota-yaris\\\/#breadcrumb\",\"itemListElement\":[{\"@type\":\"ListItem\",\"position\":1,\"name\":\"Home\",\"item\":\"https:\\\/\\\/www.gastac.com\\\/it\\\/\"},{\"@type\":\"ListItem\",\"position\":2,\"name\":\"products\",\"item\":\"https:\\\/\\\/www.gastac.com\\\/it\\\/products\\\/\"},{\"@type\":\"ListItem\",\"position\":3,\"name\":\"Ammortizzatori Portellone Toyota Yaris\"}]},{\"@type\":\"WebSite\",\"@id\":\"https:\\\/\\\/www.gastac.com\\\/it\\\/#website\",\"url\":\"https:\\\/\\\/www.gastac.com\\\/it\\\/\",\"name\":\"Gastac Gas Spring\",\"description\":\"China\u2019s Leading Gas Springs &amp; Struts Manufacturer\",\"publisher\":{\"@id\":\"https:\\\/\\\/www.gastac.com\\\/it\\\/#organization\"},\"potentialAction\":[{\"@type\":\"SearchAction\",\"target\":{\"@type\":\"EntryPoint\",\"urlTemplate\":\"https:\\\/\\\/www.gastac.com\\\/it\\\/?s={search_term_string}\"},\"query-input\":{\"@type\":\"PropertyValueSpecification\",\"valueRequired\":true,\"valueName\":\"search_term_string\"}}],\"inLanguage\":\"it-IT\"},{\"@type\":\"Organization\",\"@id\":\"https:\\\/\\\/www.gastac.com\\\/it\\\/#organization\",\"name\":\"Ningbo Gastac Gas Spring Co.,Ltd\",\"url\":\"https:\\\/\\\/www.gastac.com\\\/it\\\/\",\"logo\":{\"@type\":\"ImageObject\",\"inLanguage\":\"it-IT\",\"@id\":\"https:\\\/\\\/www.gastac.com\\\/it\\\/#\\\/schema\\\/logo\\\/image\\\/\",\"url\":\"https:\\\/\\\/www.gastac.com\\\/wp-content\\\/uploads\\\/2025\\\/09\\\/LOGO\u672c\u8272-\u9ed1.webp\",\"contentUrl\":\"https:\\\/\\\/www.gastac.com\\\/wp-content\\\/uploads\\\/2025\\\/09\\\/LOGO\u672c\u8272-\u9ed1.webp\",\"width\":1920,\"height\":1080,\"caption\":\"Ningbo Gastac Gas Spring Co.,Ltd\"},\"image\":{\"@id\":\"https:\\\/\\\/www.gastac.com\\\/it\\\/#\\\/schema\\\/logo\\\/image\\\/\"},\"sameAs\":[\"https:\\\/\\\/www.facebook.com\\\/profile.php?id=100092358464608\",\"https:\\\/\\\/www.youtube.com\\\/@Gastac-Gas-Spring\",\"https:\\\/\\\/www.linkedin.com\\\/in\\\/gastac-gas-spring\\\/\",\"https:\\\/\\\/www.instagram.com\\\/gastacgasspring\\\/\"]}]}<\/script>\n<!-- \/ Yoast SEO Premium plugin. -->","yoast_head_json":{"title":"Ammortizzatori Portellone Toyota Yaris | Gastac Gas Spring","robots":{"index":"index","follow":"follow","max-snippet":"max-snippet:-1","max-image-preview":"max-image-preview:large","max-video-preview":"max-video-preview:-1"},"canonical":"https:\/\/www.gastac.com\/it\/prodotto\/ammortizzatori-portellone-toyota-yaris\/","og_locale":"it_IT","og_type":"article","og_title":"Ammortizzatori Portellone Toyota Yaris","og_description":"Ammortizzatori portellone toyota yaris &nbsp; Ammortizzatori portellone toyota yaris (noto anche come pistoncini portellone toyota yaris) viene utilizzato per sostenere [...]","og_url":"https:\/\/www.gastac.com\/it\/prodotto\/ammortizzatori-portellone-toyota-yaris\/","og_site_name":"Gastac Gas Spring","article_publisher":"https:\/\/www.facebook.com\/profile.php?id=100092358464608","og_image":[{"width":600,"height":600,"url":"https:\/\/www.gastac.com\/wp-content\/uploads\/2025\/12\/ammortizzatori-portellone-toyota-yaris-600x600-2.webp","type":"image\/webp"}],"twitter_card":"summary_large_image","twitter_misc":{"Tempo di lettura stimato":"1 minuto"},"schema":{"@context":"https:\/\/schema.org","@graph":[{"@type":"WebPage","@id":"https:\/\/www.gastac.com\/it\/prodotto\/ammortizzatori-portellone-toyota-yaris\/","url":"https:\/\/www.gastac.com\/it\/prodotto\/ammortizzatori-portellone-toyota-yaris\/","name":"Ammortizzatori Portellone Toyota Yaris | Gastac Gas Spring","isPartOf":{"@id":"https:\/\/www.gastac.com\/it\/#website"},"primaryImageOfPage":{"@id":"https:\/\/www.gastac.com\/it\/prodotto\/ammortizzatori-portellone-toyota-yaris\/#primaryimage"},"image":{"@id":"https:\/\/www.gastac.com\/it\/prodotto\/ammortizzatori-portellone-toyota-yaris\/#primaryimage"},"thumbnailUrl":"https:\/\/www.gastac.com\/wp-content\/uploads\/2025\/12\/ammortizzatori-portellone-toyota-yaris-600x600-2.webp","datePublished":"2025-12-02T09:22:23+00:00","breadcrumb":{"@id":"https:\/\/www.gastac.com\/it\/prodotto\/ammortizzatori-portellone-toyota-yaris\/#breadcrumb"},"inLanguage":"it-IT","potentialAction":[{"@type":"ReadAction","target":["https:\/\/www.gastac.com\/it\/prodotto\/ammortizzatori-portellone-toyota-yaris\/"]}]},{"@type":"ImageObject","inLanguage":"it-IT","@id":"https:\/\/www.gastac.com\/it\/prodotto\/ammortizzatori-portellone-toyota-yaris\/#primaryimage","url":"https:\/\/www.gastac.com\/wp-content\/uploads\/2025\/12\/ammortizzatori-portellone-toyota-yaris-600x600-2.webp","contentUrl":"https:\/\/www.gastac.com\/wp-content\/uploads\/2025\/12\/ammortizzatori-portellone-toyota-yaris-600x600-2.webp","width":600,"height":600,"caption":"ammortizzatori portellone toyota yaris 600x600 2"},{"@type":"BreadcrumbList","@id":"https:\/\/www.gastac.com\/it\/prodotto\/ammortizzatori-portellone-toyota-yaris\/#breadcrumb","itemListElement":[{"@type":"ListItem","position":1,"name":"Home","item":"https:\/\/www.gastac.com\/it\/"},{"@type":"ListItem","position":2,"name":"products","item":"https:\/\/www.gastac.com\/it\/products\/"},{"@type":"ListItem","position":3,"name":"Ammortizzatori Portellone Toyota Yaris"}]},{"@type":"WebSite","@id":"https:\/\/www.gastac.com\/it\/#website","url":"https:\/\/www.gastac.com\/it\/","name":"Gastac Gas Spring","description":"China\u2019s Leading Gas Springs &amp; Struts Manufacturer","publisher":{"@id":"https:\/\/www.gastac.com\/it\/#organization"},"potentialAction":[{"@type":"SearchAction","target":{"@type":"EntryPoint","urlTemplate":"https:\/\/www.gastac.com\/it\/?s={search_term_string}"},"query-input":{"@type":"PropertyValueSpecification","valueRequired":true,"valueName":"search_term_string"}}],"inLanguage":"it-IT"},{"@type":"Organization","@id":"https:\/\/www.gastac.com\/it\/#organization","name":"Ningbo Gastac Gas Spring Co.,Ltd","url":"https:\/\/www.gastac.com\/it\/","logo":{"@type":"ImageObject","inLanguage":"it-IT","@id":"https:\/\/www.gastac.com\/it\/#\/schema\/logo\/image\/","url":"https:\/\/www.gastac.com\/wp-content\/uploads\/2025\/09\/LOGO\u672c\u8272-\u9ed1.webp","contentUrl":"https:\/\/www.gastac.com\/wp-content\/uploads\/2025\/09\/LOGO\u672c\u8272-\u9ed1.webp","width":1920,"height":1080,"caption":"Ningbo Gastac Gas Spring Co.,Ltd"},"image":{"@id":"https:\/\/www.gastac.com\/it\/#\/schema\/logo\/image\/"},"sameAs":["https:\/\/www.facebook.com\/profile.php?id=100092358464608","https:\/\/www.youtube.com\/@Gastac-Gas-Spring","https:\/\/www.linkedin.com\/in\/gastac-gas-spring\/","https:\/\/www.instagram.com\/gastacgasspring\/"]}]}},"_links":{"self":[{"href":"https:\/\/www.gastac.com\/it\/wp-json\/wp\/v2\/product\/25210","targetHints":{"allow":["GET"]}}],"collection":[{"href":"https:\/\/www.gastac.com\/it\/wp-json\/wp\/v2\/product"}],"about":[{"href":"https:\/\/www.gastac.com\/it\/wp-json\/wp\/v2\/types\/product"}],"replies":[{"embeddable":true,"href":"https:\/\/www.gastac.com\/it\/wp-json\/wp\/v2\/comments?post=25210"}],"wp:featuredmedia":[{"embeddable":true,"href":"https:\/\/www.gastac.com\/it\/wp-json\/wp\/v2\/media\/25211"}],"wp:attachment":[{"href":"https:\/\/www.gastac.com\/it\/wp-json\/wp\/v2\/media?parent=25210"}],"wp:term":[{"taxonomy":"product_brand","embeddable":true,"href":"https:\/\/www.gastac.com\/it\/wp-json\/wp\/v2\/product_brand?post=25210"},{"taxonomy":"product_cat","embeddable":true,"href":"https:\/\/www.gastac.com\/it\/wp-json\/wp\/v2\/product_cat?post=25210"},{"taxonomy":"product_tag","embeddable":true,"href":"https:\/\/www.gastac.com\/it\/wp-json\/wp\/v2\/product_tag?post=25210"}],"curies":[{"name":"wp","href":"https:\/\/api.w.org\/{rel}","templated":true}]}}