{"id":25196,"date":"2025-12-02T09:11:18","date_gmt":"2025-12-02T09:11:18","guid":{"rendered":"https:\/\/www.gastac.com\/?post_type=product&#038;p=25196"},"modified":"2025-12-02T09:11:19","modified_gmt":"2025-12-02T09:11:19","slug":"pistoncini-bagagliaio-ford-focus","status":"publish","type":"product","link":"https:\/\/www.gastac.com\/it\/prodotto\/pistoncini-bagagliaio-ford-focus\/","title":{"rendered":"Pistoncini Bagagliaio Ford Focus"},"content":{"rendered":"<p><strong>Pistoncini bagagliaio ford focus<\/strong><\/p>\n<p>&nbsp;<\/p>\n<p>I Pistoncini bagagliaio ford focus (noti anche come pistoni portellone posteriore ford focus) vengono utilizzati per sostenere il portellone, mentre le molle a gas per bagagliaio vengono utilizzate come elemento della carrozzeria per far aprire e chiudere il bagagliaio della Ford Focus in modo morbido e fluido.<\/p>\n<p>&nbsp;<\/p>\n<p>Pistoncini bagagliaio ford focus non scomponibili, Pistoncini bagagliaio ford focus non riparabili. Se le parti vengono manomesse, il fluido operativo potrebbe fuoriuscire. Questo problema pu\u00f2 essere rilevato immediatamente anche con una semplice ispezione visiva. Esiste anche il rischio di lesioni dovute all\u2019elevata pressione del gas all\u2019interno del meccanismo.<\/p>\n<p>&nbsp;<\/p>\n<p>Quando il portellone scricchiola quando viene aperto, o il bagagliaio non pu\u00f2 essere aperto facilmente e il bagagliaio non pu\u00f2 essere aperto nella posizione pi\u00f9 alta, significa che il Pistoncini bagagliaio ford focus \u00e8 difettoso e la molla a gas deve essere sostituita in tempo per make molle a gas per bagagliaio Funziona di nuovo normalmente, e il portellone si apre e si richiude normalmente.<\/p>\n<p>&nbsp;<\/p>\n<p>Se desideri acquistare pizzani bagagliaio ford focus 2007 a un prezzo inferiore, effettua un ordine nel nostro negozio online. Non solo economico ma anche veloce. L\u2019acquisto online richiede pochi minuti, il nostro team elaborer\u00e0 rapidamente il tuo ordine e spedir\u00e0 i tuoi pistoncini bagagliaio ford focus.<\/p>\n<p><strong><b>\u00a0<\/b><\/strong><\/p>\n<p><strong><b>P<\/b><\/strong><strong><b>istoncini\u00a0<\/b><\/strong><strong><b>B<\/b><\/strong><strong><b>agagliaio\u00a0<\/b><\/strong><strong><b>F<\/b><\/strong><strong><b>ord\u00a0<\/b><\/strong><strong><b>F<\/b><\/strong><strong><b>ocus<\/b><\/strong><strong><b>\u00a02007\u00a0<\/b><\/strong><strong><b>Modelli\u00a0<\/b><\/strong><strong><b>A<\/b><\/strong><strong><b>pplicabili<\/b><\/strong><\/p>\n<p>&nbsp;<\/p>\n<p>Pistoncini portellone per 2007 Focus Mk1<\/p>\n<p>FORD Focus Mk1 Hatchback (DAW, DBW) 2007<\/p>\n<p>FORD Focus Mk1 Hatchback (DAW, DBW) 1.6 103 CV 2007<\/p>\n<p>FORD Focus Mk1 Hatchback (DAW, DBW) 1.6 98 CV 2007<\/p>\n<p>FORD Focus Mk1 Hatchback (DAW, DBW) 1.6 GLX 8V Flex 113 CV 2007<\/p>\n<p>FORD Focus Mk1 Hatchback (DAW, DBW) 2.0 140 CV 2007<\/p>\n<p>FORD Focus Mk1 Hatchback (DAW, DBW) 2.0 145 CV 2007<\/p>\n<p>FORD Focus Mk1 Hatchback (DAW, DBW) 2.0 137 CV 2007<\/p>\n<p>FORD Focus Mk1 Station Wagon (DNW) 2007<\/p>\n<p>FORD Focus Mk1 Station Wagon (DNW) 2.0 137 CV 2007<\/p>\n<p>FORD Focus Mk1 Sedan (DNW) 2007<\/p>\n<p>FORD Focus Mk1 Sedan (DNW) 1.6 98 CV 2007<\/p>\n<p>FORD Focus Mk1 Sedan (DNW) 1.6 8V 103 CV 2007<\/p>\n<p>FORD Focus Mk1 Sedan (DNW) 1.6 GLX 8V Flex 113 CV 2007<\/p>\n<p>FORD Focus Mk1 Sedan (DNW) 2.0 140 CV 2007<\/p>\n<p>FORD Focus Mk1 Sedan (DNW) 2.0 145 CV 2007<\/p>\n<p>FORD Focus Mk1 Sedan (DNW) 2.0 137 CV 2007<\/p>\n<p>&nbsp;<\/p>\n<p>Ammortizzatori portellone per 2007 Focus Mk2<\/p>\n<p>FORD Focus Mk2 Hatchback (DA_, HCP, DP) 2007<\/p>\n<p>FORD Focus Mk2 Hatchback (DA_, HCP, DP) 1.4 80 CV 2007<\/p>\n<p>FORD Focus Mk2 Hatchback (DA_, HCP, DP) 1.6 100 CV 2007<\/p>\n<p>FORD Focus Mk2 Hatchback (DA_, HCP, DP) 1.6 TDCi 100 CV 2007<\/p>\n<p>FORD Focus Mk2 Hatchback (DA_, HCP, DP) 1.6 TDCi 109 CV 2007<\/p>\n<p>FORD Focus Mk2 Hatchback (DA_, HCP, DP) 1.6 TDCi 90 CV 2007<\/p>\n<p>FORD Focus Mk2 Hatchback (DA_, HCP, DP) 1.6 Ti 115 CV 2007<\/p>\n<p>FORD Focus Mk2 Hatchback (DA_, HCP, DP) 1.8 125 CV 2007<\/p>\n<p>FORD Focus Mk2 Hatchback (DA_, HCP, DP) 1.8 Flexifuel 125 CV 2007<\/p>\n<p>FORD Focus Mk2 Hatchback (DA_, HCP, DP) 1.8 Flexifuel 131 CV 2007<\/p>\n<p>FORD Focus Mk2 Hatchback (DA_, HCP, DP) 1.8 TDCi 115 CV 2007<\/p>\n<p>FORD Focus Mk2 Hatchback (DA_, HCP, DP) 2.0 145 CV 2007<\/p>\n<p>FORD Focus Mk2 Hatchback (DA_, HCP, DP) 2.0 140 CV 2007<\/p>\n<p>FORD Focus Mk2 Hatchback (DA_, HCP, DP) 2.0 TDCi 133 CV 2007<\/p>\n<p>FORD Focus Mk2 Hatchback (DA_, HCP, DP) 2.0 TDCi 136 CV 2007<\/p>\n<p>FORD Focus Mk2 Hatchback (DA_, HCP, DP) 2.5 ST 225 CV 2007<\/p>\n<p>FORD Focus Mk2 Station Wagon (DA_, FFS, DS) 2007<\/p>\n<p>FORD Focus Mk2 Station Wagon (DA_, FFS, DS) 1.4 80 CV 2007<\/p>\n<p>FORD Focus Mk2 Station Wagon (DA_, FFS, DS) 1.6 100 CV 2007<\/p>\n<p>FORD Focus Mk2 Station Wagon (DA_, FFS, DS) 1.6 TDCi 100 CV 2007<\/p>\n<p>FORD Focus Mk2 Station Wagon (DA_, FFS, DS) 1.6 TDCi 110 CV 2007<\/p>\n<p>FORD Focus Mk2 Station Wagon (DA_, FFS, DS) 1.6 TDCi 109 CV 2007<\/p>\n<p>FORD Focus Mk2 Station Wagon (DA_, FFS, DS) 1.6 TDCi 90 CV 2007<\/p>\n<p>FORD Focus Mk2 Station Wagon (DA_, FFS, DS) 1.6 Ti 115 CV 2007<\/p>\n<p>FORD Focus Mk2 Station Wagon (DA_, FFS, DS) 1.8 125 CV 2007<\/p>\n<p>FORD Focus Mk2 Station Wagon (DA_, FFS, DS) 1.8 Flexifuel 125 CV 2007<\/p>\n<p>FORD Focus Mk2 Station Wagon (DA_, FFS, DS) 1.8 Flexifuel 132 CV 2007<\/p>\n<p>FORD Focus Mk2 Station Wagon (DA_, FFS, DS) 1.8 TDCi 115 CV 2007<\/p>\n<p>FORD Focus Mk2 Station Wagon (DA_, FFS, DS) 2.0 145 CV 2007<\/p>\n<p>FORD Focus Mk2 Station Wagon (DA_, FFS, DS) 2.0 TDCi 133 CV 2007<\/p>\n<p>FORD Focus Mk2 Station Wagon (DA_, FFS, DS) 2.0 TDCi 136 CV 2007<\/p>\n<p>FORD Focus Mk2 Sedan (DB_, FCH, DH) 2007<\/p>\n<p>FORD Focus Mk2 Sedan (DB_, FCH, DH) 1.4 80 CV 2007<\/p>\n<p>FORD Focus Mk2 Sedan (DB_, FCH, DH) 1.6 100 CV 2007<\/p>\n<p>FORD Focus Mk2 Sedan (DB_, FCH, DH) 1.6 TDCi 100 CV 2007<\/p>\n<p>FORD Focus Mk2 Sedan (DB_, FCH, DH) 1.6 TDCi 90 CV 2007<\/p>\n<p>FORD Focus Mk2 Sedan (DB_, FCH, DH) 1.6 TDCi 109 CV 2007<\/p>\n<p>FORD Focus Mk2 Sedan (DB_, FCH, DH) 1.6 Ti 115 CV 2007<\/p>\n<p>FORD Focus Mk2 Sedan (DB_, FCH, DH) 1.8 125 CV 2007<\/p>\n<p>FORD Focus Mk2 Sedan (DB_, FCH, DH) 1.8 Flexifuel 125 CV 2007<\/p>\n<p>FORD Focus Mk2 Sedan (DB_, FCH, DH) 1.8 Flexifuel 131 CV 2007<\/p>\n<p>FORD Focus Mk2 Sedan (DB_, FCH, DH) 1.8 TDCi 115 CV 2007<\/p>\n<p>FORD Focus Mk2 Sedan (DB_, FCH, DH) 2.0 141 CV 2007<\/p>\n<p>FORD Focus Mk2 Sedan (DB_, FCH, DH) 2.0 145 CV 2007<\/p>\n<p>FORD Focus Mk2 Sedan (DB_, FCH, DH) 2.0 TDCi 136 CV 2007<\/p>\n<p>FORD Focus Mk2 Cabrio (DB3) 2007<\/p>\n<p>FORD Focus Mk2 Cabrio (DB3) 1.6 100 CV 2007<\/p>\n<p>FORD Focus Mk2 Cabrio (DB3) 2.0 145 CV 2007<\/p>\n<p>FORD Focus Mk2 Cabrio (DB3) 2.0 TDCi 136 CV 2007<\/p>\n<p>FORD Focus Mk2 Van \/ Station Wagon 2007<\/p>\n<p>FORD Focus Mk2 Van \/ Station Wagon 1.4 80 CV 2007<\/p>\n<p>FORD Focus Mk2 Van \/ Station Wagon 1.6 101 CV 2007<\/p>\n<p>FORD Focus Mk2 Van \/ Station Wagon 1.6 TDCi 109 CV 2007<\/p>\n<p>FORD Focus Mk2 Van \/ Station Wagon 1.6 TDCi 101 CV 2007<\/p>\n<p>FORD Focus Mk2 Van \/ Station Wagon 1.6 TDCi 90 CV 2007<\/p>\n<p>FORD Focus Mk2 Van \/ Station Wagon 1.6 Ti-VCT 116 CV 2007<\/p>\n<p>FORD Focus Mk2 Van \/ Station Wagon 2.0 TDCi 136 CV 2007<\/p>\n<p>&nbsp;<\/p>\n<p>Pistoncini portellone per 2007 Focus C-Max<\/p>\n<p>FORD Focus C-Max (DM2) 2007<\/p>\n<p>FORD Focus C-Max (DM2) 1.6 100 CV 2007<\/p>\n<p>FORD Focus C-Max (DM2) 1.6 TDCi 109 CV 2007<\/p>\n<p>FORD Focus C-Max (DM2) 1.6 TDCi 90 CV 2007<\/p>\n<p>FORD Focus C-Max (DM2) 1.6 Ti 115 CV 2007<\/p>\n<p>FORD Focus C-Max (DM2) 1.8 120 CV 2007<\/p>\n<p>FORD Focus C-Max (DM2) 1.8 125 CV 2007<\/p>\n<p>FORD Focus C-Max (DM2) 1.8 122 CV 2007<\/p>\n<p>FORD Focus C-Max (DM2) 1.8 Flexifuel 125 CV 2007<\/p>\n<p>FORD Focus C-Max (DM2) 1.8 TDCi 115 CV 2007<\/p>\n<p>FORD Focus C-Max (DM2) 2.0 145 CV 2007<\/p>\n<p>FORD Focus C-Max (DM2) 2.0 TDCi 133 CV 2007<\/p>\n<p>FORD Focus C-Max (DM2) 2.0 TDCi 136 CV 2007<\/p>\n","protected":false},"excerpt":{"rendered":"<p>Pistoncini bagagliaio ford focus &nbsp; I Pistoncini bagagliaio ford focus (noti anche come pistoni portellone posteriore ford focus) vengono utilizzati  [&#8230;]<\/p>\n","protected":false},"featured_media":25197,"comment_status":"open","ping_status":"closed","template":"","meta":[],"product_brand":[],"product_cat":[],"product_tag":[],"class_list":{"0":"post-25196","1":"product","2":"type-product","3":"status-publish","4":"has-post-thumbnail","7":"first","8":"instock","9":"shipping-taxable","10":"product-type-simple"},"yoast_head":"<!-- This site is optimized with the Yoast SEO Premium plugin v26.2 (Yoast SEO v27.4) - https:\/\/yoast.com\/product\/yoast-seo-premium-wordpress\/ -->\n<title>Pistoncini Bagagliaio Ford Focus | Gastac Gas Spring<\/title>\n<meta name=\"robots\" content=\"index, follow, max-snippet:-1, max-image-preview:large, max-video-preview:-1\" \/>\n<link rel=\"canonical\" href=\"https:\/\/www.gastac.com\/it\/prodotto\/pistoncini-bagagliaio-ford-focus\/\" \/>\n<meta property=\"og:locale\" content=\"it_IT\" \/>\n<meta property=\"og:type\" content=\"article\" \/>\n<meta property=\"og:title\" content=\"Pistoncini Bagagliaio Ford Focus\" \/>\n<meta property=\"og:description\" content=\"Pistoncini bagagliaio ford focus &nbsp; I Pistoncini bagagliaio ford focus (noti anche come pistoni portellone posteriore ford focus) vengono utilizzati [...]\" \/>\n<meta property=\"og:url\" content=\"https:\/\/www.gastac.com\/it\/prodotto\/pistoncini-bagagliaio-ford-focus\/\" \/>\n<meta property=\"og:site_name\" content=\"Gastac Gas Spring\" \/>\n<meta property=\"article:publisher\" content=\"https:\/\/www.facebook.com\/profile.php?id=100092358464608\" \/>\n<meta property=\"article:modified_time\" content=\"2025-12-02T09:11:19+00:00\" \/>\n<meta property=\"og:image\" content=\"https:\/\/www.gastac.com\/wp-content\/uploads\/2025\/12\/pistoni-cofano-ford-focus-1.webp\" \/>\n\t<meta property=\"og:image:width\" content=\"600\" \/>\n\t<meta property=\"og:image:height\" content=\"600\" \/>\n\t<meta property=\"og:image:type\" content=\"image\/webp\" \/>\n<meta name=\"twitter:card\" content=\"summary_large_image\" \/>\n<meta name=\"twitter:label1\" content=\"Tempo di lettura stimato\" \/>\n\t<meta name=\"twitter:data1\" content=\"1 minuto\" \/>\n<script type=\"application\/ld+json\" class=\"yoast-schema-graph\">{\"@context\":\"https:\\\/\\\/schema.org\",\"@graph\":[{\"@type\":\"WebPage\",\"@id\":\"https:\\\/\\\/www.gastac.com\\\/it\\\/prodotto\\\/pistoncini-bagagliaio-ford-focus\\\/\",\"url\":\"https:\\\/\\\/www.gastac.com\\\/it\\\/prodotto\\\/pistoncini-bagagliaio-ford-focus\\\/\",\"name\":\"Pistoncini Bagagliaio Ford Focus | Gastac Gas Spring\",\"isPartOf\":{\"@id\":\"https:\\\/\\\/www.gastac.com\\\/it\\\/#website\"},\"primaryImageOfPage\":{\"@id\":\"https:\\\/\\\/www.gastac.com\\\/it\\\/prodotto\\\/pistoncini-bagagliaio-ford-focus\\\/#primaryimage\"},\"image\":{\"@id\":\"https:\\\/\\\/www.gastac.com\\\/it\\\/prodotto\\\/pistoncini-bagagliaio-ford-focus\\\/#primaryimage\"},\"thumbnailUrl\":\"https:\\\/\\\/www.gastac.com\\\/wp-content\\\/uploads\\\/2025\\\/12\\\/pistoni-cofano-ford-focus-1.webp\",\"datePublished\":\"2025-12-02T09:11:18+00:00\",\"dateModified\":\"2025-12-02T09:11:19+00:00\",\"breadcrumb\":{\"@id\":\"https:\\\/\\\/www.gastac.com\\\/it\\\/prodotto\\\/pistoncini-bagagliaio-ford-focus\\\/#breadcrumb\"},\"inLanguage\":\"it-IT\",\"potentialAction\":[{\"@type\":\"ReadAction\",\"target\":[\"https:\\\/\\\/www.gastac.com\\\/it\\\/prodotto\\\/pistoncini-bagagliaio-ford-focus\\\/\"]}]},{\"@type\":\"ImageObject\",\"inLanguage\":\"it-IT\",\"@id\":\"https:\\\/\\\/www.gastac.com\\\/it\\\/prodotto\\\/pistoncini-bagagliaio-ford-focus\\\/#primaryimage\",\"url\":\"https:\\\/\\\/www.gastac.com\\\/wp-content\\\/uploads\\\/2025\\\/12\\\/pistoni-cofano-ford-focus-1.webp\",\"contentUrl\":\"https:\\\/\\\/www.gastac.com\\\/wp-content\\\/uploads\\\/2025\\\/12\\\/pistoni-cofano-ford-focus-1.webp\",\"width\":600,\"height\":600,\"caption\":\"pistoni cofano ford focus 1\"},{\"@type\":\"BreadcrumbList\",\"@id\":\"https:\\\/\\\/www.gastac.com\\\/it\\\/prodotto\\\/pistoncini-bagagliaio-ford-focus\\\/#breadcrumb\",\"itemListElement\":[{\"@type\":\"ListItem\",\"position\":1,\"name\":\"Home\",\"item\":\"https:\\\/\\\/www.gastac.com\\\/it\\\/\"},{\"@type\":\"ListItem\",\"position\":2,\"name\":\"products\",\"item\":\"https:\\\/\\\/www.gastac.com\\\/it\\\/products\\\/\"},{\"@type\":\"ListItem\",\"position\":3,\"name\":\"Pistoncini Bagagliaio Ford Focus\"}]},{\"@type\":\"WebSite\",\"@id\":\"https:\\\/\\\/www.gastac.com\\\/it\\\/#website\",\"url\":\"https:\\\/\\\/www.gastac.com\\\/it\\\/\",\"name\":\"Gastac Gas Spring\",\"description\":\"China\u2019s Leading Gas Springs &amp; Struts Manufacturer\",\"publisher\":{\"@id\":\"https:\\\/\\\/www.gastac.com\\\/it\\\/#organization\"},\"potentialAction\":[{\"@type\":\"SearchAction\",\"target\":{\"@type\":\"EntryPoint\",\"urlTemplate\":\"https:\\\/\\\/www.gastac.com\\\/it\\\/?s={search_term_string}\"},\"query-input\":{\"@type\":\"PropertyValueSpecification\",\"valueRequired\":true,\"valueName\":\"search_term_string\"}}],\"inLanguage\":\"it-IT\"},{\"@type\":\"Organization\",\"@id\":\"https:\\\/\\\/www.gastac.com\\\/it\\\/#organization\",\"name\":\"Ningbo Gastac Gas Spring Co.,Ltd\",\"url\":\"https:\\\/\\\/www.gastac.com\\\/it\\\/\",\"logo\":{\"@type\":\"ImageObject\",\"inLanguage\":\"it-IT\",\"@id\":\"https:\\\/\\\/www.gastac.com\\\/it\\\/#\\\/schema\\\/logo\\\/image\\\/\",\"url\":\"https:\\\/\\\/www.gastac.com\\\/wp-content\\\/uploads\\\/2025\\\/09\\\/LOGO\u672c\u8272-\u9ed1.webp\",\"contentUrl\":\"https:\\\/\\\/www.gastac.com\\\/wp-content\\\/uploads\\\/2025\\\/09\\\/LOGO\u672c\u8272-\u9ed1.webp\",\"width\":1920,\"height\":1080,\"caption\":\"Ningbo Gastac Gas Spring Co.,Ltd\"},\"image\":{\"@id\":\"https:\\\/\\\/www.gastac.com\\\/it\\\/#\\\/schema\\\/logo\\\/image\\\/\"},\"sameAs\":[\"https:\\\/\\\/www.facebook.com\\\/profile.php?id=100092358464608\",\"https:\\\/\\\/www.youtube.com\\\/@Gastac-Gas-Spring\",\"https:\\\/\\\/www.linkedin.com\\\/in\\\/gastac-gas-spring\\\/\",\"https:\\\/\\\/www.instagram.com\\\/gastacgasspring\\\/\"]}]}<\/script>\n<!-- \/ Yoast SEO Premium plugin. -->","yoast_head_json":{"title":"Pistoncini Bagagliaio Ford Focus | Gastac Gas Spring","robots":{"index":"index","follow":"follow","max-snippet":"max-snippet:-1","max-image-preview":"max-image-preview:large","max-video-preview":"max-video-preview:-1"},"canonical":"https:\/\/www.gastac.com\/it\/prodotto\/pistoncini-bagagliaio-ford-focus\/","og_locale":"it_IT","og_type":"article","og_title":"Pistoncini Bagagliaio Ford Focus","og_description":"Pistoncini bagagliaio ford focus &nbsp; I Pistoncini bagagliaio ford focus (noti anche come pistoni portellone posteriore ford focus) vengono utilizzati [...]","og_url":"https:\/\/www.gastac.com\/it\/prodotto\/pistoncini-bagagliaio-ford-focus\/","og_site_name":"Gastac Gas Spring","article_publisher":"https:\/\/www.facebook.com\/profile.php?id=100092358464608","article_modified_time":"2025-12-02T09:11:19+00:00","og_image":[{"width":600,"height":600,"url":"https:\/\/www.gastac.com\/wp-content\/uploads\/2025\/12\/pistoni-cofano-ford-focus-1.webp","type":"image\/webp"}],"twitter_card":"summary_large_image","twitter_misc":{"Tempo di lettura stimato":"1 minuto"},"schema":{"@context":"https:\/\/schema.org","@graph":[{"@type":"WebPage","@id":"https:\/\/www.gastac.com\/it\/prodotto\/pistoncini-bagagliaio-ford-focus\/","url":"https:\/\/www.gastac.com\/it\/prodotto\/pistoncini-bagagliaio-ford-focus\/","name":"Pistoncini Bagagliaio Ford Focus | Gastac Gas Spring","isPartOf":{"@id":"https:\/\/www.gastac.com\/it\/#website"},"primaryImageOfPage":{"@id":"https:\/\/www.gastac.com\/it\/prodotto\/pistoncini-bagagliaio-ford-focus\/#primaryimage"},"image":{"@id":"https:\/\/www.gastac.com\/it\/prodotto\/pistoncini-bagagliaio-ford-focus\/#primaryimage"},"thumbnailUrl":"https:\/\/www.gastac.com\/wp-content\/uploads\/2025\/12\/pistoni-cofano-ford-focus-1.webp","datePublished":"2025-12-02T09:11:18+00:00","dateModified":"2025-12-02T09:11:19+00:00","breadcrumb":{"@id":"https:\/\/www.gastac.com\/it\/prodotto\/pistoncini-bagagliaio-ford-focus\/#breadcrumb"},"inLanguage":"it-IT","potentialAction":[{"@type":"ReadAction","target":["https:\/\/www.gastac.com\/it\/prodotto\/pistoncini-bagagliaio-ford-focus\/"]}]},{"@type":"ImageObject","inLanguage":"it-IT","@id":"https:\/\/www.gastac.com\/it\/prodotto\/pistoncini-bagagliaio-ford-focus\/#primaryimage","url":"https:\/\/www.gastac.com\/wp-content\/uploads\/2025\/12\/pistoni-cofano-ford-focus-1.webp","contentUrl":"https:\/\/www.gastac.com\/wp-content\/uploads\/2025\/12\/pistoni-cofano-ford-focus-1.webp","width":600,"height":600,"caption":"pistoni cofano ford focus 1"},{"@type":"BreadcrumbList","@id":"https:\/\/www.gastac.com\/it\/prodotto\/pistoncini-bagagliaio-ford-focus\/#breadcrumb","itemListElement":[{"@type":"ListItem","position":1,"name":"Home","item":"https:\/\/www.gastac.com\/it\/"},{"@type":"ListItem","position":2,"name":"products","item":"https:\/\/www.gastac.com\/it\/products\/"},{"@type":"ListItem","position":3,"name":"Pistoncini Bagagliaio Ford Focus"}]},{"@type":"WebSite","@id":"https:\/\/www.gastac.com\/it\/#website","url":"https:\/\/www.gastac.com\/it\/","name":"Gastac Gas Spring","description":"China\u2019s Leading Gas Springs &amp; Struts Manufacturer","publisher":{"@id":"https:\/\/www.gastac.com\/it\/#organization"},"potentialAction":[{"@type":"SearchAction","target":{"@type":"EntryPoint","urlTemplate":"https:\/\/www.gastac.com\/it\/?s={search_term_string}"},"query-input":{"@type":"PropertyValueSpecification","valueRequired":true,"valueName":"search_term_string"}}],"inLanguage":"it-IT"},{"@type":"Organization","@id":"https:\/\/www.gastac.com\/it\/#organization","name":"Ningbo Gastac Gas Spring Co.,Ltd","url":"https:\/\/www.gastac.com\/it\/","logo":{"@type":"ImageObject","inLanguage":"it-IT","@id":"https:\/\/www.gastac.com\/it\/#\/schema\/logo\/image\/","url":"https:\/\/www.gastac.com\/wp-content\/uploads\/2025\/09\/LOGO\u672c\u8272-\u9ed1.webp","contentUrl":"https:\/\/www.gastac.com\/wp-content\/uploads\/2025\/09\/LOGO\u672c\u8272-\u9ed1.webp","width":1920,"height":1080,"caption":"Ningbo Gastac Gas Spring Co.,Ltd"},"image":{"@id":"https:\/\/www.gastac.com\/it\/#\/schema\/logo\/image\/"},"sameAs":["https:\/\/www.facebook.com\/profile.php?id=100092358464608","https:\/\/www.youtube.com\/@Gastac-Gas-Spring","https:\/\/www.linkedin.com\/in\/gastac-gas-spring\/","https:\/\/www.instagram.com\/gastacgasspring\/"]}]}},"_links":{"self":[{"href":"https:\/\/www.gastac.com\/it\/wp-json\/wp\/v2\/product\/25196","targetHints":{"allow":["GET"]}}],"collection":[{"href":"https:\/\/www.gastac.com\/it\/wp-json\/wp\/v2\/product"}],"about":[{"href":"https:\/\/www.gastac.com\/it\/wp-json\/wp\/v2\/types\/product"}],"replies":[{"embeddable":true,"href":"https:\/\/www.gastac.com\/it\/wp-json\/wp\/v2\/comments?post=25196"}],"wp:featuredmedia":[{"embeddable":true,"href":"https:\/\/www.gastac.com\/it\/wp-json\/wp\/v2\/media\/25197"}],"wp:attachment":[{"href":"https:\/\/www.gastac.com\/it\/wp-json\/wp\/v2\/media?parent=25196"}],"wp:term":[{"taxonomy":"product_brand","embeddable":true,"href":"https:\/\/www.gastac.com\/it\/wp-json\/wp\/v2\/product_brand?post=25196"},{"taxonomy":"product_cat","embeddable":true,"href":"https:\/\/www.gastac.com\/it\/wp-json\/wp\/v2\/product_cat?post=25196"},{"taxonomy":"product_tag","embeddable":true,"href":"https:\/\/www.gastac.com\/it\/wp-json\/wp\/v2\/product_tag?post=25196"}],"curies":[{"name":"wp","href":"https:\/\/api.w.org\/{rel}","templated":true}]}}