{"id":25157,"date":"2025-12-02T08:38:21","date_gmt":"2025-12-02T08:38:21","guid":{"rendered":"https:\/\/www.gastac.com\/?post_type=product&#038;p=25157"},"modified":"2025-12-02T08:38:22","modified_gmt":"2025-12-02T08:38:22","slug":"pistoncini-portellone-panda-169","status":"publish","type":"product","link":"https:\/\/www.gastac.com\/it\/prodotto\/pistoncini-portellone-panda-169\/","title":{"rendered":"Pistoncini portellone panda 169"},"content":{"rendered":"<p><strong>Pistoncini portellone panda 169<\/strong><\/p>\n<p>Pistoncini portellone panda 169 (noto anche come ammortizzatore portellone posteriore panda) viene utilizzato per sostenere il portellone, e ammortizzatore portellone posteriore panda viene utilizzato come elemento della scocca per far aprire e chiudere dolcemente e dolcemente il bagagliaio della Fiat Panda.<\/p>\n<p>Pistoncini portellone panda 169 non scomponibili e ammortizzatore portellone posteriore panda non riparabili. Se le parti vengono manomesse, il fluido operativo potrebbe fuoriuscire. Questo problema pu\u00f2 essere rilevato immediatamente anche con una semplice ispezione visiva. Esiste anche il rischio di lesioni dovute all\u2019elevata pressione del gas all\u2019interno del meccanismo.<br \/>\n<img decoding=\"async\" class=\"lazyload alignnone\" src=\"data:image\/svg+xml,%3Csvg%20xmlns%3D%27http%3A%2F%2Fwww.w3.org%2F2000%2Fsvg%27%20width%3D%27334%27%20height%3D%27334%27%20viewBox%3D%270%200%20334%20334%27%3E%3Crect%20width%3D%27334%27%20height%3D%27334%27%20fill-opacity%3D%220%22%2F%3E%3C%2Fsvg%3E\" data-orig-src=\"https:\/\/gastac.com\/wp-content\/uploads\/2023\/06\/pistoni-gas-280x280.jpg\" alt=\"Pistoncini portellone panda 169 \" width=\"334\" height=\"334\" \/><img decoding=\"async\" class=\"lazyload alignnone\" src=\"data:image\/svg+xml,%3Csvg%20xmlns%3D%27http%3A%2F%2Fwww.w3.org%2F2000%2Fsvg%27%20width%3D%27334%27%20height%3D%27334%27%20viewBox%3D%270%200%20334%20334%27%3E%3Crect%20width%3D%27334%27%20height%3D%27334%27%20fill-opacity%3D%220%22%2F%3E%3C%2Fsvg%3E\" data-orig-src=\"https:\/\/gastac.com\/wp-content\/uploads\/2023\/06\/pistoni-cofano-smart-451-4-280x280.jpg\" alt=\"Pistoncini portellone panda 169 \" width=\"334\" height=\"334\" \/><br \/>\nQuando il portellone scricchiola quando viene aperto, o il bagagliaio non si apre facilmente, e il bagagliaio non pu\u00f2 essere aperto nella posizione pi\u00f9 alta, significa che il pistoncini portellone panda 169 \u00e8 guasto e la molla a gas deve essere sostituita in tempo per far funzionare di nuovo normalmente gli ammortizzatori portabagagli, il portellone si apre e si richiude normalmente.<\/p>\n<p><strong><b>Pistoncini Portellone Panda 169<\/b><\/strong><strong><b>\u00a0Modelli Applicabili<\/b><\/strong><\/p>\n<p>Pistoni bagagliaio per 169 1.1<\/p>\n<p>Pistoncini portellone per FIAT Panda II Hatchback (169) 1.1 54 CV 2003 \u2013 \u2026<\/p>\n<p>FIAT PANDA 169 1.4<\/p>\n<p>Pistoncini portellone per FIAT Panda II Hatchback (169) 1.4 100 CV 2006 \u2013 \u2026<\/p>\n<p>Ammortizzatore portellone posteriore per Fiat Panda 169 1.4 Natural Power 78 CV 2010 \u2013 2013<\/p>\n<p>1.4 Natural Power 69 CV 2010 \u2013 2012<\/p>\n<p>FIAT PANDA 169 1.2<\/p>\n<p>Pistoncini portellone per FIAT Panda II Hatchback (169) 1.2 69 CV 2010 \u2013 2013<\/p>\n<p>Ammortizzatore portellone posteriore per Fiat Panda 169 1.2 60 CV 2003 \u2013 \u2026<\/p>\n<p>1.2 4\u00d74 69 CV 2009 \u2013 2013<\/p>\n<p>1.2 4\u00d74 60 CV 2004 \u2013 \u2026<\/p>\n<p>1.2 LPG 69 CV 2010 \u2013 2013<\/p>\n<p>1.2 LPG 60 CV 2009 \u2013 \u2026<\/p>\n<p>1.2 Natural Power 60 CV 2007 \u2013 2011<\/p>\n<p>&nbsp;<\/p>\n<p>Pistoni bagagliaio per 169 1.3<\/p>\n<p>Pistoncini portellone per FIAT Panda II Hatchback (169) 1.3 D Multijet 70 CV 2003 \u2013 \u2026<\/p>\n<p>Ammortizzatore portellone posteriore per Fiat Panda 169 1.3 D Multijet 75 CV 2006 \u2013 2013<\/p>\n<p>1.3 D Multijet 4\u00d74 75 CV 2010 \u2013 2013<\/p>\n<p>1.3 D Multijet 4\u00d74 70 CV 2004 \u2013 \u2026<br \/>\n<img decoding=\"async\" class=\"lazyload aligncenter\" src=\"data:image\/svg+xml,%3Csvg%20xmlns%3D%27http%3A%2F%2Fwww.w3.org%2F2000%2Fsvg%27%20width%3D%27714%27%20height%3D%27261%27%20viewBox%3D%270%200%20714%20261%27%3E%3Crect%20width%3D%27714%27%20height%3D%27261%27%20fill-opacity%3D%220%22%2F%3E%3C%2Fsvg%3E\" data-orig-src=\"https:\/\/www.gastac.com\/wp-content\/uploads\/2023\/06\/Pistoncini-portellone-panda-169.png\" alt=\"Pistoncini portellone panda 169 \" width=\"714\" height=\"261\" \/><\/p>\n","protected":false},"excerpt":{"rendered":"<p>Pistoncini portellone panda 169 Pistoncini portellone panda 169 (noto anche come ammortizzatore portellone posteriore panda) viene utilizzato per sostenere il  [&#8230;]<\/p>\n","protected":false},"featured_media":25159,"comment_status":"open","ping_status":"closed","template":"","meta":[],"product_brand":[],"product_cat":[],"product_tag":[],"class_list":{"0":"post-25157","1":"product","2":"type-product","3":"status-publish","4":"has-post-thumbnail","7":"first","8":"instock","9":"shipping-taxable","10":"product-type-simple"},"yoast_head":"<!-- This site is optimized with the Yoast SEO Premium plugin v26.2 (Yoast SEO v27.4) - https:\/\/yoast.com\/product\/yoast-seo-premium-wordpress\/ -->\n<title>Pistoncini portellone panda 169 | Gastac Gas Spring<\/title>\n<meta name=\"robots\" content=\"index, follow, max-snippet:-1, max-image-preview:large, max-video-preview:-1\" \/>\n<link rel=\"canonical\" href=\"https:\/\/www.gastac.com\/it\/prodotto\/pistoncini-portellone-panda-169\/\" \/>\n<meta property=\"og:locale\" content=\"it_IT\" \/>\n<meta property=\"og:type\" content=\"article\" \/>\n<meta property=\"og:title\" content=\"Pistoncini portellone panda 169\" \/>\n<meta property=\"og:description\" content=\"Pistoncini portellone panda 169 Pistoncini portellone panda 169 (noto anche come ammortizzatore portellone posteriore panda) viene utilizzato per sostenere il [...]\" \/>\n<meta property=\"og:url\" content=\"https:\/\/www.gastac.com\/it\/prodotto\/pistoncini-portellone-panda-169\/\" \/>\n<meta property=\"og:site_name\" content=\"Gastac Gas Spring\" \/>\n<meta property=\"article:publisher\" content=\"https:\/\/www.facebook.com\/profile.php?id=100092358464608\" \/>\n<meta property=\"article:modified_time\" content=\"2025-12-02T08:38:22+00:00\" \/>\n<meta property=\"og:image\" content=\"https:\/\/www.gastac.com\/wp-content\/uploads\/2025\/12\/pistoni-gas.webp\" \/>\n\t<meta property=\"og:image:width\" content=\"1013\" \/>\n\t<meta property=\"og:image:height\" content=\"1051\" \/>\n\t<meta property=\"og:image:type\" content=\"image\/webp\" \/>\n<meta name=\"twitter:card\" content=\"summary_large_image\" \/>\n<meta name=\"twitter:label1\" content=\"Tempo di lettura stimato\" \/>\n\t<meta name=\"twitter:data1\" content=\"1 minuto\" \/>\n<script type=\"application\/ld+json\" class=\"yoast-schema-graph\">{\"@context\":\"https:\\\/\\\/schema.org\",\"@graph\":[{\"@type\":\"WebPage\",\"@id\":\"https:\\\/\\\/www.gastac.com\\\/it\\\/prodotto\\\/pistoncini-portellone-panda-169\\\/\",\"url\":\"https:\\\/\\\/www.gastac.com\\\/it\\\/prodotto\\\/pistoncini-portellone-panda-169\\\/\",\"name\":\"Pistoncini portellone panda 169 | Gastac Gas Spring\",\"isPartOf\":{\"@id\":\"https:\\\/\\\/www.gastac.com\\\/it\\\/#website\"},\"primaryImageOfPage\":{\"@id\":\"https:\\\/\\\/www.gastac.com\\\/it\\\/prodotto\\\/pistoncini-portellone-panda-169\\\/#primaryimage\"},\"image\":{\"@id\":\"https:\\\/\\\/www.gastac.com\\\/it\\\/prodotto\\\/pistoncini-portellone-panda-169\\\/#primaryimage\"},\"thumbnailUrl\":\"https:\\\/\\\/www.gastac.com\\\/wp-content\\\/uploads\\\/2025\\\/12\\\/pistoni-gas.webp\",\"datePublished\":\"2025-12-02T08:38:21+00:00\",\"dateModified\":\"2025-12-02T08:38:22+00:00\",\"breadcrumb\":{\"@id\":\"https:\\\/\\\/www.gastac.com\\\/it\\\/prodotto\\\/pistoncini-portellone-panda-169\\\/#breadcrumb\"},\"inLanguage\":\"it-IT\",\"potentialAction\":[{\"@type\":\"ReadAction\",\"target\":[\"https:\\\/\\\/www.gastac.com\\\/it\\\/prodotto\\\/pistoncini-portellone-panda-169\\\/\"]}]},{\"@type\":\"ImageObject\",\"inLanguage\":\"it-IT\",\"@id\":\"https:\\\/\\\/www.gastac.com\\\/it\\\/prodotto\\\/pistoncini-portellone-panda-169\\\/#primaryimage\",\"url\":\"https:\\\/\\\/www.gastac.com\\\/wp-content\\\/uploads\\\/2025\\\/12\\\/pistoni-gas.webp\",\"contentUrl\":\"https:\\\/\\\/www.gastac.com\\\/wp-content\\\/uploads\\\/2025\\\/12\\\/pistoni-gas.webp\",\"width\":1013,\"height\":1051,\"caption\":\"pistoni gas\"},{\"@type\":\"BreadcrumbList\",\"@id\":\"https:\\\/\\\/www.gastac.com\\\/it\\\/prodotto\\\/pistoncini-portellone-panda-169\\\/#breadcrumb\",\"itemListElement\":[{\"@type\":\"ListItem\",\"position\":1,\"name\":\"Home\",\"item\":\"https:\\\/\\\/www.gastac.com\\\/it\\\/\"},{\"@type\":\"ListItem\",\"position\":2,\"name\":\"products\",\"item\":\"https:\\\/\\\/www.gastac.com\\\/it\\\/products\\\/\"},{\"@type\":\"ListItem\",\"position\":3,\"name\":\"Pistoncini portellone panda 169\"}]},{\"@type\":\"WebSite\",\"@id\":\"https:\\\/\\\/www.gastac.com\\\/it\\\/#website\",\"url\":\"https:\\\/\\\/www.gastac.com\\\/it\\\/\",\"name\":\"Gastac Gas Spring\",\"description\":\"China\u2019s Leading Gas Springs &amp; Struts Manufacturer\",\"publisher\":{\"@id\":\"https:\\\/\\\/www.gastac.com\\\/it\\\/#organization\"},\"potentialAction\":[{\"@type\":\"SearchAction\",\"target\":{\"@type\":\"EntryPoint\",\"urlTemplate\":\"https:\\\/\\\/www.gastac.com\\\/it\\\/?s={search_term_string}\"},\"query-input\":{\"@type\":\"PropertyValueSpecification\",\"valueRequired\":true,\"valueName\":\"search_term_string\"}}],\"inLanguage\":\"it-IT\"},{\"@type\":\"Organization\",\"@id\":\"https:\\\/\\\/www.gastac.com\\\/it\\\/#organization\",\"name\":\"Ningbo Gastac Gas Spring Co.,Ltd\",\"url\":\"https:\\\/\\\/www.gastac.com\\\/it\\\/\",\"logo\":{\"@type\":\"ImageObject\",\"inLanguage\":\"it-IT\",\"@id\":\"https:\\\/\\\/www.gastac.com\\\/it\\\/#\\\/schema\\\/logo\\\/image\\\/\",\"url\":\"https:\\\/\\\/www.gastac.com\\\/wp-content\\\/uploads\\\/2025\\\/09\\\/LOGO\u672c\u8272-\u9ed1.webp\",\"contentUrl\":\"https:\\\/\\\/www.gastac.com\\\/wp-content\\\/uploads\\\/2025\\\/09\\\/LOGO\u672c\u8272-\u9ed1.webp\",\"width\":1920,\"height\":1080,\"caption\":\"Ningbo Gastac Gas Spring Co.,Ltd\"},\"image\":{\"@id\":\"https:\\\/\\\/www.gastac.com\\\/it\\\/#\\\/schema\\\/logo\\\/image\\\/\"},\"sameAs\":[\"https:\\\/\\\/www.facebook.com\\\/profile.php?id=100092358464608\",\"https:\\\/\\\/www.youtube.com\\\/@Gastac-Gas-Spring\",\"https:\\\/\\\/www.linkedin.com\\\/in\\\/gastac-gas-spring\\\/\",\"https:\\\/\\\/www.instagram.com\\\/gastacgasspring\\\/\"]}]}<\/script>\n<!-- \/ Yoast SEO Premium plugin. -->","yoast_head_json":{"title":"Pistoncini portellone panda 169 | Gastac Gas Spring","robots":{"index":"index","follow":"follow","max-snippet":"max-snippet:-1","max-image-preview":"max-image-preview:large","max-video-preview":"max-video-preview:-1"},"canonical":"https:\/\/www.gastac.com\/it\/prodotto\/pistoncini-portellone-panda-169\/","og_locale":"it_IT","og_type":"article","og_title":"Pistoncini portellone panda 169","og_description":"Pistoncini portellone panda 169 Pistoncini portellone panda 169 (noto anche come ammortizzatore portellone posteriore panda) viene utilizzato per sostenere il [...]","og_url":"https:\/\/www.gastac.com\/it\/prodotto\/pistoncini-portellone-panda-169\/","og_site_name":"Gastac Gas Spring","article_publisher":"https:\/\/www.facebook.com\/profile.php?id=100092358464608","article_modified_time":"2025-12-02T08:38:22+00:00","og_image":[{"width":1013,"height":1051,"url":"https:\/\/www.gastac.com\/wp-content\/uploads\/2025\/12\/pistoni-gas.webp","type":"image\/webp"}],"twitter_card":"summary_large_image","twitter_misc":{"Tempo di lettura stimato":"1 minuto"},"schema":{"@context":"https:\/\/schema.org","@graph":[{"@type":"WebPage","@id":"https:\/\/www.gastac.com\/it\/prodotto\/pistoncini-portellone-panda-169\/","url":"https:\/\/www.gastac.com\/it\/prodotto\/pistoncini-portellone-panda-169\/","name":"Pistoncini portellone panda 169 | Gastac Gas Spring","isPartOf":{"@id":"https:\/\/www.gastac.com\/it\/#website"},"primaryImageOfPage":{"@id":"https:\/\/www.gastac.com\/it\/prodotto\/pistoncini-portellone-panda-169\/#primaryimage"},"image":{"@id":"https:\/\/www.gastac.com\/it\/prodotto\/pistoncini-portellone-panda-169\/#primaryimage"},"thumbnailUrl":"https:\/\/www.gastac.com\/wp-content\/uploads\/2025\/12\/pistoni-gas.webp","datePublished":"2025-12-02T08:38:21+00:00","dateModified":"2025-12-02T08:38:22+00:00","breadcrumb":{"@id":"https:\/\/www.gastac.com\/it\/prodotto\/pistoncini-portellone-panda-169\/#breadcrumb"},"inLanguage":"it-IT","potentialAction":[{"@type":"ReadAction","target":["https:\/\/www.gastac.com\/it\/prodotto\/pistoncini-portellone-panda-169\/"]}]},{"@type":"ImageObject","inLanguage":"it-IT","@id":"https:\/\/www.gastac.com\/it\/prodotto\/pistoncini-portellone-panda-169\/#primaryimage","url":"https:\/\/www.gastac.com\/wp-content\/uploads\/2025\/12\/pistoni-gas.webp","contentUrl":"https:\/\/www.gastac.com\/wp-content\/uploads\/2025\/12\/pistoni-gas.webp","width":1013,"height":1051,"caption":"pistoni gas"},{"@type":"BreadcrumbList","@id":"https:\/\/www.gastac.com\/it\/prodotto\/pistoncini-portellone-panda-169\/#breadcrumb","itemListElement":[{"@type":"ListItem","position":1,"name":"Home","item":"https:\/\/www.gastac.com\/it\/"},{"@type":"ListItem","position":2,"name":"products","item":"https:\/\/www.gastac.com\/it\/products\/"},{"@type":"ListItem","position":3,"name":"Pistoncini portellone panda 169"}]},{"@type":"WebSite","@id":"https:\/\/www.gastac.com\/it\/#website","url":"https:\/\/www.gastac.com\/it\/","name":"Gastac Gas Spring","description":"China\u2019s Leading Gas Springs &amp; Struts Manufacturer","publisher":{"@id":"https:\/\/www.gastac.com\/it\/#organization"},"potentialAction":[{"@type":"SearchAction","target":{"@type":"EntryPoint","urlTemplate":"https:\/\/www.gastac.com\/it\/?s={search_term_string}"},"query-input":{"@type":"PropertyValueSpecification","valueRequired":true,"valueName":"search_term_string"}}],"inLanguage":"it-IT"},{"@type":"Organization","@id":"https:\/\/www.gastac.com\/it\/#organization","name":"Ningbo Gastac Gas Spring Co.,Ltd","url":"https:\/\/www.gastac.com\/it\/","logo":{"@type":"ImageObject","inLanguage":"it-IT","@id":"https:\/\/www.gastac.com\/it\/#\/schema\/logo\/image\/","url":"https:\/\/www.gastac.com\/wp-content\/uploads\/2025\/09\/LOGO\u672c\u8272-\u9ed1.webp","contentUrl":"https:\/\/www.gastac.com\/wp-content\/uploads\/2025\/09\/LOGO\u672c\u8272-\u9ed1.webp","width":1920,"height":1080,"caption":"Ningbo Gastac Gas Spring Co.,Ltd"},"image":{"@id":"https:\/\/www.gastac.com\/it\/#\/schema\/logo\/image\/"},"sameAs":["https:\/\/www.facebook.com\/profile.php?id=100092358464608","https:\/\/www.youtube.com\/@Gastac-Gas-Spring","https:\/\/www.linkedin.com\/in\/gastac-gas-spring\/","https:\/\/www.instagram.com\/gastacgasspring\/"]}]}},"_links":{"self":[{"href":"https:\/\/www.gastac.com\/it\/wp-json\/wp\/v2\/product\/25157","targetHints":{"allow":["GET"]}}],"collection":[{"href":"https:\/\/www.gastac.com\/it\/wp-json\/wp\/v2\/product"}],"about":[{"href":"https:\/\/www.gastac.com\/it\/wp-json\/wp\/v2\/types\/product"}],"replies":[{"embeddable":true,"href":"https:\/\/www.gastac.com\/it\/wp-json\/wp\/v2\/comments?post=25157"}],"wp:featuredmedia":[{"embeddable":true,"href":"https:\/\/www.gastac.com\/it\/wp-json\/wp\/v2\/media\/25159"}],"wp:attachment":[{"href":"https:\/\/www.gastac.com\/it\/wp-json\/wp\/v2\/media?parent=25157"}],"wp:term":[{"taxonomy":"product_brand","embeddable":true,"href":"https:\/\/www.gastac.com\/it\/wp-json\/wp\/v2\/product_brand?post=25157"},{"taxonomy":"product_cat","embeddable":true,"href":"https:\/\/www.gastac.com\/it\/wp-json\/wp\/v2\/product_cat?post=25157"},{"taxonomy":"product_tag","embeddable":true,"href":"https:\/\/www.gastac.com\/it\/wp-json\/wp\/v2\/product_tag?post=25157"}],"curies":[{"name":"wp","href":"https:\/\/api.w.org\/{rel}","templated":true}]}}