{"id":24957,"date":"2025-12-01T09:19:58","date_gmt":"2025-12-01T09:19:58","guid":{"rendered":"https:\/\/www.gastac.com\/?post_type=product&#038;p=24957"},"modified":"2025-12-01T09:19:58","modified_gmt":"2025-12-01T09:19:58","slug":"pistoncini-portellone-panda","status":"publish","type":"product","link":"https:\/\/www.gastac.com\/it\/prodotto\/pistoncini-portellone-panda\/","title":{"rendered":"Pistoncini Portellone Panda"},"content":{"rendered":"<p><strong>Pistoncini portellone panda<\/strong><\/p>\n<p>I Pistoncini portellone panda (noti anche come molle a gas portellone panda) sono utilizzati per sostenere il portellone, mentre il pistone baule panda \u00e8 utilizzato come elemento della scocca per consentire al bagagliaio della Fiat Panda di aprirsi e chiudersi dolcemente e senza intoppi.<\/p>\n<p>Pistoncini portellone panda non si sdoppiano e molle a gas portellone non si riparano. Se le parti vengono manomesse, il fluido operativo potrebbe fuoriuscire. Questo problema pu\u00f2 essere rilevato immediatamente anche con una semplice ispezione visiva. Esiste anche il rischio di lesioni dovute all\u2019elevata pressione del gas all\u2019interno del meccanismo.<br \/>\n<img class=\"lazyload\" decoding=\"async\" src=\"data:image\/gif;base64,R0lGODlhAQABAAAAACH5BAEKAAEALAAAAAABAAEAAAICTAEAOw==\" data-orig-src=\"https:\/\/gastac.com\/wp-content\/uploads\/2023\/06\/pistone-a-molla-1-280x280.jpg\" alt=\"Pistoncini portellone panda \" \/><img class=\"lazyload\" decoding=\"async\" src=\"data:image\/gif;base64,R0lGODlhAQABAAAAACH5BAEKAAEALAAAAAABAAEAAAICTAEAOw==\" data-orig-src=\"https:\/\/gastac.com\/wp-content\/uploads\/2023\/06\/pistoni-cofano-smart-451-4-280x280.jpg\" alt=\"Pistoncini portellone panda \" \/><br \/>\nQuando il portellone scricchiola quando viene aperto, o il bagagliaio non si apre facilmente, e il bagagliaio non pu\u00f2 essere aperto nella posizione pi\u00f9 alta, significa che il pistoncino portellone panda 141 \u00e8 guasto e la molla a gas deve essere sostituita in tempo per far funzionare di nuovo normalmente gli ammortizzatori portabagagli, il portellone si apre e si richiude normalmente.<\/p>\n<p>Se desideri acquistare pistoncini portellone panda pi\u00f9 economici, effettua un ordine nel nostro negozio online. Non solo economico ma anche veloce. L\u2019acquisto online richiede pochi minuti, il nostro team elaborer\u00e0 rapidamente il tuo ordine e spedir\u00e0 il tuo pistoncino portellone panda 141.<\/p>\n<p><strong><b>Pistoncini Portellone Panda<\/b><\/strong><strong><b>\u00a0Modelli Applicabili<\/b><\/strong><\/p>\n<p>Pistoni bagagliaio per 141_ 0.9<\/p>\n<p>Pistoncini portellone per FIAT Panda I Hatchback (141) 0.9 Fire S Trazione integrale 45 CV 1980 \u2013 1986<\/p>\n<p>Ammortizzatore portellone posteriore per Fiat Panda 141 0.9 45 CV 1980 \u2013 1994<\/p>\n<p>0.9 40 CV 1992 \u2013 1996<\/p>\n<p>&nbsp;<\/p>\n<p>FIAT PANDA 141_ 1.3<\/p>\n<p>Pistoncini portellone per FIAT Panda I Hatchback (141) 1.3 D 37 CV 1986 \u2013 1992<\/p>\n<p>bagagliaio per 141_ 0.8<\/p>\n<p>Pistoncini portellone per FIAT Panda I Hatchback (141) 0.8 34 CV 1981 \u2013 1985<\/p>\n<p>&nbsp;<\/p>\n<p>FIAT PANDA 141_ 1.0<\/p>\n<p>Pistoncini portellone per FIAT Panda I Hatchback (141) 1.0 44 CV 1986 \u2013 1992<\/p>\n<p>Ammortizzatore portellone posteriore per Fiat Panda 141 1.0 50 CV 1985 \u2013 1992<\/p>\n<p>1.0 4\u00d74 44 CV 1986 \u2013 1989<\/p>\n<p>1.0 50 CV 1986 \u2013 1992<\/p>\n<p>1.0 4\u00d74 45 CV 1986 \u2013 1994<\/p>\n<p>1.0 i.e. KAT 45 CV 1987 \u2013 1998<\/p>\n<p>1.0 48 CV 1982 \u2013 1983<\/p>\n<p>1.0 4\u00d74 48 CV 1983 \u2013 1986<\/p>\n<p>&nbsp;<\/p>\n<p>Pistoni bagagliaio per 141_ 0.65<\/p>\n<p>Pistoncini portellone per FIAT Panda I Hatchback (141) 0.65 30 CV 1982 \u2013 2004<\/p>\n<p>&nbsp;<\/p>\n<p>Pistoni bagagliaio per 141_ 1.1<\/p>\n<p>Pistoncini portellone per FIAT Panda I Hatchback (141) 1.1 50 CV 1991 \u2013 1999<\/p>\n<p>Ammortizzatore portellone posteriore per Fiat Panda 141 1.1 54 CV 1995 \u2013 2003<\/p>\n<p>1.1 4\u00d74 54 CV 1995 \u2013 2004<\/p>\n<p>1.1 Trekking 4\u00d74 50 CV 1991 \u2013 2004<\/p>\n<p>&nbsp;<\/p>\n<p>FIAT PANDA 141_ 0.7<\/p>\n<p>Pistoncini portellone per FIAT Panda I Hatchback (141) 0.7 34 CV 1986 \u2013 2003<\/p>\n<p>&nbsp;<\/p>\n<p>Fiat Panda II<\/p>\n<p>Pistoncini portellone per FIAT Panda II Hatchback (169)<\/p>\n<p>&nbsp;<\/p>\n<p>Fiat Panda III<\/p>\n<p>Pistoncini portellone per FIAT Panda III Hatchback (312, 319)<br \/>\n<img decoding=\"async\" class=\"lazyload aligncenter\" src=\"data:image\/svg+xml,%3Csvg%20xmlns%3D%27http%3A%2F%2Fwww.w3.org%2F2000%2Fsvg%27%20width%3D%27868%27%20height%3D%27317%27%20viewBox%3D%270%200%20868%20317%27%3E%3Crect%20width%3D%27868%27%20height%3D%27317%27%20fill-opacity%3D%220%22%2F%3E%3C%2Fsvg%3E\" data-orig-src=\"https:\/\/www.gastac.com\/wp-content\/uploads\/2023\/06\/Pistoncini-portellone-panda.png\" alt=\"Pistoncini portellone panda \" width=\"868\" height=\"317\" \/><\/p>\n","protected":false},"excerpt":{"rendered":"<p>Pistoncini portellone panda I Pistoncini portellone panda (noti anche come molle a gas portellone panda) sono utilizzati per sostenere il  [&#8230;]<\/p>\n","protected":false},"featured_media":24943,"comment_status":"open","ping_status":"closed","template":"","meta":[],"product_brand":[],"product_cat":[],"product_tag":[],"class_list":{"0":"post-24957","1":"product","2":"type-product","3":"status-publish","4":"has-post-thumbnail","7":"first","8":"instock","9":"shipping-taxable","10":"product-type-simple"},"yoast_head":"<!-- This site is optimized with the Yoast SEO Premium plugin v26.2 (Yoast SEO v27.4) - https:\/\/yoast.com\/product\/yoast-seo-premium-wordpress\/ -->\n<title>Pistoncini Portellone Panda | Gastac Gas Spring<\/title>\n<meta name=\"robots\" content=\"index, follow, max-snippet:-1, max-image-preview:large, max-video-preview:-1\" \/>\n<link rel=\"canonical\" href=\"https:\/\/www.gastac.com\/it\/prodotto\/pistoncini-portellone-panda\/\" \/>\n<meta property=\"og:locale\" content=\"it_IT\" \/>\n<meta property=\"og:type\" content=\"article\" \/>\n<meta property=\"og:title\" content=\"Pistoncini Portellone Panda\" \/>\n<meta property=\"og:description\" content=\"Pistoncini portellone panda I Pistoncini portellone panda (noti anche come molle a gas portellone panda) sono utilizzati per sostenere il [...]\" \/>\n<meta property=\"og:url\" content=\"https:\/\/www.gastac.com\/it\/prodotto\/pistoncini-portellone-panda\/\" \/>\n<meta property=\"og:site_name\" content=\"Gastac Gas Spring\" \/>\n<meta property=\"article:publisher\" content=\"https:\/\/www.facebook.com\/profile.php?id=100092358464608\" \/>\n<meta property=\"og:image\" content=\"https:\/\/www.gastac.com\/wp-content\/uploads\/2025\/12\/pistoncini-a-gas-2-600x600-1.webp\" \/>\n\t<meta property=\"og:image:width\" content=\"600\" \/>\n\t<meta property=\"og:image:height\" content=\"600\" \/>\n\t<meta property=\"og:image:type\" content=\"image\/webp\" \/>\n<meta name=\"twitter:card\" content=\"summary_large_image\" \/>\n<meta name=\"twitter:label1\" content=\"Tempo di lettura stimato\" \/>\n\t<meta name=\"twitter:data1\" content=\"1 minuto\" \/>\n<script type=\"application\/ld+json\" class=\"yoast-schema-graph\">{\"@context\":\"https:\\\/\\\/schema.org\",\"@graph\":[{\"@type\":\"WebPage\",\"@id\":\"https:\\\/\\\/www.gastac.com\\\/it\\\/prodotto\\\/pistoncini-portellone-panda\\\/\",\"url\":\"https:\\\/\\\/www.gastac.com\\\/it\\\/prodotto\\\/pistoncini-portellone-panda\\\/\",\"name\":\"Pistoncini Portellone Panda | Gastac Gas Spring\",\"isPartOf\":{\"@id\":\"https:\\\/\\\/www.gastac.com\\\/it\\\/#website\"},\"primaryImageOfPage\":{\"@id\":\"https:\\\/\\\/www.gastac.com\\\/it\\\/prodotto\\\/pistoncini-portellone-panda\\\/#primaryimage\"},\"image\":{\"@id\":\"https:\\\/\\\/www.gastac.com\\\/it\\\/prodotto\\\/pistoncini-portellone-panda\\\/#primaryimage\"},\"thumbnailUrl\":\"https:\\\/\\\/www.gastac.com\\\/wp-content\\\/uploads\\\/2025\\\/12\\\/pistoncini-a-gas-2-600x600-1.webp\",\"datePublished\":\"2025-12-01T09:19:58+00:00\",\"breadcrumb\":{\"@id\":\"https:\\\/\\\/www.gastac.com\\\/it\\\/prodotto\\\/pistoncini-portellone-panda\\\/#breadcrumb\"},\"inLanguage\":\"it-IT\",\"potentialAction\":[{\"@type\":\"ReadAction\",\"target\":[\"https:\\\/\\\/www.gastac.com\\\/it\\\/prodotto\\\/pistoncini-portellone-panda\\\/\"]}]},{\"@type\":\"ImageObject\",\"inLanguage\":\"it-IT\",\"@id\":\"https:\\\/\\\/www.gastac.com\\\/it\\\/prodotto\\\/pistoncini-portellone-panda\\\/#primaryimage\",\"url\":\"https:\\\/\\\/www.gastac.com\\\/wp-content\\\/uploads\\\/2025\\\/12\\\/pistoncini-a-gas-2-600x600-1.webp\",\"contentUrl\":\"https:\\\/\\\/www.gastac.com\\\/wp-content\\\/uploads\\\/2025\\\/12\\\/pistoncini-a-gas-2-600x600-1.webp\",\"width\":600,\"height\":600,\"caption\":\"pistoncini a gas 2 600x600 1\"},{\"@type\":\"BreadcrumbList\",\"@id\":\"https:\\\/\\\/www.gastac.com\\\/it\\\/prodotto\\\/pistoncini-portellone-panda\\\/#breadcrumb\",\"itemListElement\":[{\"@type\":\"ListItem\",\"position\":1,\"name\":\"Home\",\"item\":\"https:\\\/\\\/www.gastac.com\\\/it\\\/\"},{\"@type\":\"ListItem\",\"position\":2,\"name\":\"products\",\"item\":\"https:\\\/\\\/www.gastac.com\\\/it\\\/products\\\/\"},{\"@type\":\"ListItem\",\"position\":3,\"name\":\"Pistoncini Portellone Panda\"}]},{\"@type\":\"WebSite\",\"@id\":\"https:\\\/\\\/www.gastac.com\\\/it\\\/#website\",\"url\":\"https:\\\/\\\/www.gastac.com\\\/it\\\/\",\"name\":\"Gastac Gas Spring\",\"description\":\"China\u2019s Leading Gas Springs &amp; Struts Manufacturer\",\"publisher\":{\"@id\":\"https:\\\/\\\/www.gastac.com\\\/it\\\/#organization\"},\"potentialAction\":[{\"@type\":\"SearchAction\",\"target\":{\"@type\":\"EntryPoint\",\"urlTemplate\":\"https:\\\/\\\/www.gastac.com\\\/it\\\/?s={search_term_string}\"},\"query-input\":{\"@type\":\"PropertyValueSpecification\",\"valueRequired\":true,\"valueName\":\"search_term_string\"}}],\"inLanguage\":\"it-IT\"},{\"@type\":\"Organization\",\"@id\":\"https:\\\/\\\/www.gastac.com\\\/it\\\/#organization\",\"name\":\"Ningbo Gastac Gas Spring Co.,Ltd\",\"url\":\"https:\\\/\\\/www.gastac.com\\\/it\\\/\",\"logo\":{\"@type\":\"ImageObject\",\"inLanguage\":\"it-IT\",\"@id\":\"https:\\\/\\\/www.gastac.com\\\/it\\\/#\\\/schema\\\/logo\\\/image\\\/\",\"url\":\"https:\\\/\\\/www.gastac.com\\\/wp-content\\\/uploads\\\/2025\\\/09\\\/LOGO\u672c\u8272-\u9ed1.webp\",\"contentUrl\":\"https:\\\/\\\/www.gastac.com\\\/wp-content\\\/uploads\\\/2025\\\/09\\\/LOGO\u672c\u8272-\u9ed1.webp\",\"width\":1920,\"height\":1080,\"caption\":\"Ningbo Gastac Gas Spring Co.,Ltd\"},\"image\":{\"@id\":\"https:\\\/\\\/www.gastac.com\\\/it\\\/#\\\/schema\\\/logo\\\/image\\\/\"},\"sameAs\":[\"https:\\\/\\\/www.facebook.com\\\/profile.php?id=100092358464608\",\"https:\\\/\\\/www.youtube.com\\\/@Gastac-Gas-Spring\",\"https:\\\/\\\/www.linkedin.com\\\/in\\\/gastac-gas-spring\\\/\",\"https:\\\/\\\/www.instagram.com\\\/gastacgasspring\\\/\"]}]}<\/script>\n<!-- \/ Yoast SEO Premium plugin. -->","yoast_head_json":{"title":"Pistoncini Portellone Panda | Gastac Gas Spring","robots":{"index":"index","follow":"follow","max-snippet":"max-snippet:-1","max-image-preview":"max-image-preview:large","max-video-preview":"max-video-preview:-1"},"canonical":"https:\/\/www.gastac.com\/it\/prodotto\/pistoncini-portellone-panda\/","og_locale":"it_IT","og_type":"article","og_title":"Pistoncini Portellone Panda","og_description":"Pistoncini portellone panda I Pistoncini portellone panda (noti anche come molle a gas portellone panda) sono utilizzati per sostenere il [...]","og_url":"https:\/\/www.gastac.com\/it\/prodotto\/pistoncini-portellone-panda\/","og_site_name":"Gastac Gas Spring","article_publisher":"https:\/\/www.facebook.com\/profile.php?id=100092358464608","og_image":[{"width":600,"height":600,"url":"https:\/\/www.gastac.com\/wp-content\/uploads\/2025\/12\/pistoncini-a-gas-2-600x600-1.webp","type":"image\/webp"}],"twitter_card":"summary_large_image","twitter_misc":{"Tempo di lettura stimato":"1 minuto"},"schema":{"@context":"https:\/\/schema.org","@graph":[{"@type":"WebPage","@id":"https:\/\/www.gastac.com\/it\/prodotto\/pistoncini-portellone-panda\/","url":"https:\/\/www.gastac.com\/it\/prodotto\/pistoncini-portellone-panda\/","name":"Pistoncini Portellone Panda | Gastac Gas Spring","isPartOf":{"@id":"https:\/\/www.gastac.com\/it\/#website"},"primaryImageOfPage":{"@id":"https:\/\/www.gastac.com\/it\/prodotto\/pistoncini-portellone-panda\/#primaryimage"},"image":{"@id":"https:\/\/www.gastac.com\/it\/prodotto\/pistoncini-portellone-panda\/#primaryimage"},"thumbnailUrl":"https:\/\/www.gastac.com\/wp-content\/uploads\/2025\/12\/pistoncini-a-gas-2-600x600-1.webp","datePublished":"2025-12-01T09:19:58+00:00","breadcrumb":{"@id":"https:\/\/www.gastac.com\/it\/prodotto\/pistoncini-portellone-panda\/#breadcrumb"},"inLanguage":"it-IT","potentialAction":[{"@type":"ReadAction","target":["https:\/\/www.gastac.com\/it\/prodotto\/pistoncini-portellone-panda\/"]}]},{"@type":"ImageObject","inLanguage":"it-IT","@id":"https:\/\/www.gastac.com\/it\/prodotto\/pistoncini-portellone-panda\/#primaryimage","url":"https:\/\/www.gastac.com\/wp-content\/uploads\/2025\/12\/pistoncini-a-gas-2-600x600-1.webp","contentUrl":"https:\/\/www.gastac.com\/wp-content\/uploads\/2025\/12\/pistoncini-a-gas-2-600x600-1.webp","width":600,"height":600,"caption":"pistoncini a gas 2 600x600 1"},{"@type":"BreadcrumbList","@id":"https:\/\/www.gastac.com\/it\/prodotto\/pistoncini-portellone-panda\/#breadcrumb","itemListElement":[{"@type":"ListItem","position":1,"name":"Home","item":"https:\/\/www.gastac.com\/it\/"},{"@type":"ListItem","position":2,"name":"products","item":"https:\/\/www.gastac.com\/it\/products\/"},{"@type":"ListItem","position":3,"name":"Pistoncini Portellone Panda"}]},{"@type":"WebSite","@id":"https:\/\/www.gastac.com\/it\/#website","url":"https:\/\/www.gastac.com\/it\/","name":"Gastac Gas Spring","description":"China\u2019s Leading Gas Springs &amp; Struts Manufacturer","publisher":{"@id":"https:\/\/www.gastac.com\/it\/#organization"},"potentialAction":[{"@type":"SearchAction","target":{"@type":"EntryPoint","urlTemplate":"https:\/\/www.gastac.com\/it\/?s={search_term_string}"},"query-input":{"@type":"PropertyValueSpecification","valueRequired":true,"valueName":"search_term_string"}}],"inLanguage":"it-IT"},{"@type":"Organization","@id":"https:\/\/www.gastac.com\/it\/#organization","name":"Ningbo Gastac Gas Spring Co.,Ltd","url":"https:\/\/www.gastac.com\/it\/","logo":{"@type":"ImageObject","inLanguage":"it-IT","@id":"https:\/\/www.gastac.com\/it\/#\/schema\/logo\/image\/","url":"https:\/\/www.gastac.com\/wp-content\/uploads\/2025\/09\/LOGO\u672c\u8272-\u9ed1.webp","contentUrl":"https:\/\/www.gastac.com\/wp-content\/uploads\/2025\/09\/LOGO\u672c\u8272-\u9ed1.webp","width":1920,"height":1080,"caption":"Ningbo Gastac Gas Spring Co.,Ltd"},"image":{"@id":"https:\/\/www.gastac.com\/it\/#\/schema\/logo\/image\/"},"sameAs":["https:\/\/www.facebook.com\/profile.php?id=100092358464608","https:\/\/www.youtube.com\/@Gastac-Gas-Spring","https:\/\/www.linkedin.com\/in\/gastac-gas-spring\/","https:\/\/www.instagram.com\/gastacgasspring\/"]}]}},"_links":{"self":[{"href":"https:\/\/www.gastac.com\/it\/wp-json\/wp\/v2\/product\/24957","targetHints":{"allow":["GET"]}}],"collection":[{"href":"https:\/\/www.gastac.com\/it\/wp-json\/wp\/v2\/product"}],"about":[{"href":"https:\/\/www.gastac.com\/it\/wp-json\/wp\/v2\/types\/product"}],"replies":[{"embeddable":true,"href":"https:\/\/www.gastac.com\/it\/wp-json\/wp\/v2\/comments?post=24957"}],"wp:featuredmedia":[{"embeddable":true,"href":"https:\/\/www.gastac.com\/it\/wp-json\/wp\/v2\/media\/24943"}],"wp:attachment":[{"href":"https:\/\/www.gastac.com\/it\/wp-json\/wp\/v2\/media?parent=24957"}],"wp:term":[{"taxonomy":"product_brand","embeddable":true,"href":"https:\/\/www.gastac.com\/it\/wp-json\/wp\/v2\/product_brand?post=24957"},{"taxonomy":"product_cat","embeddable":true,"href":"https:\/\/www.gastac.com\/it\/wp-json\/wp\/v2\/product_cat?post=24957"},{"taxonomy":"product_tag","embeddable":true,"href":"https:\/\/www.gastac.com\/it\/wp-json\/wp\/v2\/product_tag?post=24957"}],"curies":[{"name":"wp","href":"https:\/\/api.w.org\/{rel}","templated":true}]}}