{"id":24917,"date":"2025-12-01T08:36:40","date_gmt":"2025-12-01T08:36:40","guid":{"rendered":"https:\/\/www.gastac.com\/?post_type=product&#038;p=24917"},"modified":"2025-12-01T08:36:41","modified_gmt":"2025-12-01T08:36:41","slug":"pistoni-baule-grande-punto","status":"publish","type":"product","link":"https:\/\/www.gastac.com\/it\/prodotto\/pistoni-baule-grande-punto\/","title":{"rendered":"Pistoni Baule Grande Punto"},"content":{"rendered":"<p><strong>Pistoni baule grande punto<\/strong><\/p>\n<p>Pistoni baule grande punto (noto anche come molle a gas portellone grande punto) \u00e8 utilizzato per sostenere il portellone, e molle portellone auto \u00e8 utilizzato come elemento di carrozzeria per far aprire e chiudere dolcemente e dolcemente il bagagliaio della Grande Punto.<\/p>\n<p>I pistoni baule grande punto non possono essere sdoppiati, n\u00e9 le molle a gas portellone grande punto possono essere riparate. Se le parti vengono manomesse, il fluido operativo potrebbe fuoriuscire. Questo problema pu\u00f2 essere rilevato immediatamente anche con una semplice ispezione visiva. Esiste anche il rischio di lesioni dovute all\u2019elevata pressione del gas all\u2019interno del meccanismo.<\/p>\n<p>Quando il portellone scricchiola quando viene aperto, o il bagagliaio non pu\u00f2 essere aperto facilmente e il bagagliaio non pu\u00f2 essere aperto nella posizione pi\u00f9 alta, significa che il molle portellone automatico \u00e8 guasto e la molla a gas deve essere sostituita in tempo per fare i pistoni baule grande punto funzionano di nuovo normali, il portellone si apre e si richiude tornando normale.<\/p>\n<p>Se desideri acquistare pizzani baule grande punto a un prezzo inferiore, effettua un ordine nel nostro negozio online. Non solo economico ma anche veloce. L\u2019acquisto online richiede pochi minuti, il nostro team elaborer\u00e0 rapidamente il tuo ordine e spedir\u00e0 il tuo molle a gas portellone grande punto.<\/p>\n<p><strong><b>Pistoni Baule Grande Punto<\/b><\/strong><strong><b>\u00a0<\/b><\/strong><strong><b>Modelli<\/b><\/strong><strong><b>\u00a0A<\/b><\/strong><strong><b>pplicabili<\/b><\/strong><\/p>\n<p>Pistoni bagagliaio per 199 1.2<\/p>\n<p>Pistoncini portellone per FIAT Grande Punto Hatchback (199) 1.2 69 CV 2010 \u2013 \u2026<\/p>\n<p>Ammortizzatore portellone posteriore per Fiat Grande Punto 199 1.2 68 CV 2006 \u2013 2014<\/p>\n<p>1.2 65 CV 2005 \u2013 \u2026<\/p>\n<p>1.2 LPG 69 CV 2008 \u2013 2012<\/p>\n<p>&nbsp;<\/p>\n<p>FIAT GRANDE PUNTO 199 1.3<\/p>\n<p>Pistoncini portellone per FIAT Grande Punto Hatchback (199) 1.3 D Multijet 69 CV 2008 \u2013 \u2026<\/p>\n<p>Ammortizzatore portellone posteriore per Fiat Grande Punto 199 1.3 D Multijet 84 CV 2010 \u2013 \u2026<\/p>\n<p>1.3 D Multijet 76 CV 2009 \u2013 2014<\/p>\n<p>1.3 D Multijet 92 CV 2012 \u2013 2013<\/p>\n<p>1.3 D Multijet 75 CV 2005 \u2013 \u2026<\/p>\n<p>1.3 D Multijet 90 CV 2005 \u2013 2010<\/p>\n<p>&nbsp;<\/p>\n<p>Pistoni bagagliaio per 199 1.4<\/p>\n<p>Pistoncini portellone per FIAT Grande Punto Hatchback (199) 1.4 75 CV 2006 \u2013 2007<\/p>\n<p>Ammortizzatore portellone posteriore per Fiat Grande Punto 199 1.4 77 CV 2005 \u2013 2015<\/p>\n<p>1.4 16V 90 CV 2006 \u2013 2014<\/p>\n<p>1.4 16V 152 CV 2007 \u2013 2012<\/p>\n<p>1.4 16V 95 CV 2005 \u2013 2011<\/p>\n<p>1.4 Flex 86 CV 2007 \u2013 2010<\/p>\n<p>1.4 LPG 78 CV 2008 \u2013 \u2026<\/p>\n<p>1.4 Natural Power 78 CV 2008 \u2013 \u2026<\/p>\n<p>1.4 T-Jet 120 CV 2007 \u2013 \u2026<\/p>\n<p>&nbsp;<\/p>\n<p>FIAT GRANDE PUNTO 199 1.6<\/p>\n<p>Pistoncini portellone per FIAT Grande Punto Hatchback (199) 1.6 117 CV 2011 \u2013 \u2026<\/p>\n<p>Ammortizzatore portellone posteriore per Fiat Grande Punto 199 1.6 D Multijet 120 CV 2008 \u2013 \u2026<\/p>\n<p>&nbsp;<\/p>\n<p>Pistoni bagagliaio per 199 1.8<\/p>\n<p>Pistoncini portellone per FIAT Grande Punto Hatchback (199) 1.8 16V 131 CV 2010 \u2013 2012<\/p>\n<p>Ammortizzatore portellone posteriore per Fiat Grande Punto 199 1.8 Flex 116 CV 2007 \u2013 2010<\/p>\n<p>&nbsp;<\/p>\n<p>FIAT GRANDE PUNTO 199 1.9<\/p>\n<p>Pistoncini portellone per FIAT Grande Punto Hatchback (199) 1.9 D Multijet 116 CV 2006 \u2013 2009<\/p>\n<p>Ammortizzatore portellone posteriore per Fiat Grande Punto 199 1.9 D Multijet 120 CV 2005 \u2013 \u2026<\/p>\n<p>1.9 D Multijet 130 CV 2005 \u2013 \u2026<br \/>\n<img decoding=\"async\" class=\"lazyload aligncenter\" src=\"data:image\/gif;base64,R0lGODlhAQABAAAAACH5BAEKAAEALAAAAAABAAEAAAICTAEAOw==\" data-orig-src=\"https:\/\/www.gastac.com\/wp-content\/uploads\/2023\/06\/molle-a-gas-portellone-grande-punto.png\" alt=\"Pistoni baule grande punto \" \/><\/p>\n","protected":false},"excerpt":{"rendered":"<p>Pistoni baule grande punto Pistoni baule grande punto (noto anche come molle a gas portellone grande punto) \u00e8 utilizzato per  [&#8230;]<\/p>\n","protected":false},"featured_media":24918,"comment_status":"open","ping_status":"closed","template":"","meta":[],"product_brand":[],"product_cat":[],"product_tag":[],"class_list":{"0":"post-24917","1":"product","2":"type-product","3":"status-publish","4":"has-post-thumbnail","7":"first","8":"instock","9":"shipping-taxable","10":"product-type-simple"},"yoast_head":"<!-- This site is optimized with the Yoast SEO Premium plugin v26.2 (Yoast SEO v27.4) - https:\/\/yoast.com\/product\/yoast-seo-premium-wordpress\/ -->\n<title>Pistoni Baule Grande Punto | Gastac Gas Spring<\/title>\n<meta name=\"robots\" content=\"index, follow, max-snippet:-1, max-image-preview:large, max-video-preview:-1\" \/>\n<link rel=\"canonical\" href=\"https:\/\/www.gastac.com\/it\/prodotto\/pistoni-baule-grande-punto\/\" \/>\n<meta property=\"og:locale\" content=\"it_IT\" \/>\n<meta property=\"og:type\" content=\"article\" \/>\n<meta property=\"og:title\" content=\"Pistoni Baule Grande Punto\" \/>\n<meta property=\"og:description\" content=\"Pistoni baule grande punto Pistoni baule grande punto (noto anche come molle a gas portellone grande punto) \u00e8 utilizzato per [...]\" \/>\n<meta property=\"og:url\" content=\"https:\/\/www.gastac.com\/it\/prodotto\/pistoni-baule-grande-punto\/\" \/>\n<meta property=\"og:site_name\" content=\"Gastac Gas Spring\" \/>\n<meta property=\"article:publisher\" content=\"https:\/\/www.facebook.com\/profile.php?id=100092358464608\" \/>\n<meta property=\"article:modified_time\" content=\"2025-12-01T08:36:41+00:00\" \/>\n<meta property=\"og:image\" content=\"https:\/\/www.gastac.com\/wp-content\/uploads\/2025\/12\/gasdruckdampfer-heckklappe-600x570-1.webp\" \/>\n\t<meta property=\"og:image:width\" content=\"600\" \/>\n\t<meta property=\"og:image:height\" content=\"570\" \/>\n\t<meta property=\"og:image:type\" content=\"image\/webp\" \/>\n<meta name=\"twitter:card\" content=\"summary_large_image\" \/>\n<meta name=\"twitter:label1\" content=\"Tempo di lettura stimato\" \/>\n\t<meta name=\"twitter:data1\" content=\"1 minuto\" \/>\n<script type=\"application\/ld+json\" class=\"yoast-schema-graph\">{\"@context\":\"https:\\\/\\\/schema.org\",\"@graph\":[{\"@type\":\"WebPage\",\"@id\":\"https:\\\/\\\/www.gastac.com\\\/it\\\/prodotto\\\/pistoni-baule-grande-punto\\\/\",\"url\":\"https:\\\/\\\/www.gastac.com\\\/it\\\/prodotto\\\/pistoni-baule-grande-punto\\\/\",\"name\":\"Pistoni Baule Grande Punto | Gastac Gas Spring\",\"isPartOf\":{\"@id\":\"https:\\\/\\\/www.gastac.com\\\/it\\\/#website\"},\"primaryImageOfPage\":{\"@id\":\"https:\\\/\\\/www.gastac.com\\\/it\\\/prodotto\\\/pistoni-baule-grande-punto\\\/#primaryimage\"},\"image\":{\"@id\":\"https:\\\/\\\/www.gastac.com\\\/it\\\/prodotto\\\/pistoni-baule-grande-punto\\\/#primaryimage\"},\"thumbnailUrl\":\"https:\\\/\\\/www.gastac.com\\\/wp-content\\\/uploads\\\/2025\\\/12\\\/gasdruckdampfer-heckklappe-600x570-1.webp\",\"datePublished\":\"2025-12-01T08:36:40+00:00\",\"dateModified\":\"2025-12-01T08:36:41+00:00\",\"breadcrumb\":{\"@id\":\"https:\\\/\\\/www.gastac.com\\\/it\\\/prodotto\\\/pistoni-baule-grande-punto\\\/#breadcrumb\"},\"inLanguage\":\"it-IT\",\"potentialAction\":[{\"@type\":\"ReadAction\",\"target\":[\"https:\\\/\\\/www.gastac.com\\\/it\\\/prodotto\\\/pistoni-baule-grande-punto\\\/\"]}]},{\"@type\":\"ImageObject\",\"inLanguage\":\"it-IT\",\"@id\":\"https:\\\/\\\/www.gastac.com\\\/it\\\/prodotto\\\/pistoni-baule-grande-punto\\\/#primaryimage\",\"url\":\"https:\\\/\\\/www.gastac.com\\\/wp-content\\\/uploads\\\/2025\\\/12\\\/gasdruckdampfer-heckklappe-600x570-1.webp\",\"contentUrl\":\"https:\\\/\\\/www.gastac.com\\\/wp-content\\\/uploads\\\/2025\\\/12\\\/gasdruckdampfer-heckklappe-600x570-1.webp\",\"width\":600,\"height\":570,\"caption\":\"gasdruckdampfer heckklappe 600x570 1\"},{\"@type\":\"BreadcrumbList\",\"@id\":\"https:\\\/\\\/www.gastac.com\\\/it\\\/prodotto\\\/pistoni-baule-grande-punto\\\/#breadcrumb\",\"itemListElement\":[{\"@type\":\"ListItem\",\"position\":1,\"name\":\"Home\",\"item\":\"https:\\\/\\\/www.gastac.com\\\/it\\\/\"},{\"@type\":\"ListItem\",\"position\":2,\"name\":\"products\",\"item\":\"https:\\\/\\\/www.gastac.com\\\/it\\\/products\\\/\"},{\"@type\":\"ListItem\",\"position\":3,\"name\":\"Pistoni Baule Grande Punto\"}]},{\"@type\":\"WebSite\",\"@id\":\"https:\\\/\\\/www.gastac.com\\\/it\\\/#website\",\"url\":\"https:\\\/\\\/www.gastac.com\\\/it\\\/\",\"name\":\"Gastac Gas Spring\",\"description\":\"China\u2019s Leading Gas Springs &amp; Struts Manufacturer\",\"publisher\":{\"@id\":\"https:\\\/\\\/www.gastac.com\\\/it\\\/#organization\"},\"potentialAction\":[{\"@type\":\"SearchAction\",\"target\":{\"@type\":\"EntryPoint\",\"urlTemplate\":\"https:\\\/\\\/www.gastac.com\\\/it\\\/?s={search_term_string}\"},\"query-input\":{\"@type\":\"PropertyValueSpecification\",\"valueRequired\":true,\"valueName\":\"search_term_string\"}}],\"inLanguage\":\"it-IT\"},{\"@type\":\"Organization\",\"@id\":\"https:\\\/\\\/www.gastac.com\\\/it\\\/#organization\",\"name\":\"Ningbo Gastac Gas Spring Co.,Ltd\",\"url\":\"https:\\\/\\\/www.gastac.com\\\/it\\\/\",\"logo\":{\"@type\":\"ImageObject\",\"inLanguage\":\"it-IT\",\"@id\":\"https:\\\/\\\/www.gastac.com\\\/it\\\/#\\\/schema\\\/logo\\\/image\\\/\",\"url\":\"https:\\\/\\\/www.gastac.com\\\/wp-content\\\/uploads\\\/2025\\\/09\\\/LOGO\u672c\u8272-\u9ed1.webp\",\"contentUrl\":\"https:\\\/\\\/www.gastac.com\\\/wp-content\\\/uploads\\\/2025\\\/09\\\/LOGO\u672c\u8272-\u9ed1.webp\",\"width\":1920,\"height\":1080,\"caption\":\"Ningbo Gastac Gas Spring Co.,Ltd\"},\"image\":{\"@id\":\"https:\\\/\\\/www.gastac.com\\\/it\\\/#\\\/schema\\\/logo\\\/image\\\/\"},\"sameAs\":[\"https:\\\/\\\/www.facebook.com\\\/profile.php?id=100092358464608\",\"https:\\\/\\\/www.youtube.com\\\/@Gastac-Gas-Spring\",\"https:\\\/\\\/www.linkedin.com\\\/in\\\/gastac-gas-spring\\\/\",\"https:\\\/\\\/www.instagram.com\\\/gastacgasspring\\\/\"]}]}<\/script>\n<!-- \/ Yoast SEO Premium plugin. -->","yoast_head_json":{"title":"Pistoni Baule Grande Punto | Gastac Gas Spring","robots":{"index":"index","follow":"follow","max-snippet":"max-snippet:-1","max-image-preview":"max-image-preview:large","max-video-preview":"max-video-preview:-1"},"canonical":"https:\/\/www.gastac.com\/it\/prodotto\/pistoni-baule-grande-punto\/","og_locale":"it_IT","og_type":"article","og_title":"Pistoni Baule Grande Punto","og_description":"Pistoni baule grande punto Pistoni baule grande punto (noto anche come molle a gas portellone grande punto) \u00e8 utilizzato per [...]","og_url":"https:\/\/www.gastac.com\/it\/prodotto\/pistoni-baule-grande-punto\/","og_site_name":"Gastac Gas Spring","article_publisher":"https:\/\/www.facebook.com\/profile.php?id=100092358464608","article_modified_time":"2025-12-01T08:36:41+00:00","og_image":[{"width":600,"height":570,"url":"https:\/\/www.gastac.com\/wp-content\/uploads\/2025\/12\/gasdruckdampfer-heckklappe-600x570-1.webp","type":"image\/webp"}],"twitter_card":"summary_large_image","twitter_misc":{"Tempo di lettura stimato":"1 minuto"},"schema":{"@context":"https:\/\/schema.org","@graph":[{"@type":"WebPage","@id":"https:\/\/www.gastac.com\/it\/prodotto\/pistoni-baule-grande-punto\/","url":"https:\/\/www.gastac.com\/it\/prodotto\/pistoni-baule-grande-punto\/","name":"Pistoni Baule Grande Punto | Gastac Gas Spring","isPartOf":{"@id":"https:\/\/www.gastac.com\/it\/#website"},"primaryImageOfPage":{"@id":"https:\/\/www.gastac.com\/it\/prodotto\/pistoni-baule-grande-punto\/#primaryimage"},"image":{"@id":"https:\/\/www.gastac.com\/it\/prodotto\/pistoni-baule-grande-punto\/#primaryimage"},"thumbnailUrl":"https:\/\/www.gastac.com\/wp-content\/uploads\/2025\/12\/gasdruckdampfer-heckklappe-600x570-1.webp","datePublished":"2025-12-01T08:36:40+00:00","dateModified":"2025-12-01T08:36:41+00:00","breadcrumb":{"@id":"https:\/\/www.gastac.com\/it\/prodotto\/pistoni-baule-grande-punto\/#breadcrumb"},"inLanguage":"it-IT","potentialAction":[{"@type":"ReadAction","target":["https:\/\/www.gastac.com\/it\/prodotto\/pistoni-baule-grande-punto\/"]}]},{"@type":"ImageObject","inLanguage":"it-IT","@id":"https:\/\/www.gastac.com\/it\/prodotto\/pistoni-baule-grande-punto\/#primaryimage","url":"https:\/\/www.gastac.com\/wp-content\/uploads\/2025\/12\/gasdruckdampfer-heckklappe-600x570-1.webp","contentUrl":"https:\/\/www.gastac.com\/wp-content\/uploads\/2025\/12\/gasdruckdampfer-heckklappe-600x570-1.webp","width":600,"height":570,"caption":"gasdruckdampfer heckklappe 600x570 1"},{"@type":"BreadcrumbList","@id":"https:\/\/www.gastac.com\/it\/prodotto\/pistoni-baule-grande-punto\/#breadcrumb","itemListElement":[{"@type":"ListItem","position":1,"name":"Home","item":"https:\/\/www.gastac.com\/it\/"},{"@type":"ListItem","position":2,"name":"products","item":"https:\/\/www.gastac.com\/it\/products\/"},{"@type":"ListItem","position":3,"name":"Pistoni Baule Grande Punto"}]},{"@type":"WebSite","@id":"https:\/\/www.gastac.com\/it\/#website","url":"https:\/\/www.gastac.com\/it\/","name":"Gastac Gas Spring","description":"China\u2019s Leading Gas Springs &amp; Struts Manufacturer","publisher":{"@id":"https:\/\/www.gastac.com\/it\/#organization"},"potentialAction":[{"@type":"SearchAction","target":{"@type":"EntryPoint","urlTemplate":"https:\/\/www.gastac.com\/it\/?s={search_term_string}"},"query-input":{"@type":"PropertyValueSpecification","valueRequired":true,"valueName":"search_term_string"}}],"inLanguage":"it-IT"},{"@type":"Organization","@id":"https:\/\/www.gastac.com\/it\/#organization","name":"Ningbo Gastac Gas Spring Co.,Ltd","url":"https:\/\/www.gastac.com\/it\/","logo":{"@type":"ImageObject","inLanguage":"it-IT","@id":"https:\/\/www.gastac.com\/it\/#\/schema\/logo\/image\/","url":"https:\/\/www.gastac.com\/wp-content\/uploads\/2025\/09\/LOGO\u672c\u8272-\u9ed1.webp","contentUrl":"https:\/\/www.gastac.com\/wp-content\/uploads\/2025\/09\/LOGO\u672c\u8272-\u9ed1.webp","width":1920,"height":1080,"caption":"Ningbo Gastac Gas Spring Co.,Ltd"},"image":{"@id":"https:\/\/www.gastac.com\/it\/#\/schema\/logo\/image\/"},"sameAs":["https:\/\/www.facebook.com\/profile.php?id=100092358464608","https:\/\/www.youtube.com\/@Gastac-Gas-Spring","https:\/\/www.linkedin.com\/in\/gastac-gas-spring\/","https:\/\/www.instagram.com\/gastacgasspring\/"]}]}},"_links":{"self":[{"href":"https:\/\/www.gastac.com\/it\/wp-json\/wp\/v2\/product\/24917","targetHints":{"allow":["GET"]}}],"collection":[{"href":"https:\/\/www.gastac.com\/it\/wp-json\/wp\/v2\/product"}],"about":[{"href":"https:\/\/www.gastac.com\/it\/wp-json\/wp\/v2\/types\/product"}],"replies":[{"embeddable":true,"href":"https:\/\/www.gastac.com\/it\/wp-json\/wp\/v2\/comments?post=24917"}],"wp:featuredmedia":[{"embeddable":true,"href":"https:\/\/www.gastac.com\/it\/wp-json\/wp\/v2\/media\/24918"}],"wp:attachment":[{"href":"https:\/\/www.gastac.com\/it\/wp-json\/wp\/v2\/media?parent=24917"}],"wp:term":[{"taxonomy":"product_brand","embeddable":true,"href":"https:\/\/www.gastac.com\/it\/wp-json\/wp\/v2\/product_brand?post=24917"},{"taxonomy":"product_cat","embeddable":true,"href":"https:\/\/www.gastac.com\/it\/wp-json\/wp\/v2\/product_cat?post=24917"},{"taxonomy":"product_tag","embeddable":true,"href":"https:\/\/www.gastac.com\/it\/wp-json\/wp\/v2\/product_tag?post=24917"}],"curies":[{"name":"wp","href":"https:\/\/api.w.org\/{rel}","templated":true}]}}