{"id":24898,"date":"2025-12-01T08:32:25","date_gmt":"2025-12-01T08:32:25","guid":{"rendered":"https:\/\/www.gastac.com\/?post_type=product&#038;p=24898"},"modified":"2025-12-01T08:32:26","modified_gmt":"2025-12-01T08:32:26","slug":"pistoni-portellone-ford-focus","status":"publish","type":"product","link":"https:\/\/www.gastac.com\/it\/prodotto\/pistoni-portellone-ford-focus\/","title":{"rendered":"Pistoni Portellone Ford Focus"},"content":{"rendered":"<p><strong>Pistoni portellone ford focus<\/strong><\/p>\n<p>&nbsp;<\/p>\n<p>Pistoni Portellone Ford Focus (noto anche come ammortizzatori portellone ford focus) viene utilizzato per sostenere il portellone, e ammortizzatori portellone ford focus viene utilizzato come elemento della carrozzeria per far aprire e chiudere dolcemente e senza intoppi il bagagliaio della Ford Focus.<\/p>\n<p>&nbsp;<\/p>\n<p>Pistoni Portellone Ford Focus non scomponibili, ammortizzatori portellone posteriore ford focus sw non riparabili. Se le parti vengono manomesse, il fluido operativo potrebbe fuoriuscire. Questo problema pu\u00f2 essere rilevato immediatamente anche con una semplice ispezione visiva. Esiste anche il rischio di lesioni dovute all\u2019elevata pressione del gas all\u2019interno del meccanismo.<\/p>\n<p>&nbsp;<\/p>\n<p>Quando il portellone scricchiola quando viene aperto, o il bagagliaio non pu\u00f2 essere aperto facilmente e il bagagliaio non pu\u00f2 essere aperto nella posizione pi\u00f9 alta, significa che il portellone dei pistoni ford focus si \u00e8 guastato e la molla a gas deve essere sostituita in tempo per far ripartire i pistoncini portellone ford focus Funzionamento normale, il portellone si apre e si richiude tornando normale.<\/p>\n<p>&nbsp;<\/p>\n<p>Se desideri acquistare pizzani portellone ford focus pi\u00f9 economico, effettua un ordine nel nostro negozio online. Non solo economico ma anche veloce. L\u2019acquisto online richiede pochi minuti, il nostro team evader\u00e0 rapidamente il tuo ordine e spedir\u00e0 i tuoi ammortizzatori portellone posteriore ford focus sw.<\/p>\n<p>&nbsp;<\/p>\n<p><strong><b>P<\/b><\/strong><strong><b>istoni\u00a0<\/b><\/strong><strong><b>P<\/b><\/strong><strong><b>ortellone\u00a0<\/b><\/strong><strong><b>F<\/b><\/strong><strong><b>ord\u00a0<\/b><\/strong><strong><b>F<\/b><\/strong><strong><b>ocus<\/b><\/strong><strong><b>\u00a0<\/b><\/strong><strong><b>Modelli\u00a0<\/b><\/strong><strong><b>A<\/b><\/strong><strong><b>pplicabili<\/b><\/strong><\/p>\n<p>&nbsp;<\/p>\n<p>Ford Focus Mk1<\/p>\n<p>Pistoncini portellone per FORD Focus Mk1 Hatchback (DAW, DBW)<\/p>\n<p>Ammortizzatore portellone posteriore per Focus Mk1 Station Wagon (DNW)<\/p>\n<p>FOCUS Tre volumi (DFW)<\/p>\n<p>Focus Mk1 Van \/ Station Wagon (DNW)<\/p>\n<p>&nbsp;<\/p>\n<p>Ford Focus Mk3<\/p>\n<p>Pistoncini portellone per FORD Focus Mk3 Hatchback (DYB)<\/p>\n<p>Ammortizzatore portellone posteriore per Focus Mk3 Station Wagon (DYB)<\/p>\n<p>FOCUS III Tre volumi<\/p>\n<p>FOCUS III Cassone \/ coda spiovente<\/p>\n<p>Focus Mk3 Van \/ Station Wagon (DYB)<\/p>\n<p>&nbsp;<\/p>\n<p>Ford Focus Mk2<\/p>\n<p>Pistoncini portellone per FORD Focus Mk2 Hatchback (DA_, HCP, DP)<\/p>\n<p>Ammortizzatore portellone posteriore per Focus Mk2 Station Wagon (DA_, FFS, DS)<\/p>\n<p>Focus II Sedan (DB_, FCH, DH)<\/p>\n<p>FOCUS II Cabriolet<\/p>\n<p>Focus Mk2 Van \/ Station Wagon<\/p>\n<p>&nbsp;<\/p>\n<p>Ford Focus Mk4<\/p>\n<p>Pistoncini portellone per FORD Focus Mk4 Hatchback (HN)<\/p>\n<p>Ford Focus C-Max<\/p>\n<p>Pistoncini portellone per FORD Focus C-Max (DM2)<br \/>\n<img decoding=\"async\" class=\"lazyload aligncenter\" src=\"data:image\/svg+xml,%3Csvg%20xmlns%3D%27http%3A%2F%2Fwww.w3.org%2F2000%2Fsvg%27%20width%3D%27835%27%20height%3D%27305%27%20viewBox%3D%270%200%20835%20305%27%3E%3Crect%20width%3D%27835%27%20height%3D%27305%27%20fill-opacity%3D%220%22%2F%3E%3C%2Fsvg%3E\" data-orig-src=\"https:\/\/www.gastac-com-591077.hostingersite.com\/wp-content\/uploads\/2023\/06\/Pistoni-portellone-ford-focus.png\" alt=\"Pistoni portellone ford focus \" width=\"835\" height=\"305\" \/><\/p>\n","protected":false},"excerpt":{"rendered":"<p>Pistoni portellone ford focus &nbsp; Pistoni Portellone Ford Focus (noto anche come ammortizzatori portellone ford focus) viene utilizzato per sostenere  [&#8230;]<\/p>\n","protected":false},"featured_media":24899,"comment_status":"open","ping_status":"closed","template":"","meta":[],"product_brand":[],"product_cat":[],"product_tag":[],"class_list":{"0":"post-24898","1":"product","2":"type-product","3":"status-publish","4":"has-post-thumbnail","7":"first","8":"instock","9":"shipping-taxable","10":"product-type-simple"},"yoast_head":"<!-- This site is optimized with the Yoast SEO Premium plugin v26.2 (Yoast SEO v27.4) - https:\/\/yoast.com\/product\/yoast-seo-premium-wordpress\/ -->\n<title>Pistoni Portellone Ford Focus | Gastac Gas Spring<\/title>\n<meta name=\"robots\" content=\"index, follow, max-snippet:-1, max-image-preview:large, max-video-preview:-1\" \/>\n<link rel=\"canonical\" href=\"https:\/\/www.gastac.com\/it\/prodotto\/pistoni-portellone-ford-focus\/\" \/>\n<meta property=\"og:locale\" content=\"it_IT\" \/>\n<meta property=\"og:type\" content=\"article\" \/>\n<meta property=\"og:title\" content=\"Pistoni Portellone Ford Focus\" \/>\n<meta property=\"og:description\" content=\"Pistoni portellone ford focus &nbsp; Pistoni Portellone Ford Focus (noto anche come ammortizzatori portellone ford focus) viene utilizzato per sostenere [...]\" \/>\n<meta property=\"og:url\" content=\"https:\/\/www.gastac.com\/it\/prodotto\/pistoni-portellone-ford-focus\/\" \/>\n<meta property=\"og:site_name\" content=\"Gastac Gas Spring\" \/>\n<meta property=\"article:publisher\" content=\"https:\/\/www.facebook.com\/profile.php?id=100092358464608\" \/>\n<meta property=\"article:modified_time\" content=\"2025-12-01T08:32:26+00:00\" \/>\n<meta property=\"og:image\" content=\"https:\/\/www.gastac.com\/wp-content\/uploads\/2025\/12\/ammortizzatore-portellone-posteriore-panda.webp\" \/>\n\t<meta property=\"og:image:width\" content=\"283\" \/>\n\t<meta property=\"og:image:height\" content=\"283\" \/>\n\t<meta property=\"og:image:type\" content=\"image\/webp\" \/>\n<meta name=\"twitter:card\" content=\"summary_large_image\" \/>\n<meta name=\"twitter:label1\" content=\"Tempo di lettura stimato\" \/>\n\t<meta name=\"twitter:data1\" content=\"1 minuto\" \/>\n<script type=\"application\/ld+json\" class=\"yoast-schema-graph\">{\"@context\":\"https:\\\/\\\/schema.org\",\"@graph\":[{\"@type\":\"WebPage\",\"@id\":\"https:\\\/\\\/www.gastac.com\\\/it\\\/prodotto\\\/pistoni-portellone-ford-focus\\\/\",\"url\":\"https:\\\/\\\/www.gastac.com\\\/it\\\/prodotto\\\/pistoni-portellone-ford-focus\\\/\",\"name\":\"Pistoni Portellone Ford Focus | Gastac Gas Spring\",\"isPartOf\":{\"@id\":\"https:\\\/\\\/www.gastac.com\\\/it\\\/#website\"},\"primaryImageOfPage\":{\"@id\":\"https:\\\/\\\/www.gastac.com\\\/it\\\/prodotto\\\/pistoni-portellone-ford-focus\\\/#primaryimage\"},\"image\":{\"@id\":\"https:\\\/\\\/www.gastac.com\\\/it\\\/prodotto\\\/pistoni-portellone-ford-focus\\\/#primaryimage\"},\"thumbnailUrl\":\"https:\\\/\\\/www.gastac.com\\\/wp-content\\\/uploads\\\/2025\\\/12\\\/ammortizzatore-portellone-posteriore-panda.webp\",\"datePublished\":\"2025-12-01T08:32:25+00:00\",\"dateModified\":\"2025-12-01T08:32:26+00:00\",\"breadcrumb\":{\"@id\":\"https:\\\/\\\/www.gastac.com\\\/it\\\/prodotto\\\/pistoni-portellone-ford-focus\\\/#breadcrumb\"},\"inLanguage\":\"it-IT\",\"potentialAction\":[{\"@type\":\"ReadAction\",\"target\":[\"https:\\\/\\\/www.gastac.com\\\/it\\\/prodotto\\\/pistoni-portellone-ford-focus\\\/\"]}]},{\"@type\":\"ImageObject\",\"inLanguage\":\"it-IT\",\"@id\":\"https:\\\/\\\/www.gastac.com\\\/it\\\/prodotto\\\/pistoni-portellone-ford-focus\\\/#primaryimage\",\"url\":\"https:\\\/\\\/www.gastac.com\\\/wp-content\\\/uploads\\\/2025\\\/12\\\/ammortizzatore-portellone-posteriore-panda.webp\",\"contentUrl\":\"https:\\\/\\\/www.gastac.com\\\/wp-content\\\/uploads\\\/2025\\\/12\\\/ammortizzatore-portellone-posteriore-panda.webp\",\"width\":283,\"height\":283,\"caption\":\"ammortizzatore portellone posteriore panda\"},{\"@type\":\"BreadcrumbList\",\"@id\":\"https:\\\/\\\/www.gastac.com\\\/it\\\/prodotto\\\/pistoni-portellone-ford-focus\\\/#breadcrumb\",\"itemListElement\":[{\"@type\":\"ListItem\",\"position\":1,\"name\":\"Home\",\"item\":\"https:\\\/\\\/www.gastac.com\\\/it\\\/\"},{\"@type\":\"ListItem\",\"position\":2,\"name\":\"products\",\"item\":\"https:\\\/\\\/www.gastac.com\\\/it\\\/products\\\/\"},{\"@type\":\"ListItem\",\"position\":3,\"name\":\"Pistoni Portellone Ford Focus\"}]},{\"@type\":\"WebSite\",\"@id\":\"https:\\\/\\\/www.gastac.com\\\/it\\\/#website\",\"url\":\"https:\\\/\\\/www.gastac.com\\\/it\\\/\",\"name\":\"Gastac Gas Spring\",\"description\":\"China\u2019s Leading Gas Springs &amp; Struts Manufacturer\",\"publisher\":{\"@id\":\"https:\\\/\\\/www.gastac.com\\\/it\\\/#organization\"},\"potentialAction\":[{\"@type\":\"SearchAction\",\"target\":{\"@type\":\"EntryPoint\",\"urlTemplate\":\"https:\\\/\\\/www.gastac.com\\\/it\\\/?s={search_term_string}\"},\"query-input\":{\"@type\":\"PropertyValueSpecification\",\"valueRequired\":true,\"valueName\":\"search_term_string\"}}],\"inLanguage\":\"it-IT\"},{\"@type\":\"Organization\",\"@id\":\"https:\\\/\\\/www.gastac.com\\\/it\\\/#organization\",\"name\":\"Ningbo Gastac Gas Spring Co.,Ltd\",\"url\":\"https:\\\/\\\/www.gastac.com\\\/it\\\/\",\"logo\":{\"@type\":\"ImageObject\",\"inLanguage\":\"it-IT\",\"@id\":\"https:\\\/\\\/www.gastac.com\\\/it\\\/#\\\/schema\\\/logo\\\/image\\\/\",\"url\":\"https:\\\/\\\/www.gastac.com\\\/wp-content\\\/uploads\\\/2025\\\/09\\\/LOGO\u672c\u8272-\u9ed1.webp\",\"contentUrl\":\"https:\\\/\\\/www.gastac.com\\\/wp-content\\\/uploads\\\/2025\\\/09\\\/LOGO\u672c\u8272-\u9ed1.webp\",\"width\":1920,\"height\":1080,\"caption\":\"Ningbo Gastac Gas Spring Co.,Ltd\"},\"image\":{\"@id\":\"https:\\\/\\\/www.gastac.com\\\/it\\\/#\\\/schema\\\/logo\\\/image\\\/\"},\"sameAs\":[\"https:\\\/\\\/www.facebook.com\\\/profile.php?id=100092358464608\",\"https:\\\/\\\/www.youtube.com\\\/@Gastac-Gas-Spring\",\"https:\\\/\\\/www.linkedin.com\\\/in\\\/gastac-gas-spring\\\/\",\"https:\\\/\\\/www.instagram.com\\\/gastacgasspring\\\/\"]}]}<\/script>\n<!-- \/ Yoast SEO Premium plugin. -->","yoast_head_json":{"title":"Pistoni Portellone Ford Focus | Gastac Gas Spring","robots":{"index":"index","follow":"follow","max-snippet":"max-snippet:-1","max-image-preview":"max-image-preview:large","max-video-preview":"max-video-preview:-1"},"canonical":"https:\/\/www.gastac.com\/it\/prodotto\/pistoni-portellone-ford-focus\/","og_locale":"it_IT","og_type":"article","og_title":"Pistoni Portellone Ford Focus","og_description":"Pistoni portellone ford focus &nbsp; Pistoni Portellone Ford Focus (noto anche come ammortizzatori portellone ford focus) viene utilizzato per sostenere [...]","og_url":"https:\/\/www.gastac.com\/it\/prodotto\/pistoni-portellone-ford-focus\/","og_site_name":"Gastac Gas Spring","article_publisher":"https:\/\/www.facebook.com\/profile.php?id=100092358464608","article_modified_time":"2025-12-01T08:32:26+00:00","og_image":[{"width":283,"height":283,"url":"https:\/\/www.gastac.com\/wp-content\/uploads\/2025\/12\/ammortizzatore-portellone-posteriore-panda.webp","type":"image\/webp"}],"twitter_card":"summary_large_image","twitter_misc":{"Tempo di lettura stimato":"1 minuto"},"schema":{"@context":"https:\/\/schema.org","@graph":[{"@type":"WebPage","@id":"https:\/\/www.gastac.com\/it\/prodotto\/pistoni-portellone-ford-focus\/","url":"https:\/\/www.gastac.com\/it\/prodotto\/pistoni-portellone-ford-focus\/","name":"Pistoni Portellone Ford Focus | Gastac Gas Spring","isPartOf":{"@id":"https:\/\/www.gastac.com\/it\/#website"},"primaryImageOfPage":{"@id":"https:\/\/www.gastac.com\/it\/prodotto\/pistoni-portellone-ford-focus\/#primaryimage"},"image":{"@id":"https:\/\/www.gastac.com\/it\/prodotto\/pistoni-portellone-ford-focus\/#primaryimage"},"thumbnailUrl":"https:\/\/www.gastac.com\/wp-content\/uploads\/2025\/12\/ammortizzatore-portellone-posteriore-panda.webp","datePublished":"2025-12-01T08:32:25+00:00","dateModified":"2025-12-01T08:32:26+00:00","breadcrumb":{"@id":"https:\/\/www.gastac.com\/it\/prodotto\/pistoni-portellone-ford-focus\/#breadcrumb"},"inLanguage":"it-IT","potentialAction":[{"@type":"ReadAction","target":["https:\/\/www.gastac.com\/it\/prodotto\/pistoni-portellone-ford-focus\/"]}]},{"@type":"ImageObject","inLanguage":"it-IT","@id":"https:\/\/www.gastac.com\/it\/prodotto\/pistoni-portellone-ford-focus\/#primaryimage","url":"https:\/\/www.gastac.com\/wp-content\/uploads\/2025\/12\/ammortizzatore-portellone-posteriore-panda.webp","contentUrl":"https:\/\/www.gastac.com\/wp-content\/uploads\/2025\/12\/ammortizzatore-portellone-posteriore-panda.webp","width":283,"height":283,"caption":"ammortizzatore portellone posteriore panda"},{"@type":"BreadcrumbList","@id":"https:\/\/www.gastac.com\/it\/prodotto\/pistoni-portellone-ford-focus\/#breadcrumb","itemListElement":[{"@type":"ListItem","position":1,"name":"Home","item":"https:\/\/www.gastac.com\/it\/"},{"@type":"ListItem","position":2,"name":"products","item":"https:\/\/www.gastac.com\/it\/products\/"},{"@type":"ListItem","position":3,"name":"Pistoni Portellone Ford Focus"}]},{"@type":"WebSite","@id":"https:\/\/www.gastac.com\/it\/#website","url":"https:\/\/www.gastac.com\/it\/","name":"Gastac Gas Spring","description":"China\u2019s Leading Gas Springs &amp; Struts Manufacturer","publisher":{"@id":"https:\/\/www.gastac.com\/it\/#organization"},"potentialAction":[{"@type":"SearchAction","target":{"@type":"EntryPoint","urlTemplate":"https:\/\/www.gastac.com\/it\/?s={search_term_string}"},"query-input":{"@type":"PropertyValueSpecification","valueRequired":true,"valueName":"search_term_string"}}],"inLanguage":"it-IT"},{"@type":"Organization","@id":"https:\/\/www.gastac.com\/it\/#organization","name":"Ningbo Gastac Gas Spring Co.,Ltd","url":"https:\/\/www.gastac.com\/it\/","logo":{"@type":"ImageObject","inLanguage":"it-IT","@id":"https:\/\/www.gastac.com\/it\/#\/schema\/logo\/image\/","url":"https:\/\/www.gastac.com\/wp-content\/uploads\/2025\/09\/LOGO\u672c\u8272-\u9ed1.webp","contentUrl":"https:\/\/www.gastac.com\/wp-content\/uploads\/2025\/09\/LOGO\u672c\u8272-\u9ed1.webp","width":1920,"height":1080,"caption":"Ningbo Gastac Gas Spring Co.,Ltd"},"image":{"@id":"https:\/\/www.gastac.com\/it\/#\/schema\/logo\/image\/"},"sameAs":["https:\/\/www.facebook.com\/profile.php?id=100092358464608","https:\/\/www.youtube.com\/@Gastac-Gas-Spring","https:\/\/www.linkedin.com\/in\/gastac-gas-spring\/","https:\/\/www.instagram.com\/gastacgasspring\/"]}]}},"_links":{"self":[{"href":"https:\/\/www.gastac.com\/it\/wp-json\/wp\/v2\/product\/24898","targetHints":{"allow":["GET"]}}],"collection":[{"href":"https:\/\/www.gastac.com\/it\/wp-json\/wp\/v2\/product"}],"about":[{"href":"https:\/\/www.gastac.com\/it\/wp-json\/wp\/v2\/types\/product"}],"replies":[{"embeddable":true,"href":"https:\/\/www.gastac.com\/it\/wp-json\/wp\/v2\/comments?post=24898"}],"wp:featuredmedia":[{"embeddable":true,"href":"https:\/\/www.gastac.com\/it\/wp-json\/wp\/v2\/media\/24899"}],"wp:attachment":[{"href":"https:\/\/www.gastac.com\/it\/wp-json\/wp\/v2\/media?parent=24898"}],"wp:term":[{"taxonomy":"product_brand","embeddable":true,"href":"https:\/\/www.gastac.com\/it\/wp-json\/wp\/v2\/product_brand?post=24898"},{"taxonomy":"product_cat","embeddable":true,"href":"https:\/\/www.gastac.com\/it\/wp-json\/wp\/v2\/product_cat?post=24898"},{"taxonomy":"product_tag","embeddable":true,"href":"https:\/\/www.gastac.com\/it\/wp-json\/wp\/v2\/product_tag?post=24898"}],"curies":[{"name":"wp","href":"https:\/\/api.w.org\/{rel}","templated":true}]}}