{"id":24152,"date":"2025-11-24T03:28:20","date_gmt":"2025-11-24T03:28:20","guid":{"rendered":"https:\/\/www.gastac.com\/?post_type=product&#038;p=24152"},"modified":"2025-11-24T03:28:21","modified_gmt":"2025-11-24T03:28:21","slug":"stantuffi-per-mobili","status":"publish","type":"product","link":"https:\/\/www.gastac.com\/it\/prodotto\/stantuffi-per-mobili\/","title":{"rendered":"Stantuffi per mobili"},"content":{"rendered":"<p><strong>Stantuffi per mobili<\/strong><\/p>\n<p>Un montante a gas per cucina \u00e8 un tipo di meccanismo di supporto meccanico che viene utilizzato per aiutare ad aprire e chiudere porte, armadietti e altre attrezzature da cucina simili. I montanti per armadi funzionano utilizzando il gas compresso per fornire un movimento controllato e fluido, che facilita l\u2019apertura e la chiusura di ante e coperchi pesanti o scomodi.<\/p>\n<div>I montanti a gas per mobili da cucina sono costituiti da due componenti: un pistone e un cilindro riempiti di gas compresso. Quando il puntone \u00e8 esteso, il montante a gas per mobili da cucina all\u2019interno del cilindro contribuisce a creare una forza che spinge il pistone verso l\u2019esterno. Quando il puntone viene compresso, il sollevatore idraulico per armadietti da cucina all\u2019interno del cilindro viene compresso, creando una forza che spinge il pistone a rientrare nel cilindro.<br \/>\n<img decoding=\"async\" class=\"lazyload \" src=\"data:image\/svg+xml,%3Csvg%20xmlns%3D%27http%3A%2F%2Fwww.w3.org%2F2000%2Fsvg%27%20width%3D%27308%27%20height%3D%27308%27%20viewBox%3D%270%200%20308%20308%27%3E%3Crect%20width%3D%27308%27%20height%3D%27308%27%20fill-opacity%3D%220%22%2F%3E%3C%2Fsvg%3E\" data-orig-src=\"https:\/\/www.gastac.com\/wp-content\/uploads\/2023\/06\/pistone-per-mobili.png\" alt=\"Stantuffi per mobili \" width=\"308\" height=\"308\" \/><img decoding=\"async\" class=\"lazyload \" src=\"data:image\/svg+xml,%3Csvg%20xmlns%3D%27http%3A%2F%2Fwww.w3.org%2F2000%2Fsvg%27%20width%3D%27302%27%20height%3D%27302%27%20viewBox%3D%270%200%20302%20302%27%3E%3Crect%20width%3D%27302%27%20height%3D%27302%27%20fill-opacity%3D%220%22%2F%3E%3C%2Fsvg%3E\" data-orig-src=\"https:\/\/www.gastac.com\/wp-content\/uploads\/2023\/06\/stantuffi-per-mobili.png\" alt=\"Stantuffi per mobili \" width=\"302\" height=\"302\" \/><\/div>\n<div><\/div>\n<div>I sollevatori idraulici per armadietti sono comunemente utilizzati nelle cucine moderne perch\u00e9 offrono un design elegante e minimalista, facile da usare. Sono noti anche per la loro durata e longevit\u00e0, che li rende una scelta ideale per le cucine pi\u00f9 impegnative.<\/div>\n<p><strong>Applicazioni della molla a gas<\/strong><br \/>\n<img decoding=\"async\" class=\"lazyload \" src=\"data:image\/svg+xml,%3Csvg%20xmlns%3D%27http%3A%2F%2Fwww.w3.org%2F2000%2Fsvg%27%20width%3D%27352%27%20height%3D%27352%27%20viewBox%3D%270%200%20352%20352%27%3E%3Crect%20width%3D%27352%27%20height%3D%27352%27%20fill-opacity%3D%220%22%2F%3E%3C%2Fsvg%3E\" data-orig-src=\"https:\/\/www.gastac.com\/wp-content\/uploads\/2023\/06\/ammortizzatori-a-gas-per-mobili-600x600.jpg\" alt=\"Stantuffi per mobili \" width=\"352\" height=\"352\" \/><img class=\"lazyload\" decoding=\"async\" src=\"data:image\/gif;base64,R0lGODlhAQABAAAAACH5BAEKAAEALAAAAAABAAEAAAICTAEAOw==\" data-orig-src=\"https:\/\/www.gastac.com\/wp-content\/uploads\/2023\/06\/molle-a-gas-per-mobili-1.jpg\" alt=\"Stantuffi per mobili \" \/><\/p>\n","protected":false},"excerpt":{"rendered":"<p>Stantuffi per mobili Un montante a gas per cucina \u00e8 un tipo di meccanismo di supporto meccanico che viene utilizzato  [&#8230;]<\/p>\n","protected":false},"featured_media":24182,"comment_status":"open","ping_status":"closed","template":"","meta":[],"product_brand":[],"product_cat":[],"product_tag":[],"class_list":{"0":"post-24152","1":"product","2":"type-product","3":"status-publish","4":"has-post-thumbnail","7":"first","8":"instock","9":"shipping-taxable","10":"product-type-simple"},"yoast_head":"<!-- This site is optimized with the Yoast SEO Premium plugin v26.2 (Yoast SEO v27.4) - https:\/\/yoast.com\/product\/yoast-seo-premium-wordpress\/ -->\n<title>Stantuffi per mobili | Gastac Gas Spring<\/title>\n<meta name=\"robots\" content=\"index, follow, max-snippet:-1, max-image-preview:large, max-video-preview:-1\" \/>\n<link rel=\"canonical\" href=\"https:\/\/www.gastac.com\/it\/prodotto\/stantuffi-per-mobili\/\" \/>\n<meta property=\"og:locale\" content=\"it_IT\" \/>\n<meta property=\"og:type\" content=\"article\" \/>\n<meta property=\"og:title\" content=\"Stantuffi per mobili\" \/>\n<meta property=\"og:description\" content=\"Stantuffi per mobili Un montante a gas per cucina \u00e8 un tipo di meccanismo di supporto meccanico che viene utilizzato [...]\" \/>\n<meta property=\"og:url\" content=\"https:\/\/www.gastac.com\/it\/prodotto\/stantuffi-per-mobili\/\" \/>\n<meta property=\"og:site_name\" content=\"Gastac Gas Spring\" \/>\n<meta property=\"article:publisher\" content=\"https:\/\/www.facebook.com\/profile.php?id=100092358464608\" \/>\n<meta property=\"article:modified_time\" content=\"2025-11-24T03:28:21+00:00\" \/>\n<meta property=\"og:image\" content=\"https:\/\/www.gastac.com\/wp-content\/uploads\/2025\/11\/pistone-a-gas-per-mobili-2.webp\" \/>\n\t<meta property=\"og:image:width\" content=\"467\" \/>\n\t<meta property=\"og:image:height\" content=\"470\" \/>\n\t<meta property=\"og:image:type\" content=\"image\/webp\" \/>\n<meta name=\"twitter:card\" content=\"summary_large_image\" \/>\n<meta name=\"twitter:label1\" content=\"Tempo di lettura stimato\" \/>\n\t<meta name=\"twitter:data1\" content=\"1 minuto\" \/>\n<script type=\"application\/ld+json\" class=\"yoast-schema-graph\">{\"@context\":\"https:\\\/\\\/schema.org\",\"@graph\":[{\"@type\":\"WebPage\",\"@id\":\"https:\\\/\\\/www.gastac.com\\\/it\\\/prodotto\\\/stantuffi-per-mobili\\\/\",\"url\":\"https:\\\/\\\/www.gastac.com\\\/it\\\/prodotto\\\/stantuffi-per-mobili\\\/\",\"name\":\"Stantuffi per mobili | Gastac Gas Spring\",\"isPartOf\":{\"@id\":\"https:\\\/\\\/www.gastac.com\\\/it\\\/#website\"},\"primaryImageOfPage\":{\"@id\":\"https:\\\/\\\/www.gastac.com\\\/it\\\/prodotto\\\/stantuffi-per-mobili\\\/#primaryimage\"},\"image\":{\"@id\":\"https:\\\/\\\/www.gastac.com\\\/it\\\/prodotto\\\/stantuffi-per-mobili\\\/#primaryimage\"},\"thumbnailUrl\":\"https:\\\/\\\/www.gastac.com\\\/wp-content\\\/uploads\\\/2025\\\/11\\\/pistone-a-gas-per-mobili-2.webp\",\"datePublished\":\"2025-11-24T03:28:20+00:00\",\"dateModified\":\"2025-11-24T03:28:21+00:00\",\"breadcrumb\":{\"@id\":\"https:\\\/\\\/www.gastac.com\\\/it\\\/prodotto\\\/stantuffi-per-mobili\\\/#breadcrumb\"},\"inLanguage\":\"it-IT\",\"potentialAction\":[{\"@type\":\"ReadAction\",\"target\":[\"https:\\\/\\\/www.gastac.com\\\/it\\\/prodotto\\\/stantuffi-per-mobili\\\/\"]}]},{\"@type\":\"ImageObject\",\"inLanguage\":\"it-IT\",\"@id\":\"https:\\\/\\\/www.gastac.com\\\/it\\\/prodotto\\\/stantuffi-per-mobili\\\/#primaryimage\",\"url\":\"https:\\\/\\\/www.gastac.com\\\/wp-content\\\/uploads\\\/2025\\\/11\\\/pistone-a-gas-per-mobili-2.webp\",\"contentUrl\":\"https:\\\/\\\/www.gastac.com\\\/wp-content\\\/uploads\\\/2025\\\/11\\\/pistone-a-gas-per-mobili-2.webp\",\"width\":467,\"height\":470,\"caption\":\"pistone a gas per mobili\"},{\"@type\":\"BreadcrumbList\",\"@id\":\"https:\\\/\\\/www.gastac.com\\\/it\\\/prodotto\\\/stantuffi-per-mobili\\\/#breadcrumb\",\"itemListElement\":[{\"@type\":\"ListItem\",\"position\":1,\"name\":\"Home\",\"item\":\"https:\\\/\\\/www.gastac.com\\\/it\\\/\"},{\"@type\":\"ListItem\",\"position\":2,\"name\":\"products\",\"item\":\"https:\\\/\\\/www.gastac.com\\\/it\\\/products\\\/\"},{\"@type\":\"ListItem\",\"position\":3,\"name\":\"Stantuffi per mobili\"}]},{\"@type\":\"WebSite\",\"@id\":\"https:\\\/\\\/www.gastac.com\\\/it\\\/#website\",\"url\":\"https:\\\/\\\/www.gastac.com\\\/it\\\/\",\"name\":\"Gastac Gas Spring\",\"description\":\"China\u2019s Leading Gas Springs &amp; Struts Manufacturer\",\"publisher\":{\"@id\":\"https:\\\/\\\/www.gastac.com\\\/it\\\/#organization\"},\"potentialAction\":[{\"@type\":\"SearchAction\",\"target\":{\"@type\":\"EntryPoint\",\"urlTemplate\":\"https:\\\/\\\/www.gastac.com\\\/it\\\/?s={search_term_string}\"},\"query-input\":{\"@type\":\"PropertyValueSpecification\",\"valueRequired\":true,\"valueName\":\"search_term_string\"}}],\"inLanguage\":\"it-IT\"},{\"@type\":\"Organization\",\"@id\":\"https:\\\/\\\/www.gastac.com\\\/it\\\/#organization\",\"name\":\"Ningbo Gastac Gas Spring Co.,Ltd\",\"url\":\"https:\\\/\\\/www.gastac.com\\\/it\\\/\",\"logo\":{\"@type\":\"ImageObject\",\"inLanguage\":\"it-IT\",\"@id\":\"https:\\\/\\\/www.gastac.com\\\/it\\\/#\\\/schema\\\/logo\\\/image\\\/\",\"url\":\"https:\\\/\\\/www.gastac.com\\\/wp-content\\\/uploads\\\/2025\\\/09\\\/LOGO\u672c\u8272-\u9ed1.webp\",\"contentUrl\":\"https:\\\/\\\/www.gastac.com\\\/wp-content\\\/uploads\\\/2025\\\/09\\\/LOGO\u672c\u8272-\u9ed1.webp\",\"width\":1920,\"height\":1080,\"caption\":\"Ningbo Gastac Gas Spring Co.,Ltd\"},\"image\":{\"@id\":\"https:\\\/\\\/www.gastac.com\\\/it\\\/#\\\/schema\\\/logo\\\/image\\\/\"},\"sameAs\":[\"https:\\\/\\\/www.facebook.com\\\/profile.php?id=100092358464608\",\"https:\\\/\\\/www.youtube.com\\\/@Gastac-Gas-Spring\",\"https:\\\/\\\/www.linkedin.com\\\/in\\\/gastac-gas-spring\\\/\",\"https:\\\/\\\/www.instagram.com\\\/gastacgasspring\\\/\"]}]}<\/script>\n<!-- \/ Yoast SEO Premium plugin. -->","yoast_head_json":{"title":"Stantuffi per mobili | Gastac Gas Spring","robots":{"index":"index","follow":"follow","max-snippet":"max-snippet:-1","max-image-preview":"max-image-preview:large","max-video-preview":"max-video-preview:-1"},"canonical":"https:\/\/www.gastac.com\/it\/prodotto\/stantuffi-per-mobili\/","og_locale":"it_IT","og_type":"article","og_title":"Stantuffi per mobili","og_description":"Stantuffi per mobili Un montante a gas per cucina \u00e8 un tipo di meccanismo di supporto meccanico che viene utilizzato [...]","og_url":"https:\/\/www.gastac.com\/it\/prodotto\/stantuffi-per-mobili\/","og_site_name":"Gastac Gas Spring","article_publisher":"https:\/\/www.facebook.com\/profile.php?id=100092358464608","article_modified_time":"2025-11-24T03:28:21+00:00","og_image":[{"width":467,"height":470,"url":"https:\/\/www.gastac.com\/wp-content\/uploads\/2025\/11\/pistone-a-gas-per-mobili-2.webp","type":"image\/webp"}],"twitter_card":"summary_large_image","twitter_misc":{"Tempo di lettura stimato":"1 minuto"},"schema":{"@context":"https:\/\/schema.org","@graph":[{"@type":"WebPage","@id":"https:\/\/www.gastac.com\/it\/prodotto\/stantuffi-per-mobili\/","url":"https:\/\/www.gastac.com\/it\/prodotto\/stantuffi-per-mobili\/","name":"Stantuffi per mobili | Gastac Gas Spring","isPartOf":{"@id":"https:\/\/www.gastac.com\/it\/#website"},"primaryImageOfPage":{"@id":"https:\/\/www.gastac.com\/it\/prodotto\/stantuffi-per-mobili\/#primaryimage"},"image":{"@id":"https:\/\/www.gastac.com\/it\/prodotto\/stantuffi-per-mobili\/#primaryimage"},"thumbnailUrl":"https:\/\/www.gastac.com\/wp-content\/uploads\/2025\/11\/pistone-a-gas-per-mobili-2.webp","datePublished":"2025-11-24T03:28:20+00:00","dateModified":"2025-11-24T03:28:21+00:00","breadcrumb":{"@id":"https:\/\/www.gastac.com\/it\/prodotto\/stantuffi-per-mobili\/#breadcrumb"},"inLanguage":"it-IT","potentialAction":[{"@type":"ReadAction","target":["https:\/\/www.gastac.com\/it\/prodotto\/stantuffi-per-mobili\/"]}]},{"@type":"ImageObject","inLanguage":"it-IT","@id":"https:\/\/www.gastac.com\/it\/prodotto\/stantuffi-per-mobili\/#primaryimage","url":"https:\/\/www.gastac.com\/wp-content\/uploads\/2025\/11\/pistone-a-gas-per-mobili-2.webp","contentUrl":"https:\/\/www.gastac.com\/wp-content\/uploads\/2025\/11\/pistone-a-gas-per-mobili-2.webp","width":467,"height":470,"caption":"pistone a gas per mobili"},{"@type":"BreadcrumbList","@id":"https:\/\/www.gastac.com\/it\/prodotto\/stantuffi-per-mobili\/#breadcrumb","itemListElement":[{"@type":"ListItem","position":1,"name":"Home","item":"https:\/\/www.gastac.com\/it\/"},{"@type":"ListItem","position":2,"name":"products","item":"https:\/\/www.gastac.com\/it\/products\/"},{"@type":"ListItem","position":3,"name":"Stantuffi per mobili"}]},{"@type":"WebSite","@id":"https:\/\/www.gastac.com\/it\/#website","url":"https:\/\/www.gastac.com\/it\/","name":"Gastac Gas Spring","description":"China\u2019s Leading Gas Springs &amp; Struts Manufacturer","publisher":{"@id":"https:\/\/www.gastac.com\/it\/#organization"},"potentialAction":[{"@type":"SearchAction","target":{"@type":"EntryPoint","urlTemplate":"https:\/\/www.gastac.com\/it\/?s={search_term_string}"},"query-input":{"@type":"PropertyValueSpecification","valueRequired":true,"valueName":"search_term_string"}}],"inLanguage":"it-IT"},{"@type":"Organization","@id":"https:\/\/www.gastac.com\/it\/#organization","name":"Ningbo Gastac Gas Spring Co.,Ltd","url":"https:\/\/www.gastac.com\/it\/","logo":{"@type":"ImageObject","inLanguage":"it-IT","@id":"https:\/\/www.gastac.com\/it\/#\/schema\/logo\/image\/","url":"https:\/\/www.gastac.com\/wp-content\/uploads\/2025\/09\/LOGO\u672c\u8272-\u9ed1.webp","contentUrl":"https:\/\/www.gastac.com\/wp-content\/uploads\/2025\/09\/LOGO\u672c\u8272-\u9ed1.webp","width":1920,"height":1080,"caption":"Ningbo Gastac Gas Spring Co.,Ltd"},"image":{"@id":"https:\/\/www.gastac.com\/it\/#\/schema\/logo\/image\/"},"sameAs":["https:\/\/www.facebook.com\/profile.php?id=100092358464608","https:\/\/www.youtube.com\/@Gastac-Gas-Spring","https:\/\/www.linkedin.com\/in\/gastac-gas-spring\/","https:\/\/www.instagram.com\/gastacgasspring\/"]}]}},"_links":{"self":[{"href":"https:\/\/www.gastac.com\/it\/wp-json\/wp\/v2\/product\/24152","targetHints":{"allow":["GET"]}}],"collection":[{"href":"https:\/\/www.gastac.com\/it\/wp-json\/wp\/v2\/product"}],"about":[{"href":"https:\/\/www.gastac.com\/it\/wp-json\/wp\/v2\/types\/product"}],"replies":[{"embeddable":true,"href":"https:\/\/www.gastac.com\/it\/wp-json\/wp\/v2\/comments?post=24152"}],"wp:featuredmedia":[{"embeddable":true,"href":"https:\/\/www.gastac.com\/it\/wp-json\/wp\/v2\/media\/24182"}],"wp:attachment":[{"href":"https:\/\/www.gastac.com\/it\/wp-json\/wp\/v2\/media?parent=24152"}],"wp:term":[{"taxonomy":"product_brand","embeddable":true,"href":"https:\/\/www.gastac.com\/it\/wp-json\/wp\/v2\/product_brand?post=24152"},{"taxonomy":"product_cat","embeddable":true,"href":"https:\/\/www.gastac.com\/it\/wp-json\/wp\/v2\/product_cat?post=24152"},{"taxonomy":"product_tag","embeddable":true,"href":"https:\/\/www.gastac.com\/it\/wp-json\/wp\/v2\/product_tag?post=24152"}],"curies":[{"name":"wp","href":"https:\/\/api.w.org\/{rel}","templated":true}]}}