{"id":24097,"date":"2025-11-24T01:02:32","date_gmt":"2025-11-24T01:02:32","guid":{"rendered":"https:\/\/www.gastac.com\/?post_type=product&#038;p=24097"},"modified":"2025-11-24T01:04:39","modified_gmt":"2025-11-24T01:04:39","slug":"molle-a-gas-inox-316","status":"publish","type":"product","link":"https:\/\/www.gastac.com\/it\/prodotto\/molle-a-gas-inox-316\/","title":{"rendered":"Molle A Gas Inox 316"},"content":{"rendered":"<p><strong>Molle a gas inox 316<\/strong><\/p>\n<p>Molle a gas inox 316 \u00e8 un accumulatore pneumatico utilizzato principalmente per sollevare, tenere aperti e abbassare agevolmente sportelli, coperchi, coperchi e sportelli.<\/p>\n<p>Molle a gas inox 316 ha una maggiore resistenza alla corrosione rispetto alle tradizionali molle a gas. Molle a gas inox 316 \u00e8 particolarmente adatto per ambienti corrosivi particolarmente aggressivi, come quelli marini, chimici e altri.<br \/>\n<img decoding=\"async\" class=\"lazyload \" src=\"data:image\/svg+xml,%3Csvg%20xmlns%3D%27http%3A%2F%2Fwww.w3.org%2F2000%2Fsvg%27%20width%3D%27323%27%20height%3D%27323%27%20viewBox%3D%270%200%20323%20323%27%3E%3Crect%20width%3D%27323%27%20height%3D%27323%27%20fill-opacity%3D%220%22%2F%3E%3C%2Fsvg%3E\" data-orig-src=\"https:\/\/www.gastac.com\/wp-content\/uploads\/2023\/06\/molla-a-gas-inox-2.jpg\" alt=\"Molle A Gas Inox 316 \" width=\"323\" height=\"323\" \/><img decoding=\"async\" class=\"lazyload \" src=\"data:image\/svg+xml,%3Csvg%20xmlns%3D%27http%3A%2F%2Fwww.w3.org%2F2000%2Fsvg%27%20width%3D%27324%27%20height%3D%27324%27%20viewBox%3D%270%200%20324%20324%27%3E%3Crect%20width%3D%27324%27%20height%3D%27324%27%20fill-opacity%3D%220%22%2F%3E%3C%2Fsvg%3E\" data-orig-src=\"https:\/\/www.gastac.com\/wp-content\/uploads\/2023\/06\/molla-a-gas-inox.jpg\" alt=\"Molle A Gas Inox 316 \" width=\"324\" height=\"324\" \/><br \/>\nMolle a gas inox 316 non dotata di dispositivo di bloccaggio funziona come segue: Per differenza tra la pressione all\u2019interno del tubo e la pressione atmosferica, la pressione dell\u2019azoto compresso nel tubo fornisce la tensione della molla. Il gas scorre dalla camera di pressione pi\u00f9 alta del tubo alla camera di pressione pi\u00f9 bassa attraverso un foro autopulente nell\u2019asta del pistone, facendo sporgere l\u2019asta della molla dal tubo di pressione. Ogni tubo contiene una piccola quantit\u00e0 di olio per lubrificare le guarnizioni e le aste dei pistoni, nonch\u00e9 un mezzo di smorzamento per controllare la velocit\u00e0 di apertura del coperchio o del portello.<\/p>\n<p>illustrare<\/p>\n<ul>\n<li>Le superfici delle aste devono essere protette da danni fisici o chimici.<\/li>\n<li>Prestare attenzione per evitare carichi laterali.<\/li>\n<li>I perni dell\u2019attacco devono essere allineati.<\/li>\n<li>Le molle devono essere installate secondo le precedenti istruzioni di installazione, assicurando il corretto orientamento.<\/li>\n<li>Evitare di tirare forza oltre la forza di uscita indicata di ciascuna molla.<\/li>\n<li>Temperatura di esercizio \u2013 30\u00b0C e + 80\u00b0C.<\/li>\n<\/ul>\n<p><strong>Dimensioni di installazione delle molle a gas in acciaio inossidabile<\/strong><\/p>\n<table width=\"982\">\n<thead>\n<tr>\n<th align=\"left\">SPECIFICATION<\/th>\n<th align=\"left\">FORCE(N)<\/th>\n<th align=\"left\">STROKE(MM)<\/th>\n<th align=\"left\">C-C LENGTH(MM)<\/th>\n<th align=\"left\">CONNECTORS<\/th>\n<\/tr>\n<\/thead>\n<tbody>\n<tr>\n<td>YQ10-22-260-725(B-L)500N<\/td>\n<td>500<\/td>\n<td>260<\/td>\n<td>725<\/td>\n<td>B-L<\/td>\n<\/tr>\n<tr>\n<td>YQ10-22-213-570(B-B)700N<\/td>\n<td>700<\/td>\n<td>213<\/td>\n<td>570<\/td>\n<td>B-B<\/td>\n<\/tr>\n<tr>\n<td>YQ10-22-220-532(B-B)450N<\/td>\n<td>450<\/td>\n<td>220<\/td>\n<td>532<\/td>\n<td>B-B<\/td>\n<\/tr>\n<tr>\n<td>YQ10-22-248-585(O-O)650N<\/td>\n<td>650<\/td>\n<td>248<\/td>\n<td>585<\/td>\n<td>O-O<\/td>\n<\/tr>\n<tr>\n<td>YQ10-22-260-625(B-B)300N<\/td>\n<td>300<\/td>\n<td>260<\/td>\n<td>625<\/td>\n<td>B-B<\/td>\n<\/tr>\n<tr>\n<td>YQ10-22-170-560(U-U)450N<\/td>\n<td>450<\/td>\n<td>170<\/td>\n<td>560<\/td>\n<td>U-U<\/td>\n<\/tr>\n<tr>\n<td>YQ10-22-260-630(B-B)300N<\/td>\n<td>300<\/td>\n<td>260<\/td>\n<td>630<\/td>\n<td>B-B<\/td>\n<\/tr>\n<tr>\n<td>YQ10-22-250-593.5(O-O)550N<\/td>\n<td>550<\/td>\n<td>250<\/td>\n<td>593.5<\/td>\n<td>O-O<\/td>\n<\/tr>\n<tr>\n<td>YQ10-22-270-642(O-O)450N<\/td>\n<td>450<\/td>\n<td>270<\/td>\n<td>642<\/td>\n<td>O-O<\/td>\n<\/tr>\n<tr>\n<td>YQ10-22-298-690(B-B)600N<\/td>\n<td>600<\/td>\n<td>298<\/td>\n<td>690<\/td>\n<td>B-B<\/td>\n<\/tr>\n<tr>\n<td>YQ10-22-280-680(B-B)300N<\/td>\n<td>300<\/td>\n<td>280<\/td>\n<td>680<\/td>\n<td>B-B<\/td>\n<\/tr>\n<tr>\n<td>YQ10-22-233-632(O-O)530N<\/td>\n<td>530<\/td>\n<td>233<\/td>\n<td>632<\/td>\n<td>O-O<\/td>\n<\/tr>\n<\/tbody>\n<\/table>\n<p><strong>Applicazioni della molla a gas<\/strong><br \/>\n<img class=\"lazyload\" decoding=\"async\" src=\"data:image\/gif;base64,R0lGODlhAQABAAAAACH5BAEKAAEALAAAAAABAAEAAAICTAEAOw==\" data-orig-src=\"https:\/\/gastac.com\/wp-content\/uploads\/2023\/06\/molle-a-gas-inox-316-1-407x400.jpg\" alt=\"Molle A Gas Inox 316 \" \/><span data-mce-type=\"bookmark\" style=\"display: inline-block; width: 0px; overflow: hidden; line-height: 0;\" class=\"mce_SELRES_start\">\ufeff<\/span><img class=\"lazyload\" decoding=\"async\" src=\"data:image\/gif;base64,R0lGODlhAQABAAAAACH5BAEKAAEALAAAAAABAAEAAAICTAEAOw==\" data-orig-src=\"https:\/\/gastac.com\/wp-content\/uploads\/2023\/06\/molle-a-gas-inox-316-2.jpg\" alt=\"Molle A Gas Inox 316 \" \/><span data-mce-type=\"bookmark\" style=\"display: inline-block; width: 0px; overflow: hidden; line-height: 0;\" class=\"mce_SELRES_end\">\ufeff<\/span><\/p>\n","protected":false},"excerpt":{"rendered":"<p>Molle a gas inox 316 Molle a gas inox 316 \u00e8 un accumulatore pneumatico utilizzato principalmente per sollevare, tenere aperti  [&#8230;]<\/p>\n","protected":false},"featured_media":24099,"comment_status":"open","ping_status":"closed","template":"","meta":[],"product_brand":[],"product_cat":[],"product_tag":[],"class_list":{"0":"post-24097","1":"product","2":"type-product","3":"status-publish","4":"has-post-thumbnail","7":"first","8":"instock","9":"shipping-taxable","10":"product-type-simple"},"yoast_head":"<!-- This site is optimized with the Yoast SEO Premium plugin v26.2 (Yoast SEO v27.4) - https:\/\/yoast.com\/product\/yoast-seo-premium-wordpress\/ -->\n<title>Molle A Gas Inox 316 | Gastac Gas Spring<\/title>\n<meta name=\"robots\" content=\"index, follow, max-snippet:-1, max-image-preview:large, max-video-preview:-1\" \/>\n<link rel=\"canonical\" href=\"https:\/\/www.gastac.com\/it\/prodotto\/molle-a-gas-inox-316\/\" \/>\n<meta property=\"og:locale\" content=\"it_IT\" \/>\n<meta property=\"og:type\" content=\"article\" \/>\n<meta property=\"og:title\" content=\"Molle A Gas Inox 316\" \/>\n<meta property=\"og:description\" content=\"Molle a gas inox 316 Molle a gas inox 316 \u00e8 un accumulatore pneumatico utilizzato principalmente per sollevare, tenere aperti [...]\" \/>\n<meta property=\"og:url\" content=\"https:\/\/www.gastac.com\/it\/prodotto\/molle-a-gas-inox-316\/\" \/>\n<meta property=\"og:site_name\" content=\"Gastac Gas Spring\" \/>\n<meta property=\"article:publisher\" content=\"https:\/\/www.facebook.com\/profile.php?id=100092358464608\" \/>\n<meta property=\"article:modified_time\" content=\"2025-11-24T01:04:39+00:00\" \/>\n<meta property=\"og:image\" content=\"https:\/\/www.gastac.com\/wp-content\/uploads\/2025\/11\/molle-a-gas-in-acciaio-inox-1-600x600-4.webp\" \/>\n\t<meta property=\"og:image:width\" content=\"600\" \/>\n\t<meta property=\"og:image:height\" content=\"600\" \/>\n\t<meta property=\"og:image:type\" content=\"image\/webp\" \/>\n<meta name=\"twitter:card\" content=\"summary_large_image\" \/>\n<meta name=\"twitter:label1\" content=\"Tempo di lettura stimato\" \/>\n\t<meta name=\"twitter:data1\" content=\"3 minuti\" \/>\n<script type=\"application\/ld+json\" class=\"yoast-schema-graph\">{\"@context\":\"https:\\\/\\\/schema.org\",\"@graph\":[{\"@type\":\"WebPage\",\"@id\":\"https:\\\/\\\/www.gastac.com\\\/it\\\/prodotto\\\/molle-a-gas-inox-316\\\/\",\"url\":\"https:\\\/\\\/www.gastac.com\\\/it\\\/prodotto\\\/molle-a-gas-inox-316\\\/\",\"name\":\"Molle A Gas Inox 316 | Gastac Gas Spring\",\"isPartOf\":{\"@id\":\"https:\\\/\\\/www.gastac.com\\\/it\\\/#website\"},\"primaryImageOfPage\":{\"@id\":\"https:\\\/\\\/www.gastac.com\\\/it\\\/prodotto\\\/molle-a-gas-inox-316\\\/#primaryimage\"},\"image\":{\"@id\":\"https:\\\/\\\/www.gastac.com\\\/it\\\/prodotto\\\/molle-a-gas-inox-316\\\/#primaryimage\"},\"thumbnailUrl\":\"https:\\\/\\\/www.gastac.com\\\/wp-content\\\/uploads\\\/2025\\\/11\\\/molle-a-gas-in-acciaio-inox-1-600x600-4.webp\",\"datePublished\":\"2025-11-24T01:02:32+00:00\",\"dateModified\":\"2025-11-24T01:04:39+00:00\",\"breadcrumb\":{\"@id\":\"https:\\\/\\\/www.gastac.com\\\/it\\\/prodotto\\\/molle-a-gas-inox-316\\\/#breadcrumb\"},\"inLanguage\":\"it-IT\",\"potentialAction\":[{\"@type\":\"ReadAction\",\"target\":[\"https:\\\/\\\/www.gastac.com\\\/it\\\/prodotto\\\/molle-a-gas-inox-316\\\/\"]}]},{\"@type\":\"ImageObject\",\"inLanguage\":\"it-IT\",\"@id\":\"https:\\\/\\\/www.gastac.com\\\/it\\\/prodotto\\\/molle-a-gas-inox-316\\\/#primaryimage\",\"url\":\"https:\\\/\\\/www.gastac.com\\\/wp-content\\\/uploads\\\/2025\\\/11\\\/molle-a-gas-in-acciaio-inox-1-600x600-4.webp\",\"contentUrl\":\"https:\\\/\\\/www.gastac.com\\\/wp-content\\\/uploads\\\/2025\\\/11\\\/molle-a-gas-in-acciaio-inox-1-600x600-4.webp\",\"width\":600,\"height\":600,\"caption\":\"molle a gas in acciaio inox 1 600x600\"},{\"@type\":\"BreadcrumbList\",\"@id\":\"https:\\\/\\\/www.gastac.com\\\/it\\\/prodotto\\\/molle-a-gas-inox-316\\\/#breadcrumb\",\"itemListElement\":[{\"@type\":\"ListItem\",\"position\":1,\"name\":\"Home\",\"item\":\"https:\\\/\\\/www.gastac.com\\\/it\\\/\"},{\"@type\":\"ListItem\",\"position\":2,\"name\":\"products\",\"item\":\"https:\\\/\\\/www.gastac.com\\\/it\\\/products\\\/\"},{\"@type\":\"ListItem\",\"position\":3,\"name\":\"Molle A Gas Inox 316\"}]},{\"@type\":\"WebSite\",\"@id\":\"https:\\\/\\\/www.gastac.com\\\/it\\\/#website\",\"url\":\"https:\\\/\\\/www.gastac.com\\\/it\\\/\",\"name\":\"Gastac Gas Spring\",\"description\":\"China\u2019s Leading Gas Springs &amp; Struts Manufacturer\",\"publisher\":{\"@id\":\"https:\\\/\\\/www.gastac.com\\\/it\\\/#organization\"},\"potentialAction\":[{\"@type\":\"SearchAction\",\"target\":{\"@type\":\"EntryPoint\",\"urlTemplate\":\"https:\\\/\\\/www.gastac.com\\\/it\\\/?s={search_term_string}\"},\"query-input\":{\"@type\":\"PropertyValueSpecification\",\"valueRequired\":true,\"valueName\":\"search_term_string\"}}],\"inLanguage\":\"it-IT\"},{\"@type\":\"Organization\",\"@id\":\"https:\\\/\\\/www.gastac.com\\\/it\\\/#organization\",\"name\":\"Ningbo Gastac Gas Spring Co.,Ltd\",\"url\":\"https:\\\/\\\/www.gastac.com\\\/it\\\/\",\"logo\":{\"@type\":\"ImageObject\",\"inLanguage\":\"it-IT\",\"@id\":\"https:\\\/\\\/www.gastac.com\\\/it\\\/#\\\/schema\\\/logo\\\/image\\\/\",\"url\":\"https:\\\/\\\/www.gastac.com\\\/wp-content\\\/uploads\\\/2025\\\/09\\\/LOGO\u672c\u8272-\u9ed1.webp\",\"contentUrl\":\"https:\\\/\\\/www.gastac.com\\\/wp-content\\\/uploads\\\/2025\\\/09\\\/LOGO\u672c\u8272-\u9ed1.webp\",\"width\":1920,\"height\":1080,\"caption\":\"Ningbo Gastac Gas Spring Co.,Ltd\"},\"image\":{\"@id\":\"https:\\\/\\\/www.gastac.com\\\/it\\\/#\\\/schema\\\/logo\\\/image\\\/\"},\"sameAs\":[\"https:\\\/\\\/www.facebook.com\\\/profile.php?id=100092358464608\",\"https:\\\/\\\/www.youtube.com\\\/@Gastac-Gas-Spring\",\"https:\\\/\\\/www.linkedin.com\\\/in\\\/gastac-gas-spring\\\/\",\"https:\\\/\\\/www.instagram.com\\\/gastacgasspring\\\/\"]}]}<\/script>\n<!-- \/ Yoast SEO Premium plugin. -->","yoast_head_json":{"title":"Molle A Gas Inox 316 | Gastac Gas Spring","robots":{"index":"index","follow":"follow","max-snippet":"max-snippet:-1","max-image-preview":"max-image-preview:large","max-video-preview":"max-video-preview:-1"},"canonical":"https:\/\/www.gastac.com\/it\/prodotto\/molle-a-gas-inox-316\/","og_locale":"it_IT","og_type":"article","og_title":"Molle A Gas Inox 316","og_description":"Molle a gas inox 316 Molle a gas inox 316 \u00e8 un accumulatore pneumatico utilizzato principalmente per sollevare, tenere aperti [...]","og_url":"https:\/\/www.gastac.com\/it\/prodotto\/molle-a-gas-inox-316\/","og_site_name":"Gastac Gas Spring","article_publisher":"https:\/\/www.facebook.com\/profile.php?id=100092358464608","article_modified_time":"2025-11-24T01:04:39+00:00","og_image":[{"width":600,"height":600,"url":"https:\/\/www.gastac.com\/wp-content\/uploads\/2025\/11\/molle-a-gas-in-acciaio-inox-1-600x600-4.webp","type":"image\/webp"}],"twitter_card":"summary_large_image","twitter_misc":{"Tempo di lettura stimato":"3 minuti"},"schema":{"@context":"https:\/\/schema.org","@graph":[{"@type":"WebPage","@id":"https:\/\/www.gastac.com\/it\/prodotto\/molle-a-gas-inox-316\/","url":"https:\/\/www.gastac.com\/it\/prodotto\/molle-a-gas-inox-316\/","name":"Molle A Gas Inox 316 | Gastac Gas Spring","isPartOf":{"@id":"https:\/\/www.gastac.com\/it\/#website"},"primaryImageOfPage":{"@id":"https:\/\/www.gastac.com\/it\/prodotto\/molle-a-gas-inox-316\/#primaryimage"},"image":{"@id":"https:\/\/www.gastac.com\/it\/prodotto\/molle-a-gas-inox-316\/#primaryimage"},"thumbnailUrl":"https:\/\/www.gastac.com\/wp-content\/uploads\/2025\/11\/molle-a-gas-in-acciaio-inox-1-600x600-4.webp","datePublished":"2025-11-24T01:02:32+00:00","dateModified":"2025-11-24T01:04:39+00:00","breadcrumb":{"@id":"https:\/\/www.gastac.com\/it\/prodotto\/molle-a-gas-inox-316\/#breadcrumb"},"inLanguage":"it-IT","potentialAction":[{"@type":"ReadAction","target":["https:\/\/www.gastac.com\/it\/prodotto\/molle-a-gas-inox-316\/"]}]},{"@type":"ImageObject","inLanguage":"it-IT","@id":"https:\/\/www.gastac.com\/it\/prodotto\/molle-a-gas-inox-316\/#primaryimage","url":"https:\/\/www.gastac.com\/wp-content\/uploads\/2025\/11\/molle-a-gas-in-acciaio-inox-1-600x600-4.webp","contentUrl":"https:\/\/www.gastac.com\/wp-content\/uploads\/2025\/11\/molle-a-gas-in-acciaio-inox-1-600x600-4.webp","width":600,"height":600,"caption":"molle a gas in acciaio inox 1 600x600"},{"@type":"BreadcrumbList","@id":"https:\/\/www.gastac.com\/it\/prodotto\/molle-a-gas-inox-316\/#breadcrumb","itemListElement":[{"@type":"ListItem","position":1,"name":"Home","item":"https:\/\/www.gastac.com\/it\/"},{"@type":"ListItem","position":2,"name":"products","item":"https:\/\/www.gastac.com\/it\/products\/"},{"@type":"ListItem","position":3,"name":"Molle A Gas Inox 316"}]},{"@type":"WebSite","@id":"https:\/\/www.gastac.com\/it\/#website","url":"https:\/\/www.gastac.com\/it\/","name":"Gastac Gas Spring","description":"China\u2019s Leading Gas Springs &amp; Struts Manufacturer","publisher":{"@id":"https:\/\/www.gastac.com\/it\/#organization"},"potentialAction":[{"@type":"SearchAction","target":{"@type":"EntryPoint","urlTemplate":"https:\/\/www.gastac.com\/it\/?s={search_term_string}"},"query-input":{"@type":"PropertyValueSpecification","valueRequired":true,"valueName":"search_term_string"}}],"inLanguage":"it-IT"},{"@type":"Organization","@id":"https:\/\/www.gastac.com\/it\/#organization","name":"Ningbo Gastac Gas Spring Co.,Ltd","url":"https:\/\/www.gastac.com\/it\/","logo":{"@type":"ImageObject","inLanguage":"it-IT","@id":"https:\/\/www.gastac.com\/it\/#\/schema\/logo\/image\/","url":"https:\/\/www.gastac.com\/wp-content\/uploads\/2025\/09\/LOGO\u672c\u8272-\u9ed1.webp","contentUrl":"https:\/\/www.gastac.com\/wp-content\/uploads\/2025\/09\/LOGO\u672c\u8272-\u9ed1.webp","width":1920,"height":1080,"caption":"Ningbo Gastac Gas Spring Co.,Ltd"},"image":{"@id":"https:\/\/www.gastac.com\/it\/#\/schema\/logo\/image\/"},"sameAs":["https:\/\/www.facebook.com\/profile.php?id=100092358464608","https:\/\/www.youtube.com\/@Gastac-Gas-Spring","https:\/\/www.linkedin.com\/in\/gastac-gas-spring\/","https:\/\/www.instagram.com\/gastacgasspring\/"]}]}},"_links":{"self":[{"href":"https:\/\/www.gastac.com\/it\/wp-json\/wp\/v2\/product\/24097","targetHints":{"allow":["GET"]}}],"collection":[{"href":"https:\/\/www.gastac.com\/it\/wp-json\/wp\/v2\/product"}],"about":[{"href":"https:\/\/www.gastac.com\/it\/wp-json\/wp\/v2\/types\/product"}],"replies":[{"embeddable":true,"href":"https:\/\/www.gastac.com\/it\/wp-json\/wp\/v2\/comments?post=24097"}],"wp:featuredmedia":[{"embeddable":true,"href":"https:\/\/www.gastac.com\/it\/wp-json\/wp\/v2\/media\/24099"}],"wp:attachment":[{"href":"https:\/\/www.gastac.com\/it\/wp-json\/wp\/v2\/media?parent=24097"}],"wp:term":[{"taxonomy":"product_brand","embeddable":true,"href":"https:\/\/www.gastac.com\/it\/wp-json\/wp\/v2\/product_brand?post=24097"},{"taxonomy":"product_cat","embeddable":true,"href":"https:\/\/www.gastac.com\/it\/wp-json\/wp\/v2\/product_cat?post=24097"},{"taxonomy":"product_tag","embeddable":true,"href":"https:\/\/www.gastac.com\/it\/wp-json\/wp\/v2\/product_tag?post=24097"}],"curies":[{"name":"wp","href":"https:\/\/api.w.org\/{rel}","templated":true}]}}