{"id":18388,"date":"2025-11-12T02:10:04","date_gmt":"2025-11-12T02:10:04","guid":{"rendered":"https:\/\/www.gastac.com\/?post_type=product&#038;p=18388"},"modified":"2025-11-12T02:10:05","modified_gmt":"2025-11-12T02:10:05","slug":"pistoncini-portellone-golf-5","status":"publish","type":"product","link":"https:\/\/www.gastac.com\/it\/prodotto\/pistoncini-portellone-golf-5\/","title":{"rendered":"Pistoncini portellone golf 5"},"content":{"rendered":"<p><strong>Pistoncini portellone golf 5<\/strong><\/p>\n<p>I Pistoncini Portellone Golf 5 (noti anche come pistoncini portellone posteriore) sono utilizzati per sostenere il portellone posteriore I Pistoncini Portellone posteriore sono utilizzati come elemento della scocca per far aprire e chiudere il bagagliaio della Golf 5 in modo dolce e fluido.<\/p>\n<p>&nbsp;<\/p>\n<p>Pistoncini portellone golf 5 non sdoppiabile, pistoncini portellone posteriore<\/p>\n<p>Non pu\u00f2 nemmeno essere riparato. Se le parti vengono manomesse, il fluido operativo potrebbe fuoriuscire. Questo problema pu\u00f2 essere rilevato immediatamente anche con una semplice ispezione visiva. Esiste anche il rischio di lesioni dovute all\u2019elevata pressione del gas all\u2019interno del meccanismo.<\/p>\n<p>&nbsp;<\/p>\n<p>Quando il portellone scricchiola quando viene aperto, o il bagagliaio non si apre facilmente e il bagagliaio non pu\u00f2 essere aperto nella posizione pi\u00f9 alta, significa che il pistoncini portellone golf 5 si \u00e8 guastato e la molla a gas deve essere sostituita in tempo per riportare i pistoni portellone posteriore al normale Lavoro, il portellone si apre e si richiude normalmente.<\/p>\n<p>&nbsp;<\/p>\n<p>Se desideri acquistare pistoncini portellone golf 5 a un prezzo inferiore, effettua un ordine nel nostro negozio online. Non solo economico ma anche veloce. L\u2019acquisto online richiede pochi minuti, il nostro team elaborer\u00e0 rapidamente il tuo ordine e spedir\u00e0 i tuoi pizzani portellone posteriore.<br \/>\n<img class=\"lazyload\" decoding=\"async\" src=\"data:image\/gif;base64,R0lGODlhAQABAAAAACH5BAEKAAEALAAAAAABAAEAAAICTAEAOw==\" data-orig-src=\"https:\/\/gastac.com\/wp-content\/uploads\/2023\/06\/pistoni-baule-alfa-159-280x280.jpg\" alt=\"Pistoncini portellone golf 5 \" \/><img class=\"lazyload\" decoding=\"async\" src=\"data:image\/gif;base64,R0lGODlhAQABAAAAACH5BAEKAAEALAAAAAABAAEAAAICTAEAOw==\" data-orig-src=\"https:\/\/gastac.com\/wp-content\/uploads\/2023\/06\/pistoni-cofano-smart-451-4-1-280x280.jpg\" alt=\"Pistoncini portellone golf 5 \" \/><br \/>\n<strong><b>P<\/b><\/strong><strong><b>istoncini\u00a0<\/b><\/strong><strong><b>P<\/b><\/strong><strong><b>ortellone\u00a0<\/b><\/strong><strong><b>P<\/b><\/strong><strong><b>olf 5<\/b><\/strong><strong><b>\u00a0Modelli Applicabili<\/b><\/strong><\/p>\n<p>&nbsp;<\/p>\n<p>Pistoni bagagliaio per 1K1 1.0<\/p>\n<p>Pistoncini portellone per VOLKSWAGEN Golf V Hatchback (1K1) 1.0 72 CV 2005 \u2013 2008<\/p>\n<p>&nbsp;<\/p>\n<p>VW GOLF 1K1 1.8<\/p>\n<p>Pistoncini portellone per VOLKSWAGEN Golf V Hatchback (1K1) 1.8 GTI 179 CV 2006 \u2013 2008<\/p>\n<p>Ammortizzatore portellone posteriore per VW Golf 5 1.8 GTI 193 CV 2007 \u2013 2008<\/p>\n<p>1.8 Turbo 150 CV 2003 \u2013 2008<\/p>\n<p>&nbsp;<\/p>\n<p>Pistoni bagagliaio per 1K1 2.5<\/p>\n<p>Pistoncini portellone per VOLKSWAGEN Golf V Hatchback (1K1) 2.5 150 CV 2005 \u2013 2008<\/p>\n<p>Ammortizzatore portellone posteriore per VW Golf 5 2.5 152 CV 2006 \u2013 2008<\/p>\n<p>GOLF 1K1 1.4<\/p>\n<p>Pistoncini portellone per VOLKSWAGEN Golf V Hatchback (1K1) 1.4 16V 75 CV 2003 \u2013 2006<\/p>\n<p>Ammortizzatore portellone posteriore per VW Golf 5 1.4 16V 80 CV 2006 \u2013 2008<\/p>\n<p>1.4 FSI 90 CV 2003 \u2013 2006<\/p>\n<p>1.4 TSI 170 CV 2005 \u2013 2008<\/p>\n<p>1.4 TSI 140 CV 2006 \u2013 2008<\/p>\n<p>1.4 TSI 122 CV 2007 \u2013 2008<\/p>\n<p>&nbsp;<\/p>\n<p>Pistoni bagagliaio per 1K1 1.9<\/p>\n<p>Pistoncini portellone per VOLKSWAGEN Golf V Hatchback (1K1) 1.9 TDI 105 CV 2003 \u2013 2008<\/p>\n<p>Ammortizzatore portellone posteriore per VW Golf 5 1.9 TDI 90 CV 2004 \u2013 2008<\/p>\n<p>1.9 TDI 4motion 105 CV 2004 \u2013 2008<\/p>\n<p>&nbsp;<\/p>\n<p>VW GOLF 1K1 3.2<\/p>\n<p>Pistoncini portellone per VOLKSWAGEN Golf V Hatchback (1K1) 3.2 250 CV 2005 \u2013 2008<\/p>\n<p>Ammortizzatore portellone posteriore per VW Golf 5 3.2 R32 4motion 250 CV 2005 \u2013 2008<\/p>\n<p>3.2 R32 4motion 241 CV 2004 \u2013 2008<\/p>\n<p>&nbsp;<\/p>\n<p>Pistoni bagagliaio per 1K1 1.6<\/p>\n<p>Pistoncini portellone per VOLKSWAGEN Golf V Hatchback (1K1) 1.6 102 CV 2004 \u2013 2008<\/p>\n<p>Ammortizzatore portellone posteriore per VW Golf 5 1.6 FSI 115 CV 2003 \u2013 2008<\/p>\n<p>1.6 FSI 101 CV 2006 \u2013 2008<\/p>\n<p>1.6 MultiFuel 102 CV 2007 \u2013 2008<\/p>\n<p>&nbsp;<\/p>\n<p>VW GOLF 1K1 2.0<\/p>\n<p>Pistoncini portellone per VOLKSWAGEN Golf V Hatchback (1K1) 2.0 116 CV 2006 \u2013 2008<\/p>\n<p>Ammortizzatore portellone posteriore per VW Golf 5 2.0 FSI 150 CV 2004 \u2013 2008<\/p>\n<p>2.0 FSI 4motion 150 CV 2004 \u2013 2008<\/p>\n<p>2.0 GTI 200 CV 2004 \u2013 2009<\/p>\n<p>2.0 GTI 230 CV 2006 \u2013 2008<\/p>\n<p>2.0 GTi 117 CV 2005 \u2013 2009<\/p>\n<p>2.0 SDI 75 CV 2004 \u2013 2008<\/p>\n<p>2.0 TDI 170 CV 2005 \u2013 2008<\/p>\n<p>2.0 TDI 136 CV 2003 \u2013 2008<\/p>\n<p>2.0 TDI 140 CV 2004 \u2013 2008<\/p>\n<p>2.0 TDI 16V 140 CV 2003 \u2013 2008<\/p>\n<p>2.0 TDI 16V 4motion 140 CV 2004 \u2013 2008<\/p>\n<p>2.0 TDI 4motion 140 CV 2004 \u2013 2008<\/p>\n<p>&nbsp;<\/p>\n<p>Pistoni bagagliaio per 1K1 RABBIT<\/p>\n<p>Pistoncini portellone per VOLKSWAGEN Golf V Hatchback (1K1) RABBIT 2.5 170 CV 2007 \u2013 2008<br \/>\n<img decoding=\"async\" class=\"lazyload aligncenter\" src=\"data:image\/gif;base64,R0lGODlhAQABAAAAACH5BAEKAAEALAAAAAABAAEAAAICTAEAOw==\" data-orig-src=\"https:\/\/www.gastac.com\/wp-content\/uploads\/2023\/06\/Pistoncini-portellone-golf-5-800x292.png\" alt=\"Pistoncini portellone golf 5 \" \/><\/p>\n","protected":false},"excerpt":{"rendered":"<p>Pistoncini portellone golf 5 I Pistoncini Portellone Golf 5 (noti anche come pistoncini portellone posteriore) sono utilizzati per sostenere il  [&#8230;]<\/p>\n","protected":false},"featured_media":18396,"comment_status":"open","ping_status":"closed","template":"","meta":[],"product_brand":[],"product_cat":[],"product_tag":[],"class_list":{"0":"post-18388","1":"product","2":"type-product","3":"status-publish","4":"has-post-thumbnail","7":"first","8":"instock","9":"shipping-taxable","10":"product-type-simple"},"yoast_head":"<!-- This site is optimized with the Yoast SEO Premium plugin v26.2 (Yoast SEO v27.4) - https:\/\/yoast.com\/product\/yoast-seo-premium-wordpress\/ -->\n<title>Pistoncini portellone golf 5 | Gastac Gas Spring<\/title>\n<meta name=\"robots\" content=\"index, follow, max-snippet:-1, max-image-preview:large, max-video-preview:-1\" \/>\n<link rel=\"canonical\" href=\"https:\/\/www.gastac.com\/it\/prodotto\/pistoncini-portellone-golf-5\/\" \/>\n<meta property=\"og:locale\" content=\"it_IT\" \/>\n<meta property=\"og:type\" content=\"article\" \/>\n<meta property=\"og:title\" content=\"Pistoncini portellone golf 5\" \/>\n<meta property=\"og:description\" content=\"Pistoncini portellone golf 5 I Pistoncini Portellone Golf 5 (noti anche come pistoncini portellone posteriore) sono utilizzati per sostenere il [...]\" \/>\n<meta property=\"og:url\" content=\"https:\/\/www.gastac.com\/it\/prodotto\/pistoncini-portellone-golf-5\/\" \/>\n<meta property=\"og:site_name\" content=\"Gastac Gas Spring\" \/>\n<meta property=\"article:publisher\" content=\"https:\/\/www.facebook.com\/profile.php?id=100092358464608\" \/>\n<meta property=\"article:modified_time\" content=\"2025-11-12T02:10:05+00:00\" \/>\n<meta property=\"og:image\" content=\"https:\/\/www.gastac.com\/wp-content\/uploads\/2025\/11\/pistoni-baule-alfa-159-600x570-1.webp\" \/>\n\t<meta property=\"og:image:width\" content=\"600\" \/>\n\t<meta property=\"og:image:height\" content=\"570\" \/>\n\t<meta property=\"og:image:type\" content=\"image\/webp\" \/>\n<meta name=\"twitter:card\" content=\"summary_large_image\" \/>\n<meta name=\"twitter:label1\" content=\"Tempo di lettura stimato\" \/>\n\t<meta name=\"twitter:data1\" content=\"1 minuto\" \/>\n<script type=\"application\/ld+json\" class=\"yoast-schema-graph\">{\"@context\":\"https:\\\/\\\/schema.org\",\"@graph\":[{\"@type\":\"WebPage\",\"@id\":\"https:\\\/\\\/www.gastac.com\\\/it\\\/prodotto\\\/pistoncini-portellone-golf-5\\\/\",\"url\":\"https:\\\/\\\/www.gastac.com\\\/it\\\/prodotto\\\/pistoncini-portellone-golf-5\\\/\",\"name\":\"Pistoncini portellone golf 5 | Gastac Gas Spring\",\"isPartOf\":{\"@id\":\"https:\\\/\\\/www.gastac.com\\\/it\\\/#website\"},\"primaryImageOfPage\":{\"@id\":\"https:\\\/\\\/www.gastac.com\\\/it\\\/prodotto\\\/pistoncini-portellone-golf-5\\\/#primaryimage\"},\"image\":{\"@id\":\"https:\\\/\\\/www.gastac.com\\\/it\\\/prodotto\\\/pistoncini-portellone-golf-5\\\/#primaryimage\"},\"thumbnailUrl\":\"https:\\\/\\\/www.gastac.com\\\/wp-content\\\/uploads\\\/2025\\\/11\\\/pistoni-baule-alfa-159-600x570-1.webp\",\"datePublished\":\"2025-11-12T02:10:04+00:00\",\"dateModified\":\"2025-11-12T02:10:05+00:00\",\"breadcrumb\":{\"@id\":\"https:\\\/\\\/www.gastac.com\\\/it\\\/prodotto\\\/pistoncini-portellone-golf-5\\\/#breadcrumb\"},\"inLanguage\":\"it-IT\",\"potentialAction\":[{\"@type\":\"ReadAction\",\"target\":[\"https:\\\/\\\/www.gastac.com\\\/it\\\/prodotto\\\/pistoncini-portellone-golf-5\\\/\"]}]},{\"@type\":\"ImageObject\",\"inLanguage\":\"it-IT\",\"@id\":\"https:\\\/\\\/www.gastac.com\\\/it\\\/prodotto\\\/pistoncini-portellone-golf-5\\\/#primaryimage\",\"url\":\"https:\\\/\\\/www.gastac.com\\\/wp-content\\\/uploads\\\/2025\\\/11\\\/pistoni-baule-alfa-159-600x570-1.webp\",\"contentUrl\":\"https:\\\/\\\/www.gastac.com\\\/wp-content\\\/uploads\\\/2025\\\/11\\\/pistoni-baule-alfa-159-600x570-1.webp\",\"width\":600,\"height\":570,\"caption\":\"pistoni baule alfa 159 600x570\"},{\"@type\":\"BreadcrumbList\",\"@id\":\"https:\\\/\\\/www.gastac.com\\\/it\\\/prodotto\\\/pistoncini-portellone-golf-5\\\/#breadcrumb\",\"itemListElement\":[{\"@type\":\"ListItem\",\"position\":1,\"name\":\"Home\",\"item\":\"https:\\\/\\\/www.gastac.com\\\/it\\\/\"},{\"@type\":\"ListItem\",\"position\":2,\"name\":\"products\",\"item\":\"https:\\\/\\\/www.gastac.com\\\/it\\\/products\\\/\"},{\"@type\":\"ListItem\",\"position\":3,\"name\":\"Pistoncini portellone golf 5\"}]},{\"@type\":\"WebSite\",\"@id\":\"https:\\\/\\\/www.gastac.com\\\/it\\\/#website\",\"url\":\"https:\\\/\\\/www.gastac.com\\\/it\\\/\",\"name\":\"Gastac Gas Spring\",\"description\":\"China\u2019s Leading Gas Springs &amp; Struts Manufacturer\",\"publisher\":{\"@id\":\"https:\\\/\\\/www.gastac.com\\\/it\\\/#organization\"},\"potentialAction\":[{\"@type\":\"SearchAction\",\"target\":{\"@type\":\"EntryPoint\",\"urlTemplate\":\"https:\\\/\\\/www.gastac.com\\\/it\\\/?s={search_term_string}\"},\"query-input\":{\"@type\":\"PropertyValueSpecification\",\"valueRequired\":true,\"valueName\":\"search_term_string\"}}],\"inLanguage\":\"it-IT\"},{\"@type\":\"Organization\",\"@id\":\"https:\\\/\\\/www.gastac.com\\\/it\\\/#organization\",\"name\":\"Ningbo Gastac Gas Spring Co.,Ltd\",\"url\":\"https:\\\/\\\/www.gastac.com\\\/it\\\/\",\"logo\":{\"@type\":\"ImageObject\",\"inLanguage\":\"it-IT\",\"@id\":\"https:\\\/\\\/www.gastac.com\\\/it\\\/#\\\/schema\\\/logo\\\/image\\\/\",\"url\":\"https:\\\/\\\/www.gastac.com\\\/wp-content\\\/uploads\\\/2025\\\/09\\\/LOGO\u672c\u8272-\u9ed1.webp\",\"contentUrl\":\"https:\\\/\\\/www.gastac.com\\\/wp-content\\\/uploads\\\/2025\\\/09\\\/LOGO\u672c\u8272-\u9ed1.webp\",\"width\":1920,\"height\":1080,\"caption\":\"Ningbo Gastac Gas Spring Co.,Ltd\"},\"image\":{\"@id\":\"https:\\\/\\\/www.gastac.com\\\/it\\\/#\\\/schema\\\/logo\\\/image\\\/\"},\"sameAs\":[\"https:\\\/\\\/www.facebook.com\\\/profile.php?id=100092358464608\",\"https:\\\/\\\/www.youtube.com\\\/@Gastac-Gas-Spring\",\"https:\\\/\\\/www.linkedin.com\\\/in\\\/gastac-gas-spring\\\/\",\"https:\\\/\\\/www.instagram.com\\\/gastacgasspring\\\/\"]}]}<\/script>\n<!-- \/ Yoast SEO Premium plugin. -->","yoast_head_json":{"title":"Pistoncini portellone golf 5 | Gastac Gas Spring","robots":{"index":"index","follow":"follow","max-snippet":"max-snippet:-1","max-image-preview":"max-image-preview:large","max-video-preview":"max-video-preview:-1"},"canonical":"https:\/\/www.gastac.com\/it\/prodotto\/pistoncini-portellone-golf-5\/","og_locale":"it_IT","og_type":"article","og_title":"Pistoncini portellone golf 5","og_description":"Pistoncini portellone golf 5 I Pistoncini Portellone Golf 5 (noti anche come pistoncini portellone posteriore) sono utilizzati per sostenere il [...]","og_url":"https:\/\/www.gastac.com\/it\/prodotto\/pistoncini-portellone-golf-5\/","og_site_name":"Gastac Gas Spring","article_publisher":"https:\/\/www.facebook.com\/profile.php?id=100092358464608","article_modified_time":"2025-11-12T02:10:05+00:00","og_image":[{"width":600,"height":570,"url":"https:\/\/www.gastac.com\/wp-content\/uploads\/2025\/11\/pistoni-baule-alfa-159-600x570-1.webp","type":"image\/webp"}],"twitter_card":"summary_large_image","twitter_misc":{"Tempo di lettura stimato":"1 minuto"},"schema":{"@context":"https:\/\/schema.org","@graph":[{"@type":"WebPage","@id":"https:\/\/www.gastac.com\/it\/prodotto\/pistoncini-portellone-golf-5\/","url":"https:\/\/www.gastac.com\/it\/prodotto\/pistoncini-portellone-golf-5\/","name":"Pistoncini portellone golf 5 | Gastac Gas Spring","isPartOf":{"@id":"https:\/\/www.gastac.com\/it\/#website"},"primaryImageOfPage":{"@id":"https:\/\/www.gastac.com\/it\/prodotto\/pistoncini-portellone-golf-5\/#primaryimage"},"image":{"@id":"https:\/\/www.gastac.com\/it\/prodotto\/pistoncini-portellone-golf-5\/#primaryimage"},"thumbnailUrl":"https:\/\/www.gastac.com\/wp-content\/uploads\/2025\/11\/pistoni-baule-alfa-159-600x570-1.webp","datePublished":"2025-11-12T02:10:04+00:00","dateModified":"2025-11-12T02:10:05+00:00","breadcrumb":{"@id":"https:\/\/www.gastac.com\/it\/prodotto\/pistoncini-portellone-golf-5\/#breadcrumb"},"inLanguage":"it-IT","potentialAction":[{"@type":"ReadAction","target":["https:\/\/www.gastac.com\/it\/prodotto\/pistoncini-portellone-golf-5\/"]}]},{"@type":"ImageObject","inLanguage":"it-IT","@id":"https:\/\/www.gastac.com\/it\/prodotto\/pistoncini-portellone-golf-5\/#primaryimage","url":"https:\/\/www.gastac.com\/wp-content\/uploads\/2025\/11\/pistoni-baule-alfa-159-600x570-1.webp","contentUrl":"https:\/\/www.gastac.com\/wp-content\/uploads\/2025\/11\/pistoni-baule-alfa-159-600x570-1.webp","width":600,"height":570,"caption":"pistoni baule alfa 159 600x570"},{"@type":"BreadcrumbList","@id":"https:\/\/www.gastac.com\/it\/prodotto\/pistoncini-portellone-golf-5\/#breadcrumb","itemListElement":[{"@type":"ListItem","position":1,"name":"Home","item":"https:\/\/www.gastac.com\/it\/"},{"@type":"ListItem","position":2,"name":"products","item":"https:\/\/www.gastac.com\/it\/products\/"},{"@type":"ListItem","position":3,"name":"Pistoncini portellone golf 5"}]},{"@type":"WebSite","@id":"https:\/\/www.gastac.com\/it\/#website","url":"https:\/\/www.gastac.com\/it\/","name":"Gastac Gas Spring","description":"China\u2019s Leading Gas Springs &amp; Struts Manufacturer","publisher":{"@id":"https:\/\/www.gastac.com\/it\/#organization"},"potentialAction":[{"@type":"SearchAction","target":{"@type":"EntryPoint","urlTemplate":"https:\/\/www.gastac.com\/it\/?s={search_term_string}"},"query-input":{"@type":"PropertyValueSpecification","valueRequired":true,"valueName":"search_term_string"}}],"inLanguage":"it-IT"},{"@type":"Organization","@id":"https:\/\/www.gastac.com\/it\/#organization","name":"Ningbo Gastac Gas Spring Co.,Ltd","url":"https:\/\/www.gastac.com\/it\/","logo":{"@type":"ImageObject","inLanguage":"it-IT","@id":"https:\/\/www.gastac.com\/it\/#\/schema\/logo\/image\/","url":"https:\/\/www.gastac.com\/wp-content\/uploads\/2025\/09\/LOGO\u672c\u8272-\u9ed1.webp","contentUrl":"https:\/\/www.gastac.com\/wp-content\/uploads\/2025\/09\/LOGO\u672c\u8272-\u9ed1.webp","width":1920,"height":1080,"caption":"Ningbo Gastac Gas Spring Co.,Ltd"},"image":{"@id":"https:\/\/www.gastac.com\/it\/#\/schema\/logo\/image\/"},"sameAs":["https:\/\/www.facebook.com\/profile.php?id=100092358464608","https:\/\/www.youtube.com\/@Gastac-Gas-Spring","https:\/\/www.linkedin.com\/in\/gastac-gas-spring\/","https:\/\/www.instagram.com\/gastacgasspring\/"]}]}},"_links":{"self":[{"href":"https:\/\/www.gastac.com\/it\/wp-json\/wp\/v2\/product\/18388","targetHints":{"allow":["GET"]}}],"collection":[{"href":"https:\/\/www.gastac.com\/it\/wp-json\/wp\/v2\/product"}],"about":[{"href":"https:\/\/www.gastac.com\/it\/wp-json\/wp\/v2\/types\/product"}],"replies":[{"embeddable":true,"href":"https:\/\/www.gastac.com\/it\/wp-json\/wp\/v2\/comments?post=18388"}],"wp:featuredmedia":[{"embeddable":true,"href":"https:\/\/www.gastac.com\/it\/wp-json\/wp\/v2\/media\/18396"}],"wp:attachment":[{"href":"https:\/\/www.gastac.com\/it\/wp-json\/wp\/v2\/media?parent=18388"}],"wp:term":[{"taxonomy":"product_brand","embeddable":true,"href":"https:\/\/www.gastac.com\/it\/wp-json\/wp\/v2\/product_brand?post=18388"},{"taxonomy":"product_cat","embeddable":true,"href":"https:\/\/www.gastac.com\/it\/wp-json\/wp\/v2\/product_cat?post=18388"},{"taxonomy":"product_tag","embeddable":true,"href":"https:\/\/www.gastac.com\/it\/wp-json\/wp\/v2\/product_tag?post=18388"}],"curies":[{"name":"wp","href":"https:\/\/api.w.org\/{rel}","templated":true}]}}