{"id":18376,"date":"2025-11-12T02:02:08","date_gmt":"2025-11-12T02:02:08","guid":{"rendered":"https:\/\/www.gastac.com\/?post_type=product&#038;p=18376"},"modified":"2025-11-12T02:02:09","modified_gmt":"2025-11-12T02:02:09","slug":"pistoncini-portellone-smart-451","status":"publish","type":"product","link":"https:\/\/www.gastac.com\/it\/prodotto\/pistoncini-portellone-smart-451\/","title":{"rendered":"Pistoncini portellone smart 451"},"content":{"rendered":"<p><strong>Pistoncini portellone smart 451<\/strong><\/p>\n<p>I pistoncini portellone smart 451 (noti anche come ammortizzatori portellone smart 451) vengono utilizzati per sostenere il portellone, mentre le molle a gas del portellone smart 451 vengono utilizzate come elemento della scocca per consentire al bagagliaio di Smart 451 di aprirsi e chiudersi dolcemente e senza intoppi.<\/p>\n<p>I Pistoncini Portellone Smart 451 non sono smontabili e i Pizzani Portellone Smart 451 non sono riparabili. Se le parti vengono manomesse, il fluido operativo potrebbe fuoriuscire. Questo problema pu\u00f2 essere rilevato immediatamente anche con una semplice ispezione visiva. Esiste anche il rischio di lesioni dovute all\u2019elevata pressione del gas all\u2019interno del meccanismo.<\/p>\n<p>Quando il portellone scricchiola quando viene aperto, o il bagagliaio non si apre facilmente e il bagagliaio non pu\u00f2 essere aperto nella posizione pi\u00f9 alta, significa che il pistoncini portellone smart 451 \u00e8 difettoso e la molla a gas deve essere sostituita in tempo per rendere le molle a gas portellone smart 451 funziona di nuovo normalmente e il portellone si apre e si chiude tornando normale.<br \/>\n<img class=\"lazyload\" decoding=\"async\" src=\"data:image\/gif;base64,R0lGODlhAQABAAAAACH5BAEKAAEALAAAAAABAAEAAAICTAEAOw==\" data-orig-src=\"https:\/\/gastac.com\/wp-content\/uploads\/2023\/06\/t5-heckklappendampfer-280x280.jpg\" alt=\"Pistoncini portellone smart 451\" \/><img class=\"lazyload\" decoding=\"async\" src=\"data:image\/gif;base64,R0lGODlhAQABAAAAACH5BAEKAAEALAAAAAABAAEAAAICTAEAOw==\" data-orig-src=\"https:\/\/gastac.com\/wp-content\/uploads\/2023\/06\/pistoni-cofano-smart-451-280x280.jpg\" alt=\"Pistoncini portellone smart 451\" \/><\/p>\n<p><strong><b>Pistoncini Portellone Smart 451<\/b><\/strong><strong><b>\u00a0<\/b><\/strong><strong><b>Modelli\u00a0<\/b><\/strong><strong><b>A<\/b><\/strong><strong><b>pplicabili<\/b><\/strong><\/p>\n<p>Pistoni bagagliaio per 451 0.8<\/p>\n<p>Pistoncini portellone per SMART Fortwo II Coupe (451) 0.8 CDi (451.300) 45 CV 2007 \u2013 \u2026<\/p>\n<p>Ammortizzatore portellone posteriore per Smart 451 0.8 CDi (451.301) 54 CV 2009 \u2013 \u2026<\/p>\n<p>&nbsp;<\/p>\n<p>SMART FORTWO 451 1.0<\/p>\n<p>Pistoncini portellone per SMART Fortwo II Coupe (451) 1.0 (451.330, 451.334) 61 CV 2007 \u2013 \u2026<\/p>\n<p>Ammortizzatore portellone posteriore per Smart 451 1.0 (451.331, 451.380) 71 CV 2007 \u2013 \u2026<\/p>\n<p>1.0 Brabus (451.333) 98 CV 2008 \u2013 \u2026<\/p>\n<p>1.0 Turbo (451.332) 84 CV 2007 \u2013 \u2026<\/p>\n<p>1.0 Turbo Brabus (451.333) 102 CV 2010 \u2013 \u2026<\/p>\n<p>&nbsp;<\/p>\n<p>Pistoni bagagliaio per 451 Motore<\/p>\n<p>Pistoncini portellone per SMART Fortwo II Coupe (451) Motore elettrico 30 CV 2010 \u2013 2012<\/p>\n<p>Ammortizzatore portellone posteriore per Smart 451 Motore elettrico 48 CV 2011 \u2013 2012<\/p>\n<p>Motore elettrico 75 CV 2013 \u2013 \u2026<\/p>\n<p>Motore elettrico 41 CV 2009 \u2013 2011<\/p>\n<p>Motore elettrico 27 CV 2010 \u2013 2012<\/p>\n<p>Motore elettrico Brabus 82 CV 2013 \u2013 \u2026<br \/>\n<img decoding=\"async\" class=\"lazyload aligncenter\" src=\"data:image\/gif;base64,R0lGODlhAQABAAAAACH5BAEKAAEALAAAAAABAAEAAAICTAEAOw==\" data-orig-src=\"https:\/\/www.gastac.com\/wp-content\/uploads\/2023\/06\/Pistoncini-portellone-smart-451-800x292.png\" alt=\"Pistoncini portellone smart 451\" \/><\/p>\n","protected":false},"excerpt":{"rendered":"<p>Pistoncini portellone smart 451 I pistoncini portellone smart 451 (noti anche come ammortizzatori portellone smart 451) vengono utilizzati per sostenere  [&#8230;]<\/p>\n","protected":false},"featured_media":18379,"comment_status":"open","ping_status":"closed","template":"","meta":[],"product_brand":[],"product_cat":[],"product_tag":[],"class_list":{"0":"post-18376","1":"product","2":"type-product","3":"status-publish","4":"has-post-thumbnail","7":"first","8":"instock","9":"shipping-taxable","10":"product-type-simple"},"yoast_head":"<!-- This site is optimized with the Yoast SEO Premium plugin v26.2 (Yoast SEO v27.4) - https:\/\/yoast.com\/product\/yoast-seo-premium-wordpress\/ -->\n<title>Pistoncini portellone smart 451 | Gastac Gas Spring<\/title>\n<meta name=\"robots\" content=\"index, follow, max-snippet:-1, max-image-preview:large, max-video-preview:-1\" \/>\n<link rel=\"canonical\" href=\"https:\/\/www.gastac.com\/it\/prodotto\/pistoncini-portellone-smart-451\/\" \/>\n<meta property=\"og:locale\" content=\"it_IT\" \/>\n<meta property=\"og:type\" content=\"article\" \/>\n<meta property=\"og:title\" content=\"Pistoncini portellone smart 451\" \/>\n<meta property=\"og:description\" content=\"Pistoncini portellone smart 451 I pistoncini portellone smart 451 (noti anche come ammortizzatori portellone smart 451) vengono utilizzati per sostenere [...]\" \/>\n<meta property=\"og:url\" content=\"https:\/\/www.gastac.com\/it\/prodotto\/pistoncini-portellone-smart-451\/\" \/>\n<meta property=\"og:site_name\" content=\"Gastac Gas Spring\" \/>\n<meta property=\"article:publisher\" content=\"https:\/\/www.facebook.com\/profile.php?id=100092358464608\" \/>\n<meta property=\"article:modified_time\" content=\"2025-11-12T02:02:09+00:00\" \/>\n<meta property=\"og:image\" content=\"https:\/\/www.gastac.com\/wp-content\/uploads\/2025\/11\/t5-heckklappendampfer-600x600-1.webp\" \/>\n\t<meta property=\"og:image:width\" content=\"600\" \/>\n\t<meta property=\"og:image:height\" content=\"600\" \/>\n\t<meta property=\"og:image:type\" content=\"image\/webp\" \/>\n<meta name=\"twitter:card\" content=\"summary_large_image\" \/>\n<meta name=\"twitter:label1\" content=\"Tempo di lettura stimato\" \/>\n\t<meta name=\"twitter:data1\" content=\"1 minuto\" \/>\n<script type=\"application\/ld+json\" class=\"yoast-schema-graph\">{\"@context\":\"https:\\\/\\\/schema.org\",\"@graph\":[{\"@type\":\"WebPage\",\"@id\":\"https:\\\/\\\/www.gastac.com\\\/it\\\/prodotto\\\/pistoncini-portellone-smart-451\\\/\",\"url\":\"https:\\\/\\\/www.gastac.com\\\/it\\\/prodotto\\\/pistoncini-portellone-smart-451\\\/\",\"name\":\"Pistoncini portellone smart 451 | Gastac Gas Spring\",\"isPartOf\":{\"@id\":\"https:\\\/\\\/www.gastac.com\\\/it\\\/#website\"},\"primaryImageOfPage\":{\"@id\":\"https:\\\/\\\/www.gastac.com\\\/it\\\/prodotto\\\/pistoncini-portellone-smart-451\\\/#primaryimage\"},\"image\":{\"@id\":\"https:\\\/\\\/www.gastac.com\\\/it\\\/prodotto\\\/pistoncini-portellone-smart-451\\\/#primaryimage\"},\"thumbnailUrl\":\"https:\\\/\\\/www.gastac.com\\\/wp-content\\\/uploads\\\/2025\\\/11\\\/t5-heckklappendampfer-600x600-1.webp\",\"datePublished\":\"2025-11-12T02:02:08+00:00\",\"dateModified\":\"2025-11-12T02:02:09+00:00\",\"breadcrumb\":{\"@id\":\"https:\\\/\\\/www.gastac.com\\\/it\\\/prodotto\\\/pistoncini-portellone-smart-451\\\/#breadcrumb\"},\"inLanguage\":\"it-IT\",\"potentialAction\":[{\"@type\":\"ReadAction\",\"target\":[\"https:\\\/\\\/www.gastac.com\\\/it\\\/prodotto\\\/pistoncini-portellone-smart-451\\\/\"]}]},{\"@type\":\"ImageObject\",\"inLanguage\":\"it-IT\",\"@id\":\"https:\\\/\\\/www.gastac.com\\\/it\\\/prodotto\\\/pistoncini-portellone-smart-451\\\/#primaryimage\",\"url\":\"https:\\\/\\\/www.gastac.com\\\/wp-content\\\/uploads\\\/2025\\\/11\\\/t5-heckklappendampfer-600x600-1.webp\",\"contentUrl\":\"https:\\\/\\\/www.gastac.com\\\/wp-content\\\/uploads\\\/2025\\\/11\\\/t5-heckklappendampfer-600x600-1.webp\",\"width\":600,\"height\":600,\"caption\":\"t5 heckklappendampfer 600x600\"},{\"@type\":\"BreadcrumbList\",\"@id\":\"https:\\\/\\\/www.gastac.com\\\/it\\\/prodotto\\\/pistoncini-portellone-smart-451\\\/#breadcrumb\",\"itemListElement\":[{\"@type\":\"ListItem\",\"position\":1,\"name\":\"Home\",\"item\":\"https:\\\/\\\/www.gastac.com\\\/it\\\/\"},{\"@type\":\"ListItem\",\"position\":2,\"name\":\"products\",\"item\":\"https:\\\/\\\/www.gastac.com\\\/it\\\/products\\\/\"},{\"@type\":\"ListItem\",\"position\":3,\"name\":\"Pistoncini portellone smart 451\"}]},{\"@type\":\"WebSite\",\"@id\":\"https:\\\/\\\/www.gastac.com\\\/it\\\/#website\",\"url\":\"https:\\\/\\\/www.gastac.com\\\/it\\\/\",\"name\":\"Gastac Gas Spring\",\"description\":\"China\u2019s Leading Gas Springs &amp; Struts Manufacturer\",\"publisher\":{\"@id\":\"https:\\\/\\\/www.gastac.com\\\/it\\\/#organization\"},\"potentialAction\":[{\"@type\":\"SearchAction\",\"target\":{\"@type\":\"EntryPoint\",\"urlTemplate\":\"https:\\\/\\\/www.gastac.com\\\/it\\\/?s={search_term_string}\"},\"query-input\":{\"@type\":\"PropertyValueSpecification\",\"valueRequired\":true,\"valueName\":\"search_term_string\"}}],\"inLanguage\":\"it-IT\"},{\"@type\":\"Organization\",\"@id\":\"https:\\\/\\\/www.gastac.com\\\/it\\\/#organization\",\"name\":\"Ningbo Gastac Gas Spring Co.,Ltd\",\"url\":\"https:\\\/\\\/www.gastac.com\\\/it\\\/\",\"logo\":{\"@type\":\"ImageObject\",\"inLanguage\":\"it-IT\",\"@id\":\"https:\\\/\\\/www.gastac.com\\\/it\\\/#\\\/schema\\\/logo\\\/image\\\/\",\"url\":\"https:\\\/\\\/www.gastac.com\\\/wp-content\\\/uploads\\\/2025\\\/09\\\/LOGO\u672c\u8272-\u9ed1.webp\",\"contentUrl\":\"https:\\\/\\\/www.gastac.com\\\/wp-content\\\/uploads\\\/2025\\\/09\\\/LOGO\u672c\u8272-\u9ed1.webp\",\"width\":1920,\"height\":1080,\"caption\":\"Ningbo Gastac Gas Spring Co.,Ltd\"},\"image\":{\"@id\":\"https:\\\/\\\/www.gastac.com\\\/it\\\/#\\\/schema\\\/logo\\\/image\\\/\"},\"sameAs\":[\"https:\\\/\\\/www.facebook.com\\\/profile.php?id=100092358464608\",\"https:\\\/\\\/www.youtube.com\\\/@Gastac-Gas-Spring\",\"https:\\\/\\\/www.linkedin.com\\\/in\\\/gastac-gas-spring\\\/\",\"https:\\\/\\\/www.instagram.com\\\/gastacgasspring\\\/\"]}]}<\/script>\n<!-- \/ Yoast SEO Premium plugin. -->","yoast_head_json":{"title":"Pistoncini portellone smart 451 | Gastac Gas Spring","robots":{"index":"index","follow":"follow","max-snippet":"max-snippet:-1","max-image-preview":"max-image-preview:large","max-video-preview":"max-video-preview:-1"},"canonical":"https:\/\/www.gastac.com\/it\/prodotto\/pistoncini-portellone-smart-451\/","og_locale":"it_IT","og_type":"article","og_title":"Pistoncini portellone smart 451","og_description":"Pistoncini portellone smart 451 I pistoncini portellone smart 451 (noti anche come ammortizzatori portellone smart 451) vengono utilizzati per sostenere [...]","og_url":"https:\/\/www.gastac.com\/it\/prodotto\/pistoncini-portellone-smart-451\/","og_site_name":"Gastac Gas Spring","article_publisher":"https:\/\/www.facebook.com\/profile.php?id=100092358464608","article_modified_time":"2025-11-12T02:02:09+00:00","og_image":[{"width":600,"height":600,"url":"https:\/\/www.gastac.com\/wp-content\/uploads\/2025\/11\/t5-heckklappendampfer-600x600-1.webp","type":"image\/webp"}],"twitter_card":"summary_large_image","twitter_misc":{"Tempo di lettura stimato":"1 minuto"},"schema":{"@context":"https:\/\/schema.org","@graph":[{"@type":"WebPage","@id":"https:\/\/www.gastac.com\/it\/prodotto\/pistoncini-portellone-smart-451\/","url":"https:\/\/www.gastac.com\/it\/prodotto\/pistoncini-portellone-smart-451\/","name":"Pistoncini portellone smart 451 | Gastac Gas Spring","isPartOf":{"@id":"https:\/\/www.gastac.com\/it\/#website"},"primaryImageOfPage":{"@id":"https:\/\/www.gastac.com\/it\/prodotto\/pistoncini-portellone-smart-451\/#primaryimage"},"image":{"@id":"https:\/\/www.gastac.com\/it\/prodotto\/pistoncini-portellone-smart-451\/#primaryimage"},"thumbnailUrl":"https:\/\/www.gastac.com\/wp-content\/uploads\/2025\/11\/t5-heckklappendampfer-600x600-1.webp","datePublished":"2025-11-12T02:02:08+00:00","dateModified":"2025-11-12T02:02:09+00:00","breadcrumb":{"@id":"https:\/\/www.gastac.com\/it\/prodotto\/pistoncini-portellone-smart-451\/#breadcrumb"},"inLanguage":"it-IT","potentialAction":[{"@type":"ReadAction","target":["https:\/\/www.gastac.com\/it\/prodotto\/pistoncini-portellone-smart-451\/"]}]},{"@type":"ImageObject","inLanguage":"it-IT","@id":"https:\/\/www.gastac.com\/it\/prodotto\/pistoncini-portellone-smart-451\/#primaryimage","url":"https:\/\/www.gastac.com\/wp-content\/uploads\/2025\/11\/t5-heckklappendampfer-600x600-1.webp","contentUrl":"https:\/\/www.gastac.com\/wp-content\/uploads\/2025\/11\/t5-heckklappendampfer-600x600-1.webp","width":600,"height":600,"caption":"t5 heckklappendampfer 600x600"},{"@type":"BreadcrumbList","@id":"https:\/\/www.gastac.com\/it\/prodotto\/pistoncini-portellone-smart-451\/#breadcrumb","itemListElement":[{"@type":"ListItem","position":1,"name":"Home","item":"https:\/\/www.gastac.com\/it\/"},{"@type":"ListItem","position":2,"name":"products","item":"https:\/\/www.gastac.com\/it\/products\/"},{"@type":"ListItem","position":3,"name":"Pistoncini portellone smart 451"}]},{"@type":"WebSite","@id":"https:\/\/www.gastac.com\/it\/#website","url":"https:\/\/www.gastac.com\/it\/","name":"Gastac Gas Spring","description":"China\u2019s Leading Gas Springs &amp; Struts Manufacturer","publisher":{"@id":"https:\/\/www.gastac.com\/it\/#organization"},"potentialAction":[{"@type":"SearchAction","target":{"@type":"EntryPoint","urlTemplate":"https:\/\/www.gastac.com\/it\/?s={search_term_string}"},"query-input":{"@type":"PropertyValueSpecification","valueRequired":true,"valueName":"search_term_string"}}],"inLanguage":"it-IT"},{"@type":"Organization","@id":"https:\/\/www.gastac.com\/it\/#organization","name":"Ningbo Gastac Gas Spring Co.,Ltd","url":"https:\/\/www.gastac.com\/it\/","logo":{"@type":"ImageObject","inLanguage":"it-IT","@id":"https:\/\/www.gastac.com\/it\/#\/schema\/logo\/image\/","url":"https:\/\/www.gastac.com\/wp-content\/uploads\/2025\/09\/LOGO\u672c\u8272-\u9ed1.webp","contentUrl":"https:\/\/www.gastac.com\/wp-content\/uploads\/2025\/09\/LOGO\u672c\u8272-\u9ed1.webp","width":1920,"height":1080,"caption":"Ningbo Gastac Gas Spring Co.,Ltd"},"image":{"@id":"https:\/\/www.gastac.com\/it\/#\/schema\/logo\/image\/"},"sameAs":["https:\/\/www.facebook.com\/profile.php?id=100092358464608","https:\/\/www.youtube.com\/@Gastac-Gas-Spring","https:\/\/www.linkedin.com\/in\/gastac-gas-spring\/","https:\/\/www.instagram.com\/gastacgasspring\/"]}]}},"_links":{"self":[{"href":"https:\/\/www.gastac.com\/it\/wp-json\/wp\/v2\/product\/18376","targetHints":{"allow":["GET"]}}],"collection":[{"href":"https:\/\/www.gastac.com\/it\/wp-json\/wp\/v2\/product"}],"about":[{"href":"https:\/\/www.gastac.com\/it\/wp-json\/wp\/v2\/types\/product"}],"replies":[{"embeddable":true,"href":"https:\/\/www.gastac.com\/it\/wp-json\/wp\/v2\/comments?post=18376"}],"wp:featuredmedia":[{"embeddable":true,"href":"https:\/\/www.gastac.com\/it\/wp-json\/wp\/v2\/media\/18379"}],"wp:attachment":[{"href":"https:\/\/www.gastac.com\/it\/wp-json\/wp\/v2\/media?parent=18376"}],"wp:term":[{"taxonomy":"product_brand","embeddable":true,"href":"https:\/\/www.gastac.com\/it\/wp-json\/wp\/v2\/product_brand?post=18376"},{"taxonomy":"product_cat","embeddable":true,"href":"https:\/\/www.gastac.com\/it\/wp-json\/wp\/v2\/product_cat?post=18376"},{"taxonomy":"product_tag","embeddable":true,"href":"https:\/\/www.gastac.com\/it\/wp-json\/wp\/v2\/product_tag?post=18376"}],"curies":[{"name":"wp","href":"https:\/\/api.w.org\/{rel}","templated":true}]}}