{"id":18344,"date":"2025-11-12T01:43:15","date_gmt":"2025-11-12T01:43:15","guid":{"rendered":"https:\/\/www.gastac.com\/?post_type=product&#038;p=18344"},"modified":"2025-11-12T01:43:15","modified_gmt":"2025-11-12T01:43:15","slug":"pistoncini-bagagliaio-nissan-qashqai-j11","status":"publish","type":"product","link":"https:\/\/www.gastac.com\/it\/prodotto\/pistoncini-bagagliaio-nissan-qashqai-j11\/","title":{"rendered":"Pistoncini bagagliaio nissan qashqai j11"},"content":{"rendered":"<p><strong><b>Pistoncini Bagagliaio Nissan Qashqai J11<\/b><\/strong><\/p>\n<p>Pistoncini bagagliaio nissan qashqai j11 (pistoncini per bagagliaio in breve)<\/p>\n<p>) per sostenere il portellone, e il molle bagagliaio come elemento della scocca che permette al bagagliaio di aprirsi e chiudersi dolcemente e senza intoppi.<\/p>\n<p>&nbsp;<\/p>\n<p>Pistoncini bagagliaio nissan qashqai j11 non si sdoppiano, pistoni per bagagliaio non si riparano. Se le parti vengono manomesse, il fluido operativo potrebbe fuoriuscire. Questo problema pu\u00f2 essere rilevato immediatamente anche con una semplice ispezione visiva. Esiste anche il rischio di lesioni dovute all\u2019elevata pressione del gas all\u2019interno del meccanismo.<\/p>\n<p>Quando il portellone scricchiola quando viene aperto, o il bagagliaio non si apre facilmente e il bagagliaio non pu\u00f2 essere aperto nella posizione pi\u00f9 alta, significa che il molle bagagliaio si \u00e8 guastato e la molla a gas deve essere sostituita in tempo per rendere il Pistoncini bagagliaio nissan qashqai j11 di nuovo normale Funziona, il portellone si apre e si richiude tornando normale.<br \/>\n<img class=\"lazyload\" decoding=\"async\" src=\"data:image\/gif;base64,R0lGODlhAQABAAAAACH5BAEKAAEALAAAAAABAAEAAAICTAEAOw==\" data-orig-src=\"https:\/\/gastac.com\/wp-content\/uploads\/2023\/06\/pistoni-cofano-auto-3-280x280.jpg\" alt=\"Pistoncini bagagliaio nissan qashqai j11\" \/><img class=\"lazyload\" decoding=\"async\" src=\"data:image\/gif;base64,R0lGODlhAQABAAAAACH5BAEKAAEALAAAAAABAAEAAAICTAEAOw==\" data-orig-src=\"https:\/\/gastac.com\/wp-content\/uploads\/2023\/06\/pistoni-cofano-smart-451-4-280x280.jpg\" alt=\"Pistoncini bagagliaio nissan qashqai j11\" \/><br \/>\n<strong><b>Pistoncini Bagagliaio Nissan Qashqai J11<\/b><\/strong><strong><b>\u00a0<\/b><\/strong><strong><b>Modelli\u00a0<\/b><\/strong><strong><b>A<\/b><\/strong><strong><b>pplicabili<\/b><\/strong><\/p>\n<p>&nbsp;<\/p>\n<p>Nissan Qashqai<\/p>\n<p>Pistoncini portellone per NISSAN Qashqai \/ Qashqai+2 I (J10, NJ10)<\/p>\n<p>&nbsp;<\/p>\n<p>Pistoni bagagliaio per J10, NJ10 1.5<\/p>\n<p>Pistoncini portellone per NISSAN Qashqai \/ Qashqai+2 I (J10, NJ10) 1.5 dCi 110 CV 2010 \u2013 2013<\/p>\n<p>Ammortizzatore portellone posteriore per Nissan Qashqai j10 1.5 dCi 106 CV 2007 \u2013 2013<\/p>\n<p>1.5 dCi 103 CV 2008 \u2013 2013<\/p>\n<p>NISSAN QASHQAI J10, NJ10 1.6<\/p>\n<p>Pistoncini portellone per NISSAN Qashqai \/ Qashqai+2 I (J10, NJ10) 1.6 117 CV 2010 \u2013 2013<\/p>\n<p>Ammortizzatore portellone posteriore per Nissan Qashqai j10 1.6 114 CV 2007 \u2013 2013<\/p>\n<p>1.6 110 CV 2007 \u2013 2013<\/p>\n<p>1.6 dCi 130 CV 2011 \u2013 2013<\/p>\n<p>1.6 dCi Trazione integrale 130 CV 2011 \u2013 2013<\/p>\n<p>1.6 LPG 117 CV 2010 \u2013 2013<\/p>\n<p>&nbsp;<\/p>\n<p>Pistoni bagagliaio per J10, NJ10 2.0<\/p>\n<p>Pistoncini portellone per NISSAN Qashqai \/ Qashqai+2 I (J10, NJ10) 2.0 140 CV 2010 \u2013 2014<\/p>\n<p>Ammortizzatore portellone posteriore per Nissan Qashqai j10 2.0 141 CV 2007 \u2013 2013<\/p>\n<p>2.0 139 CV 2007 \u2013 2013<\/p>\n<p>2.0 137 CV 2010 \u2013 2014<\/p>\n<p>2.0 dCi 150 CV 2007 \u2013 2013<\/p>\n<p>2.0 dCi Trazione integrale 150 CV 2007 \u2013 2013<\/p>\n<p>2.0 Trazione integrale 140 CV 2010 \u2013 2014<\/p>\n<p>2.0 Trazione integrale 141 CV 2007 \u2013 2013<\/p>\n<p>2.0 Trazione integrale 139 CV 2007 \u2013 2013<\/p>\n<p>2.0 Trazione integrale 137 CV 2007 \u2013 2013<\/p>\n<p>&nbsp;<\/p>\n<p>&nbsp;<\/p>\n<p>Nissan Qashqai II<\/p>\n<p>Pistoncini portellone per NISSAN Qashqai II (J11)<\/p>\n<p>&nbsp;<\/p>\n<p>Pistoni bagagliaio per J11, J11_ 1.2<\/p>\n<p>Pistoncini portellone per NISSAN Qashqai II (J11) 1.2 DIG-T 116 CV 2013 \u2013 \u2026<\/p>\n<p>&nbsp;<\/p>\n<p>NISSAN QASHQAI J11, J11_ 1.3<\/p>\n<p>Pistoncini portellone per NISSAN Qashqai II (J11) 1.3 DIG-T 140 CV 2018 \u2013 \u2026<\/p>\n<p>Ammortizzatore portellone posteriore per Nissan Qashqai J11 1.3 DIG-T 160 CV 2018 \u2013 \u2026<\/p>\n<p>1.3 DIG-T 158 CV 2020 \u2013 \u2026<\/p>\n<p>&nbsp;<\/p>\n<p>Pistoni bagagliaio per J11, J11_ 1.5<\/p>\n<p>Pistoncini portellone per NISSAN Qashqai II (J11) 1.5 dCi 110 CV 2013 \u2013 \u2026<\/p>\n<p>Ammortizzatore portellone posteriore per Nissan Qashqai J11 1.5 dCi 116 CV 2018 \u2013 \u2026<\/p>\n<p>&nbsp;<\/p>\n<p>NISSAN QASHQAI J11, J11_ 1.6<\/p>\n<p>Pistoncini portellone per NISSAN Qashqai II (J11) 1.6 dCi 131 CV 2013 \u2013 \u2026<\/p>\n<p>Ammortizzatore portellone posteriore per Nissan Qashqai J11 1.6 dCi ALL MODE 4\u00d74-i 131 CV 2013 \u2013 \u2026<\/p>\n<p>1.6 DIG-T 163 CV 2014 \u2013 \u2026<\/p>\n<p>&nbsp;<\/p>\n<p>Pistoni bagagliaio per J11, J11_ 1.7<\/p>\n<p>Pistoncini portellone per NISSAN Qashqai II (J11) 1.7 dCi 150 CV 2019 \u2013 \u2026<\/p>\n<p>Ammortizzatore portellone posteriore per Nissan Qashqai J11 1.7 dCi ALL MODE 4\u00d74-i 150 CV 2019 \u2013 \u2026<\/p>\n<p>&nbsp;<\/p>\n<p>NISSAN QASHQAI J11, J11_ 2.0<\/p>\n<p>Pistoncini portellone per NISSAN Qashqai II (J11) 2.0 140 CV 2015 \u2013 \u2026<\/p>\n<p>Ammortizzatore portellone posteriore per Nissan Qashqai J11 2.0 141 CV 2017 \u2013 \u2026<\/p>\n<p>2.0 (J11E) 144 CV 2014 \u2013 \u2026<\/p>\n<p>2.0 ALL MODE 4\u00d74-i 140 CV 2015 \u2013 \u2026<\/p>\n<p>2.0 ALL MODE 4\u00d74-i 141 CV 2017 \u2013 \u2026<\/p>\n<p>2.0 ALL MODE 4\u00d74-i (J11R) 144 CV 2015 \u2013 \u2026<br \/>\n<img decoding=\"async\" class=\"lazyload aligncenter\" src=\"data:image\/gif;base64,R0lGODlhAQABAAAAACH5BAEKAAEALAAAAAABAAEAAAICTAEAOw==\" data-orig-src=\"https:\/\/www.gastac.com\/wp-content\/uploads\/2023\/06\/Pistoncini-bagagliaio-nissan-qashqai-j11-800x292.png\" alt=\"Pistoncini bagagliaio nissan qashqai j11\" \/><\/p>\n","protected":false},"excerpt":{"rendered":"<p>Pistoncini Bagagliaio Nissan Qashqai J11 Pistoncini bagagliaio nissan qashqai j11 (pistoncini per bagagliaio in breve) ) per sostenere il portellone,  [&#8230;]<\/p>\n","protected":false},"featured_media":18350,"comment_status":"open","ping_status":"closed","template":"","meta":[],"product_brand":[],"product_cat":[],"product_tag":[],"class_list":{"0":"post-18344","1":"product","2":"type-product","3":"status-publish","4":"has-post-thumbnail","7":"first","8":"instock","9":"shipping-taxable","10":"product-type-simple"},"yoast_head":"<!-- This site is optimized with the Yoast SEO Premium plugin v26.2 (Yoast SEO v27.4) - https:\/\/yoast.com\/product\/yoast-seo-premium-wordpress\/ -->\n<title>Pistoncini bagagliaio nissan qashqai j11 | Gastac Gas Spring<\/title>\n<meta name=\"robots\" content=\"index, follow, max-snippet:-1, max-image-preview:large, max-video-preview:-1\" \/>\n<link rel=\"canonical\" href=\"https:\/\/www.gastac.com\/it\/prodotto\/pistoncini-bagagliaio-nissan-qashqai-j11\/\" \/>\n<meta property=\"og:locale\" content=\"it_IT\" \/>\n<meta property=\"og:type\" content=\"article\" \/>\n<meta property=\"og:title\" content=\"Pistoncini bagagliaio nissan qashqai j11\" \/>\n<meta property=\"og:description\" content=\"Pistoncini Bagagliaio Nissan Qashqai J11 Pistoncini bagagliaio nissan qashqai j11 (pistoncini per bagagliaio in breve) ) per sostenere il portellone, [...]\" \/>\n<meta property=\"og:url\" content=\"https:\/\/www.gastac.com\/it\/prodotto\/pistoncini-bagagliaio-nissan-qashqai-j11\/\" \/>\n<meta property=\"og:site_name\" content=\"Gastac Gas Spring\" \/>\n<meta property=\"article:publisher\" content=\"https:\/\/www.facebook.com\/profile.php?id=100092358464608\" \/>\n<meta property=\"og:image\" content=\"https:\/\/www.gastac.com\/wp-content\/uploads\/2025\/11\/pistoni-cofano-auto-3.webp\" \/>\n\t<meta property=\"og:image:width\" content=\"600\" \/>\n\t<meta property=\"og:image:height\" content=\"600\" \/>\n\t<meta property=\"og:image:type\" content=\"image\/webp\" \/>\n<meta name=\"twitter:card\" content=\"summary_large_image\" \/>\n<meta name=\"twitter:label1\" content=\"Tempo di lettura stimato\" \/>\n\t<meta name=\"twitter:data1\" content=\"1 minuto\" \/>\n<script type=\"application\/ld+json\" class=\"yoast-schema-graph\">{\"@context\":\"https:\\\/\\\/schema.org\",\"@graph\":[{\"@type\":\"WebPage\",\"@id\":\"https:\\\/\\\/www.gastac.com\\\/it\\\/prodotto\\\/pistoncini-bagagliaio-nissan-qashqai-j11\\\/\",\"url\":\"https:\\\/\\\/www.gastac.com\\\/it\\\/prodotto\\\/pistoncini-bagagliaio-nissan-qashqai-j11\\\/\",\"name\":\"Pistoncini bagagliaio nissan qashqai j11 | Gastac Gas Spring\",\"isPartOf\":{\"@id\":\"https:\\\/\\\/www.gastac.com\\\/it\\\/#website\"},\"primaryImageOfPage\":{\"@id\":\"https:\\\/\\\/www.gastac.com\\\/it\\\/prodotto\\\/pistoncini-bagagliaio-nissan-qashqai-j11\\\/#primaryimage\"},\"image\":{\"@id\":\"https:\\\/\\\/www.gastac.com\\\/it\\\/prodotto\\\/pistoncini-bagagliaio-nissan-qashqai-j11\\\/#primaryimage\"},\"thumbnailUrl\":\"https:\\\/\\\/www.gastac.com\\\/wp-content\\\/uploads\\\/2025\\\/11\\\/pistoni-cofano-auto-3.webp\",\"datePublished\":\"2025-11-12T01:43:15+00:00\",\"breadcrumb\":{\"@id\":\"https:\\\/\\\/www.gastac.com\\\/it\\\/prodotto\\\/pistoncini-bagagliaio-nissan-qashqai-j11\\\/#breadcrumb\"},\"inLanguage\":\"it-IT\",\"potentialAction\":[{\"@type\":\"ReadAction\",\"target\":[\"https:\\\/\\\/www.gastac.com\\\/it\\\/prodotto\\\/pistoncini-bagagliaio-nissan-qashqai-j11\\\/\"]}]},{\"@type\":\"ImageObject\",\"inLanguage\":\"it-IT\",\"@id\":\"https:\\\/\\\/www.gastac.com\\\/it\\\/prodotto\\\/pistoncini-bagagliaio-nissan-qashqai-j11\\\/#primaryimage\",\"url\":\"https:\\\/\\\/www.gastac.com\\\/wp-content\\\/uploads\\\/2025\\\/11\\\/pistoni-cofano-auto-3.webp\",\"contentUrl\":\"https:\\\/\\\/www.gastac.com\\\/wp-content\\\/uploads\\\/2025\\\/11\\\/pistoni-cofano-auto-3.webp\",\"width\":600,\"height\":600,\"caption\":\"pistoni cofano auto 3\"},{\"@type\":\"BreadcrumbList\",\"@id\":\"https:\\\/\\\/www.gastac.com\\\/it\\\/prodotto\\\/pistoncini-bagagliaio-nissan-qashqai-j11\\\/#breadcrumb\",\"itemListElement\":[{\"@type\":\"ListItem\",\"position\":1,\"name\":\"Home\",\"item\":\"https:\\\/\\\/www.gastac.com\\\/it\\\/\"},{\"@type\":\"ListItem\",\"position\":2,\"name\":\"products\",\"item\":\"https:\\\/\\\/www.gastac.com\\\/it\\\/products\\\/\"},{\"@type\":\"ListItem\",\"position\":3,\"name\":\"Pistoncini bagagliaio nissan qashqai j11\"}]},{\"@type\":\"WebSite\",\"@id\":\"https:\\\/\\\/www.gastac.com\\\/it\\\/#website\",\"url\":\"https:\\\/\\\/www.gastac.com\\\/it\\\/\",\"name\":\"Gastac Gas Spring\",\"description\":\"China\u2019s Leading Gas Springs &amp; Struts Manufacturer\",\"publisher\":{\"@id\":\"https:\\\/\\\/www.gastac.com\\\/it\\\/#organization\"},\"potentialAction\":[{\"@type\":\"SearchAction\",\"target\":{\"@type\":\"EntryPoint\",\"urlTemplate\":\"https:\\\/\\\/www.gastac.com\\\/it\\\/?s={search_term_string}\"},\"query-input\":{\"@type\":\"PropertyValueSpecification\",\"valueRequired\":true,\"valueName\":\"search_term_string\"}}],\"inLanguage\":\"it-IT\"},{\"@type\":\"Organization\",\"@id\":\"https:\\\/\\\/www.gastac.com\\\/it\\\/#organization\",\"name\":\"Ningbo Gastac Gas Spring Co.,Ltd\",\"url\":\"https:\\\/\\\/www.gastac.com\\\/it\\\/\",\"logo\":{\"@type\":\"ImageObject\",\"inLanguage\":\"it-IT\",\"@id\":\"https:\\\/\\\/www.gastac.com\\\/it\\\/#\\\/schema\\\/logo\\\/image\\\/\",\"url\":\"https:\\\/\\\/www.gastac.com\\\/wp-content\\\/uploads\\\/2025\\\/09\\\/LOGO\u672c\u8272-\u9ed1.webp\",\"contentUrl\":\"https:\\\/\\\/www.gastac.com\\\/wp-content\\\/uploads\\\/2025\\\/09\\\/LOGO\u672c\u8272-\u9ed1.webp\",\"width\":1920,\"height\":1080,\"caption\":\"Ningbo Gastac Gas Spring Co.,Ltd\"},\"image\":{\"@id\":\"https:\\\/\\\/www.gastac.com\\\/it\\\/#\\\/schema\\\/logo\\\/image\\\/\"},\"sameAs\":[\"https:\\\/\\\/www.facebook.com\\\/profile.php?id=100092358464608\",\"https:\\\/\\\/www.youtube.com\\\/@Gastac-Gas-Spring\",\"https:\\\/\\\/www.linkedin.com\\\/in\\\/gastac-gas-spring\\\/\",\"https:\\\/\\\/www.instagram.com\\\/gastacgasspring\\\/\"]}]}<\/script>\n<!-- \/ Yoast SEO Premium plugin. -->","yoast_head_json":{"title":"Pistoncini bagagliaio nissan qashqai j11 | Gastac Gas Spring","robots":{"index":"index","follow":"follow","max-snippet":"max-snippet:-1","max-image-preview":"max-image-preview:large","max-video-preview":"max-video-preview:-1"},"canonical":"https:\/\/www.gastac.com\/it\/prodotto\/pistoncini-bagagliaio-nissan-qashqai-j11\/","og_locale":"it_IT","og_type":"article","og_title":"Pistoncini bagagliaio nissan qashqai j11","og_description":"Pistoncini Bagagliaio Nissan Qashqai J11 Pistoncini bagagliaio nissan qashqai j11 (pistoncini per bagagliaio in breve) ) per sostenere il portellone, [...]","og_url":"https:\/\/www.gastac.com\/it\/prodotto\/pistoncini-bagagliaio-nissan-qashqai-j11\/","og_site_name":"Gastac Gas Spring","article_publisher":"https:\/\/www.facebook.com\/profile.php?id=100092358464608","og_image":[{"width":600,"height":600,"url":"https:\/\/www.gastac.com\/wp-content\/uploads\/2025\/11\/pistoni-cofano-auto-3.webp","type":"image\/webp"}],"twitter_card":"summary_large_image","twitter_misc":{"Tempo di lettura stimato":"1 minuto"},"schema":{"@context":"https:\/\/schema.org","@graph":[{"@type":"WebPage","@id":"https:\/\/www.gastac.com\/it\/prodotto\/pistoncini-bagagliaio-nissan-qashqai-j11\/","url":"https:\/\/www.gastac.com\/it\/prodotto\/pistoncini-bagagliaio-nissan-qashqai-j11\/","name":"Pistoncini bagagliaio nissan qashqai j11 | Gastac Gas Spring","isPartOf":{"@id":"https:\/\/www.gastac.com\/it\/#website"},"primaryImageOfPage":{"@id":"https:\/\/www.gastac.com\/it\/prodotto\/pistoncini-bagagliaio-nissan-qashqai-j11\/#primaryimage"},"image":{"@id":"https:\/\/www.gastac.com\/it\/prodotto\/pistoncini-bagagliaio-nissan-qashqai-j11\/#primaryimage"},"thumbnailUrl":"https:\/\/www.gastac.com\/wp-content\/uploads\/2025\/11\/pistoni-cofano-auto-3.webp","datePublished":"2025-11-12T01:43:15+00:00","breadcrumb":{"@id":"https:\/\/www.gastac.com\/it\/prodotto\/pistoncini-bagagliaio-nissan-qashqai-j11\/#breadcrumb"},"inLanguage":"it-IT","potentialAction":[{"@type":"ReadAction","target":["https:\/\/www.gastac.com\/it\/prodotto\/pistoncini-bagagliaio-nissan-qashqai-j11\/"]}]},{"@type":"ImageObject","inLanguage":"it-IT","@id":"https:\/\/www.gastac.com\/it\/prodotto\/pistoncini-bagagliaio-nissan-qashqai-j11\/#primaryimage","url":"https:\/\/www.gastac.com\/wp-content\/uploads\/2025\/11\/pistoni-cofano-auto-3.webp","contentUrl":"https:\/\/www.gastac.com\/wp-content\/uploads\/2025\/11\/pistoni-cofano-auto-3.webp","width":600,"height":600,"caption":"pistoni cofano auto 3"},{"@type":"BreadcrumbList","@id":"https:\/\/www.gastac.com\/it\/prodotto\/pistoncini-bagagliaio-nissan-qashqai-j11\/#breadcrumb","itemListElement":[{"@type":"ListItem","position":1,"name":"Home","item":"https:\/\/www.gastac.com\/it\/"},{"@type":"ListItem","position":2,"name":"products","item":"https:\/\/www.gastac.com\/it\/products\/"},{"@type":"ListItem","position":3,"name":"Pistoncini bagagliaio nissan qashqai j11"}]},{"@type":"WebSite","@id":"https:\/\/www.gastac.com\/it\/#website","url":"https:\/\/www.gastac.com\/it\/","name":"Gastac Gas Spring","description":"China\u2019s Leading Gas Springs &amp; Struts Manufacturer","publisher":{"@id":"https:\/\/www.gastac.com\/it\/#organization"},"potentialAction":[{"@type":"SearchAction","target":{"@type":"EntryPoint","urlTemplate":"https:\/\/www.gastac.com\/it\/?s={search_term_string}"},"query-input":{"@type":"PropertyValueSpecification","valueRequired":true,"valueName":"search_term_string"}}],"inLanguage":"it-IT"},{"@type":"Organization","@id":"https:\/\/www.gastac.com\/it\/#organization","name":"Ningbo Gastac Gas Spring Co.,Ltd","url":"https:\/\/www.gastac.com\/it\/","logo":{"@type":"ImageObject","inLanguage":"it-IT","@id":"https:\/\/www.gastac.com\/it\/#\/schema\/logo\/image\/","url":"https:\/\/www.gastac.com\/wp-content\/uploads\/2025\/09\/LOGO\u672c\u8272-\u9ed1.webp","contentUrl":"https:\/\/www.gastac.com\/wp-content\/uploads\/2025\/09\/LOGO\u672c\u8272-\u9ed1.webp","width":1920,"height":1080,"caption":"Ningbo Gastac Gas Spring Co.,Ltd"},"image":{"@id":"https:\/\/www.gastac.com\/it\/#\/schema\/logo\/image\/"},"sameAs":["https:\/\/www.facebook.com\/profile.php?id=100092358464608","https:\/\/www.youtube.com\/@Gastac-Gas-Spring","https:\/\/www.linkedin.com\/in\/gastac-gas-spring\/","https:\/\/www.instagram.com\/gastacgasspring\/"]}]}},"_links":{"self":[{"href":"https:\/\/www.gastac.com\/it\/wp-json\/wp\/v2\/product\/18344","targetHints":{"allow":["GET"]}}],"collection":[{"href":"https:\/\/www.gastac.com\/it\/wp-json\/wp\/v2\/product"}],"about":[{"href":"https:\/\/www.gastac.com\/it\/wp-json\/wp\/v2\/types\/product"}],"replies":[{"embeddable":true,"href":"https:\/\/www.gastac.com\/it\/wp-json\/wp\/v2\/comments?post=18344"}],"wp:featuredmedia":[{"embeddable":true,"href":"https:\/\/www.gastac.com\/it\/wp-json\/wp\/v2\/media\/18350"}],"wp:attachment":[{"href":"https:\/\/www.gastac.com\/it\/wp-json\/wp\/v2\/media?parent=18344"}],"wp:term":[{"taxonomy":"product_brand","embeddable":true,"href":"https:\/\/www.gastac.com\/it\/wp-json\/wp\/v2\/product_brand?post=18344"},{"taxonomy":"product_cat","embeddable":true,"href":"https:\/\/www.gastac.com\/it\/wp-json\/wp\/v2\/product_cat?post=18344"},{"taxonomy":"product_tag","embeddable":true,"href":"https:\/\/www.gastac.com\/it\/wp-json\/wp\/v2\/product_tag?post=18344"}],"curies":[{"name":"wp","href":"https:\/\/api.w.org\/{rel}","templated":true}]}}