{"id":18337,"date":"2025-11-12T01:39:37","date_gmt":"2025-11-12T01:39:37","guid":{"rendered":"https:\/\/www.gastac.com\/?post_type=product&#038;p=18337"},"modified":"2025-11-12T01:39:38","modified_gmt":"2025-11-12T01:39:38","slug":"pistoni-portellone-opel-agila","status":"publish","type":"product","link":"https:\/\/www.gastac.com\/it\/prodotto\/pistoni-portellone-opel-agila\/","title":{"rendered":"Pistoni portellone opel agila"},"content":{"rendered":"<p><strong>Pistoni portellone opel agila<\/strong><\/p>\n<p>I pistoni portellone opel agila (noti anche come pistoncini per bagagliaio) vengono utilizzati per sostenere il portellone, mentre gli ammortizzatori portabagagli vengono utilizzati come elemento della carrozzeria per consentire al bagagliaio della Opel Agila di aprirsi e chiudersi dolcemente e senza intoppi.<\/p>\n<p>I pistoni portellone opel agila non si possono sdoppiare, n\u00e9 si possono riparare gli ammortizzatori portabagagli. Se le parti vengono manomesse, il fluido operativo potrebbe fuoriuscire. Questo problema pu\u00f2 essere rilevato immediatamente anche con una semplice ispezione visiva. Esiste anche il rischio di lesioni dovute all\u2019elevata pressione del gas all\u2019interno del meccanismo.<\/p>\n<p>Quando il portellone scricchiola quando viene aperto, o il bagagliaio non si apre facilmente e il bagagliaio non pu\u00f2 essere aperto nella posizione pi\u00f9 alta, significa che il portellone a gas molle \u00e8 difettoso e la molla a gas deve essere sostituita in tempo per rendere i pistoni portellone opel agila funzionano di nuovo funziona, il portellone si apre e si richiude tornando normale.<br \/>\n<img class=\"lazyload\" decoding=\"async\" src=\"data:image\/gif;base64,R0lGODlhAQABAAAAACH5BAEKAAEALAAAAAABAAEAAAICTAEAOw==\" data-orig-src=\"https:\/\/gastac.com\/wp-content\/uploads\/2023\/06\/pistoni-cofano-nissan-qashqai-2-1-280x280.jpg\" alt=\"Pistoni portellone opel agila\" \/><img class=\"lazyload\" decoding=\"async\" src=\"data:image\/gif;base64,R0lGODlhAQABAAAAACH5BAEKAAEALAAAAAABAAEAAAICTAEAOw==\" data-orig-src=\"https:\/\/gastac.com\/wp-content\/uploads\/2023\/06\/pistoni-cofano-smart-451-4-280x280.jpg\" alt=\"Pistoni portellone opel agila\" \/><\/p>\n<p>Se desideri acquistare pizzani portellone opel agila a un prezzo inferiore, effettua un ordine nel nostro negozio online. Non solo economico ma anche veloce. L\u2019acquisto online richiede pochi minuti, il nostro team elaborer\u00e0 rapidamente il tuo ordine e spedir\u00e0 i tuoi pistoncini per bagagliaio.<\/p>\n<p><strong><b>P<\/b><\/strong><strong><b>istoni<\/b><\/strong><strong><b>\u00a0P<\/b><\/strong><strong><b>ortellone\u00a0<\/b><\/strong><strong><b>O<\/b><\/strong><strong><b>pel\u00a0<\/b><\/strong><strong><b>A<\/b><\/strong><strong><b>gila<\/b><\/strong><strong><b>\u00a0Modelli Applicabili<\/b><\/strong><\/p>\n<p>Pistoni bagagliaio per A 1.0<\/p>\n<p>Pistoncini portellone per OPEL Agila A (H00) 1.0 (F68) 60 CV 2003 \u2013 2007<\/p>\n<p>Ammortizzatore portellone posteriore per Opel Agila A 1.0 12V (F68) 58 CV 2000 \u2013 2007<\/p>\n<p>&nbsp;<\/p>\n<p>OPEL AGILA A 1.2<\/p>\n<p>Pistoncini portellone per OPEL Agila A (H00) 1.2 16V (F68) 75 CV 2000 \u2013 2007<\/p>\n<p>Ammortizzatore portellone posteriore per Opel Agila A 1.2 16V Twinport (F68) 80 CV 2004 \u2013 2007<\/p>\n<p>&nbsp;<\/p>\n<p>Pistoni bagagliaio per A 1.3<\/p>\n<p>Pistoncini portellone per OPEL Agila A (H00) 1.3 CDTI (F68) 70 CV 2003 \u2013 2007<\/p>\n<p>&nbsp;<\/p>\n<p>AMMORTIZZATORE PORTELLONE POSTERIORE \u00a0TOP OPEL AGILA B (H08) MODELLI DI AUTO<\/p>\n<p>&nbsp;<\/p>\n<p>Pistoni bagagliaio per B 1.0<\/p>\n<p>Pistoncini portellone per OPEL Agila B (H08) 1.0 (F68) 68 CV 2011 \u2013 2014<\/p>\n<p>Ammortizzatore portellone posteriore per OPEL Agila B 1.0 (F68) 65 CV 2008 \u2013 2011<\/p>\n<p>1.0 LPG (F68) 65 CV 2010 \u2013 2011<\/p>\n<p>&nbsp;<\/p>\n<p>OPEL AGILA B 1.2<\/p>\n<p>Pistoncini portellone per OPEL Agila B (H08) 1.2 (F68) 94 CV 2010 \u2013 2014<\/p>\n<p>Ammortizzatore portellone posteriore per OPEL Agila B 1.2 (F68) 86 CV 2008 \u2013 2012<\/p>\n<p>1.2 LPG (F68) 86 CV 2008 \u2013 2010<\/p>\n<p>&nbsp;<\/p>\n<p>Pistoni bagagliaio per B 1.3<\/p>\n<p>Pistoncini portellone per OPEL Agila B (H08) 1.3 CDTI (F68) 75 CV 2008 \u2013 2010<br \/>\n<img decoding=\"async\" class=\"lazyload \" src=\"data:image\/svg+xml,%3Csvg%20xmlns%3D%27http%3A%2F%2Fwww.w3.org%2F2000%2Fsvg%27%20width%3D%27438%27%20height%3D%27292%27%20viewBox%3D%270%200%20438%20292%27%3E%3Crect%20width%3D%27438%27%20height%3D%27292%27%20fill-opacity%3D%220%22%2F%3E%3C%2Fsvg%3E\" data-orig-src=\"https:\/\/gastac.com\/wp-content\/uploads\/2022\/09\/TailgateX_02.jpg\" alt=\"Pistoni portellone opel agila\" width=\"438\" height=\"292\" \/><img decoding=\"async\" class=\"lazyload \" src=\"data:image\/svg+xml,%3Csvg%20xmlns%3D%27http%3A%2F%2Fwww.w3.org%2F2000%2Fsvg%27%20width%3D%27438%27%20height%3D%27292%27%20viewBox%3D%270%200%20438%20292%27%3E%3Crect%20width%3D%27438%27%20height%3D%27292%27%20fill-opacity%3D%220%22%2F%3E%3C%2Fsvg%3E\" data-orig-src=\"https:\/\/gastac.com\/wp-content\/uploads\/2022\/09\/TailgateX_03.jpg\" alt=\"Pistoni portellone opel agila\" width=\"438\" height=\"292\" \/><\/p>\n<p>&nbsp;<\/p>\n","protected":false},"excerpt":{"rendered":"<p>Pistoni portellone opel agila I pistoni portellone opel agila (noti anche come pistoncini per bagagliaio) vengono utilizzati per sostenere il  [&#8230;]<\/p>\n","protected":false},"featured_media":18343,"comment_status":"open","ping_status":"closed","template":"","meta":[],"product_brand":[],"product_cat":[],"product_tag":[],"class_list":{"0":"post-18337","1":"product","2":"type-product","3":"status-publish","4":"has-post-thumbnail","7":"first","8":"instock","9":"shipping-taxable","10":"product-type-simple"},"yoast_head":"<!-- This site is optimized with the Yoast SEO Premium plugin v26.2 (Yoast SEO v27.4) - https:\/\/yoast.com\/product\/yoast-seo-premium-wordpress\/ -->\n<title>Pistoni portellone opel agila | Gastac Gas Spring<\/title>\n<meta name=\"robots\" content=\"index, follow, max-snippet:-1, max-image-preview:large, max-video-preview:-1\" \/>\n<link rel=\"canonical\" href=\"https:\/\/www.gastac.com\/it\/prodotto\/pistoni-portellone-opel-agila\/\" \/>\n<meta property=\"og:locale\" content=\"it_IT\" \/>\n<meta property=\"og:type\" content=\"article\" \/>\n<meta property=\"og:title\" content=\"Pistoni portellone opel agila\" \/>\n<meta property=\"og:description\" content=\"Pistoni portellone opel agila I pistoni portellone opel agila (noti anche come pistoncini per bagagliaio) vengono utilizzati per sostenere il [...]\" \/>\n<meta property=\"og:url\" content=\"https:\/\/www.gastac.com\/it\/prodotto\/pistoni-portellone-opel-agila\/\" \/>\n<meta property=\"og:site_name\" content=\"Gastac Gas Spring\" \/>\n<meta property=\"article:publisher\" content=\"https:\/\/www.facebook.com\/profile.php?id=100092358464608\" \/>\n<meta property=\"article:modified_time\" content=\"2025-11-12T01:39:38+00:00\" \/>\n<meta property=\"og:image\" content=\"https:\/\/www.gastac.com\/wp-content\/uploads\/2025\/11\/ammortizzatori-portellone-fiat-punto.webp\" \/>\n\t<meta property=\"og:image:width\" content=\"300\" \/>\n\t<meta property=\"og:image:height\" content=\"300\" \/>\n\t<meta property=\"og:image:type\" content=\"image\/webp\" \/>\n<meta name=\"twitter:card\" content=\"summary_large_image\" \/>\n<meta name=\"twitter:label1\" content=\"Tempo di lettura stimato\" \/>\n\t<meta name=\"twitter:data1\" content=\"1 minuto\" \/>\n<script type=\"application\/ld+json\" class=\"yoast-schema-graph\">{\"@context\":\"https:\\\/\\\/schema.org\",\"@graph\":[{\"@type\":\"WebPage\",\"@id\":\"https:\\\/\\\/www.gastac.com\\\/it\\\/prodotto\\\/pistoni-portellone-opel-agila\\\/\",\"url\":\"https:\\\/\\\/www.gastac.com\\\/it\\\/prodotto\\\/pistoni-portellone-opel-agila\\\/\",\"name\":\"Pistoni portellone opel agila | Gastac Gas Spring\",\"isPartOf\":{\"@id\":\"https:\\\/\\\/www.gastac.com\\\/it\\\/#website\"},\"primaryImageOfPage\":{\"@id\":\"https:\\\/\\\/www.gastac.com\\\/it\\\/prodotto\\\/pistoni-portellone-opel-agila\\\/#primaryimage\"},\"image\":{\"@id\":\"https:\\\/\\\/www.gastac.com\\\/it\\\/prodotto\\\/pistoni-portellone-opel-agila\\\/#primaryimage\"},\"thumbnailUrl\":\"https:\\\/\\\/www.gastac.com\\\/wp-content\\\/uploads\\\/2025\\\/11\\\/ammortizzatori-portellone-fiat-punto.webp\",\"datePublished\":\"2025-11-12T01:39:37+00:00\",\"dateModified\":\"2025-11-12T01:39:38+00:00\",\"breadcrumb\":{\"@id\":\"https:\\\/\\\/www.gastac.com\\\/it\\\/prodotto\\\/pistoni-portellone-opel-agila\\\/#breadcrumb\"},\"inLanguage\":\"it-IT\",\"potentialAction\":[{\"@type\":\"ReadAction\",\"target\":[\"https:\\\/\\\/www.gastac.com\\\/it\\\/prodotto\\\/pistoni-portellone-opel-agila\\\/\"]}]},{\"@type\":\"ImageObject\",\"inLanguage\":\"it-IT\",\"@id\":\"https:\\\/\\\/www.gastac.com\\\/it\\\/prodotto\\\/pistoni-portellone-opel-agila\\\/#primaryimage\",\"url\":\"https:\\\/\\\/www.gastac.com\\\/wp-content\\\/uploads\\\/2025\\\/11\\\/ammortizzatori-portellone-fiat-punto.webp\",\"contentUrl\":\"https:\\\/\\\/www.gastac.com\\\/wp-content\\\/uploads\\\/2025\\\/11\\\/ammortizzatori-portellone-fiat-punto.webp\",\"width\":300,\"height\":300,\"caption\":\"ammortizzatori portellone fiat punto\"},{\"@type\":\"BreadcrumbList\",\"@id\":\"https:\\\/\\\/www.gastac.com\\\/it\\\/prodotto\\\/pistoni-portellone-opel-agila\\\/#breadcrumb\",\"itemListElement\":[{\"@type\":\"ListItem\",\"position\":1,\"name\":\"Home\",\"item\":\"https:\\\/\\\/www.gastac.com\\\/it\\\/\"},{\"@type\":\"ListItem\",\"position\":2,\"name\":\"products\",\"item\":\"https:\\\/\\\/www.gastac.com\\\/it\\\/products\\\/\"},{\"@type\":\"ListItem\",\"position\":3,\"name\":\"Pistoni portellone opel agila\"}]},{\"@type\":\"WebSite\",\"@id\":\"https:\\\/\\\/www.gastac.com\\\/it\\\/#website\",\"url\":\"https:\\\/\\\/www.gastac.com\\\/it\\\/\",\"name\":\"Gastac Gas Spring\",\"description\":\"China\u2019s Leading Gas Springs &amp; Struts Manufacturer\",\"publisher\":{\"@id\":\"https:\\\/\\\/www.gastac.com\\\/it\\\/#organization\"},\"potentialAction\":[{\"@type\":\"SearchAction\",\"target\":{\"@type\":\"EntryPoint\",\"urlTemplate\":\"https:\\\/\\\/www.gastac.com\\\/it\\\/?s={search_term_string}\"},\"query-input\":{\"@type\":\"PropertyValueSpecification\",\"valueRequired\":true,\"valueName\":\"search_term_string\"}}],\"inLanguage\":\"it-IT\"},{\"@type\":\"Organization\",\"@id\":\"https:\\\/\\\/www.gastac.com\\\/it\\\/#organization\",\"name\":\"Ningbo Gastac Gas Spring Co.,Ltd\",\"url\":\"https:\\\/\\\/www.gastac.com\\\/it\\\/\",\"logo\":{\"@type\":\"ImageObject\",\"inLanguage\":\"it-IT\",\"@id\":\"https:\\\/\\\/www.gastac.com\\\/it\\\/#\\\/schema\\\/logo\\\/image\\\/\",\"url\":\"https:\\\/\\\/www.gastac.com\\\/wp-content\\\/uploads\\\/2025\\\/09\\\/LOGO\u672c\u8272-\u9ed1.webp\",\"contentUrl\":\"https:\\\/\\\/www.gastac.com\\\/wp-content\\\/uploads\\\/2025\\\/09\\\/LOGO\u672c\u8272-\u9ed1.webp\",\"width\":1920,\"height\":1080,\"caption\":\"Ningbo Gastac Gas Spring Co.,Ltd\"},\"image\":{\"@id\":\"https:\\\/\\\/www.gastac.com\\\/it\\\/#\\\/schema\\\/logo\\\/image\\\/\"},\"sameAs\":[\"https:\\\/\\\/www.facebook.com\\\/profile.php?id=100092358464608\",\"https:\\\/\\\/www.youtube.com\\\/@Gastac-Gas-Spring\",\"https:\\\/\\\/www.linkedin.com\\\/in\\\/gastac-gas-spring\\\/\",\"https:\\\/\\\/www.instagram.com\\\/gastacgasspring\\\/\"]}]}<\/script>\n<!-- \/ Yoast SEO Premium plugin. -->","yoast_head_json":{"title":"Pistoni portellone opel agila | Gastac Gas Spring","robots":{"index":"index","follow":"follow","max-snippet":"max-snippet:-1","max-image-preview":"max-image-preview:large","max-video-preview":"max-video-preview:-1"},"canonical":"https:\/\/www.gastac.com\/it\/prodotto\/pistoni-portellone-opel-agila\/","og_locale":"it_IT","og_type":"article","og_title":"Pistoni portellone opel agila","og_description":"Pistoni portellone opel agila I pistoni portellone opel agila (noti anche come pistoncini per bagagliaio) vengono utilizzati per sostenere il [...]","og_url":"https:\/\/www.gastac.com\/it\/prodotto\/pistoni-portellone-opel-agila\/","og_site_name":"Gastac Gas Spring","article_publisher":"https:\/\/www.facebook.com\/profile.php?id=100092358464608","article_modified_time":"2025-11-12T01:39:38+00:00","og_image":[{"width":300,"height":300,"url":"https:\/\/www.gastac.com\/wp-content\/uploads\/2025\/11\/ammortizzatori-portellone-fiat-punto.webp","type":"image\/webp"}],"twitter_card":"summary_large_image","twitter_misc":{"Tempo di lettura stimato":"1 minuto"},"schema":{"@context":"https:\/\/schema.org","@graph":[{"@type":"WebPage","@id":"https:\/\/www.gastac.com\/it\/prodotto\/pistoni-portellone-opel-agila\/","url":"https:\/\/www.gastac.com\/it\/prodotto\/pistoni-portellone-opel-agila\/","name":"Pistoni portellone opel agila | Gastac Gas Spring","isPartOf":{"@id":"https:\/\/www.gastac.com\/it\/#website"},"primaryImageOfPage":{"@id":"https:\/\/www.gastac.com\/it\/prodotto\/pistoni-portellone-opel-agila\/#primaryimage"},"image":{"@id":"https:\/\/www.gastac.com\/it\/prodotto\/pistoni-portellone-opel-agila\/#primaryimage"},"thumbnailUrl":"https:\/\/www.gastac.com\/wp-content\/uploads\/2025\/11\/ammortizzatori-portellone-fiat-punto.webp","datePublished":"2025-11-12T01:39:37+00:00","dateModified":"2025-11-12T01:39:38+00:00","breadcrumb":{"@id":"https:\/\/www.gastac.com\/it\/prodotto\/pistoni-portellone-opel-agila\/#breadcrumb"},"inLanguage":"it-IT","potentialAction":[{"@type":"ReadAction","target":["https:\/\/www.gastac.com\/it\/prodotto\/pistoni-portellone-opel-agila\/"]}]},{"@type":"ImageObject","inLanguage":"it-IT","@id":"https:\/\/www.gastac.com\/it\/prodotto\/pistoni-portellone-opel-agila\/#primaryimage","url":"https:\/\/www.gastac.com\/wp-content\/uploads\/2025\/11\/ammortizzatori-portellone-fiat-punto.webp","contentUrl":"https:\/\/www.gastac.com\/wp-content\/uploads\/2025\/11\/ammortizzatori-portellone-fiat-punto.webp","width":300,"height":300,"caption":"ammortizzatori portellone fiat punto"},{"@type":"BreadcrumbList","@id":"https:\/\/www.gastac.com\/it\/prodotto\/pistoni-portellone-opel-agila\/#breadcrumb","itemListElement":[{"@type":"ListItem","position":1,"name":"Home","item":"https:\/\/www.gastac.com\/it\/"},{"@type":"ListItem","position":2,"name":"products","item":"https:\/\/www.gastac.com\/it\/products\/"},{"@type":"ListItem","position":3,"name":"Pistoni portellone opel agila"}]},{"@type":"WebSite","@id":"https:\/\/www.gastac.com\/it\/#website","url":"https:\/\/www.gastac.com\/it\/","name":"Gastac Gas Spring","description":"China\u2019s Leading Gas Springs &amp; Struts Manufacturer","publisher":{"@id":"https:\/\/www.gastac.com\/it\/#organization"},"potentialAction":[{"@type":"SearchAction","target":{"@type":"EntryPoint","urlTemplate":"https:\/\/www.gastac.com\/it\/?s={search_term_string}"},"query-input":{"@type":"PropertyValueSpecification","valueRequired":true,"valueName":"search_term_string"}}],"inLanguage":"it-IT"},{"@type":"Organization","@id":"https:\/\/www.gastac.com\/it\/#organization","name":"Ningbo Gastac Gas Spring Co.,Ltd","url":"https:\/\/www.gastac.com\/it\/","logo":{"@type":"ImageObject","inLanguage":"it-IT","@id":"https:\/\/www.gastac.com\/it\/#\/schema\/logo\/image\/","url":"https:\/\/www.gastac.com\/wp-content\/uploads\/2025\/09\/LOGO\u672c\u8272-\u9ed1.webp","contentUrl":"https:\/\/www.gastac.com\/wp-content\/uploads\/2025\/09\/LOGO\u672c\u8272-\u9ed1.webp","width":1920,"height":1080,"caption":"Ningbo Gastac Gas Spring Co.,Ltd"},"image":{"@id":"https:\/\/www.gastac.com\/it\/#\/schema\/logo\/image\/"},"sameAs":["https:\/\/www.facebook.com\/profile.php?id=100092358464608","https:\/\/www.youtube.com\/@Gastac-Gas-Spring","https:\/\/www.linkedin.com\/in\/gastac-gas-spring\/","https:\/\/www.instagram.com\/gastacgasspring\/"]}]}},"_links":{"self":[{"href":"https:\/\/www.gastac.com\/it\/wp-json\/wp\/v2\/product\/18337","targetHints":{"allow":["GET"]}}],"collection":[{"href":"https:\/\/www.gastac.com\/it\/wp-json\/wp\/v2\/product"}],"about":[{"href":"https:\/\/www.gastac.com\/it\/wp-json\/wp\/v2\/types\/product"}],"replies":[{"embeddable":true,"href":"https:\/\/www.gastac.com\/it\/wp-json\/wp\/v2\/comments?post=18337"}],"wp:featuredmedia":[{"embeddable":true,"href":"https:\/\/www.gastac.com\/it\/wp-json\/wp\/v2\/media\/18343"}],"wp:attachment":[{"href":"https:\/\/www.gastac.com\/it\/wp-json\/wp\/v2\/media?parent=18337"}],"wp:term":[{"taxonomy":"product_brand","embeddable":true,"href":"https:\/\/www.gastac.com\/it\/wp-json\/wp\/v2\/product_brand?post=18337"},{"taxonomy":"product_cat","embeddable":true,"href":"https:\/\/www.gastac.com\/it\/wp-json\/wp\/v2\/product_cat?post=18337"},{"taxonomy":"product_tag","embeddable":true,"href":"https:\/\/www.gastac.com\/it\/wp-json\/wp\/v2\/product_tag?post=18337"}],"curies":[{"name":"wp","href":"https:\/\/api.w.org\/{rel}","templated":true}]}}