{"id":18299,"date":"2025-11-13T01:54:57","date_gmt":"2025-11-13T01:54:57","guid":{"rendered":"https:\/\/www.gastac.com\/?post_type=product&#038;p=18299"},"modified":"2025-11-13T01:54:58","modified_gmt":"2025-11-13T01:54:58","slug":"molle-a-gas-portellone-lancia-musa","status":"publish","type":"product","link":"https:\/\/www.gastac.com\/it\/prodotto\/molle-a-gas-portellone-lancia-musa\/","title":{"rendered":"Molle a gas portellone lancia musa"},"content":{"rendered":"<p><strong>Molle a gas portellone lancia musa<\/strong><\/p>\n<p>molle a gas portellone lancia musa (pistoni per baule auto in breve) viene utilizzato per sostenere il portellone, e molle cofano posteriore \u00e8 un elemento della carrozzeria che consente al bagagliaio di aprirsi e chiudersi dolcemente e senza intoppi.<\/p>\n<p>molle a gas portellone lancia musa non sdoppiabile, molle cofano posteriore<\/p>\n<p>Non \u00e8 possibile risolvere. Se le parti vengono manomesse, il fluido operativo potrebbe fuoriuscire. Questo problema pu\u00f2 essere rilevato immediatamente anche con una semplice ispezione visiva. Esiste anche il rischio di lesioni dovute all\u2019elevata pressione del gas all\u2019interno del meccanismo.<\/p>\n<p>Quando il portellone scricchiola quando viene aperto, o il bagagliaio non pu\u00f2 essere aperto facilmente e il bagagliaio non pu\u00f2 essere aperto nella posizione pi\u00f9 alta, significa che i pistoni per baule auto si sono guastati e la molla a gas deve essere sostituita in tempo per rendi di nuovo normale il molle cofano posteriore Funziona, il portellone si apre e si richiude normalmente.<\/p>\n<p>Se desideri acquistare pistoncini portellone renault scenic pi\u00f9 economici, effettua un ordine nel nostro negozio online. Non solo economico ma anche veloce. L\u2019acquisto online richiede pochi minuti, il nostro team elaborer\u00e0 rapidamente il tuo ordine e spedir\u00e0 il tuo molle a gas portellone lancia musa.<\/p>\n<p><strong><b>Modelli\u00a0<\/b><\/strong><strong><b>A<\/b><\/strong><strong><b>pplicabili per<\/b><\/strong><strong><b>\u00a0Molle A Gas Portellone Lancia Musa<\/b><\/strong><\/p>\n<p>Lancia Musa 350<\/p>\n<p>Pistoncini portellone per LANCIA Musa (350)<\/p>\n<p>Pistoni bagagliaio per 350 1.3<\/p>\n<p>Pistoncini portellone per LANCIA Musa (350) 1.3 D Multijet 70 CV 2004 \u2013 2012<\/p>\n<p>Ammortizzatore portellone posteriore per Lancia Musa 350 1.3 D Multijet 90 CV 2006 \u2013 2012<\/p>\n<p>1.3 D Multijet 95 CV 2009 \u2013 2012<\/p>\n<p>&nbsp;<\/p>\n<p>LANCIA MUSA 350 1.4<\/p>\n<p>Pistoncini portellone per LANCIA Musa (350) 1.4 90 CV 2007 \u2013 2012<\/p>\n<p>Ammortizzatore portellone posteriore per Lancia Musa 350 1.4 95 CV 2004 \u2013 2012<\/p>\n<p>1.4 78 CV 2005 \u2013 2012<\/p>\n<p>1.4 LPG 78 CV 2010 \u2013 2012<\/p>\n<p>&nbsp;<\/p>\n<p>Pistoni bagagliaio per 350 1.6<\/p>\n<p>Pistoncini portellone per LANCIA Musa (350) 1.6 D Multijet 116 CV 2008 \u2013 2012<\/p>\n<p>Ammortizzatore portellone posteriore per Lancia Musa 350 1.6 D Multijet 120 CV 2008 \u2013 2012<\/p>\n<p>&nbsp;<\/p>\n<p>LANCIA MUSA 350 1.9<\/p>\n<p>Pistoncini portellone per LANCIA Musa (350) 1.9 D Multijet 101 CV 2004 \u2013 2012<\/p>\n","protected":false},"excerpt":{"rendered":"<p>Molle a gas portellone lancia musa molle a gas portellone lancia musa (pistoni per baule auto in breve) viene utilizzato  [&#8230;]<\/p>\n","protected":false},"featured_media":19595,"comment_status":"open","ping_status":"closed","template":"","meta":[],"product_brand":[],"product_cat":[],"product_tag":[],"class_list":{"0":"post-18299","1":"product","2":"type-product","3":"status-publish","4":"has-post-thumbnail","7":"first","8":"instock","9":"shipping-taxable","10":"product-type-simple"},"yoast_head":"<!-- This site is optimized with the Yoast SEO Premium plugin v26.2 (Yoast SEO v27.4) - https:\/\/yoast.com\/product\/yoast-seo-premium-wordpress\/ -->\n<title>Molle a gas portellone lancia musa | Gastac Gas Spring<\/title>\n<meta name=\"robots\" content=\"index, follow, max-snippet:-1, max-image-preview:large, max-video-preview:-1\" \/>\n<link rel=\"canonical\" href=\"https:\/\/www.gastac.com\/it\/prodotto\/molle-a-gas-portellone-lancia-musa\/\" \/>\n<meta property=\"og:locale\" content=\"it_IT\" \/>\n<meta property=\"og:type\" content=\"article\" \/>\n<meta property=\"og:title\" content=\"Molle a gas portellone lancia musa\" \/>\n<meta property=\"og:description\" content=\"Molle a gas portellone lancia musa molle a gas portellone lancia musa (pistoni per baule auto in breve) viene utilizzato [...]\" \/>\n<meta property=\"og:url\" content=\"https:\/\/www.gastac.com\/it\/prodotto\/molle-a-gas-portellone-lancia-musa\/\" \/>\n<meta property=\"og:site_name\" content=\"Gastac Gas Spring\" \/>\n<meta property=\"article:publisher\" content=\"https:\/\/www.facebook.com\/profile.php?id=100092358464608\" \/>\n<meta property=\"article:modified_time\" content=\"2025-11-13T01:54:58+00:00\" \/>\n<meta property=\"og:image\" content=\"https:\/\/www.gastac.com\/wp-content\/uploads\/2025\/11\/pistoni-per-baule-auto-1.webp\" \/>\n\t<meta property=\"og:image:width\" content=\"283\" \/>\n\t<meta property=\"og:image:height\" content=\"283\" \/>\n\t<meta property=\"og:image:type\" content=\"image\/webp\" \/>\n<meta name=\"twitter:card\" content=\"summary_large_image\" \/>\n<meta name=\"twitter:label1\" content=\"Tempo di lettura stimato\" \/>\n\t<meta name=\"twitter:data1\" content=\"3 minuti\" \/>\n<script type=\"application\/ld+json\" class=\"yoast-schema-graph\">{\"@context\":\"https:\\\/\\\/schema.org\",\"@graph\":[{\"@type\":\"WebPage\",\"@id\":\"https:\\\/\\\/www.gastac.com\\\/it\\\/prodotto\\\/molle-a-gas-portellone-lancia-musa\\\/\",\"url\":\"https:\\\/\\\/www.gastac.com\\\/it\\\/prodotto\\\/molle-a-gas-portellone-lancia-musa\\\/\",\"name\":\"Molle a gas portellone lancia musa | Gastac Gas Spring\",\"isPartOf\":{\"@id\":\"https:\\\/\\\/www.gastac.com\\\/it\\\/#website\"},\"primaryImageOfPage\":{\"@id\":\"https:\\\/\\\/www.gastac.com\\\/it\\\/prodotto\\\/molle-a-gas-portellone-lancia-musa\\\/#primaryimage\"},\"image\":{\"@id\":\"https:\\\/\\\/www.gastac.com\\\/it\\\/prodotto\\\/molle-a-gas-portellone-lancia-musa\\\/#primaryimage\"},\"thumbnailUrl\":\"https:\\\/\\\/www.gastac.com\\\/wp-content\\\/uploads\\\/2025\\\/11\\\/pistoni-per-baule-auto-1.webp\",\"datePublished\":\"2025-11-13T01:54:57+00:00\",\"dateModified\":\"2025-11-13T01:54:58+00:00\",\"breadcrumb\":{\"@id\":\"https:\\\/\\\/www.gastac.com\\\/it\\\/prodotto\\\/molle-a-gas-portellone-lancia-musa\\\/#breadcrumb\"},\"inLanguage\":\"it-IT\",\"potentialAction\":[{\"@type\":\"ReadAction\",\"target\":[\"https:\\\/\\\/www.gastac.com\\\/it\\\/prodotto\\\/molle-a-gas-portellone-lancia-musa\\\/\"]}]},{\"@type\":\"ImageObject\",\"inLanguage\":\"it-IT\",\"@id\":\"https:\\\/\\\/www.gastac.com\\\/it\\\/prodotto\\\/molle-a-gas-portellone-lancia-musa\\\/#primaryimage\",\"url\":\"https:\\\/\\\/www.gastac.com\\\/wp-content\\\/uploads\\\/2025\\\/11\\\/pistoni-per-baule-auto-1.webp\",\"contentUrl\":\"https:\\\/\\\/www.gastac.com\\\/wp-content\\\/uploads\\\/2025\\\/11\\\/pistoni-per-baule-auto-1.webp\",\"width\":283,\"height\":283,\"caption\":\"pistoni per baule auto\"},{\"@type\":\"BreadcrumbList\",\"@id\":\"https:\\\/\\\/www.gastac.com\\\/it\\\/prodotto\\\/molle-a-gas-portellone-lancia-musa\\\/#breadcrumb\",\"itemListElement\":[{\"@type\":\"ListItem\",\"position\":1,\"name\":\"Home\",\"item\":\"https:\\\/\\\/www.gastac.com\\\/it\\\/\"},{\"@type\":\"ListItem\",\"position\":2,\"name\":\"products\",\"item\":\"https:\\\/\\\/www.gastac.com\\\/it\\\/products\\\/\"},{\"@type\":\"ListItem\",\"position\":3,\"name\":\"Molle a gas portellone lancia musa\"}]},{\"@type\":\"WebSite\",\"@id\":\"https:\\\/\\\/www.gastac.com\\\/it\\\/#website\",\"url\":\"https:\\\/\\\/www.gastac.com\\\/it\\\/\",\"name\":\"Gastac Gas Spring\",\"description\":\"China\u2019s Leading Gas Springs &amp; Struts Manufacturer\",\"publisher\":{\"@id\":\"https:\\\/\\\/www.gastac.com\\\/it\\\/#organization\"},\"potentialAction\":[{\"@type\":\"SearchAction\",\"target\":{\"@type\":\"EntryPoint\",\"urlTemplate\":\"https:\\\/\\\/www.gastac.com\\\/it\\\/?s={search_term_string}\"},\"query-input\":{\"@type\":\"PropertyValueSpecification\",\"valueRequired\":true,\"valueName\":\"search_term_string\"}}],\"inLanguage\":\"it-IT\"},{\"@type\":\"Organization\",\"@id\":\"https:\\\/\\\/www.gastac.com\\\/it\\\/#organization\",\"name\":\"Ningbo Gastac Gas Spring Co.,Ltd\",\"url\":\"https:\\\/\\\/www.gastac.com\\\/it\\\/\",\"logo\":{\"@type\":\"ImageObject\",\"inLanguage\":\"it-IT\",\"@id\":\"https:\\\/\\\/www.gastac.com\\\/it\\\/#\\\/schema\\\/logo\\\/image\\\/\",\"url\":\"https:\\\/\\\/www.gastac.com\\\/wp-content\\\/uploads\\\/2025\\\/09\\\/LOGO\u672c\u8272-\u9ed1.webp\",\"contentUrl\":\"https:\\\/\\\/www.gastac.com\\\/wp-content\\\/uploads\\\/2025\\\/09\\\/LOGO\u672c\u8272-\u9ed1.webp\",\"width\":1920,\"height\":1080,\"caption\":\"Ningbo Gastac Gas Spring Co.,Ltd\"},\"image\":{\"@id\":\"https:\\\/\\\/www.gastac.com\\\/it\\\/#\\\/schema\\\/logo\\\/image\\\/\"},\"sameAs\":[\"https:\\\/\\\/www.facebook.com\\\/profile.php?id=100092358464608\",\"https:\\\/\\\/www.youtube.com\\\/@Gastac-Gas-Spring\",\"https:\\\/\\\/www.linkedin.com\\\/in\\\/gastac-gas-spring\\\/\",\"https:\\\/\\\/www.instagram.com\\\/gastacgasspring\\\/\"]}]}<\/script>\n<!-- \/ Yoast SEO Premium plugin. -->","yoast_head_json":{"title":"Molle a gas portellone lancia musa | Gastac Gas Spring","robots":{"index":"index","follow":"follow","max-snippet":"max-snippet:-1","max-image-preview":"max-image-preview:large","max-video-preview":"max-video-preview:-1"},"canonical":"https:\/\/www.gastac.com\/it\/prodotto\/molle-a-gas-portellone-lancia-musa\/","og_locale":"it_IT","og_type":"article","og_title":"Molle a gas portellone lancia musa","og_description":"Molle a gas portellone lancia musa molle a gas portellone lancia musa (pistoni per baule auto in breve) viene utilizzato [...]","og_url":"https:\/\/www.gastac.com\/it\/prodotto\/molle-a-gas-portellone-lancia-musa\/","og_site_name":"Gastac Gas Spring","article_publisher":"https:\/\/www.facebook.com\/profile.php?id=100092358464608","article_modified_time":"2025-11-13T01:54:58+00:00","og_image":[{"width":283,"height":283,"url":"https:\/\/www.gastac.com\/wp-content\/uploads\/2025\/11\/pistoni-per-baule-auto-1.webp","type":"image\/webp"}],"twitter_card":"summary_large_image","twitter_misc":{"Tempo di lettura stimato":"3 minuti"},"schema":{"@context":"https:\/\/schema.org","@graph":[{"@type":"WebPage","@id":"https:\/\/www.gastac.com\/it\/prodotto\/molle-a-gas-portellone-lancia-musa\/","url":"https:\/\/www.gastac.com\/it\/prodotto\/molle-a-gas-portellone-lancia-musa\/","name":"Molle a gas portellone lancia musa | Gastac Gas Spring","isPartOf":{"@id":"https:\/\/www.gastac.com\/it\/#website"},"primaryImageOfPage":{"@id":"https:\/\/www.gastac.com\/it\/prodotto\/molle-a-gas-portellone-lancia-musa\/#primaryimage"},"image":{"@id":"https:\/\/www.gastac.com\/it\/prodotto\/molle-a-gas-portellone-lancia-musa\/#primaryimage"},"thumbnailUrl":"https:\/\/www.gastac.com\/wp-content\/uploads\/2025\/11\/pistoni-per-baule-auto-1.webp","datePublished":"2025-11-13T01:54:57+00:00","dateModified":"2025-11-13T01:54:58+00:00","breadcrumb":{"@id":"https:\/\/www.gastac.com\/it\/prodotto\/molle-a-gas-portellone-lancia-musa\/#breadcrumb"},"inLanguage":"it-IT","potentialAction":[{"@type":"ReadAction","target":["https:\/\/www.gastac.com\/it\/prodotto\/molle-a-gas-portellone-lancia-musa\/"]}]},{"@type":"ImageObject","inLanguage":"it-IT","@id":"https:\/\/www.gastac.com\/it\/prodotto\/molle-a-gas-portellone-lancia-musa\/#primaryimage","url":"https:\/\/www.gastac.com\/wp-content\/uploads\/2025\/11\/pistoni-per-baule-auto-1.webp","contentUrl":"https:\/\/www.gastac.com\/wp-content\/uploads\/2025\/11\/pistoni-per-baule-auto-1.webp","width":283,"height":283,"caption":"pistoni per baule auto"},{"@type":"BreadcrumbList","@id":"https:\/\/www.gastac.com\/it\/prodotto\/molle-a-gas-portellone-lancia-musa\/#breadcrumb","itemListElement":[{"@type":"ListItem","position":1,"name":"Home","item":"https:\/\/www.gastac.com\/it\/"},{"@type":"ListItem","position":2,"name":"products","item":"https:\/\/www.gastac.com\/it\/products\/"},{"@type":"ListItem","position":3,"name":"Molle a gas portellone lancia musa"}]},{"@type":"WebSite","@id":"https:\/\/www.gastac.com\/it\/#website","url":"https:\/\/www.gastac.com\/it\/","name":"Gastac Gas Spring","description":"China\u2019s Leading Gas Springs &amp; Struts Manufacturer","publisher":{"@id":"https:\/\/www.gastac.com\/it\/#organization"},"potentialAction":[{"@type":"SearchAction","target":{"@type":"EntryPoint","urlTemplate":"https:\/\/www.gastac.com\/it\/?s={search_term_string}"},"query-input":{"@type":"PropertyValueSpecification","valueRequired":true,"valueName":"search_term_string"}}],"inLanguage":"it-IT"},{"@type":"Organization","@id":"https:\/\/www.gastac.com\/it\/#organization","name":"Ningbo Gastac Gas Spring Co.,Ltd","url":"https:\/\/www.gastac.com\/it\/","logo":{"@type":"ImageObject","inLanguage":"it-IT","@id":"https:\/\/www.gastac.com\/it\/#\/schema\/logo\/image\/","url":"https:\/\/www.gastac.com\/wp-content\/uploads\/2025\/09\/LOGO\u672c\u8272-\u9ed1.webp","contentUrl":"https:\/\/www.gastac.com\/wp-content\/uploads\/2025\/09\/LOGO\u672c\u8272-\u9ed1.webp","width":1920,"height":1080,"caption":"Ningbo Gastac Gas Spring Co.,Ltd"},"image":{"@id":"https:\/\/www.gastac.com\/it\/#\/schema\/logo\/image\/"},"sameAs":["https:\/\/www.facebook.com\/profile.php?id=100092358464608","https:\/\/www.youtube.com\/@Gastac-Gas-Spring","https:\/\/www.linkedin.com\/in\/gastac-gas-spring\/","https:\/\/www.instagram.com\/gastacgasspring\/"]}]}},"_links":{"self":[{"href":"https:\/\/www.gastac.com\/it\/wp-json\/wp\/v2\/product\/18299","targetHints":{"allow":["GET"]}}],"collection":[{"href":"https:\/\/www.gastac.com\/it\/wp-json\/wp\/v2\/product"}],"about":[{"href":"https:\/\/www.gastac.com\/it\/wp-json\/wp\/v2\/types\/product"}],"replies":[{"embeddable":true,"href":"https:\/\/www.gastac.com\/it\/wp-json\/wp\/v2\/comments?post=18299"}],"wp:featuredmedia":[{"embeddable":true,"href":"https:\/\/www.gastac.com\/it\/wp-json\/wp\/v2\/media\/19595"}],"wp:attachment":[{"href":"https:\/\/www.gastac.com\/it\/wp-json\/wp\/v2\/media?parent=18299"}],"wp:term":[{"taxonomy":"product_brand","embeddable":true,"href":"https:\/\/www.gastac.com\/it\/wp-json\/wp\/v2\/product_brand?post=18299"},{"taxonomy":"product_cat","embeddable":true,"href":"https:\/\/www.gastac.com\/it\/wp-json\/wp\/v2\/product_cat?post=18299"},{"taxonomy":"product_tag","embeddable":true,"href":"https:\/\/www.gastac.com\/it\/wp-json\/wp\/v2\/product_tag?post=18299"}],"curies":[{"name":"wp","href":"https:\/\/api.w.org\/{rel}","templated":true}]}}