{"id":18282,"date":"2025-11-12T01:01:38","date_gmt":"2025-11-12T01:01:38","guid":{"rendered":"https:\/\/www.gastac.com\/?post_type=product&#038;p=18282"},"modified":"2025-11-12T01:01:39","modified_gmt":"2025-11-12T01:01:39","slug":"pistoncini-bagagliaio-alfa-147","status":"publish","type":"product","link":"https:\/\/www.gastac.com\/it\/prodotto\/pistoncini-bagagliaio-alfa-147\/","title":{"rendered":"Pistoncini bagagliaio alfa 147"},"content":{"rendered":"<p><strong>Pistoncini bagagliaio alfa 147<\/strong><\/p>\n<p>I Pistoncini Bagagliaio Alfa 147 (noti anche come Pistoncini Bagagliaio Alfa 147 ) vengono utilizzati per sostenere il portellone, mentre i pistoni bagagliaio come elemento della carrozzeria consentono l\u2019apertura e la chiusura morbida e regolare del bagagliaio dell\u2019Alfa 147 SW.<\/p>\n<p>I pistoncini Bagagliaio Alfa 147 non sono sdoppiabili e nemmeno i pistoncini portellone posteriore. Se le parti vengono manomesse, il fluido operativo potrebbe fuoriuscire. Questo problema pu\u00f2 essere rilevato immediatamente anche con una semplice ispezione visiva. Esiste anche il rischio di lesioni dovute all\u2019elevata pressione del gas all\u2019interno del meccanismo.<\/p>\n<p>Quando il portellone scricchiola quando viene aperto, o il bagagliaio non si apre facilmente e il bagagliaio non pu\u00f2 essere aperto nella posizione pi\u00f9 alta, significa che il portellone a gas molle \u00e8 difettoso e la molla a gas deve essere sostituita in tempo per fare il Pistoncini Bagagliaio Alfa 147 torna a funzionare normalmente, il portellone si apre e si chiude tornando normale.<\/p>\n<p>Se vuoi acquistare pizzancini bagagliaio alfa 147 pi\u00f9 economico, effettua un ordine nel nostro negozio online. Non solo economico ma anche veloce. L\u2019acquisto online richiede pochi minuti, il nostro team elaborer\u00e0 rapidamente il tuo ordine e spedir\u00e0 il tuo bagagliaio molle a gas.<\/p>\n<p>&nbsp;<\/p>\n<p><strong><b>P<\/b><\/strong><strong><b>istoncini\u00a0<\/b><\/strong><strong><b>B<\/b><\/strong><strong><b>agagliaio\u00a0<\/b><\/strong><strong><b>A<\/b><\/strong><strong><b>lfa 147<\/b><\/strong><strong><b>\u00a0Modelli Applicabili<\/b><\/strong><\/p>\n<p>Pistoni bagagliaio per 937 1.6<\/p>\n<p>Pistoncini portellone per ALFA ROMEO 147 (937) 1.6 16V T.SPARK 120 CV 2001 \u2013 2010<\/p>\n<p>Ammortizzatore portellone posteriore per Alfa Romeo 147 937 1.6 16V T.SPARK ECO 105 CV 2001 \u2013 2010<\/p>\n<p>1.6 LPG (937AXA1A) 105 CV 2009 \u2013 2010<\/p>\n<p>1.6 LPG (937BXB1A) 120 CV 2001 \u2013 2009<\/p>\n<p>&nbsp;<\/p>\n<p>ALFA ROMEO 147 937 3.2<\/p>\n<p>Pistoncini portellone per ALFA ROMEO 147 (937) 3.2 GTA (937.AXL1) 250 CV 2003 \u2013 2010<\/p>\n<p>Ammortizzatore portellone posteriore per Alfa Romeo 147 937 3.2 GTA 260 CV 2008 \u2013 2010<\/p>\n<p>&nbsp;<\/p>\n<p>ALFA ROMEO 147 937 1.9<\/p>\n<p>Pistoncini portellone per ALFA ROMEO 147 (937) 1.9 JTD 115 CV 2001 \u2013 2010<\/p>\n<p>Ammortizzatore portellone posteriore per Alfa Romeo 147 937 1.9 JTD (937.AXF1A, 937.BXF1A) 101 CV 2003 \u2013 2010<\/p>\n<p>1.9 JTD (937AXD1A, 937BXD1A) 110 CV 2000 \u2013 2002<\/p>\n<p>1.9 JTD 16V (937.AXG1B, 937.BXG1B) 140 CV 2002 \u2013 2010<\/p>\n<p>1.9 JTD 16V (937.AXG1B, 937.BXG1B) 126 CV 2003 \u2013 2004<\/p>\n<p>1.9 JTD 16V (937.AXM1B, 937.AXS1B) 136 CV 2004 \u2013 2010<\/p>\n<p>1.9 JTDM (937.AXD1A, 937.AXV1A, 937.BXB1A) 115 CV 2004 \u2013 2010<\/p>\n<p>1.9 JTDM 16V (937.AXN1B, 937.AXZ1B) 170 CV 2008 \u2013 2010<\/p>\n<p>1.9 JTDM 16V (937.AXN1B, 937.BXN1B) 150 CV 2004 \u2013 2010<\/p>\n<p>1.9 JTDM 8V (937.AXD1A, 937.AXU1A, 937.BXU1A) 120 CV 2005 \u2013 2010<\/p>\n<p>&nbsp;<\/p>\n<p>Pistoni bagagliaio per 937 2.0<\/p>\n<p>Pistoncini portellone per ALFA ROMEO 147 (937) 2.0 (937.AXC, 937.BXC) 165 CV 2002 \u2013 2005<\/p>\n<p>Ammortizzatore portellone posteriore per Alfa Romeo 147 937 2.0 16V T.SPARK 150 CV 2001 \u2013 2010<\/p>\n","protected":false},"excerpt":{"rendered":"<p>Pistoncini bagagliaio alfa 147 I Pistoncini Bagagliaio Alfa 147 (noti anche come Pistoncini Bagagliaio Alfa 147 ) vengono utilizzati per  [&#8230;]<\/p>\n","protected":false},"featured_media":18283,"comment_status":"open","ping_status":"closed","template":"","meta":[],"product_brand":[],"product_cat":[],"product_tag":[],"class_list":{"0":"post-18282","1":"product","2":"type-product","3":"status-publish","4":"has-post-thumbnail","7":"first","8":"instock","9":"shipping-taxable","10":"product-type-simple"},"yoast_head":"<!-- This site is optimized with the Yoast SEO Premium plugin v26.2 (Yoast SEO v27.4) - https:\/\/yoast.com\/product\/yoast-seo-premium-wordpress\/ -->\n<title>Pistoncini bagagliaio alfa 147 | Gastac Gas Spring<\/title>\n<meta name=\"robots\" content=\"index, follow, max-snippet:-1, max-image-preview:large, max-video-preview:-1\" \/>\n<link rel=\"canonical\" href=\"https:\/\/www.gastac.com\/it\/prodotto\/pistoncini-bagagliaio-alfa-147\/\" \/>\n<meta property=\"og:locale\" content=\"it_IT\" \/>\n<meta property=\"og:type\" content=\"article\" \/>\n<meta property=\"og:title\" content=\"Pistoncini bagagliaio alfa 147\" \/>\n<meta property=\"og:description\" content=\"Pistoncini bagagliaio alfa 147 I Pistoncini Bagagliaio Alfa 147 (noti anche come Pistoncini Bagagliaio Alfa 147 ) vengono utilizzati per [...]\" \/>\n<meta property=\"og:url\" content=\"https:\/\/www.gastac.com\/it\/prodotto\/pistoncini-bagagliaio-alfa-147\/\" \/>\n<meta property=\"og:site_name\" content=\"Gastac Gas Spring\" \/>\n<meta property=\"article:publisher\" content=\"https:\/\/www.facebook.com\/profile.php?id=100092358464608\" \/>\n<meta property=\"article:modified_time\" content=\"2025-11-12T01:01:39+00:00\" \/>\n<meta property=\"og:image\" content=\"https:\/\/www.gastac.com\/wp-content\/uploads\/2025\/11\/molle-a-gas-bagagliaio-600x600-1.webp\" \/>\n\t<meta property=\"og:image:width\" content=\"600\" \/>\n\t<meta property=\"og:image:height\" content=\"600\" \/>\n\t<meta property=\"og:image:type\" content=\"image\/webp\" \/>\n<meta name=\"twitter:card\" content=\"summary_large_image\" \/>\n<meta name=\"twitter:label1\" content=\"Tempo di lettura stimato\" \/>\n\t<meta name=\"twitter:data1\" content=\"1 minuto\" \/>\n<script type=\"application\/ld+json\" class=\"yoast-schema-graph\">{\"@context\":\"https:\\\/\\\/schema.org\",\"@graph\":[{\"@type\":\"WebPage\",\"@id\":\"https:\\\/\\\/www.gastac.com\\\/it\\\/prodotto\\\/pistoncini-bagagliaio-alfa-147\\\/\",\"url\":\"https:\\\/\\\/www.gastac.com\\\/it\\\/prodotto\\\/pistoncini-bagagliaio-alfa-147\\\/\",\"name\":\"Pistoncini bagagliaio alfa 147 | Gastac Gas Spring\",\"isPartOf\":{\"@id\":\"https:\\\/\\\/www.gastac.com\\\/it\\\/#website\"},\"primaryImageOfPage\":{\"@id\":\"https:\\\/\\\/www.gastac.com\\\/it\\\/prodotto\\\/pistoncini-bagagliaio-alfa-147\\\/#primaryimage\"},\"image\":{\"@id\":\"https:\\\/\\\/www.gastac.com\\\/it\\\/prodotto\\\/pistoncini-bagagliaio-alfa-147\\\/#primaryimage\"},\"thumbnailUrl\":\"https:\\\/\\\/www.gastac.com\\\/wp-content\\\/uploads\\\/2025\\\/11\\\/molle-a-gas-bagagliaio-600x600-1.webp\",\"datePublished\":\"2025-11-12T01:01:38+00:00\",\"dateModified\":\"2025-11-12T01:01:39+00:00\",\"breadcrumb\":{\"@id\":\"https:\\\/\\\/www.gastac.com\\\/it\\\/prodotto\\\/pistoncini-bagagliaio-alfa-147\\\/#breadcrumb\"},\"inLanguage\":\"it-IT\",\"potentialAction\":[{\"@type\":\"ReadAction\",\"target\":[\"https:\\\/\\\/www.gastac.com\\\/it\\\/prodotto\\\/pistoncini-bagagliaio-alfa-147\\\/\"]}]},{\"@type\":\"ImageObject\",\"inLanguage\":\"it-IT\",\"@id\":\"https:\\\/\\\/www.gastac.com\\\/it\\\/prodotto\\\/pistoncini-bagagliaio-alfa-147\\\/#primaryimage\",\"url\":\"https:\\\/\\\/www.gastac.com\\\/wp-content\\\/uploads\\\/2025\\\/11\\\/molle-a-gas-bagagliaio-600x600-1.webp\",\"contentUrl\":\"https:\\\/\\\/www.gastac.com\\\/wp-content\\\/uploads\\\/2025\\\/11\\\/molle-a-gas-bagagliaio-600x600-1.webp\",\"width\":600,\"height\":600,\"caption\":\"molle a gas bagagliaio 600x600\"},{\"@type\":\"BreadcrumbList\",\"@id\":\"https:\\\/\\\/www.gastac.com\\\/it\\\/prodotto\\\/pistoncini-bagagliaio-alfa-147\\\/#breadcrumb\",\"itemListElement\":[{\"@type\":\"ListItem\",\"position\":1,\"name\":\"Home\",\"item\":\"https:\\\/\\\/www.gastac.com\\\/it\\\/\"},{\"@type\":\"ListItem\",\"position\":2,\"name\":\"products\",\"item\":\"https:\\\/\\\/www.gastac.com\\\/it\\\/products\\\/\"},{\"@type\":\"ListItem\",\"position\":3,\"name\":\"Pistoncini bagagliaio alfa 147\"}]},{\"@type\":\"WebSite\",\"@id\":\"https:\\\/\\\/www.gastac.com\\\/it\\\/#website\",\"url\":\"https:\\\/\\\/www.gastac.com\\\/it\\\/\",\"name\":\"Gastac Gas Spring\",\"description\":\"China\u2019s Leading Gas Springs &amp; Struts Manufacturer\",\"publisher\":{\"@id\":\"https:\\\/\\\/www.gastac.com\\\/it\\\/#organization\"},\"potentialAction\":[{\"@type\":\"SearchAction\",\"target\":{\"@type\":\"EntryPoint\",\"urlTemplate\":\"https:\\\/\\\/www.gastac.com\\\/it\\\/?s={search_term_string}\"},\"query-input\":{\"@type\":\"PropertyValueSpecification\",\"valueRequired\":true,\"valueName\":\"search_term_string\"}}],\"inLanguage\":\"it-IT\"},{\"@type\":\"Organization\",\"@id\":\"https:\\\/\\\/www.gastac.com\\\/it\\\/#organization\",\"name\":\"Ningbo Gastac Gas Spring Co.,Ltd\",\"url\":\"https:\\\/\\\/www.gastac.com\\\/it\\\/\",\"logo\":{\"@type\":\"ImageObject\",\"inLanguage\":\"it-IT\",\"@id\":\"https:\\\/\\\/www.gastac.com\\\/it\\\/#\\\/schema\\\/logo\\\/image\\\/\",\"url\":\"https:\\\/\\\/www.gastac.com\\\/wp-content\\\/uploads\\\/2025\\\/09\\\/LOGO\u672c\u8272-\u9ed1.webp\",\"contentUrl\":\"https:\\\/\\\/www.gastac.com\\\/wp-content\\\/uploads\\\/2025\\\/09\\\/LOGO\u672c\u8272-\u9ed1.webp\",\"width\":1920,\"height\":1080,\"caption\":\"Ningbo Gastac Gas Spring Co.,Ltd\"},\"image\":{\"@id\":\"https:\\\/\\\/www.gastac.com\\\/it\\\/#\\\/schema\\\/logo\\\/image\\\/\"},\"sameAs\":[\"https:\\\/\\\/www.facebook.com\\\/profile.php?id=100092358464608\",\"https:\\\/\\\/www.youtube.com\\\/@Gastac-Gas-Spring\",\"https:\\\/\\\/www.linkedin.com\\\/in\\\/gastac-gas-spring\\\/\",\"https:\\\/\\\/www.instagram.com\\\/gastacgasspring\\\/\"]}]}<\/script>\n<!-- \/ Yoast SEO Premium plugin. -->","yoast_head_json":{"title":"Pistoncini bagagliaio alfa 147 | Gastac Gas Spring","robots":{"index":"index","follow":"follow","max-snippet":"max-snippet:-1","max-image-preview":"max-image-preview:large","max-video-preview":"max-video-preview:-1"},"canonical":"https:\/\/www.gastac.com\/it\/prodotto\/pistoncini-bagagliaio-alfa-147\/","og_locale":"it_IT","og_type":"article","og_title":"Pistoncini bagagliaio alfa 147","og_description":"Pistoncini bagagliaio alfa 147 I Pistoncini Bagagliaio Alfa 147 (noti anche come Pistoncini Bagagliaio Alfa 147 ) vengono utilizzati per [...]","og_url":"https:\/\/www.gastac.com\/it\/prodotto\/pistoncini-bagagliaio-alfa-147\/","og_site_name":"Gastac Gas Spring","article_publisher":"https:\/\/www.facebook.com\/profile.php?id=100092358464608","article_modified_time":"2025-11-12T01:01:39+00:00","og_image":[{"width":600,"height":600,"url":"https:\/\/www.gastac.com\/wp-content\/uploads\/2025\/11\/molle-a-gas-bagagliaio-600x600-1.webp","type":"image\/webp"}],"twitter_card":"summary_large_image","twitter_misc":{"Tempo di lettura stimato":"1 minuto"},"schema":{"@context":"https:\/\/schema.org","@graph":[{"@type":"WebPage","@id":"https:\/\/www.gastac.com\/it\/prodotto\/pistoncini-bagagliaio-alfa-147\/","url":"https:\/\/www.gastac.com\/it\/prodotto\/pistoncini-bagagliaio-alfa-147\/","name":"Pistoncini bagagliaio alfa 147 | Gastac Gas Spring","isPartOf":{"@id":"https:\/\/www.gastac.com\/it\/#website"},"primaryImageOfPage":{"@id":"https:\/\/www.gastac.com\/it\/prodotto\/pistoncini-bagagliaio-alfa-147\/#primaryimage"},"image":{"@id":"https:\/\/www.gastac.com\/it\/prodotto\/pistoncini-bagagliaio-alfa-147\/#primaryimage"},"thumbnailUrl":"https:\/\/www.gastac.com\/wp-content\/uploads\/2025\/11\/molle-a-gas-bagagliaio-600x600-1.webp","datePublished":"2025-11-12T01:01:38+00:00","dateModified":"2025-11-12T01:01:39+00:00","breadcrumb":{"@id":"https:\/\/www.gastac.com\/it\/prodotto\/pistoncini-bagagliaio-alfa-147\/#breadcrumb"},"inLanguage":"it-IT","potentialAction":[{"@type":"ReadAction","target":["https:\/\/www.gastac.com\/it\/prodotto\/pistoncini-bagagliaio-alfa-147\/"]}]},{"@type":"ImageObject","inLanguage":"it-IT","@id":"https:\/\/www.gastac.com\/it\/prodotto\/pistoncini-bagagliaio-alfa-147\/#primaryimage","url":"https:\/\/www.gastac.com\/wp-content\/uploads\/2025\/11\/molle-a-gas-bagagliaio-600x600-1.webp","contentUrl":"https:\/\/www.gastac.com\/wp-content\/uploads\/2025\/11\/molle-a-gas-bagagliaio-600x600-1.webp","width":600,"height":600,"caption":"molle a gas bagagliaio 600x600"},{"@type":"BreadcrumbList","@id":"https:\/\/www.gastac.com\/it\/prodotto\/pistoncini-bagagliaio-alfa-147\/#breadcrumb","itemListElement":[{"@type":"ListItem","position":1,"name":"Home","item":"https:\/\/www.gastac.com\/it\/"},{"@type":"ListItem","position":2,"name":"products","item":"https:\/\/www.gastac.com\/it\/products\/"},{"@type":"ListItem","position":3,"name":"Pistoncini bagagliaio alfa 147"}]},{"@type":"WebSite","@id":"https:\/\/www.gastac.com\/it\/#website","url":"https:\/\/www.gastac.com\/it\/","name":"Gastac Gas Spring","description":"China\u2019s Leading Gas Springs &amp; Struts Manufacturer","publisher":{"@id":"https:\/\/www.gastac.com\/it\/#organization"},"potentialAction":[{"@type":"SearchAction","target":{"@type":"EntryPoint","urlTemplate":"https:\/\/www.gastac.com\/it\/?s={search_term_string}"},"query-input":{"@type":"PropertyValueSpecification","valueRequired":true,"valueName":"search_term_string"}}],"inLanguage":"it-IT"},{"@type":"Organization","@id":"https:\/\/www.gastac.com\/it\/#organization","name":"Ningbo Gastac Gas Spring Co.,Ltd","url":"https:\/\/www.gastac.com\/it\/","logo":{"@type":"ImageObject","inLanguage":"it-IT","@id":"https:\/\/www.gastac.com\/it\/#\/schema\/logo\/image\/","url":"https:\/\/www.gastac.com\/wp-content\/uploads\/2025\/09\/LOGO\u672c\u8272-\u9ed1.webp","contentUrl":"https:\/\/www.gastac.com\/wp-content\/uploads\/2025\/09\/LOGO\u672c\u8272-\u9ed1.webp","width":1920,"height":1080,"caption":"Ningbo Gastac Gas Spring Co.,Ltd"},"image":{"@id":"https:\/\/www.gastac.com\/it\/#\/schema\/logo\/image\/"},"sameAs":["https:\/\/www.facebook.com\/profile.php?id=100092358464608","https:\/\/www.youtube.com\/@Gastac-Gas-Spring","https:\/\/www.linkedin.com\/in\/gastac-gas-spring\/","https:\/\/www.instagram.com\/gastacgasspring\/"]}]}},"_links":{"self":[{"href":"https:\/\/www.gastac.com\/it\/wp-json\/wp\/v2\/product\/18282","targetHints":{"allow":["GET"]}}],"collection":[{"href":"https:\/\/www.gastac.com\/it\/wp-json\/wp\/v2\/product"}],"about":[{"href":"https:\/\/www.gastac.com\/it\/wp-json\/wp\/v2\/types\/product"}],"replies":[{"embeddable":true,"href":"https:\/\/www.gastac.com\/it\/wp-json\/wp\/v2\/comments?post=18282"}],"wp:featuredmedia":[{"embeddable":true,"href":"https:\/\/www.gastac.com\/it\/wp-json\/wp\/v2\/media\/18283"}],"wp:attachment":[{"href":"https:\/\/www.gastac.com\/it\/wp-json\/wp\/v2\/media?parent=18282"}],"wp:term":[{"taxonomy":"product_brand","embeddable":true,"href":"https:\/\/www.gastac.com\/it\/wp-json\/wp\/v2\/product_brand?post=18282"},{"taxonomy":"product_cat","embeddable":true,"href":"https:\/\/www.gastac.com\/it\/wp-json\/wp\/v2\/product_cat?post=18282"},{"taxonomy":"product_tag","embeddable":true,"href":"https:\/\/www.gastac.com\/it\/wp-json\/wp\/v2\/product_tag?post=18282"}],"curies":[{"name":"wp","href":"https:\/\/api.w.org\/{rel}","templated":true}]}}