{"id":18257,"date":"2025-11-12T00:54:24","date_gmt":"2025-11-12T00:54:24","guid":{"rendered":"https:\/\/www.gastac.com\/?post_type=product&#038;p=18257"},"modified":"2025-11-12T00:54:25","modified_gmt":"2025-11-12T00:54:25","slug":"pistoni-portellone-hyundai-i10","status":"publish","type":"product","link":"https:\/\/www.gastac.com\/it\/prodotto\/pistoni-portellone-hyundai-i10\/","title":{"rendered":"Pistoni portellone hyundai i10"},"content":{"rendered":"<p><strong>Pistoni portellone hyundai i10<\/strong><\/p>\n<p>Pistoni portellone hyundai i10 (noto anche come pizzani portellone hyundai i10) viene utilizzato per sostenere il portellone, e molle a gas per portelloni viene utilizzato come elemento del corpo per consentire al bagagliaio della Hyundai i10 di aprirsi e chiudersi dolcemente e senza intoppi.<\/p>\n<p>Pistoni portellone hyundai i10 non si possono smontare, n\u00e9 si possono riparare pistoncini portellone hyundai i10. Se le parti vengono manomesse, il fluido operativo potrebbe fuoriuscire. Questo problema pu\u00f2 essere rilevato immediatamente anche con una semplice ispezione visiva. Esiste anche il rischio di lesioni dovute all\u2019elevata pressione del gas all\u2019interno del meccanismo.<br \/>\n<img decoding=\"async\" class=\"lazyload aligncenter\" src=\"data:image\/gif;base64,R0lGODlhAQABAAAAACH5BAEKAAEALAAAAAABAAEAAAICTAEAOw==\" data-orig-src=\"https:\/\/gastac.com\/wp-content\/uploads\/2022\/12\/Gastac-Gas-Strut-6-800x256.png\" alt=\"Pistoni portellone hyundai i10 \" \/><\/p>\n<p>Quando il portellone scricchiola quando viene aperto, o il bagagliaio non pu\u00f2 essere aperto facilmente e il bagagliaio non pu\u00f2 essere aperto nella posizione pi\u00f9 alta, significa che l\u2019ammortizzatori portellone posteriore hyundai i10 \u00e8 difettoso e la molla a gas deve essere sostituita in tempo per rendere i pistoni portellone hyundai i10 Funziona di nuovo normalmente e il portellone si apre e si chiude tornando alla normalit\u00e0.<\/p>\n<p>Se desideri acquistare pizzani portellone hyundai i10 a un prezzo inferiore, effettua un ordine nel nostro negozio online. Non solo economico ma anche veloce. L\u2019acquisto online richiede pochi minuti, il nostro team evader\u00e0 rapidamente il tuo ordine e spedir\u00e0 il tuo pistoncini portellone hyundai i10.<\/p>\n<p><strong><b>istoni Portellone Hyundai i10 Modelli Applicabili<\/b><\/strong><\/p>\n<p>&nbsp;<\/p>\n<p>Pistoni bagagliaio per PA 1.0<\/p>\n<p>Pistoncini portellone per HYUNDAI i10 I (PA) 1.0 69 CV 2011 \u2013 2017<\/p>\n<p>&nbsp;<\/p>\n<p>HYUNDAI i10 PA 1.1<\/p>\n<p>Pistoncini portellone per HYUNDAI i10 I (PA) 1.1 68 CV 2008 \u2013 2013<\/p>\n<p>Ammortizzatore portellone posteriore per Hyundai i10 PA 1.1 69 CV 2011 \u2013 2013<\/p>\n<ul>\n<li>67 CV 2008 \u2013 2013<\/li>\n<\/ul>\n<p>&nbsp;<\/p>\n<p>Pistoni bagagliaio per PA 1.2<\/p>\n<p>Pistoncini portellone per HYUNDAI i10 I (PA) 1.2 75 CV 2008 \u2013 2011<\/p>\n<p>Ammortizzatore portellone posteriore per Hyundai i10 PA 1.2 86 CV 2011 \u2013 2013<\/p>\n<ul>\n<li>87 CV 2015 \u2013 \u2026<\/li>\n<\/ul>\n<p>&nbsp;<\/p>\n<p>AMMORTIZZATORE PORTELLONE POSTERIORE TOP HYUNDAI I10 II HATCHBACK (IA, BA) MODELLI DI AUTO<\/p>\n<p>&nbsp;<\/p>\n<p>Pistoni bagagliaio per IA 1,0<\/p>\n<p>Pistoncini portellone per HYUNDAI i10 II Hatchback (IA, BA) 1,0 LPG 69 CV 2014 \u2013 2016<\/p>\n<p>HYUNDAI i10 IA 1.2<\/p>\n<p>&nbsp;<\/p>\n<p>Pistoncini portellone per HYUNDAI i10 II Hatchback (IA, BA) 1.2 87 CV 2013 \u2013 \u2026<\/p>\n<p>Ammortizzatore portellone posteriore per Hyundai i10 IA 1.2 82 CV 2013 \u2013 \u2026<\/p>\n<ul>\n<li>88 CV 2014 \u2013 \u2026<\/li>\n<\/ul>\n<p>&nbsp;<\/p>\n<p>HYUNDAI i10 IA 1.0<\/p>\n<p>Pistoncini portellone per HYUNDAI i10 II Hatchback (IA, BA) 1.0 LPG 69 CV 2014 \u2013 \u2026<\/p>\n<p>Ammortizzatore portellone posteriore per Hyundai i10 IA 1.0 67 CV 2013 \u2013 \u2026<\/p>\n<p>&nbsp;<\/p>\n<p>Pistoni bagagliaio per IA 1.1<\/p>\n<p>Pistoncini portellone per HYUNDAI i10 II Hatchback (IA, BA) 1.1 CRDi 71 CV 2013 \u2013 \u2026<br \/>\n<img class=\"lazyload\" decoding=\"async\" src=\"data:image\/gif;base64,R0lGODlhAQABAAAAACH5BAEKAAEALAAAAAABAAEAAAICTAEAOw==\" data-orig-src=\"https:\/\/www.gastac.com\/wp-content\/uploads\/2023\/06\/Pistoni-portellone-hyundai-i10-1.jpg\" alt=\"Pistoni portellone hyundai i10 \" \/><\/p>\n","protected":false},"excerpt":{"rendered":"<p>Pistoni portellone hyundai i10 Pistoni portellone hyundai i10 (noto anche come pizzani portellone hyundai i10) viene utilizzato per sostenere il  [&#8230;]<\/p>\n","protected":false},"featured_media":18271,"comment_status":"open","ping_status":"closed","template":"","meta":[],"product_brand":[],"product_cat":[],"product_tag":[],"class_list":{"0":"post-18257","1":"product","2":"type-product","3":"status-publish","4":"has-post-thumbnail","7":"first","8":"instock","9":"shipping-taxable","10":"product-type-simple"},"yoast_head":"<!-- This site is optimized with the Yoast SEO Premium plugin v26.2 (Yoast SEO v27.4) - https:\/\/yoast.com\/product\/yoast-seo-premium-wordpress\/ -->\n<title>Pistoni portellone hyundai i10 | Gastac Gas Spring<\/title>\n<meta name=\"robots\" content=\"index, follow, max-snippet:-1, max-image-preview:large, max-video-preview:-1\" \/>\n<link rel=\"canonical\" href=\"https:\/\/www.gastac.com\/it\/prodotto\/pistoni-portellone-hyundai-i10\/\" \/>\n<meta property=\"og:locale\" content=\"it_IT\" \/>\n<meta property=\"og:type\" content=\"article\" \/>\n<meta property=\"og:title\" content=\"Pistoni portellone hyundai i10\" \/>\n<meta property=\"og:description\" content=\"Pistoni portellone hyundai i10 Pistoni portellone hyundai i10 (noto anche come pizzani portellone hyundai i10) viene utilizzato per sostenere il [...]\" \/>\n<meta property=\"og:url\" content=\"https:\/\/www.gastac.com\/it\/prodotto\/pistoni-portellone-hyundai-i10\/\" \/>\n<meta property=\"og:site_name\" content=\"Gastac Gas Spring\" \/>\n<meta property=\"article:publisher\" content=\"https:\/\/www.facebook.com\/profile.php?id=100092358464608\" \/>\n<meta property=\"article:modified_time\" content=\"2025-11-12T00:54:25+00:00\" \/>\n<meta property=\"og:image\" content=\"https:\/\/www.gastac.com\/wp-content\/uploads\/2025\/11\/ammortizzatori-portellone-toyota-yaris-600x600-1.webp\" \/>\n\t<meta property=\"og:image:width\" content=\"600\" \/>\n\t<meta property=\"og:image:height\" content=\"600\" \/>\n\t<meta property=\"og:image:type\" content=\"image\/webp\" \/>\n<meta name=\"twitter:card\" content=\"summary_large_image\" \/>\n<meta name=\"twitter:label1\" content=\"Tempo di lettura stimato\" \/>\n\t<meta name=\"twitter:data1\" content=\"1 minuto\" \/>\n<script type=\"application\/ld+json\" class=\"yoast-schema-graph\">{\"@context\":\"https:\\\/\\\/schema.org\",\"@graph\":[{\"@type\":\"WebPage\",\"@id\":\"https:\\\/\\\/www.gastac.com\\\/it\\\/prodotto\\\/pistoni-portellone-hyundai-i10\\\/\",\"url\":\"https:\\\/\\\/www.gastac.com\\\/it\\\/prodotto\\\/pistoni-portellone-hyundai-i10\\\/\",\"name\":\"Pistoni portellone hyundai i10 | Gastac Gas Spring\",\"isPartOf\":{\"@id\":\"https:\\\/\\\/www.gastac.com\\\/it\\\/#website\"},\"primaryImageOfPage\":{\"@id\":\"https:\\\/\\\/www.gastac.com\\\/it\\\/prodotto\\\/pistoni-portellone-hyundai-i10\\\/#primaryimage\"},\"image\":{\"@id\":\"https:\\\/\\\/www.gastac.com\\\/it\\\/prodotto\\\/pistoni-portellone-hyundai-i10\\\/#primaryimage\"},\"thumbnailUrl\":\"https:\\\/\\\/www.gastac.com\\\/wp-content\\\/uploads\\\/2025\\\/11\\\/ammortizzatori-portellone-toyota-yaris-600x600-1.webp\",\"datePublished\":\"2025-11-12T00:54:24+00:00\",\"dateModified\":\"2025-11-12T00:54:25+00:00\",\"breadcrumb\":{\"@id\":\"https:\\\/\\\/www.gastac.com\\\/it\\\/prodotto\\\/pistoni-portellone-hyundai-i10\\\/#breadcrumb\"},\"inLanguage\":\"it-IT\",\"potentialAction\":[{\"@type\":\"ReadAction\",\"target\":[\"https:\\\/\\\/www.gastac.com\\\/it\\\/prodotto\\\/pistoni-portellone-hyundai-i10\\\/\"]}]},{\"@type\":\"ImageObject\",\"inLanguage\":\"it-IT\",\"@id\":\"https:\\\/\\\/www.gastac.com\\\/it\\\/prodotto\\\/pistoni-portellone-hyundai-i10\\\/#primaryimage\",\"url\":\"https:\\\/\\\/www.gastac.com\\\/wp-content\\\/uploads\\\/2025\\\/11\\\/ammortizzatori-portellone-toyota-yaris-600x600-1.webp\",\"contentUrl\":\"https:\\\/\\\/www.gastac.com\\\/wp-content\\\/uploads\\\/2025\\\/11\\\/ammortizzatori-portellone-toyota-yaris-600x600-1.webp\",\"width\":600,\"height\":600,\"caption\":\"ammortizzatori portellone toyota yaris 600x600\"},{\"@type\":\"BreadcrumbList\",\"@id\":\"https:\\\/\\\/www.gastac.com\\\/it\\\/prodotto\\\/pistoni-portellone-hyundai-i10\\\/#breadcrumb\",\"itemListElement\":[{\"@type\":\"ListItem\",\"position\":1,\"name\":\"Home\",\"item\":\"https:\\\/\\\/www.gastac.com\\\/it\\\/\"},{\"@type\":\"ListItem\",\"position\":2,\"name\":\"products\",\"item\":\"https:\\\/\\\/www.gastac.com\\\/it\\\/products\\\/\"},{\"@type\":\"ListItem\",\"position\":3,\"name\":\"Pistoni portellone hyundai i10\"}]},{\"@type\":\"WebSite\",\"@id\":\"https:\\\/\\\/www.gastac.com\\\/it\\\/#website\",\"url\":\"https:\\\/\\\/www.gastac.com\\\/it\\\/\",\"name\":\"Gastac Gas Spring\",\"description\":\"China\u2019s Leading Gas Springs &amp; Struts Manufacturer\",\"publisher\":{\"@id\":\"https:\\\/\\\/www.gastac.com\\\/it\\\/#organization\"},\"potentialAction\":[{\"@type\":\"SearchAction\",\"target\":{\"@type\":\"EntryPoint\",\"urlTemplate\":\"https:\\\/\\\/www.gastac.com\\\/it\\\/?s={search_term_string}\"},\"query-input\":{\"@type\":\"PropertyValueSpecification\",\"valueRequired\":true,\"valueName\":\"search_term_string\"}}],\"inLanguage\":\"it-IT\"},{\"@type\":\"Organization\",\"@id\":\"https:\\\/\\\/www.gastac.com\\\/it\\\/#organization\",\"name\":\"Ningbo Gastac Gas Spring Co.,Ltd\",\"url\":\"https:\\\/\\\/www.gastac.com\\\/it\\\/\",\"logo\":{\"@type\":\"ImageObject\",\"inLanguage\":\"it-IT\",\"@id\":\"https:\\\/\\\/www.gastac.com\\\/it\\\/#\\\/schema\\\/logo\\\/image\\\/\",\"url\":\"https:\\\/\\\/www.gastac.com\\\/wp-content\\\/uploads\\\/2025\\\/09\\\/LOGO\u672c\u8272-\u9ed1.webp\",\"contentUrl\":\"https:\\\/\\\/www.gastac.com\\\/wp-content\\\/uploads\\\/2025\\\/09\\\/LOGO\u672c\u8272-\u9ed1.webp\",\"width\":1920,\"height\":1080,\"caption\":\"Ningbo Gastac Gas Spring Co.,Ltd\"},\"image\":{\"@id\":\"https:\\\/\\\/www.gastac.com\\\/it\\\/#\\\/schema\\\/logo\\\/image\\\/\"},\"sameAs\":[\"https:\\\/\\\/www.facebook.com\\\/profile.php?id=100092358464608\",\"https:\\\/\\\/www.youtube.com\\\/@Gastac-Gas-Spring\",\"https:\\\/\\\/www.linkedin.com\\\/in\\\/gastac-gas-spring\\\/\",\"https:\\\/\\\/www.instagram.com\\\/gastacgasspring\\\/\"]}]}<\/script>\n<!-- \/ Yoast SEO Premium plugin. -->","yoast_head_json":{"title":"Pistoni portellone hyundai i10 | Gastac Gas Spring","robots":{"index":"index","follow":"follow","max-snippet":"max-snippet:-1","max-image-preview":"max-image-preview:large","max-video-preview":"max-video-preview:-1"},"canonical":"https:\/\/www.gastac.com\/it\/prodotto\/pistoni-portellone-hyundai-i10\/","og_locale":"it_IT","og_type":"article","og_title":"Pistoni portellone hyundai i10","og_description":"Pistoni portellone hyundai i10 Pistoni portellone hyundai i10 (noto anche come pizzani portellone hyundai i10) viene utilizzato per sostenere il [...]","og_url":"https:\/\/www.gastac.com\/it\/prodotto\/pistoni-portellone-hyundai-i10\/","og_site_name":"Gastac Gas Spring","article_publisher":"https:\/\/www.facebook.com\/profile.php?id=100092358464608","article_modified_time":"2025-11-12T00:54:25+00:00","og_image":[{"width":600,"height":600,"url":"https:\/\/www.gastac.com\/wp-content\/uploads\/2025\/11\/ammortizzatori-portellone-toyota-yaris-600x600-1.webp","type":"image\/webp"}],"twitter_card":"summary_large_image","twitter_misc":{"Tempo di lettura stimato":"1 minuto"},"schema":{"@context":"https:\/\/schema.org","@graph":[{"@type":"WebPage","@id":"https:\/\/www.gastac.com\/it\/prodotto\/pistoni-portellone-hyundai-i10\/","url":"https:\/\/www.gastac.com\/it\/prodotto\/pistoni-portellone-hyundai-i10\/","name":"Pistoni portellone hyundai i10 | Gastac Gas Spring","isPartOf":{"@id":"https:\/\/www.gastac.com\/it\/#website"},"primaryImageOfPage":{"@id":"https:\/\/www.gastac.com\/it\/prodotto\/pistoni-portellone-hyundai-i10\/#primaryimage"},"image":{"@id":"https:\/\/www.gastac.com\/it\/prodotto\/pistoni-portellone-hyundai-i10\/#primaryimage"},"thumbnailUrl":"https:\/\/www.gastac.com\/wp-content\/uploads\/2025\/11\/ammortizzatori-portellone-toyota-yaris-600x600-1.webp","datePublished":"2025-11-12T00:54:24+00:00","dateModified":"2025-11-12T00:54:25+00:00","breadcrumb":{"@id":"https:\/\/www.gastac.com\/it\/prodotto\/pistoni-portellone-hyundai-i10\/#breadcrumb"},"inLanguage":"it-IT","potentialAction":[{"@type":"ReadAction","target":["https:\/\/www.gastac.com\/it\/prodotto\/pistoni-portellone-hyundai-i10\/"]}]},{"@type":"ImageObject","inLanguage":"it-IT","@id":"https:\/\/www.gastac.com\/it\/prodotto\/pistoni-portellone-hyundai-i10\/#primaryimage","url":"https:\/\/www.gastac.com\/wp-content\/uploads\/2025\/11\/ammortizzatori-portellone-toyota-yaris-600x600-1.webp","contentUrl":"https:\/\/www.gastac.com\/wp-content\/uploads\/2025\/11\/ammortizzatori-portellone-toyota-yaris-600x600-1.webp","width":600,"height":600,"caption":"ammortizzatori portellone toyota yaris 600x600"},{"@type":"BreadcrumbList","@id":"https:\/\/www.gastac.com\/it\/prodotto\/pistoni-portellone-hyundai-i10\/#breadcrumb","itemListElement":[{"@type":"ListItem","position":1,"name":"Home","item":"https:\/\/www.gastac.com\/it\/"},{"@type":"ListItem","position":2,"name":"products","item":"https:\/\/www.gastac.com\/it\/products\/"},{"@type":"ListItem","position":3,"name":"Pistoni portellone hyundai i10"}]},{"@type":"WebSite","@id":"https:\/\/www.gastac.com\/it\/#website","url":"https:\/\/www.gastac.com\/it\/","name":"Gastac Gas Spring","description":"China\u2019s Leading Gas Springs &amp; Struts Manufacturer","publisher":{"@id":"https:\/\/www.gastac.com\/it\/#organization"},"potentialAction":[{"@type":"SearchAction","target":{"@type":"EntryPoint","urlTemplate":"https:\/\/www.gastac.com\/it\/?s={search_term_string}"},"query-input":{"@type":"PropertyValueSpecification","valueRequired":true,"valueName":"search_term_string"}}],"inLanguage":"it-IT"},{"@type":"Organization","@id":"https:\/\/www.gastac.com\/it\/#organization","name":"Ningbo Gastac Gas Spring Co.,Ltd","url":"https:\/\/www.gastac.com\/it\/","logo":{"@type":"ImageObject","inLanguage":"it-IT","@id":"https:\/\/www.gastac.com\/it\/#\/schema\/logo\/image\/","url":"https:\/\/www.gastac.com\/wp-content\/uploads\/2025\/09\/LOGO\u672c\u8272-\u9ed1.webp","contentUrl":"https:\/\/www.gastac.com\/wp-content\/uploads\/2025\/09\/LOGO\u672c\u8272-\u9ed1.webp","width":1920,"height":1080,"caption":"Ningbo Gastac Gas Spring Co.,Ltd"},"image":{"@id":"https:\/\/www.gastac.com\/it\/#\/schema\/logo\/image\/"},"sameAs":["https:\/\/www.facebook.com\/profile.php?id=100092358464608","https:\/\/www.youtube.com\/@Gastac-Gas-Spring","https:\/\/www.linkedin.com\/in\/gastac-gas-spring\/","https:\/\/www.instagram.com\/gastacgasspring\/"]}]}},"_links":{"self":[{"href":"https:\/\/www.gastac.com\/it\/wp-json\/wp\/v2\/product\/18257","targetHints":{"allow":["GET"]}}],"collection":[{"href":"https:\/\/www.gastac.com\/it\/wp-json\/wp\/v2\/product"}],"about":[{"href":"https:\/\/www.gastac.com\/it\/wp-json\/wp\/v2\/types\/product"}],"replies":[{"embeddable":true,"href":"https:\/\/www.gastac.com\/it\/wp-json\/wp\/v2\/comments?post=18257"}],"wp:featuredmedia":[{"embeddable":true,"href":"https:\/\/www.gastac.com\/it\/wp-json\/wp\/v2\/media\/18271"}],"wp:attachment":[{"href":"https:\/\/www.gastac.com\/it\/wp-json\/wp\/v2\/media?parent=18257"}],"wp:term":[{"taxonomy":"product_brand","embeddable":true,"href":"https:\/\/www.gastac.com\/it\/wp-json\/wp\/v2\/product_brand?post=18257"},{"taxonomy":"product_cat","embeddable":true,"href":"https:\/\/www.gastac.com\/it\/wp-json\/wp\/v2\/product_cat?post=18257"},{"taxonomy":"product_tag","embeddable":true,"href":"https:\/\/www.gastac.com\/it\/wp-json\/wp\/v2\/product_tag?post=18257"}],"curies":[{"name":"wp","href":"https:\/\/api.w.org\/{rel}","templated":true}]}}