{"id":17813,"date":"2025-11-11T08:39:15","date_gmt":"2025-11-11T08:39:15","guid":{"rendered":"https:\/\/www.gastac.com\/?post_type=product&#038;p=17813"},"modified":"2025-11-11T08:39:16","modified_gmt":"2025-11-11T08:39:16","slug":"pistoni-baule-polo","status":"publish","type":"product","link":"https:\/\/www.gastac.com\/it\/prodotto\/pistoni-baule-polo\/","title":{"rendered":"Pistoni baule polo"},"content":{"rendered":"<p><strong>Pistoni baule polo<\/strong><\/p>\n<p>I montanti del bagagliaio Polo (noti anche come montanti del portellone Polo 9n) sono utilizzati per sostenere il portellone, mentre i montanti del bagagliaio Polo fungono da elementi della carrozzeria che consentono al bagagliaio della Volkswagen Polo 9n di aprirsi e chiudersi dolcemente e senza intoppi.<\/p>\n<p>Il pistone tronco Polo non \u00e8 rimovibile, n\u00e9 lo \u00e8 il polo Pistoni baule. Se le parti sono danneggiate, il fluido operativo potrebbe fuoriuscire. Il problema pu\u00f2 essere individuato immediatamente anche con una semplice ispezione visiva. Esiste anche il rischio di lesioni a causa dell\u2019elevata pressione dell\u2019aria all\u2019interno del meccanismo.<\/p>\n<p>Quando il portellone scricchiola quando viene aperto, oppure il bagagliaio non si apre facilmente e il bagagliaio non si apre nella posizione pi\u00f9 alta, significa che il baule polo Volkswagen Pistoni \u00e8 difettoso e la molla a gas deve essere sostituita in tempo per riavviare il pistone del bagagliaio polo Quando funziona normalmente, il portellone si apre e si richiude normalmente.<\/p>\n<p>Se desideri acquistare la polo baule Pistoni a un prezzo inferiore, effettua un ordine nel nostro negozio online. Non solo economico ma anche veloce. L\u2019acquisto online richiede solo pochi minuti e il nostro team elaborer\u00e0 il tuo ordine e spedir\u00e0 rapidamente la tua polo baule Pistoni.<br \/>\n<img class=\"lazyload\" decoding=\"async\" src=\"data:image\/gif;base64,R0lGODlhAQABAAAAACH5BAEKAAEALAAAAAABAAEAAAICTAEAOw==\" data-orig-src=\"https:\/\/gastac.com\/wp-content\/uploads\/2023\/06\/pistoni-baule-polo-280x280.jpg\" alt=\"Pistoni baule polo \" \/><img class=\"lazyload\" decoding=\"async\" src=\"data:image\/gif;base64,R0lGODlhAQABAAAAACH5BAEKAAEALAAAAAABAAEAAAICTAEAOw==\" data-orig-src=\"https:\/\/gastac.com\/wp-content\/uploads\/2023\/06\/pistoni-cofano-smart-451-4-280x280.jpg\" alt=\"Pistoni baule polo \" \/><\/p>\n<p><strong><b>P<\/b><\/strong><strong><b>istoni\u00a0<\/b><\/strong><strong><b>B<\/b><\/strong><strong><b>aule\u00a0<\/b><\/strong><strong><b>P<\/b><\/strong><strong><b>olo<\/b><\/strong><strong><b>\u00a0Modelli Applicabili<\/b><\/strong><\/p>\n<p>&nbsp;<\/p>\n<p>Pistoni bagagliaio per 9N_ 1.0<\/p>\n<p>Pistoncini portellone per VOLKSWAGEN Polo IV Hatchback (9N) 1.0 58 CV 2002 \u2013 2005<\/p>\n<p>Ammortizzatore portellone posteriore per Polo 9N 1.0 79 CV 2002 \u2013 2004<\/p>\n<p>&nbsp;<\/p>\n<p>VW POLO 9N_ 1.6<\/p>\n<p>Pistoncini portellone per VOLKSWAGEN Polo IV Hatchback (9N) 1.6 101 CV 2002 \u2013 2005<\/p>\n<p>Ammortizzatore portellone posteriore per Polo 9N 1.6 16V 105 CV 2006 \u2013 2009<\/p>\n<p>1.6 Flex 101 CV 2008 \u2013 2009<\/p>\n<p>1.6 Flex 104 CV 2008 \u2013 2012<\/p>\n<p>Pistoni bagagliaio per 9N_ 2.0<\/p>\n<p>Pistoncini portellone per VOLKSWAGEN Polo IV Hatchback (9N) 2.0 115 CV 2004 \u2013 2012<\/p>\n<p>Ammortizzatore portellone posteriore per Polo 9N 2.0 Total Flex 120 CV 2008 \u2013 2012<\/p>\n<p>&nbsp;<\/p>\n<p>VW POLO 9N_ 1.2<\/p>\n<p>Pistoncini portellone per VOLKSWAGEN Polo IV Hatchback (9N) 1.2 54 CV 2002 \u2013 2007<\/p>\n<p>Ammortizzatore portellone posteriore per Polo 9N 1.2 60 CV 2007 \u2013 2009<\/p>\n<p>1.2 12V 64 CV 2001 \u2013 2007<\/p>\n<p>1.2 12V 69 CV 2007 \u2013 2009<\/p>\n<p>&nbsp;<\/p>\n<p>Pistoni bagagliaio per 9N_ 1.8<\/p>\n<p>Pistoncini portellone per VOLKSWAGEN Polo IV Hatchback (9N) 1.8 GTI 150 CV 2005 \u2013 2009<\/p>\n<p>Ammortizzatore portellone posteriore per Polo 9N 1.8 GTi Cup Edition 180 CV 2006 \u2013 2009<\/p>\n<p>&nbsp;<\/p>\n<p>Pistoni bagagliaio per 9N_ 1.4<\/p>\n<p>Pistoncini portellone per VOLKSWAGEN Polo IV Hatchback (9N) 1.4 86 CV 2002 \u2013 2009<\/p>\n<p>Ammortizzatore portellone posteriore per Polo 9N 1.4 16V 75 CV 2001 \u2013 2008<\/p>\n<p>1.4 16V 101 CV 2001 \u2013 2008<\/p>\n<p>1.4 16V 80 CV 2006 \u2013 2009<\/p>\n<p>1.4 BiFuel 82 CV 2006 \u2013 2009<\/p>\n<p>1.4 FSI 86 CV 2002 \u2013 2006<\/p>\n<p>1.4 TDI 75 CV 2001 \u2013 2005<\/p>\n<p>1.4 TDI 80 CV 2005 \u2013 2009<\/p>\n<p>1.4 TDI 70 CV 2005 \u2013 2009<\/p>\n<p>&nbsp;<\/p>\n<p>VW POLO 9N_ 1.9<\/p>\n<p>Pistoncini portellone per VOLKSWAGEN Polo IV Hatchback (9N) 1.9 SDI 64 CV 2001 \u2013 2009<\/p>\n<p>Ammortizzatore portellone posteriore per Polo 9N 1.9 TDI 101 CV 2001 \u2013 2009<\/p>\n<p>1.9 TDI 130 CV 2003 \u2013 2009<br \/>\n<img decoding=\"async\" class=\"lazyload aligncenter\" src=\"data:image\/gif;base64,R0lGODlhAQABAAAAACH5BAEKAAEALAAAAAABAAEAAAICTAEAOw==\" data-orig-src=\"https:\/\/www.gastac.com\/wp-content\/uploads\/2023\/06\/Pistoni-baule-polo-1.jpg\" alt=\"Pistoni baule polo \" \/><\/p>\n","protected":false},"excerpt":{"rendered":"<p>Pistoni baule polo I montanti del bagagliaio Polo (noti anche come montanti del portellone Polo 9n) sono utilizzati per sostenere  [&#8230;]<\/p>\n","protected":false},"featured_media":17822,"comment_status":"open","ping_status":"closed","template":"","meta":[],"product_brand":[],"product_cat":[],"product_tag":[],"class_list":{"0":"post-17813","1":"product","2":"type-product","3":"status-publish","4":"has-post-thumbnail","7":"first","8":"instock","9":"shipping-taxable","10":"product-type-simple"},"yoast_head":"<!-- This site is optimized with the Yoast SEO Premium plugin v26.2 (Yoast SEO v27.4) - https:\/\/yoast.com\/product\/yoast-seo-premium-wordpress\/ -->\n<title>Pistoni baule polo | Gastac Gas Spring<\/title>\n<meta name=\"robots\" content=\"index, follow, max-snippet:-1, max-image-preview:large, max-video-preview:-1\" \/>\n<link rel=\"canonical\" href=\"https:\/\/www.gastac.com\/it\/prodotto\/pistoni-baule-polo\/\" \/>\n<meta property=\"og:locale\" content=\"it_IT\" \/>\n<meta property=\"og:type\" content=\"article\" \/>\n<meta property=\"og:title\" content=\"Pistoni baule polo\" \/>\n<meta property=\"og:description\" content=\"Pistoni baule polo I montanti del bagagliaio Polo (noti anche come montanti del portellone Polo 9n) sono utilizzati per sostenere [...]\" \/>\n<meta property=\"og:url\" content=\"https:\/\/www.gastac.com\/it\/prodotto\/pistoni-baule-polo\/\" \/>\n<meta property=\"og:site_name\" content=\"Gastac Gas Spring\" \/>\n<meta property=\"article:publisher\" content=\"https:\/\/www.facebook.com\/profile.php?id=100092358464608\" \/>\n<meta property=\"article:modified_time\" content=\"2025-11-11T08:39:16+00:00\" \/>\n<meta property=\"og:image\" content=\"https:\/\/www.gastac.com\/wp-content\/uploads\/2025\/11\/pistoni-baule-polo.webp\" \/>\n\t<meta property=\"og:image:width\" content=\"400\" \/>\n\t<meta property=\"og:image:height\" content=\"400\" \/>\n\t<meta property=\"og:image:type\" content=\"image\/webp\" \/>\n<meta name=\"twitter:card\" content=\"summary_large_image\" \/>\n<meta name=\"twitter:label1\" content=\"Tempo di lettura stimato\" \/>\n\t<meta name=\"twitter:data1\" content=\"1 minuto\" \/>\n<script type=\"application\/ld+json\" class=\"yoast-schema-graph\">{\"@context\":\"https:\\\/\\\/schema.org\",\"@graph\":[{\"@type\":\"WebPage\",\"@id\":\"https:\\\/\\\/www.gastac.com\\\/it\\\/prodotto\\\/pistoni-baule-polo\\\/\",\"url\":\"https:\\\/\\\/www.gastac.com\\\/it\\\/prodotto\\\/pistoni-baule-polo\\\/\",\"name\":\"Pistoni baule polo | Gastac Gas Spring\",\"isPartOf\":{\"@id\":\"https:\\\/\\\/www.gastac.com\\\/it\\\/#website\"},\"primaryImageOfPage\":{\"@id\":\"https:\\\/\\\/www.gastac.com\\\/it\\\/prodotto\\\/pistoni-baule-polo\\\/#primaryimage\"},\"image\":{\"@id\":\"https:\\\/\\\/www.gastac.com\\\/it\\\/prodotto\\\/pistoni-baule-polo\\\/#primaryimage\"},\"thumbnailUrl\":\"https:\\\/\\\/www.gastac.com\\\/wp-content\\\/uploads\\\/2025\\\/11\\\/pistoni-baule-polo.webp\",\"datePublished\":\"2025-11-11T08:39:15+00:00\",\"dateModified\":\"2025-11-11T08:39:16+00:00\",\"breadcrumb\":{\"@id\":\"https:\\\/\\\/www.gastac.com\\\/it\\\/prodotto\\\/pistoni-baule-polo\\\/#breadcrumb\"},\"inLanguage\":\"it-IT\",\"potentialAction\":[{\"@type\":\"ReadAction\",\"target\":[\"https:\\\/\\\/www.gastac.com\\\/it\\\/prodotto\\\/pistoni-baule-polo\\\/\"]}]},{\"@type\":\"ImageObject\",\"inLanguage\":\"it-IT\",\"@id\":\"https:\\\/\\\/www.gastac.com\\\/it\\\/prodotto\\\/pistoni-baule-polo\\\/#primaryimage\",\"url\":\"https:\\\/\\\/www.gastac.com\\\/wp-content\\\/uploads\\\/2025\\\/11\\\/pistoni-baule-polo.webp\",\"contentUrl\":\"https:\\\/\\\/www.gastac.com\\\/wp-content\\\/uploads\\\/2025\\\/11\\\/pistoni-baule-polo.webp\",\"width\":400,\"height\":400,\"caption\":\"pistoni baule polo\"},{\"@type\":\"BreadcrumbList\",\"@id\":\"https:\\\/\\\/www.gastac.com\\\/it\\\/prodotto\\\/pistoni-baule-polo\\\/#breadcrumb\",\"itemListElement\":[{\"@type\":\"ListItem\",\"position\":1,\"name\":\"Home\",\"item\":\"https:\\\/\\\/www.gastac.com\\\/it\\\/\"},{\"@type\":\"ListItem\",\"position\":2,\"name\":\"products\",\"item\":\"https:\\\/\\\/www.gastac.com\\\/it\\\/products\\\/\"},{\"@type\":\"ListItem\",\"position\":3,\"name\":\"Pistoni baule polo\"}]},{\"@type\":\"WebSite\",\"@id\":\"https:\\\/\\\/www.gastac.com\\\/it\\\/#website\",\"url\":\"https:\\\/\\\/www.gastac.com\\\/it\\\/\",\"name\":\"Gastac Gas Spring\",\"description\":\"China\u2019s Leading Gas Springs &amp; Struts Manufacturer\",\"publisher\":{\"@id\":\"https:\\\/\\\/www.gastac.com\\\/it\\\/#organization\"},\"potentialAction\":[{\"@type\":\"SearchAction\",\"target\":{\"@type\":\"EntryPoint\",\"urlTemplate\":\"https:\\\/\\\/www.gastac.com\\\/it\\\/?s={search_term_string}\"},\"query-input\":{\"@type\":\"PropertyValueSpecification\",\"valueRequired\":true,\"valueName\":\"search_term_string\"}}],\"inLanguage\":\"it-IT\"},{\"@type\":\"Organization\",\"@id\":\"https:\\\/\\\/www.gastac.com\\\/it\\\/#organization\",\"name\":\"Ningbo Gastac Gas Spring Co.,Ltd\",\"url\":\"https:\\\/\\\/www.gastac.com\\\/it\\\/\",\"logo\":{\"@type\":\"ImageObject\",\"inLanguage\":\"it-IT\",\"@id\":\"https:\\\/\\\/www.gastac.com\\\/it\\\/#\\\/schema\\\/logo\\\/image\\\/\",\"url\":\"https:\\\/\\\/www.gastac.com\\\/wp-content\\\/uploads\\\/2025\\\/09\\\/LOGO\u672c\u8272-\u9ed1.webp\",\"contentUrl\":\"https:\\\/\\\/www.gastac.com\\\/wp-content\\\/uploads\\\/2025\\\/09\\\/LOGO\u672c\u8272-\u9ed1.webp\",\"width\":1920,\"height\":1080,\"caption\":\"Ningbo Gastac Gas Spring Co.,Ltd\"},\"image\":{\"@id\":\"https:\\\/\\\/www.gastac.com\\\/it\\\/#\\\/schema\\\/logo\\\/image\\\/\"},\"sameAs\":[\"https:\\\/\\\/www.facebook.com\\\/profile.php?id=100092358464608\",\"https:\\\/\\\/www.youtube.com\\\/@Gastac-Gas-Spring\",\"https:\\\/\\\/www.linkedin.com\\\/in\\\/gastac-gas-spring\\\/\",\"https:\\\/\\\/www.instagram.com\\\/gastacgasspring\\\/\"]}]}<\/script>\n<!-- \/ Yoast SEO Premium plugin. -->","yoast_head_json":{"title":"Pistoni baule polo | Gastac Gas Spring","robots":{"index":"index","follow":"follow","max-snippet":"max-snippet:-1","max-image-preview":"max-image-preview:large","max-video-preview":"max-video-preview:-1"},"canonical":"https:\/\/www.gastac.com\/it\/prodotto\/pistoni-baule-polo\/","og_locale":"it_IT","og_type":"article","og_title":"Pistoni baule polo","og_description":"Pistoni baule polo I montanti del bagagliaio Polo (noti anche come montanti del portellone Polo 9n) sono utilizzati per sostenere [...]","og_url":"https:\/\/www.gastac.com\/it\/prodotto\/pistoni-baule-polo\/","og_site_name":"Gastac Gas Spring","article_publisher":"https:\/\/www.facebook.com\/profile.php?id=100092358464608","article_modified_time":"2025-11-11T08:39:16+00:00","og_image":[{"width":400,"height":400,"url":"https:\/\/www.gastac.com\/wp-content\/uploads\/2025\/11\/pistoni-baule-polo.webp","type":"image\/webp"}],"twitter_card":"summary_large_image","twitter_misc":{"Tempo di lettura stimato":"1 minuto"},"schema":{"@context":"https:\/\/schema.org","@graph":[{"@type":"WebPage","@id":"https:\/\/www.gastac.com\/it\/prodotto\/pistoni-baule-polo\/","url":"https:\/\/www.gastac.com\/it\/prodotto\/pistoni-baule-polo\/","name":"Pistoni baule polo | Gastac Gas Spring","isPartOf":{"@id":"https:\/\/www.gastac.com\/it\/#website"},"primaryImageOfPage":{"@id":"https:\/\/www.gastac.com\/it\/prodotto\/pistoni-baule-polo\/#primaryimage"},"image":{"@id":"https:\/\/www.gastac.com\/it\/prodotto\/pistoni-baule-polo\/#primaryimage"},"thumbnailUrl":"https:\/\/www.gastac.com\/wp-content\/uploads\/2025\/11\/pistoni-baule-polo.webp","datePublished":"2025-11-11T08:39:15+00:00","dateModified":"2025-11-11T08:39:16+00:00","breadcrumb":{"@id":"https:\/\/www.gastac.com\/it\/prodotto\/pistoni-baule-polo\/#breadcrumb"},"inLanguage":"it-IT","potentialAction":[{"@type":"ReadAction","target":["https:\/\/www.gastac.com\/it\/prodotto\/pistoni-baule-polo\/"]}]},{"@type":"ImageObject","inLanguage":"it-IT","@id":"https:\/\/www.gastac.com\/it\/prodotto\/pistoni-baule-polo\/#primaryimage","url":"https:\/\/www.gastac.com\/wp-content\/uploads\/2025\/11\/pistoni-baule-polo.webp","contentUrl":"https:\/\/www.gastac.com\/wp-content\/uploads\/2025\/11\/pistoni-baule-polo.webp","width":400,"height":400,"caption":"pistoni baule polo"},{"@type":"BreadcrumbList","@id":"https:\/\/www.gastac.com\/it\/prodotto\/pistoni-baule-polo\/#breadcrumb","itemListElement":[{"@type":"ListItem","position":1,"name":"Home","item":"https:\/\/www.gastac.com\/it\/"},{"@type":"ListItem","position":2,"name":"products","item":"https:\/\/www.gastac.com\/it\/products\/"},{"@type":"ListItem","position":3,"name":"Pistoni baule polo"}]},{"@type":"WebSite","@id":"https:\/\/www.gastac.com\/it\/#website","url":"https:\/\/www.gastac.com\/it\/","name":"Gastac Gas Spring","description":"China\u2019s Leading Gas Springs &amp; Struts Manufacturer","publisher":{"@id":"https:\/\/www.gastac.com\/it\/#organization"},"potentialAction":[{"@type":"SearchAction","target":{"@type":"EntryPoint","urlTemplate":"https:\/\/www.gastac.com\/it\/?s={search_term_string}"},"query-input":{"@type":"PropertyValueSpecification","valueRequired":true,"valueName":"search_term_string"}}],"inLanguage":"it-IT"},{"@type":"Organization","@id":"https:\/\/www.gastac.com\/it\/#organization","name":"Ningbo Gastac Gas Spring Co.,Ltd","url":"https:\/\/www.gastac.com\/it\/","logo":{"@type":"ImageObject","inLanguage":"it-IT","@id":"https:\/\/www.gastac.com\/it\/#\/schema\/logo\/image\/","url":"https:\/\/www.gastac.com\/wp-content\/uploads\/2025\/09\/LOGO\u672c\u8272-\u9ed1.webp","contentUrl":"https:\/\/www.gastac.com\/wp-content\/uploads\/2025\/09\/LOGO\u672c\u8272-\u9ed1.webp","width":1920,"height":1080,"caption":"Ningbo Gastac Gas Spring Co.,Ltd"},"image":{"@id":"https:\/\/www.gastac.com\/it\/#\/schema\/logo\/image\/"},"sameAs":["https:\/\/www.facebook.com\/profile.php?id=100092358464608","https:\/\/www.youtube.com\/@Gastac-Gas-Spring","https:\/\/www.linkedin.com\/in\/gastac-gas-spring\/","https:\/\/www.instagram.com\/gastacgasspring\/"]}]}},"_links":{"self":[{"href":"https:\/\/www.gastac.com\/it\/wp-json\/wp\/v2\/product\/17813","targetHints":{"allow":["GET"]}}],"collection":[{"href":"https:\/\/www.gastac.com\/it\/wp-json\/wp\/v2\/product"}],"about":[{"href":"https:\/\/www.gastac.com\/it\/wp-json\/wp\/v2\/types\/product"}],"replies":[{"embeddable":true,"href":"https:\/\/www.gastac.com\/it\/wp-json\/wp\/v2\/comments?post=17813"}],"wp:featuredmedia":[{"embeddable":true,"href":"https:\/\/www.gastac.com\/it\/wp-json\/wp\/v2\/media\/17822"}],"wp:attachment":[{"href":"https:\/\/www.gastac.com\/it\/wp-json\/wp\/v2\/media?parent=17813"}],"wp:term":[{"taxonomy":"product_brand","embeddable":true,"href":"https:\/\/www.gastac.com\/it\/wp-json\/wp\/v2\/product_brand?post=17813"},{"taxonomy":"product_cat","embeddable":true,"href":"https:\/\/www.gastac.com\/it\/wp-json\/wp\/v2\/product_cat?post=17813"},{"taxonomy":"product_tag","embeddable":true,"href":"https:\/\/www.gastac.com\/it\/wp-json\/wp\/v2\/product_tag?post=17813"}],"curies":[{"name":"wp","href":"https:\/\/api.w.org\/{rel}","templated":true}]}}