{"id":17654,"date":"2025-11-11T07:57:14","date_gmt":"2025-11-11T07:57:14","guid":{"rendered":"https:\/\/www.gastac.com\/?post_type=product&#038;p=17654"},"modified":"2025-11-11T07:57:14","modified_gmt":"2025-11-11T07:57:14","slug":"pistoni-portellone-grande-punto","status":"publish","type":"product","link":"https:\/\/www.gastac.com\/it\/prodotto\/pistoni-portellone-grande-punto\/","title":{"rendered":"Pistoni portellone grande punto"},"content":{"rendered":"<p><strong>Pistoni portellone grande punto<\/strong><\/p>\n<p>Pistoni portellone grande punto (noto anche come pizzani baule punto evo<\/p>\n<p>) a sostegno del portellone, gli ammortizzatori portellone punto evo come elementi della scocca consentono al bagagliaio della Grande Punto di aprirsi e chiudersi dolcemente e dolcemente.<\/p>\n<p>&nbsp;<\/p>\n<p>Un Pistoni portellone grande punto non si pu\u00f2 spaccare, n\u00e9 si pu\u00f2 riparare un pistoni baule punto evo. Se le parti vengono manomesse, il fluido operativo potrebbe fuoriuscire. Questo problema pu\u00f2 essere rilevato immediatamente anche con una semplice ispezione visiva. Esiste anche il rischio di lesioni dovute all\u2019elevata pressione del gas all\u2019interno del meccanismo.<\/p>\n<p>&nbsp;<\/p>\n<p>Quando il portellone scricchiola quando viene aperto, o il bagagliaio non si apre facilmente, e il bagagliaio non pu\u00f2 essere aperto nella posizione pi\u00f9 alta, significa che gli ammortizzatori portellone punto evo si sono guastati e la molla a gas deve essere sostituita in tempo per far ripartire i pistoni portellone grande punto Funzionamento normale, il portellone si apre e si richiude tornando normale.<\/p>\n<p>&nbsp;<\/p>\n<p>Se desideri acquistare i pizzani portellone grande punto a un prezzo inferiore, effettua un ordine nel nostro negozio online. Non solo economico ma anche veloce. L\u2019acquisto online richiede pochi minuti, il nostro team elaborer\u00e0 rapidamente il tuo ordine e spedir\u00e0 i tuoi pizzani portellone grande punto.<\/p>\n<p>&nbsp;<\/p>\n<p><strong><b>P<\/b><\/strong><strong><b>istoni\u00a0<\/b><\/strong><strong><b>P<\/b><\/strong><strong><b>ortellone\u00a0<\/b><\/strong><strong><b>G<\/b><\/strong><strong><b>rande\u00a0<\/b><\/strong><strong><b>P<\/b><\/strong><strong><b>unto<\/b><\/strong><strong><b>\u00a0<\/b><\/strong><strong><b>Modelli\u00a0<\/b><\/strong><strong><b>A<\/b><\/strong><strong><b>pplicabili<\/b><\/strong><\/p>\n<p>&nbsp;<\/p>\n<p>Pistoni bagagliaio per 199 1.2<\/p>\n<p>Pistoncini portellone per FIAT Punto Evo Hatchback (199) 1.2 68 CV 2014 \u2013 \u2026<\/p>\n<p>Ammortizzatore portellone posteriore per Fiat Punto Evo 1.2 69 CV 2009 \u2013 2012<\/p>\n<p>1.2 65 CV 2009 \u2013 2012<\/p>\n<p>&nbsp;<\/p>\n<p>FIAT PUNTO 199 1.3<\/p>\n<p>Pistoncini portellone per FIAT Punto Evo Hatchback (199) 1.3 D Multijet 84 CV 2009 \u2013 2012<\/p>\n<p>Ammortizzatore portellone posteriore per Fiat Punto Evo 1.3 D Multijet 69 CV 2008 \u2013 2012<\/p>\n<p>1.3 D Multijet 75 CV 2009 \u2013 2012<\/p>\n<p>1.3 D Multijet 95 CV 2009 \u2013 2012<\/p>\n<p>1.3 D Multijet 90 CV 2009 \u2013 2012<\/p>\n<p>1.3 D Multijet 93 CV 2014 \u2013 \u2026<\/p>\n<p>1.3 D Multijet 76 CV 2009 \u2013 \u2026<\/p>\n<p>&nbsp;<\/p>\n<p>Pistoni bagagliaio per 199 1.4<\/p>\n<p>Pistoncini portellone per FIAT Punto Evo Hatchback (199) 1.4 75 CV 2009 \u2013 2012<\/p>\n<p>Ammortizzatore portellone posteriore per Fiat Punto Evo 1.4 77 CV 2009 \u2013 2012<\/p>\n<p>1.4 90 CV 2014 \u2013 \u2026<\/p>\n<p>1.4 16V 105 CV 2009 \u2013 2012<\/p>\n<p>1.4 16V 135 CV 2009 \u2013 2012<\/p>\n<p>1.4 LPG 78 CV 2009 \u2013 2012<\/p>\n<p>1.4 Natural Power 78 CV 2009 \u2013 2012<\/p>\n<p>&nbsp;<\/p>\n<p>FIAT PUNTO 199 1.6<\/p>\n<p>Pistoncini portellone per FIAT Punto Evo Hatchback (199) 1.6 D Multijet 120 CV 2009 \u2013 2012<br \/>\n<img decoding=\"async\" class=\"lazyload aligncenter\" src=\"data:image\/gif;base64,R0lGODlhAQABAAAAACH5BAEKAAEALAAAAAABAAEAAAICTAEAOw==\" data-orig-src=\"https:\/\/www.gastac.com\/wp-content\/uploads\/2023\/06\/%E5%BE%AE%E4%BF%A1%E5%9B%BE%E7%89%87_20230713174635-800x292.png\" alt=\"Pistoni portellone grande punto \" \/><\/p>\n","protected":false},"excerpt":{"rendered":"<p>Pistoni portellone grande punto Pistoni portellone grande punto (noto anche come pizzani baule punto evo ) a sostegno del portellone,  [&#8230;]<\/p>\n","protected":false},"featured_media":17658,"comment_status":"open","ping_status":"closed","template":"","meta":[],"product_brand":[],"product_cat":[],"product_tag":[],"class_list":{"0":"post-17654","1":"product","2":"type-product","3":"status-publish","4":"has-post-thumbnail","7":"first","8":"instock","9":"shipping-taxable","10":"product-type-simple"},"yoast_head":"<!-- This site is optimized with the Yoast SEO Premium plugin v26.2 (Yoast SEO v27.4) - https:\/\/yoast.com\/product\/yoast-seo-premium-wordpress\/ -->\n<title>Pistoni portellone grande punto | Gastac Gas Spring<\/title>\n<meta name=\"robots\" content=\"index, follow, max-snippet:-1, max-image-preview:large, max-video-preview:-1\" \/>\n<link rel=\"canonical\" href=\"https:\/\/www.gastac.com\/it\/prodotto\/pistoni-portellone-grande-punto\/\" \/>\n<meta property=\"og:locale\" content=\"it_IT\" \/>\n<meta property=\"og:type\" content=\"article\" \/>\n<meta property=\"og:title\" content=\"Pistoni portellone grande punto\" \/>\n<meta property=\"og:description\" content=\"Pistoni portellone grande punto Pistoni portellone grande punto (noto anche come pizzani baule punto evo ) a sostegno del portellone, [...]\" \/>\n<meta property=\"og:url\" content=\"https:\/\/www.gastac.com\/it\/prodotto\/pistoni-portellone-grande-punto\/\" \/>\n<meta property=\"og:site_name\" content=\"Gastac Gas Spring\" \/>\n<meta property=\"article:publisher\" content=\"https:\/\/www.facebook.com\/profile.php?id=100092358464608\" \/>\n<meta property=\"og:image\" content=\"https:\/\/www.gastac.com\/wp-content\/uploads\/2025\/11\/pistoni-cofano-fiat-punto-1.webp\" \/>\n\t<meta property=\"og:image:width\" content=\"1479\" \/>\n\t<meta property=\"og:image:height\" content=\"1500\" \/>\n\t<meta property=\"og:image:type\" content=\"image\/webp\" \/>\n<meta name=\"twitter:card\" content=\"summary_large_image\" \/>\n<meta name=\"twitter:label1\" content=\"Tempo di lettura stimato\" \/>\n\t<meta name=\"twitter:data1\" content=\"1 minuto\" \/>\n<script type=\"application\/ld+json\" class=\"yoast-schema-graph\">{\"@context\":\"https:\\\/\\\/schema.org\",\"@graph\":[{\"@type\":\"WebPage\",\"@id\":\"https:\\\/\\\/www.gastac.com\\\/it\\\/prodotto\\\/pistoni-portellone-grande-punto\\\/\",\"url\":\"https:\\\/\\\/www.gastac.com\\\/it\\\/prodotto\\\/pistoni-portellone-grande-punto\\\/\",\"name\":\"Pistoni portellone grande punto | Gastac Gas Spring\",\"isPartOf\":{\"@id\":\"https:\\\/\\\/www.gastac.com\\\/it\\\/#website\"},\"primaryImageOfPage\":{\"@id\":\"https:\\\/\\\/www.gastac.com\\\/it\\\/prodotto\\\/pistoni-portellone-grande-punto\\\/#primaryimage\"},\"image\":{\"@id\":\"https:\\\/\\\/www.gastac.com\\\/it\\\/prodotto\\\/pistoni-portellone-grande-punto\\\/#primaryimage\"},\"thumbnailUrl\":\"https:\\\/\\\/www.gastac.com\\\/wp-content\\\/uploads\\\/2025\\\/11\\\/pistoni-cofano-fiat-punto-1.webp\",\"datePublished\":\"2025-11-11T07:57:14+00:00\",\"breadcrumb\":{\"@id\":\"https:\\\/\\\/www.gastac.com\\\/it\\\/prodotto\\\/pistoni-portellone-grande-punto\\\/#breadcrumb\"},\"inLanguage\":\"it-IT\",\"potentialAction\":[{\"@type\":\"ReadAction\",\"target\":[\"https:\\\/\\\/www.gastac.com\\\/it\\\/prodotto\\\/pistoni-portellone-grande-punto\\\/\"]}]},{\"@type\":\"ImageObject\",\"inLanguage\":\"it-IT\",\"@id\":\"https:\\\/\\\/www.gastac.com\\\/it\\\/prodotto\\\/pistoni-portellone-grande-punto\\\/#primaryimage\",\"url\":\"https:\\\/\\\/www.gastac.com\\\/wp-content\\\/uploads\\\/2025\\\/11\\\/pistoni-cofano-fiat-punto-1.webp\",\"contentUrl\":\"https:\\\/\\\/www.gastac.com\\\/wp-content\\\/uploads\\\/2025\\\/11\\\/pistoni-cofano-fiat-punto-1.webp\",\"width\":1479,\"height\":1500,\"caption\":\"pistoni cofano fiat punto 1\"},{\"@type\":\"BreadcrumbList\",\"@id\":\"https:\\\/\\\/www.gastac.com\\\/it\\\/prodotto\\\/pistoni-portellone-grande-punto\\\/#breadcrumb\",\"itemListElement\":[{\"@type\":\"ListItem\",\"position\":1,\"name\":\"Home\",\"item\":\"https:\\\/\\\/www.gastac.com\\\/it\\\/\"},{\"@type\":\"ListItem\",\"position\":2,\"name\":\"products\",\"item\":\"https:\\\/\\\/www.gastac.com\\\/it\\\/products\\\/\"},{\"@type\":\"ListItem\",\"position\":3,\"name\":\"Pistoni portellone grande punto\"}]},{\"@type\":\"WebSite\",\"@id\":\"https:\\\/\\\/www.gastac.com\\\/it\\\/#website\",\"url\":\"https:\\\/\\\/www.gastac.com\\\/it\\\/\",\"name\":\"Gastac Gas Spring\",\"description\":\"China\u2019s Leading Gas Springs &amp; Struts Manufacturer\",\"publisher\":{\"@id\":\"https:\\\/\\\/www.gastac.com\\\/it\\\/#organization\"},\"potentialAction\":[{\"@type\":\"SearchAction\",\"target\":{\"@type\":\"EntryPoint\",\"urlTemplate\":\"https:\\\/\\\/www.gastac.com\\\/it\\\/?s={search_term_string}\"},\"query-input\":{\"@type\":\"PropertyValueSpecification\",\"valueRequired\":true,\"valueName\":\"search_term_string\"}}],\"inLanguage\":\"it-IT\"},{\"@type\":\"Organization\",\"@id\":\"https:\\\/\\\/www.gastac.com\\\/it\\\/#organization\",\"name\":\"Ningbo Gastac Gas Spring Co.,Ltd\",\"url\":\"https:\\\/\\\/www.gastac.com\\\/it\\\/\",\"logo\":{\"@type\":\"ImageObject\",\"inLanguage\":\"it-IT\",\"@id\":\"https:\\\/\\\/www.gastac.com\\\/it\\\/#\\\/schema\\\/logo\\\/image\\\/\",\"url\":\"https:\\\/\\\/www.gastac.com\\\/wp-content\\\/uploads\\\/2025\\\/09\\\/LOGO\u672c\u8272-\u9ed1.webp\",\"contentUrl\":\"https:\\\/\\\/www.gastac.com\\\/wp-content\\\/uploads\\\/2025\\\/09\\\/LOGO\u672c\u8272-\u9ed1.webp\",\"width\":1920,\"height\":1080,\"caption\":\"Ningbo Gastac Gas Spring Co.,Ltd\"},\"image\":{\"@id\":\"https:\\\/\\\/www.gastac.com\\\/it\\\/#\\\/schema\\\/logo\\\/image\\\/\"},\"sameAs\":[\"https:\\\/\\\/www.facebook.com\\\/profile.php?id=100092358464608\",\"https:\\\/\\\/www.youtube.com\\\/@Gastac-Gas-Spring\",\"https:\\\/\\\/www.linkedin.com\\\/in\\\/gastac-gas-spring\\\/\",\"https:\\\/\\\/www.instagram.com\\\/gastacgasspring\\\/\"]}]}<\/script>\n<!-- \/ Yoast SEO Premium plugin. -->","yoast_head_json":{"title":"Pistoni portellone grande punto | Gastac Gas Spring","robots":{"index":"index","follow":"follow","max-snippet":"max-snippet:-1","max-image-preview":"max-image-preview:large","max-video-preview":"max-video-preview:-1"},"canonical":"https:\/\/www.gastac.com\/it\/prodotto\/pistoni-portellone-grande-punto\/","og_locale":"it_IT","og_type":"article","og_title":"Pistoni portellone grande punto","og_description":"Pistoni portellone grande punto Pistoni portellone grande punto (noto anche come pizzani baule punto evo ) a sostegno del portellone, [...]","og_url":"https:\/\/www.gastac.com\/it\/prodotto\/pistoni-portellone-grande-punto\/","og_site_name":"Gastac Gas Spring","article_publisher":"https:\/\/www.facebook.com\/profile.php?id=100092358464608","og_image":[{"width":1479,"height":1500,"url":"https:\/\/www.gastac.com\/wp-content\/uploads\/2025\/11\/pistoni-cofano-fiat-punto-1.webp","type":"image\/webp"}],"twitter_card":"summary_large_image","twitter_misc":{"Tempo di lettura stimato":"1 minuto"},"schema":{"@context":"https:\/\/schema.org","@graph":[{"@type":"WebPage","@id":"https:\/\/www.gastac.com\/it\/prodotto\/pistoni-portellone-grande-punto\/","url":"https:\/\/www.gastac.com\/it\/prodotto\/pistoni-portellone-grande-punto\/","name":"Pistoni portellone grande punto | Gastac Gas Spring","isPartOf":{"@id":"https:\/\/www.gastac.com\/it\/#website"},"primaryImageOfPage":{"@id":"https:\/\/www.gastac.com\/it\/prodotto\/pistoni-portellone-grande-punto\/#primaryimage"},"image":{"@id":"https:\/\/www.gastac.com\/it\/prodotto\/pistoni-portellone-grande-punto\/#primaryimage"},"thumbnailUrl":"https:\/\/www.gastac.com\/wp-content\/uploads\/2025\/11\/pistoni-cofano-fiat-punto-1.webp","datePublished":"2025-11-11T07:57:14+00:00","breadcrumb":{"@id":"https:\/\/www.gastac.com\/it\/prodotto\/pistoni-portellone-grande-punto\/#breadcrumb"},"inLanguage":"it-IT","potentialAction":[{"@type":"ReadAction","target":["https:\/\/www.gastac.com\/it\/prodotto\/pistoni-portellone-grande-punto\/"]}]},{"@type":"ImageObject","inLanguage":"it-IT","@id":"https:\/\/www.gastac.com\/it\/prodotto\/pistoni-portellone-grande-punto\/#primaryimage","url":"https:\/\/www.gastac.com\/wp-content\/uploads\/2025\/11\/pistoni-cofano-fiat-punto-1.webp","contentUrl":"https:\/\/www.gastac.com\/wp-content\/uploads\/2025\/11\/pistoni-cofano-fiat-punto-1.webp","width":1479,"height":1500,"caption":"pistoni cofano fiat punto 1"},{"@type":"BreadcrumbList","@id":"https:\/\/www.gastac.com\/it\/prodotto\/pistoni-portellone-grande-punto\/#breadcrumb","itemListElement":[{"@type":"ListItem","position":1,"name":"Home","item":"https:\/\/www.gastac.com\/it\/"},{"@type":"ListItem","position":2,"name":"products","item":"https:\/\/www.gastac.com\/it\/products\/"},{"@type":"ListItem","position":3,"name":"Pistoni portellone grande punto"}]},{"@type":"WebSite","@id":"https:\/\/www.gastac.com\/it\/#website","url":"https:\/\/www.gastac.com\/it\/","name":"Gastac Gas Spring","description":"China\u2019s Leading Gas Springs &amp; Struts Manufacturer","publisher":{"@id":"https:\/\/www.gastac.com\/it\/#organization"},"potentialAction":[{"@type":"SearchAction","target":{"@type":"EntryPoint","urlTemplate":"https:\/\/www.gastac.com\/it\/?s={search_term_string}"},"query-input":{"@type":"PropertyValueSpecification","valueRequired":true,"valueName":"search_term_string"}}],"inLanguage":"it-IT"},{"@type":"Organization","@id":"https:\/\/www.gastac.com\/it\/#organization","name":"Ningbo Gastac Gas Spring Co.,Ltd","url":"https:\/\/www.gastac.com\/it\/","logo":{"@type":"ImageObject","inLanguage":"it-IT","@id":"https:\/\/www.gastac.com\/it\/#\/schema\/logo\/image\/","url":"https:\/\/www.gastac.com\/wp-content\/uploads\/2025\/09\/LOGO\u672c\u8272-\u9ed1.webp","contentUrl":"https:\/\/www.gastac.com\/wp-content\/uploads\/2025\/09\/LOGO\u672c\u8272-\u9ed1.webp","width":1920,"height":1080,"caption":"Ningbo Gastac Gas Spring Co.,Ltd"},"image":{"@id":"https:\/\/www.gastac.com\/it\/#\/schema\/logo\/image\/"},"sameAs":["https:\/\/www.facebook.com\/profile.php?id=100092358464608","https:\/\/www.youtube.com\/@Gastac-Gas-Spring","https:\/\/www.linkedin.com\/in\/gastac-gas-spring\/","https:\/\/www.instagram.com\/gastacgasspring\/"]}]}},"_links":{"self":[{"href":"https:\/\/www.gastac.com\/it\/wp-json\/wp\/v2\/product\/17654","targetHints":{"allow":["GET"]}}],"collection":[{"href":"https:\/\/www.gastac.com\/it\/wp-json\/wp\/v2\/product"}],"about":[{"href":"https:\/\/www.gastac.com\/it\/wp-json\/wp\/v2\/types\/product"}],"replies":[{"embeddable":true,"href":"https:\/\/www.gastac.com\/it\/wp-json\/wp\/v2\/comments?post=17654"}],"wp:featuredmedia":[{"embeddable":true,"href":"https:\/\/www.gastac.com\/it\/wp-json\/wp\/v2\/media\/17658"}],"wp:attachment":[{"href":"https:\/\/www.gastac.com\/it\/wp-json\/wp\/v2\/media?parent=17654"}],"wp:term":[{"taxonomy":"product_brand","embeddable":true,"href":"https:\/\/www.gastac.com\/it\/wp-json\/wp\/v2\/product_brand?post=17654"},{"taxonomy":"product_cat","embeddable":true,"href":"https:\/\/www.gastac.com\/it\/wp-json\/wp\/v2\/product_cat?post=17654"},{"taxonomy":"product_tag","embeddable":true,"href":"https:\/\/www.gastac.com\/it\/wp-json\/wp\/v2\/product_tag?post=17654"}],"curies":[{"name":"wp","href":"https:\/\/api.w.org\/{rel}","templated":true}]}}