{"id":17643,"date":"2025-11-11T07:49:20","date_gmt":"2025-11-11T07:49:20","guid":{"rendered":"https:\/\/www.gastac.com\/?post_type=product&#038;p=17643"},"modified":"2025-11-11T07:49:21","modified_gmt":"2025-11-11T07:49:21","slug":"pistoni-baule-panda","status":"publish","type":"product","link":"https:\/\/www.gastac.com\/it\/prodotto\/pistoni-baule-panda\/","title":{"rendered":"Pistoni baule panda"},"content":{"rendered":"<p><strong>Pistoni baule panda<\/strong><\/p>\n<p>Pistoni baule panda (noto anche come pistone bagagliaio panda) viene utilizzato per sostenere il portellone, e il pistone baule panda viene utilizzato come elemento della scocca per far aprire e chiudere dolcemente e dolcemente il bagagliaio della Fiat Panda.<\/p>\n<p>Una Pistoni baule panda non si pu\u00f2 spaccare e una pistoncini baule fiat panda non si pu\u00f2 riparare. Se le parti vengono manomesse, il fluido operativo potrebbe fuoriuscire. Questo problema pu\u00f2 essere rilevato immediatamente anche con una semplice ispezione visiva. Esiste anche il rischio di lesioni dovute all\u2019elevata pressione del gas all\u2019interno del meccanismo.<\/p>\n<p>Quando il portellone scricchiola quando viene aperto, o il bagagliaio non pu\u00f2 essere aperto facilmente e il bagagliaio non pu\u00f2 essere aperto nella posizione pi\u00f9 alta, significa che il pistone bagagliaio panda si \u00e8 guastato e la molla a gas deve essere sostituita in tempo per rendere gli ammortizzatori portabagagli funzionano di nuovo normalmente.Il portellone si apre e si richiude normalmente.<\/p>\n<p>Se desideri acquistare Pistoni baule panda a un prezzo inferiore, effettua un ordine nel nostro negozio online. Non solo economico ma anche veloce. L\u2019acquisto online richiede pochi minuti, il nostro team elaborer\u00e0 rapidamente il tuo ordine e spedir\u00e0 il tuo pistone bagagliaio panda.<\/p>\n<p><strong><b>P<\/b><\/strong><strong><b>istoni\u00a0<\/b><\/strong><strong><b>B<\/b><\/strong><strong><b>aule\u00a0<\/b><\/strong><strong><b>P<\/b><\/strong><strong><b>anda<\/b><\/strong><strong><b>\u00a0Modelli Applicabili<\/b><\/strong><\/p>\n<p>Pistoni bagagliaio per 141_ 0.9<\/p>\n<p>Pistoncini portellone per FIAT Panda I Hatchback (141) 0.9 Fire S Trazione integrale 45 CV 1980 \u2013 1986<\/p>\n<p>Ammortizzatore portellone posteriore per Fiat Panda 141 0.9 45 CV 1980 \u2013 1994<\/p>\n<p>0.9 40 CV 1992 \u2013 1996<\/p>\n<p>&nbsp;<\/p>\n<p>FIAT PANDA 141_ 1.3<\/p>\n<p>Pistoncini portellone per FIAT Panda I Hatchback (141) 1.3 D 37 CV 1986 \u2013 1992<\/p>\n<p>&nbsp;<\/p>\n<p>Pistoni bagagliaio per 141_ 0.8<\/p>\n<p>Pistoncini portellone per FIAT Panda I Hatchback (141) 0.8 34 CV 1981 \u2013 1985<\/p>\n<p>&nbsp;<\/p>\n<p>FIAT PANDA 141_ 1.0<\/p>\n<p>Pistoncini portellone per FIAT Panda I Hatchback (141) 1.0 44 CV 1986 \u2013 1992<\/p>\n<p>Ammortizzatore portellone posteriore per Fiat Panda 141 1.0 50 CV 1985 \u2013 1992<\/p>\n<p>1.0 4\u00d74 44 CV 1986 \u2013 1989<\/p>\n<p>1.0 50 CV 1986 \u2013 1992<\/p>\n<p>1.0 4\u00d74 45 CV 1986 \u2013 1994<\/p>\n<p>1.0 i.e. KAT 45 CV 1987 \u2013 1998<\/p>\n<p>1.0 48 CV 1982 \u2013 1983<\/p>\n<p>1.0 4\u00d74 48 CV 1983 \u2013 1986<\/p>\n<p>&nbsp;<\/p>\n<p>Pistoni bagagliaio per 141_ 0.65<\/p>\n<p>Pistoncini portellone per FIAT Panda I Hatchback (141) 0.65 30 CV 1982 \u2013 2004<\/p>\n<p>&nbsp;<\/p>\n<p>Pistoni bagagliaio per 141_ 1.1<\/p>\n<p>Pistoncini portellone per FIAT Panda I Hatchback (141) 1.1 50 CV 1991 \u2013 1999<\/p>\n<p>Ammortizzatore portellone posteriore per Fiat Panda 141 1.1 54 CV 1995 \u2013 2003<\/p>\n<p>1.1 4\u00d74 54 CV 1995 \u2013 2004<\/p>\n<p>1.1 Trekking 4\u00d74 50 CV 1991 \u2013 2004<\/p>\n<p>&nbsp;<\/p>\n<p>FIAT PANDA 141_ 0.7<\/p>\n<p>Pistoncini portellone per FIAT Panda I Hatchback (141) 0.7 34 CV 1986 \u2013 2003<\/p>\n<p>&nbsp;<\/p>\n<p><strong><b>Fiat Panda II<\/b><\/strong><\/p>\n<p><strong><b>Pistoncini portellone per FIAT Panda II Hatchback (169)<\/b><\/strong><\/p>\n<p><strong><b>\u00a0<\/b><\/strong><\/p>\n<p>Pistoni bagagliaio per 169 1.1<\/p>\n<p>Pistoncini portellone per FIAT Panda II Hatchback (169) 1.1 54 CV 2003 \u2013 \u2026<\/p>\n<p>&nbsp;<\/p>\n<p>FIAT PANDA 169 1.4<\/p>\n<p>Pistoncini portellone per FIAT Panda II Hatchback (169) 1.4 100 CV 2006 \u2013 \u2026<\/p>\n<p>Ammortizzatore portellone posteriore per Fiat Panda 169 1.4 Natural Power 78 CV 2010 \u2013 2013<\/p>\n<p>1.4 Natural Power 69 CV 2010 \u2013 2012<\/p>\n<p>&nbsp;<\/p>\n<p>FIAT PANDA 169 1.2<\/p>\n<p>Pistoncini portellone per FIAT Panda II Hatchback (169) 1.2 69 CV 2010 \u2013 2013<\/p>\n<p>Ammortizzatore portellone posteriore per Fiat Panda 169 1.2 60 CV 2003 \u2013 \u2026<\/p>\n<p>1.2 4\u00d74 69 CV 2009 \u2013 2013<\/p>\n<p>1.2 4\u00d74 60 CV 2004 \u2013 \u2026<\/p>\n<p>1.2 LPG 69 CV 2010 \u2013 2013<\/p>\n<p>1.2 LPG 60 CV 2009 \u2013 \u2026<\/p>\n<p>1.2 Natural Power 60 CV 2007 \u2013 2011<\/p>\n<p>&nbsp;<\/p>\n<p>Pistoni bagagliaio per 169 1.3<\/p>\n<p>Pistoncini portellone per FIAT Panda II Hatchback (169) 1.3 D Multijet 70 CV 2003 \u2013 \u2026<\/p>\n<p>Ammortizzatore portellone posteriore per Fiat Panda 169 1.3 D Multijet 75 CV 2006 \u2013 2013<\/p>\n<p>1.3 D Multijet 4\u00d74 75 CV 2010 \u2013 2013<\/p>\n<p>1.3 D Multijet 4\u00d74 70 CV 2004 \u2013 \u2026<\/p>\n<p>&nbsp;<\/p>\n<p><strong><b>\u00a0<\/b><\/strong><\/p>\n<p><strong><b>Fiat Panda III<\/b><\/strong><\/p>\n<p><strong><b>Pistoncini portellone per FIAT Panda III Hatchback (312, 319)<\/b><\/strong><\/p>\n<p><strong><b>\u00a0<\/b><\/strong><\/p>\n<p>Pistoni bagagliaio per 312_, 319_ 0.9<\/p>\n<p>Pistoncini portellone per FIAT Panda III Hatchback (312, 319) 0.9 86 CV 2012 \u2013 \u2026<\/p>\n<p>Ammortizzatore portellone posteriore per Fiat Panda 3 serie 0.9 65 CV 2012 \u2013 \u2026<\/p>\n<p>0.9 78 CV 2012 \u2013 \u2026<\/p>\n<p>0.9 60 CV 2013 \u2013 \u2026<\/p>\n<p>0.9 80 CV 2013 \u2013 \u2026<\/p>\n<p>0.9 4\u00d74 86 CV 2012 \u2013 \u2026<\/p>\n<p>0.9 4\u00d74 90 CV 2014 \u2013 \u2026<\/p>\n<p>0.9 Natural Power 86 CV 2012 \u2013 \u2026<\/p>\n<p>0.9 Natural Power 80 CV 2015 \u2013 \u2026<\/p>\n<p>0.9 Natural Power (312PXN1A) 69 CV 2019 \u2013 \u2026<\/p>\n<p>&nbsp;<\/p>\n<p>FIAT PANDA 312_, 319_ 1.3<\/p>\n<p>Pistoncini portellone per FIAT Panda III Hatchback (312, 319) 1.3 D Multijet 75 CV 2012 \u2013 \u2026<\/p>\n<p>Ammortizzatore portellone posteriore per Fiat Panda 3 serie 1.3 D Multijet 95 CV 2015 \u2013 \u2026<\/p>\n<p>1.3 D Multijet 80 CV 2015 \u2013 \u2026<\/p>\n<p>1.3 D Multijet 4\u00d74 75 CV 2012 \u2013 \u2026<\/p>\n<p>1.3 D Multijet 4\u00d74 80 CV 2014 \u2013 \u2026<\/p>\n<p>1.3 D Multijet 4\u00d74 95 CV 2015 \u2013 \u2026<\/p>\n<p>&nbsp;<\/p>\n<p>FIAT PANDA 312_, 319_ 1.0<\/p>\n<p>Pistoncini portellone per FIAT Panda III Hatchback (312, 319) 1.0 Mild Hybrid (312.PYD1B) 69 CV 2020 \u2013 \u2026<\/p>\n<p>&nbsp;<\/p>\n<p>Pistoni bagagliaio per 312_, 319_ 1.2<\/p>\n<p>Pistoncini portellone per FIAT Panda III Hatchback (312, 319) 1.2 69 CV 2012 \u2013 \u2026<\/p>\n<p>Ammortizzatore portellone posteriore per Fiat Panda 3 serie 1.2 LPG 69 CV 2012 \u2013 \u2026<br \/>\n<img decoding=\"async\" class=\"lazyload aligncenter\" src=\"data:image\/gif;base64,R0lGODlhAQABAAAAACH5BAEKAAEALAAAAAABAAEAAAICTAEAOw==\" data-orig-src=\"https:\/\/www.gastac.com\/wp-content\/uploads\/2023\/06\/Pistoni-baule-panda-800x292.png\" alt=\"Pistoni baule panda \" \/><\/p>\n","protected":false},"excerpt":{"rendered":"<p>Pistoni baule panda Pistoni baule panda (noto anche come pistone bagagliaio panda) viene utilizzato per sostenere il portellone, e il  [&#8230;]<\/p>\n","protected":false},"featured_media":17645,"comment_status":"open","ping_status":"closed","template":"","meta":[],"product_brand":[],"product_cat":[],"product_tag":[],"class_list":{"0":"post-17643","1":"product","2":"type-product","3":"status-publish","4":"has-post-thumbnail","7":"first","8":"instock","9":"shipping-taxable","10":"product-type-simple"},"yoast_head":"<!-- This site is optimized with the Yoast SEO Premium plugin v26.2 (Yoast SEO v27.4) - https:\/\/yoast.com\/product\/yoast-seo-premium-wordpress\/ -->\n<title>Pistoni baule panda | Gastac Gas Spring<\/title>\n<meta name=\"robots\" content=\"index, follow, max-snippet:-1, max-image-preview:large, max-video-preview:-1\" \/>\n<link rel=\"canonical\" href=\"https:\/\/www.gastac.com\/it\/prodotto\/pistoni-baule-panda\/\" \/>\n<meta property=\"og:locale\" content=\"it_IT\" \/>\n<meta property=\"og:type\" content=\"article\" \/>\n<meta property=\"og:title\" content=\"Pistoni baule panda\" \/>\n<meta property=\"og:description\" content=\"Pistoni baule panda Pistoni baule panda (noto anche come pistone bagagliaio panda) viene utilizzato per sostenere il portellone, e il [...]\" \/>\n<meta property=\"og:url\" content=\"https:\/\/www.gastac.com\/it\/prodotto\/pistoni-baule-panda\/\" \/>\n<meta property=\"og:site_name\" content=\"Gastac Gas Spring\" \/>\n<meta property=\"article:publisher\" content=\"https:\/\/www.facebook.com\/profile.php?id=100092358464608\" \/>\n<meta property=\"article:modified_time\" content=\"2025-11-11T07:49:21+00:00\" \/>\n<meta property=\"og:image\" content=\"https:\/\/www.gastac.com\/wp-content\/uploads\/2025\/11\/pistone-baule-panda-600x600-1.webp\" \/>\n\t<meta property=\"og:image:width\" content=\"600\" \/>\n\t<meta property=\"og:image:height\" content=\"600\" \/>\n\t<meta property=\"og:image:type\" content=\"image\/webp\" \/>\n<meta name=\"twitter:card\" content=\"summary_large_image\" \/>\n<meta name=\"twitter:label1\" content=\"Tempo di lettura stimato\" \/>\n\t<meta name=\"twitter:data1\" content=\"1 minuto\" \/>\n<script type=\"application\/ld+json\" class=\"yoast-schema-graph\">{\"@context\":\"https:\\\/\\\/schema.org\",\"@graph\":[{\"@type\":\"WebPage\",\"@id\":\"https:\\\/\\\/www.gastac.com\\\/it\\\/prodotto\\\/pistoni-baule-panda\\\/\",\"url\":\"https:\\\/\\\/www.gastac.com\\\/it\\\/prodotto\\\/pistoni-baule-panda\\\/\",\"name\":\"Pistoni baule panda | Gastac Gas Spring\",\"isPartOf\":{\"@id\":\"https:\\\/\\\/www.gastac.com\\\/it\\\/#website\"},\"primaryImageOfPage\":{\"@id\":\"https:\\\/\\\/www.gastac.com\\\/it\\\/prodotto\\\/pistoni-baule-panda\\\/#primaryimage\"},\"image\":{\"@id\":\"https:\\\/\\\/www.gastac.com\\\/it\\\/prodotto\\\/pistoni-baule-panda\\\/#primaryimage\"},\"thumbnailUrl\":\"https:\\\/\\\/www.gastac.com\\\/wp-content\\\/uploads\\\/2025\\\/11\\\/pistone-baule-panda-600x600-1.webp\",\"datePublished\":\"2025-11-11T07:49:20+00:00\",\"dateModified\":\"2025-11-11T07:49:21+00:00\",\"breadcrumb\":{\"@id\":\"https:\\\/\\\/www.gastac.com\\\/it\\\/prodotto\\\/pistoni-baule-panda\\\/#breadcrumb\"},\"inLanguage\":\"it-IT\",\"potentialAction\":[{\"@type\":\"ReadAction\",\"target\":[\"https:\\\/\\\/www.gastac.com\\\/it\\\/prodotto\\\/pistoni-baule-panda\\\/\"]}]},{\"@type\":\"ImageObject\",\"inLanguage\":\"it-IT\",\"@id\":\"https:\\\/\\\/www.gastac.com\\\/it\\\/prodotto\\\/pistoni-baule-panda\\\/#primaryimage\",\"url\":\"https:\\\/\\\/www.gastac.com\\\/wp-content\\\/uploads\\\/2025\\\/11\\\/pistone-baule-panda-600x600-1.webp\",\"contentUrl\":\"https:\\\/\\\/www.gastac.com\\\/wp-content\\\/uploads\\\/2025\\\/11\\\/pistone-baule-panda-600x600-1.webp\",\"width\":600,\"height\":600,\"caption\":\"pistone baule panda 600x600\"},{\"@type\":\"BreadcrumbList\",\"@id\":\"https:\\\/\\\/www.gastac.com\\\/it\\\/prodotto\\\/pistoni-baule-panda\\\/#breadcrumb\",\"itemListElement\":[{\"@type\":\"ListItem\",\"position\":1,\"name\":\"Home\",\"item\":\"https:\\\/\\\/www.gastac.com\\\/it\\\/\"},{\"@type\":\"ListItem\",\"position\":2,\"name\":\"products\",\"item\":\"https:\\\/\\\/www.gastac.com\\\/it\\\/products\\\/\"},{\"@type\":\"ListItem\",\"position\":3,\"name\":\"Pistoni baule panda\"}]},{\"@type\":\"WebSite\",\"@id\":\"https:\\\/\\\/www.gastac.com\\\/it\\\/#website\",\"url\":\"https:\\\/\\\/www.gastac.com\\\/it\\\/\",\"name\":\"Gastac Gas Spring\",\"description\":\"China\u2019s Leading Gas Springs &amp; Struts Manufacturer\",\"publisher\":{\"@id\":\"https:\\\/\\\/www.gastac.com\\\/it\\\/#organization\"},\"potentialAction\":[{\"@type\":\"SearchAction\",\"target\":{\"@type\":\"EntryPoint\",\"urlTemplate\":\"https:\\\/\\\/www.gastac.com\\\/it\\\/?s={search_term_string}\"},\"query-input\":{\"@type\":\"PropertyValueSpecification\",\"valueRequired\":true,\"valueName\":\"search_term_string\"}}],\"inLanguage\":\"it-IT\"},{\"@type\":\"Organization\",\"@id\":\"https:\\\/\\\/www.gastac.com\\\/it\\\/#organization\",\"name\":\"Ningbo Gastac Gas Spring Co.,Ltd\",\"url\":\"https:\\\/\\\/www.gastac.com\\\/it\\\/\",\"logo\":{\"@type\":\"ImageObject\",\"inLanguage\":\"it-IT\",\"@id\":\"https:\\\/\\\/www.gastac.com\\\/it\\\/#\\\/schema\\\/logo\\\/image\\\/\",\"url\":\"https:\\\/\\\/www.gastac.com\\\/wp-content\\\/uploads\\\/2025\\\/09\\\/LOGO\u672c\u8272-\u9ed1.webp\",\"contentUrl\":\"https:\\\/\\\/www.gastac.com\\\/wp-content\\\/uploads\\\/2025\\\/09\\\/LOGO\u672c\u8272-\u9ed1.webp\",\"width\":1920,\"height\":1080,\"caption\":\"Ningbo Gastac Gas Spring Co.,Ltd\"},\"image\":{\"@id\":\"https:\\\/\\\/www.gastac.com\\\/it\\\/#\\\/schema\\\/logo\\\/image\\\/\"},\"sameAs\":[\"https:\\\/\\\/www.facebook.com\\\/profile.php?id=100092358464608\",\"https:\\\/\\\/www.youtube.com\\\/@Gastac-Gas-Spring\",\"https:\\\/\\\/www.linkedin.com\\\/in\\\/gastac-gas-spring\\\/\",\"https:\\\/\\\/www.instagram.com\\\/gastacgasspring\\\/\"]}]}<\/script>\n<!-- \/ Yoast SEO Premium plugin. -->","yoast_head_json":{"title":"Pistoni baule panda | Gastac Gas Spring","robots":{"index":"index","follow":"follow","max-snippet":"max-snippet:-1","max-image-preview":"max-image-preview:large","max-video-preview":"max-video-preview:-1"},"canonical":"https:\/\/www.gastac.com\/it\/prodotto\/pistoni-baule-panda\/","og_locale":"it_IT","og_type":"article","og_title":"Pistoni baule panda","og_description":"Pistoni baule panda Pistoni baule panda (noto anche come pistone bagagliaio panda) viene utilizzato per sostenere il portellone, e il [...]","og_url":"https:\/\/www.gastac.com\/it\/prodotto\/pistoni-baule-panda\/","og_site_name":"Gastac Gas Spring","article_publisher":"https:\/\/www.facebook.com\/profile.php?id=100092358464608","article_modified_time":"2025-11-11T07:49:21+00:00","og_image":[{"width":600,"height":600,"url":"https:\/\/www.gastac.com\/wp-content\/uploads\/2025\/11\/pistone-baule-panda-600x600-1.webp","type":"image\/webp"}],"twitter_card":"summary_large_image","twitter_misc":{"Tempo di lettura stimato":"1 minuto"},"schema":{"@context":"https:\/\/schema.org","@graph":[{"@type":"WebPage","@id":"https:\/\/www.gastac.com\/it\/prodotto\/pistoni-baule-panda\/","url":"https:\/\/www.gastac.com\/it\/prodotto\/pistoni-baule-panda\/","name":"Pistoni baule panda | Gastac Gas Spring","isPartOf":{"@id":"https:\/\/www.gastac.com\/it\/#website"},"primaryImageOfPage":{"@id":"https:\/\/www.gastac.com\/it\/prodotto\/pistoni-baule-panda\/#primaryimage"},"image":{"@id":"https:\/\/www.gastac.com\/it\/prodotto\/pistoni-baule-panda\/#primaryimage"},"thumbnailUrl":"https:\/\/www.gastac.com\/wp-content\/uploads\/2025\/11\/pistone-baule-panda-600x600-1.webp","datePublished":"2025-11-11T07:49:20+00:00","dateModified":"2025-11-11T07:49:21+00:00","breadcrumb":{"@id":"https:\/\/www.gastac.com\/it\/prodotto\/pistoni-baule-panda\/#breadcrumb"},"inLanguage":"it-IT","potentialAction":[{"@type":"ReadAction","target":["https:\/\/www.gastac.com\/it\/prodotto\/pistoni-baule-panda\/"]}]},{"@type":"ImageObject","inLanguage":"it-IT","@id":"https:\/\/www.gastac.com\/it\/prodotto\/pistoni-baule-panda\/#primaryimage","url":"https:\/\/www.gastac.com\/wp-content\/uploads\/2025\/11\/pistone-baule-panda-600x600-1.webp","contentUrl":"https:\/\/www.gastac.com\/wp-content\/uploads\/2025\/11\/pistone-baule-panda-600x600-1.webp","width":600,"height":600,"caption":"pistone baule panda 600x600"},{"@type":"BreadcrumbList","@id":"https:\/\/www.gastac.com\/it\/prodotto\/pistoni-baule-panda\/#breadcrumb","itemListElement":[{"@type":"ListItem","position":1,"name":"Home","item":"https:\/\/www.gastac.com\/it\/"},{"@type":"ListItem","position":2,"name":"products","item":"https:\/\/www.gastac.com\/it\/products\/"},{"@type":"ListItem","position":3,"name":"Pistoni baule panda"}]},{"@type":"WebSite","@id":"https:\/\/www.gastac.com\/it\/#website","url":"https:\/\/www.gastac.com\/it\/","name":"Gastac Gas Spring","description":"China\u2019s Leading Gas Springs &amp; Struts Manufacturer","publisher":{"@id":"https:\/\/www.gastac.com\/it\/#organization"},"potentialAction":[{"@type":"SearchAction","target":{"@type":"EntryPoint","urlTemplate":"https:\/\/www.gastac.com\/it\/?s={search_term_string}"},"query-input":{"@type":"PropertyValueSpecification","valueRequired":true,"valueName":"search_term_string"}}],"inLanguage":"it-IT"},{"@type":"Organization","@id":"https:\/\/www.gastac.com\/it\/#organization","name":"Ningbo Gastac Gas Spring Co.,Ltd","url":"https:\/\/www.gastac.com\/it\/","logo":{"@type":"ImageObject","inLanguage":"it-IT","@id":"https:\/\/www.gastac.com\/it\/#\/schema\/logo\/image\/","url":"https:\/\/www.gastac.com\/wp-content\/uploads\/2025\/09\/LOGO\u672c\u8272-\u9ed1.webp","contentUrl":"https:\/\/www.gastac.com\/wp-content\/uploads\/2025\/09\/LOGO\u672c\u8272-\u9ed1.webp","width":1920,"height":1080,"caption":"Ningbo Gastac Gas Spring Co.,Ltd"},"image":{"@id":"https:\/\/www.gastac.com\/it\/#\/schema\/logo\/image\/"},"sameAs":["https:\/\/www.facebook.com\/profile.php?id=100092358464608","https:\/\/www.youtube.com\/@Gastac-Gas-Spring","https:\/\/www.linkedin.com\/in\/gastac-gas-spring\/","https:\/\/www.instagram.com\/gastacgasspring\/"]}]}},"_links":{"self":[{"href":"https:\/\/www.gastac.com\/it\/wp-json\/wp\/v2\/product\/17643","targetHints":{"allow":["GET"]}}],"collection":[{"href":"https:\/\/www.gastac.com\/it\/wp-json\/wp\/v2\/product"}],"about":[{"href":"https:\/\/www.gastac.com\/it\/wp-json\/wp\/v2\/types\/product"}],"replies":[{"embeddable":true,"href":"https:\/\/www.gastac.com\/it\/wp-json\/wp\/v2\/comments?post=17643"}],"wp:featuredmedia":[{"embeddable":true,"href":"https:\/\/www.gastac.com\/it\/wp-json\/wp\/v2\/media\/17645"}],"wp:attachment":[{"href":"https:\/\/www.gastac.com\/it\/wp-json\/wp\/v2\/media?parent=17643"}],"wp:term":[{"taxonomy":"product_brand","embeddable":true,"href":"https:\/\/www.gastac.com\/it\/wp-json\/wp\/v2\/product_brand?post=17643"},{"taxonomy":"product_cat","embeddable":true,"href":"https:\/\/www.gastac.com\/it\/wp-json\/wp\/v2\/product_cat?post=17643"},{"taxonomy":"product_tag","embeddable":true,"href":"https:\/\/www.gastac.com\/it\/wp-json\/wp\/v2\/product_tag?post=17643"}],"curies":[{"name":"wp","href":"https:\/\/api.w.org\/{rel}","templated":true}]}}