{"id":17636,"date":"2025-11-11T07:46:37","date_gmt":"2025-11-11T07:46:37","guid":{"rendered":"https:\/\/www.gastac.com\/?post_type=product&#038;p=17636"},"modified":"2025-11-11T07:46:38","modified_gmt":"2025-11-11T07:46:38","slug":"pistoni-per-portellone-auto","status":"publish","type":"product","link":"https:\/\/www.gastac.com\/it\/prodotto\/pistoni-per-portellone-auto\/","title":{"rendered":"Pistoni per portellone auto"},"content":{"rendered":"<p><strong>Pistoni per portellone auto<\/strong><\/p>\n<p>Le molle a gas del cofano posteriore (ammortizzatori cofano) servono a tenere alzato il portello posteriore, fungendo anche da supporto. Questi elementi della scocca consentono di aprire e chiudere dolcemente il vano bagagli.<\/p>\n<p>Caratteristiche specifiche delle varie tipologie di molle a gas del cofano posteriore<\/p>\n<p>Le parti idropneumatiche funzionano bene anche se le temperature sono basse. Sono certamente da preferire per i veicoli usati in condizioni climatiche difficili. Queste parti contengono un olio viscoso che mantiene le sue propriet\u00e0 di smorzamento anche quando \u00e8 molto freddo. Si tratta di parti economiche che per\u00f2 hanno bisogno di essere installate secondo determinate regole. In particolare, vanno installate con l\u2019asta verso il basso. Il produttore non specifica una durata di servizio, quindi vanno sostituite quando serve.<br \/>\n<img decoding=\"async\" class=\"lazyload \" src=\"data:image\/svg+xml,%3Csvg%20xmlns%3D%27http%3A%2F%2Fwww.w3.org%2F2000%2Fsvg%27%20width%3D%27386%27%20height%3D%27289%27%20viewBox%3D%270%200%20386%20289%27%3E%3Crect%20width%3D%27386%27%20height%3D%27289%27%20fill-opacity%3D%220%22%2F%3E%3C%2Fsvg%3E\" data-orig-src=\"https:\/\/gastac-com-591077.hostingersite.com\/wp-content\/uploads\/2022\/09\/8056lv-gas-spring-533x400.jpg\" alt=\"Pistoni per portellone auto\" width=\"386\" height=\"289\" \/><img decoding=\"async\" class=\"lazyload \" src=\"data:image\/svg+xml,%3Csvg%20xmlns%3D%27http%3A%2F%2Fwww.w3.org%2F2000%2Fsvg%27%20width%3D%27305%27%20height%3D%27305%27%20viewBox%3D%270%200%20305%20305%27%3E%3Crect%20width%3D%27305%27%20height%3D%27305%27%20fill-opacity%3D%220%22%2F%3E%3C%2Fsvg%3E\" data-orig-src=\"https:\/\/gastac-com-591077.hostingersite.com\/wp-content\/uploads\/2023\/06\/molle-a-gas-portellone-lancia-y-280x280.jpg\" alt=\"Pistoni per portellone auto\" width=\"305\" height=\"305\" \/><\/p>\n<p>Le molle a gas pneumatiche del cofano posteriore non sopportano bene le temperature sotto lo 0\u00b0C. Si possono installare in entrambi i versi (asta verso l\u2019alto o verso il basso). La loro durata di servizio dipende molto dall\u2019intensit\u00e0 d\u2019uso.<\/p>\n<p>Uso e sostituzione: cosa bisogna sapere<\/p>\n<p>Se possibile, non aprire troppo di frequente il bagagliaio quando la temperatura esterna dell\u2019ambiente \u00e8 bassa. Inoltre, cercare di aspettare che l\u2019auto si sia scaldata prima di aprire il bagagliaio. Il freddo pu\u00f2 far perdere al liquido operativo le sue propriet\u00e0. Un sintomo di malfunzionamento pu\u00f2 essere l\u2019impossibilit\u00e0 di tenere aperto il cofano del bagagliaio.<\/p>\n<p>Evitare di far subire urti a queste parti, perch\u00e9 si possono deformare, rendendo impossibile tenere aperto il vano bagagli.<\/p>\n<p>Evitare strattoni. Movimenti bruschi fanno aumentare bruscamente la pressione interna, col rischio di rottura. Un sintomo di guasto \u00e8 un cofano che non rimane fisso saldamente nella posizione desiderata.<\/p>\n<p>Le molle a gas del cofano posteriore non vanno smontate. Non si possono riparare. Se i componenti vengono manomesse, ci possono essere perdite di fluido operativo. Questo problema si pu\u00f2 riscontrare immediatamente anche con una semplice ispezione visiva. Dato che il gas interno al meccanismo \u00e8 sotto forte pressione, c\u2019\u00e8 anche il rischio di infortunio.<\/p>\n<p>topautoricambi.it: solo ricambi auto di alta qualit\u00e0<\/p>\n","protected":false},"excerpt":{"rendered":"<p>Pistoni per portellone auto Le molle a gas del cofano posteriore (ammortizzatori cofano) servono a tenere alzato il portello posteriore,  [&#8230;]<\/p>\n","protected":false},"featured_media":17638,"comment_status":"open","ping_status":"closed","template":"","meta":[],"product_brand":[],"product_cat":[],"product_tag":[],"class_list":{"0":"post-17636","1":"product","2":"type-product","3":"status-publish","4":"has-post-thumbnail","7":"first","8":"instock","9":"shipping-taxable","10":"product-type-simple"},"yoast_head":"<!-- This site is optimized with the Yoast SEO Premium plugin v26.2 (Yoast SEO v27.4) - https:\/\/yoast.com\/product\/yoast-seo-premium-wordpress\/ -->\n<title>Pistoni per portellone auto | Gastac Gas Spring<\/title>\n<meta name=\"robots\" content=\"index, follow, max-snippet:-1, max-image-preview:large, max-video-preview:-1\" \/>\n<link rel=\"canonical\" href=\"https:\/\/www.gastac.com\/it\/prodotto\/pistoni-per-portellone-auto\/\" \/>\n<meta property=\"og:locale\" content=\"it_IT\" \/>\n<meta property=\"og:type\" content=\"article\" \/>\n<meta property=\"og:title\" content=\"Pistoni per portellone auto\" \/>\n<meta property=\"og:description\" content=\"Pistoni per portellone auto Le molle a gas del cofano posteriore (ammortizzatori cofano) servono a tenere alzato il portello posteriore, [...]\" \/>\n<meta property=\"og:url\" content=\"https:\/\/www.gastac.com\/it\/prodotto\/pistoni-per-portellone-auto\/\" \/>\n<meta property=\"og:site_name\" content=\"Gastac Gas Spring\" \/>\n<meta property=\"article:publisher\" content=\"https:\/\/www.facebook.com\/profile.php?id=100092358464608\" \/>\n<meta property=\"article:modified_time\" content=\"2025-11-11T07:46:38+00:00\" \/>\n<meta property=\"og:image\" content=\"https:\/\/www.gastac.com\/wp-content\/uploads\/2025\/11\/molle-a-gas-portellone-lancia-y.webp\" \/>\n\t<meta property=\"og:image:width\" content=\"600\" \/>\n\t<meta property=\"og:image:height\" content=\"600\" \/>\n\t<meta property=\"og:image:type\" content=\"image\/webp\" \/>\n<meta name=\"twitter:card\" content=\"summary_large_image\" \/>\n<meta name=\"twitter:label1\" content=\"Tempo di lettura stimato\" \/>\n\t<meta name=\"twitter:data1\" content=\"1 minuto\" \/>\n<script type=\"application\/ld+json\" class=\"yoast-schema-graph\">{\"@context\":\"https:\\\/\\\/schema.org\",\"@graph\":[{\"@type\":\"WebPage\",\"@id\":\"https:\\\/\\\/www.gastac.com\\\/it\\\/prodotto\\\/pistoni-per-portellone-auto\\\/\",\"url\":\"https:\\\/\\\/www.gastac.com\\\/it\\\/prodotto\\\/pistoni-per-portellone-auto\\\/\",\"name\":\"Pistoni per portellone auto | Gastac Gas Spring\",\"isPartOf\":{\"@id\":\"https:\\\/\\\/www.gastac.com\\\/it\\\/#website\"},\"primaryImageOfPage\":{\"@id\":\"https:\\\/\\\/www.gastac.com\\\/it\\\/prodotto\\\/pistoni-per-portellone-auto\\\/#primaryimage\"},\"image\":{\"@id\":\"https:\\\/\\\/www.gastac.com\\\/it\\\/prodotto\\\/pistoni-per-portellone-auto\\\/#primaryimage\"},\"thumbnailUrl\":\"https:\\\/\\\/www.gastac.com\\\/wp-content\\\/uploads\\\/2025\\\/11\\\/molle-a-gas-portellone-lancia-y.webp\",\"datePublished\":\"2025-11-11T07:46:37+00:00\",\"dateModified\":\"2025-11-11T07:46:38+00:00\",\"breadcrumb\":{\"@id\":\"https:\\\/\\\/www.gastac.com\\\/it\\\/prodotto\\\/pistoni-per-portellone-auto\\\/#breadcrumb\"},\"inLanguage\":\"it-IT\",\"potentialAction\":[{\"@type\":\"ReadAction\",\"target\":[\"https:\\\/\\\/www.gastac.com\\\/it\\\/prodotto\\\/pistoni-per-portellone-auto\\\/\"]}]},{\"@type\":\"ImageObject\",\"inLanguage\":\"it-IT\",\"@id\":\"https:\\\/\\\/www.gastac.com\\\/it\\\/prodotto\\\/pistoni-per-portellone-auto\\\/#primaryimage\",\"url\":\"https:\\\/\\\/www.gastac.com\\\/wp-content\\\/uploads\\\/2025\\\/11\\\/molle-a-gas-portellone-lancia-y.webp\",\"contentUrl\":\"https:\\\/\\\/www.gastac.com\\\/wp-content\\\/uploads\\\/2025\\\/11\\\/molle-a-gas-portellone-lancia-y.webp\",\"width\":600,\"height\":600,\"caption\":\"molle a gas portellone lancia y\"},{\"@type\":\"BreadcrumbList\",\"@id\":\"https:\\\/\\\/www.gastac.com\\\/it\\\/prodotto\\\/pistoni-per-portellone-auto\\\/#breadcrumb\",\"itemListElement\":[{\"@type\":\"ListItem\",\"position\":1,\"name\":\"Home\",\"item\":\"https:\\\/\\\/www.gastac.com\\\/it\\\/\"},{\"@type\":\"ListItem\",\"position\":2,\"name\":\"products\",\"item\":\"https:\\\/\\\/www.gastac.com\\\/it\\\/products\\\/\"},{\"@type\":\"ListItem\",\"position\":3,\"name\":\"Pistoni per portellone auto\"}]},{\"@type\":\"WebSite\",\"@id\":\"https:\\\/\\\/www.gastac.com\\\/it\\\/#website\",\"url\":\"https:\\\/\\\/www.gastac.com\\\/it\\\/\",\"name\":\"Gastac Gas Spring\",\"description\":\"China\u2019s Leading Gas Springs &amp; Struts Manufacturer\",\"publisher\":{\"@id\":\"https:\\\/\\\/www.gastac.com\\\/it\\\/#organization\"},\"potentialAction\":[{\"@type\":\"SearchAction\",\"target\":{\"@type\":\"EntryPoint\",\"urlTemplate\":\"https:\\\/\\\/www.gastac.com\\\/it\\\/?s={search_term_string}\"},\"query-input\":{\"@type\":\"PropertyValueSpecification\",\"valueRequired\":true,\"valueName\":\"search_term_string\"}}],\"inLanguage\":\"it-IT\"},{\"@type\":\"Organization\",\"@id\":\"https:\\\/\\\/www.gastac.com\\\/it\\\/#organization\",\"name\":\"Ningbo Gastac Gas Spring Co.,Ltd\",\"url\":\"https:\\\/\\\/www.gastac.com\\\/it\\\/\",\"logo\":{\"@type\":\"ImageObject\",\"inLanguage\":\"it-IT\",\"@id\":\"https:\\\/\\\/www.gastac.com\\\/it\\\/#\\\/schema\\\/logo\\\/image\\\/\",\"url\":\"https:\\\/\\\/www.gastac.com\\\/wp-content\\\/uploads\\\/2025\\\/09\\\/LOGO\u672c\u8272-\u9ed1.webp\",\"contentUrl\":\"https:\\\/\\\/www.gastac.com\\\/wp-content\\\/uploads\\\/2025\\\/09\\\/LOGO\u672c\u8272-\u9ed1.webp\",\"width\":1920,\"height\":1080,\"caption\":\"Ningbo Gastac Gas Spring Co.,Ltd\"},\"image\":{\"@id\":\"https:\\\/\\\/www.gastac.com\\\/it\\\/#\\\/schema\\\/logo\\\/image\\\/\"},\"sameAs\":[\"https:\\\/\\\/www.facebook.com\\\/profile.php?id=100092358464608\",\"https:\\\/\\\/www.youtube.com\\\/@Gastac-Gas-Spring\",\"https:\\\/\\\/www.linkedin.com\\\/in\\\/gastac-gas-spring\\\/\",\"https:\\\/\\\/www.instagram.com\\\/gastacgasspring\\\/\"]}]}<\/script>\n<!-- \/ Yoast SEO Premium plugin. -->","yoast_head_json":{"title":"Pistoni per portellone auto | Gastac Gas Spring","robots":{"index":"index","follow":"follow","max-snippet":"max-snippet:-1","max-image-preview":"max-image-preview:large","max-video-preview":"max-video-preview:-1"},"canonical":"https:\/\/www.gastac.com\/it\/prodotto\/pistoni-per-portellone-auto\/","og_locale":"it_IT","og_type":"article","og_title":"Pistoni per portellone auto","og_description":"Pistoni per portellone auto Le molle a gas del cofano posteriore (ammortizzatori cofano) servono a tenere alzato il portello posteriore, [...]","og_url":"https:\/\/www.gastac.com\/it\/prodotto\/pistoni-per-portellone-auto\/","og_site_name":"Gastac Gas Spring","article_publisher":"https:\/\/www.facebook.com\/profile.php?id=100092358464608","article_modified_time":"2025-11-11T07:46:38+00:00","og_image":[{"width":600,"height":600,"url":"https:\/\/www.gastac.com\/wp-content\/uploads\/2025\/11\/molle-a-gas-portellone-lancia-y.webp","type":"image\/webp"}],"twitter_card":"summary_large_image","twitter_misc":{"Tempo di lettura stimato":"1 minuto"},"schema":{"@context":"https:\/\/schema.org","@graph":[{"@type":"WebPage","@id":"https:\/\/www.gastac.com\/it\/prodotto\/pistoni-per-portellone-auto\/","url":"https:\/\/www.gastac.com\/it\/prodotto\/pistoni-per-portellone-auto\/","name":"Pistoni per portellone auto | Gastac Gas Spring","isPartOf":{"@id":"https:\/\/www.gastac.com\/it\/#website"},"primaryImageOfPage":{"@id":"https:\/\/www.gastac.com\/it\/prodotto\/pistoni-per-portellone-auto\/#primaryimage"},"image":{"@id":"https:\/\/www.gastac.com\/it\/prodotto\/pistoni-per-portellone-auto\/#primaryimage"},"thumbnailUrl":"https:\/\/www.gastac.com\/wp-content\/uploads\/2025\/11\/molle-a-gas-portellone-lancia-y.webp","datePublished":"2025-11-11T07:46:37+00:00","dateModified":"2025-11-11T07:46:38+00:00","breadcrumb":{"@id":"https:\/\/www.gastac.com\/it\/prodotto\/pistoni-per-portellone-auto\/#breadcrumb"},"inLanguage":"it-IT","potentialAction":[{"@type":"ReadAction","target":["https:\/\/www.gastac.com\/it\/prodotto\/pistoni-per-portellone-auto\/"]}]},{"@type":"ImageObject","inLanguage":"it-IT","@id":"https:\/\/www.gastac.com\/it\/prodotto\/pistoni-per-portellone-auto\/#primaryimage","url":"https:\/\/www.gastac.com\/wp-content\/uploads\/2025\/11\/molle-a-gas-portellone-lancia-y.webp","contentUrl":"https:\/\/www.gastac.com\/wp-content\/uploads\/2025\/11\/molle-a-gas-portellone-lancia-y.webp","width":600,"height":600,"caption":"molle a gas portellone lancia y"},{"@type":"BreadcrumbList","@id":"https:\/\/www.gastac.com\/it\/prodotto\/pistoni-per-portellone-auto\/#breadcrumb","itemListElement":[{"@type":"ListItem","position":1,"name":"Home","item":"https:\/\/www.gastac.com\/it\/"},{"@type":"ListItem","position":2,"name":"products","item":"https:\/\/www.gastac.com\/it\/products\/"},{"@type":"ListItem","position":3,"name":"Pistoni per portellone auto"}]},{"@type":"WebSite","@id":"https:\/\/www.gastac.com\/it\/#website","url":"https:\/\/www.gastac.com\/it\/","name":"Gastac Gas Spring","description":"China\u2019s Leading Gas Springs &amp; Struts Manufacturer","publisher":{"@id":"https:\/\/www.gastac.com\/it\/#organization"},"potentialAction":[{"@type":"SearchAction","target":{"@type":"EntryPoint","urlTemplate":"https:\/\/www.gastac.com\/it\/?s={search_term_string}"},"query-input":{"@type":"PropertyValueSpecification","valueRequired":true,"valueName":"search_term_string"}}],"inLanguage":"it-IT"},{"@type":"Organization","@id":"https:\/\/www.gastac.com\/it\/#organization","name":"Ningbo Gastac Gas Spring Co.,Ltd","url":"https:\/\/www.gastac.com\/it\/","logo":{"@type":"ImageObject","inLanguage":"it-IT","@id":"https:\/\/www.gastac.com\/it\/#\/schema\/logo\/image\/","url":"https:\/\/www.gastac.com\/wp-content\/uploads\/2025\/09\/LOGO\u672c\u8272-\u9ed1.webp","contentUrl":"https:\/\/www.gastac.com\/wp-content\/uploads\/2025\/09\/LOGO\u672c\u8272-\u9ed1.webp","width":1920,"height":1080,"caption":"Ningbo Gastac Gas Spring Co.,Ltd"},"image":{"@id":"https:\/\/www.gastac.com\/it\/#\/schema\/logo\/image\/"},"sameAs":["https:\/\/www.facebook.com\/profile.php?id=100092358464608","https:\/\/www.youtube.com\/@Gastac-Gas-Spring","https:\/\/www.linkedin.com\/in\/gastac-gas-spring\/","https:\/\/www.instagram.com\/gastacgasspring\/"]}]}},"_links":{"self":[{"href":"https:\/\/www.gastac.com\/it\/wp-json\/wp\/v2\/product\/17636","targetHints":{"allow":["GET"]}}],"collection":[{"href":"https:\/\/www.gastac.com\/it\/wp-json\/wp\/v2\/product"}],"about":[{"href":"https:\/\/www.gastac.com\/it\/wp-json\/wp\/v2\/types\/product"}],"replies":[{"embeddable":true,"href":"https:\/\/www.gastac.com\/it\/wp-json\/wp\/v2\/comments?post=17636"}],"wp:featuredmedia":[{"embeddable":true,"href":"https:\/\/www.gastac.com\/it\/wp-json\/wp\/v2\/media\/17638"}],"wp:attachment":[{"href":"https:\/\/www.gastac.com\/it\/wp-json\/wp\/v2\/media?parent=17636"}],"wp:term":[{"taxonomy":"product_brand","embeddable":true,"href":"https:\/\/www.gastac.com\/it\/wp-json\/wp\/v2\/product_brand?post=17636"},{"taxonomy":"product_cat","embeddable":true,"href":"https:\/\/www.gastac.com\/it\/wp-json\/wp\/v2\/product_cat?post=17636"},{"taxonomy":"product_tag","embeddable":true,"href":"https:\/\/www.gastac.com\/it\/wp-json\/wp\/v2\/product_tag?post=17636"}],"curies":[{"name":"wp","href":"https:\/\/api.w.org\/{rel}","templated":true}]}}