{"id":17550,"date":"2025-11-11T07:08:21","date_gmt":"2025-11-11T07:08:21","guid":{"rendered":"https:\/\/www.gastac.com\/?post_type=product&#038;p=17550"},"modified":"2025-11-11T07:08:22","modified_gmt":"2025-11-11T07:08:22","slug":"attuatori-lineari-elettrici-12v-con-finecorsa-regolabili","status":"publish","type":"product","link":"https:\/\/www.gastac.com\/it\/prodotto\/attuatori-lineari-elettrici-12v-con-finecorsa-regolabili\/","title":{"rendered":"Attuatori Lineari Elettrici 12V Con Finecorsa Regolabili"},"content":{"rendered":"<p><strong>Attuatori lineari elettrici 12v con finecorsa regolabili<\/strong><\/p>\n<p>Alta qualit\u00e0: Tipo: attuatore lineare elettrico 12v con finecorsa regolabile; Alimentazione: DC 12V; Finecorsa: integrato; Questo attuatore elettrico 12v veloce adotta un tubo in lega di alluminio \u03c624mm e un telaio in metallo, che ha una forte capacit\u00e0 di carico e durata. \u00c8 sigillato in modo robusto con grado di protezione IP44.<\/p>\n<p>Funzione retrattile: questo mini attuatori lineari\u00a0pu\u00f2 sollevare o abbassare con forza poltrone reclinabili, attrezzature industriali e altro. 14,7\u2033 di lunghezza retratta e 22,6\u2033 di lunghezza estesa. Fermati dove vuoi. Gli ingranaggi in metallo rendono il movimento pi\u00f9 fluido.<\/p>\n<p>Motore potente: dotato di un potente motore da 6000 N (il motore pi\u00f9 potente sul mercato). Fornisce una spinta massima di 6000 N e una trazione di 4000 N, e il rumore di lavoro \u00e8 di soli 48 dB, che \u00e8 silenzioso e non emette suoni fastidiosi.<\/p>\n<p>Montaggio facile e veloce: collega rapidamente questo attuatore lineare da 12 volt alle apparecchiature elettriche. Prestazioni affidabili e funzionamento stabile. Il mini attuatori lineari 12v\u00a0ha anche due finecorsa per lato a protezione del motore.<\/p>\n<p>Diversi scenari di utilizzo: pu\u00f2 essere utilizzato per aprire porte, sollevare tavoli, sollevare schermi piatti, regolare le poltrone reclinabili, i pedali, i letti per il tempo libero e le macchine per la pulizia dei pavimenti e spostare i segnali stradali. Pu\u00f2 essere adattato a barelle, tavoli operatori, letti ospedalieri, sedie a rotelle.<br \/>\n<img decoding=\"async\" class=\"lazyload \" src=\"data:image\/svg+xml,%3Csvg%20xmlns%3D%27http%3A%2F%2Fwww.w3.org%2F2000%2Fsvg%27%20width%3D%27495%27%20height%3D%27311%27%20viewBox%3D%270%200%20495%20311%27%3E%3Crect%20width%3D%27495%27%20height%3D%27311%27%20fill-opacity%3D%220%22%2F%3E%3C%2Fsvg%3E\" data-orig-src=\"https:\/\/www.gastac.com\/wp-content\/uploads\/2023\/06\/attuatore-lineare-24v-3-600x377.jpg\" alt=\" Attuatori Lineari Elettrici 12V Con Finecorsa Regolabili\" width=\"495\" height=\"311\" \/><img decoding=\"async\" class=\"lazyload \" src=\"data:image\/svg+xml,%3Csvg%20xmlns%3D%27http%3A%2F%2Fwww.w3.org%2F2000%2Fsvg%27%20width%3D%27319%27%20height%3D%27319%27%20viewBox%3D%270%200%20319%20319%27%3E%3Crect%20width%3D%27319%27%20height%3D%27319%27%20fill-opacity%3D%220%22%2F%3E%3C%2Fsvg%3E\" data-orig-src=\"https:\/\/www.gastac.com\/wp-content\/uploads\/2023\/06\/mini-attuatori-lineari-12v-2-280x280.jpg\" alt=\"Attuatori Lineari Elettrici 12V Con Finecorsa Regolabili\" width=\"319\" height=\"319\" \/><\/p>\n","protected":false},"excerpt":{"rendered":"<p>Attuatori lineari elettrici 12v con finecorsa regolabili Alta qualit\u00e0: Tipo: attuatore lineare elettrico 12v con finecorsa regolabile; Alimentazione: DC 12V;  [&#8230;]<\/p>\n","protected":false},"featured_media":17564,"comment_status":"open","ping_status":"closed","template":"","meta":[],"product_brand":[],"product_cat":[],"product_tag":[],"class_list":{"0":"post-17550","1":"product","2":"type-product","3":"status-publish","4":"has-post-thumbnail","7":"first","8":"instock","9":"shipping-taxable","10":"product-type-simple"},"yoast_head":"<!-- This site is optimized with the Yoast SEO Premium plugin v26.2 (Yoast SEO v27.3) - https:\/\/yoast.com\/product\/yoast-seo-premium-wordpress\/ -->\n<title>Attuatori Lineari Elettrici 12V Con Finecorsa Regolabili | Gastac Gas Spring<\/title>\n<meta name=\"robots\" content=\"index, follow, max-snippet:-1, max-image-preview:large, max-video-preview:-1\" \/>\n<link rel=\"canonical\" href=\"https:\/\/www.gastac.com\/it\/prodotto\/attuatori-lineari-elettrici-12v-con-finecorsa-regolabili\/\" \/>\n<meta property=\"og:locale\" content=\"it_IT\" \/>\n<meta property=\"og:type\" content=\"article\" \/>\n<meta property=\"og:title\" content=\"Attuatori Lineari Elettrici 12V Con Finecorsa Regolabili\" \/>\n<meta property=\"og:description\" content=\"Attuatori lineari elettrici 12v con finecorsa regolabili Alta qualit\u00e0: Tipo: attuatore lineare elettrico 12v con finecorsa regolabile; Alimentazione: DC 12V; [...]\" \/>\n<meta property=\"og:url\" content=\"https:\/\/www.gastac.com\/it\/prodotto\/attuatori-lineari-elettrici-12v-con-finecorsa-regolabili\/\" \/>\n<meta property=\"og:site_name\" content=\"Gastac Gas Spring\" \/>\n<meta property=\"article:publisher\" content=\"https:\/\/www.facebook.com\/profile.php?id=100092358464608\" \/>\n<meta property=\"article:modified_time\" content=\"2025-11-11T07:08:22+00:00\" \/>\n<meta property=\"og:image\" content=\"https:\/\/www.gastac.com\/wp-content\/uploads\/2025\/11\/attuatori-lineari-elettrici-12v-con-finecorsa-regolabili-2-600x600-1.webp\" \/>\n\t<meta property=\"og:image:width\" content=\"600\" \/>\n\t<meta property=\"og:image:height\" content=\"600\" \/>\n\t<meta property=\"og:image:type\" content=\"image\/webp\" \/>\n<meta name=\"twitter:card\" content=\"summary_large_image\" \/>\n<meta name=\"twitter:label1\" content=\"Tempo di lettura stimato\" \/>\n\t<meta name=\"twitter:data1\" content=\"1 minuto\" \/>\n<script type=\"application\/ld+json\" class=\"yoast-schema-graph\">{\"@context\":\"https:\\\/\\\/schema.org\",\"@graph\":[{\"@type\":\"WebPage\",\"@id\":\"https:\\\/\\\/www.gastac.com\\\/it\\\/prodotto\\\/attuatori-lineari-elettrici-12v-con-finecorsa-regolabili\\\/\",\"url\":\"https:\\\/\\\/www.gastac.com\\\/it\\\/prodotto\\\/attuatori-lineari-elettrici-12v-con-finecorsa-regolabili\\\/\",\"name\":\"Attuatori Lineari Elettrici 12V Con Finecorsa Regolabili | Gastac Gas Spring\",\"isPartOf\":{\"@id\":\"https:\\\/\\\/www.gastac.com\\\/it\\\/#website\"},\"primaryImageOfPage\":{\"@id\":\"https:\\\/\\\/www.gastac.com\\\/it\\\/prodotto\\\/attuatori-lineari-elettrici-12v-con-finecorsa-regolabili\\\/#primaryimage\"},\"image\":{\"@id\":\"https:\\\/\\\/www.gastac.com\\\/it\\\/prodotto\\\/attuatori-lineari-elettrici-12v-con-finecorsa-regolabili\\\/#primaryimage\"},\"thumbnailUrl\":\"https:\\\/\\\/www.gastac.com\\\/wp-content\\\/uploads\\\/2025\\\/11\\\/attuatori-lineari-elettrici-12v-con-finecorsa-regolabili-2-600x600-1.webp\",\"datePublished\":\"2025-11-11T07:08:21+00:00\",\"dateModified\":\"2025-11-11T07:08:22+00:00\",\"breadcrumb\":{\"@id\":\"https:\\\/\\\/www.gastac.com\\\/it\\\/prodotto\\\/attuatori-lineari-elettrici-12v-con-finecorsa-regolabili\\\/#breadcrumb\"},\"inLanguage\":\"it-IT\",\"potentialAction\":[{\"@type\":\"ReadAction\",\"target\":[\"https:\\\/\\\/www.gastac.com\\\/it\\\/prodotto\\\/attuatori-lineari-elettrici-12v-con-finecorsa-regolabili\\\/\"]}]},{\"@type\":\"ImageObject\",\"inLanguage\":\"it-IT\",\"@id\":\"https:\\\/\\\/www.gastac.com\\\/it\\\/prodotto\\\/attuatori-lineari-elettrici-12v-con-finecorsa-regolabili\\\/#primaryimage\",\"url\":\"https:\\\/\\\/www.gastac.com\\\/wp-content\\\/uploads\\\/2025\\\/11\\\/attuatori-lineari-elettrici-12v-con-finecorsa-regolabili-2-600x600-1.webp\",\"contentUrl\":\"https:\\\/\\\/www.gastac.com\\\/wp-content\\\/uploads\\\/2025\\\/11\\\/attuatori-lineari-elettrici-12v-con-finecorsa-regolabili-2-600x600-1.webp\",\"width\":600,\"height\":600,\"caption\":\"attuatori lineari elettrici 12v con finecorsa regolabili 2 600x600\"},{\"@type\":\"BreadcrumbList\",\"@id\":\"https:\\\/\\\/www.gastac.com\\\/it\\\/prodotto\\\/attuatori-lineari-elettrici-12v-con-finecorsa-regolabili\\\/#breadcrumb\",\"itemListElement\":[{\"@type\":\"ListItem\",\"position\":1,\"name\":\"Home\",\"item\":\"https:\\\/\\\/www.gastac.com\\\/it\\\/\"},{\"@type\":\"ListItem\",\"position\":2,\"name\":\"products\",\"item\":\"https:\\\/\\\/www.gastac.com\\\/it\\\/products\\\/\"},{\"@type\":\"ListItem\",\"position\":3,\"name\":\"Attuatori Lineari Elettrici 12V Con Finecorsa Regolabili\"}]},{\"@type\":\"WebSite\",\"@id\":\"https:\\\/\\\/www.gastac.com\\\/it\\\/#website\",\"url\":\"https:\\\/\\\/www.gastac.com\\\/it\\\/\",\"name\":\"Gastac Gas Spring\",\"description\":\"China\u2019s Leading Gas Springs &amp; Struts Manufacturer\",\"publisher\":{\"@id\":\"https:\\\/\\\/www.gastac.com\\\/it\\\/#organization\"},\"potentialAction\":[{\"@type\":\"SearchAction\",\"target\":{\"@type\":\"EntryPoint\",\"urlTemplate\":\"https:\\\/\\\/www.gastac.com\\\/it\\\/?s={search_term_string}\"},\"query-input\":{\"@type\":\"PropertyValueSpecification\",\"valueRequired\":true,\"valueName\":\"search_term_string\"}}],\"inLanguage\":\"it-IT\"},{\"@type\":\"Organization\",\"@id\":\"https:\\\/\\\/www.gastac.com\\\/it\\\/#organization\",\"name\":\"Ningbo Gastac Gas Spring Co.,Ltd\",\"url\":\"https:\\\/\\\/www.gastac.com\\\/it\\\/\",\"logo\":{\"@type\":\"ImageObject\",\"inLanguage\":\"it-IT\",\"@id\":\"https:\\\/\\\/www.gastac.com\\\/it\\\/#\\\/schema\\\/logo\\\/image\\\/\",\"url\":\"https:\\\/\\\/www.gastac.com\\\/wp-content\\\/uploads\\\/2025\\\/09\\\/LOGO\u672c\u8272-\u9ed1.webp\",\"contentUrl\":\"https:\\\/\\\/www.gastac.com\\\/wp-content\\\/uploads\\\/2025\\\/09\\\/LOGO\u672c\u8272-\u9ed1.webp\",\"width\":1920,\"height\":1080,\"caption\":\"Ningbo Gastac Gas Spring Co.,Ltd\"},\"image\":{\"@id\":\"https:\\\/\\\/www.gastac.com\\\/it\\\/#\\\/schema\\\/logo\\\/image\\\/\"},\"sameAs\":[\"https:\\\/\\\/www.facebook.com\\\/profile.php?id=100092358464608\",\"https:\\\/\\\/www.youtube.com\\\/@Gastac-Gas-Spring\",\"https:\\\/\\\/www.linkedin.com\\\/in\\\/gastac-gas-spring\\\/\",\"https:\\\/\\\/www.instagram.com\\\/gastacgasspring\\\/\"]}]}<\/script>\n<!-- \/ Yoast SEO Premium plugin. -->","yoast_head_json":{"title":"Attuatori Lineari Elettrici 12V Con Finecorsa Regolabili | Gastac Gas Spring","robots":{"index":"index","follow":"follow","max-snippet":"max-snippet:-1","max-image-preview":"max-image-preview:large","max-video-preview":"max-video-preview:-1"},"canonical":"https:\/\/www.gastac.com\/it\/prodotto\/attuatori-lineari-elettrici-12v-con-finecorsa-regolabili\/","og_locale":"it_IT","og_type":"article","og_title":"Attuatori Lineari Elettrici 12V Con Finecorsa Regolabili","og_description":"Attuatori lineari elettrici 12v con finecorsa regolabili Alta qualit\u00e0: Tipo: attuatore lineare elettrico 12v con finecorsa regolabile; Alimentazione: DC 12V; [...]","og_url":"https:\/\/www.gastac.com\/it\/prodotto\/attuatori-lineari-elettrici-12v-con-finecorsa-regolabili\/","og_site_name":"Gastac Gas Spring","article_publisher":"https:\/\/www.facebook.com\/profile.php?id=100092358464608","article_modified_time":"2025-11-11T07:08:22+00:00","og_image":[{"width":600,"height":600,"url":"https:\/\/www.gastac.com\/wp-content\/uploads\/2025\/11\/attuatori-lineari-elettrici-12v-con-finecorsa-regolabili-2-600x600-1.webp","type":"image\/webp"}],"twitter_card":"summary_large_image","twitter_misc":{"Tempo di lettura stimato":"1 minuto"},"schema":{"@context":"https:\/\/schema.org","@graph":[{"@type":"WebPage","@id":"https:\/\/www.gastac.com\/it\/prodotto\/attuatori-lineari-elettrici-12v-con-finecorsa-regolabili\/","url":"https:\/\/www.gastac.com\/it\/prodotto\/attuatori-lineari-elettrici-12v-con-finecorsa-regolabili\/","name":"Attuatori Lineari Elettrici 12V Con Finecorsa Regolabili | Gastac Gas Spring","isPartOf":{"@id":"https:\/\/www.gastac.com\/it\/#website"},"primaryImageOfPage":{"@id":"https:\/\/www.gastac.com\/it\/prodotto\/attuatori-lineari-elettrici-12v-con-finecorsa-regolabili\/#primaryimage"},"image":{"@id":"https:\/\/www.gastac.com\/it\/prodotto\/attuatori-lineari-elettrici-12v-con-finecorsa-regolabili\/#primaryimage"},"thumbnailUrl":"https:\/\/www.gastac.com\/wp-content\/uploads\/2025\/11\/attuatori-lineari-elettrici-12v-con-finecorsa-regolabili-2-600x600-1.webp","datePublished":"2025-11-11T07:08:21+00:00","dateModified":"2025-11-11T07:08:22+00:00","breadcrumb":{"@id":"https:\/\/www.gastac.com\/it\/prodotto\/attuatori-lineari-elettrici-12v-con-finecorsa-regolabili\/#breadcrumb"},"inLanguage":"it-IT","potentialAction":[{"@type":"ReadAction","target":["https:\/\/www.gastac.com\/it\/prodotto\/attuatori-lineari-elettrici-12v-con-finecorsa-regolabili\/"]}]},{"@type":"ImageObject","inLanguage":"it-IT","@id":"https:\/\/www.gastac.com\/it\/prodotto\/attuatori-lineari-elettrici-12v-con-finecorsa-regolabili\/#primaryimage","url":"https:\/\/www.gastac.com\/wp-content\/uploads\/2025\/11\/attuatori-lineari-elettrici-12v-con-finecorsa-regolabili-2-600x600-1.webp","contentUrl":"https:\/\/www.gastac.com\/wp-content\/uploads\/2025\/11\/attuatori-lineari-elettrici-12v-con-finecorsa-regolabili-2-600x600-1.webp","width":600,"height":600,"caption":"attuatori lineari elettrici 12v con finecorsa regolabili 2 600x600"},{"@type":"BreadcrumbList","@id":"https:\/\/www.gastac.com\/it\/prodotto\/attuatori-lineari-elettrici-12v-con-finecorsa-regolabili\/#breadcrumb","itemListElement":[{"@type":"ListItem","position":1,"name":"Home","item":"https:\/\/www.gastac.com\/it\/"},{"@type":"ListItem","position":2,"name":"products","item":"https:\/\/www.gastac.com\/it\/products\/"},{"@type":"ListItem","position":3,"name":"Attuatori Lineari Elettrici 12V Con Finecorsa Regolabili"}]},{"@type":"WebSite","@id":"https:\/\/www.gastac.com\/it\/#website","url":"https:\/\/www.gastac.com\/it\/","name":"Gastac Gas Spring","description":"China\u2019s Leading Gas Springs &amp; Struts Manufacturer","publisher":{"@id":"https:\/\/www.gastac.com\/it\/#organization"},"potentialAction":[{"@type":"SearchAction","target":{"@type":"EntryPoint","urlTemplate":"https:\/\/www.gastac.com\/it\/?s={search_term_string}"},"query-input":{"@type":"PropertyValueSpecification","valueRequired":true,"valueName":"search_term_string"}}],"inLanguage":"it-IT"},{"@type":"Organization","@id":"https:\/\/www.gastac.com\/it\/#organization","name":"Ningbo Gastac Gas Spring Co.,Ltd","url":"https:\/\/www.gastac.com\/it\/","logo":{"@type":"ImageObject","inLanguage":"it-IT","@id":"https:\/\/www.gastac.com\/it\/#\/schema\/logo\/image\/","url":"https:\/\/www.gastac.com\/wp-content\/uploads\/2025\/09\/LOGO\u672c\u8272-\u9ed1.webp","contentUrl":"https:\/\/www.gastac.com\/wp-content\/uploads\/2025\/09\/LOGO\u672c\u8272-\u9ed1.webp","width":1920,"height":1080,"caption":"Ningbo Gastac Gas Spring Co.,Ltd"},"image":{"@id":"https:\/\/www.gastac.com\/it\/#\/schema\/logo\/image\/"},"sameAs":["https:\/\/www.facebook.com\/profile.php?id=100092358464608","https:\/\/www.youtube.com\/@Gastac-Gas-Spring","https:\/\/www.linkedin.com\/in\/gastac-gas-spring\/","https:\/\/www.instagram.com\/gastacgasspring\/"]}]}},"_links":{"self":[{"href":"https:\/\/www.gastac.com\/it\/wp-json\/wp\/v2\/product\/17550","targetHints":{"allow":["GET"]}}],"collection":[{"href":"https:\/\/www.gastac.com\/it\/wp-json\/wp\/v2\/product"}],"about":[{"href":"https:\/\/www.gastac.com\/it\/wp-json\/wp\/v2\/types\/product"}],"replies":[{"embeddable":true,"href":"https:\/\/www.gastac.com\/it\/wp-json\/wp\/v2\/comments?post=17550"}],"wp:featuredmedia":[{"embeddable":true,"href":"https:\/\/www.gastac.com\/it\/wp-json\/wp\/v2\/media\/17564"}],"wp:attachment":[{"href":"https:\/\/www.gastac.com\/it\/wp-json\/wp\/v2\/media?parent=17550"}],"wp:term":[{"taxonomy":"product_brand","embeddable":true,"href":"https:\/\/www.gastac.com\/it\/wp-json\/wp\/v2\/product_brand?post=17550"},{"taxonomy":"product_cat","embeddable":true,"href":"https:\/\/www.gastac.com\/it\/wp-json\/wp\/v2\/product_cat?post=17550"},{"taxonomy":"product_tag","embeddable":true,"href":"https:\/\/www.gastac.com\/it\/wp-json\/wp\/v2\/product_tag?post=17550"}],"curies":[{"name":"wp","href":"https:\/\/api.w.org\/{rel}","templated":true}]}}