{"id":17547,"date":"2025-11-11T06:59:50","date_gmt":"2025-11-11T06:59:50","guid":{"rendered":"https:\/\/www.gastac.com\/?post_type=product&#038;p=17547"},"modified":"2025-11-11T07:00:28","modified_gmt":"2025-11-11T07:00:28","slug":"pistoni-a-gas-per-botole","status":"publish","type":"product","link":"https:\/\/www.gastac.com\/it\/prodotto\/pistoni-a-gas-per-botole\/","title":{"rendered":"Pistoni A Gas per Botole"},"content":{"rendered":"<h2>Pistoni A Gas per Botole<\/h2>\n<p>I pistoni a gas per botole appaiono per risolvere il problema di sollevare e mantenere aperte botole pesanti. Immagina una botola che, senza aiuto, richiederebbe uno sforzo notevole per essere aperta e tenuta in posizione. Con i pistoni a gas, questo compito diventa facile e sicuro: la botola si solleva dolcemente e rimane ferma, prevenendo cadute accidentali e migliorando l\u2019accessibilit\u00e0.<br \/>\n<img decoding=\"async\" class=\"lazyload aligncenter\" src=\"data:image\/gif;base64,R0lGODlhAQABAAAAACH5BAEKAAEALAAAAAABAAEAAAICTAEAOw==\" data-orig-src=\"https:\/\/www.gastac.com\/wp-content\/uploads\/2023\/08\/Verin-pour-Trappe-Lourde-1-800x341.jpg\" alt=\"Pistoni A Gas per Botole\" \/><\/p>\n<h2>Cos\u2019\u00e8 pistoni a gas per botole ?<\/h2>\n<p>gli pistoni a gas per botole(detti anche pistone-ammortizzatore) servono per rallentare o muoversi riducendo la forza. A differenza delle normali molle, permette di avere una spinta proporzionale al peso da sollevare o movimentare, permettendo di bilanciare anche carichi molto pesanti.Pistoni gas \u00e8 costituito da un tubo a pressione, un\u2019asta con colonnina e relativi accessori, ed \u00e8 riempito al suo interno con azoto compresso. I valori possono variare a seconda delle dimensioni e dello sforzo necessario richiesto.<br \/>\nIn questa pagina puoi trovare varie soluzioni, dalle molle a gas standard alle molle a gas con bloccaggio-bloccaggio.<\/p>\n<h2>Cosa fa Pistoni a gas per botole?<\/h2>\n<p>Pistoni a gas per botole caratterizzata da un sistema di bloccaggio che permette di fermare lo stelo della molla nella posizione di \u201ctutto chiuso\u201d (Lock In) oppure di \u201ctutto aperto\u201d (Lock Out). Il blocco, non visibile dall\u2019esterno, consente di arrestare meccanicamente lo stelo e quindi la corsa naturale della molla a gas.<\/p>\n<ul>\n<li>Blocco cassetti in posizione chiusa<\/li>\n<li>Porte e cofano bloccati in posizione aperta<\/li>\n<li>Sistema di sollevamento nascosto<\/li>\n<li>Blocco di chiusura del vano<\/li>\n<\/ul>\n<h2>Come si misurano le pistoni a gas per botole?<\/h2>\n<p>Per misurare i pistoni a gas per botole, si calcola la lunghezza totale da centro a centro dei punti di fissaggio, sia a riposo che completamente estesi. Si determina la forza necessaria per aprire la botola considerando il peso e l\u2019angolo d\u2019apertura. Infine, si verifica il diametro del pistone e dello stelo per garantire che supporti correttamente il peso. Precisione essenziale per un\u2019installazione sicura.<br \/>\n<img decoding=\"async\" class=\"lazyload aligncenter\" src=\"data:image\/gif;base64,R0lGODlhAQABAAAAACH5BAEKAAEALAAAAAABAAEAAAICTAEAOw==\" data-orig-src=\"https:\/\/www.gastac.com\/wp-content\/uploads\/2023\/06\/gasdruckfeder-wohnwagen-grose-800x261.jpg\" alt=\"Pistoni A Gas per Botole\" \/><br \/>\n<img decoding=\"async\" class=\"lazyload aligncenter\" src=\"data:image\/svg+xml,%3Csvg%20xmlns%3D%27http%3A%2F%2Fwww.w3.org%2F2000%2Fsvg%27%20width%3D%27753%27%20height%3D%27939%27%20viewBox%3D%270%200%20753%20939%27%3E%3Crect%20width%3D%27753%27%20height%3D%27939%27%20fill-opacity%3D%220%22%2F%3E%3C%2Fsvg%3E\" data-orig-src=\"https:\/\/www.gastac.com\/wp-content\/uploads\/2023\/08\/Verin-pour-Trappe-Lourde-1232x1536.png\" alt=\"Pistoni A Gas per Botole\" width=\"753\" height=\"939\" \/><\/p>\n<h2>Scegli il carico giusto<\/h2>\n<p>Le nostre soluzioni sono adatte ad una vasta gamma di applicazioni, consentendo la gestione di piccoli carichi di pochi chilogrammi fino a masse considerevoli.Pertanto, la scelta della soluzione corretta in base al carico \u00e8 fondamentale per il corretto funzionamento della molla a gas. Anche il nostro team tecnico sapr\u00e0 fornirti la corretta consulenza.<\/p>\n<div class=\"flex-shrink-0 flex flex-col relative items-end\" data-immersive-translate-walked=\"6d2e4d2e-16ff-4e39-b472-61ac60f43d50\">\n<div data-immersive-translate-walked=\"6d2e4d2e-16ff-4e39-b472-61ac60f43d50\">\n<div class=\"pt-0\" data-immersive-translate-walked=\"6d2e4d2e-16ff-4e39-b472-61ac60f43d50\">\n<div class=\"gizmo-bot-avatar flex h-8 w-8 items-center justify-center overflow-hidden rounded-full\" data-immersive-translate-walked=\"6d2e4d2e-16ff-4e39-b472-61ac60f43d50\">\n<h2 class=\"relative p-1 rounded-sm flex items-center justify-center bg-token-main-surface-primary text-token-text-primary h-8 w-8\" data-immersive-translate-walked=\"6d2e4d2e-16ff-4e39-b472-61ac60f43d50\">GASTAC molla a gas terminale<\/h2>\n<\/div>\n<\/div>\n<\/div>\n<\/div>\n<div class=\"group\/conversation-turn relative flex w-full min-w-0 flex-col agent-turn\" data-immersive-translate-walked=\"6d2e4d2e-16ff-4e39-b472-61ac60f43d50\">\n<div class=\"flex-col gap-1 md:gap-3\" data-immersive-translate-walked=\"6d2e4d2e-16ff-4e39-b472-61ac60f43d50\">\n<div class=\"flex max-w-full flex-col flex-grow\" data-immersive-translate-walked=\"6d2e4d2e-16ff-4e39-b472-61ac60f43d50\">\n<div class=\"min-h-[20px] text-message flex w-full flex-col items-end gap-2 break-words [.text-message+&amp;]:mt-5 overflow-x-auto whitespace-normal\" dir=\"auto\" data-message-author-role=\"assistant\" data-message-id=\"a5f8f992-8191-426c-9900-c7caf9bf251d\" data-immersive-translate-walked=\"6d2e4d2e-16ff-4e39-b472-61ac60f43d50\">\n<div class=\"flex w-full flex-col gap-1 empty:hidden first:pt-[3px]\" data-immersive-translate-walked=\"6d2e4d2e-16ff-4e39-b472-61ac60f43d50\">\n<div class=\"markdown prose w-full break-words dark:prose-invert light\" data-immersive-translate-walked=\"6d2e4d2e-16ff-4e39-b472-61ac60f43d50\">\n<p data-immersive-translate-walked=\"6d2e4d2e-16ff-4e39-b472-61ac60f43d50\">La molla a gas con raccordo terminale GASTAC \u00e8 un componente robusto e preciso. Immagina un cilindro elegante e compatto, con uno stelo lucido che si estende e ritrae con una fluidit\u00e0 perfetta. Il raccordo terminale assicura un\u2019installazione facile e sicura, bloccando saldamente il pistone in posizione. Ogni movimento \u00e8 controllato, garantendo stabilit\u00e0 e sicurezza, perfetto per applicazioni dove la precisione \u00e8 essenziale.<\/p>\n<p><img decoding=\"async\" class=\"lazyload aligncenter\" src=\"data:image\/svg+xml,%3Csvg%20xmlns%3D%27http%3A%2F%2Fwww.w3.org%2F2000%2Fsvg%27%20width%3D%27753%27%20height%3D%27939%27%20viewBox%3D%270%200%20753%20939%27%3E%3Crect%20width%3D%27753%27%20height%3D%27939%27%20fill-opacity%3D%220%22%2F%3E%3C%2Fsvg%3E\" data-orig-src=\"https:\/\/www.gastac.com\/wp-content\/uploads\/2024\/05\/end-fitting-gas-spring-2.jpg\" alt=\"Pistoni A Gas per Botole\" width=\"753\" height=\"939\" \/><\/p>\n<div class=\"group\/conversation-turn relative flex w-full min-w-0 flex-col agent-turn\" data-immersive-translate-walked=\"6d2e4d2e-16ff-4e39-b472-61ac60f43d50\">\n<div class=\"flex-col gap-1 md:gap-3\" data-immersive-translate-walked=\"6d2e4d2e-16ff-4e39-b472-61ac60f43d50\">\n<div class=\"flex max-w-full flex-col flex-grow\" data-immersive-translate-walked=\"6d2e4d2e-16ff-4e39-b472-61ac60f43d50\">\n<div class=\"min-h-[20px] text-message flex w-full flex-col items-end gap-2 break-words [.text-message+&amp;]:mt-5 overflow-x-auto whitespace-normal\" dir=\"auto\" data-message-author-role=\"assistant\" data-message-id=\"a5f8f992-8191-426c-9900-c7caf9bf251d\" data-immersive-translate-walked=\"6d2e4d2e-16ff-4e39-b472-61ac60f43d50\">\n<div class=\"flex w-full flex-col gap-1 empty:hidden first:pt-[3px]\" data-immersive-translate-walked=\"6d2e4d2e-16ff-4e39-b472-61ac60f43d50\">\n<div class=\"markdown prose w-full break-words dark:prose-invert light\" data-immersive-translate-walked=\"6d2e4d2e-16ff-4e39-b472-61ac60f43d50\">\n<h2>Perch\u00e9 scegliere GASTAC pistoni a gas per botole?<\/h2>\n<p>-Affidabilit\u00e0: GASTAC \u00e8 noto per la qualit\u00e0 e la durata dei suoi prodotti, garantendo una lunga vita operativa.<br \/>\n-Assistenza al sollevamento: Facilita l\u2019apertura di botole pesanti riducendo lo sforzo necessario.<br \/>\n-Funzionamento fluido: I pistoni garantiscono un movimento controllato e sicuro.<br \/>\n-Resistenza: Progettati per resistere a condizioni ambientali difficili.<br \/>\n-Customization: They come in various sizes and force ratings to match the specific needs of your application.<br \/>\n-Corrosion resistance: Many GASTAC pistons are designed to resist rust and corrosion, ideal for outdoor or marine environments.<br \/>\n-Low maintenance: Once installed, they require minimal upkeep.<br \/>\n-Cost-effectiveness: Durable with a long lifespan, they reduce replacement and repair costs.<br \/>\n<img class=\"lazyload\" decoding=\"async\" src=\"data:image\/svg+xml,%3Csvg%20xmlns%3D%27http%3A%2F%2Fwww.w3.org%2F2000%2Fsvg%27%20width%3D%27449%27%20height%3D%27425%27%20viewBox%3D%270%200%20449%20425%27%3E%3Crect%20width%3D%27449%27%20height%3D%27425%27%20fill-opacity%3D%220%22%2F%3E%3C%2Fsvg%3E\" data-orig-src=\"https:\/\/gastac.com\/wp-content\/uploads\/2023\/06\/ammortizzatori-a-gas-per-portelloni.png\" alt=\"Pistoni A Gas per Botole\" width=\"449\" height=\"425\" \/><img decoding=\"async\" class=\"lazyload \" src=\"data:image\/svg+xml,%3Csvg%20xmlns%3D%27http%3A%2F%2Fwww.w3.org%2F2000%2Fsvg%27%20width%3D%27426%27%20height%3D%27426%27%20viewBox%3D%270%200%20426%20426%27%3E%3Crect%20width%3D%27426%27%20height%3D%27426%27%20fill-opacity%3D%220%22%2F%3E%3C%2Fsvg%3E\" data-orig-src=\"https:\/\/www.gastac.com\/wp-content\/uploads\/2023\/06\/pistoni-a-gas-per-botole-400x400.jpg\" alt=\"Pistoni A Gas per Botole\" width=\"426\" height=\"426\" \/><\/p>\n<\/div>\n<\/div>\n<\/div>\n<\/div>\n<\/div>\n<\/div>\n<h2>Pistoni A Gas per Botole<\/h2>\n<p>Questi prodotti sono consigliati per: roulotte, rimorchi per il trasporto di animali, mobili, portelli, letti, portelli, porte, pannelli, ecc.<\/p>\n<\/div>\n<\/div>\n<\/div>\n<\/div>\n<\/div>\n<\/div>\n","protected":false},"excerpt":{"rendered":"<p>Pistoni A Gas per Botole I pistoni a gas per botole appaiono per risolvere il problema di sollevare e mantenere  [&#8230;]<\/p>\n","protected":false},"featured_media":17541,"comment_status":"open","ping_status":"closed","template":"","meta":[],"product_brand":[],"product_cat":[],"product_tag":[],"class_list":{"0":"post-17547","1":"product","2":"type-product","3":"status-publish","4":"has-post-thumbnail","7":"first","8":"instock","9":"shipping-taxable","10":"product-type-simple"},"yoast_head":"<!-- This site is optimized with the Yoast SEO Premium plugin v26.2 (Yoast SEO v27.3) - https:\/\/yoast.com\/product\/yoast-seo-premium-wordpress\/ -->\n<title>Pistoni A Gas per Botole | Gastac Gas Spring<\/title>\n<meta name=\"robots\" content=\"index, follow, max-snippet:-1, max-image-preview:large, max-video-preview:-1\" \/>\n<link rel=\"canonical\" href=\"https:\/\/www.gastac.com\/it\/prodotto\/pistoni-a-gas-per-botole\/\" \/>\n<meta property=\"og:locale\" content=\"it_IT\" \/>\n<meta property=\"og:type\" content=\"article\" \/>\n<meta property=\"og:title\" content=\"Pistoni A Gas per Botole\" \/>\n<meta property=\"og:description\" content=\"Pistoni A Gas per Botole I pistoni a gas per botole appaiono per risolvere il problema di sollevare e mantenere [...]\" \/>\n<meta property=\"og:url\" content=\"https:\/\/www.gastac.com\/it\/prodotto\/pistoni-a-gas-per-botole\/\" \/>\n<meta property=\"og:site_name\" content=\"Gastac Gas Spring\" \/>\n<meta property=\"article:publisher\" content=\"https:\/\/www.facebook.com\/profile.php?id=100092358464608\" \/>\n<meta property=\"article:modified_time\" content=\"2025-11-11T07:00:28+00:00\" \/>\n<meta property=\"og:image\" content=\"https:\/\/www.gastac.com\/wp-content\/uploads\/2025\/11\/1-2-600x596-1.webp\" \/>\n\t<meta property=\"og:image:width\" content=\"600\" \/>\n\t<meta property=\"og:image:height\" content=\"596\" \/>\n\t<meta property=\"og:image:type\" content=\"image\/webp\" \/>\n<meta name=\"twitter:card\" content=\"summary_large_image\" \/>\n<meta name=\"twitter:label1\" content=\"Tempo di lettura stimato\" \/>\n\t<meta name=\"twitter:data1\" content=\"1 minuto\" \/>\n<script type=\"application\/ld+json\" class=\"yoast-schema-graph\">{\"@context\":\"https:\\\/\\\/schema.org\",\"@graph\":[{\"@type\":\"WebPage\",\"@id\":\"https:\\\/\\\/www.gastac.com\\\/it\\\/prodotto\\\/pistoni-a-gas-per-botole\\\/\",\"url\":\"https:\\\/\\\/www.gastac.com\\\/it\\\/prodotto\\\/pistoni-a-gas-per-botole\\\/\",\"name\":\"Pistoni A Gas per Botole | Gastac Gas Spring\",\"isPartOf\":{\"@id\":\"https:\\\/\\\/www.gastac.com\\\/it\\\/#website\"},\"primaryImageOfPage\":{\"@id\":\"https:\\\/\\\/www.gastac.com\\\/it\\\/prodotto\\\/pistoni-a-gas-per-botole\\\/#primaryimage\"},\"image\":{\"@id\":\"https:\\\/\\\/www.gastac.com\\\/it\\\/prodotto\\\/pistoni-a-gas-per-botole\\\/#primaryimage\"},\"thumbnailUrl\":\"https:\\\/\\\/www.gastac.com\\\/wp-content\\\/uploads\\\/2025\\\/11\\\/1-2-600x596-1.webp\",\"datePublished\":\"2025-11-11T06:59:50+00:00\",\"dateModified\":\"2025-11-11T07:00:28+00:00\",\"breadcrumb\":{\"@id\":\"https:\\\/\\\/www.gastac.com\\\/it\\\/prodotto\\\/pistoni-a-gas-per-botole\\\/#breadcrumb\"},\"inLanguage\":\"it-IT\",\"potentialAction\":[{\"@type\":\"ReadAction\",\"target\":[\"https:\\\/\\\/www.gastac.com\\\/it\\\/prodotto\\\/pistoni-a-gas-per-botole\\\/\"]}]},{\"@type\":\"ImageObject\",\"inLanguage\":\"it-IT\",\"@id\":\"https:\\\/\\\/www.gastac.com\\\/it\\\/prodotto\\\/pistoni-a-gas-per-botole\\\/#primaryimage\",\"url\":\"https:\\\/\\\/www.gastac.com\\\/wp-content\\\/uploads\\\/2025\\\/11\\\/1-2-600x596-1.webp\",\"contentUrl\":\"https:\\\/\\\/www.gastac.com\\\/wp-content\\\/uploads\\\/2025\\\/11\\\/1-2-600x596-1.webp\",\"width\":600,\"height\":596,\"caption\":\"1 2 600x596\"},{\"@type\":\"BreadcrumbList\",\"@id\":\"https:\\\/\\\/www.gastac.com\\\/it\\\/prodotto\\\/pistoni-a-gas-per-botole\\\/#breadcrumb\",\"itemListElement\":[{\"@type\":\"ListItem\",\"position\":1,\"name\":\"Home\",\"item\":\"https:\\\/\\\/www.gastac.com\\\/it\\\/\"},{\"@type\":\"ListItem\",\"position\":2,\"name\":\"products\",\"item\":\"https:\\\/\\\/www.gastac.com\\\/it\\\/products\\\/\"},{\"@type\":\"ListItem\",\"position\":3,\"name\":\"Pistoni A Gas per Botole\"}]},{\"@type\":\"WebSite\",\"@id\":\"https:\\\/\\\/www.gastac.com\\\/it\\\/#website\",\"url\":\"https:\\\/\\\/www.gastac.com\\\/it\\\/\",\"name\":\"Gastac Gas Spring\",\"description\":\"China\u2019s Leading Gas Springs &amp; Struts Manufacturer\",\"publisher\":{\"@id\":\"https:\\\/\\\/www.gastac.com\\\/it\\\/#organization\"},\"potentialAction\":[{\"@type\":\"SearchAction\",\"target\":{\"@type\":\"EntryPoint\",\"urlTemplate\":\"https:\\\/\\\/www.gastac.com\\\/it\\\/?s={search_term_string}\"},\"query-input\":{\"@type\":\"PropertyValueSpecification\",\"valueRequired\":true,\"valueName\":\"search_term_string\"}}],\"inLanguage\":\"it-IT\"},{\"@type\":\"Organization\",\"@id\":\"https:\\\/\\\/www.gastac.com\\\/it\\\/#organization\",\"name\":\"Ningbo Gastac Gas Spring Co.,Ltd\",\"url\":\"https:\\\/\\\/www.gastac.com\\\/it\\\/\",\"logo\":{\"@type\":\"ImageObject\",\"inLanguage\":\"it-IT\",\"@id\":\"https:\\\/\\\/www.gastac.com\\\/it\\\/#\\\/schema\\\/logo\\\/image\\\/\",\"url\":\"https:\\\/\\\/www.gastac.com\\\/wp-content\\\/uploads\\\/2025\\\/09\\\/LOGO\u672c\u8272-\u9ed1.webp\",\"contentUrl\":\"https:\\\/\\\/www.gastac.com\\\/wp-content\\\/uploads\\\/2025\\\/09\\\/LOGO\u672c\u8272-\u9ed1.webp\",\"width\":1920,\"height\":1080,\"caption\":\"Ningbo Gastac Gas Spring Co.,Ltd\"},\"image\":{\"@id\":\"https:\\\/\\\/www.gastac.com\\\/it\\\/#\\\/schema\\\/logo\\\/image\\\/\"},\"sameAs\":[\"https:\\\/\\\/www.facebook.com\\\/profile.php?id=100092358464608\",\"https:\\\/\\\/www.youtube.com\\\/@Gastac-Gas-Spring\",\"https:\\\/\\\/www.linkedin.com\\\/in\\\/gastac-gas-spring\\\/\",\"https:\\\/\\\/www.instagram.com\\\/gastacgasspring\\\/\"]}]}<\/script>\n<!-- \/ Yoast SEO Premium plugin. -->","yoast_head_json":{"title":"Pistoni A Gas per Botole | Gastac Gas Spring","robots":{"index":"index","follow":"follow","max-snippet":"max-snippet:-1","max-image-preview":"max-image-preview:large","max-video-preview":"max-video-preview:-1"},"canonical":"https:\/\/www.gastac.com\/it\/prodotto\/pistoni-a-gas-per-botole\/","og_locale":"it_IT","og_type":"article","og_title":"Pistoni A Gas per Botole","og_description":"Pistoni A Gas per Botole I pistoni a gas per botole appaiono per risolvere il problema di sollevare e mantenere [...]","og_url":"https:\/\/www.gastac.com\/it\/prodotto\/pistoni-a-gas-per-botole\/","og_site_name":"Gastac Gas Spring","article_publisher":"https:\/\/www.facebook.com\/profile.php?id=100092358464608","article_modified_time":"2025-11-11T07:00:28+00:00","og_image":[{"width":600,"height":596,"url":"https:\/\/www.gastac.com\/wp-content\/uploads\/2025\/11\/1-2-600x596-1.webp","type":"image\/webp"}],"twitter_card":"summary_large_image","twitter_misc":{"Tempo di lettura stimato":"1 minuto"},"schema":{"@context":"https:\/\/schema.org","@graph":[{"@type":"WebPage","@id":"https:\/\/www.gastac.com\/it\/prodotto\/pistoni-a-gas-per-botole\/","url":"https:\/\/www.gastac.com\/it\/prodotto\/pistoni-a-gas-per-botole\/","name":"Pistoni A Gas per Botole | Gastac Gas Spring","isPartOf":{"@id":"https:\/\/www.gastac.com\/it\/#website"},"primaryImageOfPage":{"@id":"https:\/\/www.gastac.com\/it\/prodotto\/pistoni-a-gas-per-botole\/#primaryimage"},"image":{"@id":"https:\/\/www.gastac.com\/it\/prodotto\/pistoni-a-gas-per-botole\/#primaryimage"},"thumbnailUrl":"https:\/\/www.gastac.com\/wp-content\/uploads\/2025\/11\/1-2-600x596-1.webp","datePublished":"2025-11-11T06:59:50+00:00","dateModified":"2025-11-11T07:00:28+00:00","breadcrumb":{"@id":"https:\/\/www.gastac.com\/it\/prodotto\/pistoni-a-gas-per-botole\/#breadcrumb"},"inLanguage":"it-IT","potentialAction":[{"@type":"ReadAction","target":["https:\/\/www.gastac.com\/it\/prodotto\/pistoni-a-gas-per-botole\/"]}]},{"@type":"ImageObject","inLanguage":"it-IT","@id":"https:\/\/www.gastac.com\/it\/prodotto\/pistoni-a-gas-per-botole\/#primaryimage","url":"https:\/\/www.gastac.com\/wp-content\/uploads\/2025\/11\/1-2-600x596-1.webp","contentUrl":"https:\/\/www.gastac.com\/wp-content\/uploads\/2025\/11\/1-2-600x596-1.webp","width":600,"height":596,"caption":"1 2 600x596"},{"@type":"BreadcrumbList","@id":"https:\/\/www.gastac.com\/it\/prodotto\/pistoni-a-gas-per-botole\/#breadcrumb","itemListElement":[{"@type":"ListItem","position":1,"name":"Home","item":"https:\/\/www.gastac.com\/it\/"},{"@type":"ListItem","position":2,"name":"products","item":"https:\/\/www.gastac.com\/it\/products\/"},{"@type":"ListItem","position":3,"name":"Pistoni A Gas per Botole"}]},{"@type":"WebSite","@id":"https:\/\/www.gastac.com\/it\/#website","url":"https:\/\/www.gastac.com\/it\/","name":"Gastac Gas Spring","description":"China\u2019s Leading Gas Springs &amp; Struts Manufacturer","publisher":{"@id":"https:\/\/www.gastac.com\/it\/#organization"},"potentialAction":[{"@type":"SearchAction","target":{"@type":"EntryPoint","urlTemplate":"https:\/\/www.gastac.com\/it\/?s={search_term_string}"},"query-input":{"@type":"PropertyValueSpecification","valueRequired":true,"valueName":"search_term_string"}}],"inLanguage":"it-IT"},{"@type":"Organization","@id":"https:\/\/www.gastac.com\/it\/#organization","name":"Ningbo Gastac Gas Spring Co.,Ltd","url":"https:\/\/www.gastac.com\/it\/","logo":{"@type":"ImageObject","inLanguage":"it-IT","@id":"https:\/\/www.gastac.com\/it\/#\/schema\/logo\/image\/","url":"https:\/\/www.gastac.com\/wp-content\/uploads\/2025\/09\/LOGO\u672c\u8272-\u9ed1.webp","contentUrl":"https:\/\/www.gastac.com\/wp-content\/uploads\/2025\/09\/LOGO\u672c\u8272-\u9ed1.webp","width":1920,"height":1080,"caption":"Ningbo Gastac Gas Spring Co.,Ltd"},"image":{"@id":"https:\/\/www.gastac.com\/it\/#\/schema\/logo\/image\/"},"sameAs":["https:\/\/www.facebook.com\/profile.php?id=100092358464608","https:\/\/www.youtube.com\/@Gastac-Gas-Spring","https:\/\/www.linkedin.com\/in\/gastac-gas-spring\/","https:\/\/www.instagram.com\/gastacgasspring\/"]}]}},"_links":{"self":[{"href":"https:\/\/www.gastac.com\/it\/wp-json\/wp\/v2\/product\/17547","targetHints":{"allow":["GET"]}}],"collection":[{"href":"https:\/\/www.gastac.com\/it\/wp-json\/wp\/v2\/product"}],"about":[{"href":"https:\/\/www.gastac.com\/it\/wp-json\/wp\/v2\/types\/product"}],"replies":[{"embeddable":true,"href":"https:\/\/www.gastac.com\/it\/wp-json\/wp\/v2\/comments?post=17547"}],"wp:featuredmedia":[{"embeddable":true,"href":"https:\/\/www.gastac.com\/it\/wp-json\/wp\/v2\/media\/17541"}],"wp:attachment":[{"href":"https:\/\/www.gastac.com\/it\/wp-json\/wp\/v2\/media?parent=17547"}],"wp:term":[{"taxonomy":"product_brand","embeddable":true,"href":"https:\/\/www.gastac.com\/it\/wp-json\/wp\/v2\/product_brand?post=17547"},{"taxonomy":"product_cat","embeddable":true,"href":"https:\/\/www.gastac.com\/it\/wp-json\/wp\/v2\/product_cat?post=17547"},{"taxonomy":"product_tag","embeddable":true,"href":"https:\/\/www.gastac.com\/it\/wp-json\/wp\/v2\/product_tag?post=17547"}],"curies":[{"name":"wp","href":"https:\/\/api.w.org\/{rel}","templated":true}]}}