{"id":22299,"date":"2025-11-17T05:14:47","date_gmt":"2025-11-17T05:14:47","guid":{"rendered":"https:\/\/www.gastac.com\/?post_type=product&#038;p=22299"},"modified":"2025-11-17T05:14:48","modified_gmt":"2025-11-17T05:14:48","slug":"verin-a-gaz-pour-porte-de-cuisine","status":"publish","type":"product","link":"https:\/\/www.gastac.com\/fr\/produit\/verin-a-gaz-pour-porte-de-cuisine\/","title":{"rendered":"Verin a gaz pour porte de cuisine"},"content":{"rendered":"<p><strong>Verin a gaz pour porte de cuisine<\/strong><\/p>\n<p>Les\u00a0v\u00e9rins \u00e0 gaz porte cuisine permettent d\u2019\u00e9viter les claquements et d\u2019assurer une fermeture douce et contr\u00f4l\u00e9e. Ces ressorts \u00e0 gaz utilisent du gaz comprim\u00e9 pour ralentir la fermeture des portes de l\u2019armoire, les emp\u00eachant ainsi de claquer.<\/p>\n<p>Le verin a gaz pour porte de cuisine est disponible dans une vari\u00e9t\u00e9 de tailles et de styles pour diff\u00e9rents types d\u2019armoires, y compris les armoires sans cadre et les armoires avec cadre. Le verin a gaz pour porte de cuisine\u00a0est \u00e9galement disponible dans diff\u00e9rents angles d\u2019ouverture pour s\u2019adapter \u00e0 diff\u00e9rents mod\u00e8les d\u2019armoires et \u00e0 diff\u00e9rentes tailles de portes.<\/p>\n<p>Lorsque vous choisissez un verin a gaz pour porte de cuisine, il est important de tenir compte du poids de la porte et de la taille de l\u2019armoire. Les charni\u00e8res ont des capacit\u00e9s de poids et des angles d\u2019ouverture diff\u00e9rents, il faut donc s\u2019assurer de les choisir pour des armoires sp\u00e9cifiques.<\/p>\n<p>Dans l\u2019ensemble, les verins \u00e0 gaz pour porte de cuisine sont un choix populaire parmi les propri\u00e9taires et les \u00e9b\u00e9nistes parce qu\u2019ils offrent une solution pratique et commode qui emp\u00eache les portes d\u2019armoires de claquer et assure une fermeture silencieuse et contr\u00f4l\u00e9e.<\/p>\n<p><strong>Application de ressort \u00e0 gaz<\/strong><br \/>\n<img class=\"lazyload\" decoding=\"async\" src=\"data:image\/gif;base64,R0lGODlhAQABAAAAACH5BAEKAAEALAAAAAABAAEAAAICTAEAOw==\" data-orig-src=\"https:\/\/www.gastac.com\/wp-content\/uploads\/2023\/08\/verin-a-gaz-pour-porte-relevante-402x400.png\" alt=\"Verin a gaz pour porte de cuisine\" \/><img class=\"lazyload\" decoding=\"async\" src=\"data:image\/gif;base64,R0lGODlhAQABAAAAACH5BAEKAAEALAAAAAABAAEAAAICTAEAOw==\" data-orig-src=\"https:\/\/www.gastac.com\/wp-content\/uploads\/2023\/08\/verin-porte-cuisine-200n-2-402x400.png\" alt=\"Verin a gaz pour porte de cuisine\" \/><\/p>\n","protected":false},"excerpt":{"rendered":"<p>Verin a gaz pour porte de cuisine Les\u00a0v\u00e9rins \u00e0 gaz porte cuisine permettent d\u2019\u00e9viter les claquements et d\u2019assurer une fermeture  [&#8230;]<\/p>\n","protected":false},"featured_media":22301,"comment_status":"open","ping_status":"closed","template":"","meta":[],"product_brand":[],"product_cat":[108],"product_tag":[],"class_list":{"0":"post-22299","1":"product","2":"type-product","3":"status-publish","4":"has-post-thumbnail","6":"product_cat-non-categorise","8":"first","9":"instock","10":"shipping-taxable","11":"product-type-simple"},"yoast_head":"<!-- This site is optimized with the Yoast SEO Premium plugin v26.2 (Yoast SEO v27.4) - https:\/\/yoast.com\/product\/yoast-seo-premium-wordpress\/ -->\n<title>Verin a gaz pour porte de cuisine | Gastac Gas Spring<\/title>\n<meta name=\"robots\" content=\"index, follow, max-snippet:-1, max-image-preview:large, max-video-preview:-1\" \/>\n<link rel=\"canonical\" href=\"https:\/\/www.gastac.com\/fr\/produit\/verin-a-gaz-pour-porte-de-cuisine\/\" \/>\n<meta property=\"og:locale\" content=\"fr_FR\" \/>\n<meta property=\"og:type\" content=\"article\" \/>\n<meta property=\"og:title\" content=\"Verin a gaz pour porte de cuisine\" \/>\n<meta property=\"og:description\" content=\"Verin a gaz pour porte de cuisine Les\u00a0v\u00e9rins \u00e0 gaz porte cuisine permettent d\u2019\u00e9viter les claquements et d\u2019assurer une fermeture [...]\" \/>\n<meta property=\"og:url\" content=\"https:\/\/www.gastac.com\/fr\/produit\/verin-a-gaz-pour-porte-de-cuisine\/\" \/>\n<meta property=\"og:site_name\" content=\"Gastac Gas Spring\" \/>\n<meta property=\"article:publisher\" content=\"https:\/\/www.facebook.com\/profile.php?id=100092358464608\" \/>\n<meta property=\"article:modified_time\" content=\"2025-11-17T05:14:48+00:00\" \/>\n<meta property=\"og:image\" content=\"https:\/\/www.gastac.com\/wp-content\/uploads\/2025\/11\/amortecedor-para-armario-80n-3.webp\" \/>\n\t<meta property=\"og:image:width\" content=\"600\" \/>\n\t<meta property=\"og:image:height\" content=\"600\" \/>\n\t<meta property=\"og:image:type\" content=\"image\/webp\" \/>\n<meta name=\"twitter:card\" content=\"summary_large_image\" \/>\n<meta name=\"twitter:label1\" content=\"Dur\u00e9e de lecture estim\u00e9e\" \/>\n\t<meta name=\"twitter:data1\" content=\"1 minute\" \/>\n<script type=\"application\/ld+json\" class=\"yoast-schema-graph\">{\"@context\":\"https:\\\/\\\/schema.org\",\"@graph\":[{\"@type\":\"WebPage\",\"@id\":\"https:\\\/\\\/www.gastac.com\\\/fr\\\/produit\\\/verin-a-gaz-pour-porte-de-cuisine\\\/\",\"url\":\"https:\\\/\\\/www.gastac.com\\\/fr\\\/produit\\\/verin-a-gaz-pour-porte-de-cuisine\\\/\",\"name\":\"Verin a gaz pour porte de cuisine | Gastac Gas Spring\",\"isPartOf\":{\"@id\":\"https:\\\/\\\/www.gastac.com\\\/fr\\\/#website\"},\"primaryImageOfPage\":{\"@id\":\"https:\\\/\\\/www.gastac.com\\\/fr\\\/produit\\\/verin-a-gaz-pour-porte-de-cuisine\\\/#primaryimage\"},\"image\":{\"@id\":\"https:\\\/\\\/www.gastac.com\\\/fr\\\/produit\\\/verin-a-gaz-pour-porte-de-cuisine\\\/#primaryimage\"},\"thumbnailUrl\":\"https:\\\/\\\/www.gastac.com\\\/wp-content\\\/uploads\\\/2025\\\/11\\\/amortecedor-para-armario-80n-3.webp\",\"datePublished\":\"2025-11-17T05:14:47+00:00\",\"dateModified\":\"2025-11-17T05:14:48+00:00\",\"breadcrumb\":{\"@id\":\"https:\\\/\\\/www.gastac.com\\\/fr\\\/produit\\\/verin-a-gaz-pour-porte-de-cuisine\\\/#breadcrumb\"},\"inLanguage\":\"fr-FR\",\"potentialAction\":[{\"@type\":\"ReadAction\",\"target\":[\"https:\\\/\\\/www.gastac.com\\\/fr\\\/produit\\\/verin-a-gaz-pour-porte-de-cuisine\\\/\"]}]},{\"@type\":\"ImageObject\",\"inLanguage\":\"fr-FR\",\"@id\":\"https:\\\/\\\/www.gastac.com\\\/fr\\\/produit\\\/verin-a-gaz-pour-porte-de-cuisine\\\/#primaryimage\",\"url\":\"https:\\\/\\\/www.gastac.com\\\/wp-content\\\/uploads\\\/2025\\\/11\\\/amortecedor-para-armario-80n-3.webp\",\"contentUrl\":\"https:\\\/\\\/www.gastac.com\\\/wp-content\\\/uploads\\\/2025\\\/11\\\/amortecedor-para-armario-80n-3.webp\",\"width\":600,\"height\":600,\"caption\":\"amortecedor para armario 80n 3\"},{\"@type\":\"BreadcrumbList\",\"@id\":\"https:\\\/\\\/www.gastac.com\\\/fr\\\/produit\\\/verin-a-gaz-pour-porte-de-cuisine\\\/#breadcrumb\",\"itemListElement\":[{\"@type\":\"ListItem\",\"position\":1,\"name\":\"Home\",\"item\":\"https:\\\/\\\/www.gastac.com\\\/fr\\\/\"},{\"@type\":\"ListItem\",\"position\":2,\"name\":\"products\",\"item\":\"https:\\\/\\\/www.gastac.com\\\/fr\\\/products\\\/\"},{\"@type\":\"ListItem\",\"position\":3,\"name\":\"Non cat\u00e9goris\u00e9\",\"item\":\"https:\\\/\\\/www.gastac.com\\\/fr\\\/product-category\\\/non-categorise\\\/\"},{\"@type\":\"ListItem\",\"position\":4,\"name\":\"Verin a gaz pour porte de cuisine\"}]},{\"@type\":\"WebSite\",\"@id\":\"https:\\\/\\\/www.gastac.com\\\/fr\\\/#website\",\"url\":\"https:\\\/\\\/www.gastac.com\\\/fr\\\/\",\"name\":\"Gastac Gas Spring\",\"description\":\"China\u2019s Leading Gas Springs &amp; Struts Manufacturer\",\"publisher\":{\"@id\":\"https:\\\/\\\/www.gastac.com\\\/fr\\\/#organization\"},\"potentialAction\":[{\"@type\":\"SearchAction\",\"target\":{\"@type\":\"EntryPoint\",\"urlTemplate\":\"https:\\\/\\\/www.gastac.com\\\/fr\\\/?s={search_term_string}\"},\"query-input\":{\"@type\":\"PropertyValueSpecification\",\"valueRequired\":true,\"valueName\":\"search_term_string\"}}],\"inLanguage\":\"fr-FR\"},{\"@type\":\"Organization\",\"@id\":\"https:\\\/\\\/www.gastac.com\\\/fr\\\/#organization\",\"name\":\"Ningbo Gastac Gas Spring Co.,Ltd\",\"url\":\"https:\\\/\\\/www.gastac.com\\\/fr\\\/\",\"logo\":{\"@type\":\"ImageObject\",\"inLanguage\":\"fr-FR\",\"@id\":\"https:\\\/\\\/www.gastac.com\\\/fr\\\/#\\\/schema\\\/logo\\\/image\\\/\",\"url\":\"https:\\\/\\\/www.gastac.com\\\/wp-content\\\/uploads\\\/2025\\\/09\\\/LOGO\u672c\u8272-\u9ed1.webp\",\"contentUrl\":\"https:\\\/\\\/www.gastac.com\\\/wp-content\\\/uploads\\\/2025\\\/09\\\/LOGO\u672c\u8272-\u9ed1.webp\",\"width\":1920,\"height\":1080,\"caption\":\"Ningbo Gastac Gas Spring Co.,Ltd\"},\"image\":{\"@id\":\"https:\\\/\\\/www.gastac.com\\\/fr\\\/#\\\/schema\\\/logo\\\/image\\\/\"},\"sameAs\":[\"https:\\\/\\\/www.facebook.com\\\/profile.php?id=100092358464608\",\"https:\\\/\\\/www.youtube.com\\\/@Gastac-Gas-Spring\",\"https:\\\/\\\/www.linkedin.com\\\/in\\\/gastac-gas-spring\\\/\",\"https:\\\/\\\/www.instagram.com\\\/gastacgasspring\\\/\"]}]}<\/script>\n<!-- \/ Yoast SEO Premium plugin. -->","yoast_head_json":{"title":"Verin a gaz pour porte de cuisine | Gastac Gas Spring","robots":{"index":"index","follow":"follow","max-snippet":"max-snippet:-1","max-image-preview":"max-image-preview:large","max-video-preview":"max-video-preview:-1"},"canonical":"https:\/\/www.gastac.com\/fr\/produit\/verin-a-gaz-pour-porte-de-cuisine\/","og_locale":"fr_FR","og_type":"article","og_title":"Verin a gaz pour porte de cuisine","og_description":"Verin a gaz pour porte de cuisine Les\u00a0v\u00e9rins \u00e0 gaz porte cuisine permettent d\u2019\u00e9viter les claquements et d\u2019assurer une fermeture [...]","og_url":"https:\/\/www.gastac.com\/fr\/produit\/verin-a-gaz-pour-porte-de-cuisine\/","og_site_name":"Gastac Gas Spring","article_publisher":"https:\/\/www.facebook.com\/profile.php?id=100092358464608","article_modified_time":"2025-11-17T05:14:48+00:00","og_image":[{"width":600,"height":600,"url":"https:\/\/www.gastac.com\/wp-content\/uploads\/2025\/11\/amortecedor-para-armario-80n-3.webp","type":"image\/webp"}],"twitter_card":"summary_large_image","twitter_misc":{"Dur\u00e9e de lecture estim\u00e9e":"1 minute"},"schema":{"@context":"https:\/\/schema.org","@graph":[{"@type":"WebPage","@id":"https:\/\/www.gastac.com\/fr\/produit\/verin-a-gaz-pour-porte-de-cuisine\/","url":"https:\/\/www.gastac.com\/fr\/produit\/verin-a-gaz-pour-porte-de-cuisine\/","name":"Verin a gaz pour porte de cuisine | Gastac Gas Spring","isPartOf":{"@id":"https:\/\/www.gastac.com\/fr\/#website"},"primaryImageOfPage":{"@id":"https:\/\/www.gastac.com\/fr\/produit\/verin-a-gaz-pour-porte-de-cuisine\/#primaryimage"},"image":{"@id":"https:\/\/www.gastac.com\/fr\/produit\/verin-a-gaz-pour-porte-de-cuisine\/#primaryimage"},"thumbnailUrl":"https:\/\/www.gastac.com\/wp-content\/uploads\/2025\/11\/amortecedor-para-armario-80n-3.webp","datePublished":"2025-11-17T05:14:47+00:00","dateModified":"2025-11-17T05:14:48+00:00","breadcrumb":{"@id":"https:\/\/www.gastac.com\/fr\/produit\/verin-a-gaz-pour-porte-de-cuisine\/#breadcrumb"},"inLanguage":"fr-FR","potentialAction":[{"@type":"ReadAction","target":["https:\/\/www.gastac.com\/fr\/produit\/verin-a-gaz-pour-porte-de-cuisine\/"]}]},{"@type":"ImageObject","inLanguage":"fr-FR","@id":"https:\/\/www.gastac.com\/fr\/produit\/verin-a-gaz-pour-porte-de-cuisine\/#primaryimage","url":"https:\/\/www.gastac.com\/wp-content\/uploads\/2025\/11\/amortecedor-para-armario-80n-3.webp","contentUrl":"https:\/\/www.gastac.com\/wp-content\/uploads\/2025\/11\/amortecedor-para-armario-80n-3.webp","width":600,"height":600,"caption":"amortecedor para armario 80n 3"},{"@type":"BreadcrumbList","@id":"https:\/\/www.gastac.com\/fr\/produit\/verin-a-gaz-pour-porte-de-cuisine\/#breadcrumb","itemListElement":[{"@type":"ListItem","position":1,"name":"Home","item":"https:\/\/www.gastac.com\/fr\/"},{"@type":"ListItem","position":2,"name":"products","item":"https:\/\/www.gastac.com\/fr\/products\/"},{"@type":"ListItem","position":3,"name":"Non cat\u00e9goris\u00e9","item":"https:\/\/www.gastac.com\/fr\/product-category\/non-categorise\/"},{"@type":"ListItem","position":4,"name":"Verin a gaz pour porte de cuisine"}]},{"@type":"WebSite","@id":"https:\/\/www.gastac.com\/fr\/#website","url":"https:\/\/www.gastac.com\/fr\/","name":"Gastac Gas Spring","description":"China\u2019s Leading Gas Springs &amp; Struts Manufacturer","publisher":{"@id":"https:\/\/www.gastac.com\/fr\/#organization"},"potentialAction":[{"@type":"SearchAction","target":{"@type":"EntryPoint","urlTemplate":"https:\/\/www.gastac.com\/fr\/?s={search_term_string}"},"query-input":{"@type":"PropertyValueSpecification","valueRequired":true,"valueName":"search_term_string"}}],"inLanguage":"fr-FR"},{"@type":"Organization","@id":"https:\/\/www.gastac.com\/fr\/#organization","name":"Ningbo Gastac Gas Spring Co.,Ltd","url":"https:\/\/www.gastac.com\/fr\/","logo":{"@type":"ImageObject","inLanguage":"fr-FR","@id":"https:\/\/www.gastac.com\/fr\/#\/schema\/logo\/image\/","url":"https:\/\/www.gastac.com\/wp-content\/uploads\/2025\/09\/LOGO\u672c\u8272-\u9ed1.webp","contentUrl":"https:\/\/www.gastac.com\/wp-content\/uploads\/2025\/09\/LOGO\u672c\u8272-\u9ed1.webp","width":1920,"height":1080,"caption":"Ningbo Gastac Gas Spring Co.,Ltd"},"image":{"@id":"https:\/\/www.gastac.com\/fr\/#\/schema\/logo\/image\/"},"sameAs":["https:\/\/www.facebook.com\/profile.php?id=100092358464608","https:\/\/www.youtube.com\/@Gastac-Gas-Spring","https:\/\/www.linkedin.com\/in\/gastac-gas-spring\/","https:\/\/www.instagram.com\/gastacgasspring\/"]}]}},"_links":{"self":[{"href":"https:\/\/www.gastac.com\/fr\/wp-json\/wp\/v2\/product\/22299","targetHints":{"allow":["GET"]}}],"collection":[{"href":"https:\/\/www.gastac.com\/fr\/wp-json\/wp\/v2\/product"}],"about":[{"href":"https:\/\/www.gastac.com\/fr\/wp-json\/wp\/v2\/types\/product"}],"replies":[{"embeddable":true,"href":"https:\/\/www.gastac.com\/fr\/wp-json\/wp\/v2\/comments?post=22299"}],"wp:featuredmedia":[{"embeddable":true,"href":"https:\/\/www.gastac.com\/fr\/wp-json\/wp\/v2\/media\/22301"}],"wp:attachment":[{"href":"https:\/\/www.gastac.com\/fr\/wp-json\/wp\/v2\/media?parent=22299"}],"wp:term":[{"taxonomy":"product_brand","embeddable":true,"href":"https:\/\/www.gastac.com\/fr\/wp-json\/wp\/v2\/product_brand?post=22299"},{"taxonomy":"product_cat","embeddable":true,"href":"https:\/\/www.gastac.com\/fr\/wp-json\/wp\/v2\/product_cat?post=22299"},{"taxonomy":"product_tag","embeddable":true,"href":"https:\/\/www.gastac.com\/fr\/wp-json\/wp\/v2\/product_tag?post=22299"}],"curies":[{"name":"wp","href":"https:\/\/api.w.org\/{rel}","templated":true}]}}