{"id":22290,"date":"2025-11-17T05:11:35","date_gmt":"2025-11-17T05:11:35","guid":{"rendered":"https:\/\/www.gastac.com\/?post_type=product&#038;p=22290"},"modified":"2025-11-17T05:11:36","modified_gmt":"2025-11-17T05:11:36","slug":"verin-porte-relevante-cuisine","status":"publish","type":"product","link":"https:\/\/www.gastac.com\/fr\/produit\/verin-porte-relevante-cuisine\/","title":{"rendered":"verin porte relevante cuisine"},"content":{"rendered":"<p><strong>verin porte relevante cuisine<\/strong><\/p>\n<p>Un verin porte relevante cuisine est un type de quincaillerie utilis\u00e9 pour aider \u00e0 soulever et \u00e0 supporter le poids des armoires, en particulier celles dont les portes s\u2019ouvrent vers le haut. Ce v\u00e9rin \u00e0 gaz pour porte relevante consiste g\u00e9n\u00e9ralement en une paire de supports gonflables qui sont mont\u00e9s de chaque c\u00f4t\u00e9 de l\u2019armoire, g\u00e9n\u00e9ralement attach\u00e9s au c\u00f4t\u00e9 ou \u00e0 l\u2019arri\u00e8re de l\u2019armoire et \u00e0 l\u2019int\u00e9rieur de la porte de l\u2019armoire.<br \/>\n<img class=\"lazyload\" decoding=\"async\" src=\"data:image\/gif;base64,R0lGODlhAQABAAAAACH5BAEKAAEALAAAAAABAAEAAAICTAEAOw==\" data-orig-src=\"https:\/\/www.gastac.com\/wp-content\/uploads\/2023\/08\/verin-porte-relevante-cuisine-0-400x400.jpg\" alt=\"verin porte relevante cuisine\" \/><img class=\"lazyload\" decoding=\"async\" src=\"data:image\/gif;base64,R0lGODlhAQABAAAAACH5BAEKAAEALAAAAAABAAEAAAICTAEAOw==\" data-orig-src=\"https:\/\/www.gastac.com\/wp-content\/uploads\/2023\/08\/verin-porte-relevante-cuisine-400x400.jpg\" alt=\"verin porte relevante cuisine\" \/><br \/>\nLe verin porte relevante cuisine permet de soulever et de soutenir la porte de l\u2019armoire lorsqu\u2019elle est ouverte, ce qui rend le contenu de l\u2019armoire plus accessible et r\u00e9duit le risque de fermeture accidentelle de la porte de l\u2019armoire. verin porte relevante cuisine<\/p>\n<p>G\u00e9n\u00e9ralement utilis\u00e9s dans les armoires de cuisine, ils peuvent \u00eatre install\u00e9s sur les armoires suspendues pour faciliter l\u2019acc\u00e8s aux articles qui y sont stock\u00e9s. Ils peuvent \u00e9galement \u00eatre utilis\u00e9s dans d\u2019autres types d\u2019armoires telles que celles utilis\u00e9es pour le stockage dans les garages, les ateliers ou les bureaux.<br \/>\n<img decoding=\"async\" class=\"lazyload \" src=\"data:image\/svg+xml,%3Csvg%20xmlns%3D%27http%3A%2F%2Fwww.w3.org%2F2000%2Fsvg%27%20width%3D%27302%27%20height%3D%27326%27%20viewBox%3D%270%200%20302%20326%27%3E%3Crect%20width%3D%27302%27%20height%3D%27326%27%20fill-opacity%3D%220%22%2F%3E%3C%2Fsvg%3E\" data-orig-src=\"https:\/\/www.gastac.com\/wp-content\/uploads\/2023\/08\/verin-porte-relevante-cuisine-77-371x400.jpg\" alt=\"verin porte relevante cuisine\" width=\"302\" height=\"326\" \/><img decoding=\"async\" class=\"lazyload \" src=\"data:image\/svg+xml,%3Csvg%20xmlns%3D%27http%3A%2F%2Fwww.w3.org%2F2000%2Fsvg%27%20width%3D%27326%27%20height%3D%27326%27%20viewBox%3D%270%200%20326%20326%27%3E%3Crect%20width%3D%27326%27%20height%3D%27326%27%20fill-opacity%3D%220%22%2F%3E%3C%2Fsvg%3E\" data-orig-src=\"https:\/\/www.gastac.com\/wp-content\/uploads\/2023\/08\/verin-porte-relevante-cuisine-8977.jpg\" alt=\"verin porte relevante cuisine\" width=\"326\" height=\"326\" \/><\/p>\n","protected":false},"excerpt":{"rendered":"<p>verin porte relevante cuisine Un verin porte relevante cuisine est un type de quincaillerie utilis\u00e9 pour aider \u00e0 soulever et  [&#8230;]<\/p>\n","protected":false},"featured_media":22297,"comment_status":"open","ping_status":"closed","template":"","meta":[],"product_brand":[],"product_cat":[108],"product_tag":[],"class_list":{"0":"post-22290","1":"product","2":"type-product","3":"status-publish","4":"has-post-thumbnail","6":"product_cat-non-categorise","8":"first","9":"instock","10":"shipping-taxable","11":"product-type-simple"},"yoast_head":"<!-- This site is optimized with the Yoast SEO Premium plugin v26.2 (Yoast SEO v27.4) - https:\/\/yoast.com\/product\/yoast-seo-premium-wordpress\/ -->\n<title>verin porte relevante cuisine | Gastac Gas Spring<\/title>\n<meta name=\"robots\" content=\"index, follow, max-snippet:-1, max-image-preview:large, max-video-preview:-1\" \/>\n<link rel=\"canonical\" href=\"https:\/\/www.gastac.com\/fr\/produit\/verin-porte-relevante-cuisine\/\" \/>\n<meta property=\"og:locale\" content=\"fr_FR\" \/>\n<meta property=\"og:type\" content=\"article\" \/>\n<meta property=\"og:title\" content=\"verin porte relevante cuisine\" \/>\n<meta property=\"og:description\" content=\"verin porte relevante cuisine Un verin porte relevante cuisine est un type de quincaillerie utilis\u00e9 pour aider \u00e0 soulever et [...]\" \/>\n<meta property=\"og:url\" content=\"https:\/\/www.gastac.com\/fr\/produit\/verin-porte-relevante-cuisine\/\" \/>\n<meta property=\"og:site_name\" content=\"Gastac Gas Spring\" \/>\n<meta property=\"article:publisher\" content=\"https:\/\/www.facebook.com\/profile.php?id=100092358464608\" \/>\n<meta property=\"article:modified_time\" content=\"2025-11-17T05:11:36+00:00\" \/>\n<meta property=\"og:image\" content=\"https:\/\/www.gastac.com\/wp-content\/uploads\/2025\/11\/\u0433\u0430\u0437\u043b\u0438\u0444\u0442-\u043c\u0435\u0431\u0435\u043b\u044c\u043d\u044b\u0439-60n-55-600x600-2.webp\" \/>\n\t<meta property=\"og:image:width\" content=\"600\" \/>\n\t<meta property=\"og:image:height\" content=\"600\" \/>\n\t<meta property=\"og:image:type\" content=\"image\/webp\" \/>\n<meta name=\"twitter:card\" content=\"summary_large_image\" \/>\n<meta name=\"twitter:label1\" content=\"Dur\u00e9e de lecture estim\u00e9e\" \/>\n\t<meta name=\"twitter:data1\" content=\"1 minute\" \/>\n<script type=\"application\/ld+json\" class=\"yoast-schema-graph\">{\"@context\":\"https:\\\/\\\/schema.org\",\"@graph\":[{\"@type\":\"WebPage\",\"@id\":\"https:\\\/\\\/www.gastac.com\\\/fr\\\/produit\\\/verin-porte-relevante-cuisine\\\/\",\"url\":\"https:\\\/\\\/www.gastac.com\\\/fr\\\/produit\\\/verin-porte-relevante-cuisine\\\/\",\"name\":\"verin porte relevante cuisine | Gastac Gas Spring\",\"isPartOf\":{\"@id\":\"https:\\\/\\\/www.gastac.com\\\/fr\\\/#website\"},\"primaryImageOfPage\":{\"@id\":\"https:\\\/\\\/www.gastac.com\\\/fr\\\/produit\\\/verin-porte-relevante-cuisine\\\/#primaryimage\"},\"image\":{\"@id\":\"https:\\\/\\\/www.gastac.com\\\/fr\\\/produit\\\/verin-porte-relevante-cuisine\\\/#primaryimage\"},\"thumbnailUrl\":\"https:\\\/\\\/www.gastac.com\\\/wp-content\\\/uploads\\\/2025\\\/11\\\/\u0433\u0430\u0437\u043b\u0438\u0444\u0442-\u043c\u0435\u0431\u0435\u043b\u044c\u043d\u044b\u0439-60n-55-600x600-2.webp\",\"datePublished\":\"2025-11-17T05:11:35+00:00\",\"dateModified\":\"2025-11-17T05:11:36+00:00\",\"breadcrumb\":{\"@id\":\"https:\\\/\\\/www.gastac.com\\\/fr\\\/produit\\\/verin-porte-relevante-cuisine\\\/#breadcrumb\"},\"inLanguage\":\"fr-FR\",\"potentialAction\":[{\"@type\":\"ReadAction\",\"target\":[\"https:\\\/\\\/www.gastac.com\\\/fr\\\/produit\\\/verin-porte-relevante-cuisine\\\/\"]}]},{\"@type\":\"ImageObject\",\"inLanguage\":\"fr-FR\",\"@id\":\"https:\\\/\\\/www.gastac.com\\\/fr\\\/produit\\\/verin-porte-relevante-cuisine\\\/#primaryimage\",\"url\":\"https:\\\/\\\/www.gastac.com\\\/wp-content\\\/uploads\\\/2025\\\/11\\\/\u0433\u0430\u0437\u043b\u0438\u0444\u0442-\u043c\u0435\u0431\u0435\u043b\u044c\u043d\u044b\u0439-60n-55-600x600-2.webp\",\"contentUrl\":\"https:\\\/\\\/www.gastac.com\\\/wp-content\\\/uploads\\\/2025\\\/11\\\/\u0433\u0430\u0437\u043b\u0438\u0444\u0442-\u043c\u0435\u0431\u0435\u043b\u044c\u043d\u044b\u0439-60n-55-600x600-2.webp\",\"width\":600,\"height\":600,\"caption\":\"\u0433\u0430\u0437\u043b\u0438\u0444\u0442 \u043c\u0435\u0431\u0435\u043b\u044c\u043d\u044b\u0439 60n 55 600x600\"},{\"@type\":\"BreadcrumbList\",\"@id\":\"https:\\\/\\\/www.gastac.com\\\/fr\\\/produit\\\/verin-porte-relevante-cuisine\\\/#breadcrumb\",\"itemListElement\":[{\"@type\":\"ListItem\",\"position\":1,\"name\":\"Home\",\"item\":\"https:\\\/\\\/www.gastac.com\\\/fr\\\/\"},{\"@type\":\"ListItem\",\"position\":2,\"name\":\"products\",\"item\":\"https:\\\/\\\/www.gastac.com\\\/fr\\\/products\\\/\"},{\"@type\":\"ListItem\",\"position\":3,\"name\":\"Non cat\u00e9goris\u00e9\",\"item\":\"https:\\\/\\\/www.gastac.com\\\/fr\\\/product-category\\\/non-categorise\\\/\"},{\"@type\":\"ListItem\",\"position\":4,\"name\":\"verin porte relevante cuisine\"}]},{\"@type\":\"WebSite\",\"@id\":\"https:\\\/\\\/www.gastac.com\\\/fr\\\/#website\",\"url\":\"https:\\\/\\\/www.gastac.com\\\/fr\\\/\",\"name\":\"Gastac Gas Spring\",\"description\":\"China\u2019s Leading Gas Springs &amp; Struts Manufacturer\",\"publisher\":{\"@id\":\"https:\\\/\\\/www.gastac.com\\\/fr\\\/#organization\"},\"potentialAction\":[{\"@type\":\"SearchAction\",\"target\":{\"@type\":\"EntryPoint\",\"urlTemplate\":\"https:\\\/\\\/www.gastac.com\\\/fr\\\/?s={search_term_string}\"},\"query-input\":{\"@type\":\"PropertyValueSpecification\",\"valueRequired\":true,\"valueName\":\"search_term_string\"}}],\"inLanguage\":\"fr-FR\"},{\"@type\":\"Organization\",\"@id\":\"https:\\\/\\\/www.gastac.com\\\/fr\\\/#organization\",\"name\":\"Ningbo Gastac Gas Spring Co.,Ltd\",\"url\":\"https:\\\/\\\/www.gastac.com\\\/fr\\\/\",\"logo\":{\"@type\":\"ImageObject\",\"inLanguage\":\"fr-FR\",\"@id\":\"https:\\\/\\\/www.gastac.com\\\/fr\\\/#\\\/schema\\\/logo\\\/image\\\/\",\"url\":\"https:\\\/\\\/www.gastac.com\\\/wp-content\\\/uploads\\\/2025\\\/09\\\/LOGO\u672c\u8272-\u9ed1.webp\",\"contentUrl\":\"https:\\\/\\\/www.gastac.com\\\/wp-content\\\/uploads\\\/2025\\\/09\\\/LOGO\u672c\u8272-\u9ed1.webp\",\"width\":1920,\"height\":1080,\"caption\":\"Ningbo Gastac Gas Spring Co.,Ltd\"},\"image\":{\"@id\":\"https:\\\/\\\/www.gastac.com\\\/fr\\\/#\\\/schema\\\/logo\\\/image\\\/\"},\"sameAs\":[\"https:\\\/\\\/www.facebook.com\\\/profile.php?id=100092358464608\",\"https:\\\/\\\/www.youtube.com\\\/@Gastac-Gas-Spring\",\"https:\\\/\\\/www.linkedin.com\\\/in\\\/gastac-gas-spring\\\/\",\"https:\\\/\\\/www.instagram.com\\\/gastacgasspring\\\/\"]}]}<\/script>\n<!-- \/ Yoast SEO Premium plugin. -->","yoast_head_json":{"title":"verin porte relevante cuisine | Gastac Gas Spring","robots":{"index":"index","follow":"follow","max-snippet":"max-snippet:-1","max-image-preview":"max-image-preview:large","max-video-preview":"max-video-preview:-1"},"canonical":"https:\/\/www.gastac.com\/fr\/produit\/verin-porte-relevante-cuisine\/","og_locale":"fr_FR","og_type":"article","og_title":"verin porte relevante cuisine","og_description":"verin porte relevante cuisine Un verin porte relevante cuisine est un type de quincaillerie utilis\u00e9 pour aider \u00e0 soulever et [...]","og_url":"https:\/\/www.gastac.com\/fr\/produit\/verin-porte-relevante-cuisine\/","og_site_name":"Gastac Gas Spring","article_publisher":"https:\/\/www.facebook.com\/profile.php?id=100092358464608","article_modified_time":"2025-11-17T05:11:36+00:00","og_image":[{"width":600,"height":600,"url":"https:\/\/www.gastac.com\/wp-content\/uploads\/2025\/11\/\u0433\u0430\u0437\u043b\u0438\u0444\u0442-\u043c\u0435\u0431\u0435\u043b\u044c\u043d\u044b\u0439-60n-55-600x600-2.webp","type":"image\/webp"}],"twitter_card":"summary_large_image","twitter_misc":{"Dur\u00e9e de lecture estim\u00e9e":"1 minute"},"schema":{"@context":"https:\/\/schema.org","@graph":[{"@type":"WebPage","@id":"https:\/\/www.gastac.com\/fr\/produit\/verin-porte-relevante-cuisine\/","url":"https:\/\/www.gastac.com\/fr\/produit\/verin-porte-relevante-cuisine\/","name":"verin porte relevante cuisine | Gastac Gas Spring","isPartOf":{"@id":"https:\/\/www.gastac.com\/fr\/#website"},"primaryImageOfPage":{"@id":"https:\/\/www.gastac.com\/fr\/produit\/verin-porte-relevante-cuisine\/#primaryimage"},"image":{"@id":"https:\/\/www.gastac.com\/fr\/produit\/verin-porte-relevante-cuisine\/#primaryimage"},"thumbnailUrl":"https:\/\/www.gastac.com\/wp-content\/uploads\/2025\/11\/\u0433\u0430\u0437\u043b\u0438\u0444\u0442-\u043c\u0435\u0431\u0435\u043b\u044c\u043d\u044b\u0439-60n-55-600x600-2.webp","datePublished":"2025-11-17T05:11:35+00:00","dateModified":"2025-11-17T05:11:36+00:00","breadcrumb":{"@id":"https:\/\/www.gastac.com\/fr\/produit\/verin-porte-relevante-cuisine\/#breadcrumb"},"inLanguage":"fr-FR","potentialAction":[{"@type":"ReadAction","target":["https:\/\/www.gastac.com\/fr\/produit\/verin-porte-relevante-cuisine\/"]}]},{"@type":"ImageObject","inLanguage":"fr-FR","@id":"https:\/\/www.gastac.com\/fr\/produit\/verin-porte-relevante-cuisine\/#primaryimage","url":"https:\/\/www.gastac.com\/wp-content\/uploads\/2025\/11\/\u0433\u0430\u0437\u043b\u0438\u0444\u0442-\u043c\u0435\u0431\u0435\u043b\u044c\u043d\u044b\u0439-60n-55-600x600-2.webp","contentUrl":"https:\/\/www.gastac.com\/wp-content\/uploads\/2025\/11\/\u0433\u0430\u0437\u043b\u0438\u0444\u0442-\u043c\u0435\u0431\u0435\u043b\u044c\u043d\u044b\u0439-60n-55-600x600-2.webp","width":600,"height":600,"caption":"\u0433\u0430\u0437\u043b\u0438\u0444\u0442 \u043c\u0435\u0431\u0435\u043b\u044c\u043d\u044b\u0439 60n 55 600x600"},{"@type":"BreadcrumbList","@id":"https:\/\/www.gastac.com\/fr\/produit\/verin-porte-relevante-cuisine\/#breadcrumb","itemListElement":[{"@type":"ListItem","position":1,"name":"Home","item":"https:\/\/www.gastac.com\/fr\/"},{"@type":"ListItem","position":2,"name":"products","item":"https:\/\/www.gastac.com\/fr\/products\/"},{"@type":"ListItem","position":3,"name":"Non cat\u00e9goris\u00e9","item":"https:\/\/www.gastac.com\/fr\/product-category\/non-categorise\/"},{"@type":"ListItem","position":4,"name":"verin porte relevante cuisine"}]},{"@type":"WebSite","@id":"https:\/\/www.gastac.com\/fr\/#website","url":"https:\/\/www.gastac.com\/fr\/","name":"Gastac Gas Spring","description":"China\u2019s Leading Gas Springs &amp; Struts Manufacturer","publisher":{"@id":"https:\/\/www.gastac.com\/fr\/#organization"},"potentialAction":[{"@type":"SearchAction","target":{"@type":"EntryPoint","urlTemplate":"https:\/\/www.gastac.com\/fr\/?s={search_term_string}"},"query-input":{"@type":"PropertyValueSpecification","valueRequired":true,"valueName":"search_term_string"}}],"inLanguage":"fr-FR"},{"@type":"Organization","@id":"https:\/\/www.gastac.com\/fr\/#organization","name":"Ningbo Gastac Gas Spring Co.,Ltd","url":"https:\/\/www.gastac.com\/fr\/","logo":{"@type":"ImageObject","inLanguage":"fr-FR","@id":"https:\/\/www.gastac.com\/fr\/#\/schema\/logo\/image\/","url":"https:\/\/www.gastac.com\/wp-content\/uploads\/2025\/09\/LOGO\u672c\u8272-\u9ed1.webp","contentUrl":"https:\/\/www.gastac.com\/wp-content\/uploads\/2025\/09\/LOGO\u672c\u8272-\u9ed1.webp","width":1920,"height":1080,"caption":"Ningbo Gastac Gas Spring Co.,Ltd"},"image":{"@id":"https:\/\/www.gastac.com\/fr\/#\/schema\/logo\/image\/"},"sameAs":["https:\/\/www.facebook.com\/profile.php?id=100092358464608","https:\/\/www.youtube.com\/@Gastac-Gas-Spring","https:\/\/www.linkedin.com\/in\/gastac-gas-spring\/","https:\/\/www.instagram.com\/gastacgasspring\/"]}]}},"_links":{"self":[{"href":"https:\/\/www.gastac.com\/fr\/wp-json\/wp\/v2\/product\/22290","targetHints":{"allow":["GET"]}}],"collection":[{"href":"https:\/\/www.gastac.com\/fr\/wp-json\/wp\/v2\/product"}],"about":[{"href":"https:\/\/www.gastac.com\/fr\/wp-json\/wp\/v2\/types\/product"}],"replies":[{"embeddable":true,"href":"https:\/\/www.gastac.com\/fr\/wp-json\/wp\/v2\/comments?post=22290"}],"wp:featuredmedia":[{"embeddable":true,"href":"https:\/\/www.gastac.com\/fr\/wp-json\/wp\/v2\/media\/22297"}],"wp:attachment":[{"href":"https:\/\/www.gastac.com\/fr\/wp-json\/wp\/v2\/media?parent=22290"}],"wp:term":[{"taxonomy":"product_brand","embeddable":true,"href":"https:\/\/www.gastac.com\/fr\/wp-json\/wp\/v2\/product_brand?post=22290"},{"taxonomy":"product_cat","embeddable":true,"href":"https:\/\/www.gastac.com\/fr\/wp-json\/wp\/v2\/product_cat?post=22290"},{"taxonomy":"product_tag","embeddable":true,"href":"https:\/\/www.gastac.com\/fr\/wp-json\/wp\/v2\/product_tag?post=22290"}],"curies":[{"name":"wp","href":"https:\/\/api.w.org\/{rel}","templated":true}]}}