{"id":22155,"date":"2025-11-17T03:30:27","date_gmt":"2025-11-17T03:30:27","guid":{"rendered":"https:\/\/www.gastac.com\/?post_type=product&#038;p=22155"},"modified":"2025-11-17T03:30:28","modified_gmt":"2025-11-17T03:30:28","slug":"verin-a-gaz-reglable","status":"publish","type":"product","link":"https:\/\/www.gastac.com\/fr\/produit\/verin-a-gaz-reglable\/","title":{"rendered":"V\u00e9rin \u00e0 gaz r\u00e9glable"},"content":{"rendered":"<p><strong>V\u00e9rin \u00e0 gaz r\u00e9glable<\/strong><\/p>\n<p>v\u00e9rin \u00e0 gaz r\u00e9glable\u00a0verrouillable est que sa tige peut \u00eatre verrouill\u00e9e \u00e0 tout moment de sa course \u2013 et y rester ind\u00e9finiment.<\/p>\n<p>Lorsque des forces consid\u00e9rables influencent les pi\u00e8ces de construction en mouvement, un verrouillage fiable est important. La tige de piston du ressort \u00e0 gaz de verrouillage peut \u00eatre ajust\u00e9e dans toutes les positions requises de toute la course en actionnant la goupille de d\u00e9verrouillage. En fonction des forces pr\u00e9sentes dans votre application, nous pouvons adapter votre ressort \u00e0 gaz de verrouillage pour diff\u00e9rentes limites de charge de mani\u00e8re raisonnable.<\/p>\n<p>Comment fonctionne un v\u00e9rin \u00e0 gaz avec blocage ?<\/p>\n<p>Le ressort \u00e0 gaz de verrouillage se compose d\u2019un tube de pression et d\u2019une tige de piston avec un piston ainsi qu\u2019une soupape qui est actionn\u00e9e via la goupille de d\u00e9verrouillage. Lorsque la soupape est ouverte, la force d\u2019extension aide l\u2019utilisateur \u00e0 ajuster son application en ce que le ressort \u00e0 gaz supporte une grande partie de la force de poids.<br \/>\n<img decoding=\"async\" class=\"lazyload \" src=\"data:image\/svg+xml,%3Csvg%20xmlns%3D%27http%3A%2F%2Fwww.w3.org%2F2000%2Fsvg%27%20width%3D%27351%27%20height%3D%27234%27%20viewBox%3D%270%200%20351%20234%27%3E%3Crect%20width%3D%27351%27%20height%3D%27234%27%20fill-opacity%3D%220%22%2F%3E%3C%2Fsvg%3E\" data-orig-src=\"https:\/\/gastac.com\/wp-content\/uploads\/2023\/08\/verin-a-gaz-avec-blocage.jpg\" alt=\"V\u00e9rin \u00e0 gaz r\u00e9glable\" width=\"351\" height=\"234\" \/><img decoding=\"async\" class=\"lazyload \" src=\"data:image\/svg+xml,%3Csvg%20xmlns%3D%27http%3A%2F%2Fwww.w3.org%2F2000%2Fsvg%27%20width%3D%27347%27%20height%3D%27231%27%20viewBox%3D%270%200%20347%20231%27%3E%3Crect%20width%3D%27347%27%20height%3D%27231%27%20fill-opacity%3D%220%22%2F%3E%3C%2Fsvg%3E\" data-orig-src=\"https:\/\/gastac.com\/wp-content\/uploads\/2023\/08\/verin-a-gaz-avec-blocage-2.jpg\" alt=\"V\u00e9rin \u00e0 gaz r\u00e9glable\" width=\"347\" height=\"231\" \/><\/p>\n<p><img decoding=\"async\" class=\"lazyload \" src=\"data:image\/svg+xml,%3Csvg%20xmlns%3D%27http%3A%2F%2Fwww.w3.org%2F2000%2Fsvg%27%20width%3D%27350%27%20height%3D%27233%27%20viewBox%3D%270%200%20350%20233%27%3E%3Crect%20width%3D%27350%27%20height%3D%27233%27%20fill-opacity%3D%220%22%2F%3E%3C%2Fsvg%3E\" data-orig-src=\"https:\/\/gastac.com\/wp-content\/uploads\/2023\/08\/verin-a-gaz-avec-blocage-4.jpg\" alt=\"V\u00e9rin \u00e0 gaz r\u00e9glable\" width=\"350\" height=\"233\" \/><img decoding=\"async\" class=\"lazyload \" src=\"data:image\/svg+xml,%3Csvg%20xmlns%3D%27http%3A%2F%2Fwww.w3.org%2F2000%2Fsvg%27%20width%3D%27345%27%20height%3D%27230%27%20viewBox%3D%270%200%20345%20230%27%3E%3Crect%20width%3D%27345%27%20height%3D%27230%27%20fill-opacity%3D%220%22%2F%3E%3C%2Fsvg%3E\" data-orig-src=\"https:\/\/gastac.com\/wp-content\/uploads\/2023\/08\/verin-a-gaz-avec-blocage-3.jpg\" alt=\"V\u00e9rin \u00e0 gaz r\u00e9glable\" width=\"345\" height=\"230\" \/><br \/>\nNous avons diff\u00e9rents embouts pour diff\u00e9rentes fonctions de verrouillage du ressort \u00e0 gaz, vous pouvez choisir l\u2019embout dont vous avez besoin.<\/p>\n<p>Dimensions d\u2019installation des ressorts \u00e0 gaz verrouillables<\/p>\n<p><img decoding=\"async\" class=\"lazyload aligncenter\" src=\"data:image\/gif;base64,R0lGODlhAQABAAAAACH5BAEKAAEALAAAAAABAAEAAAICTAEAOw==\" data-orig-src=\"https:\/\/gastac-com-591077.hostingersite.com\/wp-content\/uploads\/2023\/08\/verin-a-gaz-avec-blocage-5.jpg\" alt=\"V\u00e9rin \u00e0 gaz r\u00e9glable\" \/><br \/>\nQuelques ressorts \u00e0 gaz verrouillables<\/p>\n<table width=\"957\">\n<thead>\n<tr>\n<th align=\"left\">SPECIFICATION<\/th>\n<th align=\"left\">FORCE(N)<\/th>\n<th align=\"left\">STROKE(MM)<\/th>\n<th align=\"left\">C-C LENGTH(MM)<\/th>\n<th align=\"left\">CONNECTORS<\/th>\n<\/tr>\n<\/thead>\n<tbody>\n<tr>\n<td>JKQ10\/27-280-830-30~120N<\/td>\n<td>30~120<\/td>\n<td>280<\/td>\n<td>830<\/td>\n<td>E<\/td>\n<\/tr>\n<tr>\n<td>JKQ10\/27-290-850-30~120N<\/td>\n<td>30~120<\/td>\n<td>290<\/td>\n<td>850<\/td>\n<td>E<\/td>\n<\/tr>\n<tr>\n<td>JKQ10\/27-300-870-30~120N<\/td>\n<td>30~120<\/td>\n<td>300<\/td>\n<td>870<\/td>\n<td>E<\/td>\n<\/tr>\n<tr>\n<td>JKQ10\/27-350-970-30~120N<\/td>\n<td>30~120<\/td>\n<td>350<\/td>\n<td>970<\/td>\n<td>U<\/td>\n<\/tr>\n<tr>\n<td>JKQ10\/27-360-990-30~120N<\/td>\n<td>30~120<\/td>\n<td>360<\/td>\n<td>990<\/td>\n<td>U<\/td>\n<\/tr>\n<tr>\n<td>JKQ10\/27-380-1030-30~120N<\/td>\n<td>30~120<\/td>\n<td>380<\/td>\n<td>130<\/td>\n<td>U<\/td>\n<\/tr>\n<\/tbody>\n<\/table>\n<p><strong>Application de ressort \u00e0 gaz<\/strong><br \/>\n<img class=\"lazyload\" decoding=\"async\" src=\"data:image\/gif;base64,R0lGODlhAQABAAAAACH5BAEKAAEALAAAAAABAAEAAAICTAEAOw==\" data-orig-src=\"https:\/\/www.gastac.com\/wp-content\/uploads\/2023\/08\/verin-a-gaz-avec-blocage-6.jpg\" alt=\"V\u00e9rin \u00e0 gaz r\u00e9glable\" \/><img class=\"lazyload\" decoding=\"async\" src=\"data:image\/gif;base64,R0lGODlhAQABAAAAACH5BAEKAAEALAAAAAABAAEAAAICTAEAOw==\" data-orig-src=\"https:\/\/www.gastac.com\/wp-content\/uploads\/2023\/08\/verin-a-gaz-avec-blocage-7.jpg\" alt=\"V\u00e9rin \u00e0 gaz r\u00e9glable\" \/><img class=\"lazyload\" decoding=\"async\" src=\"data:image\/gif;base64,R0lGODlhAQABAAAAACH5BAEKAAEALAAAAAABAAEAAAICTAEAOw==\" data-orig-src=\"https:\/\/www.gastac.com\/wp-content\/uploads\/2023\/08\/verin-a-gaz-avec-blocage-8.jpg\" alt=\"V\u00e9rin \u00e0 gaz r\u00e9glable\" \/><img class=\"lazyload\" decoding=\"async\" src=\"data:image\/gif;base64,R0lGODlhAQABAAAAACH5BAEKAAEALAAAAAABAAEAAAICTAEAOw==\" data-orig-src=\"https:\/\/www.gastac.com\/wp-content\/uploads\/2023\/08\/verin-a-gaz-avec-blocage-9.jpg\" alt=\"V\u00e9rin \u00e0 gaz r\u00e9glable\" \/><\/p>\n","protected":false},"excerpt":{"rendered":"<p>V\u00e9rin \u00e0 gaz r\u00e9glable v\u00e9rin \u00e0 gaz r\u00e9glable\u00a0verrouillable est que sa tige peut \u00eatre verrouill\u00e9e \u00e0 tout moment de sa  [&#8230;]<\/p>\n","protected":false},"featured_media":22173,"comment_status":"open","ping_status":"closed","template":"","meta":[],"product_brand":[],"product_cat":[108],"product_tag":[],"class_list":{"0":"post-22155","1":"product","2":"type-product","3":"status-publish","4":"has-post-thumbnail","6":"product_cat-non-categorise","8":"first","9":"instock","10":"shipping-taxable","11":"product-type-simple"},"yoast_head":"<!-- This site is optimized with the Yoast SEO Premium plugin v26.2 (Yoast SEO v27.4) - https:\/\/yoast.com\/product\/yoast-seo-premium-wordpress\/ -->\n<title>V\u00e9rin \u00e0 gaz r\u00e9glable | Gastac Gas Spring<\/title>\n<meta name=\"robots\" content=\"index, follow, max-snippet:-1, max-image-preview:large, max-video-preview:-1\" \/>\n<link rel=\"canonical\" href=\"https:\/\/www.gastac.com\/fr\/produit\/verin-a-gaz-reglable\/\" \/>\n<meta property=\"og:locale\" content=\"fr_FR\" \/>\n<meta property=\"og:type\" content=\"article\" \/>\n<meta property=\"og:title\" content=\"V\u00e9rin \u00e0 gaz r\u00e9glable\" \/>\n<meta property=\"og:description\" content=\"V\u00e9rin \u00e0 gaz r\u00e9glable v\u00e9rin \u00e0 gaz r\u00e9glable\u00a0verrouillable est que sa tige peut \u00eatre verrouill\u00e9e \u00e0 tout moment de sa [...]\" \/>\n<meta property=\"og:url\" content=\"https:\/\/www.gastac.com\/fr\/produit\/verin-a-gaz-reglable\/\" \/>\n<meta property=\"og:site_name\" content=\"Gastac Gas Spring\" \/>\n<meta property=\"article:publisher\" content=\"https:\/\/www.facebook.com\/profile.php?id=100092358464608\" \/>\n<meta property=\"article:modified_time\" content=\"2025-11-17T03:30:28+00:00\" \/>\n<meta property=\"og:image\" content=\"https:\/\/www.gastac.com\/wp-content\/uploads\/2025\/11\/verin-a-gaz-reglable.webp\" \/>\n\t<meta property=\"og:image:width\" content=\"500\" \/>\n\t<meta property=\"og:image:height\" content=\"500\" \/>\n\t<meta property=\"og:image:type\" content=\"image\/webp\" \/>\n<meta name=\"twitter:card\" content=\"summary_large_image\" \/>\n<meta name=\"twitter:label1\" content=\"Dur\u00e9e de lecture estim\u00e9e\" \/>\n\t<meta name=\"twitter:data1\" content=\"1 minute\" \/>\n<script type=\"application\/ld+json\" class=\"yoast-schema-graph\">{\"@context\":\"https:\\\/\\\/schema.org\",\"@graph\":[{\"@type\":\"WebPage\",\"@id\":\"https:\\\/\\\/www.gastac.com\\\/fr\\\/produit\\\/verin-a-gaz-reglable\\\/\",\"url\":\"https:\\\/\\\/www.gastac.com\\\/fr\\\/produit\\\/verin-a-gaz-reglable\\\/\",\"name\":\"V\u00e9rin \u00e0 gaz r\u00e9glable | Gastac Gas Spring\",\"isPartOf\":{\"@id\":\"https:\\\/\\\/www.gastac.com\\\/fr\\\/#website\"},\"primaryImageOfPage\":{\"@id\":\"https:\\\/\\\/www.gastac.com\\\/fr\\\/produit\\\/verin-a-gaz-reglable\\\/#primaryimage\"},\"image\":{\"@id\":\"https:\\\/\\\/www.gastac.com\\\/fr\\\/produit\\\/verin-a-gaz-reglable\\\/#primaryimage\"},\"thumbnailUrl\":\"https:\\\/\\\/www.gastac.com\\\/wp-content\\\/uploads\\\/2025\\\/11\\\/verin-a-gaz-reglable.webp\",\"datePublished\":\"2025-11-17T03:30:27+00:00\",\"dateModified\":\"2025-11-17T03:30:28+00:00\",\"breadcrumb\":{\"@id\":\"https:\\\/\\\/www.gastac.com\\\/fr\\\/produit\\\/verin-a-gaz-reglable\\\/#breadcrumb\"},\"inLanguage\":\"fr-FR\",\"potentialAction\":[{\"@type\":\"ReadAction\",\"target\":[\"https:\\\/\\\/www.gastac.com\\\/fr\\\/produit\\\/verin-a-gaz-reglable\\\/\"]}]},{\"@type\":\"ImageObject\",\"inLanguage\":\"fr-FR\",\"@id\":\"https:\\\/\\\/www.gastac.com\\\/fr\\\/produit\\\/verin-a-gaz-reglable\\\/#primaryimage\",\"url\":\"https:\\\/\\\/www.gastac.com\\\/wp-content\\\/uploads\\\/2025\\\/11\\\/verin-a-gaz-reglable.webp\",\"contentUrl\":\"https:\\\/\\\/www.gastac.com\\\/wp-content\\\/uploads\\\/2025\\\/11\\\/verin-a-gaz-reglable.webp\",\"width\":500,\"height\":500,\"caption\":\"verin a gaz reglable\"},{\"@type\":\"BreadcrumbList\",\"@id\":\"https:\\\/\\\/www.gastac.com\\\/fr\\\/produit\\\/verin-a-gaz-reglable\\\/#breadcrumb\",\"itemListElement\":[{\"@type\":\"ListItem\",\"position\":1,\"name\":\"Home\",\"item\":\"https:\\\/\\\/www.gastac.com\\\/fr\\\/\"},{\"@type\":\"ListItem\",\"position\":2,\"name\":\"products\",\"item\":\"https:\\\/\\\/www.gastac.com\\\/fr\\\/products\\\/\"},{\"@type\":\"ListItem\",\"position\":3,\"name\":\"Non cat\u00e9goris\u00e9\",\"item\":\"https:\\\/\\\/www.gastac.com\\\/fr\\\/product-category\\\/non-categorise\\\/\"},{\"@type\":\"ListItem\",\"position\":4,\"name\":\"V\u00e9rin \u00e0 gaz r\u00e9glable\"}]},{\"@type\":\"WebSite\",\"@id\":\"https:\\\/\\\/www.gastac.com\\\/fr\\\/#website\",\"url\":\"https:\\\/\\\/www.gastac.com\\\/fr\\\/\",\"name\":\"Gastac Gas Spring\",\"description\":\"China\u2019s Leading Gas Springs &amp; Struts Manufacturer\",\"publisher\":{\"@id\":\"https:\\\/\\\/www.gastac.com\\\/fr\\\/#organization\"},\"potentialAction\":[{\"@type\":\"SearchAction\",\"target\":{\"@type\":\"EntryPoint\",\"urlTemplate\":\"https:\\\/\\\/www.gastac.com\\\/fr\\\/?s={search_term_string}\"},\"query-input\":{\"@type\":\"PropertyValueSpecification\",\"valueRequired\":true,\"valueName\":\"search_term_string\"}}],\"inLanguage\":\"fr-FR\"},{\"@type\":\"Organization\",\"@id\":\"https:\\\/\\\/www.gastac.com\\\/fr\\\/#organization\",\"name\":\"Ningbo Gastac Gas Spring Co.,Ltd\",\"url\":\"https:\\\/\\\/www.gastac.com\\\/fr\\\/\",\"logo\":{\"@type\":\"ImageObject\",\"inLanguage\":\"fr-FR\",\"@id\":\"https:\\\/\\\/www.gastac.com\\\/fr\\\/#\\\/schema\\\/logo\\\/image\\\/\",\"url\":\"https:\\\/\\\/www.gastac.com\\\/wp-content\\\/uploads\\\/2025\\\/09\\\/LOGO\u672c\u8272-\u9ed1.webp\",\"contentUrl\":\"https:\\\/\\\/www.gastac.com\\\/wp-content\\\/uploads\\\/2025\\\/09\\\/LOGO\u672c\u8272-\u9ed1.webp\",\"width\":1920,\"height\":1080,\"caption\":\"Ningbo Gastac Gas Spring Co.,Ltd\"},\"image\":{\"@id\":\"https:\\\/\\\/www.gastac.com\\\/fr\\\/#\\\/schema\\\/logo\\\/image\\\/\"},\"sameAs\":[\"https:\\\/\\\/www.facebook.com\\\/profile.php?id=100092358464608\",\"https:\\\/\\\/www.youtube.com\\\/@Gastac-Gas-Spring\",\"https:\\\/\\\/www.linkedin.com\\\/in\\\/gastac-gas-spring\\\/\",\"https:\\\/\\\/www.instagram.com\\\/gastacgasspring\\\/\"]}]}<\/script>\n<!-- \/ Yoast SEO Premium plugin. -->","yoast_head_json":{"title":"V\u00e9rin \u00e0 gaz r\u00e9glable | Gastac Gas Spring","robots":{"index":"index","follow":"follow","max-snippet":"max-snippet:-1","max-image-preview":"max-image-preview:large","max-video-preview":"max-video-preview:-1"},"canonical":"https:\/\/www.gastac.com\/fr\/produit\/verin-a-gaz-reglable\/","og_locale":"fr_FR","og_type":"article","og_title":"V\u00e9rin \u00e0 gaz r\u00e9glable","og_description":"V\u00e9rin \u00e0 gaz r\u00e9glable v\u00e9rin \u00e0 gaz r\u00e9glable\u00a0verrouillable est que sa tige peut \u00eatre verrouill\u00e9e \u00e0 tout moment de sa [...]","og_url":"https:\/\/www.gastac.com\/fr\/produit\/verin-a-gaz-reglable\/","og_site_name":"Gastac Gas Spring","article_publisher":"https:\/\/www.facebook.com\/profile.php?id=100092358464608","article_modified_time":"2025-11-17T03:30:28+00:00","og_image":[{"width":500,"height":500,"url":"https:\/\/www.gastac.com\/wp-content\/uploads\/2025\/11\/verin-a-gaz-reglable.webp","type":"image\/webp"}],"twitter_card":"summary_large_image","twitter_misc":{"Dur\u00e9e de lecture estim\u00e9e":"1 minute"},"schema":{"@context":"https:\/\/schema.org","@graph":[{"@type":"WebPage","@id":"https:\/\/www.gastac.com\/fr\/produit\/verin-a-gaz-reglable\/","url":"https:\/\/www.gastac.com\/fr\/produit\/verin-a-gaz-reglable\/","name":"V\u00e9rin \u00e0 gaz r\u00e9glable | Gastac Gas Spring","isPartOf":{"@id":"https:\/\/www.gastac.com\/fr\/#website"},"primaryImageOfPage":{"@id":"https:\/\/www.gastac.com\/fr\/produit\/verin-a-gaz-reglable\/#primaryimage"},"image":{"@id":"https:\/\/www.gastac.com\/fr\/produit\/verin-a-gaz-reglable\/#primaryimage"},"thumbnailUrl":"https:\/\/www.gastac.com\/wp-content\/uploads\/2025\/11\/verin-a-gaz-reglable.webp","datePublished":"2025-11-17T03:30:27+00:00","dateModified":"2025-11-17T03:30:28+00:00","breadcrumb":{"@id":"https:\/\/www.gastac.com\/fr\/produit\/verin-a-gaz-reglable\/#breadcrumb"},"inLanguage":"fr-FR","potentialAction":[{"@type":"ReadAction","target":["https:\/\/www.gastac.com\/fr\/produit\/verin-a-gaz-reglable\/"]}]},{"@type":"ImageObject","inLanguage":"fr-FR","@id":"https:\/\/www.gastac.com\/fr\/produit\/verin-a-gaz-reglable\/#primaryimage","url":"https:\/\/www.gastac.com\/wp-content\/uploads\/2025\/11\/verin-a-gaz-reglable.webp","contentUrl":"https:\/\/www.gastac.com\/wp-content\/uploads\/2025\/11\/verin-a-gaz-reglable.webp","width":500,"height":500,"caption":"verin a gaz reglable"},{"@type":"BreadcrumbList","@id":"https:\/\/www.gastac.com\/fr\/produit\/verin-a-gaz-reglable\/#breadcrumb","itemListElement":[{"@type":"ListItem","position":1,"name":"Home","item":"https:\/\/www.gastac.com\/fr\/"},{"@type":"ListItem","position":2,"name":"products","item":"https:\/\/www.gastac.com\/fr\/products\/"},{"@type":"ListItem","position":3,"name":"Non cat\u00e9goris\u00e9","item":"https:\/\/www.gastac.com\/fr\/product-category\/non-categorise\/"},{"@type":"ListItem","position":4,"name":"V\u00e9rin \u00e0 gaz r\u00e9glable"}]},{"@type":"WebSite","@id":"https:\/\/www.gastac.com\/fr\/#website","url":"https:\/\/www.gastac.com\/fr\/","name":"Gastac Gas Spring","description":"China\u2019s Leading Gas Springs &amp; Struts Manufacturer","publisher":{"@id":"https:\/\/www.gastac.com\/fr\/#organization"},"potentialAction":[{"@type":"SearchAction","target":{"@type":"EntryPoint","urlTemplate":"https:\/\/www.gastac.com\/fr\/?s={search_term_string}"},"query-input":{"@type":"PropertyValueSpecification","valueRequired":true,"valueName":"search_term_string"}}],"inLanguage":"fr-FR"},{"@type":"Organization","@id":"https:\/\/www.gastac.com\/fr\/#organization","name":"Ningbo Gastac Gas Spring Co.,Ltd","url":"https:\/\/www.gastac.com\/fr\/","logo":{"@type":"ImageObject","inLanguage":"fr-FR","@id":"https:\/\/www.gastac.com\/fr\/#\/schema\/logo\/image\/","url":"https:\/\/www.gastac.com\/wp-content\/uploads\/2025\/09\/LOGO\u672c\u8272-\u9ed1.webp","contentUrl":"https:\/\/www.gastac.com\/wp-content\/uploads\/2025\/09\/LOGO\u672c\u8272-\u9ed1.webp","width":1920,"height":1080,"caption":"Ningbo Gastac Gas Spring Co.,Ltd"},"image":{"@id":"https:\/\/www.gastac.com\/fr\/#\/schema\/logo\/image\/"},"sameAs":["https:\/\/www.facebook.com\/profile.php?id=100092358464608","https:\/\/www.youtube.com\/@Gastac-Gas-Spring","https:\/\/www.linkedin.com\/in\/gastac-gas-spring\/","https:\/\/www.instagram.com\/gastacgasspring\/"]}]}},"_links":{"self":[{"href":"https:\/\/www.gastac.com\/fr\/wp-json\/wp\/v2\/product\/22155","targetHints":{"allow":["GET"]}}],"collection":[{"href":"https:\/\/www.gastac.com\/fr\/wp-json\/wp\/v2\/product"}],"about":[{"href":"https:\/\/www.gastac.com\/fr\/wp-json\/wp\/v2\/types\/product"}],"replies":[{"embeddable":true,"href":"https:\/\/www.gastac.com\/fr\/wp-json\/wp\/v2\/comments?post=22155"}],"wp:featuredmedia":[{"embeddable":true,"href":"https:\/\/www.gastac.com\/fr\/wp-json\/wp\/v2\/media\/22173"}],"wp:attachment":[{"href":"https:\/\/www.gastac.com\/fr\/wp-json\/wp\/v2\/media?parent=22155"}],"wp:term":[{"taxonomy":"product_brand","embeddable":true,"href":"https:\/\/www.gastac.com\/fr\/wp-json\/wp\/v2\/product_brand?post=22155"},{"taxonomy":"product_cat","embeddable":true,"href":"https:\/\/www.gastac.com\/fr\/wp-json\/wp\/v2\/product_cat?post=22155"},{"taxonomy":"product_tag","embeddable":true,"href":"https:\/\/www.gastac.com\/fr\/wp-json\/wp\/v2\/product_tag?post=22155"}],"curies":[{"name":"wp","href":"https:\/\/api.w.org\/{rel}","templated":true}]}}