{"id":22120,"date":"2025-11-17T03:24:51","date_gmt":"2025-11-17T03:24:51","guid":{"rendered":"https:\/\/www.gastac.com\/?post_type=product&#038;p=22120"},"modified":"2025-11-17T03:24:52","modified_gmt":"2025-11-17T03:24:52","slug":"verin-gaz-reglable","status":"publish","type":"product","link":"https:\/\/www.gastac.com\/fr\/produit\/verin-gaz-reglable\/","title":{"rendered":"Verin gaz reglable"},"content":{"rendered":"<p><strong>Verin gaz reglable<\/strong><\/p>\n<p>Comme son nom l\u2019indique, ce type de v\u00e9rins \u00e0 gaz peut \u00eatre verrouill\u00e9 dans la position demand\u00e9e. Le verrouillage du v\u00e9rin \u00e0 gaz est possible gr\u00e2ce \u00e0 une valve int\u00e9gr\u00e9e qui s\u00e9pare la partie huile de la partie gaz.<\/p>\n<p>Le verrouillage du v\u00e9rin \u00e0 gaz est possible s\u00e9pare la partie huile de la partie verin gaz reglable\u00a0\u00e0 une vanne int\u00e9gr\u00e9e. La soupape est situ\u00e9e dans la partie huile de la jambe de force et peut bloquer le flux de gaz entre les deux c\u00f4t\u00e9s du piston.<\/p>\n<p>Vous pouvez r\u00e9gler le v\u00e9rin \u00e0 gaz blocable\u00a0bloqu\u00e9 de verrouillage, de sorte que votre v\u00e9rin \u00e0 gaz se verrouille exactement \u00e0 la position souhait\u00e9e. Les v\u00e9rin \u00e0 gaz bloqu\u00e9\u00a0verrouillables peuvent \u00eatre verrouill\u00e9s soit par tension, soit par pression.<\/p>\n<p>Lorsque la pression est sup\u00e9rieure \u00e0 la pression \u00e0 l\u2019int\u00e9rieur du piston, les v\u00e9rins \u00e0 gaz se d\u00e9placent dans cet \u00e9tat verrouill\u00e9. Mais lorsque le v\u00e9rin \u00e0 gaz n\u2019est pas verrouill\u00e9, il fonctionne de mani\u00e8re aussi fiable et fluide que les autres types de v\u00e9rins. Gr\u00e2ce \u00e0 la goupille de commande, il r\u00e8gle le verrouillage de la soupape \u00e0 l\u2019aide des travaux de soupape, qui s\u2019\u00e9tendent du piston \u00e0 travers la tige de piston, et c\u2019est tr\u00e8s simple.<\/p>\n<p>Gastac garantit que nos produits sont respectueux de l\u2019environnement et se distinguent par leur haute qualit\u00e9 et leur fiabilit\u00e9.<\/p>\n<p>Quelques ressorts \u00e0 gaz verrouillables<\/p>\n<table width=\"957\">\n<thead>\n<tr>\n<th align=\"left\">SPECIFICATION<\/th>\n<th align=\"left\">FORCE(N)<\/th>\n<th align=\"left\">STROKE(MM)<\/th>\n<th align=\"left\">C-C LENGTH(MM)<\/th>\n<th align=\"left\">CONNECTORS<\/th>\n<\/tr>\n<\/thead>\n<tbody>\n<tr>\n<td>JKQ10\/27-280-830-30~120N<\/td>\n<td>30~120<\/td>\n<td>280<\/td>\n<td>830<\/td>\n<td>E<\/td>\n<\/tr>\n<tr>\n<td>JKQ10\/27-290-850-30~120N<\/td>\n<td>30~120<\/td>\n<td>290<\/td>\n<td>850<\/td>\n<td>E<\/td>\n<\/tr>\n<tr>\n<td>JKQ10\/27-300-870-30~120N<\/td>\n<td>30~120<\/td>\n<td>300<\/td>\n<td>870<\/td>\n<td>E<\/td>\n<\/tr>\n<tr>\n<td>JKQ10\/27-350-970-30~120N<\/td>\n<td>30~120<\/td>\n<td>350<\/td>\n<td>970<\/td>\n<td>U<\/td>\n<\/tr>\n<tr>\n<td>JKQ10\/27-360-990-30~120N<\/td>\n<td>30~120<\/td>\n<td>360<\/td>\n<td>990<\/td>\n<td>U<\/td>\n<\/tr>\n<tr>\n<td>JKQ10\/27-380-1030-30~120N<\/td>\n<td>30~120<\/td>\n<td>380<\/td>\n<td>130<\/td>\n<td>U<\/td>\n<\/tr>\n<\/tbody>\n<\/table>\n<p><strong>Application de ressort \u00e0 gaz<\/strong><br \/>\n<img decoding=\"async\" class=\"lazyload \" src=\"data:image\/svg+xml,%3Csvg%20xmlns%3D%27http%3A%2F%2Fwww.w3.org%2F2000%2Fsvg%27%20width%3D%27224%27%20height%3D%27327%27%20viewBox%3D%270%200%20224%20327%27%3E%3Crect%20width%3D%27224%27%20height%3D%27327%27%20fill-opacity%3D%220%22%2F%3E%3C%2Fsvg%3E\" data-orig-src=\"https:\/\/gastac.com\/wp-content\/uploads\/2023\/08\/verin-a-gaz-bloque-3.jpg\" alt=\"Verin gaz reglable\" width=\"224\" height=\"327\" \/><img decoding=\"async\" class=\"lazyload \" src=\"data:image\/svg+xml,%3Csvg%20xmlns%3D%27http%3A%2F%2Fwww.w3.org%2F2000%2Fsvg%27%20width%3D%27606%27%20height%3D%27328%27%20viewBox%3D%270%200%20606%20328%27%3E%3Crect%20width%3D%27606%27%20height%3D%27328%27%20fill-opacity%3D%220%22%2F%3E%3C%2Fsvg%3E\" data-orig-src=\"https:\/\/www.gastac.com\/wp-content\/uploads\/2023\/08\/verin-a-gaz-bloque-4.png\" alt=\"Verin gaz reglable\" width=\"606\" height=\"328\" \/><\/p>\n","protected":false},"excerpt":{"rendered":"<p>Verin gaz reglable Comme son nom l\u2019indique, ce type de v\u00e9rins \u00e0 gaz peut \u00eatre verrouill\u00e9 dans la position demand\u00e9e.  [&#8230;]<\/p>\n","protected":false},"featured_media":22135,"comment_status":"open","ping_status":"closed","template":"","meta":[],"product_brand":[],"product_cat":[108],"product_tag":[],"class_list":{"0":"post-22120","1":"product","2":"type-product","3":"status-publish","4":"has-post-thumbnail","6":"product_cat-non-categorise","8":"first","9":"instock","10":"shipping-taxable","11":"product-type-simple"},"yoast_head":"<!-- This site is optimized with the Yoast SEO Premium plugin v26.2 (Yoast SEO v27.4) - https:\/\/yoast.com\/product\/yoast-seo-premium-wordpress\/ -->\n<title>Verin gaz reglable | Gastac Gas Spring<\/title>\n<meta name=\"robots\" content=\"index, follow, max-snippet:-1, max-image-preview:large, max-video-preview:-1\" \/>\n<link rel=\"canonical\" href=\"https:\/\/www.gastac.com\/fr\/produit\/verin-gaz-reglable\/\" \/>\n<meta property=\"og:locale\" content=\"fr_FR\" \/>\n<meta property=\"og:type\" content=\"article\" \/>\n<meta property=\"og:title\" content=\"Verin gaz reglable\" \/>\n<meta property=\"og:description\" content=\"Verin gaz reglable Comme son nom l\u2019indique, ce type de v\u00e9rins \u00e0 gaz peut \u00eatre verrouill\u00e9 dans la position demand\u00e9e. [...]\" \/>\n<meta property=\"og:url\" content=\"https:\/\/www.gastac.com\/fr\/produit\/verin-gaz-reglable\/\" \/>\n<meta property=\"og:site_name\" content=\"Gastac Gas Spring\" \/>\n<meta property=\"article:publisher\" content=\"https:\/\/www.facebook.com\/profile.php?id=100092358464608\" \/>\n<meta property=\"article:modified_time\" content=\"2025-11-17T03:24:52+00:00\" \/>\n<meta property=\"og:image\" content=\"https:\/\/www.gastac.com\/wp-content\/uploads\/2025\/11\/verin-gaz-reglable.webp\" \/>\n\t<meta property=\"og:image:width\" content=\"500\" \/>\n\t<meta property=\"og:image:height\" content=\"500\" \/>\n\t<meta property=\"og:image:type\" content=\"image\/webp\" \/>\n<meta name=\"twitter:card\" content=\"summary_large_image\" \/>\n<meta name=\"twitter:label1\" content=\"Dur\u00e9e de lecture estim\u00e9e\" \/>\n\t<meta name=\"twitter:data1\" content=\"1 minute\" \/>\n<script type=\"application\/ld+json\" class=\"yoast-schema-graph\">{\"@context\":\"https:\\\/\\\/schema.org\",\"@graph\":[{\"@type\":\"WebPage\",\"@id\":\"https:\\\/\\\/www.gastac.com\\\/fr\\\/produit\\\/verin-gaz-reglable\\\/\",\"url\":\"https:\\\/\\\/www.gastac.com\\\/fr\\\/produit\\\/verin-gaz-reglable\\\/\",\"name\":\"Verin gaz reglable | Gastac Gas Spring\",\"isPartOf\":{\"@id\":\"https:\\\/\\\/www.gastac.com\\\/fr\\\/#website\"},\"primaryImageOfPage\":{\"@id\":\"https:\\\/\\\/www.gastac.com\\\/fr\\\/produit\\\/verin-gaz-reglable\\\/#primaryimage\"},\"image\":{\"@id\":\"https:\\\/\\\/www.gastac.com\\\/fr\\\/produit\\\/verin-gaz-reglable\\\/#primaryimage\"},\"thumbnailUrl\":\"https:\\\/\\\/www.gastac.com\\\/wp-content\\\/uploads\\\/2025\\\/11\\\/verin-gaz-reglable.webp\",\"datePublished\":\"2025-11-17T03:24:51+00:00\",\"dateModified\":\"2025-11-17T03:24:52+00:00\",\"breadcrumb\":{\"@id\":\"https:\\\/\\\/www.gastac.com\\\/fr\\\/produit\\\/verin-gaz-reglable\\\/#breadcrumb\"},\"inLanguage\":\"fr-FR\",\"potentialAction\":[{\"@type\":\"ReadAction\",\"target\":[\"https:\\\/\\\/www.gastac.com\\\/fr\\\/produit\\\/verin-gaz-reglable\\\/\"]}]},{\"@type\":\"ImageObject\",\"inLanguage\":\"fr-FR\",\"@id\":\"https:\\\/\\\/www.gastac.com\\\/fr\\\/produit\\\/verin-gaz-reglable\\\/#primaryimage\",\"url\":\"https:\\\/\\\/www.gastac.com\\\/wp-content\\\/uploads\\\/2025\\\/11\\\/verin-gaz-reglable.webp\",\"contentUrl\":\"https:\\\/\\\/www.gastac.com\\\/wp-content\\\/uploads\\\/2025\\\/11\\\/verin-gaz-reglable.webp\",\"width\":500,\"height\":500,\"caption\":\"verin gaz reglable\"},{\"@type\":\"BreadcrumbList\",\"@id\":\"https:\\\/\\\/www.gastac.com\\\/fr\\\/produit\\\/verin-gaz-reglable\\\/#breadcrumb\",\"itemListElement\":[{\"@type\":\"ListItem\",\"position\":1,\"name\":\"Home\",\"item\":\"https:\\\/\\\/www.gastac.com\\\/fr\\\/\"},{\"@type\":\"ListItem\",\"position\":2,\"name\":\"products\",\"item\":\"https:\\\/\\\/www.gastac.com\\\/fr\\\/products\\\/\"},{\"@type\":\"ListItem\",\"position\":3,\"name\":\"Non cat\u00e9goris\u00e9\",\"item\":\"https:\\\/\\\/www.gastac.com\\\/fr\\\/product-category\\\/non-categorise\\\/\"},{\"@type\":\"ListItem\",\"position\":4,\"name\":\"Verin gaz reglable\"}]},{\"@type\":\"WebSite\",\"@id\":\"https:\\\/\\\/www.gastac.com\\\/fr\\\/#website\",\"url\":\"https:\\\/\\\/www.gastac.com\\\/fr\\\/\",\"name\":\"Gastac Gas Spring\",\"description\":\"China\u2019s Leading Gas Springs &amp; Struts Manufacturer\",\"publisher\":{\"@id\":\"https:\\\/\\\/www.gastac.com\\\/fr\\\/#organization\"},\"potentialAction\":[{\"@type\":\"SearchAction\",\"target\":{\"@type\":\"EntryPoint\",\"urlTemplate\":\"https:\\\/\\\/www.gastac.com\\\/fr\\\/?s={search_term_string}\"},\"query-input\":{\"@type\":\"PropertyValueSpecification\",\"valueRequired\":true,\"valueName\":\"search_term_string\"}}],\"inLanguage\":\"fr-FR\"},{\"@type\":\"Organization\",\"@id\":\"https:\\\/\\\/www.gastac.com\\\/fr\\\/#organization\",\"name\":\"Ningbo Gastac Gas Spring Co.,Ltd\",\"url\":\"https:\\\/\\\/www.gastac.com\\\/fr\\\/\",\"logo\":{\"@type\":\"ImageObject\",\"inLanguage\":\"fr-FR\",\"@id\":\"https:\\\/\\\/www.gastac.com\\\/fr\\\/#\\\/schema\\\/logo\\\/image\\\/\",\"url\":\"https:\\\/\\\/www.gastac.com\\\/wp-content\\\/uploads\\\/2025\\\/09\\\/LOGO\u672c\u8272-\u9ed1.webp\",\"contentUrl\":\"https:\\\/\\\/www.gastac.com\\\/wp-content\\\/uploads\\\/2025\\\/09\\\/LOGO\u672c\u8272-\u9ed1.webp\",\"width\":1920,\"height\":1080,\"caption\":\"Ningbo Gastac Gas Spring Co.,Ltd\"},\"image\":{\"@id\":\"https:\\\/\\\/www.gastac.com\\\/fr\\\/#\\\/schema\\\/logo\\\/image\\\/\"},\"sameAs\":[\"https:\\\/\\\/www.facebook.com\\\/profile.php?id=100092358464608\",\"https:\\\/\\\/www.youtube.com\\\/@Gastac-Gas-Spring\",\"https:\\\/\\\/www.linkedin.com\\\/in\\\/gastac-gas-spring\\\/\",\"https:\\\/\\\/www.instagram.com\\\/gastacgasspring\\\/\"]}]}<\/script>\n<!-- \/ Yoast SEO Premium plugin. -->","yoast_head_json":{"title":"Verin gaz reglable | Gastac Gas Spring","robots":{"index":"index","follow":"follow","max-snippet":"max-snippet:-1","max-image-preview":"max-image-preview:large","max-video-preview":"max-video-preview:-1"},"canonical":"https:\/\/www.gastac.com\/fr\/produit\/verin-gaz-reglable\/","og_locale":"fr_FR","og_type":"article","og_title":"Verin gaz reglable","og_description":"Verin gaz reglable Comme son nom l\u2019indique, ce type de v\u00e9rins \u00e0 gaz peut \u00eatre verrouill\u00e9 dans la position demand\u00e9e. [...]","og_url":"https:\/\/www.gastac.com\/fr\/produit\/verin-gaz-reglable\/","og_site_name":"Gastac Gas Spring","article_publisher":"https:\/\/www.facebook.com\/profile.php?id=100092358464608","article_modified_time":"2025-11-17T03:24:52+00:00","og_image":[{"width":500,"height":500,"url":"https:\/\/www.gastac.com\/wp-content\/uploads\/2025\/11\/verin-gaz-reglable.webp","type":"image\/webp"}],"twitter_card":"summary_large_image","twitter_misc":{"Dur\u00e9e de lecture estim\u00e9e":"1 minute"},"schema":{"@context":"https:\/\/schema.org","@graph":[{"@type":"WebPage","@id":"https:\/\/www.gastac.com\/fr\/produit\/verin-gaz-reglable\/","url":"https:\/\/www.gastac.com\/fr\/produit\/verin-gaz-reglable\/","name":"Verin gaz reglable | Gastac Gas Spring","isPartOf":{"@id":"https:\/\/www.gastac.com\/fr\/#website"},"primaryImageOfPage":{"@id":"https:\/\/www.gastac.com\/fr\/produit\/verin-gaz-reglable\/#primaryimage"},"image":{"@id":"https:\/\/www.gastac.com\/fr\/produit\/verin-gaz-reglable\/#primaryimage"},"thumbnailUrl":"https:\/\/www.gastac.com\/wp-content\/uploads\/2025\/11\/verin-gaz-reglable.webp","datePublished":"2025-11-17T03:24:51+00:00","dateModified":"2025-11-17T03:24:52+00:00","breadcrumb":{"@id":"https:\/\/www.gastac.com\/fr\/produit\/verin-gaz-reglable\/#breadcrumb"},"inLanguage":"fr-FR","potentialAction":[{"@type":"ReadAction","target":["https:\/\/www.gastac.com\/fr\/produit\/verin-gaz-reglable\/"]}]},{"@type":"ImageObject","inLanguage":"fr-FR","@id":"https:\/\/www.gastac.com\/fr\/produit\/verin-gaz-reglable\/#primaryimage","url":"https:\/\/www.gastac.com\/wp-content\/uploads\/2025\/11\/verin-gaz-reglable.webp","contentUrl":"https:\/\/www.gastac.com\/wp-content\/uploads\/2025\/11\/verin-gaz-reglable.webp","width":500,"height":500,"caption":"verin gaz reglable"},{"@type":"BreadcrumbList","@id":"https:\/\/www.gastac.com\/fr\/produit\/verin-gaz-reglable\/#breadcrumb","itemListElement":[{"@type":"ListItem","position":1,"name":"Home","item":"https:\/\/www.gastac.com\/fr\/"},{"@type":"ListItem","position":2,"name":"products","item":"https:\/\/www.gastac.com\/fr\/products\/"},{"@type":"ListItem","position":3,"name":"Non cat\u00e9goris\u00e9","item":"https:\/\/www.gastac.com\/fr\/product-category\/non-categorise\/"},{"@type":"ListItem","position":4,"name":"Verin gaz reglable"}]},{"@type":"WebSite","@id":"https:\/\/www.gastac.com\/fr\/#website","url":"https:\/\/www.gastac.com\/fr\/","name":"Gastac Gas Spring","description":"China\u2019s Leading Gas Springs &amp; Struts Manufacturer","publisher":{"@id":"https:\/\/www.gastac.com\/fr\/#organization"},"potentialAction":[{"@type":"SearchAction","target":{"@type":"EntryPoint","urlTemplate":"https:\/\/www.gastac.com\/fr\/?s={search_term_string}"},"query-input":{"@type":"PropertyValueSpecification","valueRequired":true,"valueName":"search_term_string"}}],"inLanguage":"fr-FR"},{"@type":"Organization","@id":"https:\/\/www.gastac.com\/fr\/#organization","name":"Ningbo Gastac Gas Spring Co.,Ltd","url":"https:\/\/www.gastac.com\/fr\/","logo":{"@type":"ImageObject","inLanguage":"fr-FR","@id":"https:\/\/www.gastac.com\/fr\/#\/schema\/logo\/image\/","url":"https:\/\/www.gastac.com\/wp-content\/uploads\/2025\/09\/LOGO\u672c\u8272-\u9ed1.webp","contentUrl":"https:\/\/www.gastac.com\/wp-content\/uploads\/2025\/09\/LOGO\u672c\u8272-\u9ed1.webp","width":1920,"height":1080,"caption":"Ningbo Gastac Gas Spring Co.,Ltd"},"image":{"@id":"https:\/\/www.gastac.com\/fr\/#\/schema\/logo\/image\/"},"sameAs":["https:\/\/www.facebook.com\/profile.php?id=100092358464608","https:\/\/www.youtube.com\/@Gastac-Gas-Spring","https:\/\/www.linkedin.com\/in\/gastac-gas-spring\/","https:\/\/www.instagram.com\/gastacgasspring\/"]}]}},"_links":{"self":[{"href":"https:\/\/www.gastac.com\/fr\/wp-json\/wp\/v2\/product\/22120","targetHints":{"allow":["GET"]}}],"collection":[{"href":"https:\/\/www.gastac.com\/fr\/wp-json\/wp\/v2\/product"}],"about":[{"href":"https:\/\/www.gastac.com\/fr\/wp-json\/wp\/v2\/types\/product"}],"replies":[{"embeddable":true,"href":"https:\/\/www.gastac.com\/fr\/wp-json\/wp\/v2\/comments?post=22120"}],"wp:featuredmedia":[{"embeddable":true,"href":"https:\/\/www.gastac.com\/fr\/wp-json\/wp\/v2\/media\/22135"}],"wp:attachment":[{"href":"https:\/\/www.gastac.com\/fr\/wp-json\/wp\/v2\/media?parent=22120"}],"wp:term":[{"taxonomy":"product_brand","embeddable":true,"href":"https:\/\/www.gastac.com\/fr\/wp-json\/wp\/v2\/product_brand?post=22120"},{"taxonomy":"product_cat","embeddable":true,"href":"https:\/\/www.gastac.com\/fr\/wp-json\/wp\/v2\/product_cat?post=22120"},{"taxonomy":"product_tag","embeddable":true,"href":"https:\/\/www.gastac.com\/fr\/wp-json\/wp\/v2\/product_tag?post=22120"}],"curies":[{"name":"wp","href":"https:\/\/api.w.org\/{rel}","templated":true}]}}