{"id":22083,"date":"2025-11-17T03:00:18","date_gmt":"2025-11-17T03:00:18","guid":{"rendered":"https:\/\/www.gastac.com\/?post_type=product&#038;p=22083"},"modified":"2025-11-17T03:00:19","modified_gmt":"2025-11-17T03:00:19","slug":"verins-a-gaz-pour-capots-et-panneaux","status":"publish","type":"product","link":"https:\/\/www.gastac.com\/fr\/produit\/verins-a-gaz-pour-capots-et-panneaux\/","title":{"rendered":"V\u00e9rins \u00e0 gaz pour capots et panneaux"},"content":{"rendered":"<p><strong>V\u00e9rins \u00e0 gaz pour capots et panneaux<\/strong><\/p>\n<p>V\u00e9rins \u00e0 gaz pour amortisseurs de capot Porsche Macan<\/p>\n<p>v\u00e9rins \u00e0 gaz pour capots Description :<\/p>\n<p>Les ressorts \u00e0 gaz sont des pi\u00e8ces d\u2019usure typiques des v\u00e9hicules automobiles, dont la d\u00e9faillance survient au plus tard apr\u00e8s 8 ans d\u2019utilisation. La cause en est la perte de pression dans l\u2019amortisseur \u00e0 gaz. Plus le mat\u00e9riau utilis\u00e9 et la pr\u00e9cision de fabrication des ressorts \u00e0 gaz sont bons, plus ils durent naturellement longtemps. Il est facile de comprendre qu\u2019en cas de surface rugueuse, l\u2019\u00e9tanch\u00e9it\u00e9 du ressort \u00e0 gaz \u00e9choue plus rapidement et qu\u2019une perte de pression se produit. C\u2019est pourquoi nous ne recommandons et ne commercialisons que des v\u00e9rins \u00e0 gaz de la plus haute qualit\u00e9. Les diff\u00e9rences de qualit\u00e9 se font parfois sentir au bout de plusieurs mois. Les ressorts \u00e0 gaz se distinguent en principe par leur longueur, leur course, le type de logement et la pression du gaz ou la force de rappel. Pour nos offres, nous nous sommes bas\u00e9s sur les sp\u00e9cifications de Porsche et avons s\u00e9lectionn\u00e9 pour vous les bons produits en fonction de l\u2019ann\u00e9e mod\u00e8le et de l\u2019\u00e9quipement. Il est en effet possible que, selon l\u2019\u00e9quipement (spoiler arri\u00e8re lourd ou essuie-glace arri\u00e8re), d\u2019autres ressorts \u00e0 gaz conviennent, mais qu\u2019une pression de gaz l\u00e9g\u00e8rement diff\u00e9rente soit n\u00e9cessaire \u00e0 l\u2019origine. Vous pouvez \u00eatre s\u00fbr d\u2019obtenir ici le bon amortisseur \u00e0 gaz pour votre Porsche.<br \/>\n<img decoding=\"async\" class=\"lazyload aligncenter\" src=\"data:image\/svg+xml,%3Csvg%20xmlns%3D%27http%3A%2F%2Fwww.w3.org%2F2000%2Fsvg%27%20width%3D%27576%27%20height%3D%27290%27%20viewBox%3D%270%200%20576%20290%27%3E%3Crect%20width%3D%27576%27%20height%3D%27290%27%20fill-opacity%3D%220%22%2F%3E%3C%2Fsvg%3E\" data-orig-src=\"https:\/\/www.gastac.com\/wp-content\/uploads\/2023\/08\/verins-a-gaz-pour-capots-et-panneaux-794x400.jpg\" alt=\"V\u00e9rins \u00e0 gaz pour capots et panneaux\" width=\"576\" height=\"290\" \/><br \/>\nInformations compl\u00e9mentaires :<\/p>\n<p>Force : 570 N<\/p>\n<p>longueur : 300 mm<\/p>\n<p>Course : 96,5 mm<\/p>\n<p><strong>Application de ressort \u00e0 gaz<\/strong><br \/>\n<img class=\"lazyload\" decoding=\"async\" src=\"data:image\/gif;base64,R0lGODlhAQABAAAAACH5BAEKAAEALAAAAAABAAEAAAICTAEAOw==\" data-orig-src=\"https:\/\/www.gastac.com\/wp-content\/uploads\/2023\/08\/verins-a-gaz-pour-capots-et-panneaux-3-382x400.jpg\" alt=\"V\u00e9rins \u00e0 gaz pour capots et panneaux\" \/><img class=\"lazyload\" decoding=\"async\" src=\"data:image\/gif;base64,R0lGODlhAQABAAAAACH5BAEKAAEALAAAAAABAAEAAAICTAEAOw==\" data-orig-src=\"https:\/\/www.gastac.com\/wp-content\/uploads\/2023\/08\/verins-a-gaz-pour-capots-et-panneaux-4-404x400.jpg\" alt=\"V\u00e9rins \u00e0 gaz pour capots et panneaux\" \/><\/p>\n","protected":false},"excerpt":{"rendered":"<p>V\u00e9rins \u00e0 gaz pour capots et panneaux V\u00e9rins \u00e0 gaz pour amortisseurs de capot Porsche Macan v\u00e9rins \u00e0 gaz pour  [&#8230;]<\/p>\n","protected":false},"featured_media":22091,"comment_status":"open","ping_status":"closed","template":"","meta":[],"product_brand":[],"product_cat":[108],"product_tag":[],"class_list":{"0":"post-22083","1":"product","2":"type-product","3":"status-publish","4":"has-post-thumbnail","6":"product_cat-non-categorise","8":"first","9":"instock","10":"shipping-taxable","11":"product-type-simple"},"yoast_head":"<!-- This site is optimized with the Yoast SEO Premium plugin v26.2 (Yoast SEO v27.4) - https:\/\/yoast.com\/product\/yoast-seo-premium-wordpress\/ -->\n<title>V\u00e9rins \u00e0 gaz pour capots et panneaux | Gastac Gas Spring<\/title>\n<meta name=\"robots\" content=\"index, follow, max-snippet:-1, max-image-preview:large, max-video-preview:-1\" \/>\n<link rel=\"canonical\" href=\"https:\/\/www.gastac.com\/fr\/produit\/verins-a-gaz-pour-capots-et-panneaux\/\" \/>\n<meta property=\"og:locale\" content=\"fr_FR\" \/>\n<meta property=\"og:type\" content=\"article\" \/>\n<meta property=\"og:title\" content=\"V\u00e9rins \u00e0 gaz pour capots et panneaux\" \/>\n<meta property=\"og:description\" content=\"V\u00e9rins \u00e0 gaz pour capots et panneaux V\u00e9rins \u00e0 gaz pour amortisseurs de capot Porsche Macan v\u00e9rins \u00e0 gaz pour [...]\" \/>\n<meta property=\"og:url\" content=\"https:\/\/www.gastac.com\/fr\/produit\/verins-a-gaz-pour-capots-et-panneaux\/\" \/>\n<meta property=\"og:site_name\" content=\"Gastac Gas Spring\" \/>\n<meta property=\"article:publisher\" content=\"https:\/\/www.facebook.com\/profile.php?id=100092358464608\" \/>\n<meta property=\"article:modified_time\" content=\"2025-11-17T03:00:19+00:00\" \/>\n<meta property=\"og:image\" content=\"https:\/\/www.gastac.com\/wp-content\/uploads\/2025\/11\/verins-a-gaz-pour-capots-et-panneaux-2.webp\" \/>\n\t<meta property=\"og:image:width\" content=\"600\" \/>\n\t<meta property=\"og:image:height\" content=\"600\" \/>\n\t<meta property=\"og:image:type\" content=\"image\/webp\" \/>\n<meta name=\"twitter:card\" content=\"summary_large_image\" \/>\n<meta name=\"twitter:label1\" content=\"Dur\u00e9e de lecture estim\u00e9e\" \/>\n\t<meta name=\"twitter:data1\" content=\"1 minute\" \/>\n<script type=\"application\/ld+json\" class=\"yoast-schema-graph\">{\"@context\":\"https:\\\/\\\/schema.org\",\"@graph\":[{\"@type\":\"WebPage\",\"@id\":\"https:\\\/\\\/www.gastac.com\\\/fr\\\/produit\\\/verins-a-gaz-pour-capots-et-panneaux\\\/\",\"url\":\"https:\\\/\\\/www.gastac.com\\\/fr\\\/produit\\\/verins-a-gaz-pour-capots-et-panneaux\\\/\",\"name\":\"V\u00e9rins \u00e0 gaz pour capots et panneaux | Gastac Gas Spring\",\"isPartOf\":{\"@id\":\"https:\\\/\\\/www.gastac.com\\\/fr\\\/#website\"},\"primaryImageOfPage\":{\"@id\":\"https:\\\/\\\/www.gastac.com\\\/fr\\\/produit\\\/verins-a-gaz-pour-capots-et-panneaux\\\/#primaryimage\"},\"image\":{\"@id\":\"https:\\\/\\\/www.gastac.com\\\/fr\\\/produit\\\/verins-a-gaz-pour-capots-et-panneaux\\\/#primaryimage\"},\"thumbnailUrl\":\"https:\\\/\\\/www.gastac.com\\\/wp-content\\\/uploads\\\/2025\\\/11\\\/verins-a-gaz-pour-capots-et-panneaux-2.webp\",\"datePublished\":\"2025-11-17T03:00:18+00:00\",\"dateModified\":\"2025-11-17T03:00:19+00:00\",\"breadcrumb\":{\"@id\":\"https:\\\/\\\/www.gastac.com\\\/fr\\\/produit\\\/verins-a-gaz-pour-capots-et-panneaux\\\/#breadcrumb\"},\"inLanguage\":\"fr-FR\",\"potentialAction\":[{\"@type\":\"ReadAction\",\"target\":[\"https:\\\/\\\/www.gastac.com\\\/fr\\\/produit\\\/verins-a-gaz-pour-capots-et-panneaux\\\/\"]}]},{\"@type\":\"ImageObject\",\"inLanguage\":\"fr-FR\",\"@id\":\"https:\\\/\\\/www.gastac.com\\\/fr\\\/produit\\\/verins-a-gaz-pour-capots-et-panneaux\\\/#primaryimage\",\"url\":\"https:\\\/\\\/www.gastac.com\\\/wp-content\\\/uploads\\\/2025\\\/11\\\/verins-a-gaz-pour-capots-et-panneaux-2.webp\",\"contentUrl\":\"https:\\\/\\\/www.gastac.com\\\/wp-content\\\/uploads\\\/2025\\\/11\\\/verins-a-gaz-pour-capots-et-panneaux-2.webp\",\"width\":600,\"height\":600,\"caption\":\"verins a gaz pour capots et panneaux 2\"},{\"@type\":\"BreadcrumbList\",\"@id\":\"https:\\\/\\\/www.gastac.com\\\/fr\\\/produit\\\/verins-a-gaz-pour-capots-et-panneaux\\\/#breadcrumb\",\"itemListElement\":[{\"@type\":\"ListItem\",\"position\":1,\"name\":\"Home\",\"item\":\"https:\\\/\\\/www.gastac.com\\\/fr\\\/\"},{\"@type\":\"ListItem\",\"position\":2,\"name\":\"products\",\"item\":\"https:\\\/\\\/www.gastac.com\\\/fr\\\/products\\\/\"},{\"@type\":\"ListItem\",\"position\":3,\"name\":\"Non cat\u00e9goris\u00e9\",\"item\":\"https:\\\/\\\/www.gastac.com\\\/fr\\\/product-category\\\/non-categorise\\\/\"},{\"@type\":\"ListItem\",\"position\":4,\"name\":\"V\u00e9rins \u00e0 gaz pour capots et panneaux\"}]},{\"@type\":\"WebSite\",\"@id\":\"https:\\\/\\\/www.gastac.com\\\/fr\\\/#website\",\"url\":\"https:\\\/\\\/www.gastac.com\\\/fr\\\/\",\"name\":\"Gastac Gas Spring\",\"description\":\"China\u2019s Leading Gas Springs &amp; Struts Manufacturer\",\"publisher\":{\"@id\":\"https:\\\/\\\/www.gastac.com\\\/fr\\\/#organization\"},\"potentialAction\":[{\"@type\":\"SearchAction\",\"target\":{\"@type\":\"EntryPoint\",\"urlTemplate\":\"https:\\\/\\\/www.gastac.com\\\/fr\\\/?s={search_term_string}\"},\"query-input\":{\"@type\":\"PropertyValueSpecification\",\"valueRequired\":true,\"valueName\":\"search_term_string\"}}],\"inLanguage\":\"fr-FR\"},{\"@type\":\"Organization\",\"@id\":\"https:\\\/\\\/www.gastac.com\\\/fr\\\/#organization\",\"name\":\"Ningbo Gastac Gas Spring Co.,Ltd\",\"url\":\"https:\\\/\\\/www.gastac.com\\\/fr\\\/\",\"logo\":{\"@type\":\"ImageObject\",\"inLanguage\":\"fr-FR\",\"@id\":\"https:\\\/\\\/www.gastac.com\\\/fr\\\/#\\\/schema\\\/logo\\\/image\\\/\",\"url\":\"https:\\\/\\\/www.gastac.com\\\/wp-content\\\/uploads\\\/2025\\\/09\\\/LOGO\u672c\u8272-\u9ed1.webp\",\"contentUrl\":\"https:\\\/\\\/www.gastac.com\\\/wp-content\\\/uploads\\\/2025\\\/09\\\/LOGO\u672c\u8272-\u9ed1.webp\",\"width\":1920,\"height\":1080,\"caption\":\"Ningbo Gastac Gas Spring Co.,Ltd\"},\"image\":{\"@id\":\"https:\\\/\\\/www.gastac.com\\\/fr\\\/#\\\/schema\\\/logo\\\/image\\\/\"},\"sameAs\":[\"https:\\\/\\\/www.facebook.com\\\/profile.php?id=100092358464608\",\"https:\\\/\\\/www.youtube.com\\\/@Gastac-Gas-Spring\",\"https:\\\/\\\/www.linkedin.com\\\/in\\\/gastac-gas-spring\\\/\",\"https:\\\/\\\/www.instagram.com\\\/gastacgasspring\\\/\"]}]}<\/script>\n<!-- \/ Yoast SEO Premium plugin. -->","yoast_head_json":{"title":"V\u00e9rins \u00e0 gaz pour capots et panneaux | Gastac Gas Spring","robots":{"index":"index","follow":"follow","max-snippet":"max-snippet:-1","max-image-preview":"max-image-preview:large","max-video-preview":"max-video-preview:-1"},"canonical":"https:\/\/www.gastac.com\/fr\/produit\/verins-a-gaz-pour-capots-et-panneaux\/","og_locale":"fr_FR","og_type":"article","og_title":"V\u00e9rins \u00e0 gaz pour capots et panneaux","og_description":"V\u00e9rins \u00e0 gaz pour capots et panneaux V\u00e9rins \u00e0 gaz pour amortisseurs de capot Porsche Macan v\u00e9rins \u00e0 gaz pour [...]","og_url":"https:\/\/www.gastac.com\/fr\/produit\/verins-a-gaz-pour-capots-et-panneaux\/","og_site_name":"Gastac Gas Spring","article_publisher":"https:\/\/www.facebook.com\/profile.php?id=100092358464608","article_modified_time":"2025-11-17T03:00:19+00:00","og_image":[{"width":600,"height":600,"url":"https:\/\/www.gastac.com\/wp-content\/uploads\/2025\/11\/verins-a-gaz-pour-capots-et-panneaux-2.webp","type":"image\/webp"}],"twitter_card":"summary_large_image","twitter_misc":{"Dur\u00e9e de lecture estim\u00e9e":"1 minute"},"schema":{"@context":"https:\/\/schema.org","@graph":[{"@type":"WebPage","@id":"https:\/\/www.gastac.com\/fr\/produit\/verins-a-gaz-pour-capots-et-panneaux\/","url":"https:\/\/www.gastac.com\/fr\/produit\/verins-a-gaz-pour-capots-et-panneaux\/","name":"V\u00e9rins \u00e0 gaz pour capots et panneaux | Gastac Gas Spring","isPartOf":{"@id":"https:\/\/www.gastac.com\/fr\/#website"},"primaryImageOfPage":{"@id":"https:\/\/www.gastac.com\/fr\/produit\/verins-a-gaz-pour-capots-et-panneaux\/#primaryimage"},"image":{"@id":"https:\/\/www.gastac.com\/fr\/produit\/verins-a-gaz-pour-capots-et-panneaux\/#primaryimage"},"thumbnailUrl":"https:\/\/www.gastac.com\/wp-content\/uploads\/2025\/11\/verins-a-gaz-pour-capots-et-panneaux-2.webp","datePublished":"2025-11-17T03:00:18+00:00","dateModified":"2025-11-17T03:00:19+00:00","breadcrumb":{"@id":"https:\/\/www.gastac.com\/fr\/produit\/verins-a-gaz-pour-capots-et-panneaux\/#breadcrumb"},"inLanguage":"fr-FR","potentialAction":[{"@type":"ReadAction","target":["https:\/\/www.gastac.com\/fr\/produit\/verins-a-gaz-pour-capots-et-panneaux\/"]}]},{"@type":"ImageObject","inLanguage":"fr-FR","@id":"https:\/\/www.gastac.com\/fr\/produit\/verins-a-gaz-pour-capots-et-panneaux\/#primaryimage","url":"https:\/\/www.gastac.com\/wp-content\/uploads\/2025\/11\/verins-a-gaz-pour-capots-et-panneaux-2.webp","contentUrl":"https:\/\/www.gastac.com\/wp-content\/uploads\/2025\/11\/verins-a-gaz-pour-capots-et-panneaux-2.webp","width":600,"height":600,"caption":"verins a gaz pour capots et panneaux 2"},{"@type":"BreadcrumbList","@id":"https:\/\/www.gastac.com\/fr\/produit\/verins-a-gaz-pour-capots-et-panneaux\/#breadcrumb","itemListElement":[{"@type":"ListItem","position":1,"name":"Home","item":"https:\/\/www.gastac.com\/fr\/"},{"@type":"ListItem","position":2,"name":"products","item":"https:\/\/www.gastac.com\/fr\/products\/"},{"@type":"ListItem","position":3,"name":"Non cat\u00e9goris\u00e9","item":"https:\/\/www.gastac.com\/fr\/product-category\/non-categorise\/"},{"@type":"ListItem","position":4,"name":"V\u00e9rins \u00e0 gaz pour capots et panneaux"}]},{"@type":"WebSite","@id":"https:\/\/www.gastac.com\/fr\/#website","url":"https:\/\/www.gastac.com\/fr\/","name":"Gastac Gas Spring","description":"China\u2019s Leading Gas Springs &amp; Struts Manufacturer","publisher":{"@id":"https:\/\/www.gastac.com\/fr\/#organization"},"potentialAction":[{"@type":"SearchAction","target":{"@type":"EntryPoint","urlTemplate":"https:\/\/www.gastac.com\/fr\/?s={search_term_string}"},"query-input":{"@type":"PropertyValueSpecification","valueRequired":true,"valueName":"search_term_string"}}],"inLanguage":"fr-FR"},{"@type":"Organization","@id":"https:\/\/www.gastac.com\/fr\/#organization","name":"Ningbo Gastac Gas Spring Co.,Ltd","url":"https:\/\/www.gastac.com\/fr\/","logo":{"@type":"ImageObject","inLanguage":"fr-FR","@id":"https:\/\/www.gastac.com\/fr\/#\/schema\/logo\/image\/","url":"https:\/\/www.gastac.com\/wp-content\/uploads\/2025\/09\/LOGO\u672c\u8272-\u9ed1.webp","contentUrl":"https:\/\/www.gastac.com\/wp-content\/uploads\/2025\/09\/LOGO\u672c\u8272-\u9ed1.webp","width":1920,"height":1080,"caption":"Ningbo Gastac Gas Spring Co.,Ltd"},"image":{"@id":"https:\/\/www.gastac.com\/fr\/#\/schema\/logo\/image\/"},"sameAs":["https:\/\/www.facebook.com\/profile.php?id=100092358464608","https:\/\/www.youtube.com\/@Gastac-Gas-Spring","https:\/\/www.linkedin.com\/in\/gastac-gas-spring\/","https:\/\/www.instagram.com\/gastacgasspring\/"]}]}},"_links":{"self":[{"href":"https:\/\/www.gastac.com\/fr\/wp-json\/wp\/v2\/product\/22083","targetHints":{"allow":["GET"]}}],"collection":[{"href":"https:\/\/www.gastac.com\/fr\/wp-json\/wp\/v2\/product"}],"about":[{"href":"https:\/\/www.gastac.com\/fr\/wp-json\/wp\/v2\/types\/product"}],"replies":[{"embeddable":true,"href":"https:\/\/www.gastac.com\/fr\/wp-json\/wp\/v2\/comments?post=22083"}],"wp:featuredmedia":[{"embeddable":true,"href":"https:\/\/www.gastac.com\/fr\/wp-json\/wp\/v2\/media\/22091"}],"wp:attachment":[{"href":"https:\/\/www.gastac.com\/fr\/wp-json\/wp\/v2\/media?parent=22083"}],"wp:term":[{"taxonomy":"product_brand","embeddable":true,"href":"https:\/\/www.gastac.com\/fr\/wp-json\/wp\/v2\/product_brand?post=22083"},{"taxonomy":"product_cat","embeddable":true,"href":"https:\/\/www.gastac.com\/fr\/wp-json\/wp\/v2\/product_cat?post=22083"},{"taxonomy":"product_tag","embeddable":true,"href":"https:\/\/www.gastac.com\/fr\/wp-json\/wp\/v2\/product_tag?post=22083"}],"curies":[{"name":"wp","href":"https:\/\/api.w.org\/{rel}","templated":true}]}}