{"id":22005,"date":"2025-11-17T00:33:10","date_gmt":"2025-11-17T00:33:10","guid":{"rendered":"https:\/\/www.gastac.com\/?post_type=product&#038;p=22005"},"modified":"2025-11-17T00:33:11","modified_gmt":"2025-11-17T00:33:11","slug":"compas-a-gaz","status":"publish","type":"product","link":"https:\/\/www.gastac.com\/fr\/produit\/compas-a-gaz\/","title":{"rendered":"compas \u00e0 gaz"},"content":{"rendered":"<p><strong>compas \u00e0 gaz<\/strong><\/p>\n<p>Un compas \u00e0 gaz, \u00e9galement connu sous le nom de support d\u2019air ou de support d\u2019air lift, est un dispositif m\u00e9canique qui utilise du gaz comprim\u00e9 pour assurer une ouverture et une fermeture r\u00e9guli\u00e8res et contr\u00f4l\u00e9es d\u2019une porte, d\u2019une armoire ou d\u2019un autre objet. Le compas \u00e0 gaz est g\u00e9n\u00e9ralement utilis\u00e9 dans des applications o\u00f9 une porte lourde ou encombrante doit \u00eatre ouverte et maintenue en place sans support suppl\u00e9mentaire.<br \/>\n<img class=\"lazyload\" decoding=\"async\" src=\"data:image\/gif;base64,R0lGODlhAQABAAAAACH5BAEKAAEALAAAAAABAAEAAAICTAEAOw==\" data-orig-src=\"https:\/\/www.gastac.com\/wp-content\/uploads\/2023\/08\/compas-a-gaz-400x400.jpg\" alt=\"compas \u00e0 gaz\" \/><img class=\"lazyload\" decoding=\"async\" src=\"data:image\/gif;base64,R0lGODlhAQABAAAAACH5BAEKAAEALAAAAAABAAEAAAICTAEAOw==\" data-orig-src=\"https:\/\/www.gastac.com\/wp-content\/uploads\/2023\/08\/compas-a-gaz-0-400x400.jpg\" alt=\"compas \u00e0 gaz\" \/><br \/>\nUn compas \u00e0 gaz\u00a0se compose g\u00e9n\u00e9ralement d\u2019un tube en acier rempli de gaz comprim\u00e9 et d\u2019un piston qui se d\u00e9place d\u2019avant en arri\u00e8re \u00e0 l\u2019int\u00e9rieur du tube. Le piston est reli\u00e9 \u00e0 une tige fix\u00e9e \u00e0 la porte ou \u00e0 l\u2019objet \u00e0 soutenir. Lorsque la porte est ouverte, un ressort \u00e0 gaz de traction situ\u00e9 \u00e0 l\u2019int\u00e9rieur du tube d\u2019acier se d\u00e9tend, fournissant une force de contrepoids pour supporter le poids de la porte. Lorsque la porte est ferm\u00e9e, le ressort \u00e0 gaz de levage flexible \u00e0 l\u2019int\u00e9rieur du tube d\u2019acier est comprim\u00e9, ce qui ralentit l\u2019action de fermeture et \u00e9vite les bruits de claquement.<\/p>\n<p>verin a gaz 80n\u00a0Le tube d\u2019acier \u00e0 gaz offre plusieurs avantages par rapport aux charni\u00e8res traditionnelles, notamment un fonctionnement plus souple, une installation plus facile et une r\u00e9duction de l\u2019usure de la porte et des charni\u00e8res.<\/p>\n","protected":false},"excerpt":{"rendered":"<p>compas \u00e0 gaz Un compas \u00e0 gaz, \u00e9galement connu sous le nom de support d\u2019air ou de support d\u2019air lift,  [&#8230;]<\/p>\n","protected":false},"featured_media":22008,"comment_status":"open","ping_status":"closed","template":"","meta":[],"product_brand":[],"product_cat":[108],"product_tag":[],"class_list":{"0":"post-22005","1":"product","2":"type-product","3":"status-publish","4":"has-post-thumbnail","6":"product_cat-non-categorise","8":"first","9":"instock","10":"shipping-taxable","11":"product-type-simple"},"yoast_head":"<!-- This site is optimized with the Yoast SEO Premium plugin v26.2 (Yoast SEO v27.4) - https:\/\/yoast.com\/product\/yoast-seo-premium-wordpress\/ -->\n<title>compas \u00e0 gaz | Gastac Gas Spring<\/title>\n<meta name=\"robots\" content=\"index, follow, max-snippet:-1, max-image-preview:large, max-video-preview:-1\" \/>\n<link rel=\"canonical\" href=\"https:\/\/www.gastac.com\/fr\/produit\/compas-a-gaz\/\" \/>\n<meta property=\"og:locale\" content=\"fr_FR\" \/>\n<meta property=\"og:type\" content=\"article\" \/>\n<meta property=\"og:title\" content=\"compas \u00e0 gaz\" \/>\n<meta property=\"og:description\" content=\"compas \u00e0 gaz Un compas \u00e0 gaz, \u00e9galement connu sous le nom de support d\u2019air ou de support d\u2019air lift, [...]\" \/>\n<meta property=\"og:url\" content=\"https:\/\/www.gastac.com\/fr\/produit\/compas-a-gaz\/\" \/>\n<meta property=\"og:site_name\" content=\"Gastac Gas Spring\" \/>\n<meta property=\"article:publisher\" content=\"https:\/\/www.facebook.com\/profile.php?id=100092358464608\" \/>\n<meta property=\"article:modified_time\" content=\"2025-11-17T00:33:11+00:00\" \/>\n<meta property=\"og:image\" content=\"https:\/\/www.gastac.com\/wp-content\/uploads\/2025\/11\/verin-a-gaz-80n-76.webp\" \/>\n\t<meta property=\"og:image:width\" content=\"600\" \/>\n\t<meta property=\"og:image:height\" content=\"600\" \/>\n\t<meta property=\"og:image:type\" content=\"image\/webp\" \/>\n<meta name=\"twitter:card\" content=\"summary_large_image\" \/>\n<meta name=\"twitter:label1\" content=\"Dur\u00e9e de lecture estim\u00e9e\" \/>\n\t<meta name=\"twitter:data1\" content=\"1 minute\" \/>\n<script type=\"application\/ld+json\" class=\"yoast-schema-graph\">{\"@context\":\"https:\\\/\\\/schema.org\",\"@graph\":[{\"@type\":\"WebPage\",\"@id\":\"https:\\\/\\\/www.gastac.com\\\/fr\\\/produit\\\/compas-a-gaz\\\/\",\"url\":\"https:\\\/\\\/www.gastac.com\\\/fr\\\/produit\\\/compas-a-gaz\\\/\",\"name\":\"compas \u00e0 gaz | Gastac Gas Spring\",\"isPartOf\":{\"@id\":\"https:\\\/\\\/www.gastac.com\\\/fr\\\/#website\"},\"primaryImageOfPage\":{\"@id\":\"https:\\\/\\\/www.gastac.com\\\/fr\\\/produit\\\/compas-a-gaz\\\/#primaryimage\"},\"image\":{\"@id\":\"https:\\\/\\\/www.gastac.com\\\/fr\\\/produit\\\/compas-a-gaz\\\/#primaryimage\"},\"thumbnailUrl\":\"https:\\\/\\\/www.gastac.com\\\/wp-content\\\/uploads\\\/2025\\\/11\\\/verin-a-gaz-80n-76.webp\",\"datePublished\":\"2025-11-17T00:33:10+00:00\",\"dateModified\":\"2025-11-17T00:33:11+00:00\",\"breadcrumb\":{\"@id\":\"https:\\\/\\\/www.gastac.com\\\/fr\\\/produit\\\/compas-a-gaz\\\/#breadcrumb\"},\"inLanguage\":\"fr-FR\",\"potentialAction\":[{\"@type\":\"ReadAction\",\"target\":[\"https:\\\/\\\/www.gastac.com\\\/fr\\\/produit\\\/compas-a-gaz\\\/\"]}]},{\"@type\":\"ImageObject\",\"inLanguage\":\"fr-FR\",\"@id\":\"https:\\\/\\\/www.gastac.com\\\/fr\\\/produit\\\/compas-a-gaz\\\/#primaryimage\",\"url\":\"https:\\\/\\\/www.gastac.com\\\/wp-content\\\/uploads\\\/2025\\\/11\\\/verin-a-gaz-80n-76.webp\",\"contentUrl\":\"https:\\\/\\\/www.gastac.com\\\/wp-content\\\/uploads\\\/2025\\\/11\\\/verin-a-gaz-80n-76.webp\",\"width\":600,\"height\":600,\"caption\":\"verin a gaz 80n 76\"},{\"@type\":\"BreadcrumbList\",\"@id\":\"https:\\\/\\\/www.gastac.com\\\/fr\\\/produit\\\/compas-a-gaz\\\/#breadcrumb\",\"itemListElement\":[{\"@type\":\"ListItem\",\"position\":1,\"name\":\"Home\",\"item\":\"https:\\\/\\\/www.gastac.com\\\/fr\\\/\"},{\"@type\":\"ListItem\",\"position\":2,\"name\":\"products\",\"item\":\"https:\\\/\\\/www.gastac.com\\\/fr\\\/products\\\/\"},{\"@type\":\"ListItem\",\"position\":3,\"name\":\"Non cat\u00e9goris\u00e9\",\"item\":\"https:\\\/\\\/www.gastac.com\\\/fr\\\/product-category\\\/non-categorise\\\/\"},{\"@type\":\"ListItem\",\"position\":4,\"name\":\"compas \u00e0 gaz\"}]},{\"@type\":\"WebSite\",\"@id\":\"https:\\\/\\\/www.gastac.com\\\/fr\\\/#website\",\"url\":\"https:\\\/\\\/www.gastac.com\\\/fr\\\/\",\"name\":\"Gastac Gas Spring\",\"description\":\"China\u2019s Leading Gas Springs &amp; Struts Manufacturer\",\"publisher\":{\"@id\":\"https:\\\/\\\/www.gastac.com\\\/fr\\\/#organization\"},\"potentialAction\":[{\"@type\":\"SearchAction\",\"target\":{\"@type\":\"EntryPoint\",\"urlTemplate\":\"https:\\\/\\\/www.gastac.com\\\/fr\\\/?s={search_term_string}\"},\"query-input\":{\"@type\":\"PropertyValueSpecification\",\"valueRequired\":true,\"valueName\":\"search_term_string\"}}],\"inLanguage\":\"fr-FR\"},{\"@type\":\"Organization\",\"@id\":\"https:\\\/\\\/www.gastac.com\\\/fr\\\/#organization\",\"name\":\"Ningbo Gastac Gas Spring Co.,Ltd\",\"url\":\"https:\\\/\\\/www.gastac.com\\\/fr\\\/\",\"logo\":{\"@type\":\"ImageObject\",\"inLanguage\":\"fr-FR\",\"@id\":\"https:\\\/\\\/www.gastac.com\\\/fr\\\/#\\\/schema\\\/logo\\\/image\\\/\",\"url\":\"https:\\\/\\\/www.gastac.com\\\/wp-content\\\/uploads\\\/2025\\\/09\\\/LOGO\u672c\u8272-\u9ed1.webp\",\"contentUrl\":\"https:\\\/\\\/www.gastac.com\\\/wp-content\\\/uploads\\\/2025\\\/09\\\/LOGO\u672c\u8272-\u9ed1.webp\",\"width\":1920,\"height\":1080,\"caption\":\"Ningbo Gastac Gas Spring Co.,Ltd\"},\"image\":{\"@id\":\"https:\\\/\\\/www.gastac.com\\\/fr\\\/#\\\/schema\\\/logo\\\/image\\\/\"},\"sameAs\":[\"https:\\\/\\\/www.facebook.com\\\/profile.php?id=100092358464608\",\"https:\\\/\\\/www.youtube.com\\\/@Gastac-Gas-Spring\",\"https:\\\/\\\/www.linkedin.com\\\/in\\\/gastac-gas-spring\\\/\",\"https:\\\/\\\/www.instagram.com\\\/gastacgasspring\\\/\"]}]}<\/script>\n<!-- \/ Yoast SEO Premium plugin. -->","yoast_head_json":{"title":"compas \u00e0 gaz | Gastac Gas Spring","robots":{"index":"index","follow":"follow","max-snippet":"max-snippet:-1","max-image-preview":"max-image-preview:large","max-video-preview":"max-video-preview:-1"},"canonical":"https:\/\/www.gastac.com\/fr\/produit\/compas-a-gaz\/","og_locale":"fr_FR","og_type":"article","og_title":"compas \u00e0 gaz","og_description":"compas \u00e0 gaz Un compas \u00e0 gaz, \u00e9galement connu sous le nom de support d\u2019air ou de support d\u2019air lift, [...]","og_url":"https:\/\/www.gastac.com\/fr\/produit\/compas-a-gaz\/","og_site_name":"Gastac Gas Spring","article_publisher":"https:\/\/www.facebook.com\/profile.php?id=100092358464608","article_modified_time":"2025-11-17T00:33:11+00:00","og_image":[{"width":600,"height":600,"url":"https:\/\/www.gastac.com\/wp-content\/uploads\/2025\/11\/verin-a-gaz-80n-76.webp","type":"image\/webp"}],"twitter_card":"summary_large_image","twitter_misc":{"Dur\u00e9e de lecture estim\u00e9e":"1 minute"},"schema":{"@context":"https:\/\/schema.org","@graph":[{"@type":"WebPage","@id":"https:\/\/www.gastac.com\/fr\/produit\/compas-a-gaz\/","url":"https:\/\/www.gastac.com\/fr\/produit\/compas-a-gaz\/","name":"compas \u00e0 gaz | Gastac Gas Spring","isPartOf":{"@id":"https:\/\/www.gastac.com\/fr\/#website"},"primaryImageOfPage":{"@id":"https:\/\/www.gastac.com\/fr\/produit\/compas-a-gaz\/#primaryimage"},"image":{"@id":"https:\/\/www.gastac.com\/fr\/produit\/compas-a-gaz\/#primaryimage"},"thumbnailUrl":"https:\/\/www.gastac.com\/wp-content\/uploads\/2025\/11\/verin-a-gaz-80n-76.webp","datePublished":"2025-11-17T00:33:10+00:00","dateModified":"2025-11-17T00:33:11+00:00","breadcrumb":{"@id":"https:\/\/www.gastac.com\/fr\/produit\/compas-a-gaz\/#breadcrumb"},"inLanguage":"fr-FR","potentialAction":[{"@type":"ReadAction","target":["https:\/\/www.gastac.com\/fr\/produit\/compas-a-gaz\/"]}]},{"@type":"ImageObject","inLanguage":"fr-FR","@id":"https:\/\/www.gastac.com\/fr\/produit\/compas-a-gaz\/#primaryimage","url":"https:\/\/www.gastac.com\/wp-content\/uploads\/2025\/11\/verin-a-gaz-80n-76.webp","contentUrl":"https:\/\/www.gastac.com\/wp-content\/uploads\/2025\/11\/verin-a-gaz-80n-76.webp","width":600,"height":600,"caption":"verin a gaz 80n 76"},{"@type":"BreadcrumbList","@id":"https:\/\/www.gastac.com\/fr\/produit\/compas-a-gaz\/#breadcrumb","itemListElement":[{"@type":"ListItem","position":1,"name":"Home","item":"https:\/\/www.gastac.com\/fr\/"},{"@type":"ListItem","position":2,"name":"products","item":"https:\/\/www.gastac.com\/fr\/products\/"},{"@type":"ListItem","position":3,"name":"Non cat\u00e9goris\u00e9","item":"https:\/\/www.gastac.com\/fr\/product-category\/non-categorise\/"},{"@type":"ListItem","position":4,"name":"compas \u00e0 gaz"}]},{"@type":"WebSite","@id":"https:\/\/www.gastac.com\/fr\/#website","url":"https:\/\/www.gastac.com\/fr\/","name":"Gastac Gas Spring","description":"China\u2019s Leading Gas Springs &amp; Struts Manufacturer","publisher":{"@id":"https:\/\/www.gastac.com\/fr\/#organization"},"potentialAction":[{"@type":"SearchAction","target":{"@type":"EntryPoint","urlTemplate":"https:\/\/www.gastac.com\/fr\/?s={search_term_string}"},"query-input":{"@type":"PropertyValueSpecification","valueRequired":true,"valueName":"search_term_string"}}],"inLanguage":"fr-FR"},{"@type":"Organization","@id":"https:\/\/www.gastac.com\/fr\/#organization","name":"Ningbo Gastac Gas Spring Co.,Ltd","url":"https:\/\/www.gastac.com\/fr\/","logo":{"@type":"ImageObject","inLanguage":"fr-FR","@id":"https:\/\/www.gastac.com\/fr\/#\/schema\/logo\/image\/","url":"https:\/\/www.gastac.com\/wp-content\/uploads\/2025\/09\/LOGO\u672c\u8272-\u9ed1.webp","contentUrl":"https:\/\/www.gastac.com\/wp-content\/uploads\/2025\/09\/LOGO\u672c\u8272-\u9ed1.webp","width":1920,"height":1080,"caption":"Ningbo Gastac Gas Spring Co.,Ltd"},"image":{"@id":"https:\/\/www.gastac.com\/fr\/#\/schema\/logo\/image\/"},"sameAs":["https:\/\/www.facebook.com\/profile.php?id=100092358464608","https:\/\/www.youtube.com\/@Gastac-Gas-Spring","https:\/\/www.linkedin.com\/in\/gastac-gas-spring\/","https:\/\/www.instagram.com\/gastacgasspring\/"]}]}},"_links":{"self":[{"href":"https:\/\/www.gastac.com\/fr\/wp-json\/wp\/v2\/product\/22005","targetHints":{"allow":["GET"]}}],"collection":[{"href":"https:\/\/www.gastac.com\/fr\/wp-json\/wp\/v2\/product"}],"about":[{"href":"https:\/\/www.gastac.com\/fr\/wp-json\/wp\/v2\/types\/product"}],"replies":[{"embeddable":true,"href":"https:\/\/www.gastac.com\/fr\/wp-json\/wp\/v2\/comments?post=22005"}],"wp:featuredmedia":[{"embeddable":true,"href":"https:\/\/www.gastac.com\/fr\/wp-json\/wp\/v2\/media\/22008"}],"wp:attachment":[{"href":"https:\/\/www.gastac.com\/fr\/wp-json\/wp\/v2\/media?parent=22005"}],"wp:term":[{"taxonomy":"product_brand","embeddable":true,"href":"https:\/\/www.gastac.com\/fr\/wp-json\/wp\/v2\/product_brand?post=22005"},{"taxonomy":"product_cat","embeddable":true,"href":"https:\/\/www.gastac.com\/fr\/wp-json\/wp\/v2\/product_cat?post=22005"},{"taxonomy":"product_tag","embeddable":true,"href":"https:\/\/www.gastac.com\/fr\/wp-json\/wp\/v2\/product_tag?post=22005"}],"curies":[{"name":"wp","href":"https:\/\/api.w.org\/{rel}","templated":true}]}}