{"id":21995,"date":"2025-11-16T07:59:46","date_gmt":"2025-11-16T07:59:46","guid":{"rendered":"https:\/\/www.gastac.com\/?post_type=product&#038;p=21995"},"modified":"2025-11-16T07:59:47","modified_gmt":"2025-11-16T07:59:47","slug":"petit-verin-a-gaz","status":"publish","type":"product","link":"https:\/\/www.gastac.com\/fr\/produit\/petit-verin-a-gaz\/","title":{"rendered":"petit v\u00e9rin \u00e0 gaz"},"content":{"rendered":"<p><strong>petit v\u00e9rin \u00e0 gaz<\/strong><\/p>\n<p>Un petit v\u00e9rin \u00e0 gaz\u00a0est un dispositif qui utilise un gaz comprim\u00e9, g\u00e9n\u00e9ralement de l\u2019azote, pour fournir une force qui peut \u00eatre utilis\u00e9e pour aider \u00e0 ouvrir ou \u00e0 fermer une vari\u00e9t\u00e9 d\u2019objets tels que des armoires, des portes et des couvercles. Le petit v\u00e9rin \u00e0 gaz est couramment utilis\u00e9 dans des applications o\u00f9 un mouvement contr\u00f4l\u00e9 est n\u00e9cessaire, telles que les capots de voiture et les compartiments \u00e0 bagages, l\u2019\u00e9quipement m\u00e9dical et la machinerie industrielle.<br \/>\n<img class=\"lazyload\" decoding=\"async\" src=\"data:image\/gif;base64,R0lGODlhAQABAAAAACH5BAEKAAEALAAAAAABAAEAAAICTAEAOw==\" data-orig-src=\"https:\/\/www.gastac.com\/wp-content\/uploads\/2023\/08\/petit-verin-a-gaz-567-280x280.jpg\" alt=\"petit v\u00e9rin \u00e0 gaz\" \/><img class=\"lazyload\" decoding=\"async\" src=\"data:image\/gif;base64,R0lGODlhAQABAAAAACH5BAEKAAEALAAAAAABAAEAAAICTAEAOw==\" data-orig-src=\"https:\/\/www.gastac.com\/wp-content\/uploads\/2023\/08\/petit-verin-a-gaz-768-280x280.jpg\" alt=\"petit v\u00e9rin \u00e0 gaz\" \/><br \/>\nLe\u00a0petit v\u00e9rin \u00e0 gaz se compose d\u2019un tube d\u2019acier rempli de gaz comprim\u00e9, d\u2019un piston qui se d\u00e9place \u00e0 l\u2019int\u00e9rieur du tube et d\u2019une tige qui part du piston. Lorsque le petit v\u00e9rin \u00e0 gaz est comprim\u00e9 ou \u00e9tir\u00e9, le gaz \u00e0 l\u2019int\u00e9rieur du tube d\u2019acier r\u00e9siste au mouvement, ce qui cr\u00e9e une force qui est utilis\u00e9e pour aider l\u2019objet \u00e0 se d\u00e9placer.<\/p>\n<p>Les petits v\u00e9rins \u00e0 gaz sont disponibles dans une vari\u00e9t\u00e9 de tailles et de capacit\u00e9s de charge pour r\u00e9pondre \u00e0 diff\u00e9rentes applications. Les petits v\u00e9rins \u00e0 gaz sont g\u00e9n\u00e9ralement fabriqu\u00e9s \u00e0 partir de mat\u00e9riaux tels que l\u2019acier inoxydable et ont une conception compacte qui leur permet d\u2019\u00eatre install\u00e9s dans des espaces restreints. Certains petits verins \u00e0 gaz sont \u00e9galement dot\u00e9s d\u2019une force r\u00e9glable, ce qui permet \u00e0 l\u2019utilisateur de personnaliser la force requise pour une application sp\u00e9cifique.<\/p>\n","protected":false},"excerpt":{"rendered":"<p>petit v\u00e9rin \u00e0 gaz Un petit v\u00e9rin \u00e0 gaz\u00a0est un dispositif qui utilise un gaz comprim\u00e9, g\u00e9n\u00e9ralement de l\u2019azote, pour  [&#8230;]<\/p>\n","protected":false},"featured_media":21998,"comment_status":"open","ping_status":"closed","template":"","meta":[],"product_brand":[],"product_cat":[108],"product_tag":[],"class_list":{"0":"post-21995","1":"product","2":"type-product","3":"status-publish","4":"has-post-thumbnail","6":"product_cat-non-categorise","8":"first","9":"instock","10":"shipping-taxable","11":"product-type-simple"},"yoast_head":"<!-- This site is optimized with the Yoast SEO Premium plugin v26.2 (Yoast SEO v27.4) - https:\/\/yoast.com\/product\/yoast-seo-premium-wordpress\/ -->\n<title>petit v\u00e9rin \u00e0 gaz | Gastac Gas Spring<\/title>\n<meta name=\"robots\" content=\"index, follow, max-snippet:-1, max-image-preview:large, max-video-preview:-1\" \/>\n<link rel=\"canonical\" href=\"https:\/\/www.gastac.com\/fr\/produit\/petit-verin-a-gaz\/\" \/>\n<meta property=\"og:locale\" content=\"fr_FR\" \/>\n<meta property=\"og:type\" content=\"article\" \/>\n<meta property=\"og:title\" content=\"petit v\u00e9rin \u00e0 gaz\" \/>\n<meta property=\"og:description\" content=\"petit v\u00e9rin \u00e0 gaz Un petit v\u00e9rin \u00e0 gaz\u00a0est un dispositif qui utilise un gaz comprim\u00e9, g\u00e9n\u00e9ralement de l\u2019azote, pour [...]\" \/>\n<meta property=\"og:url\" content=\"https:\/\/www.gastac.com\/fr\/produit\/petit-verin-a-gaz\/\" \/>\n<meta property=\"og:site_name\" content=\"Gastac Gas Spring\" \/>\n<meta property=\"article:publisher\" content=\"https:\/\/www.facebook.com\/profile.php?id=100092358464608\" \/>\n<meta property=\"article:modified_time\" content=\"2025-11-16T07:59:47+00:00\" \/>\n<meta property=\"og:image\" content=\"https:\/\/www.gastac.com\/wp-content\/uploads\/2025\/11\/petit-verin-a-gaz-99.webp\" \/>\n\t<meta property=\"og:image:width\" content=\"600\" \/>\n\t<meta property=\"og:image:height\" content=\"600\" \/>\n\t<meta property=\"og:image:type\" content=\"image\/webp\" \/>\n<meta name=\"twitter:card\" content=\"summary_large_image\" \/>\n<meta name=\"twitter:label1\" content=\"Dur\u00e9e de lecture estim\u00e9e\" \/>\n\t<meta name=\"twitter:data1\" content=\"1 minute\" \/>\n<script type=\"application\/ld+json\" class=\"yoast-schema-graph\">{\"@context\":\"https:\\\/\\\/schema.org\",\"@graph\":[{\"@type\":\"WebPage\",\"@id\":\"https:\\\/\\\/www.gastac.com\\\/fr\\\/produit\\\/petit-verin-a-gaz\\\/\",\"url\":\"https:\\\/\\\/www.gastac.com\\\/fr\\\/produit\\\/petit-verin-a-gaz\\\/\",\"name\":\"petit v\u00e9rin \u00e0 gaz | Gastac Gas Spring\",\"isPartOf\":{\"@id\":\"https:\\\/\\\/www.gastac.com\\\/fr\\\/#website\"},\"primaryImageOfPage\":{\"@id\":\"https:\\\/\\\/www.gastac.com\\\/fr\\\/produit\\\/petit-verin-a-gaz\\\/#primaryimage\"},\"image\":{\"@id\":\"https:\\\/\\\/www.gastac.com\\\/fr\\\/produit\\\/petit-verin-a-gaz\\\/#primaryimage\"},\"thumbnailUrl\":\"https:\\\/\\\/www.gastac.com\\\/wp-content\\\/uploads\\\/2025\\\/11\\\/petit-verin-a-gaz-99.webp\",\"datePublished\":\"2025-11-16T07:59:46+00:00\",\"dateModified\":\"2025-11-16T07:59:47+00:00\",\"breadcrumb\":{\"@id\":\"https:\\\/\\\/www.gastac.com\\\/fr\\\/produit\\\/petit-verin-a-gaz\\\/#breadcrumb\"},\"inLanguage\":\"fr-FR\",\"potentialAction\":[{\"@type\":\"ReadAction\",\"target\":[\"https:\\\/\\\/www.gastac.com\\\/fr\\\/produit\\\/petit-verin-a-gaz\\\/\"]}]},{\"@type\":\"ImageObject\",\"inLanguage\":\"fr-FR\",\"@id\":\"https:\\\/\\\/www.gastac.com\\\/fr\\\/produit\\\/petit-verin-a-gaz\\\/#primaryimage\",\"url\":\"https:\\\/\\\/www.gastac.com\\\/wp-content\\\/uploads\\\/2025\\\/11\\\/petit-verin-a-gaz-99.webp\",\"contentUrl\":\"https:\\\/\\\/www.gastac.com\\\/wp-content\\\/uploads\\\/2025\\\/11\\\/petit-verin-a-gaz-99.webp\",\"width\":600,\"height\":600,\"caption\":\"petit verin a gaz 99\"},{\"@type\":\"BreadcrumbList\",\"@id\":\"https:\\\/\\\/www.gastac.com\\\/fr\\\/produit\\\/petit-verin-a-gaz\\\/#breadcrumb\",\"itemListElement\":[{\"@type\":\"ListItem\",\"position\":1,\"name\":\"Home\",\"item\":\"https:\\\/\\\/www.gastac.com\\\/fr\\\/\"},{\"@type\":\"ListItem\",\"position\":2,\"name\":\"products\",\"item\":\"https:\\\/\\\/www.gastac.com\\\/fr\\\/products\\\/\"},{\"@type\":\"ListItem\",\"position\":3,\"name\":\"Non cat\u00e9goris\u00e9\",\"item\":\"https:\\\/\\\/www.gastac.com\\\/fr\\\/product-category\\\/non-categorise\\\/\"},{\"@type\":\"ListItem\",\"position\":4,\"name\":\"petit v\u00e9rin \u00e0 gaz\"}]},{\"@type\":\"WebSite\",\"@id\":\"https:\\\/\\\/www.gastac.com\\\/fr\\\/#website\",\"url\":\"https:\\\/\\\/www.gastac.com\\\/fr\\\/\",\"name\":\"Gastac Gas Spring\",\"description\":\"China\u2019s Leading Gas Springs &amp; Struts Manufacturer\",\"publisher\":{\"@id\":\"https:\\\/\\\/www.gastac.com\\\/fr\\\/#organization\"},\"potentialAction\":[{\"@type\":\"SearchAction\",\"target\":{\"@type\":\"EntryPoint\",\"urlTemplate\":\"https:\\\/\\\/www.gastac.com\\\/fr\\\/?s={search_term_string}\"},\"query-input\":{\"@type\":\"PropertyValueSpecification\",\"valueRequired\":true,\"valueName\":\"search_term_string\"}}],\"inLanguage\":\"fr-FR\"},{\"@type\":\"Organization\",\"@id\":\"https:\\\/\\\/www.gastac.com\\\/fr\\\/#organization\",\"name\":\"Ningbo Gastac Gas Spring Co.,Ltd\",\"url\":\"https:\\\/\\\/www.gastac.com\\\/fr\\\/\",\"logo\":{\"@type\":\"ImageObject\",\"inLanguage\":\"fr-FR\",\"@id\":\"https:\\\/\\\/www.gastac.com\\\/fr\\\/#\\\/schema\\\/logo\\\/image\\\/\",\"url\":\"https:\\\/\\\/www.gastac.com\\\/wp-content\\\/uploads\\\/2025\\\/09\\\/LOGO\u672c\u8272-\u9ed1.webp\",\"contentUrl\":\"https:\\\/\\\/www.gastac.com\\\/wp-content\\\/uploads\\\/2025\\\/09\\\/LOGO\u672c\u8272-\u9ed1.webp\",\"width\":1920,\"height\":1080,\"caption\":\"Ningbo Gastac Gas Spring Co.,Ltd\"},\"image\":{\"@id\":\"https:\\\/\\\/www.gastac.com\\\/fr\\\/#\\\/schema\\\/logo\\\/image\\\/\"},\"sameAs\":[\"https:\\\/\\\/www.facebook.com\\\/profile.php?id=100092358464608\",\"https:\\\/\\\/www.youtube.com\\\/@Gastac-Gas-Spring\",\"https:\\\/\\\/www.linkedin.com\\\/in\\\/gastac-gas-spring\\\/\",\"https:\\\/\\\/www.instagram.com\\\/gastacgasspring\\\/\"]}]}<\/script>\n<!-- \/ Yoast SEO Premium plugin. -->","yoast_head_json":{"title":"petit v\u00e9rin \u00e0 gaz | Gastac Gas Spring","robots":{"index":"index","follow":"follow","max-snippet":"max-snippet:-1","max-image-preview":"max-image-preview:large","max-video-preview":"max-video-preview:-1"},"canonical":"https:\/\/www.gastac.com\/fr\/produit\/petit-verin-a-gaz\/","og_locale":"fr_FR","og_type":"article","og_title":"petit v\u00e9rin \u00e0 gaz","og_description":"petit v\u00e9rin \u00e0 gaz Un petit v\u00e9rin \u00e0 gaz\u00a0est un dispositif qui utilise un gaz comprim\u00e9, g\u00e9n\u00e9ralement de l\u2019azote, pour [...]","og_url":"https:\/\/www.gastac.com\/fr\/produit\/petit-verin-a-gaz\/","og_site_name":"Gastac Gas Spring","article_publisher":"https:\/\/www.facebook.com\/profile.php?id=100092358464608","article_modified_time":"2025-11-16T07:59:47+00:00","og_image":[{"width":600,"height":600,"url":"https:\/\/www.gastac.com\/wp-content\/uploads\/2025\/11\/petit-verin-a-gaz-99.webp","type":"image\/webp"}],"twitter_card":"summary_large_image","twitter_misc":{"Dur\u00e9e de lecture estim\u00e9e":"1 minute"},"schema":{"@context":"https:\/\/schema.org","@graph":[{"@type":"WebPage","@id":"https:\/\/www.gastac.com\/fr\/produit\/petit-verin-a-gaz\/","url":"https:\/\/www.gastac.com\/fr\/produit\/petit-verin-a-gaz\/","name":"petit v\u00e9rin \u00e0 gaz | Gastac Gas Spring","isPartOf":{"@id":"https:\/\/www.gastac.com\/fr\/#website"},"primaryImageOfPage":{"@id":"https:\/\/www.gastac.com\/fr\/produit\/petit-verin-a-gaz\/#primaryimage"},"image":{"@id":"https:\/\/www.gastac.com\/fr\/produit\/petit-verin-a-gaz\/#primaryimage"},"thumbnailUrl":"https:\/\/www.gastac.com\/wp-content\/uploads\/2025\/11\/petit-verin-a-gaz-99.webp","datePublished":"2025-11-16T07:59:46+00:00","dateModified":"2025-11-16T07:59:47+00:00","breadcrumb":{"@id":"https:\/\/www.gastac.com\/fr\/produit\/petit-verin-a-gaz\/#breadcrumb"},"inLanguage":"fr-FR","potentialAction":[{"@type":"ReadAction","target":["https:\/\/www.gastac.com\/fr\/produit\/petit-verin-a-gaz\/"]}]},{"@type":"ImageObject","inLanguage":"fr-FR","@id":"https:\/\/www.gastac.com\/fr\/produit\/petit-verin-a-gaz\/#primaryimage","url":"https:\/\/www.gastac.com\/wp-content\/uploads\/2025\/11\/petit-verin-a-gaz-99.webp","contentUrl":"https:\/\/www.gastac.com\/wp-content\/uploads\/2025\/11\/petit-verin-a-gaz-99.webp","width":600,"height":600,"caption":"petit verin a gaz 99"},{"@type":"BreadcrumbList","@id":"https:\/\/www.gastac.com\/fr\/produit\/petit-verin-a-gaz\/#breadcrumb","itemListElement":[{"@type":"ListItem","position":1,"name":"Home","item":"https:\/\/www.gastac.com\/fr\/"},{"@type":"ListItem","position":2,"name":"products","item":"https:\/\/www.gastac.com\/fr\/products\/"},{"@type":"ListItem","position":3,"name":"Non cat\u00e9goris\u00e9","item":"https:\/\/www.gastac.com\/fr\/product-category\/non-categorise\/"},{"@type":"ListItem","position":4,"name":"petit v\u00e9rin \u00e0 gaz"}]},{"@type":"WebSite","@id":"https:\/\/www.gastac.com\/fr\/#website","url":"https:\/\/www.gastac.com\/fr\/","name":"Gastac Gas Spring","description":"China\u2019s Leading Gas Springs &amp; Struts Manufacturer","publisher":{"@id":"https:\/\/www.gastac.com\/fr\/#organization"},"potentialAction":[{"@type":"SearchAction","target":{"@type":"EntryPoint","urlTemplate":"https:\/\/www.gastac.com\/fr\/?s={search_term_string}"},"query-input":{"@type":"PropertyValueSpecification","valueRequired":true,"valueName":"search_term_string"}}],"inLanguage":"fr-FR"},{"@type":"Organization","@id":"https:\/\/www.gastac.com\/fr\/#organization","name":"Ningbo Gastac Gas Spring Co.,Ltd","url":"https:\/\/www.gastac.com\/fr\/","logo":{"@type":"ImageObject","inLanguage":"fr-FR","@id":"https:\/\/www.gastac.com\/fr\/#\/schema\/logo\/image\/","url":"https:\/\/www.gastac.com\/wp-content\/uploads\/2025\/09\/LOGO\u672c\u8272-\u9ed1.webp","contentUrl":"https:\/\/www.gastac.com\/wp-content\/uploads\/2025\/09\/LOGO\u672c\u8272-\u9ed1.webp","width":1920,"height":1080,"caption":"Ningbo Gastac Gas Spring Co.,Ltd"},"image":{"@id":"https:\/\/www.gastac.com\/fr\/#\/schema\/logo\/image\/"},"sameAs":["https:\/\/www.facebook.com\/profile.php?id=100092358464608","https:\/\/www.youtube.com\/@Gastac-Gas-Spring","https:\/\/www.linkedin.com\/in\/gastac-gas-spring\/","https:\/\/www.instagram.com\/gastacgasspring\/"]}]}},"_links":{"self":[{"href":"https:\/\/www.gastac.com\/fr\/wp-json\/wp\/v2\/product\/21995","targetHints":{"allow":["GET"]}}],"collection":[{"href":"https:\/\/www.gastac.com\/fr\/wp-json\/wp\/v2\/product"}],"about":[{"href":"https:\/\/www.gastac.com\/fr\/wp-json\/wp\/v2\/types\/product"}],"replies":[{"embeddable":true,"href":"https:\/\/www.gastac.com\/fr\/wp-json\/wp\/v2\/comments?post=21995"}],"wp:featuredmedia":[{"embeddable":true,"href":"https:\/\/www.gastac.com\/fr\/wp-json\/wp\/v2\/media\/21998"}],"wp:attachment":[{"href":"https:\/\/www.gastac.com\/fr\/wp-json\/wp\/v2\/media?parent=21995"}],"wp:term":[{"taxonomy":"product_brand","embeddable":true,"href":"https:\/\/www.gastac.com\/fr\/wp-json\/wp\/v2\/product_brand?post=21995"},{"taxonomy":"product_cat","embeddable":true,"href":"https:\/\/www.gastac.com\/fr\/wp-json\/wp\/v2\/product_cat?post=21995"},{"taxonomy":"product_tag","embeddable":true,"href":"https:\/\/www.gastac.com\/fr\/wp-json\/wp\/v2\/product_tag?post=21995"}],"curies":[{"name":"wp","href":"https:\/\/api.w.org\/{rel}","templated":true}]}}