{"id":21981,"date":"2025-11-16T07:45:45","date_gmt":"2025-11-16T07:45:45","guid":{"rendered":"https:\/\/www.gastac.com\/?post_type=product&#038;p=21981"},"modified":"2025-11-16T07:45:46","modified_gmt":"2025-11-16T07:45:46","slug":"actionneur-lineaire-rapide","status":"publish","type":"product","link":"https:\/\/www.gastac.com\/fr\/produit\/actionneur-lineaire-rapide\/","title":{"rendered":"Actionneur Lin\u00e9aire Rapide"},"content":{"rendered":"<p><strong>actionneur lin\u00e9aire rapide<\/strong><\/p>\n<p>L\u2019actionneur lin\u00e9aire rapide est un actionneur lin\u00e9aire motoris\u00e9 mont\u00e9 sur poteau, con\u00e7u d\u00e8s le d\u00e9part pour \u00eatre extr\u00eamement robuste et simple d\u2019utilisation. Apr\u00e8s une installation simple, il suffit de le raccorder \u00e0 l\u2019alimentation \u00e9lectrique pour le faire fonctionner.<br \/>\n<img decoding=\"async\" class=\"lazyload \" src=\"data:image\/svg+xml,%3Csvg%20xmlns%3D%27http%3A%2F%2Fwww.w3.org%2F2000%2Fsvg%27%20width%3D%27282%27%20height%3D%27282%27%20viewBox%3D%270%200%20282%20282%27%3E%3Crect%20width%3D%27282%27%20height%3D%27282%27%20fill-opacity%3D%220%22%2F%3E%3C%2Fsvg%3E\" data-orig-src=\"https:\/\/www.gastac.com\/wp-content\/uploads\/2023\/08\/actionneur-lineaire-electrique-rapide-768.jpg\" alt=\"actionneur lin\u00e9aire rapide \" width=\"282\" height=\"282\" \/><img decoding=\"async\" class=\"lazyload \" src=\"data:image\/svg+xml,%3Csvg%20xmlns%3D%27http%3A%2F%2Fwww.w3.org%2F2000%2Fsvg%27%20width%3D%27289%27%20height%3D%27289%27%20viewBox%3D%270%200%20289%20289%27%3E%3Crect%20width%3D%27289%27%20height%3D%27289%27%20fill-opacity%3D%220%22%2F%3E%3C%2Fsvg%3E\" data-orig-src=\"https:\/\/www.gastac.com\/wp-content\/uploads\/2023\/08\/actionneur-lineaire-electrique-rapide-868.png\" alt=\"actionneur lin\u00e9aire rapide \" width=\"289\" height=\"289\" \/><\/p>\n<p>Type : S\u00e9rie GTZT61<\/p>\n<p>Tension nominale (DCV) : DC24V<\/p>\n<p>IMAX (A) : \u22644A<\/p>\n<p>Vitesse \u00e0 vide (mm\/s) : 6-8, 8-11, 11-15, 15-18, 18-32<\/p>\n<p>Pouss\u00e9e (N) : 6000N<\/p>\n<p>Bruit \u00e0 vide (db) : \u226450dB(A)@500mm (bruit ambiant \u226437dB(A))<\/p>\n<p>Distance d\u2019installation minimale L\u2236S+160 mm<\/p>\n<p>Distance S\u223610\uff5e350mm<\/p>\n<p>Syst\u00e8me de fonctionnement : 10%, maximum 2 minutes\/18 minutes.<\/p>\n<p>Degr\u00e9 de protection : IP63<\/p>\n<p>Temp\u00e9rature ambiante : +5\u2103\uff5e+40<\/p>\n<p>L\u2019actionneur lin\u00e9aire haute vitesse 12v est l\u2019unit\u00e9 la plus rapide de notre gamme. Le bo\u00eetier de l\u2019arbre \u00e0 diam\u00e8tre ext\u00e9rieur plus petit et l\u2019actionneur constituent le dispositif id\u00e9al pour les applications o\u00f9 l\u2019espace est limit\u00e9. Les industries telles que l\u2019automobile, la robotique et la domotique peuvent b\u00e9n\u00e9ficier de la conception du moteur en ligne.<br \/>\n<img class=\"lazyload\" decoding=\"async\" src=\"data:image\/gif;base64,R0lGODlhAQABAAAAACH5BAEKAAEALAAAAAABAAEAAAICTAEAOw==\" data-orig-src=\"https:\/\/www.gastac.com\/wp-content\/uploads\/2023\/08\/actionneur-lineaire-electrique-rapide-0.jpg\" alt=\"actionneur lin\u00e9aire rapide \" \/><img class=\"lazyload\" decoding=\"async\" src=\"data:image\/gif;base64,R0lGODlhAQABAAAAACH5BAEKAAEALAAAAAABAAEAAAICTAEAOw==\" data-orig-src=\"https:\/\/www.gastac.com\/wp-content\/uploads\/2023\/08\/actuador-lineal-6000n-3123423-1.jpg\" alt=\"actionneur lin\u00e9aire rapide \" \/><\/p>\n","protected":false},"excerpt":{"rendered":"<p>actionneur lin\u00e9aire rapide L\u2019actionneur lin\u00e9aire rapide est un actionneur lin\u00e9aire motoris\u00e9 mont\u00e9 sur poteau, con\u00e7u d\u00e8s le d\u00e9part pour \u00eatre  [&#8230;]<\/p>\n","protected":false},"featured_media":21982,"comment_status":"open","ping_status":"closed","template":"","meta":[],"product_brand":[],"product_cat":[108],"product_tag":[],"class_list":{"0":"post-21981","1":"product","2":"type-product","3":"status-publish","4":"has-post-thumbnail","6":"product_cat-non-categorise","8":"first","9":"instock","10":"shipping-taxable","11":"product-type-simple"},"yoast_head":"<!-- This site is optimized with the Yoast SEO Premium plugin v26.2 (Yoast SEO v27.4) - https:\/\/yoast.com\/product\/yoast-seo-premium-wordpress\/ -->\n<title>Actionneur Lin\u00e9aire Rapide | Gastac Gas Spring<\/title>\n<meta name=\"robots\" content=\"index, follow, max-snippet:-1, max-image-preview:large, max-video-preview:-1\" \/>\n<link rel=\"canonical\" href=\"https:\/\/www.gastac.com\/fr\/produit\/actionneur-lineaire-rapide\/\" \/>\n<meta property=\"og:locale\" content=\"fr_FR\" \/>\n<meta property=\"og:type\" content=\"article\" \/>\n<meta property=\"og:title\" content=\"Actionneur Lin\u00e9aire Rapide\" \/>\n<meta property=\"og:description\" content=\"actionneur lin\u00e9aire rapide L\u2019actionneur lin\u00e9aire rapide est un actionneur lin\u00e9aire motoris\u00e9 mont\u00e9 sur poteau, con\u00e7u d\u00e8s le d\u00e9part pour \u00eatre [...]\" \/>\n<meta property=\"og:url\" content=\"https:\/\/www.gastac.com\/fr\/produit\/actionneur-lineaire-rapide\/\" \/>\n<meta property=\"og:site_name\" content=\"Gastac Gas Spring\" \/>\n<meta property=\"article:publisher\" content=\"https:\/\/www.facebook.com\/profile.php?id=100092358464608\" \/>\n<meta property=\"article:modified_time\" content=\"2025-11-16T07:45:46+00:00\" \/>\n<meta property=\"og:image\" content=\"https:\/\/www.gastac.com\/wp-content\/uploads\/2025\/11\/actionneur-lineaire-electrique-rapide-897-1.webp\" \/>\n\t<meta property=\"og:image:width\" content=\"600\" \/>\n\t<meta property=\"og:image:height\" content=\"600\" \/>\n\t<meta property=\"og:image:type\" content=\"image\/webp\" \/>\n<meta name=\"twitter:card\" content=\"summary_large_image\" \/>\n<meta name=\"twitter:label1\" content=\"Dur\u00e9e de lecture estim\u00e9e\" \/>\n\t<meta name=\"twitter:data1\" content=\"1 minute\" \/>\n<script type=\"application\/ld+json\" class=\"yoast-schema-graph\">{\"@context\":\"https:\\\/\\\/schema.org\",\"@graph\":[{\"@type\":\"WebPage\",\"@id\":\"https:\\\/\\\/www.gastac.com\\\/fr\\\/produit\\\/actionneur-lineaire-rapide\\\/\",\"url\":\"https:\\\/\\\/www.gastac.com\\\/fr\\\/produit\\\/actionneur-lineaire-rapide\\\/\",\"name\":\"Actionneur Lin\u00e9aire Rapide | Gastac Gas Spring\",\"isPartOf\":{\"@id\":\"https:\\\/\\\/www.gastac.com\\\/fr\\\/#website\"},\"primaryImageOfPage\":{\"@id\":\"https:\\\/\\\/www.gastac.com\\\/fr\\\/produit\\\/actionneur-lineaire-rapide\\\/#primaryimage\"},\"image\":{\"@id\":\"https:\\\/\\\/www.gastac.com\\\/fr\\\/produit\\\/actionneur-lineaire-rapide\\\/#primaryimage\"},\"thumbnailUrl\":\"https:\\\/\\\/www.gastac.com\\\/wp-content\\\/uploads\\\/2025\\\/11\\\/actionneur-lineaire-electrique-rapide-897-1.webp\",\"datePublished\":\"2025-11-16T07:45:45+00:00\",\"dateModified\":\"2025-11-16T07:45:46+00:00\",\"breadcrumb\":{\"@id\":\"https:\\\/\\\/www.gastac.com\\\/fr\\\/produit\\\/actionneur-lineaire-rapide\\\/#breadcrumb\"},\"inLanguage\":\"fr-FR\",\"potentialAction\":[{\"@type\":\"ReadAction\",\"target\":[\"https:\\\/\\\/www.gastac.com\\\/fr\\\/produit\\\/actionneur-lineaire-rapide\\\/\"]}]},{\"@type\":\"ImageObject\",\"inLanguage\":\"fr-FR\",\"@id\":\"https:\\\/\\\/www.gastac.com\\\/fr\\\/produit\\\/actionneur-lineaire-rapide\\\/#primaryimage\",\"url\":\"https:\\\/\\\/www.gastac.com\\\/wp-content\\\/uploads\\\/2025\\\/11\\\/actionneur-lineaire-electrique-rapide-897-1.webp\",\"contentUrl\":\"https:\\\/\\\/www.gastac.com\\\/wp-content\\\/uploads\\\/2025\\\/11\\\/actionneur-lineaire-electrique-rapide-897-1.webp\",\"width\":600,\"height\":600,\"caption\":\"actionneur lineaire electrique rapide 897 1\"},{\"@type\":\"BreadcrumbList\",\"@id\":\"https:\\\/\\\/www.gastac.com\\\/fr\\\/produit\\\/actionneur-lineaire-rapide\\\/#breadcrumb\",\"itemListElement\":[{\"@type\":\"ListItem\",\"position\":1,\"name\":\"Home\",\"item\":\"https:\\\/\\\/www.gastac.com\\\/fr\\\/\"},{\"@type\":\"ListItem\",\"position\":2,\"name\":\"products\",\"item\":\"https:\\\/\\\/www.gastac.com\\\/fr\\\/products\\\/\"},{\"@type\":\"ListItem\",\"position\":3,\"name\":\"Non cat\u00e9goris\u00e9\",\"item\":\"https:\\\/\\\/www.gastac.com\\\/fr\\\/product-category\\\/non-categorise\\\/\"},{\"@type\":\"ListItem\",\"position\":4,\"name\":\"Actionneur Lin\u00e9aire Rapide\"}]},{\"@type\":\"WebSite\",\"@id\":\"https:\\\/\\\/www.gastac.com\\\/fr\\\/#website\",\"url\":\"https:\\\/\\\/www.gastac.com\\\/fr\\\/\",\"name\":\"Gastac Gas Spring\",\"description\":\"China\u2019s Leading Gas Springs &amp; Struts Manufacturer\",\"publisher\":{\"@id\":\"https:\\\/\\\/www.gastac.com\\\/fr\\\/#organization\"},\"potentialAction\":[{\"@type\":\"SearchAction\",\"target\":{\"@type\":\"EntryPoint\",\"urlTemplate\":\"https:\\\/\\\/www.gastac.com\\\/fr\\\/?s={search_term_string}\"},\"query-input\":{\"@type\":\"PropertyValueSpecification\",\"valueRequired\":true,\"valueName\":\"search_term_string\"}}],\"inLanguage\":\"fr-FR\"},{\"@type\":\"Organization\",\"@id\":\"https:\\\/\\\/www.gastac.com\\\/fr\\\/#organization\",\"name\":\"Ningbo Gastac Gas Spring Co.,Ltd\",\"url\":\"https:\\\/\\\/www.gastac.com\\\/fr\\\/\",\"logo\":{\"@type\":\"ImageObject\",\"inLanguage\":\"fr-FR\",\"@id\":\"https:\\\/\\\/www.gastac.com\\\/fr\\\/#\\\/schema\\\/logo\\\/image\\\/\",\"url\":\"https:\\\/\\\/www.gastac.com\\\/wp-content\\\/uploads\\\/2025\\\/09\\\/LOGO\u672c\u8272-\u9ed1.webp\",\"contentUrl\":\"https:\\\/\\\/www.gastac.com\\\/wp-content\\\/uploads\\\/2025\\\/09\\\/LOGO\u672c\u8272-\u9ed1.webp\",\"width\":1920,\"height\":1080,\"caption\":\"Ningbo Gastac Gas Spring Co.,Ltd\"},\"image\":{\"@id\":\"https:\\\/\\\/www.gastac.com\\\/fr\\\/#\\\/schema\\\/logo\\\/image\\\/\"},\"sameAs\":[\"https:\\\/\\\/www.facebook.com\\\/profile.php?id=100092358464608\",\"https:\\\/\\\/www.youtube.com\\\/@Gastac-Gas-Spring\",\"https:\\\/\\\/www.linkedin.com\\\/in\\\/gastac-gas-spring\\\/\",\"https:\\\/\\\/www.instagram.com\\\/gastacgasspring\\\/\"]}]}<\/script>\n<!-- \/ Yoast SEO Premium plugin. -->","yoast_head_json":{"title":"Actionneur Lin\u00e9aire Rapide | Gastac Gas Spring","robots":{"index":"index","follow":"follow","max-snippet":"max-snippet:-1","max-image-preview":"max-image-preview:large","max-video-preview":"max-video-preview:-1"},"canonical":"https:\/\/www.gastac.com\/fr\/produit\/actionneur-lineaire-rapide\/","og_locale":"fr_FR","og_type":"article","og_title":"Actionneur Lin\u00e9aire Rapide","og_description":"actionneur lin\u00e9aire rapide L\u2019actionneur lin\u00e9aire rapide est un actionneur lin\u00e9aire motoris\u00e9 mont\u00e9 sur poteau, con\u00e7u d\u00e8s le d\u00e9part pour \u00eatre [...]","og_url":"https:\/\/www.gastac.com\/fr\/produit\/actionneur-lineaire-rapide\/","og_site_name":"Gastac Gas Spring","article_publisher":"https:\/\/www.facebook.com\/profile.php?id=100092358464608","article_modified_time":"2025-11-16T07:45:46+00:00","og_image":[{"width":600,"height":600,"url":"https:\/\/www.gastac.com\/wp-content\/uploads\/2025\/11\/actionneur-lineaire-electrique-rapide-897-1.webp","type":"image\/webp"}],"twitter_card":"summary_large_image","twitter_misc":{"Dur\u00e9e de lecture estim\u00e9e":"1 minute"},"schema":{"@context":"https:\/\/schema.org","@graph":[{"@type":"WebPage","@id":"https:\/\/www.gastac.com\/fr\/produit\/actionneur-lineaire-rapide\/","url":"https:\/\/www.gastac.com\/fr\/produit\/actionneur-lineaire-rapide\/","name":"Actionneur Lin\u00e9aire Rapide | Gastac Gas Spring","isPartOf":{"@id":"https:\/\/www.gastac.com\/fr\/#website"},"primaryImageOfPage":{"@id":"https:\/\/www.gastac.com\/fr\/produit\/actionneur-lineaire-rapide\/#primaryimage"},"image":{"@id":"https:\/\/www.gastac.com\/fr\/produit\/actionneur-lineaire-rapide\/#primaryimage"},"thumbnailUrl":"https:\/\/www.gastac.com\/wp-content\/uploads\/2025\/11\/actionneur-lineaire-electrique-rapide-897-1.webp","datePublished":"2025-11-16T07:45:45+00:00","dateModified":"2025-11-16T07:45:46+00:00","breadcrumb":{"@id":"https:\/\/www.gastac.com\/fr\/produit\/actionneur-lineaire-rapide\/#breadcrumb"},"inLanguage":"fr-FR","potentialAction":[{"@type":"ReadAction","target":["https:\/\/www.gastac.com\/fr\/produit\/actionneur-lineaire-rapide\/"]}]},{"@type":"ImageObject","inLanguage":"fr-FR","@id":"https:\/\/www.gastac.com\/fr\/produit\/actionneur-lineaire-rapide\/#primaryimage","url":"https:\/\/www.gastac.com\/wp-content\/uploads\/2025\/11\/actionneur-lineaire-electrique-rapide-897-1.webp","contentUrl":"https:\/\/www.gastac.com\/wp-content\/uploads\/2025\/11\/actionneur-lineaire-electrique-rapide-897-1.webp","width":600,"height":600,"caption":"actionneur lineaire electrique rapide 897 1"},{"@type":"BreadcrumbList","@id":"https:\/\/www.gastac.com\/fr\/produit\/actionneur-lineaire-rapide\/#breadcrumb","itemListElement":[{"@type":"ListItem","position":1,"name":"Home","item":"https:\/\/www.gastac.com\/fr\/"},{"@type":"ListItem","position":2,"name":"products","item":"https:\/\/www.gastac.com\/fr\/products\/"},{"@type":"ListItem","position":3,"name":"Non cat\u00e9goris\u00e9","item":"https:\/\/www.gastac.com\/fr\/product-category\/non-categorise\/"},{"@type":"ListItem","position":4,"name":"Actionneur Lin\u00e9aire Rapide"}]},{"@type":"WebSite","@id":"https:\/\/www.gastac.com\/fr\/#website","url":"https:\/\/www.gastac.com\/fr\/","name":"Gastac Gas Spring","description":"China\u2019s Leading Gas Springs &amp; Struts Manufacturer","publisher":{"@id":"https:\/\/www.gastac.com\/fr\/#organization"},"potentialAction":[{"@type":"SearchAction","target":{"@type":"EntryPoint","urlTemplate":"https:\/\/www.gastac.com\/fr\/?s={search_term_string}"},"query-input":{"@type":"PropertyValueSpecification","valueRequired":true,"valueName":"search_term_string"}}],"inLanguage":"fr-FR"},{"@type":"Organization","@id":"https:\/\/www.gastac.com\/fr\/#organization","name":"Ningbo Gastac Gas Spring Co.,Ltd","url":"https:\/\/www.gastac.com\/fr\/","logo":{"@type":"ImageObject","inLanguage":"fr-FR","@id":"https:\/\/www.gastac.com\/fr\/#\/schema\/logo\/image\/","url":"https:\/\/www.gastac.com\/wp-content\/uploads\/2025\/09\/LOGO\u672c\u8272-\u9ed1.webp","contentUrl":"https:\/\/www.gastac.com\/wp-content\/uploads\/2025\/09\/LOGO\u672c\u8272-\u9ed1.webp","width":1920,"height":1080,"caption":"Ningbo Gastac Gas Spring Co.,Ltd"},"image":{"@id":"https:\/\/www.gastac.com\/fr\/#\/schema\/logo\/image\/"},"sameAs":["https:\/\/www.facebook.com\/profile.php?id=100092358464608","https:\/\/www.youtube.com\/@Gastac-Gas-Spring","https:\/\/www.linkedin.com\/in\/gastac-gas-spring\/","https:\/\/www.instagram.com\/gastacgasspring\/"]}]}},"_links":{"self":[{"href":"https:\/\/www.gastac.com\/fr\/wp-json\/wp\/v2\/product\/21981","targetHints":{"allow":["GET"]}}],"collection":[{"href":"https:\/\/www.gastac.com\/fr\/wp-json\/wp\/v2\/product"}],"about":[{"href":"https:\/\/www.gastac.com\/fr\/wp-json\/wp\/v2\/types\/product"}],"replies":[{"embeddable":true,"href":"https:\/\/www.gastac.com\/fr\/wp-json\/wp\/v2\/comments?post=21981"}],"wp:featuredmedia":[{"embeddable":true,"href":"https:\/\/www.gastac.com\/fr\/wp-json\/wp\/v2\/media\/21982"}],"wp:attachment":[{"href":"https:\/\/www.gastac.com\/fr\/wp-json\/wp\/v2\/media?parent=21981"}],"wp:term":[{"taxonomy":"product_brand","embeddable":true,"href":"https:\/\/www.gastac.com\/fr\/wp-json\/wp\/v2\/product_brand?post=21981"},{"taxonomy":"product_cat","embeddable":true,"href":"https:\/\/www.gastac.com\/fr\/wp-json\/wp\/v2\/product_cat?post=21981"},{"taxonomy":"product_tag","embeddable":true,"href":"https:\/\/www.gastac.com\/fr\/wp-json\/wp\/v2\/product_tag?post=21981"}],"curies":[{"name":"wp","href":"https:\/\/api.w.org\/{rel}","templated":true}]}}