{"id":21975,"date":"2025-11-16T07:42:38","date_gmt":"2025-11-16T07:42:38","guid":{"rendered":"https:\/\/www.gastac.com\/?post_type=product&#038;p=21975"},"modified":"2025-11-16T07:42:39","modified_gmt":"2025-11-16T07:42:39","slug":"actionneur-lineaire-miniature","status":"publish","type":"product","link":"https:\/\/www.gastac.com\/fr\/produit\/actionneur-lineaire-miniature\/","title":{"rendered":"Actionneur Lin\u00e9aire Miniature"},"content":{"rendered":"<p><strong>actionneur lin\u00e9aire miniature<\/strong><\/p>\n<p>Les\u00a0actionneurs lin\u00e9aires miniatures\u00a0sont de petits actionneurs con\u00e7us pour des applications n\u00e9cessitant un contr\u00f4le pr\u00e9cis et compact des mouvements lin\u00e9aires. Ils sont g\u00e9n\u00e9ralement utilis\u00e9s dans les robots, les appareils m\u00e9dicaux et les \u00e9quipements d\u2019automatisation o\u00f9 l\u2019espace est limit\u00e9. Voici quelques facteurs cl\u00e9s \u00e0 prendre en compte lors de la s\u00e9lection d\u2019un actionneur lin\u00e9aire miniature :<\/p>\n<p><img class=\"lazyload\" decoding=\"async\" src=\"data:image\/gif;base64,R0lGODlhAQABAAAAACH5BAEKAAEALAAAAAABAAEAAAICTAEAOw==\" data-orig-src=\"https:\/\/www.gastac-com-591077.hostingersite.com\/wp-content\/uploads\/2023\/08\/actionneur-lineaire-miniature-897-300x300.jpg\" alt=\"actionneur lin\u00e9aire miniature\" \/><img class=\"lazyload\" decoding=\"async\" src=\"data:image\/gif;base64,R0lGODlhAQABAAAAACH5BAEKAAEALAAAAAABAAEAAAICTAEAOw==\" data-orig-src=\"https:\/\/www.gastac-com-591077.hostingersite.com\/wp-content\/uploads\/2023\/08\/actionneur-lineaire-miniature-97888-300x300.png\" alt=\"actionneur lin\u00e9aire miniature\" \/><\/p>\n<p>Taille : l\u2019actionneur lin\u00e9aire miniature est plus petit et a g\u00e9n\u00e9ralement une longueur de course et une capacit\u00e9 de charge inf\u00e9rieures \u00e0 celles des actionneurs plus grands. Vous devez s\u00e9lectionner un actionneur dont la taille correspond \u00e0 l\u2019espace disponible dans votre application.<\/p>\n<p>Capacit\u00e9 de charge : La capacit\u00e9 de charge est le poids maximum qu\u2019un actionneur peut soulever ou pousser. Vous devez s\u00e9lectionner un actionneur dont la capacit\u00e9 de charge correspond au poids de votre application.<\/p>\n<p>Vitesse : La vitesse de l\u2019actionneur lin\u00e9aire \u00e9lectrique miniature affecte les performances globales de l\u2019application. Vous devez choisir un actionneur dont la vitesse r\u00e9pond aux exigences de pr\u00e9cision et d\u2019efficacit\u00e9.<\/p>\n<p>Options de commande : l\u2019actionneur lin\u00e9aire \u00e9lectrique miniature peut \u00eatre command\u00e9 \u00e0 l\u2019aide de diverses options, telles que la commande \u00e0 distance, le panneau de commande c\u00e2bl\u00e9 ou la commande logicielle. Vous devez choisir l\u2019option de commande qui est facile \u00e0 utiliser et qui permet des r\u00e9glages pr\u00e9cis.<\/p>\n<p>Durabilit\u00e9 : l\u2019actionneur lin\u00e9aire \u00e9lectrique miniature est g\u00e9n\u00e9ralement fabriqu\u00e9 \u00e0 partir de mat\u00e9riaux de haute qualit\u00e9 qui garantissent une durabilit\u00e9 \u00e0 long terme. Vous devez choisir un actionneur de construction robuste pour r\u00e9pondre aux besoins de l\u2019application.<\/p>\n<p>Lors de l\u2019installation de l\u2019actionneur lin\u00e9aire \u00e9lectrique miniature, veillez \u00e0 suivre attentivement les instructions du fabricant afin de vous assurer que l\u2019actionneur est correctement fix\u00e9 \u00e0 la surface de montage. Il est \u00e9galement conseill\u00e9 de tester l\u2019actionneur avant de l\u2019utiliser r\u00e9guli\u00e8rement afin de s\u2019assurer de son bon fonctionnement.<\/p>\n<p>Applications :<\/p>\n<p>Lits de soins \u00e9lectriques, lits chirurgicaux, lits de traction, fauteuils de massage, fauteuils dentaires, fauteuils roulants \u00e9lectriques, canap\u00e9s \u00e9lectriques, pr\u00e9sentoirs \u00e9lectriques, lucarnes \u00e9lectriques, meubles ergonomiques et autres occasions o\u00f9 des actionneurs de mouvement lin\u00e9aire sont n\u00e9cessaires, l\u2019installation est tr\u00e8s pratique et largement utilis\u00e9e dans les domaines des soins m\u00e9dicaux, de la protection contre les incendies, de la maison, de la machinerie \u00e9lectrique, de l\u2019industrie chimique, des articles sanitaires, des loisirs et ainsi de suite.<br \/>\n<img class=\"lazyload\" decoding=\"async\" src=\"data:image\/gif;base64,R0lGODlhAQABAAAAACH5BAEKAAEALAAAAAABAAEAAAICTAEAOw==\" data-orig-src=\"https:\/\/www.gastac.com\/wp-content\/uploads\/2023\/08\/actionneur-lineaire-miniature-99-300x300.jpg\" alt=\"actionneur lin\u00e9aire miniature\" \/><img class=\"lazyload\" decoding=\"async\" src=\"data:image\/gif;base64,R0lGODlhAQABAAAAACH5BAEKAAEALAAAAAABAAEAAAICTAEAOw==\" data-orig-src=\"https:\/\/www.gastac.com\/wp-content\/uploads\/2023\/08\/%D0%BB%D0%B8%D0%BD%D0%B5%D0%B9%D0%BD%D1%8B%D0%B9-%D1%8D%D0%BB%D0%B5%D0%BA%D1%82%D1%80%D0%B8%D1%87%D0%B5%D1%81%D0%BA%D0%B8%D0%B9-%D0%B0%D0%BA%D1%82%D1%83%D0%B0%D1%82%D0%BE%D1%80-4-300x300.jpg\" alt=\"actionneur lin\u00e9aire miniature\" \/><\/p>\n","protected":false},"excerpt":{"rendered":"<p>actionneur lin\u00e9aire miniature Les\u00a0actionneurs lin\u00e9aires miniatures\u00a0sont de petits actionneurs con\u00e7us pour des applications n\u00e9cessitant un contr\u00f4le pr\u00e9cis et compact des  [&#8230;]<\/p>\n","protected":false},"featured_media":21976,"comment_status":"open","ping_status":"closed","template":"","meta":[],"product_brand":[],"product_cat":[108],"product_tag":[],"class_list":{"0":"post-21975","1":"product","2":"type-product","3":"status-publish","4":"has-post-thumbnail","6":"product_cat-non-categorise","8":"first","9":"instock","10":"shipping-taxable","11":"product-type-simple"},"yoast_head":"<!-- This site is optimized with the Yoast SEO Premium plugin v26.2 (Yoast SEO v27.5) - https:\/\/yoast.com\/product\/yoast-seo-premium-wordpress\/ -->\n<title>Actionneur Lin\u00e9aire Miniature | Gastac Gas Spring<\/title>\n<meta name=\"robots\" content=\"index, follow, max-snippet:-1, max-image-preview:large, max-video-preview:-1\" \/>\n<link rel=\"canonical\" href=\"https:\/\/www.gastac.com\/fr\/produit\/actionneur-lineaire-miniature\/\" \/>\n<meta property=\"og:locale\" content=\"fr_FR\" \/>\n<meta property=\"og:type\" content=\"article\" \/>\n<meta property=\"og:title\" content=\"Actionneur Lin\u00e9aire Miniature\" \/>\n<meta property=\"og:description\" content=\"actionneur lin\u00e9aire miniature Les\u00a0actionneurs lin\u00e9aires miniatures\u00a0sont de petits actionneurs con\u00e7us pour des applications n\u00e9cessitant un contr\u00f4le pr\u00e9cis et compact des [...]\" \/>\n<meta property=\"og:url\" content=\"https:\/\/www.gastac.com\/fr\/produit\/actionneur-lineaire-miniature\/\" \/>\n<meta property=\"og:site_name\" content=\"Gastac Gas Spring\" \/>\n<meta property=\"article:publisher\" content=\"https:\/\/www.facebook.com\/profile.php?id=100092358464608\" \/>\n<meta property=\"article:modified_time\" content=\"2025-11-16T07:42:39+00:00\" \/>\n<meta property=\"og:image\" content=\"https:\/\/www.gastac.com\/wp-content\/uploads\/2025\/11\/actionneur-lineaire-miniature-0.webp\" \/>\n\t<meta property=\"og:image:width\" content=\"600\" \/>\n\t<meta property=\"og:image:height\" content=\"600\" \/>\n\t<meta property=\"og:image:type\" content=\"image\/webp\" \/>\n<meta name=\"twitter:card\" content=\"summary_large_image\" \/>\n<meta name=\"twitter:label1\" content=\"Dur\u00e9e de lecture estim\u00e9e\" \/>\n\t<meta name=\"twitter:data1\" content=\"1 minute\" \/>\n<script type=\"application\/ld+json\" class=\"yoast-schema-graph\">{\"@context\":\"https:\\\/\\\/schema.org\",\"@graph\":[{\"@type\":\"WebPage\",\"@id\":\"https:\\\/\\\/www.gastac.com\\\/fr\\\/produit\\\/actionneur-lineaire-miniature\\\/\",\"url\":\"https:\\\/\\\/www.gastac.com\\\/fr\\\/produit\\\/actionneur-lineaire-miniature\\\/\",\"name\":\"Actionneur Lin\u00e9aire Miniature | Gastac Gas Spring\",\"isPartOf\":{\"@id\":\"https:\\\/\\\/www.gastac.com\\\/fr\\\/#website\"},\"primaryImageOfPage\":{\"@id\":\"https:\\\/\\\/www.gastac.com\\\/fr\\\/produit\\\/actionneur-lineaire-miniature\\\/#primaryimage\"},\"image\":{\"@id\":\"https:\\\/\\\/www.gastac.com\\\/fr\\\/produit\\\/actionneur-lineaire-miniature\\\/#primaryimage\"},\"thumbnailUrl\":\"https:\\\/\\\/www.gastac.com\\\/wp-content\\\/uploads\\\/2025\\\/11\\\/actionneur-lineaire-miniature-0.webp\",\"datePublished\":\"2025-11-16T07:42:38+00:00\",\"dateModified\":\"2025-11-16T07:42:39+00:00\",\"breadcrumb\":{\"@id\":\"https:\\\/\\\/www.gastac.com\\\/fr\\\/produit\\\/actionneur-lineaire-miniature\\\/#breadcrumb\"},\"inLanguage\":\"fr-FR\",\"potentialAction\":[{\"@type\":\"ReadAction\",\"target\":[\"https:\\\/\\\/www.gastac.com\\\/fr\\\/produit\\\/actionneur-lineaire-miniature\\\/\"]}]},{\"@type\":\"ImageObject\",\"inLanguage\":\"fr-FR\",\"@id\":\"https:\\\/\\\/www.gastac.com\\\/fr\\\/produit\\\/actionneur-lineaire-miniature\\\/#primaryimage\",\"url\":\"https:\\\/\\\/www.gastac.com\\\/wp-content\\\/uploads\\\/2025\\\/11\\\/actionneur-lineaire-miniature-0.webp\",\"contentUrl\":\"https:\\\/\\\/www.gastac.com\\\/wp-content\\\/uploads\\\/2025\\\/11\\\/actionneur-lineaire-miniature-0.webp\",\"width\":600,\"height\":600,\"caption\":\"actionneur lineaire miniature 0\"},{\"@type\":\"BreadcrumbList\",\"@id\":\"https:\\\/\\\/www.gastac.com\\\/fr\\\/produit\\\/actionneur-lineaire-miniature\\\/#breadcrumb\",\"itemListElement\":[{\"@type\":\"ListItem\",\"position\":1,\"name\":\"Home\",\"item\":\"https:\\\/\\\/www.gastac.com\\\/fr\\\/\"},{\"@type\":\"ListItem\",\"position\":2,\"name\":\"products\",\"item\":\"https:\\\/\\\/www.gastac.com\\\/fr\\\/products\\\/\"},{\"@type\":\"ListItem\",\"position\":3,\"name\":\"Non cat\u00e9goris\u00e9\",\"item\":\"https:\\\/\\\/www.gastac.com\\\/fr\\\/product-category\\\/non-categorise\\\/\"},{\"@type\":\"ListItem\",\"position\":4,\"name\":\"Actionneur Lin\u00e9aire Miniature\"}]},{\"@type\":\"WebSite\",\"@id\":\"https:\\\/\\\/www.gastac.com\\\/fr\\\/#website\",\"url\":\"https:\\\/\\\/www.gastac.com\\\/fr\\\/\",\"name\":\"Gastac Gas Spring\",\"description\":\"China\u2019s Leading Gas Springs &amp; Struts Manufacturer\",\"publisher\":{\"@id\":\"https:\\\/\\\/www.gastac.com\\\/fr\\\/#organization\"},\"potentialAction\":[{\"@type\":\"SearchAction\",\"target\":{\"@type\":\"EntryPoint\",\"urlTemplate\":\"https:\\\/\\\/www.gastac.com\\\/fr\\\/?s={search_term_string}\"},\"query-input\":{\"@type\":\"PropertyValueSpecification\",\"valueRequired\":true,\"valueName\":\"search_term_string\"}}],\"inLanguage\":\"fr-FR\"},{\"@type\":\"Organization\",\"@id\":\"https:\\\/\\\/www.gastac.com\\\/fr\\\/#organization\",\"name\":\"Ningbo Gastac Gas Spring Co.,Ltd\",\"url\":\"https:\\\/\\\/www.gastac.com\\\/fr\\\/\",\"logo\":{\"@type\":\"ImageObject\",\"inLanguage\":\"fr-FR\",\"@id\":\"https:\\\/\\\/www.gastac.com\\\/fr\\\/#\\\/schema\\\/logo\\\/image\\\/\",\"url\":\"https:\\\/\\\/www.gastac.com\\\/wp-content\\\/uploads\\\/2025\\\/09\\\/LOGO\u672c\u8272-\u9ed1.webp\",\"contentUrl\":\"https:\\\/\\\/www.gastac.com\\\/wp-content\\\/uploads\\\/2025\\\/09\\\/LOGO\u672c\u8272-\u9ed1.webp\",\"width\":1920,\"height\":1080,\"caption\":\"Ningbo Gastac Gas Spring Co.,Ltd\"},\"image\":{\"@id\":\"https:\\\/\\\/www.gastac.com\\\/fr\\\/#\\\/schema\\\/logo\\\/image\\\/\"},\"sameAs\":[\"https:\\\/\\\/www.facebook.com\\\/profile.php?id=100092358464608\",\"https:\\\/\\\/www.youtube.com\\\/@Gastac-Gas-Spring\",\"https:\\\/\\\/www.linkedin.com\\\/in\\\/gastac-gas-spring\\\/\",\"https:\\\/\\\/www.instagram.com\\\/gastacgasspring\\\/\"]}]}<\/script>\n<!-- \/ Yoast SEO Premium plugin. -->","yoast_head_json":{"title":"Actionneur Lin\u00e9aire Miniature | Gastac Gas Spring","robots":{"index":"index","follow":"follow","max-snippet":"max-snippet:-1","max-image-preview":"max-image-preview:large","max-video-preview":"max-video-preview:-1"},"canonical":"https:\/\/www.gastac.com\/fr\/produit\/actionneur-lineaire-miniature\/","og_locale":"fr_FR","og_type":"article","og_title":"Actionneur Lin\u00e9aire Miniature","og_description":"actionneur lin\u00e9aire miniature Les\u00a0actionneurs lin\u00e9aires miniatures\u00a0sont de petits actionneurs con\u00e7us pour des applications n\u00e9cessitant un contr\u00f4le pr\u00e9cis et compact des [...]","og_url":"https:\/\/www.gastac.com\/fr\/produit\/actionneur-lineaire-miniature\/","og_site_name":"Gastac Gas Spring","article_publisher":"https:\/\/www.facebook.com\/profile.php?id=100092358464608","article_modified_time":"2025-11-16T07:42:39+00:00","og_image":[{"width":600,"height":600,"url":"https:\/\/www.gastac.com\/wp-content\/uploads\/2025\/11\/actionneur-lineaire-miniature-0.webp","type":"image\/webp"}],"twitter_card":"summary_large_image","twitter_misc":{"Dur\u00e9e de lecture estim\u00e9e":"1 minute"},"schema":{"@context":"https:\/\/schema.org","@graph":[{"@type":"WebPage","@id":"https:\/\/www.gastac.com\/fr\/produit\/actionneur-lineaire-miniature\/","url":"https:\/\/www.gastac.com\/fr\/produit\/actionneur-lineaire-miniature\/","name":"Actionneur Lin\u00e9aire Miniature | Gastac Gas Spring","isPartOf":{"@id":"https:\/\/www.gastac.com\/fr\/#website"},"primaryImageOfPage":{"@id":"https:\/\/www.gastac.com\/fr\/produit\/actionneur-lineaire-miniature\/#primaryimage"},"image":{"@id":"https:\/\/www.gastac.com\/fr\/produit\/actionneur-lineaire-miniature\/#primaryimage"},"thumbnailUrl":"https:\/\/www.gastac.com\/wp-content\/uploads\/2025\/11\/actionneur-lineaire-miniature-0.webp","datePublished":"2025-11-16T07:42:38+00:00","dateModified":"2025-11-16T07:42:39+00:00","breadcrumb":{"@id":"https:\/\/www.gastac.com\/fr\/produit\/actionneur-lineaire-miniature\/#breadcrumb"},"inLanguage":"fr-FR","potentialAction":[{"@type":"ReadAction","target":["https:\/\/www.gastac.com\/fr\/produit\/actionneur-lineaire-miniature\/"]}]},{"@type":"ImageObject","inLanguage":"fr-FR","@id":"https:\/\/www.gastac.com\/fr\/produit\/actionneur-lineaire-miniature\/#primaryimage","url":"https:\/\/www.gastac.com\/wp-content\/uploads\/2025\/11\/actionneur-lineaire-miniature-0.webp","contentUrl":"https:\/\/www.gastac.com\/wp-content\/uploads\/2025\/11\/actionneur-lineaire-miniature-0.webp","width":600,"height":600,"caption":"actionneur lineaire miniature 0"},{"@type":"BreadcrumbList","@id":"https:\/\/www.gastac.com\/fr\/produit\/actionneur-lineaire-miniature\/#breadcrumb","itemListElement":[{"@type":"ListItem","position":1,"name":"Home","item":"https:\/\/www.gastac.com\/fr\/"},{"@type":"ListItem","position":2,"name":"products","item":"https:\/\/www.gastac.com\/fr\/products\/"},{"@type":"ListItem","position":3,"name":"Non cat\u00e9goris\u00e9","item":"https:\/\/www.gastac.com\/fr\/product-category\/non-categorise\/"},{"@type":"ListItem","position":4,"name":"Actionneur Lin\u00e9aire Miniature"}]},{"@type":"WebSite","@id":"https:\/\/www.gastac.com\/fr\/#website","url":"https:\/\/www.gastac.com\/fr\/","name":"Gastac Gas Spring","description":"China\u2019s Leading Gas Springs &amp; Struts Manufacturer","publisher":{"@id":"https:\/\/www.gastac.com\/fr\/#organization"},"potentialAction":[{"@type":"SearchAction","target":{"@type":"EntryPoint","urlTemplate":"https:\/\/www.gastac.com\/fr\/?s={search_term_string}"},"query-input":{"@type":"PropertyValueSpecification","valueRequired":true,"valueName":"search_term_string"}}],"inLanguage":"fr-FR"},{"@type":"Organization","@id":"https:\/\/www.gastac.com\/fr\/#organization","name":"Ningbo Gastac Gas Spring Co.,Ltd","url":"https:\/\/www.gastac.com\/fr\/","logo":{"@type":"ImageObject","inLanguage":"fr-FR","@id":"https:\/\/www.gastac.com\/fr\/#\/schema\/logo\/image\/","url":"https:\/\/www.gastac.com\/wp-content\/uploads\/2025\/09\/LOGO\u672c\u8272-\u9ed1.webp","contentUrl":"https:\/\/www.gastac.com\/wp-content\/uploads\/2025\/09\/LOGO\u672c\u8272-\u9ed1.webp","width":1920,"height":1080,"caption":"Ningbo Gastac Gas Spring Co.,Ltd"},"image":{"@id":"https:\/\/www.gastac.com\/fr\/#\/schema\/logo\/image\/"},"sameAs":["https:\/\/www.facebook.com\/profile.php?id=100092358464608","https:\/\/www.youtube.com\/@Gastac-Gas-Spring","https:\/\/www.linkedin.com\/in\/gastac-gas-spring\/","https:\/\/www.instagram.com\/gastacgasspring\/"]}]}},"_links":{"self":[{"href":"https:\/\/www.gastac.com\/fr\/wp-json\/wp\/v2\/product\/21975","targetHints":{"allow":["GET"]}}],"collection":[{"href":"https:\/\/www.gastac.com\/fr\/wp-json\/wp\/v2\/product"}],"about":[{"href":"https:\/\/www.gastac.com\/fr\/wp-json\/wp\/v2\/types\/product"}],"replies":[{"embeddable":true,"href":"https:\/\/www.gastac.com\/fr\/wp-json\/wp\/v2\/comments?post=21975"}],"wp:featuredmedia":[{"embeddable":true,"href":"https:\/\/www.gastac.com\/fr\/wp-json\/wp\/v2\/media\/21976"}],"wp:attachment":[{"href":"https:\/\/www.gastac.com\/fr\/wp-json\/wp\/v2\/media?parent=21975"}],"wp:term":[{"taxonomy":"product_brand","embeddable":true,"href":"https:\/\/www.gastac.com\/fr\/wp-json\/wp\/v2\/product_brand?post=21975"},{"taxonomy":"product_cat","embeddable":true,"href":"https:\/\/www.gastac.com\/fr\/wp-json\/wp\/v2\/product_cat?post=21975"},{"taxonomy":"product_tag","embeddable":true,"href":"https:\/\/www.gastac.com\/fr\/wp-json\/wp\/v2\/product_tag?post=21975"}],"curies":[{"name":"wp","href":"https:\/\/api.w.org\/{rel}","templated":true}]}}