{"id":21969,"date":"2025-11-16T07:36:32","date_gmt":"2025-11-16T07:36:32","guid":{"rendered":"https:\/\/www.gastac.com\/?post_type=product&#038;p=21969"},"modified":"2025-11-16T07:36:33","modified_gmt":"2025-11-16T07:36:33","slug":"actionneur-lineaire-electrique","status":"publish","type":"product","link":"https:\/\/www.gastac.com\/fr\/produit\/actionneur-lineaire-electrique\/","title":{"rendered":"actionneur lin\u00e9aire \u00e9lectrique"},"content":{"rendered":"<p><strong>actionneur lin\u00e9aire \u00e9lectrique<\/strong><\/p>\n<p>L\u2019actionneur \u00e9lectrique lin\u00e9aire est un dispositif qui convertit le mouvement rotatif d\u2019un moteur \u00e0 courant alternatif ou continu en un mouvement lin\u00e9aire, c\u2019est-\u00e0-dire qu\u2019il fournit \u00e0 la fois des mouvements de pouss\u00e9e et de traction.<\/p>\n<p>Les mouvements de pouss\u00e9e et de traction permettent de soulever, d\u2019abaisser, de faire glisser, d\u2019ajuster, d\u2019incliner, de pousser ou de tirer des objets en appuyant simplement sur un bouton.<br \/>\n<img class=\"lazyload\" decoding=\"async\" src=\"data:image\/gif;base64,R0lGODlhAQABAAAAACH5BAEKAAEALAAAAAABAAEAAAICTAEAOw==\" data-orig-src=\"https:\/\/www.gastac.com\/wp-content\/uploads\/2023\/08\/actionneur-lineaire-electrique-8-300x300.png\" alt=\"actionneur lin\u00e9aire \u00e9lectrique\" \/><img class=\"lazyload\" decoding=\"async\" src=\"data:image\/gif;base64,R0lGODlhAQABAAAAACH5BAEKAAEALAAAAAABAAEAAAICTAEAOw==\" data-orig-src=\"https:\/\/www.gastac.com\/wp-content\/uploads\/2023\/08\/actionneur-lineaire-electrique-76-300x300.jpg\" alt=\"actionneur lin\u00e9aire \u00e9lectrique\" \/><br \/>\nDe plus, les actionneurs \u00e9lectriques lin\u00e9aires offrent des mouvements s\u00fbrs et propres, avec un contr\u00f4le pr\u00e9cis des mouvements et un contr\u00f4le total de l\u2019op\u00e9rateur. Ils sont \u00e9conomes en \u00e9nergie, ont une longue dur\u00e9e de vie et ne n\u00e9cessitent pratiquement pas d\u2019entretien.<\/p>\n<p>L\u2019actionneur lin\u00e9aire \u00e9lectrique se compose d\u2019un moteur \u00e0 courant continu ou alternatif, d\u2019une s\u00e9rie d\u2019engrenages et d\u2019un engrenage \u00e0 vis sans fin avec un \u00e9crou d\u2019entra\u00eenement qui pousse la broche vers l\u2019int\u00e9rieur et l\u2019ext\u00e9rieur. C\u2019est la composition de base de tous les actionneurs lin\u00e9aires \u00e9lectriques, et la seule diff\u00e9rence entre les diff\u00e9rents actionneurs est la taille du moteur, des engrenages et de la vis sans fin. Il existe quelques autres composants \u00e9lectroniques qui peuvent aider avec des interrupteurs de fin de course et des options de retour de position, mais fondamentalement, un actionneur n\u2019est rien d\u2019autre qu\u2019un moteur, un engrenage et une vis m\u00e8re.<br \/>\n<img class=\"lazyload\" decoding=\"async\" src=\"data:image\/gif;base64,R0lGODlhAQABAAAAACH5BAEKAAEALAAAAAABAAEAAAICTAEAOw==\" data-orig-src=\"https:\/\/www.gastac.com\/wp-content\/uploads\/2023\/08\/actionneur-lineaire-electrique-8789-300x300.jpg\" alt=\"actionneur lin\u00e9aire \u00e9lectrique\" \/><img decoding=\"async\" class=\"lazyload \" src=\"data:image\/svg+xml,%3Csvg%20xmlns%3D%27http%3A%2F%2Fwww.w3.org%2F2000%2Fsvg%27%20width%3D%27302%27%20height%3D%27302%27%20viewBox%3D%270%200%20302%20302%27%3E%3Crect%20width%3D%27302%27%20height%3D%27302%27%20fill-opacity%3D%220%22%2F%3E%3C%2Fsvg%3E\" data-orig-src=\"https:\/\/www.gastac.com\/wp-content\/uploads\/2023\/08\/actionneur-lineaire-electrique-786756-400x400.jpg\" alt=\"actionneur lin\u00e9aire \u00e9lectrique\" width=\"302\" height=\"302\" \/><\/p>\n","protected":false},"excerpt":{"rendered":"<p>actionneur lin\u00e9aire \u00e9lectrique L\u2019actionneur \u00e9lectrique lin\u00e9aire est un dispositif qui convertit le mouvement rotatif d\u2019un moteur \u00e0 courant alternatif ou  [&#8230;]<\/p>\n","protected":false},"featured_media":21970,"comment_status":"open","ping_status":"closed","template":"","meta":[],"product_brand":[],"product_cat":[108],"product_tag":[],"class_list":{"0":"post-21969","1":"product","2":"type-product","3":"status-publish","4":"has-post-thumbnail","6":"product_cat-non-categorise","8":"first","9":"instock","10":"shipping-taxable","11":"product-type-simple"},"yoast_head":"<!-- This site is optimized with the Yoast SEO Premium plugin v26.2 (Yoast SEO v27.5) - https:\/\/yoast.com\/product\/yoast-seo-premium-wordpress\/ -->\n<title>actionneur lin\u00e9aire \u00e9lectrique | Gastac Gas Spring<\/title>\n<meta name=\"robots\" content=\"index, follow, max-snippet:-1, max-image-preview:large, max-video-preview:-1\" \/>\n<link rel=\"canonical\" href=\"https:\/\/www.gastac.com\/fr\/produit\/actionneur-lineaire-electrique\/\" \/>\n<meta property=\"og:locale\" content=\"fr_FR\" \/>\n<meta property=\"og:type\" content=\"article\" \/>\n<meta property=\"og:title\" content=\"actionneur lin\u00e9aire \u00e9lectrique\" \/>\n<meta property=\"og:description\" content=\"actionneur lin\u00e9aire \u00e9lectrique L\u2019actionneur \u00e9lectrique lin\u00e9aire est un dispositif qui convertit le mouvement rotatif d\u2019un moteur \u00e0 courant alternatif ou [...]\" \/>\n<meta property=\"og:url\" content=\"https:\/\/www.gastac.com\/fr\/produit\/actionneur-lineaire-electrique\/\" \/>\n<meta property=\"og:site_name\" content=\"Gastac Gas Spring\" \/>\n<meta property=\"article:publisher\" content=\"https:\/\/www.facebook.com\/profile.php?id=100092358464608\" \/>\n<meta property=\"article:modified_time\" content=\"2025-11-16T07:36:33+00:00\" \/>\n<meta property=\"og:image\" content=\"https:\/\/www.gastac.com\/wp-content\/uploads\/2025\/11\/actionneur-electrique-lineaire.webp\" \/>\n\t<meta property=\"og:image:width\" content=\"600\" \/>\n\t<meta property=\"og:image:height\" content=\"600\" \/>\n\t<meta property=\"og:image:type\" content=\"image\/webp\" \/>\n<meta name=\"twitter:card\" content=\"summary_large_image\" \/>\n<meta name=\"twitter:label1\" content=\"Dur\u00e9e de lecture estim\u00e9e\" \/>\n\t<meta name=\"twitter:data1\" content=\"1 minute\" \/>\n<script type=\"application\/ld+json\" class=\"yoast-schema-graph\">{\"@context\":\"https:\\\/\\\/schema.org\",\"@graph\":[{\"@type\":\"WebPage\",\"@id\":\"https:\\\/\\\/www.gastac.com\\\/fr\\\/produit\\\/actionneur-lineaire-electrique\\\/\",\"url\":\"https:\\\/\\\/www.gastac.com\\\/fr\\\/produit\\\/actionneur-lineaire-electrique\\\/\",\"name\":\"actionneur lin\u00e9aire \u00e9lectrique | Gastac Gas Spring\",\"isPartOf\":{\"@id\":\"https:\\\/\\\/www.gastac.com\\\/fr\\\/#website\"},\"primaryImageOfPage\":{\"@id\":\"https:\\\/\\\/www.gastac.com\\\/fr\\\/produit\\\/actionneur-lineaire-electrique\\\/#primaryimage\"},\"image\":{\"@id\":\"https:\\\/\\\/www.gastac.com\\\/fr\\\/produit\\\/actionneur-lineaire-electrique\\\/#primaryimage\"},\"thumbnailUrl\":\"https:\\\/\\\/www.gastac.com\\\/wp-content\\\/uploads\\\/2025\\\/11\\\/actionneur-electrique-lineaire.webp\",\"datePublished\":\"2025-11-16T07:36:32+00:00\",\"dateModified\":\"2025-11-16T07:36:33+00:00\",\"breadcrumb\":{\"@id\":\"https:\\\/\\\/www.gastac.com\\\/fr\\\/produit\\\/actionneur-lineaire-electrique\\\/#breadcrumb\"},\"inLanguage\":\"fr-FR\",\"potentialAction\":[{\"@type\":\"ReadAction\",\"target\":[\"https:\\\/\\\/www.gastac.com\\\/fr\\\/produit\\\/actionneur-lineaire-electrique\\\/\"]}]},{\"@type\":\"ImageObject\",\"inLanguage\":\"fr-FR\",\"@id\":\"https:\\\/\\\/www.gastac.com\\\/fr\\\/produit\\\/actionneur-lineaire-electrique\\\/#primaryimage\",\"url\":\"https:\\\/\\\/www.gastac.com\\\/wp-content\\\/uploads\\\/2025\\\/11\\\/actionneur-electrique-lineaire.webp\",\"contentUrl\":\"https:\\\/\\\/www.gastac.com\\\/wp-content\\\/uploads\\\/2025\\\/11\\\/actionneur-electrique-lineaire.webp\",\"width\":600,\"height\":600,\"caption\":\"actionneur electrique lineaire\"},{\"@type\":\"BreadcrumbList\",\"@id\":\"https:\\\/\\\/www.gastac.com\\\/fr\\\/produit\\\/actionneur-lineaire-electrique\\\/#breadcrumb\",\"itemListElement\":[{\"@type\":\"ListItem\",\"position\":1,\"name\":\"Home\",\"item\":\"https:\\\/\\\/www.gastac.com\\\/fr\\\/\"},{\"@type\":\"ListItem\",\"position\":2,\"name\":\"products\",\"item\":\"https:\\\/\\\/www.gastac.com\\\/fr\\\/products\\\/\"},{\"@type\":\"ListItem\",\"position\":3,\"name\":\"Non cat\u00e9goris\u00e9\",\"item\":\"https:\\\/\\\/www.gastac.com\\\/fr\\\/product-category\\\/non-categorise\\\/\"},{\"@type\":\"ListItem\",\"position\":4,\"name\":\"actionneur lin\u00e9aire \u00e9lectrique\"}]},{\"@type\":\"WebSite\",\"@id\":\"https:\\\/\\\/www.gastac.com\\\/fr\\\/#website\",\"url\":\"https:\\\/\\\/www.gastac.com\\\/fr\\\/\",\"name\":\"Gastac Gas Spring\",\"description\":\"China\u2019s Leading Gas Springs &amp; Struts Manufacturer\",\"publisher\":{\"@id\":\"https:\\\/\\\/www.gastac.com\\\/fr\\\/#organization\"},\"potentialAction\":[{\"@type\":\"SearchAction\",\"target\":{\"@type\":\"EntryPoint\",\"urlTemplate\":\"https:\\\/\\\/www.gastac.com\\\/fr\\\/?s={search_term_string}\"},\"query-input\":{\"@type\":\"PropertyValueSpecification\",\"valueRequired\":true,\"valueName\":\"search_term_string\"}}],\"inLanguage\":\"fr-FR\"},{\"@type\":\"Organization\",\"@id\":\"https:\\\/\\\/www.gastac.com\\\/fr\\\/#organization\",\"name\":\"Ningbo Gastac Gas Spring Co.,Ltd\",\"url\":\"https:\\\/\\\/www.gastac.com\\\/fr\\\/\",\"logo\":{\"@type\":\"ImageObject\",\"inLanguage\":\"fr-FR\",\"@id\":\"https:\\\/\\\/www.gastac.com\\\/fr\\\/#\\\/schema\\\/logo\\\/image\\\/\",\"url\":\"https:\\\/\\\/www.gastac.com\\\/wp-content\\\/uploads\\\/2025\\\/09\\\/LOGO\u672c\u8272-\u9ed1.webp\",\"contentUrl\":\"https:\\\/\\\/www.gastac.com\\\/wp-content\\\/uploads\\\/2025\\\/09\\\/LOGO\u672c\u8272-\u9ed1.webp\",\"width\":1920,\"height\":1080,\"caption\":\"Ningbo Gastac Gas Spring Co.,Ltd\"},\"image\":{\"@id\":\"https:\\\/\\\/www.gastac.com\\\/fr\\\/#\\\/schema\\\/logo\\\/image\\\/\"},\"sameAs\":[\"https:\\\/\\\/www.facebook.com\\\/profile.php?id=100092358464608\",\"https:\\\/\\\/www.youtube.com\\\/@Gastac-Gas-Spring\",\"https:\\\/\\\/www.linkedin.com\\\/in\\\/gastac-gas-spring\\\/\",\"https:\\\/\\\/www.instagram.com\\\/gastacgasspring\\\/\"]}]}<\/script>\n<!-- \/ Yoast SEO Premium plugin. -->","yoast_head_json":{"title":"actionneur lin\u00e9aire \u00e9lectrique | Gastac Gas Spring","robots":{"index":"index","follow":"follow","max-snippet":"max-snippet:-1","max-image-preview":"max-image-preview:large","max-video-preview":"max-video-preview:-1"},"canonical":"https:\/\/www.gastac.com\/fr\/produit\/actionneur-lineaire-electrique\/","og_locale":"fr_FR","og_type":"article","og_title":"actionneur lin\u00e9aire \u00e9lectrique","og_description":"actionneur lin\u00e9aire \u00e9lectrique L\u2019actionneur \u00e9lectrique lin\u00e9aire est un dispositif qui convertit le mouvement rotatif d\u2019un moteur \u00e0 courant alternatif ou [...]","og_url":"https:\/\/www.gastac.com\/fr\/produit\/actionneur-lineaire-electrique\/","og_site_name":"Gastac Gas Spring","article_publisher":"https:\/\/www.facebook.com\/profile.php?id=100092358464608","article_modified_time":"2025-11-16T07:36:33+00:00","og_image":[{"width":600,"height":600,"url":"https:\/\/www.gastac.com\/wp-content\/uploads\/2025\/11\/actionneur-electrique-lineaire.webp","type":"image\/webp"}],"twitter_card":"summary_large_image","twitter_misc":{"Dur\u00e9e de lecture estim\u00e9e":"1 minute"},"schema":{"@context":"https:\/\/schema.org","@graph":[{"@type":"WebPage","@id":"https:\/\/www.gastac.com\/fr\/produit\/actionneur-lineaire-electrique\/","url":"https:\/\/www.gastac.com\/fr\/produit\/actionneur-lineaire-electrique\/","name":"actionneur lin\u00e9aire \u00e9lectrique | Gastac Gas Spring","isPartOf":{"@id":"https:\/\/www.gastac.com\/fr\/#website"},"primaryImageOfPage":{"@id":"https:\/\/www.gastac.com\/fr\/produit\/actionneur-lineaire-electrique\/#primaryimage"},"image":{"@id":"https:\/\/www.gastac.com\/fr\/produit\/actionneur-lineaire-electrique\/#primaryimage"},"thumbnailUrl":"https:\/\/www.gastac.com\/wp-content\/uploads\/2025\/11\/actionneur-electrique-lineaire.webp","datePublished":"2025-11-16T07:36:32+00:00","dateModified":"2025-11-16T07:36:33+00:00","breadcrumb":{"@id":"https:\/\/www.gastac.com\/fr\/produit\/actionneur-lineaire-electrique\/#breadcrumb"},"inLanguage":"fr-FR","potentialAction":[{"@type":"ReadAction","target":["https:\/\/www.gastac.com\/fr\/produit\/actionneur-lineaire-electrique\/"]}]},{"@type":"ImageObject","inLanguage":"fr-FR","@id":"https:\/\/www.gastac.com\/fr\/produit\/actionneur-lineaire-electrique\/#primaryimage","url":"https:\/\/www.gastac.com\/wp-content\/uploads\/2025\/11\/actionneur-electrique-lineaire.webp","contentUrl":"https:\/\/www.gastac.com\/wp-content\/uploads\/2025\/11\/actionneur-electrique-lineaire.webp","width":600,"height":600,"caption":"actionneur electrique lineaire"},{"@type":"BreadcrumbList","@id":"https:\/\/www.gastac.com\/fr\/produit\/actionneur-lineaire-electrique\/#breadcrumb","itemListElement":[{"@type":"ListItem","position":1,"name":"Home","item":"https:\/\/www.gastac.com\/fr\/"},{"@type":"ListItem","position":2,"name":"products","item":"https:\/\/www.gastac.com\/fr\/products\/"},{"@type":"ListItem","position":3,"name":"Non cat\u00e9goris\u00e9","item":"https:\/\/www.gastac.com\/fr\/product-category\/non-categorise\/"},{"@type":"ListItem","position":4,"name":"actionneur lin\u00e9aire \u00e9lectrique"}]},{"@type":"WebSite","@id":"https:\/\/www.gastac.com\/fr\/#website","url":"https:\/\/www.gastac.com\/fr\/","name":"Gastac Gas Spring","description":"China\u2019s Leading Gas Springs &amp; Struts Manufacturer","publisher":{"@id":"https:\/\/www.gastac.com\/fr\/#organization"},"potentialAction":[{"@type":"SearchAction","target":{"@type":"EntryPoint","urlTemplate":"https:\/\/www.gastac.com\/fr\/?s={search_term_string}"},"query-input":{"@type":"PropertyValueSpecification","valueRequired":true,"valueName":"search_term_string"}}],"inLanguage":"fr-FR"},{"@type":"Organization","@id":"https:\/\/www.gastac.com\/fr\/#organization","name":"Ningbo Gastac Gas Spring Co.,Ltd","url":"https:\/\/www.gastac.com\/fr\/","logo":{"@type":"ImageObject","inLanguage":"fr-FR","@id":"https:\/\/www.gastac.com\/fr\/#\/schema\/logo\/image\/","url":"https:\/\/www.gastac.com\/wp-content\/uploads\/2025\/09\/LOGO\u672c\u8272-\u9ed1.webp","contentUrl":"https:\/\/www.gastac.com\/wp-content\/uploads\/2025\/09\/LOGO\u672c\u8272-\u9ed1.webp","width":1920,"height":1080,"caption":"Ningbo Gastac Gas Spring Co.,Ltd"},"image":{"@id":"https:\/\/www.gastac.com\/fr\/#\/schema\/logo\/image\/"},"sameAs":["https:\/\/www.facebook.com\/profile.php?id=100092358464608","https:\/\/www.youtube.com\/@Gastac-Gas-Spring","https:\/\/www.linkedin.com\/in\/gastac-gas-spring\/","https:\/\/www.instagram.com\/gastacgasspring\/"]}]}},"_links":{"self":[{"href":"https:\/\/www.gastac.com\/fr\/wp-json\/wp\/v2\/product\/21969","targetHints":{"allow":["GET"]}}],"collection":[{"href":"https:\/\/www.gastac.com\/fr\/wp-json\/wp\/v2\/product"}],"about":[{"href":"https:\/\/www.gastac.com\/fr\/wp-json\/wp\/v2\/types\/product"}],"replies":[{"embeddable":true,"href":"https:\/\/www.gastac.com\/fr\/wp-json\/wp\/v2\/comments?post=21969"}],"wp:featuredmedia":[{"embeddable":true,"href":"https:\/\/www.gastac.com\/fr\/wp-json\/wp\/v2\/media\/21970"}],"wp:attachment":[{"href":"https:\/\/www.gastac.com\/fr\/wp-json\/wp\/v2\/media?parent=21969"}],"wp:term":[{"taxonomy":"product_brand","embeddable":true,"href":"https:\/\/www.gastac.com\/fr\/wp-json\/wp\/v2\/product_brand?post=21969"},{"taxonomy":"product_cat","embeddable":true,"href":"https:\/\/www.gastac.com\/fr\/wp-json\/wp\/v2\/product_cat?post=21969"},{"taxonomy":"product_tag","embeddable":true,"href":"https:\/\/www.gastac.com\/fr\/wp-json\/wp\/v2\/product_tag?post=21969"}],"curies":[{"name":"wp","href":"https:\/\/api.w.org\/{rel}","templated":true}]}}