{"id":17620,"date":"2025-11-11T07:44:11","date_gmt":"2025-11-11T07:44:11","guid":{"rendered":"https:\/\/www.gastac.com\/?post_type=product&#038;p=17620"},"modified":"2025-11-11T07:44:12","modified_gmt":"2025-11-11T07:44:12","slug":"verin-electrique-lineaire","status":"publish","type":"product","link":"https:\/\/www.gastac.com\/fr\/produit\/verin-electrique-lineaire\/","title":{"rendered":"verin electrique lineaire"},"content":{"rendered":"<p><strong>verin electrique lineaire<\/strong><\/p>\n<p>Vous pouvez actionner le v\u00e9rin lin\u00e9aire \u00e9lectrique en extension ou en r\u00e9traction \u00e0 l\u2019aide d\u2019une t\u00e9l\u00e9commande. Couramment utilis\u00e9 pour les portes, les fen\u00eatres, les caves, les trappes, les syst\u00e8mes de suivi solaire, les \u00e9quipements m\u00e9dicaux, les machines agricoles, les v\u00e9hicules, les navires, les plates-formes \u00e9l\u00e9vatrices, les ascenseurs TV, les robots, les armoires, les canap\u00e9s de massage, les lits \u00e9lectriques, les fauteuils m\u00e9dicaux et d\u2019autres \u00e9quipements \u00e9lectriques. Il peut ouvrir, fermer, pousser, tirer, soulever et abaisser ces appareils.<\/p>\n<p>Il peut remplacer les produits hydrauliques et pneumatiques et \u00e9conomiser de l\u2019\u00e9nergie.<\/p>\n<p><img class=\"lazyload\" decoding=\"async\" src=\"data:image\/gif;base64,R0lGODlhAQABAAAAACH5BAEKAAEALAAAAAABAAEAAAICTAEAOw==\" data-orig-src=\"https:\/\/www.gastac.com\/wp-content\/uploads\/2023\/08\/verin-electrique-lineaire-06856-400x400.jpg\" alt=\"verin-electrique-lineaire-06856\" \/><img class=\"lazyload\" decoding=\"async\" src=\"data:image\/gif;base64,R0lGODlhAQABAAAAACH5BAEKAAEALAAAAAABAAEAAAICTAEAOw==\" data-orig-src=\"https:\/\/www.gastac.com\/wp-content\/uploads\/2023\/08\/verin-electrique-lineaire-86867-400x400.jpg\" alt=\"verin-electrique-lineaire-86867\" \/><\/p>\n","protected":false},"excerpt":{"rendered":"<p>verin electrique lineaire Vous pouvez actionner le v\u00e9rin lin\u00e9aire \u00e9lectrique en extension ou en r\u00e9traction \u00e0 l\u2019aide d\u2019une t\u00e9l\u00e9commande. Couramment  [&#8230;]<\/p>\n","protected":false},"featured_media":17622,"comment_status":"open","ping_status":"closed","template":"","meta":[],"product_brand":[],"product_cat":[108],"product_tag":[],"class_list":{"0":"post-17620","1":"product","2":"type-product","3":"status-publish","4":"has-post-thumbnail","6":"product_cat-non-categorise","8":"first","9":"instock","10":"shipping-taxable","11":"product-type-simple"},"yoast_head":"<!-- This site is optimized with the Yoast SEO Premium plugin v26.2 (Yoast SEO v27.5) - https:\/\/yoast.com\/product\/yoast-seo-premium-wordpress\/ -->\n<title>verin electrique lineaire | Gastac Gas Spring<\/title>\n<meta name=\"robots\" content=\"index, follow, max-snippet:-1, max-image-preview:large, max-video-preview:-1\" \/>\n<link rel=\"canonical\" href=\"https:\/\/www.gastac.com\/fr\/produit\/verin-electrique-lineaire\/\" \/>\n<meta property=\"og:locale\" content=\"fr_FR\" \/>\n<meta property=\"og:type\" content=\"article\" \/>\n<meta property=\"og:title\" content=\"verin electrique lineaire\" \/>\n<meta property=\"og:description\" content=\"verin electrique lineaire Vous pouvez actionner le v\u00e9rin lin\u00e9aire \u00e9lectrique en extension ou en r\u00e9traction \u00e0 l\u2019aide d\u2019une t\u00e9l\u00e9commande. Couramment [...]\" \/>\n<meta property=\"og:url\" content=\"https:\/\/www.gastac.com\/fr\/produit\/verin-electrique-lineaire\/\" \/>\n<meta property=\"og:site_name\" content=\"Gastac Gas Spring\" \/>\n<meta property=\"article:publisher\" content=\"https:\/\/www.facebook.com\/profile.php?id=100092358464608\" \/>\n<meta property=\"article:modified_time\" content=\"2025-11-11T07:44:12+00:00\" \/>\n<meta property=\"og:image\" content=\"https:\/\/www.gastac.com\/wp-content\/uploads\/2025\/11\/GT05-2000P-7.webp\" \/>\n\t<meta property=\"og:image:width\" content=\"600\" \/>\n\t<meta property=\"og:image:height\" content=\"600\" \/>\n\t<meta property=\"og:image:type\" content=\"image\/webp\" \/>\n<meta name=\"twitter:card\" content=\"summary_large_image\" \/>\n<meta name=\"twitter:label1\" content=\"Dur\u00e9e de lecture estim\u00e9e\" \/>\n\t<meta name=\"twitter:data1\" content=\"1 minute\" \/>\n<script type=\"application\/ld+json\" class=\"yoast-schema-graph\">{\"@context\":\"https:\\\/\\\/schema.org\",\"@graph\":[{\"@type\":\"WebPage\",\"@id\":\"https:\\\/\\\/www.gastac.com\\\/fr\\\/produit\\\/verin-electrique-lineaire\\\/\",\"url\":\"https:\\\/\\\/www.gastac.com\\\/fr\\\/produit\\\/verin-electrique-lineaire\\\/\",\"name\":\"verin electrique lineaire | Gastac Gas Spring\",\"isPartOf\":{\"@id\":\"https:\\\/\\\/www.gastac.com\\\/fr\\\/#website\"},\"primaryImageOfPage\":{\"@id\":\"https:\\\/\\\/www.gastac.com\\\/fr\\\/produit\\\/verin-electrique-lineaire\\\/#primaryimage\"},\"image\":{\"@id\":\"https:\\\/\\\/www.gastac.com\\\/fr\\\/produit\\\/verin-electrique-lineaire\\\/#primaryimage\"},\"thumbnailUrl\":\"https:\\\/\\\/www.gastac.com\\\/wp-content\\\/uploads\\\/2025\\\/11\\\/GT05-2000P-7.webp\",\"datePublished\":\"2025-11-11T07:44:11+00:00\",\"dateModified\":\"2025-11-11T07:44:12+00:00\",\"breadcrumb\":{\"@id\":\"https:\\\/\\\/www.gastac.com\\\/fr\\\/produit\\\/verin-electrique-lineaire\\\/#breadcrumb\"},\"inLanguage\":\"fr-FR\",\"potentialAction\":[{\"@type\":\"ReadAction\",\"target\":[\"https:\\\/\\\/www.gastac.com\\\/fr\\\/produit\\\/verin-electrique-lineaire\\\/\"]}]},{\"@type\":\"ImageObject\",\"inLanguage\":\"fr-FR\",\"@id\":\"https:\\\/\\\/www.gastac.com\\\/fr\\\/produit\\\/verin-electrique-lineaire\\\/#primaryimage\",\"url\":\"https:\\\/\\\/www.gastac.com\\\/wp-content\\\/uploads\\\/2025\\\/11\\\/GT05-2000P-7.webp\",\"contentUrl\":\"https:\\\/\\\/www.gastac.com\\\/wp-content\\\/uploads\\\/2025\\\/11\\\/GT05-2000P-7.webp\",\"width\":600,\"height\":600,\"caption\":\"GT05 2000P 7\"},{\"@type\":\"BreadcrumbList\",\"@id\":\"https:\\\/\\\/www.gastac.com\\\/fr\\\/produit\\\/verin-electrique-lineaire\\\/#breadcrumb\",\"itemListElement\":[{\"@type\":\"ListItem\",\"position\":1,\"name\":\"Home\",\"item\":\"https:\\\/\\\/www.gastac.com\\\/fr\\\/\"},{\"@type\":\"ListItem\",\"position\":2,\"name\":\"products\",\"item\":\"https:\\\/\\\/www.gastac.com\\\/fr\\\/products\\\/\"},{\"@type\":\"ListItem\",\"position\":3,\"name\":\"Non cat\u00e9goris\u00e9\",\"item\":\"https:\\\/\\\/www.gastac.com\\\/fr\\\/product-category\\\/non-categorise\\\/\"},{\"@type\":\"ListItem\",\"position\":4,\"name\":\"verin electrique lineaire\"}]},{\"@type\":\"WebSite\",\"@id\":\"https:\\\/\\\/www.gastac.com\\\/fr\\\/#website\",\"url\":\"https:\\\/\\\/www.gastac.com\\\/fr\\\/\",\"name\":\"Gastac Gas Spring\",\"description\":\"China\u2019s Leading Gas Springs &amp; Struts Manufacturer\",\"publisher\":{\"@id\":\"https:\\\/\\\/www.gastac.com\\\/fr\\\/#organization\"},\"potentialAction\":[{\"@type\":\"SearchAction\",\"target\":{\"@type\":\"EntryPoint\",\"urlTemplate\":\"https:\\\/\\\/www.gastac.com\\\/fr\\\/?s={search_term_string}\"},\"query-input\":{\"@type\":\"PropertyValueSpecification\",\"valueRequired\":true,\"valueName\":\"search_term_string\"}}],\"inLanguage\":\"fr-FR\"},{\"@type\":\"Organization\",\"@id\":\"https:\\\/\\\/www.gastac.com\\\/fr\\\/#organization\",\"name\":\"Ningbo Gastac Gas Spring Co.,Ltd\",\"url\":\"https:\\\/\\\/www.gastac.com\\\/fr\\\/\",\"logo\":{\"@type\":\"ImageObject\",\"inLanguage\":\"fr-FR\",\"@id\":\"https:\\\/\\\/www.gastac.com\\\/fr\\\/#\\\/schema\\\/logo\\\/image\\\/\",\"url\":\"https:\\\/\\\/www.gastac.com\\\/wp-content\\\/uploads\\\/2025\\\/09\\\/LOGO\u672c\u8272-\u9ed1.webp\",\"contentUrl\":\"https:\\\/\\\/www.gastac.com\\\/wp-content\\\/uploads\\\/2025\\\/09\\\/LOGO\u672c\u8272-\u9ed1.webp\",\"width\":1920,\"height\":1080,\"caption\":\"Ningbo Gastac Gas Spring Co.,Ltd\"},\"image\":{\"@id\":\"https:\\\/\\\/www.gastac.com\\\/fr\\\/#\\\/schema\\\/logo\\\/image\\\/\"},\"sameAs\":[\"https:\\\/\\\/www.facebook.com\\\/profile.php?id=100092358464608\",\"https:\\\/\\\/www.youtube.com\\\/@Gastac-Gas-Spring\",\"https:\\\/\\\/www.linkedin.com\\\/in\\\/gastac-gas-spring\\\/\",\"https:\\\/\\\/www.instagram.com\\\/gastacgasspring\\\/\"]}]}<\/script>\n<!-- \/ Yoast SEO Premium plugin. -->","yoast_head_json":{"title":"verin electrique lineaire | Gastac Gas Spring","robots":{"index":"index","follow":"follow","max-snippet":"max-snippet:-1","max-image-preview":"max-image-preview:large","max-video-preview":"max-video-preview:-1"},"canonical":"https:\/\/www.gastac.com\/fr\/produit\/verin-electrique-lineaire\/","og_locale":"fr_FR","og_type":"article","og_title":"verin electrique lineaire","og_description":"verin electrique lineaire Vous pouvez actionner le v\u00e9rin lin\u00e9aire \u00e9lectrique en extension ou en r\u00e9traction \u00e0 l\u2019aide d\u2019une t\u00e9l\u00e9commande. Couramment [...]","og_url":"https:\/\/www.gastac.com\/fr\/produit\/verin-electrique-lineaire\/","og_site_name":"Gastac Gas Spring","article_publisher":"https:\/\/www.facebook.com\/profile.php?id=100092358464608","article_modified_time":"2025-11-11T07:44:12+00:00","og_image":[{"width":600,"height":600,"url":"https:\/\/www.gastac.com\/wp-content\/uploads\/2025\/11\/GT05-2000P-7.webp","type":"image\/webp"}],"twitter_card":"summary_large_image","twitter_misc":{"Dur\u00e9e de lecture estim\u00e9e":"1 minute"},"schema":{"@context":"https:\/\/schema.org","@graph":[{"@type":"WebPage","@id":"https:\/\/www.gastac.com\/fr\/produit\/verin-electrique-lineaire\/","url":"https:\/\/www.gastac.com\/fr\/produit\/verin-electrique-lineaire\/","name":"verin electrique lineaire | Gastac Gas Spring","isPartOf":{"@id":"https:\/\/www.gastac.com\/fr\/#website"},"primaryImageOfPage":{"@id":"https:\/\/www.gastac.com\/fr\/produit\/verin-electrique-lineaire\/#primaryimage"},"image":{"@id":"https:\/\/www.gastac.com\/fr\/produit\/verin-electrique-lineaire\/#primaryimage"},"thumbnailUrl":"https:\/\/www.gastac.com\/wp-content\/uploads\/2025\/11\/GT05-2000P-7.webp","datePublished":"2025-11-11T07:44:11+00:00","dateModified":"2025-11-11T07:44:12+00:00","breadcrumb":{"@id":"https:\/\/www.gastac.com\/fr\/produit\/verin-electrique-lineaire\/#breadcrumb"},"inLanguage":"fr-FR","potentialAction":[{"@type":"ReadAction","target":["https:\/\/www.gastac.com\/fr\/produit\/verin-electrique-lineaire\/"]}]},{"@type":"ImageObject","inLanguage":"fr-FR","@id":"https:\/\/www.gastac.com\/fr\/produit\/verin-electrique-lineaire\/#primaryimage","url":"https:\/\/www.gastac.com\/wp-content\/uploads\/2025\/11\/GT05-2000P-7.webp","contentUrl":"https:\/\/www.gastac.com\/wp-content\/uploads\/2025\/11\/GT05-2000P-7.webp","width":600,"height":600,"caption":"GT05 2000P 7"},{"@type":"BreadcrumbList","@id":"https:\/\/www.gastac.com\/fr\/produit\/verin-electrique-lineaire\/#breadcrumb","itemListElement":[{"@type":"ListItem","position":1,"name":"Home","item":"https:\/\/www.gastac.com\/fr\/"},{"@type":"ListItem","position":2,"name":"products","item":"https:\/\/www.gastac.com\/fr\/products\/"},{"@type":"ListItem","position":3,"name":"Non cat\u00e9goris\u00e9","item":"https:\/\/www.gastac.com\/fr\/product-category\/non-categorise\/"},{"@type":"ListItem","position":4,"name":"verin electrique lineaire"}]},{"@type":"WebSite","@id":"https:\/\/www.gastac.com\/fr\/#website","url":"https:\/\/www.gastac.com\/fr\/","name":"Gastac Gas Spring","description":"China\u2019s Leading Gas Springs &amp; Struts Manufacturer","publisher":{"@id":"https:\/\/www.gastac.com\/fr\/#organization"},"potentialAction":[{"@type":"SearchAction","target":{"@type":"EntryPoint","urlTemplate":"https:\/\/www.gastac.com\/fr\/?s={search_term_string}"},"query-input":{"@type":"PropertyValueSpecification","valueRequired":true,"valueName":"search_term_string"}}],"inLanguage":"fr-FR"},{"@type":"Organization","@id":"https:\/\/www.gastac.com\/fr\/#organization","name":"Ningbo Gastac Gas Spring Co.,Ltd","url":"https:\/\/www.gastac.com\/fr\/","logo":{"@type":"ImageObject","inLanguage":"fr-FR","@id":"https:\/\/www.gastac.com\/fr\/#\/schema\/logo\/image\/","url":"https:\/\/www.gastac.com\/wp-content\/uploads\/2025\/09\/LOGO\u672c\u8272-\u9ed1.webp","contentUrl":"https:\/\/www.gastac.com\/wp-content\/uploads\/2025\/09\/LOGO\u672c\u8272-\u9ed1.webp","width":1920,"height":1080,"caption":"Ningbo Gastac Gas Spring Co.,Ltd"},"image":{"@id":"https:\/\/www.gastac.com\/fr\/#\/schema\/logo\/image\/"},"sameAs":["https:\/\/www.facebook.com\/profile.php?id=100092358464608","https:\/\/www.youtube.com\/@Gastac-Gas-Spring","https:\/\/www.linkedin.com\/in\/gastac-gas-spring\/","https:\/\/www.instagram.com\/gastacgasspring\/"]}]}},"_links":{"self":[{"href":"https:\/\/www.gastac.com\/fr\/wp-json\/wp\/v2\/product\/17620","targetHints":{"allow":["GET"]}}],"collection":[{"href":"https:\/\/www.gastac.com\/fr\/wp-json\/wp\/v2\/product"}],"about":[{"href":"https:\/\/www.gastac.com\/fr\/wp-json\/wp\/v2\/types\/product"}],"replies":[{"embeddable":true,"href":"https:\/\/www.gastac.com\/fr\/wp-json\/wp\/v2\/comments?post=17620"}],"wp:featuredmedia":[{"embeddable":true,"href":"https:\/\/www.gastac.com\/fr\/wp-json\/wp\/v2\/media\/17622"}],"wp:attachment":[{"href":"https:\/\/www.gastac.com\/fr\/wp-json\/wp\/v2\/media?parent=17620"}],"wp:term":[{"taxonomy":"product_brand","embeddable":true,"href":"https:\/\/www.gastac.com\/fr\/wp-json\/wp\/v2\/product_brand?post=17620"},{"taxonomy":"product_cat","embeddable":true,"href":"https:\/\/www.gastac.com\/fr\/wp-json\/wp\/v2\/product_cat?post=17620"},{"taxonomy":"product_tag","embeddable":true,"href":"https:\/\/www.gastac.com\/fr\/wp-json\/wp\/v2\/product_tag?post=17620"}],"curies":[{"name":"wp","href":"https:\/\/api.w.org\/{rel}","templated":true}]}}