{"id":17553,"date":"2025-11-11T07:10:39","date_gmt":"2025-11-11T07:10:39","guid":{"rendered":"https:\/\/www.gastac.com\/?post_type=product&#038;p=17553"},"modified":"2025-11-11T07:10:40","modified_gmt":"2025-11-11T07:10:40","slug":"verin-hydraulique-meuble-cuisine","status":"publish","type":"product","link":"https:\/\/www.gastac.com\/fr\/produit\/verin-hydraulique-meuble-cuisine\/","title":{"rendered":"verin hydraulique meuble cuisine"},"content":{"rendered":"<p><strong>verin hydraulique meuble cuisine<\/strong><\/p>\n<p>Un v\u00e9rin hydraulique meuble cuisine\u00a0est un type de mat\u00e9riel utilis\u00e9 pour aider \u00e0 soulever et \u00e0 supporter le poids des armoires, en particulier celles dont les portes s\u2019ouvrent vers le haut. Ce verin hydraulique meuble cuisine consiste g\u00e9n\u00e9ralement en une paire de supports gonflables qui sont mont\u00e9s de chaque c\u00f4t\u00e9 de l\u2019armoire, g\u00e9n\u00e9ralement attach\u00e9s au c\u00f4t\u00e9 ou \u00e0 l\u2019arri\u00e8re de l\u2019armoire et \u00e0 l\u2019int\u00e9rieur de la porte de l\u2019armoire.<\/p>\n<p><img class=\"lazyload\" decoding=\"async\" src=\"data:image\/gif;base64,R0lGODlhAQABAAAAACH5BAEKAAEALAAAAAABAAEAAAICTAEAOw==\" data-orig-src=\"https:\/\/www.gastac.com\/wp-content\/uploads\/2023\/08\/verin-cuisine-250n-4-280x280.jpg\" alt=\"verin-cuisine-250n-4\" \/><img class=\"lazyload\" decoding=\"async\" src=\"data:image\/gif;base64,R0lGODlhAQABAAAAACH5BAEKAAEALAAAAAABAAEAAAICTAEAOw==\" data-orig-src=\"https:\/\/www.gastac.com\/wp-content\/uploads\/2023\/08\/verin-cuisine-250n-898-7-439x400.jpg\" alt=\"verin-cuisine-250n-898-7\" \/><\/p>\n<p>Le v\u00e9rin hydraulique pour meuble de cuisine permet de soulever et de soutenir le meuble lorsque la porte est ouverte, ce qui facilite l\u2019acc\u00e8s au contenu du meuble et r\u00e9duit le risque de fermeture accidentelle de la porte du meuble. pour faciliter l\u2019acc\u00e8s aux objets qui y sont rang\u00e9s. Ils peuvent \u00e9galement \u00eatre utilis\u00e9s dans d\u2019autres types d\u2019armoires telles que celles utilis\u00e9es pour le stockage dans les garages, les ateliers ou les bureaux.<\/p>\n<p><img class=\"lazyload\" decoding=\"async\" src=\"data:image\/gif;base64,R0lGODlhAQABAAAAACH5BAEKAAEALAAAAAABAAEAAAICTAEAOw==\" data-orig-src=\"https:\/\/www.gastac.com\/wp-content\/uploads\/2023\/08\/verin-porte-de-placard-relevante-86-8-371x400.jpg\" alt=\"verin-porte-de-placard-relevante-86-8\" \/><img class=\"lazyload\" decoding=\"async\" src=\"data:image\/gif;base64,R0lGODlhAQABAAAAACH5BAEKAAEALAAAAAABAAEAAAICTAEAOw==\" data-orig-src=\"https:\/\/www.gastac.com\/wp-content\/uploads\/2023\/08\/verin-porte-de-placard-relevante-99-8-400x400.jpg\" alt=\"verin-porte-de-placard-relevante-99-8\" \/><img class=\"lazyload\" decoding=\"async\" src=\"data:image\/gif;base64,R0lGODlhAQABAAAAACH5BAEKAAEALAAAAAABAAEAAAICTAEAOw==\" data-orig-src=\"https:\/\/www.gastac.com\/wp-content\/uploads\/2023\/08\/verin-porte-de-placard-relevante-676-5.jpg\" alt=\"verin-porte-de-placard-relevante-676-5\" \/><\/p>\n","protected":false},"excerpt":{"rendered":"<p>verin hydraulique meuble cuisine Un v\u00e9rin hydraulique meuble cuisine\u00a0est un type de mat\u00e9riel utilis\u00e9 pour aider \u00e0 soulever et \u00e0  [&#8230;]<\/p>\n","protected":false},"featured_media":17556,"comment_status":"open","ping_status":"closed","template":"","meta":[],"product_brand":[],"product_cat":[108],"product_tag":[],"class_list":{"0":"post-17553","1":"product","2":"type-product","3":"status-publish","4":"has-post-thumbnail","6":"product_cat-non-categorise","8":"first","9":"instock","10":"shipping-taxable","11":"product-type-simple"},"yoast_head":"<!-- This site is optimized with the Yoast SEO Premium plugin v26.2 (Yoast SEO v27.4) - https:\/\/yoast.com\/product\/yoast-seo-premium-wordpress\/ -->\n<title>verin hydraulique meuble cuisine | Gastac Gas Spring<\/title>\n<meta name=\"robots\" content=\"index, follow, max-snippet:-1, max-image-preview:large, max-video-preview:-1\" \/>\n<link rel=\"canonical\" href=\"https:\/\/www.gastac.com\/fr\/produit\/verin-hydraulique-meuble-cuisine\/\" \/>\n<meta property=\"og:locale\" content=\"fr_FR\" \/>\n<meta property=\"og:type\" content=\"article\" \/>\n<meta property=\"og:title\" content=\"verin hydraulique meuble cuisine\" \/>\n<meta property=\"og:description\" content=\"verin hydraulique meuble cuisine Un v\u00e9rin hydraulique meuble cuisine\u00a0est un type de mat\u00e9riel utilis\u00e9 pour aider \u00e0 soulever et \u00e0 [...]\" \/>\n<meta property=\"og:url\" content=\"https:\/\/www.gastac.com\/fr\/produit\/verin-hydraulique-meuble-cuisine\/\" \/>\n<meta property=\"og:site_name\" content=\"Gastac Gas Spring\" \/>\n<meta property=\"article:publisher\" content=\"https:\/\/www.facebook.com\/profile.php?id=100092358464608\" \/>\n<meta property=\"article:modified_time\" content=\"2025-11-11T07:10:40+00:00\" \/>\n<meta property=\"og:image\" content=\"https:\/\/www.gastac.com\/wp-content\/uploads\/2025\/11\/verin-porte-de-placard-relevante-0-4.webp\" \/>\n\t<meta property=\"og:image:width\" content=\"600\" \/>\n\t<meta property=\"og:image:height\" content=\"600\" \/>\n\t<meta property=\"og:image:type\" content=\"image\/webp\" \/>\n<meta name=\"twitter:card\" content=\"summary_large_image\" \/>\n<meta name=\"twitter:label1\" content=\"Dur\u00e9e de lecture estim\u00e9e\" \/>\n\t<meta name=\"twitter:data1\" content=\"1 minute\" \/>\n<script type=\"application\/ld+json\" class=\"yoast-schema-graph\">{\"@context\":\"https:\\\/\\\/schema.org\",\"@graph\":[{\"@type\":\"WebPage\",\"@id\":\"https:\\\/\\\/www.gastac.com\\\/fr\\\/produit\\\/verin-hydraulique-meuble-cuisine\\\/\",\"url\":\"https:\\\/\\\/www.gastac.com\\\/fr\\\/produit\\\/verin-hydraulique-meuble-cuisine\\\/\",\"name\":\"verin hydraulique meuble cuisine | Gastac Gas Spring\",\"isPartOf\":{\"@id\":\"https:\\\/\\\/www.gastac.com\\\/fr\\\/#website\"},\"primaryImageOfPage\":{\"@id\":\"https:\\\/\\\/www.gastac.com\\\/fr\\\/produit\\\/verin-hydraulique-meuble-cuisine\\\/#primaryimage\"},\"image\":{\"@id\":\"https:\\\/\\\/www.gastac.com\\\/fr\\\/produit\\\/verin-hydraulique-meuble-cuisine\\\/#primaryimage\"},\"thumbnailUrl\":\"https:\\\/\\\/www.gastac.com\\\/wp-content\\\/uploads\\\/2025\\\/11\\\/verin-porte-de-placard-relevante-0-4.webp\",\"datePublished\":\"2025-11-11T07:10:39+00:00\",\"dateModified\":\"2025-11-11T07:10:40+00:00\",\"breadcrumb\":{\"@id\":\"https:\\\/\\\/www.gastac.com\\\/fr\\\/produit\\\/verin-hydraulique-meuble-cuisine\\\/#breadcrumb\"},\"inLanguage\":\"fr-FR\",\"potentialAction\":[{\"@type\":\"ReadAction\",\"target\":[\"https:\\\/\\\/www.gastac.com\\\/fr\\\/produit\\\/verin-hydraulique-meuble-cuisine\\\/\"]}]},{\"@type\":\"ImageObject\",\"inLanguage\":\"fr-FR\",\"@id\":\"https:\\\/\\\/www.gastac.com\\\/fr\\\/produit\\\/verin-hydraulique-meuble-cuisine\\\/#primaryimage\",\"url\":\"https:\\\/\\\/www.gastac.com\\\/wp-content\\\/uploads\\\/2025\\\/11\\\/verin-porte-de-placard-relevante-0-4.webp\",\"contentUrl\":\"https:\\\/\\\/www.gastac.com\\\/wp-content\\\/uploads\\\/2025\\\/11\\\/verin-porte-de-placard-relevante-0-4.webp\",\"width\":600,\"height\":600,\"caption\":\"verin porte de placard relevante 0 4\"},{\"@type\":\"BreadcrumbList\",\"@id\":\"https:\\\/\\\/www.gastac.com\\\/fr\\\/produit\\\/verin-hydraulique-meuble-cuisine\\\/#breadcrumb\",\"itemListElement\":[{\"@type\":\"ListItem\",\"position\":1,\"name\":\"Home\",\"item\":\"https:\\\/\\\/www.gastac.com\\\/fr\\\/\"},{\"@type\":\"ListItem\",\"position\":2,\"name\":\"products\",\"item\":\"https:\\\/\\\/www.gastac.com\\\/fr\\\/products\\\/\"},{\"@type\":\"ListItem\",\"position\":3,\"name\":\"Non cat\u00e9goris\u00e9\",\"item\":\"https:\\\/\\\/www.gastac.com\\\/fr\\\/product-category\\\/non-categorise\\\/\"},{\"@type\":\"ListItem\",\"position\":4,\"name\":\"verin hydraulique meuble cuisine\"}]},{\"@type\":\"WebSite\",\"@id\":\"https:\\\/\\\/www.gastac.com\\\/fr\\\/#website\",\"url\":\"https:\\\/\\\/www.gastac.com\\\/fr\\\/\",\"name\":\"Gastac Gas Spring\",\"description\":\"China\u2019s Leading Gas Springs &amp; Struts Manufacturer\",\"publisher\":{\"@id\":\"https:\\\/\\\/www.gastac.com\\\/fr\\\/#organization\"},\"potentialAction\":[{\"@type\":\"SearchAction\",\"target\":{\"@type\":\"EntryPoint\",\"urlTemplate\":\"https:\\\/\\\/www.gastac.com\\\/fr\\\/?s={search_term_string}\"},\"query-input\":{\"@type\":\"PropertyValueSpecification\",\"valueRequired\":true,\"valueName\":\"search_term_string\"}}],\"inLanguage\":\"fr-FR\"},{\"@type\":\"Organization\",\"@id\":\"https:\\\/\\\/www.gastac.com\\\/fr\\\/#organization\",\"name\":\"Ningbo Gastac Gas Spring Co.,Ltd\",\"url\":\"https:\\\/\\\/www.gastac.com\\\/fr\\\/\",\"logo\":{\"@type\":\"ImageObject\",\"inLanguage\":\"fr-FR\",\"@id\":\"https:\\\/\\\/www.gastac.com\\\/fr\\\/#\\\/schema\\\/logo\\\/image\\\/\",\"url\":\"https:\\\/\\\/www.gastac.com\\\/wp-content\\\/uploads\\\/2025\\\/09\\\/LOGO\u672c\u8272-\u9ed1.webp\",\"contentUrl\":\"https:\\\/\\\/www.gastac.com\\\/wp-content\\\/uploads\\\/2025\\\/09\\\/LOGO\u672c\u8272-\u9ed1.webp\",\"width\":1920,\"height\":1080,\"caption\":\"Ningbo Gastac Gas Spring Co.,Ltd\"},\"image\":{\"@id\":\"https:\\\/\\\/www.gastac.com\\\/fr\\\/#\\\/schema\\\/logo\\\/image\\\/\"},\"sameAs\":[\"https:\\\/\\\/www.facebook.com\\\/profile.php?id=100092358464608\",\"https:\\\/\\\/www.youtube.com\\\/@Gastac-Gas-Spring\",\"https:\\\/\\\/www.linkedin.com\\\/in\\\/gastac-gas-spring\\\/\",\"https:\\\/\\\/www.instagram.com\\\/gastacgasspring\\\/\"]}]}<\/script>\n<!-- \/ Yoast SEO Premium plugin. -->","yoast_head_json":{"title":"verin hydraulique meuble cuisine | Gastac Gas Spring","robots":{"index":"index","follow":"follow","max-snippet":"max-snippet:-1","max-image-preview":"max-image-preview:large","max-video-preview":"max-video-preview:-1"},"canonical":"https:\/\/www.gastac.com\/fr\/produit\/verin-hydraulique-meuble-cuisine\/","og_locale":"fr_FR","og_type":"article","og_title":"verin hydraulique meuble cuisine","og_description":"verin hydraulique meuble cuisine Un v\u00e9rin hydraulique meuble cuisine\u00a0est un type de mat\u00e9riel utilis\u00e9 pour aider \u00e0 soulever et \u00e0 [...]","og_url":"https:\/\/www.gastac.com\/fr\/produit\/verin-hydraulique-meuble-cuisine\/","og_site_name":"Gastac Gas Spring","article_publisher":"https:\/\/www.facebook.com\/profile.php?id=100092358464608","article_modified_time":"2025-11-11T07:10:40+00:00","og_image":[{"width":600,"height":600,"url":"https:\/\/www.gastac.com\/wp-content\/uploads\/2025\/11\/verin-porte-de-placard-relevante-0-4.webp","type":"image\/webp"}],"twitter_card":"summary_large_image","twitter_misc":{"Dur\u00e9e de lecture estim\u00e9e":"1 minute"},"schema":{"@context":"https:\/\/schema.org","@graph":[{"@type":"WebPage","@id":"https:\/\/www.gastac.com\/fr\/produit\/verin-hydraulique-meuble-cuisine\/","url":"https:\/\/www.gastac.com\/fr\/produit\/verin-hydraulique-meuble-cuisine\/","name":"verin hydraulique meuble cuisine | Gastac Gas Spring","isPartOf":{"@id":"https:\/\/www.gastac.com\/fr\/#website"},"primaryImageOfPage":{"@id":"https:\/\/www.gastac.com\/fr\/produit\/verin-hydraulique-meuble-cuisine\/#primaryimage"},"image":{"@id":"https:\/\/www.gastac.com\/fr\/produit\/verin-hydraulique-meuble-cuisine\/#primaryimage"},"thumbnailUrl":"https:\/\/www.gastac.com\/wp-content\/uploads\/2025\/11\/verin-porte-de-placard-relevante-0-4.webp","datePublished":"2025-11-11T07:10:39+00:00","dateModified":"2025-11-11T07:10:40+00:00","breadcrumb":{"@id":"https:\/\/www.gastac.com\/fr\/produit\/verin-hydraulique-meuble-cuisine\/#breadcrumb"},"inLanguage":"fr-FR","potentialAction":[{"@type":"ReadAction","target":["https:\/\/www.gastac.com\/fr\/produit\/verin-hydraulique-meuble-cuisine\/"]}]},{"@type":"ImageObject","inLanguage":"fr-FR","@id":"https:\/\/www.gastac.com\/fr\/produit\/verin-hydraulique-meuble-cuisine\/#primaryimage","url":"https:\/\/www.gastac.com\/wp-content\/uploads\/2025\/11\/verin-porte-de-placard-relevante-0-4.webp","contentUrl":"https:\/\/www.gastac.com\/wp-content\/uploads\/2025\/11\/verin-porte-de-placard-relevante-0-4.webp","width":600,"height":600,"caption":"verin porte de placard relevante 0 4"},{"@type":"BreadcrumbList","@id":"https:\/\/www.gastac.com\/fr\/produit\/verin-hydraulique-meuble-cuisine\/#breadcrumb","itemListElement":[{"@type":"ListItem","position":1,"name":"Home","item":"https:\/\/www.gastac.com\/fr\/"},{"@type":"ListItem","position":2,"name":"products","item":"https:\/\/www.gastac.com\/fr\/products\/"},{"@type":"ListItem","position":3,"name":"Non cat\u00e9goris\u00e9","item":"https:\/\/www.gastac.com\/fr\/product-category\/non-categorise\/"},{"@type":"ListItem","position":4,"name":"verin hydraulique meuble cuisine"}]},{"@type":"WebSite","@id":"https:\/\/www.gastac.com\/fr\/#website","url":"https:\/\/www.gastac.com\/fr\/","name":"Gastac Gas Spring","description":"China\u2019s Leading Gas Springs &amp; Struts Manufacturer","publisher":{"@id":"https:\/\/www.gastac.com\/fr\/#organization"},"potentialAction":[{"@type":"SearchAction","target":{"@type":"EntryPoint","urlTemplate":"https:\/\/www.gastac.com\/fr\/?s={search_term_string}"},"query-input":{"@type":"PropertyValueSpecification","valueRequired":true,"valueName":"search_term_string"}}],"inLanguage":"fr-FR"},{"@type":"Organization","@id":"https:\/\/www.gastac.com\/fr\/#organization","name":"Ningbo Gastac Gas Spring Co.,Ltd","url":"https:\/\/www.gastac.com\/fr\/","logo":{"@type":"ImageObject","inLanguage":"fr-FR","@id":"https:\/\/www.gastac.com\/fr\/#\/schema\/logo\/image\/","url":"https:\/\/www.gastac.com\/wp-content\/uploads\/2025\/09\/LOGO\u672c\u8272-\u9ed1.webp","contentUrl":"https:\/\/www.gastac.com\/wp-content\/uploads\/2025\/09\/LOGO\u672c\u8272-\u9ed1.webp","width":1920,"height":1080,"caption":"Ningbo Gastac Gas Spring Co.,Ltd"},"image":{"@id":"https:\/\/www.gastac.com\/fr\/#\/schema\/logo\/image\/"},"sameAs":["https:\/\/www.facebook.com\/profile.php?id=100092358464608","https:\/\/www.youtube.com\/@Gastac-Gas-Spring","https:\/\/www.linkedin.com\/in\/gastac-gas-spring\/","https:\/\/www.instagram.com\/gastacgasspring\/"]}]}},"_links":{"self":[{"href":"https:\/\/www.gastac.com\/fr\/wp-json\/wp\/v2\/product\/17553","targetHints":{"allow":["GET"]}}],"collection":[{"href":"https:\/\/www.gastac.com\/fr\/wp-json\/wp\/v2\/product"}],"about":[{"href":"https:\/\/www.gastac.com\/fr\/wp-json\/wp\/v2\/types\/product"}],"replies":[{"embeddable":true,"href":"https:\/\/www.gastac.com\/fr\/wp-json\/wp\/v2\/comments?post=17553"}],"wp:featuredmedia":[{"embeddable":true,"href":"https:\/\/www.gastac.com\/fr\/wp-json\/wp\/v2\/media\/17556"}],"wp:attachment":[{"href":"https:\/\/www.gastac.com\/fr\/wp-json\/wp\/v2\/media?parent=17553"}],"wp:term":[{"taxonomy":"product_brand","embeddable":true,"href":"https:\/\/www.gastac.com\/fr\/wp-json\/wp\/v2\/product_brand?post=17553"},{"taxonomy":"product_cat","embeddable":true,"href":"https:\/\/www.gastac.com\/fr\/wp-json\/wp\/v2\/product_cat?post=17553"},{"taxonomy":"product_tag","embeddable":true,"href":"https:\/\/www.gastac.com\/fr\/wp-json\/wp\/v2\/product_tag?post=17553"}],"curies":[{"name":"wp","href":"https:\/\/api.w.org\/{rel}","templated":true}]}}