{"id":17526,"date":"2025-11-11T07:01:52","date_gmt":"2025-11-11T07:01:52","guid":{"rendered":"https:\/\/www.gastac.com\/?post_type=product&#038;p=17526"},"modified":"2025-11-11T07:01:53","modified_gmt":"2025-11-11T07:01:53","slug":"verin-lineaire-12v","status":"publish","type":"product","link":"https:\/\/www.gastac.com\/fr\/produit\/verin-lineaire-12v\/","title":{"rendered":"verin lineaire 12v"},"content":{"rendered":"<p><strong>verin lineaire 12v<\/strong><\/p>\n<p>Fonctionnant sur une alimentation de 12 volts CC, le v\u00e9rin lin\u00e9aire 12v est un type d\u2019actionneur couramment utilis\u00e9 dans de nombreuses applications telles que l\u2019automobile, la marine, la robotique et la domotique. Voici quelques facteurs cl\u00e9s \u00e0 prendre en compte lors du choix d\u2019un v\u00e9rin lin\u00e9aire \u00e9lectrique :<\/p>\n<p>&nbsp;<\/p>\n<p>Capacit\u00e9 de charge : la capacit\u00e9 de charge est le poids maximal que l\u2019actionneur peut soulever ou pousser. Vous devez choisir un actionneur dont la capacit\u00e9 de charge peut supporter le poids de votre application.<\/p>\n<p><img class=\"lazyload\" decoding=\"async\" src=\"data:image\/gif;base64,R0lGODlhAQABAAAAACH5BAEKAAEALAAAAAABAAEAAAICTAEAOw==\" data-orig-src=\"https:\/\/www.gastac.com\/wp-content\/uploads\/2023\/08\/verin-lineaire-12v-00-280x280.png\" alt=\"verin-lineaire-12v\" \/><img class=\"lazyload\" decoding=\"async\" src=\"data:image\/gif;base64,R0lGODlhAQABAAAAACH5BAEKAAEALAAAAAABAAEAAAICTAEAOw==\" data-orig-src=\"https:\/\/www.gastac.com\/wp-content\/uploads\/2023\/08\/verin-lineaire-12v-0-280x280.png\" alt=\"verin-lineaire-12v-0-280x280\" \/><\/p>\n<p>Longueur de course : la longueur de course est la distance que l\u2019actionneur peut \u00e9tendre et r\u00e9tracter. Vous devez s\u00e9lectionner un actionneur dont la longueur de course r\u00e9pond aux besoins de votre application.<\/p>\n<p>Vitesse : La vitesse du\u00a0v\u00e9rin lineaire 12v affecte les performances globales de l\u2019application. Vous devez s\u00e9lectionner un v\u00e9rin dont la vitesse r\u00e9pond aux exigences de pr\u00e9cision et d\u2019efficacit\u00e9.<\/p>\n<p>Options de contr\u00f4le : le v\u00e9rin lin\u00e9aire 12v\u00a0peut \u00eatre contr\u00f4l\u00e9 \u00e0 l\u2019aide de diverses options telles que la commande \u00e0 distance, le panneau de commande c\u00e2bl\u00e9 ou le contr\u00f4le par logiciel. Vous devez choisir une option de commande facile \u00e0 utiliser et permettant des r\u00e9glages pr\u00e9cis.<\/p>\n<p>Options de montage : le v\u00e9rin \u00e9lectrique lin\u00e9aire 12v est disponible dans une vari\u00e9t\u00e9 d\u2019options de montage telles que le montage horizontal, vertical ou inclin\u00e9. Vous devrez s\u00e9lectionner un actionneur avec une option de montage qui correspond \u00e0 votre application.<\/p>\n<p>Lors du montage du\u00a0v\u00e9rin lin\u00e9aire 12v,\u00a0suivez toujours attentivement les instructions du fabricant pour vous assurer que l\u2019actionneur est correctement fix\u00e9 \u00e0 la surface de montage. Il est \u00e9galement conseill\u00e9 de tester le fonctionnement de l\u2019actionneur avant une utilisation r\u00e9guli\u00e8re afin de s\u2019assurer qu\u2019il fonctionne correctement.<\/p>\n<p>&nbsp;<\/p>\n<p>Applications :<\/p>\n<p>Lits de soins \u00e9lectriques, lits chirurgicaux, lits de traction, fauteuils de massage, fauteuils dentaires, fauteuils roulants \u00e9lectriques, canap\u00e9s \u00e9lectriques, pr\u00e9sentoirs \u00e9lectriques, lucarnes \u00e9lectriques, meubles ergonomiques et autres occasions o\u00f9 des actionneurs de mouvement lin\u00e9aire sont n\u00e9cessaires, tr\u00e8s faciles \u00e0 installer, et sont largement utilis\u00e9s dans les domaines des soins m\u00e9dicaux, de la lutte contre les incendies, de l\u2019entretien m\u00e9nager, des machines \u00e9lectriques, de l\u2019industrie chimique, des articles sanitaires et des loisirs.<\/p>\n<p><img class=\"lazyload\" decoding=\"async\" src=\"data:image\/gif;base64,R0lGODlhAQABAAAAACH5BAEKAAEALAAAAAABAAEAAAICTAEAOw==\" data-orig-src=\"https:\/\/www.gastac.com\/wp-content\/uploads\/2023\/08\/verin-lineaire-12v-400x400.jpg\" alt=\"verin-lineaire-12v-400x400\" \/><img class=\"lazyload\" decoding=\"async\" src=\"data:image\/gif;base64,R0lGODlhAQABAAAAACH5BAEKAAEALAAAAAABAAEAAAICTAEAOw==\" data-orig-src=\"https:\/\/www.gastac.com\/wp-content\/uploads\/2023\/08\/verin-lineaire-12v-0-400x400.jpg\" alt=\"verin-lineaire-12v-0-400x400\" \/><\/p>\n","protected":false},"excerpt":{"rendered":"<p>verin lineaire 12v Fonctionnant sur une alimentation de 12 volts CC, le v\u00e9rin lin\u00e9aire 12v est un type d\u2019actionneur couramment  [&#8230;]<\/p>\n","protected":false},"featured_media":17531,"comment_status":"open","ping_status":"closed","template":"","meta":[],"product_brand":[],"product_cat":[108],"product_tag":[],"class_list":{"0":"post-17526","1":"product","2":"type-product","3":"status-publish","4":"has-post-thumbnail","6":"product_cat-non-categorise","8":"first","9":"instock","10":"shipping-taxable","11":"product-type-simple"},"yoast_head":"<!-- This site is optimized with the Yoast SEO Premium plugin v26.2 (Yoast SEO v27.5) - https:\/\/yoast.com\/product\/yoast-seo-premium-wordpress\/ -->\n<title>verin lineaire 12v | Gastac Gas Spring<\/title>\n<meta name=\"robots\" content=\"index, follow, max-snippet:-1, max-image-preview:large, max-video-preview:-1\" \/>\n<link rel=\"canonical\" href=\"https:\/\/www.gastac.com\/fr\/produit\/verin-lineaire-12v\/\" \/>\n<meta property=\"og:locale\" content=\"fr_FR\" \/>\n<meta property=\"og:type\" content=\"article\" \/>\n<meta property=\"og:title\" content=\"verin lineaire 12v\" \/>\n<meta property=\"og:description\" content=\"verin lineaire 12v Fonctionnant sur une alimentation de 12 volts CC, le v\u00e9rin lin\u00e9aire 12v est un type d\u2019actionneur couramment [...]\" \/>\n<meta property=\"og:url\" content=\"https:\/\/www.gastac.com\/fr\/produit\/verin-lineaire-12v\/\" \/>\n<meta property=\"og:site_name\" content=\"Gastac Gas Spring\" \/>\n<meta property=\"article:publisher\" content=\"https:\/\/www.facebook.com\/profile.php?id=100092358464608\" \/>\n<meta property=\"article:modified_time\" content=\"2025-11-11T07:01:53+00:00\" \/>\n<meta property=\"og:image\" content=\"https:\/\/www.gastac.com\/wp-content\/uploads\/2025\/11\/verin-lineaire-12v-0-1.webp\" \/>\n\t<meta property=\"og:image:width\" content=\"600\" \/>\n\t<meta property=\"og:image:height\" content=\"600\" \/>\n\t<meta property=\"og:image:type\" content=\"image\/webp\" \/>\n<meta name=\"twitter:card\" content=\"summary_large_image\" \/>\n<meta name=\"twitter:label1\" content=\"Dur\u00e9e de lecture estim\u00e9e\" \/>\n\t<meta name=\"twitter:data1\" content=\"1 minute\" \/>\n<script type=\"application\/ld+json\" class=\"yoast-schema-graph\">{\"@context\":\"https:\\\/\\\/schema.org\",\"@graph\":[{\"@type\":\"WebPage\",\"@id\":\"https:\\\/\\\/www.gastac.com\\\/fr\\\/produit\\\/verin-lineaire-12v\\\/\",\"url\":\"https:\\\/\\\/www.gastac.com\\\/fr\\\/produit\\\/verin-lineaire-12v\\\/\",\"name\":\"verin lineaire 12v | Gastac Gas Spring\",\"isPartOf\":{\"@id\":\"https:\\\/\\\/www.gastac.com\\\/fr\\\/#website\"},\"primaryImageOfPage\":{\"@id\":\"https:\\\/\\\/www.gastac.com\\\/fr\\\/produit\\\/verin-lineaire-12v\\\/#primaryimage\"},\"image\":{\"@id\":\"https:\\\/\\\/www.gastac.com\\\/fr\\\/produit\\\/verin-lineaire-12v\\\/#primaryimage\"},\"thumbnailUrl\":\"https:\\\/\\\/www.gastac.com\\\/wp-content\\\/uploads\\\/2025\\\/11\\\/verin-lineaire-12v-0-1.webp\",\"datePublished\":\"2025-11-11T07:01:52+00:00\",\"dateModified\":\"2025-11-11T07:01:53+00:00\",\"breadcrumb\":{\"@id\":\"https:\\\/\\\/www.gastac.com\\\/fr\\\/produit\\\/verin-lineaire-12v\\\/#breadcrumb\"},\"inLanguage\":\"fr-FR\",\"potentialAction\":[{\"@type\":\"ReadAction\",\"target\":[\"https:\\\/\\\/www.gastac.com\\\/fr\\\/produit\\\/verin-lineaire-12v\\\/\"]}]},{\"@type\":\"ImageObject\",\"inLanguage\":\"fr-FR\",\"@id\":\"https:\\\/\\\/www.gastac.com\\\/fr\\\/produit\\\/verin-lineaire-12v\\\/#primaryimage\",\"url\":\"https:\\\/\\\/www.gastac.com\\\/wp-content\\\/uploads\\\/2025\\\/11\\\/verin-lineaire-12v-0-1.webp\",\"contentUrl\":\"https:\\\/\\\/www.gastac.com\\\/wp-content\\\/uploads\\\/2025\\\/11\\\/verin-lineaire-12v-0-1.webp\",\"width\":600,\"height\":600,\"caption\":\"verin lineaire 12v 0 1\"},{\"@type\":\"BreadcrumbList\",\"@id\":\"https:\\\/\\\/www.gastac.com\\\/fr\\\/produit\\\/verin-lineaire-12v\\\/#breadcrumb\",\"itemListElement\":[{\"@type\":\"ListItem\",\"position\":1,\"name\":\"Home\",\"item\":\"https:\\\/\\\/www.gastac.com\\\/fr\\\/\"},{\"@type\":\"ListItem\",\"position\":2,\"name\":\"products\",\"item\":\"https:\\\/\\\/www.gastac.com\\\/fr\\\/products\\\/\"},{\"@type\":\"ListItem\",\"position\":3,\"name\":\"Non cat\u00e9goris\u00e9\",\"item\":\"https:\\\/\\\/www.gastac.com\\\/fr\\\/product-category\\\/non-categorise\\\/\"},{\"@type\":\"ListItem\",\"position\":4,\"name\":\"verin lineaire 12v\"}]},{\"@type\":\"WebSite\",\"@id\":\"https:\\\/\\\/www.gastac.com\\\/fr\\\/#website\",\"url\":\"https:\\\/\\\/www.gastac.com\\\/fr\\\/\",\"name\":\"Gastac Gas Spring\",\"description\":\"China\u2019s Leading Gas Springs &amp; Struts Manufacturer\",\"publisher\":{\"@id\":\"https:\\\/\\\/www.gastac.com\\\/fr\\\/#organization\"},\"potentialAction\":[{\"@type\":\"SearchAction\",\"target\":{\"@type\":\"EntryPoint\",\"urlTemplate\":\"https:\\\/\\\/www.gastac.com\\\/fr\\\/?s={search_term_string}\"},\"query-input\":{\"@type\":\"PropertyValueSpecification\",\"valueRequired\":true,\"valueName\":\"search_term_string\"}}],\"inLanguage\":\"fr-FR\"},{\"@type\":\"Organization\",\"@id\":\"https:\\\/\\\/www.gastac.com\\\/fr\\\/#organization\",\"name\":\"Ningbo Gastac Gas Spring Co.,Ltd\",\"url\":\"https:\\\/\\\/www.gastac.com\\\/fr\\\/\",\"logo\":{\"@type\":\"ImageObject\",\"inLanguage\":\"fr-FR\",\"@id\":\"https:\\\/\\\/www.gastac.com\\\/fr\\\/#\\\/schema\\\/logo\\\/image\\\/\",\"url\":\"https:\\\/\\\/www.gastac.com\\\/wp-content\\\/uploads\\\/2025\\\/09\\\/LOGO\u672c\u8272-\u9ed1.webp\",\"contentUrl\":\"https:\\\/\\\/www.gastac.com\\\/wp-content\\\/uploads\\\/2025\\\/09\\\/LOGO\u672c\u8272-\u9ed1.webp\",\"width\":1920,\"height\":1080,\"caption\":\"Ningbo Gastac Gas Spring Co.,Ltd\"},\"image\":{\"@id\":\"https:\\\/\\\/www.gastac.com\\\/fr\\\/#\\\/schema\\\/logo\\\/image\\\/\"},\"sameAs\":[\"https:\\\/\\\/www.facebook.com\\\/profile.php?id=100092358464608\",\"https:\\\/\\\/www.youtube.com\\\/@Gastac-Gas-Spring\",\"https:\\\/\\\/www.linkedin.com\\\/in\\\/gastac-gas-spring\\\/\",\"https:\\\/\\\/www.instagram.com\\\/gastacgasspring\\\/\"]}]}<\/script>\n<!-- \/ Yoast SEO Premium plugin. -->","yoast_head_json":{"title":"verin lineaire 12v | Gastac Gas Spring","robots":{"index":"index","follow":"follow","max-snippet":"max-snippet:-1","max-image-preview":"max-image-preview:large","max-video-preview":"max-video-preview:-1"},"canonical":"https:\/\/www.gastac.com\/fr\/produit\/verin-lineaire-12v\/","og_locale":"fr_FR","og_type":"article","og_title":"verin lineaire 12v","og_description":"verin lineaire 12v Fonctionnant sur une alimentation de 12 volts CC, le v\u00e9rin lin\u00e9aire 12v est un type d\u2019actionneur couramment [...]","og_url":"https:\/\/www.gastac.com\/fr\/produit\/verin-lineaire-12v\/","og_site_name":"Gastac Gas Spring","article_publisher":"https:\/\/www.facebook.com\/profile.php?id=100092358464608","article_modified_time":"2025-11-11T07:01:53+00:00","og_image":[{"width":600,"height":600,"url":"https:\/\/www.gastac.com\/wp-content\/uploads\/2025\/11\/verin-lineaire-12v-0-1.webp","type":"image\/webp"}],"twitter_card":"summary_large_image","twitter_misc":{"Dur\u00e9e de lecture estim\u00e9e":"1 minute"},"schema":{"@context":"https:\/\/schema.org","@graph":[{"@type":"WebPage","@id":"https:\/\/www.gastac.com\/fr\/produit\/verin-lineaire-12v\/","url":"https:\/\/www.gastac.com\/fr\/produit\/verin-lineaire-12v\/","name":"verin lineaire 12v | Gastac Gas Spring","isPartOf":{"@id":"https:\/\/www.gastac.com\/fr\/#website"},"primaryImageOfPage":{"@id":"https:\/\/www.gastac.com\/fr\/produit\/verin-lineaire-12v\/#primaryimage"},"image":{"@id":"https:\/\/www.gastac.com\/fr\/produit\/verin-lineaire-12v\/#primaryimage"},"thumbnailUrl":"https:\/\/www.gastac.com\/wp-content\/uploads\/2025\/11\/verin-lineaire-12v-0-1.webp","datePublished":"2025-11-11T07:01:52+00:00","dateModified":"2025-11-11T07:01:53+00:00","breadcrumb":{"@id":"https:\/\/www.gastac.com\/fr\/produit\/verin-lineaire-12v\/#breadcrumb"},"inLanguage":"fr-FR","potentialAction":[{"@type":"ReadAction","target":["https:\/\/www.gastac.com\/fr\/produit\/verin-lineaire-12v\/"]}]},{"@type":"ImageObject","inLanguage":"fr-FR","@id":"https:\/\/www.gastac.com\/fr\/produit\/verin-lineaire-12v\/#primaryimage","url":"https:\/\/www.gastac.com\/wp-content\/uploads\/2025\/11\/verin-lineaire-12v-0-1.webp","contentUrl":"https:\/\/www.gastac.com\/wp-content\/uploads\/2025\/11\/verin-lineaire-12v-0-1.webp","width":600,"height":600,"caption":"verin lineaire 12v 0 1"},{"@type":"BreadcrumbList","@id":"https:\/\/www.gastac.com\/fr\/produit\/verin-lineaire-12v\/#breadcrumb","itemListElement":[{"@type":"ListItem","position":1,"name":"Home","item":"https:\/\/www.gastac.com\/fr\/"},{"@type":"ListItem","position":2,"name":"products","item":"https:\/\/www.gastac.com\/fr\/products\/"},{"@type":"ListItem","position":3,"name":"Non cat\u00e9goris\u00e9","item":"https:\/\/www.gastac.com\/fr\/product-category\/non-categorise\/"},{"@type":"ListItem","position":4,"name":"verin lineaire 12v"}]},{"@type":"WebSite","@id":"https:\/\/www.gastac.com\/fr\/#website","url":"https:\/\/www.gastac.com\/fr\/","name":"Gastac Gas Spring","description":"China\u2019s Leading Gas Springs &amp; Struts Manufacturer","publisher":{"@id":"https:\/\/www.gastac.com\/fr\/#organization"},"potentialAction":[{"@type":"SearchAction","target":{"@type":"EntryPoint","urlTemplate":"https:\/\/www.gastac.com\/fr\/?s={search_term_string}"},"query-input":{"@type":"PropertyValueSpecification","valueRequired":true,"valueName":"search_term_string"}}],"inLanguage":"fr-FR"},{"@type":"Organization","@id":"https:\/\/www.gastac.com\/fr\/#organization","name":"Ningbo Gastac Gas Spring Co.,Ltd","url":"https:\/\/www.gastac.com\/fr\/","logo":{"@type":"ImageObject","inLanguage":"fr-FR","@id":"https:\/\/www.gastac.com\/fr\/#\/schema\/logo\/image\/","url":"https:\/\/www.gastac.com\/wp-content\/uploads\/2025\/09\/LOGO\u672c\u8272-\u9ed1.webp","contentUrl":"https:\/\/www.gastac.com\/wp-content\/uploads\/2025\/09\/LOGO\u672c\u8272-\u9ed1.webp","width":1920,"height":1080,"caption":"Ningbo Gastac Gas Spring Co.,Ltd"},"image":{"@id":"https:\/\/www.gastac.com\/fr\/#\/schema\/logo\/image\/"},"sameAs":["https:\/\/www.facebook.com\/profile.php?id=100092358464608","https:\/\/www.youtube.com\/@Gastac-Gas-Spring","https:\/\/www.linkedin.com\/in\/gastac-gas-spring\/","https:\/\/www.instagram.com\/gastacgasspring\/"]}]}},"_links":{"self":[{"href":"https:\/\/www.gastac.com\/fr\/wp-json\/wp\/v2\/product\/17526","targetHints":{"allow":["GET"]}}],"collection":[{"href":"https:\/\/www.gastac.com\/fr\/wp-json\/wp\/v2\/product"}],"about":[{"href":"https:\/\/www.gastac.com\/fr\/wp-json\/wp\/v2\/types\/product"}],"replies":[{"embeddable":true,"href":"https:\/\/www.gastac.com\/fr\/wp-json\/wp\/v2\/comments?post=17526"}],"wp:featuredmedia":[{"embeddable":true,"href":"https:\/\/www.gastac.com\/fr\/wp-json\/wp\/v2\/media\/17531"}],"wp:attachment":[{"href":"https:\/\/www.gastac.com\/fr\/wp-json\/wp\/v2\/media?parent=17526"}],"wp:term":[{"taxonomy":"product_brand","embeddable":true,"href":"https:\/\/www.gastac.com\/fr\/wp-json\/wp\/v2\/product_brand?post=17526"},{"taxonomy":"product_cat","embeddable":true,"href":"https:\/\/www.gastac.com\/fr\/wp-json\/wp\/v2\/product_cat?post=17526"},{"taxonomy":"product_tag","embeddable":true,"href":"https:\/\/www.gastac.com\/fr\/wp-json\/wp\/v2\/product_tag?post=17526"}],"curies":[{"name":"wp","href":"https:\/\/api.w.org\/{rel}","templated":true}]}}