{"id":17434,"date":"2025-11-11T06:14:37","date_gmt":"2025-11-11T06:14:37","guid":{"rendered":"https:\/\/www.gastac.com\/?post_type=product&#038;p=17434"},"modified":"2025-11-11T06:15:49","modified_gmt":"2025-11-11T06:15:49","slug":"mini-actionneur-lineaire","status":"publish","type":"product","link":"https:\/\/www.gastac.com\/fr\/produit\/mini-actionneur-lineaire\/","title":{"rendered":"mini actionneur lin\u00e9aire"},"content":{"rendered":"<p><strong>mini actionneur lin\u00e9aire<\/strong><\/p>\n<p>Le mini actionneur lin\u00e9aire est petit, l\u00e9ger, peu bruyant et extr\u00eamement durable. Id\u00e9al pour les applications o\u00f9 l\u2019espace est restreint et o\u00f9 une pouss\u00e9e moindre est n\u00e9cessaire, le mini actionneur lin\u00e9aire est similaire \u00e0 l\u2019actionneur universel d\u2019origine avec ses joints \u00e9tanches, sa conception ultra-mince et l\u00e9g\u00e8re et ses engrenages enti\u00e8rement m\u00e9talliques.<\/p>\n<p>Le montage sur le corps du petit actionneur lin\u00e9aire est \u00e9galement une option, vous permettant de le monter sur un corps de moteur en plastique durable ou sur un arbre en aluminium, selon vos besoins. L\u2019avantage d\u2019utiliser les deux trous de serrage ronds de l\u2019actionneur est que le petit actionneur lin\u00e9aire peut tourner et osciller pendant le mouvement, ce qui est possible dans de nombreuses applications.<\/p>\n<p>Ces\u00a0mini v\u00e9rins \u00e9lectriques 12v ont une configuration simple \u00e0 deux fils, ce qui signifie que l\u2019actionneur peut \u00eatre d\u00e9plac\u00e9 en fournissant simplement 12 volts DC, en inversant la polarit\u00e9 pour changer sa direction.<\/p>\n<p>Caract\u00e9ristiques g\u00e9n\u00e9rales<\/p>\n<p>&nbsp;<\/p>\n<p>Applications : lits de soins, lits chirurgicaux, lits de traction<\/p>\n<p>Les lits de soins, les lits chirurgicaux, les lits de traction, les fauteuils de massage, les fauteuils dentaires, les fauteuils roulants \u00e9lectriques, les canap\u00e9s \u00e9lectriques, les pr\u00e9sentoirs \u00e9lectriques, les puits de lumi\u00e8re \u00e9lectriques, les meubles ergonomiques et autres occasions o\u00f9 des actionneurs \u00e0 mouvement lin\u00e9aire sont n\u00e9cessaires sont tr\u00e8s faciles \u00e0 installer et sont largement utilis\u00e9s dans les domaines des soins de sant\u00e9, de la lutte contre les incendies, de l\u2019ameublement domestique, des moteurs \u00e9lectriques, de l\u2019industrie chimique, des articles sanitaires et des loisirs.<\/p>\n","protected":false},"excerpt":{"rendered":"<p>mini actionneur lin\u00e9aire Le mini actionneur lin\u00e9aire est petit, l\u00e9ger, peu bruyant et extr\u00eamement durable. Id\u00e9al pour les applications o\u00f9  [&#8230;]<\/p>\n","protected":false},"featured_media":17439,"comment_status":"open","ping_status":"closed","template":"","meta":[],"product_brand":[],"product_cat":[108],"product_tag":[],"class_list":{"0":"post-17434","1":"product","2":"type-product","3":"status-publish","4":"has-post-thumbnail","6":"product_cat-non-categorise","8":"first","9":"instock","10":"shipping-taxable","11":"product-type-simple"},"yoast_head":"<!-- This site is optimized with the Yoast SEO Premium plugin v26.2 (Yoast SEO v27.5) - https:\/\/yoast.com\/product\/yoast-seo-premium-wordpress\/ -->\n<title>mini actionneur lin\u00e9aire | Gastac Gas Spring<\/title>\n<meta name=\"robots\" content=\"index, follow, max-snippet:-1, max-image-preview:large, max-video-preview:-1\" \/>\n<link rel=\"canonical\" href=\"https:\/\/www.gastac.com\/fr\/produit\/mini-actionneur-lineaire\/\" \/>\n<meta property=\"og:locale\" content=\"fr_FR\" \/>\n<meta property=\"og:type\" content=\"article\" \/>\n<meta property=\"og:title\" content=\"mini actionneur lin\u00e9aire\" \/>\n<meta property=\"og:description\" content=\"mini actionneur lin\u00e9aire Le mini actionneur lin\u00e9aire est petit, l\u00e9ger, peu bruyant et extr\u00eamement durable. Id\u00e9al pour les applications o\u00f9 [...]\" \/>\n<meta property=\"og:url\" content=\"https:\/\/www.gastac.com\/fr\/produit\/mini-actionneur-lineaire\/\" \/>\n<meta property=\"og:site_name\" content=\"Gastac Gas Spring\" \/>\n<meta property=\"article:publisher\" content=\"https:\/\/www.facebook.com\/profile.php?id=100092358464608\" \/>\n<meta property=\"article:modified_time\" content=\"2025-11-11T06:15:49+00:00\" \/>\n<meta property=\"og:image\" content=\"https:\/\/www.gastac.com\/wp-content\/uploads\/2025\/11\/Mini-Linear-Actuator-2-300x300-6.webp\" \/>\n\t<meta property=\"og:image:width\" content=\"600\" \/>\n\t<meta property=\"og:image:height\" content=\"600\" \/>\n\t<meta property=\"og:image:type\" content=\"image\/webp\" \/>\n<meta name=\"twitter:card\" content=\"summary_large_image\" \/>\n<meta name=\"twitter:label1\" content=\"Dur\u00e9e de lecture estim\u00e9e\" \/>\n\t<meta name=\"twitter:data1\" content=\"2 minutes\" \/>\n<script type=\"application\/ld+json\" class=\"yoast-schema-graph\">{\"@context\":\"https:\\\/\\\/schema.org\",\"@graph\":[{\"@type\":\"WebPage\",\"@id\":\"https:\\\/\\\/www.gastac.com\\\/fr\\\/produit\\\/mini-actionneur-lineaire\\\/\",\"url\":\"https:\\\/\\\/www.gastac.com\\\/fr\\\/produit\\\/mini-actionneur-lineaire\\\/\",\"name\":\"mini actionneur lin\u00e9aire | Gastac Gas Spring\",\"isPartOf\":{\"@id\":\"https:\\\/\\\/www.gastac.com\\\/fr\\\/#website\"},\"primaryImageOfPage\":{\"@id\":\"https:\\\/\\\/www.gastac.com\\\/fr\\\/produit\\\/mini-actionneur-lineaire\\\/#primaryimage\"},\"image\":{\"@id\":\"https:\\\/\\\/www.gastac.com\\\/fr\\\/produit\\\/mini-actionneur-lineaire\\\/#primaryimage\"},\"thumbnailUrl\":\"https:\\\/\\\/www.gastac.com\\\/wp-content\\\/uploads\\\/2025\\\/11\\\/Mini-Linear-Actuator-2-300x300-6.webp\",\"datePublished\":\"2025-11-11T06:14:37+00:00\",\"dateModified\":\"2025-11-11T06:15:49+00:00\",\"breadcrumb\":{\"@id\":\"https:\\\/\\\/www.gastac.com\\\/fr\\\/produit\\\/mini-actionneur-lineaire\\\/#breadcrumb\"},\"inLanguage\":\"fr-FR\",\"potentialAction\":[{\"@type\":\"ReadAction\",\"target\":[\"https:\\\/\\\/www.gastac.com\\\/fr\\\/produit\\\/mini-actionneur-lineaire\\\/\"]}]},{\"@type\":\"ImageObject\",\"inLanguage\":\"fr-FR\",\"@id\":\"https:\\\/\\\/www.gastac.com\\\/fr\\\/produit\\\/mini-actionneur-lineaire\\\/#primaryimage\",\"url\":\"https:\\\/\\\/www.gastac.com\\\/wp-content\\\/uploads\\\/2025\\\/11\\\/Mini-Linear-Actuator-2-300x300-6.webp\",\"contentUrl\":\"https:\\\/\\\/www.gastac.com\\\/wp-content\\\/uploads\\\/2025\\\/11\\\/Mini-Linear-Actuator-2-300x300-6.webp\",\"width\":600,\"height\":600,\"caption\":\"Mini Linear Actuator 2 300x300 6\"},{\"@type\":\"BreadcrumbList\",\"@id\":\"https:\\\/\\\/www.gastac.com\\\/fr\\\/produit\\\/mini-actionneur-lineaire\\\/#breadcrumb\",\"itemListElement\":[{\"@type\":\"ListItem\",\"position\":1,\"name\":\"Home\",\"item\":\"https:\\\/\\\/www.gastac.com\\\/fr\\\/\"},{\"@type\":\"ListItem\",\"position\":2,\"name\":\"products\",\"item\":\"https:\\\/\\\/www.gastac.com\\\/fr\\\/products\\\/\"},{\"@type\":\"ListItem\",\"position\":3,\"name\":\"Non cat\u00e9goris\u00e9\",\"item\":\"https:\\\/\\\/www.gastac.com\\\/fr\\\/product-category\\\/non-categorise\\\/\"},{\"@type\":\"ListItem\",\"position\":4,\"name\":\"mini actionneur lin\u00e9aire\"}]},{\"@type\":\"WebSite\",\"@id\":\"https:\\\/\\\/www.gastac.com\\\/fr\\\/#website\",\"url\":\"https:\\\/\\\/www.gastac.com\\\/fr\\\/\",\"name\":\"Gastac Gas Spring\",\"description\":\"China\u2019s Leading Gas Springs &amp; Struts Manufacturer\",\"publisher\":{\"@id\":\"https:\\\/\\\/www.gastac.com\\\/fr\\\/#organization\"},\"potentialAction\":[{\"@type\":\"SearchAction\",\"target\":{\"@type\":\"EntryPoint\",\"urlTemplate\":\"https:\\\/\\\/www.gastac.com\\\/fr\\\/?s={search_term_string}\"},\"query-input\":{\"@type\":\"PropertyValueSpecification\",\"valueRequired\":true,\"valueName\":\"search_term_string\"}}],\"inLanguage\":\"fr-FR\"},{\"@type\":\"Organization\",\"@id\":\"https:\\\/\\\/www.gastac.com\\\/fr\\\/#organization\",\"name\":\"Ningbo Gastac Gas Spring Co.,Ltd\",\"url\":\"https:\\\/\\\/www.gastac.com\\\/fr\\\/\",\"logo\":{\"@type\":\"ImageObject\",\"inLanguage\":\"fr-FR\",\"@id\":\"https:\\\/\\\/www.gastac.com\\\/fr\\\/#\\\/schema\\\/logo\\\/image\\\/\",\"url\":\"https:\\\/\\\/www.gastac.com\\\/wp-content\\\/uploads\\\/2025\\\/09\\\/LOGO\u672c\u8272-\u9ed1.webp\",\"contentUrl\":\"https:\\\/\\\/www.gastac.com\\\/wp-content\\\/uploads\\\/2025\\\/09\\\/LOGO\u672c\u8272-\u9ed1.webp\",\"width\":1920,\"height\":1080,\"caption\":\"Ningbo Gastac Gas Spring Co.,Ltd\"},\"image\":{\"@id\":\"https:\\\/\\\/www.gastac.com\\\/fr\\\/#\\\/schema\\\/logo\\\/image\\\/\"},\"sameAs\":[\"https:\\\/\\\/www.facebook.com\\\/profile.php?id=100092358464608\",\"https:\\\/\\\/www.youtube.com\\\/@Gastac-Gas-Spring\",\"https:\\\/\\\/www.linkedin.com\\\/in\\\/gastac-gas-spring\\\/\",\"https:\\\/\\\/www.instagram.com\\\/gastacgasspring\\\/\"]}]}<\/script>\n<!-- \/ Yoast SEO Premium plugin. -->","yoast_head_json":{"title":"mini actionneur lin\u00e9aire | Gastac Gas Spring","robots":{"index":"index","follow":"follow","max-snippet":"max-snippet:-1","max-image-preview":"max-image-preview:large","max-video-preview":"max-video-preview:-1"},"canonical":"https:\/\/www.gastac.com\/fr\/produit\/mini-actionneur-lineaire\/","og_locale":"fr_FR","og_type":"article","og_title":"mini actionneur lin\u00e9aire","og_description":"mini actionneur lin\u00e9aire Le mini actionneur lin\u00e9aire est petit, l\u00e9ger, peu bruyant et extr\u00eamement durable. Id\u00e9al pour les applications o\u00f9 [...]","og_url":"https:\/\/www.gastac.com\/fr\/produit\/mini-actionneur-lineaire\/","og_site_name":"Gastac Gas Spring","article_publisher":"https:\/\/www.facebook.com\/profile.php?id=100092358464608","article_modified_time":"2025-11-11T06:15:49+00:00","og_image":[{"width":600,"height":600,"url":"https:\/\/www.gastac.com\/wp-content\/uploads\/2025\/11\/Mini-Linear-Actuator-2-300x300-6.webp","type":"image\/webp"}],"twitter_card":"summary_large_image","twitter_misc":{"Dur\u00e9e de lecture estim\u00e9e":"2 minutes"},"schema":{"@context":"https:\/\/schema.org","@graph":[{"@type":"WebPage","@id":"https:\/\/www.gastac.com\/fr\/produit\/mini-actionneur-lineaire\/","url":"https:\/\/www.gastac.com\/fr\/produit\/mini-actionneur-lineaire\/","name":"mini actionneur lin\u00e9aire | Gastac Gas Spring","isPartOf":{"@id":"https:\/\/www.gastac.com\/fr\/#website"},"primaryImageOfPage":{"@id":"https:\/\/www.gastac.com\/fr\/produit\/mini-actionneur-lineaire\/#primaryimage"},"image":{"@id":"https:\/\/www.gastac.com\/fr\/produit\/mini-actionneur-lineaire\/#primaryimage"},"thumbnailUrl":"https:\/\/www.gastac.com\/wp-content\/uploads\/2025\/11\/Mini-Linear-Actuator-2-300x300-6.webp","datePublished":"2025-11-11T06:14:37+00:00","dateModified":"2025-11-11T06:15:49+00:00","breadcrumb":{"@id":"https:\/\/www.gastac.com\/fr\/produit\/mini-actionneur-lineaire\/#breadcrumb"},"inLanguage":"fr-FR","potentialAction":[{"@type":"ReadAction","target":["https:\/\/www.gastac.com\/fr\/produit\/mini-actionneur-lineaire\/"]}]},{"@type":"ImageObject","inLanguage":"fr-FR","@id":"https:\/\/www.gastac.com\/fr\/produit\/mini-actionneur-lineaire\/#primaryimage","url":"https:\/\/www.gastac.com\/wp-content\/uploads\/2025\/11\/Mini-Linear-Actuator-2-300x300-6.webp","contentUrl":"https:\/\/www.gastac.com\/wp-content\/uploads\/2025\/11\/Mini-Linear-Actuator-2-300x300-6.webp","width":600,"height":600,"caption":"Mini Linear Actuator 2 300x300 6"},{"@type":"BreadcrumbList","@id":"https:\/\/www.gastac.com\/fr\/produit\/mini-actionneur-lineaire\/#breadcrumb","itemListElement":[{"@type":"ListItem","position":1,"name":"Home","item":"https:\/\/www.gastac.com\/fr\/"},{"@type":"ListItem","position":2,"name":"products","item":"https:\/\/www.gastac.com\/fr\/products\/"},{"@type":"ListItem","position":3,"name":"Non cat\u00e9goris\u00e9","item":"https:\/\/www.gastac.com\/fr\/product-category\/non-categorise\/"},{"@type":"ListItem","position":4,"name":"mini actionneur lin\u00e9aire"}]},{"@type":"WebSite","@id":"https:\/\/www.gastac.com\/fr\/#website","url":"https:\/\/www.gastac.com\/fr\/","name":"Gastac Gas Spring","description":"China\u2019s Leading Gas Springs &amp; Struts Manufacturer","publisher":{"@id":"https:\/\/www.gastac.com\/fr\/#organization"},"potentialAction":[{"@type":"SearchAction","target":{"@type":"EntryPoint","urlTemplate":"https:\/\/www.gastac.com\/fr\/?s={search_term_string}"},"query-input":{"@type":"PropertyValueSpecification","valueRequired":true,"valueName":"search_term_string"}}],"inLanguage":"fr-FR"},{"@type":"Organization","@id":"https:\/\/www.gastac.com\/fr\/#organization","name":"Ningbo Gastac Gas Spring Co.,Ltd","url":"https:\/\/www.gastac.com\/fr\/","logo":{"@type":"ImageObject","inLanguage":"fr-FR","@id":"https:\/\/www.gastac.com\/fr\/#\/schema\/logo\/image\/","url":"https:\/\/www.gastac.com\/wp-content\/uploads\/2025\/09\/LOGO\u672c\u8272-\u9ed1.webp","contentUrl":"https:\/\/www.gastac.com\/wp-content\/uploads\/2025\/09\/LOGO\u672c\u8272-\u9ed1.webp","width":1920,"height":1080,"caption":"Ningbo Gastac Gas Spring Co.,Ltd"},"image":{"@id":"https:\/\/www.gastac.com\/fr\/#\/schema\/logo\/image\/"},"sameAs":["https:\/\/www.facebook.com\/profile.php?id=100092358464608","https:\/\/www.youtube.com\/@Gastac-Gas-Spring","https:\/\/www.linkedin.com\/in\/gastac-gas-spring\/","https:\/\/www.instagram.com\/gastacgasspring\/"]}]}},"_links":{"self":[{"href":"https:\/\/www.gastac.com\/fr\/wp-json\/wp\/v2\/product\/17434","targetHints":{"allow":["GET"]}}],"collection":[{"href":"https:\/\/www.gastac.com\/fr\/wp-json\/wp\/v2\/product"}],"about":[{"href":"https:\/\/www.gastac.com\/fr\/wp-json\/wp\/v2\/types\/product"}],"replies":[{"embeddable":true,"href":"https:\/\/www.gastac.com\/fr\/wp-json\/wp\/v2\/comments?post=17434"}],"wp:featuredmedia":[{"embeddable":true,"href":"https:\/\/www.gastac.com\/fr\/wp-json\/wp\/v2\/media\/17439"}],"wp:attachment":[{"href":"https:\/\/www.gastac.com\/fr\/wp-json\/wp\/v2\/media?parent=17434"}],"wp:term":[{"taxonomy":"product_brand","embeddable":true,"href":"https:\/\/www.gastac.com\/fr\/wp-json\/wp\/v2\/product_brand?post=17434"},{"taxonomy":"product_cat","embeddable":true,"href":"https:\/\/www.gastac.com\/fr\/wp-json\/wp\/v2\/product_cat?post=17434"},{"taxonomy":"product_tag","embeddable":true,"href":"https:\/\/www.gastac.com\/fr\/wp-json\/wp\/v2\/product_tag?post=17434"}],"curies":[{"name":"wp","href":"https:\/\/api.w.org\/{rel}","templated":true}]}}